 {"id":607,"date":"2020-07-10T15:04:02","date_gmt":"2020-07-10T20:04:02","guid":{"rendered":"https:\/\/www.feyalegria.org\/honduras\/?page_id=607"},"modified":"2021-03-08T23:38:51","modified_gmt":"2021-03-09T04:38:51","slug":"donar","status":"publish","type":"page","link":"https:\/\/www.feyalegria.org\/honduras\/donar\/","title":{"rendered":"Donar"},"content":{"rendered":"<div class=\"wpb-content-wrapper\"><p>[vc_row][vc_column]<div style=\"background-color:;height: 50px\" class=\"nicdark_section  \"><\/div>[vc_column_text]<\/p>\n<h1 style=\"text-align: left\">Donar a Fe y Alegr\u00eda en Honduras<\/h1>\n<p>[\/vc_column_text]<div style=\"background-color:;height: 20px\" class=\"nicdark_section  \"><\/div>[\/vc_column][\/vc_row][vc_row][vc_column width=\u00bb1\/3&#8243;][vc_column_text]<\/p>\n<h3 style=\"text-align: left\">#SomosFeyAlegria<\/h3>\n<h3 style=\"text-align: left\">Educaci\u00f3n que transforma vidas para cambiar el\u00a0 mundo.<\/h3>\n<p>&nbsp;<\/p>\n<p>Contamos con tu aporte para:<\/p>\n<ul>\n<li>Desarrollar proyectos educativos para atender a los ni\u00f1os, ni\u00f1as, j\u00f3venes y adultos con quienes trabajamos.<\/li>\n<li>Fortalecer las capacidades de los equipos de trabajo y su incidencia en el proceso educativo.<\/li>\n<li>Llegar donde termina el asfalto, abriendo oportunidades en las nuevas fronteras.<\/li>\n<\/ul>\n<p>[\/vc_column_text][\/vc_column][vc_column width=\u00bb1\/3&#8243;][vc_images_carousel images=\u00bb2984,2985,2986,2987,2988,2989,2990,2991&#8243; img_size=\u00bbfull\u00bb onclick=\u00bblink_no\u00bb autoplay=\u00bbyes\u00bb hide_pagination_control=\u00bbyes\u00bb hide_prev_next_buttons=\u00bbyes\u00bb wrap=\u00bbyes\u00bb css_animation=\u00bbfadeIn\u00bb][\/vc_column][vc_column width=\u00bb1\/3&#8243;][vc_cta h2=\u00bbN\u00famero de Cuenta en Lempiras\u00bb h2_font_container=\u00bbfont_size:24&#8243; h2_google_fonts=\u00bbfont_family:Montserrat%3Aregular%2C700|font_style:700%20bold%20regular%3A700%3Anormal\u00bb h4=\u00bbNro. 40109910&#8243; use_custom_fonts_h2=\u00bbtrue\u00bb]A nombre de: <strong>Fundaci\u00f3n Fe y Alegr\u00eda. Hurac\u00e1n ETA<\/strong><\/p>\n<p>&nbsp;<\/p>\n<h5>Banco beneficiario:<\/h5>\n<p><span style=\"font-weight: 400\">BANCO FICENSA\u00a0<\/span><\/p>\n<p><span style=\"font-weight: 400\">BLVD. MORAZAN<\/span><\/p>\n<p><span style=\"font-weight: 400\">EDIFICIO BANCO FICENSA<\/span><\/p>\n<p><span style=\"font-weight: 400\">TEGUCIGALPA<\/span><\/p>\n<p>Por favor enviar copia del dep\u00f3sito bancario al correo electr\u00f3nico:<span style=\"color: #000080\"><em> <a style=\"color: #000080\" href=\"mailto:a.abreu@feyalegria.org.hn\"><strong>a.abreu@feyalegria.org.hn<\/strong><\/a>\u00a0<\/em><\/span><\/p>\n<h5><strong>\u00a1Gracias por sumar tu aporte a la educaci\u00f3n!<\/strong><\/h5>\n<p>[\/vc_cta][\/vc_column][\/vc_row][vc_row][vc_column][vc_cta h2=\u00bbTransferencias internacionales\u00bb h2_font_container=\u00bbfont_size:24&#8243; h2_google_fonts=\u00bbfont_family:Montserrat%3Aregular%2C700|font_style:700%20bold%20regular%3A700%3Anormal\u00bb h4=\u00bbCuenta de Ahorros en D\u00f3lares Nro. 40075640&#8243; txt_align=\u00bbcenter\u00bb use_custom_fonts_h2=\u00bbtrue\u00bb css=\u00bb.vc_custom_1614354362585{margin-top: -30px !important;}\u00bb]<span style=\"font-weight: 400\">A nombre de\u00a0<\/span><strong>Fundaci\u00f3n Fe y Alegr\u00eda.\u00a0Hurac\u00e1n ETA.<\/strong>[\/vc_cta][\/vc_column][\/vc_row][vc_row][vc_column width=\u00bb1\/2&#8243; css=\u00bb.vc_custom_1614354866001{margin-right: 60px !important;}\u00bb][vc_cta h2=\u00bbBanco beneficiario\u00bb h2_font_container=\u00bbfont_size:24&#8243; h2_google_fonts=\u00bbfont_family:Montserrat%3Aregular%2C700|font_style:700%20bold%20regular%3A700%3Anormal\u00bb txt_align=\u00bbcenter\u00bb use_custom_fonts_h2=\u00bbtrue\u00bb css=\u00bb.vc_custom_1614354813898{margin-top: -30px !important;}\u00bb]<\/p>\n<p style=\"text-align: center\"><strong>BANCO FICENSA\u00a0<\/strong><\/p>\n<p style=\"text-align: center\"><span style=\"color: #800000\"><strong>CUENTA No. 36024194<\/strong><\/span><\/p>\n<p style=\"text-align: center\"><span style=\"font-weight: 400\">SWIFT: CABFHNTE &#8211; <\/span><span style=\"font-weight: 400\">BLVD. MORAZAN<\/span><\/p>\n<p style=\"text-align: center\"><span style=\"font-weight: 400\">EDIFICIO BANCO FICENSA, <\/span><span style=\"font-weight: 400\">TEGUCIGALPA<\/span><\/p>\n<p>[\/vc_cta][\/vc_column][vc_column width=\u00bb1\/2&#8243;][vc_cta h2=\u00bbBanco intermediario\u00bb h2_font_container=\u00bbfont_size:24&#8243; h2_google_fonts=\u00bbfont_family:Montserrat%3Aregular%2C700|font_style:700%20bold%20regular%3A700%3Anormal\u00bb txt_align=\u00bbcenter\u00bb use_custom_fonts_h2=\u00bbtrue\u00bb css=\u00bb.vc_custom_1614381490649{margin-top: -30px !important;margin-left: -30px !important;}\u00bb]<\/p>\n<p style=\"text-align: center\"><strong>CITIBANK, NA<\/strong><\/p>\n<p style=\"text-align: center\"><span style=\"font-weight: 400\">NEW YORK. N . Y. 10043<\/span><\/p>\n<p style=\"text-align: center\"><span style=\"font-weight: 400\">ABA NR. 021000089<\/span><\/p>\n<p style=\"text-align: center\"><span style=\"font-weight: 400\">SWIFT: CITIUS33<\/span><\/p>\n<p>[\/vc_cta][\/vc_column][\/vc_row]<\/p>\n<\/div>","protected":false},"excerpt":{"rendered":"<p>[vc_row][vc_column][vc_column_text] Donar a Fe y Alegr\u00eda en Honduras [\/vc_column_text][\/vc_column][\/vc_row][vc_row][vc_column width=\u00bb1\/3&#8243;][vc_column_text] #SomosFeyAlegria Educaci\u00f3n que transforma vidas para cambiar el\u00a0 mundo. &nbsp; Contamos con tu aporte para: Desarrollar proyectos educativos para atender a los ni\u00f1os, ni\u00f1as, j\u00f3venes y adultos con quienes trabajamos. Fortalecer las capacidades de los equipos de trabajo y su incidencia en el proceso educativo.<\/p>\n","protected":false},"author":11,"featured_media":0,"parent":0,"menu_order":0,"comment_status":"closed","ping_status":"closed","template":"","meta":{"_acf_changed":false,"footnotes":""},"folder":[],"class_list":["post-607","page","type-page","status-publish","hentry"],"acf":[],"yoast_head":"<!-- This site is optimized with the Yoast SEO plugin v27.2 - https:\/\/yoast.com\/product\/yoast-seo-wordpress\/ -->\n<title>Donar - #SomosFeyAlegr\u00eda en Honduras<\/title>\n<meta name=\"robots\" content=\"index, follow, max-snippet:-1, max-image-preview:large, max-video-preview:-1\" \/>\n<link rel=\"canonical\" href=\"https:\/\/www.feyalegria.org\/honduras\/donar\/\" \/>\n<meta property=\"og:locale\" content=\"es_ES\" \/>\n<meta property=\"og:type\" content=\"article\" \/>\n<meta property=\"og:title\" content=\"Donar - #SomosFeyAlegr\u00eda en Honduras\" \/>\n<meta property=\"og:description\" content=\"[vc_row][vc_column][vc_column_text] Donar a Fe y Alegr\u00eda en Honduras [\/vc_column_text][\/vc_column][\/vc_row][vc_row][vc_column width=\u00bb1\/3&#8243;][vc_column_text] #SomosFeyAlegria Educaci\u00f3n que transforma vidas para cambiar el\u00a0 mundo. &nbsp; Contamos con tu aporte para: Desarrollar proyectos educativos para atender a los ni\u00f1os, ni\u00f1as, j\u00f3venes y adultos con quienes trabajamos. Fortalecer las capacidades de los equipos de trabajo y su incidencia en el proceso educativo.\" \/>\n<meta property=\"og:url\" content=\"https:\/\/www.feyalegria.org\/honduras\/donar\/\" \/>\n<meta property=\"og:site_name\" content=\"#SomosFeyAlegr\u00eda en Honduras\" \/>\n<meta property=\"article:modified_time\" content=\"2021-03-09T04:38:51+00:00\" \/>\n<meta name=\"twitter:card\" content=\"summary_large_image\" \/>\n<meta name=\"twitter:label1\" content=\"Tiempo de lectura\" \/>\n\t<meta name=\"twitter:data1\" content=\"2 minutos\" \/>\n<script type=\"application\/ld+json\" class=\"yoast-schema-graph\">{\"@context\":\"https:\/\/schema.org\",\"@graph\":[{\"@type\":\"WebPage\",\"@id\":\"https:\/\/www.feyalegria.org\/honduras\/donar\/\",\"url\":\"https:\/\/www.feyalegria.org\/honduras\/donar\/\",\"name\":\"Donar - #SomosFeyAlegr\u00eda en Honduras\",\"isPartOf\":{\"@id\":\"https:\/\/www.feyalegria.org\/honduras\/#website\"},\"datePublished\":\"2020-07-10T20:04:02+00:00\",\"dateModified\":\"2021-03-09T04:38:51+00:00\",\"breadcrumb\":{\"@id\":\"https:\/\/www.feyalegria.org\/honduras\/donar\/#breadcrumb\"},\"inLanguage\":\"es\",\"potentialAction\":[{\"@type\":\"ReadAction\",\"target\":[\"https:\/\/www.feyalegria.org\/honduras\/donar\/\"]}]},{\"@type\":\"BreadcrumbList\",\"@id\":\"https:\/\/www.feyalegria.org\/honduras\/donar\/#breadcrumb\",\"itemListElement\":[{\"@type\":\"ListItem\",\"position\":1,\"name\":\"Home\",\"item\":\"https:\/\/www.feyalegria.org\/honduras\/\"},{\"@type\":\"ListItem\",\"position\":2,\"name\":\"Donar\"}]},{\"@type\":\"WebSite\",\"@id\":\"https:\/\/www.feyalegria.org\/honduras\/#website\",\"url\":\"https:\/\/www.feyalegria.org\/honduras\/\",\"name\":\"#SomosFeyAlegr\u00eda en Honduras\",\"description\":\"Movimiento de Educaci\u00f3n Popular y Promoci\u00f3n Social\",\"potentialAction\":[{\"@type\":\"SearchAction\",\"target\":{\"@type\":\"EntryPoint\",\"urlTemplate\":\"https:\/\/www.feyalegria.org\/honduras\/?s={search_term_string}\"},\"query-input\":{\"@type\":\"PropertyValueSpecification\",\"valueRequired\":true,\"valueName\":\"search_term_string\"}}],\"inLanguage\":\"es\"}]}<\/script>\n<!-- \/ Yoast SEO plugin. -->","yoast_head_json":{"title":"Donar - #SomosFeyAlegr\u00eda en Honduras","robots":{"index":"index","follow":"follow","max-snippet":"max-snippet:-1","max-image-preview":"max-image-preview:large","max-video-preview":"max-video-preview:-1"},"canonical":"https:\/\/www.feyalegria.org\/honduras\/donar\/","og_locale":"es_ES","og_type":"article","og_title":"Donar - #SomosFeyAlegr\u00eda en Honduras","og_description":"[vc_row][vc_column][vc_column_text] Donar a Fe y Alegr\u00eda en Honduras [\/vc_column_text][\/vc_column][\/vc_row][vc_row][vc_column width=\u00bb1\/3&#8243;][vc_column_text] #SomosFeyAlegria Educaci\u00f3n que transforma vidas para cambiar el\u00a0 mundo. &nbsp; Contamos con tu aporte para: Desarrollar proyectos educativos para atender a los ni\u00f1os, ni\u00f1as, j\u00f3venes y adultos con quienes trabajamos. Fortalecer las capacidades de los equipos de trabajo y su incidencia en el proceso educativo.","og_url":"https:\/\/www.feyalegria.org\/honduras\/donar\/","og_site_name":"#SomosFeyAlegr\u00eda en Honduras","article_modified_time":"2021-03-09T04:38:51+00:00","twitter_card":"summary_large_image","twitter_misc":{"Tiempo de lectura":"2 minutos"},"schema":{"@context":"https:\/\/schema.org","@graph":[{"@type":"WebPage","@id":"https:\/\/www.feyalegria.org\/honduras\/donar\/","url":"https:\/\/www.feyalegria.org\/honduras\/donar\/","name":"Donar - #SomosFeyAlegr\u00eda en Honduras","isPartOf":{"@id":"https:\/\/www.feyalegria.org\/honduras\/#website"},"datePublished":"2020-07-10T20:04:02+00:00","dateModified":"2021-03-09T04:38:51+00:00","breadcrumb":{"@id":"https:\/\/www.feyalegria.org\/honduras\/donar\/#breadcrumb"},"inLanguage":"es","potentialAction":[{"@type":"ReadAction","target":["https:\/\/www.feyalegria.org\/honduras\/donar\/"]}]},{"@type":"BreadcrumbList","@id":"https:\/\/www.feyalegria.org\/honduras\/donar\/#breadcrumb","itemListElement":[{"@type":"ListItem","position":1,"name":"Home","item":"https:\/\/www.feyalegria.org\/honduras\/"},{"@type":"ListItem","position":2,"name":"Donar"}]},{"@type":"WebSite","@id":"https:\/\/www.feyalegria.org\/honduras\/#website","url":"https:\/\/www.feyalegria.org\/honduras\/","name":"#SomosFeyAlegr\u00eda en Honduras","description":"Movimiento de Educaci\u00f3n Popular y Promoci\u00f3n Social","potentialAction":[{"@type":"SearchAction","target":{"@type":"EntryPoint","urlTemplate":"https:\/\/www.feyalegria.org\/honduras\/?s={search_term_string}"},"query-input":{"@type":"PropertyValueSpecification","valueRequired":true,"valueName":"search_term_string"}}],"inLanguage":"es"}]}},"_links":{"self":[{"href":"https:\/\/www.feyalegria.org\/honduras\/wp-json\/wp\/v2\/pages\/607","targetHints":{"allow":["GET"]}}],"collection":[{"href":"https:\/\/www.feyalegria.org\/honduras\/wp-json\/wp\/v2\/pages"}],"about":[{"href":"https:\/\/www.feyalegria.org\/honduras\/wp-json\/wp\/v2\/types\/page"}],"author":[{"embeddable":true,"href":"https:\/\/www.feyalegria.org\/honduras\/wp-json\/wp\/v2\/users\/11"}],"replies":[{"embeddable":true,"href":"https:\/\/www.feyalegria.org\/honduras\/wp-json\/wp\/v2\/comments?post=607"}],"version-history":[{"count":0,"href":"https:\/\/www.feyalegria.org\/honduras\/wp-json\/wp\/v2\/pages\/607\/revisions"}],"wp:attachment":[{"href":"https:\/\/www.feyalegria.org\/honduras\/wp-json\/wp\/v2\/media?parent=607"}],"wp:term":[{"taxonomy":"folder","embeddable":true,"href":"https:\/\/www.feyalegria.org\/honduras\/wp-json\/wp\/v2\/folder?post=607"}],"curies":[{"name":"wp","href":"https:\/\/api.w.org\/{rel}","templated":true}]}}