 {"id":3,"date":"2019-10-01T03:11:15","date_gmt":"2019-10-01T03:11:15","guid":{"rendered":"https:\/\/www.feyalegria.org\/?page_id=3"},"modified":"2021-01-08T02:02:31","modified_gmt":"2021-01-08T07:02:31","slug":"politica-privacidad","status":"publish","type":"page","link":"https:\/\/www.feyalegria.org\/italia\/politica-privacidad\/","title":{"rendered":"Pol\u00edtica de privacidad"},"content":{"rendered":"<div class=\"wpb-content-wrapper\"><p>[vc_row][vc_column][vc_column_text]<\/p>\n<div style=\"text-align:justify\">\n<p>Esta Pol\u00edtica de Privacidad es parte integrante de las condiciones generales. El acceso y la navegaci\u00f3n en el sitio, o el uso de los servicios del mismo, implican la aceptaci\u00f3n de las condiciones generales (y por tanto de la pol\u00edtica de Privacidad y pol\u00edtica de Cookies). Por favor, l\u00e9alas atentamente.<\/p>\n<p>En esta Pol\u00edtica de Privacidad informamos sobre:<br \/>&#8211; \u00bfQui\u00e9n es el responsable del tratamiento de sus datos?<br \/>&#8211; \u00bfCu\u00e1l es la legitimaci\u00f3n para el tratamiento de sus datos?<br \/>&#8211; \u00bfQui\u00e9n puede facilitarnos datos?<br \/>&#8211; \u00bfQu\u00e9 datos recopilamos?<br \/>&#8211; \u00bfC\u00f3mo se usa la informaci\u00f3n?<br \/>&#8211; Comunicaciones a trav\u00e9s de correo electr\u00f3nico<br \/>&#8211; \u00bfC\u00f3mo y d\u00f3nde se comparte la informaci\u00f3n?<br \/>&#8211; \u00bfDurante cu\u00e1nto tiempo vamos a mantener los datos personales?<br \/>&#8211; Seguridad de sus datos<br \/>&#8211; \u00bfQu\u00e9 Derechos tiene?<br \/>&#8211; Responsable de Privacidad<br \/>&#8211; Cambios en la Pol\u00edtica de Privacidad<\/p>\n<h4>\u00bfQui\u00e9n es el responsable del tratamiento de sus datos?<\/h4>\n<h3>FE Y ALEGRIA ITALIA<\/h3>\n<p>Piazza San Fedele 4<\/p>\n<p>Milano (Italia)<\/p>\n<p>Contacto: Contacto para modificaci\u00f3n de datos: comunicazione@feyalegria.it<br \/>Contacto DPO: comunicazione@feyalegria.it<\/p>\n<h4>\u00bfCu\u00e1l es la legitimaci\u00f3n para el tratamiento de sus datos?<\/h4>\n<p>La base jur\u00eddica que legitima el tratamiento de sus datos es la obtenci\u00f3n de su consentimiento mediante la aceptaci\u00f3n de la presente pol\u00edtica de privacidad.<\/p>\n<h4>\u00bfQui\u00e9n puede facilitarnos datos?<\/h4>\n<p>Al acceder a nuestra p\u00e1gina, manifiesta que todos los datos que nos facilite, bien sean obligatorios para prestar el servicio o informaci\u00f3n, o bien datos voluntarios cuando se desea colaborar con nosotros, realizar alg\u00fan comentario en nuestros blogs o participar en nuestras peticiones, son veraces y correctos; es decir, responden a su situaci\u00f3n real. Proporcionar estos datos supone que han sido suministrados voluntariamente y con consentimiento para que puedan ser tratados tanto inform\u00e1tica como de manera no automatizada y para finalidades determinadas y leg\u00edtimas que Fe y Alegr\u00eda Italia describe a continuaci\u00f3n, no siendo utilizados para fines incompatibles, ni cedidos a terceros sin su consentimiento.<\/p>\n<h4>\u00bfQu\u00e9 datos recopilamos?<\/h4>\n<p>Al enviar una consulta de informaci\u00f3n, apuntarse a nuestra newsletters, participar en nuestras acciones, facilitar su apoyo a nuestras campa\u00f1as, ponerse en contacto con nosotros a trav\u00e9s de correo electr\u00f3nico, realizar comentarios en nuestros blogs o bien colaborar con nosotros (como socio y\/o como donante), podemos solicitarle que nos facilite una serie de datos e informaciones personales tal como su nombre, apellidos, direcci\u00f3n, email, tel\u00e9fono de contacto, etc. Para ser socio o donante de Fe y Alegr\u00eda Italia, solicitaremos otras categor\u00edas de datos.<\/p>\n<p>Los datos que solicitamos, y que son objeto de tratamiento ser\u00e1n siempre adecuados, pertinentes y no excesivos a su solicitud de informaci\u00f3n, colaboraci\u00f3n y\/o participaci\u00f3n dentro de Fe y Alegr\u00eda Italia.<\/p>\n<h4>\u00bfC\u00f3mo se usa la informaci\u00f3n?<\/h4>\n<p>Fe y Alegr\u00eda Italia usar\u00e1 la informaci\u00f3n que nos proporciona para las finalidades requeridas en cada uno de los formularios de recogida de datos:<\/p>\n<p>a) Respuesta a solicitudes de Informaci\u00f3n del usuario. En el caso que nos remita una solicitud de informaci\u00f3n, trataremos sus datos con la finalidad de recibir, gestionar, tramitar y dar respuesta a las consultas y solicitudes de informaci\u00f3n que nos env\u00ede a trav\u00e9s de los medios de contacto web o remitidas a nuestras sedes y delegaciones.<\/p>\n<p>b) Suscripci\u00f3n a Bolet\u00edn de noticias o Newsletters. Trataremos sus datos de identificaci\u00f3n y correo electr\u00f3nico para enviarle nuestras noticias y newsletters. Podr\u00e1 darse de baja en cualquier momento.<br \/>c) Colaborar o participar en las acciones de petici\u00f3n organizadas por Fe y Alegr\u00eda Italia. Los datos facilitados se tratar\u00e1n para remitirle informaci\u00f3n a trav\u00e9s de correo electr\u00f3nico, correo<br \/>postal y\/o llamada telef\u00f3nica de nuestras acciones o de acciones organizadas conjuntamente con terceros por parte de Fe y Alegr\u00eda Italia. Si las peticiones se presentan ante un<br \/>Organismo nacional o supranacional, podr\u00e1n cederse los datos facilitados a la misma para la comprobaci\u00f3n y verificaci\u00f3n de las peticiones presentadas.<br \/>d) Participar e incorporar comentarios en nuestros blogs. Para participar en nuestros blogs y<br \/>que su comentario pueda publicarse, trataremos los datos de usuario y correo electr\u00f3nico con la finalidad de identificar y gestionar la publicaci\u00f3n del mismo en nuestra web.<br \/>e) Colaborar activamente mediante una donaci\u00f3n o hacerse socio de Fe y Alegr\u00eda Italia. En<br \/>el caso que acceda a nuestro formulario en la secci\u00f3n \u201ccolabora\u201d y cumplimente sus datos, La informaci\u00f3n facilitada se tratar\u00e1 con la finalidad de la gesti\u00f3n econ\u00f3mica, contable, fiscal,<br \/>administrativa de asociados y donantes de Fe y Alegr\u00eda Italia.<br \/>f) Otras actividades organizadas por Fe y Alegr\u00eda Italia. Se podr\u00e1 colaborar y participar en acciones organizadas y\/o promovidas por la Fundaci\u00f3n, facilitando los datos que sean solicitados en los formularios correspondientes y para las finalidades expresamente indicadas en los mismos.<\/p>\n<h4>Comunicaciones a trav\u00e9s de correo electr\u00f3nico<\/h4>\n<p>Al enviarnos una consulta o solicitud de informaci\u00f3n a trav\u00e9s del correo electr\u00f3nico de contacto, nos est\u00e1 proporcionando el consentimiento, consciente y expreso para el tratamiento de los datos facilitados a Fe y Alegr\u00eda Italia. En nuestros correos electr\u00f3nicos encontrar\u00e1 informaci\u00f3n para revocar el consentimiento o darse de baja de cualquier comunicaci\u00f3n de Fe y Alegr\u00eda Italia.<\/p>\n<h4>\u00bfC\u00f3mo y d\u00f3nde se comparte la informaci\u00f3n?<\/h4>\n<p>Fe y Alegr\u00eda Italia informa, de manera expresa, que en los supuestos en los que colabore o participe en determinadas acciones (Carrera solidaria, Concierto solidario, Peticiones a Naciones Unidas, Socios y Donaciones, etc.), procederemos a ceder sus datos a los organismos y administraciones, bancos y otras entidades colaboradoras de acuerdo con la normativa legal vigente y, para la gesti\u00f3n corporativa de la informaci\u00f3n.<\/p>\n<h4>\u00bfDurante cu\u00e1nto tiempo vamos a mantener los datos personales?<\/h4>\n<p>Los datos personales ser\u00e1n mantenidos mientras siga vinculado con nosotros.<\/p>\n<p>Una vez se desvincule, los datos personales tratados en cada finalidad se mantendr\u00e1n durante los plazos legalmente previstos, incluido el plazo en el que un juez o tribunal los pueda requerir atendiendo al plazo de prescripci\u00f3n de acciones judiciales.<\/p>\n<h4>Seguridad de los datos proporcionados<\/h4>\n<p>Fe y Alegr\u00eda Italia da gran importancia a la seguridad de toda la informaci\u00f3n y a los datos de car\u00e1cter personal que tratamos. Desafortunadamente, la transmisi\u00f3n de informaci\u00f3n a trav\u00e9s de Internet no es completamente segura; por ello, hacemos esfuerzos y destinamos recursos a mejorar cada d\u00eda nuestra p\u00e1gina y que las funcionalidades que se ponen a su disposici\u00f3n sean m\u00e1s seguras (La funcionalidad https se ha implementado en los formularios de socios y donaciones, con la finalidad de proteger los datos econ\u00f3mico-financieros con herramientas de cifrado SSL).<\/p>\n<p>Una vez que hayamos recibido su informaci\u00f3n, se implementan medidas de seguridad para garantizar el acceso, confidencialidad, integridad y evitar cualquier p\u00e9rdida, mal uso y\/o alteraci\u00f3n de los datos que est\u00e1n bajo nuestro control. Nuestras pol\u00edticas de seguridad y privacidad son revisadas peri\u00f3dicamente y mejoradas seg\u00fan sea necesario y s\u00f3lo el personal autorizado tiene acceso a la informaci\u00f3n del usuario.<\/p>\n<h4>\u00bfQu\u00e9 Derechos tiene?<\/h4>\n<p>&#8211; A saber si estamos tratando sus datos o no.<br \/>&#8211; A acceder a sus datos personales.<br \/>&#8211; A solicitar la rectificaci\u00f3n de sus datos si son inexactos.<br \/>&#8211; A solicitar la supresi\u00f3n de sus datos si ya no son necesarios para los fines para los que fueron recogidos o si nos retira el consentimiento otorgado.<br \/>&#8211; A solicitar la limitaci\u00f3n del tratamiento de sus datos, en algunos supuestos, en cuyo caso s\u00f3lo los conservaremos de acuerdo con la normativa vigente.<br \/>&#8211; A remitirle los datos que sobre usted se guardan en Fe y Alegr\u00eda Italia y que le ser\u00e1n facilitados en un formato estructurado, de uso com\u00fan o lectura mec\u00e1nica. Si lo prefiere, se los podemos enviar al nuevo responsable que nos designe. (S\u00f3lo es v\u00e1lido en determinados supuestos)&#8230;<br \/>&#8211; A presentar una reclamaci\u00f3n ante la autoridad de control competente, si cree que no le hemos<br \/>atendido correctamente.<br \/>&#8211; A revocar el consentimiento para cualquier tratamiento para el que haya consentido, en cualquier momento.<\/p>\n<p>Si modifica alg\u00fan dato, le agradecemos que nos lo comunique para mantenerlos actualizados. Esta web puede contener enlaces hacia y desde otras p\u00e1ginas web, bien de nuestros patrocinadores, socios, empresas asociadas \u00f3 empresas colaboradoras, entre otros. Si accede a estas p\u00e1ginas, se debe tener en cuenta que en las mismas pueden volver a solicitar datos o informaciones personales. Por ello, rogamos que cuando se visiten esas p\u00e1ginas, se revise tambi\u00e9n su pol\u00edtica de privacidad.<\/p>\n<h4>Responsable de Privacidad<\/h4>\n<p>En cualquier momento se pueden solicitar, de manera totalmente gratuita, bien por carta o a trav\u00e9s de correo electr\u00f3nico, el ejercicio de sus derechos, debiendo incorporar a su solicitud fotocopia de su DNI\/NIE\/Pasaporte, puesto que se trata de un derecho personal\u00edsimo.<\/p>\n<p>Las solicitudes deber\u00e1n remitirse al responsable de privacidad en la siguiente direcci\u00f3n:<br \/>Fe y Alegr\u00eda Italia<br \/>Att. Responsable Privacidad<br \/>Via Leone XIII, 12<br \/>20145 Mil\u00e1n (Italia)<br \/>Email: comunicazione@feyalegria.it<\/p>\n<p>Adem\u00e1s, si tiene alguna cuesti\u00f3n adicional relacionada con Protecci\u00f3n de datos, puede dirigirse a nuestro Delegado de Protecci\u00f3n de datos en comunicazione@feyalegria.it<br \/>Cambios en la Pol\u00edtica de Privacidad<\/p>\n<p>Fe y Alegr\u00eda Italia puede modificar o adaptar su Pol\u00edtica de Privacidad y Tratamiento de datos de Car\u00e1cter Personal. Recomendamos que se visite cada vez que navegue por el sitio con el fin de estar siempre informado con car\u00e1cter previo a cualquier dato que nos pueda facilitar.<\/p><\/div>\n<p>[\/vc_column_text][\/vc_column][\/vc_row]<\/p>\n<\/div>","protected":false},"excerpt":{"rendered":"<p>[vc_row][vc_column][vc_column_text] Esta Pol\u00edtica de Privacidad es parte integrante de las condiciones generales. El acceso y la navegaci\u00f3n en el sitio, o el uso de los servicios del mismo, implican la aceptaci\u00f3n de las condiciones generales (y por tanto de la pol\u00edtica de Privacidad y pol\u00edtica de Cookies). Por favor, l\u00e9alas atentamente. En esta Pol\u00edtica de<\/p>\n","protected":false},"author":2,"featured_media":0,"parent":0,"menu_order":0,"comment_status":"closed","ping_status":"closed","template":"","meta":{"_acf_changed":false,"footnotes":""},"folder":[],"class_list":["post-3","page","type-page","status-publish","hentry"],"acf":[],"yoast_head":"<!-- This site is optimized with the Yoast SEO plugin v27.2 - https:\/\/yoast.com\/product\/yoast-seo-wordpress\/ -->\n<title>Pol\u00edtica de privacidad - #SomosFeyAlegria en Italia<\/title>\n<meta name=\"robots\" content=\"index, follow, max-snippet:-1, max-image-preview:large, max-video-preview:-1\" \/>\n<link rel=\"canonical\" href=\"https:\/\/www.feyalegria.org\/italia\/politica-privacidad\/\" \/>\n<meta property=\"og:locale\" content=\"es_ES\" \/>\n<meta property=\"og:type\" content=\"article\" \/>\n<meta property=\"og:title\" content=\"Pol\u00edtica de privacidad - #SomosFeyAlegria en Italia\" \/>\n<meta property=\"og:description\" content=\"[vc_row][vc_column][vc_column_text] Esta Pol\u00edtica de Privacidad es parte integrante de las condiciones generales. El acceso y la navegaci\u00f3n en el sitio, o el uso de los servicios del mismo, implican la aceptaci\u00f3n de las condiciones generales (y por tanto de la pol\u00edtica de Privacidad y pol\u00edtica de Cookies). Por favor, l\u00e9alas atentamente. En esta Pol\u00edtica de\" \/>\n<meta property=\"og:url\" content=\"https:\/\/www.feyalegria.org\/italia\/politica-privacidad\/\" \/>\n<meta property=\"og:site_name\" content=\"#SomosFeyAlegria en Italia\" \/>\n<meta property=\"article:modified_time\" content=\"2021-01-08T07:02:31+00:00\" \/>\n<meta name=\"twitter:card\" content=\"summary_large_image\" \/>\n<meta name=\"twitter:label1\" content=\"Tiempo de lectura\" \/>\n\t<meta name=\"twitter:data1\" content=\"8 minutos\" \/>\n<script type=\"application\/ld+json\" class=\"yoast-schema-graph\">{\"@context\":\"https:\/\/schema.org\",\"@graph\":[{\"@type\":\"WebPage\",\"@id\":\"https:\/\/www.feyalegria.org\/italia\/politica-privacidad\/\",\"url\":\"https:\/\/www.feyalegria.org\/italia\/politica-privacidad\/\",\"name\":\"Pol\u00edtica de privacidad - #SomosFeyAlegria en Italia\",\"isPartOf\":{\"@id\":\"https:\/\/www.feyalegria.org\/italia\/#website\"},\"datePublished\":\"2019-10-01T03:11:15+00:00\",\"dateModified\":\"2021-01-08T07:02:31+00:00\",\"inLanguage\":\"es\",\"potentialAction\":[{\"@type\":\"ReadAction\",\"target\":[\"https:\/\/www.feyalegria.org\/italia\/politica-privacidad\/\"]}]},{\"@type\":\"WebSite\",\"@id\":\"https:\/\/www.feyalegria.org\/italia\/#website\",\"url\":\"https:\/\/www.feyalegria.org\/italia\/\",\"name\":\"#SomosFeyAlegria en Italia\",\"description\":\"Movimiento de Educaci\u00f3n Popular y Promoci\u00f3n Social\",\"potentialAction\":[{\"@type\":\"SearchAction\",\"target\":{\"@type\":\"EntryPoint\",\"urlTemplate\":\"https:\/\/www.feyalegria.org\/italia\/?s={search_term_string}\"},\"query-input\":{\"@type\":\"PropertyValueSpecification\",\"valueRequired\":true,\"valueName\":\"search_term_string\"}}],\"inLanguage\":\"es\"}]}<\/script>\n<!-- \/ Yoast SEO plugin. -->","yoast_head_json":{"title":"Pol\u00edtica de privacidad - #SomosFeyAlegria en Italia","robots":{"index":"index","follow":"follow","max-snippet":"max-snippet:-1","max-image-preview":"max-image-preview:large","max-video-preview":"max-video-preview:-1"},"canonical":"https:\/\/www.feyalegria.org\/italia\/politica-privacidad\/","og_locale":"es_ES","og_type":"article","og_title":"Pol\u00edtica de privacidad - #SomosFeyAlegria en Italia","og_description":"[vc_row][vc_column][vc_column_text] Esta Pol\u00edtica de Privacidad es parte integrante de las condiciones generales. El acceso y la navegaci\u00f3n en el sitio, o el uso de los servicios del mismo, implican la aceptaci\u00f3n de las condiciones generales (y por tanto de la pol\u00edtica de Privacidad y pol\u00edtica de Cookies). Por favor, l\u00e9alas atentamente. En esta Pol\u00edtica de","og_url":"https:\/\/www.feyalegria.org\/italia\/politica-privacidad\/","og_site_name":"#SomosFeyAlegria en Italia","article_modified_time":"2021-01-08T07:02:31+00:00","twitter_card":"summary_large_image","twitter_misc":{"Tiempo de lectura":"8 minutos"},"schema":{"@context":"https:\/\/schema.org","@graph":[{"@type":"WebPage","@id":"https:\/\/www.feyalegria.org\/italia\/politica-privacidad\/","url":"https:\/\/www.feyalegria.org\/italia\/politica-privacidad\/","name":"Pol\u00edtica de privacidad - #SomosFeyAlegria en Italia","isPartOf":{"@id":"https:\/\/www.feyalegria.org\/italia\/#website"},"datePublished":"2019-10-01T03:11:15+00:00","dateModified":"2021-01-08T07:02:31+00:00","inLanguage":"es","potentialAction":[{"@type":"ReadAction","target":["https:\/\/www.feyalegria.org\/italia\/politica-privacidad\/"]}]},{"@type":"WebSite","@id":"https:\/\/www.feyalegria.org\/italia\/#website","url":"https:\/\/www.feyalegria.org\/italia\/","name":"#SomosFeyAlegria en Italia","description":"Movimiento de Educaci\u00f3n Popular y Promoci\u00f3n Social","potentialAction":[{"@type":"SearchAction","target":{"@type":"EntryPoint","urlTemplate":"https:\/\/www.feyalegria.org\/italia\/?s={search_term_string}"},"query-input":{"@type":"PropertyValueSpecification","valueRequired":true,"valueName":"search_term_string"}}],"inLanguage":"es"}]}},"_links":{"self":[{"href":"https:\/\/www.feyalegria.org\/italia\/wp-json\/wp\/v2\/pages\/3","targetHints":{"allow":["GET"]}}],"collection":[{"href":"https:\/\/www.feyalegria.org\/italia\/wp-json\/wp\/v2\/pages"}],"about":[{"href":"https:\/\/www.feyalegria.org\/italia\/wp-json\/wp\/v2\/types\/page"}],"author":[{"embeddable":true,"href":"https:\/\/www.feyalegria.org\/italia\/wp-json\/wp\/v2\/users\/2"}],"replies":[{"embeddable":true,"href":"https:\/\/www.feyalegria.org\/italia\/wp-json\/wp\/v2\/comments?post=3"}],"version-history":[{"count":0,"href":"https:\/\/www.feyalegria.org\/italia\/wp-json\/wp\/v2\/pages\/3\/revisions"}],"wp:attachment":[{"href":"https:\/\/www.feyalegria.org\/italia\/wp-json\/wp\/v2\/media?parent=3"}],"wp:term":[{"taxonomy":"folder","embeddable":true,"href":"https:\/\/www.feyalegria.org\/italia\/wp-json\/wp\/v2\/folder?post=3"}],"curies":[{"name":"wp","href":"https:\/\/api.w.org\/{rel}","templated":true}]}}