 {"id":4571,"date":"2020-06-04T19:44:16","date_gmt":"2020-06-05T00:44:16","guid":{"rendered":"https:\/\/www.feyalegria.org\/italia\/?page_id=4571"},"modified":"2025-06-13T03:12:12","modified_gmt":"2025-06-13T08:12:12","slug":"organizacion","status":"publish","type":"page","link":"https:\/\/www.feyalegria.org\/italia\/organizacion\/","title":{"rendered":"Organizaci\u00f3n"},"content":{"rendered":"<div class=\"wpb-content-wrapper\"><p>[vc_row][vc_column width=\u00bb1\/2&#8243;][vc_column_text css=\u00bb\u00bb]<\/p>\n<p style=\"text-align: justify;\">Fe y Alegria es el Movimiento Internacional de Educaci\u00f3n Popular Integral y Promoci\u00f3n Social vinculado a la Compa\u00f1\u00eda de Jes\u00fas.<\/p>\n<p style=\"text-align: justify;\">Uno de los movimientos m\u00e1s grandes del mundo, fundado en Venezuela por el P. Jos\u00e9 Mar\u00eda V\u00e9laz, s.j.(\u2020) en 1955, actualmente presente en 22 pa\u00edses, tres continentes (Latinoam\u00e9rica, Europa y \u00c1frica) y en expansi\u00f3n en Asia y \u00c1frica.<\/p>\n<p style=\"text-align: justify;\">En Italia, desde hace m\u00e1s de veinte a\u00f1os, acompa\u00f1a a j\u00f3venes y adultos en procesos educativos y\u202f de valorizaci\u00f3n del talento, como medios de inclusi\u00f3n de los sectores vulnerables.\u202fCapacita a ciudadanos del mundo, activos y competentes, atentos a los dem\u00e1s y al medio ambiente.<\/p>\n<p style=\"text-align: justify;\">Fe y Alegr\u00eda Italia agrupa en Red a las cooperativas sociales Fe y Alegr\u00eda Milano, Fe y Alegr\u00eda Roma y Fe y Alegr\u00eda Genova.<\/p>\n<p>[\/vc_column_text][\/vc_column][vc_column width=\u00bb1\/2&#8243;][vc_single_image image=\u00bb4525&#8243; img_size=\u00bbfull\u00bb alignment=\u00bbcenter\u00bb style=\u00bbvc_box_rounded\u00bb css=\u00bb.vc_custom_1596508840420{padding-top: 15px !important;}\u00bb][\/vc_column][\/vc_row][vc_row][vc_column][vc_column_text]<\/p>\n<p style=\"text-align: justify;\">Hace parte de las redes educativas <a href=\"http:\/\/www.feyalegria.org\" target=\"_blank\" rel=\"noopener noreferrer\"><strong>Federaci\u00f3n Internacional Fe y Alegr\u00eda<\/strong><\/a> y la Fondazione Gesuiti Educazione. As\u00ed mismo hace parte de la Jesuit Social Network.<\/p>\n<p>[\/vc_column_text][\/vc_column][\/vc_row][vc_row][vc_column]<div style=\"background-color:;height: 30px\" class=\"nicdark_section  \"><\/div>[\/vc_column][\/vc_row][vc_row][vc_column width=\u00bb2\/3&#8243; css=\u00bb.vc_custom_1597006910195{padding-right: 40px !important;}\u00bb][vc_column_text css=\u00bb.vc_custom_1614451484866{padding-right: 40px !important;}\u00bb]<\/p>\n<h3 style=\"text-align: left;\">Eje Proyectos de Fe y Alegr\u00eda en Italia<\/h3>\n<p>[\/vc_column_text][vc_column_text css=\u00bb\u00bb]<\/p>\n<p style=\"text-align: justify;\">En colaboraci\u00f3n con el Instituto Radiof\u00f3nico Fe y Alegr\u00eda &#8211; IRFEYAL Ecuador ofrece en Italia su programa semi-presencial para la Educaci\u00f3n Primaria y Secundaria de j\u00f3venes y adultos.<\/p>\n<p style=\"text-align: justify;\">Curso de Espa\u00f1ol en el Centro Penitenciario de Rebbibia (Roma)<\/p>\n<p style=\"text-align: justify;\">Cursos de formaci\u00f3n de aula abierta de idiomas, Inform\u00e1tica, formaci\u00f3n profesional.<\/p>\n<p>[\/vc_column_text][\/vc_column][vc_column width=\u00bb1\/3&#8243; css=\u00bb.vc_custom_1599868607522{background-color: #f3f3f3 !important;}\u00bb][vc_single_image image=\u00bb4708&#8243; img_size=\u00bb200&#215;200&#8243; alignment=\u00bbcenter\u00bb style=\u00bbvc_box_circle_2&#8243;][vc_column_text css=\u00bb.vc_custom_1597007146636{padding-right: 30px !important;padding-left: 30px !important;}\u00bb]<\/p>\n<h4 style=\"text-align: center;\"><strong><span style=\"color: #000000;\">Una educaci\u00f3n integral, inclusiva y de calidad para j\u00f3venes y adultos, en situaci\u00f3n de vulnerabilidad, que les permita convertirse en actores de la construcci\u00f3n de sistemas sociales m\u00e1s justos para todos.<\/span><\/strong><\/h4>\n<p>[\/vc_column_text][\/vc_column][\/vc_row][vc_row][vc_column]<div style=\"background-color:;height: 30px\" class=\"nicdark_section  \"><\/div>[\/vc_column][\/vc_row][vc_row][vc_column width=\u00bb2\/3&#8243;][vc_column_text css=\u00bb.vc_custom_1599518565945{padding-right: 40px !important;}\u00bb]<\/p>\n<h3 style=\"text-align: left;\">Nuestra Historia<\/h3>\n<p>[\/vc_column_text][accordion_father active=\u00bb0&#8243; titlemargin=\u00bb\u00bb icon=\u00bbfas fa-book-reader\u00bb][accordion_son gradientbg=\u00bb\u00bb borderwidth=\u00bb1px 0px 0px 0px\u00bb height=\u00bb\u00bb clr=\u00bb#cc0000&#8243; title=\u00bbComienza con el sue\u00f1o de ofrecer a los migrantes la posibilidad de continuar sus estudios\u00bb bgclr=\u00bb#f3f3f3&#8243; borderclr=\u00bb#aa0f16&#8243;]<\/p>\n<p style=\"text-align: justify;\">Considerando los cambios sociales debido a la fuerte inmigraci\u00f3n, las hermanas Pilar y Narcisa Soria con los padres Valent\u00edn Mendendez S.J. y Gerardo Arango S.J. y con la bendici\u00f3n de padre Kolvenbach S.J. Superior de la Compa\u00f1\u00eda de Jes\u00fas, activan la organizaci\u00f3n socio educativa que permite inaugurar, el 16 septiembre 2001 en Roma, la primera escuela que comienza a obrar gracias a un acuerdo con IRFEYAL \u2013 Ecuador, una de las escuelas populares de la red de FE Y ALEGR\u00cdA, que garantiza a trav\u00e9s del Ministerio de Educaci\u00f3n Ecuatoriano el reconocimiento en Italia del t\u00edtulo otorgado. Gracias al Convenio Andr\u00e9s Bello este programa permite continuar con los estudios a personas que hayan estudiado en Ecuador y tambi\u00e9n en Bolivia, Chile, Cuba, Espa\u00f1a, M\u00e9xico, Panam\u00e1, Paraguay, Per\u00fa, Rep\u00fablica Dominicana y Venezuela.<\/p>\n<p>[\/accordion_son][accordion_son gradientbg=\u00bb\u00bb borderwidth=\u00bb1px 0px 1px 0px\u00bb height=\u00bb\u00bb title=\u00bbLeer m\u00e1s\u00bb clr=\u00bb#aa0f16&#8243; borderclr=\u00bb#aa0f16&#8243; bgclr=\u00bb#f3f3f3&#8243;]<\/p>\n<p style=\"text-align: justify;\">Este primer resultado represent\u00f3, como hab\u00eda dicho el padre Jos\u00e9 Mar\u00eda V\u00e9laz,S.J.(\u2020), \u201cla chispa que lleg\u00f3 a incendio\u201d porque se abri\u00f3 una nueva en Mil\u00e1n y un a\u00f1o m\u00e1s tarde en G\u00e9nova.<\/p>\n<p style=\"text-align: justify;\">Se conforma un equipo de profesores muy preparados, con una capacidad de dedicaci\u00f3n admirable. Procedentes de Italia, Am\u00e9rica Latina y Espa\u00f1a. Algunas materias son impartidas en italiano y otras en espa\u00f1ol. Colaboran laicos, personas consagradas y varias congregaciones religiosas.<\/p>\n<p style=\"text-align: justify;\">La sede de Roma desde el principio se encarga de un proyecto de educaci\u00f3n en la c\u00e1rcel de Rebibbia. Al principio la propia escuela de secundaria para presos latinoamericanos y con el paso del tiempo ha evolucionado a cursos de espa\u00f1ol.<\/p>\n<p>&nbsp;<\/p>\n<p style=\"text-align: justify;\">Fe y Alegr\u00eda se ha convertido en una red estructurada, compuesta por tres cooperativas sociales, Fe y Alegr\u00eda G\u00e9nova, Fe y Alegr\u00eda Mil\u00e1n y Fe y Alegr\u00eda Roma. Han nacido nuevos proyectos que han afianzado la escuela de Primaria y Secundaria para j\u00f3venes y adultos: Educaci\u00f3n para una ciudadan\u00eda global, espa\u00f1ol en la c\u00e1rcel, cursos de italiano, ingl\u00e9s, ECDL (European Computer Driving License), hair stylist, confecci\u00f3n y patronaje; orientaci\u00f3n y formaci\u00f3n para el trabajo.<\/p>\n<p>&nbsp;<\/p>\n<p style=\"text-align: justify;\">Fe y Alegr\u00eda Italia se encuentra en constante evoluci\u00f3n respondiendo siempre a la actual necesidad de construcci\u00f3n de una sociedad multicultural inclusiva a trav\u00e9s de la educaci\u00f3n.<\/p>\n<p>[\/accordion_son][\/accordion_father][\/vc_column][vc_column width=\u00bb1\/3&#8243;][vc_single_image image=\u00bb4595&#8243; img_size=\u00bbfull\u00bb alignment=\u00bbcenter\u00bb style=\u00bbvc_box_rounded\u00bb css=\u00bb.vc_custom_1599868597009{padding-top: 50px !important;border-radius: 15px !important;}\u00bb][\/vc_column][\/vc_row]<\/p>\n<\/div>","protected":false},"excerpt":{"rendered":"<p>[vc_row][vc_column width=\u00bb1\/2&#8243;][vc_column_text css=\u00bb\u00bb] Fe y Alegria es el Movimiento Internacional de Educaci\u00f3n Popular Integral y Promoci\u00f3n Social vinculado a la Compa\u00f1\u00eda de Jes\u00fas. Uno de los movimientos m\u00e1s grandes del mundo, fundado en Venezuela por el P. Jos\u00e9 Mar\u00eda V\u00e9laz, s.j.(\u2020) en 1955, actualmente presente en 22 pa\u00edses, tres continentes (Latinoam\u00e9rica, Europa y \u00c1frica) y<\/p>\n","protected":false},"author":19,"featured_media":0,"parent":0,"menu_order":0,"comment_status":"closed","ping_status":"closed","template":"","meta":{"_acf_changed":false,"footnotes":""},"folder":[],"class_list":["post-4571","page","type-page","status-publish","hentry"],"acf":[],"yoast_head":"<!-- This site is optimized with the Yoast SEO plugin v27.2 - https:\/\/yoast.com\/product\/yoast-seo-wordpress\/ -->\n<title>Organizaci\u00f3n - #SomosFeyAlegria en Italia<\/title>\n<meta name=\"robots\" content=\"index, follow, max-snippet:-1, max-image-preview:large, max-video-preview:-1\" \/>\n<link rel=\"canonical\" href=\"https:\/\/www.feyalegria.org\/italia\/organizacion\/\" \/>\n<meta property=\"og:locale\" content=\"es_ES\" \/>\n<meta property=\"og:type\" content=\"article\" \/>\n<meta property=\"og:title\" content=\"Organizaci\u00f3n - #SomosFeyAlegria en Italia\" \/>\n<meta property=\"og:description\" content=\"[vc_row][vc_column width=\u00bb1\/2&#8243;][vc_column_text css=\u00bb\u00bb] Fe y Alegria es el Movimiento Internacional de Educaci\u00f3n Popular Integral y Promoci\u00f3n Social vinculado a la Compa\u00f1\u00eda de Jes\u00fas. Uno de los movimientos m\u00e1s grandes del mundo, fundado en Venezuela por el P. Jos\u00e9 Mar\u00eda V\u00e9laz, s.j.(\u2020) en 1955, actualmente presente en 22 pa\u00edses, tres continentes (Latinoam\u00e9rica, Europa y \u00c1frica) y\" \/>\n<meta property=\"og:url\" content=\"https:\/\/www.feyalegria.org\/italia\/organizacion\/\" \/>\n<meta property=\"og:site_name\" content=\"#SomosFeyAlegria en Italia\" \/>\n<meta property=\"article:modified_time\" content=\"2025-06-13T08:12:12+00:00\" \/>\n<meta name=\"twitter:card\" content=\"summary_large_image\" \/>\n<meta name=\"twitter:label1\" content=\"Tiempo de lectura\" \/>\n\t<meta name=\"twitter:data1\" content=\"4 minutos\" \/>\n<script type=\"application\/ld+json\" class=\"yoast-schema-graph\">{\"@context\":\"https:\/\/schema.org\",\"@graph\":[{\"@type\":\"WebPage\",\"@id\":\"https:\/\/www.feyalegria.org\/italia\/organizacion\/\",\"url\":\"https:\/\/www.feyalegria.org\/italia\/organizacion\/\",\"name\":\"Organizaci\u00f3n - #SomosFeyAlegria en Italia\",\"isPartOf\":{\"@id\":\"https:\/\/www.feyalegria.org\/italia\/#website\"},\"datePublished\":\"2020-06-05T00:44:16+00:00\",\"dateModified\":\"2025-06-13T08:12:12+00:00\",\"inLanguage\":\"es\",\"potentialAction\":[{\"@type\":\"ReadAction\",\"target\":[\"https:\/\/www.feyalegria.org\/italia\/organizacion\/\"]}]},{\"@type\":\"WebSite\",\"@id\":\"https:\/\/www.feyalegria.org\/italia\/#website\",\"url\":\"https:\/\/www.feyalegria.org\/italia\/\",\"name\":\"#SomosFeyAlegria en Italia\",\"description\":\"Movimiento de Educaci\u00f3n Popular y Promoci\u00f3n Social\",\"potentialAction\":[{\"@type\":\"SearchAction\",\"target\":{\"@type\":\"EntryPoint\",\"urlTemplate\":\"https:\/\/www.feyalegria.org\/italia\/?s={search_term_string}\"},\"query-input\":{\"@type\":\"PropertyValueSpecification\",\"valueRequired\":true,\"valueName\":\"search_term_string\"}}],\"inLanguage\":\"es\"}]}<\/script>\n<!-- \/ Yoast SEO plugin. -->","yoast_head_json":{"title":"Organizaci\u00f3n - #SomosFeyAlegria en Italia","robots":{"index":"index","follow":"follow","max-snippet":"max-snippet:-1","max-image-preview":"max-image-preview:large","max-video-preview":"max-video-preview:-1"},"canonical":"https:\/\/www.feyalegria.org\/italia\/organizacion\/","og_locale":"es_ES","og_type":"article","og_title":"Organizaci\u00f3n - #SomosFeyAlegria en Italia","og_description":"[vc_row][vc_column width=\u00bb1\/2&#8243;][vc_column_text css=\u00bb\u00bb] Fe y Alegria es el Movimiento Internacional de Educaci\u00f3n Popular Integral y Promoci\u00f3n Social vinculado a la Compa\u00f1\u00eda de Jes\u00fas. Uno de los movimientos m\u00e1s grandes del mundo, fundado en Venezuela por el P. Jos\u00e9 Mar\u00eda V\u00e9laz, s.j.(\u2020) en 1955, actualmente presente en 22 pa\u00edses, tres continentes (Latinoam\u00e9rica, Europa y \u00c1frica) y","og_url":"https:\/\/www.feyalegria.org\/italia\/organizacion\/","og_site_name":"#SomosFeyAlegria en Italia","article_modified_time":"2025-06-13T08:12:12+00:00","twitter_card":"summary_large_image","twitter_misc":{"Tiempo de lectura":"4 minutos"},"schema":{"@context":"https:\/\/schema.org","@graph":[{"@type":"WebPage","@id":"https:\/\/www.feyalegria.org\/italia\/organizacion\/","url":"https:\/\/www.feyalegria.org\/italia\/organizacion\/","name":"Organizaci\u00f3n - #SomosFeyAlegria en Italia","isPartOf":{"@id":"https:\/\/www.feyalegria.org\/italia\/#website"},"datePublished":"2020-06-05T00:44:16+00:00","dateModified":"2025-06-13T08:12:12+00:00","inLanguage":"es","potentialAction":[{"@type":"ReadAction","target":["https:\/\/www.feyalegria.org\/italia\/organizacion\/"]}]},{"@type":"WebSite","@id":"https:\/\/www.feyalegria.org\/italia\/#website","url":"https:\/\/www.feyalegria.org\/italia\/","name":"#SomosFeyAlegria en Italia","description":"Movimiento de Educaci\u00f3n Popular y Promoci\u00f3n Social","potentialAction":[{"@type":"SearchAction","target":{"@type":"EntryPoint","urlTemplate":"https:\/\/www.feyalegria.org\/italia\/?s={search_term_string}"},"query-input":{"@type":"PropertyValueSpecification","valueRequired":true,"valueName":"search_term_string"}}],"inLanguage":"es"}]}},"_links":{"self":[{"href":"https:\/\/www.feyalegria.org\/italia\/wp-json\/wp\/v2\/pages\/4571","targetHints":{"allow":["GET"]}}],"collection":[{"href":"https:\/\/www.feyalegria.org\/italia\/wp-json\/wp\/v2\/pages"}],"about":[{"href":"https:\/\/www.feyalegria.org\/italia\/wp-json\/wp\/v2\/types\/page"}],"author":[{"embeddable":true,"href":"https:\/\/www.feyalegria.org\/italia\/wp-json\/wp\/v2\/users\/19"}],"replies":[{"embeddable":true,"href":"https:\/\/www.feyalegria.org\/italia\/wp-json\/wp\/v2\/comments?post=4571"}],"version-history":[{"count":0,"href":"https:\/\/www.feyalegria.org\/italia\/wp-json\/wp\/v2\/pages\/4571\/revisions"}],"wp:attachment":[{"href":"https:\/\/www.feyalegria.org\/italia\/wp-json\/wp\/v2\/media?parent=4571"}],"wp:term":[{"taxonomy":"folder","embeddable":true,"href":"https:\/\/www.feyalegria.org\/italia\/wp-json\/wp\/v2\/folder?post=4571"}],"curies":[{"name":"wp","href":"https:\/\/api.w.org\/{rel}","templated":true}]}}