{"id":4774,"date":"2020-08-19T21:32:59","date_gmt":"2020-08-20T02:32:59","guid":{"rendered":"https:\/\/www.feyalegria.org\/italia\/?page_id=4774"},"modified":"2020-09-11T11:17:20","modified_gmt":"2020-09-11T16:17:20","slug":"novedades","status":"publish","type":"page","link":"https:\/\/www.feyalegria.org\/italia\/novedades\/","title":{"rendered":"Novedades"},"content":{"rendered":"<div class=\"wpb-content-wrapper\"><p>[vc_row css=\u00bb.vc_custom_1597880605681{padding-top: 30px !important;}\u00bb][vc_column]<div id=\"mpc_grid_posts_3569fab051d73d9\" class=\"mpc-grid-posts mpc-init mpc-init mpc-transition mpc-overlay--fade mpc-item--fade mpc-layout--style_3  \"  data-grid-cols=\"4\"><div class=\"mpc-grid-sizer\"><\/div><div onclick=\"\" class=\"mpc-post\"><div class=\"mpc-post__wrapper\"><div class=\"mpc-post__thumbnail\" data-mpc_src=\"https:\/\/d3pugrm67vf9n7.cloudfront.net\/wp-content\/uploads\/sites\/6\/2020\/08\/05161825\/mapa300x300-1.png\" data-mpc_link=\"https:\/\/www.feyalegria.org\/italia\/i83-nuevos-bachilleres-fuente-de-esperanza-en-tiempos-covid\/\"><div class=\"mpc-post__overlay mpc-transition\"><div class=\"mpc-post--vertical-wrap\"><div class=\"mpc-post--vertical\" data-mpc_link=\"https:\/\/www.feyalegria.org\/italia\/i83-nuevos-bachilleres-fuente-de-esperanza-en-tiempos-covid\/\"><\/div><\/div><\/div><\/div><div class=\"mpc-post__content mpc-transition\"><div class=\"mpc-wrapper\"><h3 class=\"mpc-post__heading mpc-transition\"><a href=\"https:\/\/www.feyalegria.org\/italia\/i83-nuevos-bachilleres-fuente-de-esperanza-en-tiempos-covid\/\" title=\"\u013083 nuevos bachilleres: fuente de esperanza en tiempos covid!\">\u013083 nuevos bachilleres: fuente de esperanza en tiempos covid!<\/a><\/h3><\/div><div class=\"mpc-post__description\"><div style=\"height: 240px\"><p align=\"justify\">En este a\u00f1o 83 estudiantes latinoamericanos han completado sus estudios de Secundaria. De los m\u00e1s de 80 estudiantes, 11 han estudiado en la sede de G\u00e9nova.<\/div><\/div><a href=\"https:\/\/www.feyalegria.org\/italia\/i83-nuevos-bachilleres-fuente-de-esperanza-en-tiempos-covid\/\" title=\"\u013083 nuevos bachilleres: fuente de esperanza en tiempos covid!\"  class=\"mpc-button mpc-init mpc-transition mpc-display--block \" ><div class=\"mpc-button__content mpc-effect-type--none mpc-effect-side--none\"><span class=\"mpc-button__title mpc-transition\">Leer m\u00e1s<\/span><\/div><div class=\"mpc-button__background mpc-transition mpc-effect-type--fade mpc-effect-side--in\"><\/div><\/a><\/div><\/div><\/div><div onclick=\"\" class=\"mpc-post\"><div class=\"mpc-post__wrapper\"><div class=\"mpc-post__thumbnail\" data-mpc_src=\"https:\/\/d3pugrm67vf9n7.cloudfront.net\/wp-content\/uploads\/sites\/6\/2020\/08\/24175558\/FyA-Genova-724x1024.png\" data-mpc_link=\"https:\/\/www.feyalegria.org\/italia\/5-x-1000-juntos-transformamos-vidas\/\"><div class=\"mpc-post__overlay mpc-transition\"><div class=\"mpc-post--vertical-wrap\"><div class=\"mpc-post--vertical\" data-mpc_link=\"https:\/\/www.feyalegria.org\/italia\/5-x-1000-juntos-transformamos-vidas\/\"><\/div><\/div><\/div><\/div><div class=\"mpc-post__content mpc-transition\"><div class=\"mpc-wrapper\"><h3 class=\"mpc-post__heading mpc-transition\"><a href=\"https:\/\/www.feyalegria.org\/italia\/5-x-1000-juntos-transformamos-vidas\/\" title=\"\u201c5 x 1000\u201d: Juntos transformamos vidas\">\u201c5 x 1000\u201d: Juntos transformamos vidas<\/a><\/h3><\/div><div class=\"mpc-post__description\"><div style=\"height: 240px\"><p align=\"justify\">Este a\u00f1o cada Instituto ha lanzado la campa\u00f1a \u201c5x1000: Juntos transformamos vidas\u201d. El dinero recogido se ser\u00e1 destinado a Bolsas de Estudio para las personas afectadas por el covid.<\/p>\r\n<\/div><\/div><a href=\"https:\/\/www.feyalegria.org\/italia\/5-x-1000-juntos-transformamos-vidas\/\" title=\"\u201c5 x 1000\u201d: Juntos transformamos vidas\"  class=\"mpc-button mpc-init mpc-transition mpc-display--block \" ><div class=\"mpc-button__content mpc-effect-type--none mpc-effect-side--none\"><span class=\"mpc-button__title mpc-transition\">Leer m\u00e1s<\/span><\/div><div class=\"mpc-button__background mpc-transition mpc-effect-type--fade mpc-effect-side--in\"><\/div><\/a><\/div><\/div><\/div><div onclick=\"\" class=\"mpc-post\"><div class=\"mpc-post__wrapper\"><div class=\"mpc-post__thumbnail\" data-mpc_src=\"https:\/\/d3pugrm67vf9n7.cloudfront.net\/wp-content\/uploads\/sites\/6\/2020\/08\/24182145\/Universita-degli-Studi-di-Milano.png\" data-mpc_link=\"https:\/\/www.feyalegria.org\/italia\/que-estudiar-encuentros-online-de-orientacion-universitaria\/\"><div class=\"mpc-post__overlay mpc-transition\"><div class=\"mpc-post--vertical-wrap\"><div class=\"mpc-post--vertical\" data-mpc_link=\"https:\/\/www.feyalegria.org\/italia\/que-estudiar-encuentros-online-de-orientacion-universitaria\/\"><\/div><\/div><\/div><\/div><div class=\"mpc-post__content mpc-transition\"><div class=\"mpc-wrapper\"><h3 class=\"mpc-post__heading mpc-transition\"><a href=\"https:\/\/www.feyalegria.org\/italia\/que-estudiar-encuentros-online-de-orientacion-universitaria\/\" title=\"Qu\u00e9 estudiar: encuentros online de Orientaci\u00f3n Universitaria\">Qu\u00e9 estudiar: encuentros online de Orientaci\u00f3n Universitaria<\/a><\/h3><\/div><div class=\"mpc-post__description\"><div style=\"height: 240px\"><p align=\"justify\">En julio y agosto hemos organizado varios encuentros online de Orientaci\u00f3n al mundo Universitario.<\/p>\r\n<\/div><\/div><a href=\"https:\/\/www.feyalegria.org\/italia\/que-estudiar-encuentros-online-de-orientacion-universitaria\/\" title=\"Qu\u00e9 estudiar: encuentros online de Orientaci\u00f3n Universitaria\"  class=\"mpc-button mpc-init mpc-transition mpc-display--block \" ><div class=\"mpc-button__content mpc-effect-type--none mpc-effect-side--none\"><span class=\"mpc-button__title mpc-transition\">Leer m\u00e1s<\/span><\/div><div class=\"mpc-button__background mpc-transition mpc-effect-type--fade mpc-effect-side--in\"><\/div><\/a><\/div><\/div><\/div><div onclick=\"\" class=\"mpc-post\"><div class=\"mpc-post__wrapper\"><div class=\"mpc-post__thumbnail\" data-mpc_src=\"https:\/\/d3pugrm67vf9n7.cloudfront.net\/wp-content\/uploads\/sites\/6\/2020\/08\/24183429\/Consulado-Ecuador-Roma-2020-fb-presentaci%C3%B3n.png\" data-mpc_link=\"https:\/\/www.feyalegria.org\/italia\/presentacion-del-instituto-irfeyal-ecuador\/\"><div class=\"mpc-post__overlay mpc-transition\"><div class=\"mpc-post--vertical-wrap\"><div class=\"mpc-post--vertical\" data-mpc_link=\"https:\/\/www.feyalegria.org\/italia\/presentacion-del-instituto-irfeyal-ecuador\/\"><\/div><\/div><\/div><\/div><div class=\"mpc-post__content mpc-transition\"><div class=\"mpc-wrapper\"><h3 class=\"mpc-post__heading mpc-transition\"><a href=\"https:\/\/www.feyalegria.org\/italia\/presentacion-del-instituto-irfeyal-ecuador\/\" title=\"Presentaci\u00f3n del Instituto IRFEYAL Ecuador a la comunidad Ecuatoriana de Roma\">Presentaci\u00f3n del Instituto IRFEYAL Ecuador a la comunidad Ecuatoriana de Roma<\/a><\/h3><\/div><div class=\"mpc-post__description\"><div style=\"height: 215px\"><p align=\"justify\">El 12 de agosto el Consulado General del Ecuador en Roma ha organizado junto a Fe y Alegria Roma una presentaci\u00f3n del Instituto IRFEYAL.<\/p><\/div><\/div><a href=\"https:\/\/www.feyalegria.org\/italia\/presentacion-del-instituto-irfeyal-ecuador\/\" title=\"Presentaci\u00f3n del Instituto IRFEYAL Ecuador a la comunidad Ecuatoriana de Roma\"  class=\"mpc-button mpc-init mpc-transition mpc-display--block \" ><div class=\"mpc-button__content mpc-effect-type--none mpc-effect-side--none\"><span class=\"mpc-button__title mpc-transition\">Leer m\u00e1s<\/span><\/div><div class=\"mpc-button__background mpc-transition mpc-effect-type--fade mpc-effect-side--in\"><\/div><\/a><\/div><\/div><\/div><div onclick=\"\" class=\"mpc-post\"><div class=\"mpc-post__wrapper\"><div class=\"mpc-post__thumbnail\" data-mpc_src=\"https:\/\/d3pugrm67vf9n7.cloudfront.net\/wp-content\/uploads\/sites\/6\/2020\/10\/15150244\/clases-genova-4-octubre.jpg\" data-mpc_link=\"https:\/\/www.feyalegria.org\/italia\/reconquistando-las-aulas\/\"><div class=\"mpc-post__overlay mpc-transition\"><div class=\"mpc-post--vertical-wrap\"><div class=\"mpc-post--vertical\" data-mpc_link=\"https:\/\/www.feyalegria.org\/italia\/reconquistando-las-aulas\/\"><\/div><\/div><\/div><\/div><div class=\"mpc-post__content mpc-transition\"><div class=\"mpc-wrapper\"><h3 class=\"mpc-post__heading mpc-transition\"><a href=\"https:\/\/www.feyalegria.org\/italia\/reconquistando-las-aulas\/\" title=\"\u00a1En Fe y Alegr\u00eda Italia iniciamos a reconquistar las aulas!\">\u00a1En Fe y Alegr\u00eda Italia iniciamos a reconquistar las aulas!<\/a><\/h3><\/div><div class=\"mpc-post__description\"><div style=\"height: 240px\"><p align=\"justify\">En la primera semana de octubre inici\u00f3 el curso 2020\/2021 en Roma, Mil\u00e1n y G\u00e9nova.<\/p><\/div><\/div><a href=\"https:\/\/www.feyalegria.org\/italia\/reconquistando-las-aulas\/\" title=\"\u00a1En Fe y Alegr\u00eda Italia iniciamos a reconquistar las aulas!\"  class=\"mpc-button mpc-init mpc-transition mpc-display--block \" ><div class=\"mpc-button__content mpc-effect-type--none mpc-effect-side--none\"><span class=\"mpc-button__title mpc-transition\">Leer m\u00e1s<\/span><\/div><div class=\"mpc-button__background mpc-transition mpc-effect-type--fade mpc-effect-side--in\"><\/div><\/a><\/div><\/div><\/div><div onclick=\"\" class=\"mpc-post\"><div class=\"mpc-post__wrapper\"><div class=\"mpc-post__thumbnail\" data-mpc_src=\"https:\/\/d3pugrm67vf9n7.cloudfront.net\/wp-content\/uploads\/sites\/6\/2020\/10\/29041105\/ML-17-10-FYA-M-1024x536.png\" data-mpc_link=\"https:\/\/www.feyalegria.org\/italia\/camino-de-espiritualidad-en-fe-y-alegria-milano\/\"><div class=\"mpc-post__overlay mpc-transition\"><div class=\"mpc-post--vertical-wrap\"><div class=\"mpc-post--vertical\" data-mpc_link=\"https:\/\/www.feyalegria.org\/italia\/camino-de-espiritualidad-en-fe-y-alegria-milano\/\"><\/div><\/div><\/div><\/div><div class=\"mpc-post__content mpc-transition\"><div class=\"mpc-wrapper\"><h3 class=\"mpc-post__heading mpc-transition\"><a href=\"https:\/\/www.feyalegria.org\/italia\/camino-de-espiritualidad-en-fe-y-alegria-milano\/\" title=\"Camino de espiritualidad en Fe y Alegr\u00eda Milano\">Camino de espiritualidad en Fe y Alegr\u00eda Milano<\/a><\/h3><\/div><div class=\"mpc-post__description\"><div style=\"height: 240px\"><p align=\"justify\">Conect\u00e1ndonos con la dimensi\u00f3n que nos distigue como seres humanos<\/p><\/div><\/div><a href=\"https:\/\/www.feyalegria.org\/italia\/camino-de-espiritualidad-en-fe-y-alegria-milano\/\" title=\"Camino de espiritualidad en Fe y Alegr\u00eda Milano\"  class=\"mpc-button mpc-init mpc-transition mpc-display--block \" ><div class=\"mpc-button__content mpc-effect-type--none mpc-effect-side--none\"><span class=\"mpc-button__title mpc-transition\">Leer m\u00e1s<\/span><\/div><div class=\"mpc-button__background mpc-transition mpc-effect-type--fade mpc-effect-side--in\"><\/div><\/a><\/div><\/div><\/div><\/div>[\/vc_column][\/vc_row][vc_row][vc_column]<div style=\"background-color:;height: 30px\" class=\"nicdark_section  \"><\/div>[\/vc_column][\/vc_row]<\/p>\n<\/div>","protected":false},"excerpt":{"rendered":"<p>[vc_row css=\u00bb.vc_custom_1597880605681{padding-top: 30px !important;}\u00bb][vc_column][\/vc_column][\/vc_row][vc_row][vc_column][\/vc_column][\/vc_row]<\/p>\n","protected":false},"author":19,"featured_media":0,"parent":0,"menu_order":0,"comment_status":"closed","ping_status":"closed","template":"","meta":{"_acf_changed":false,"footnotes":""},"folder":[],"class_list":["post-4774","page","type-page","status-publish","hentry"],"acf":[],"yoast_head":"<!-- This site is optimized with the Yoast SEO plugin v27.5 - https:\/\/yoast.com\/product\/yoast-seo-wordpress\/ -->\n<title>Novedades - #SomosFeyAlegria en Italia<\/title>\n<meta name=\"robots\" content=\"index, follow, max-snippet:-1, max-image-preview:large, max-video-preview:-1\" \/>\n<link rel=\"canonical\" href=\"https:\/\/www.feyalegria.org\/italia\/novedades\/\" \/>\n<meta property=\"og:locale\" content=\"es_ES\" \/>\n<meta property=\"og:type\" content=\"article\" \/>\n<meta property=\"og:title\" content=\"Novedades - #SomosFeyAlegria en Italia\" \/>\n<meta property=\"og:description\" content=\"[vc_row css=\u00bb.vc_custom_1597880605681{padding-top: 30px !important;}\u00bb][vc_column][\/vc_column][\/vc_row][vc_row][vc_column][\/vc_column][\/vc_row]\" \/>\n<meta property=\"og:url\" content=\"https:\/\/www.feyalegria.org\/italia\/novedades\/\" \/>\n<meta property=\"og:site_name\" content=\"#SomosFeyAlegria en Italia\" \/>\n<meta property=\"article:modified_time\" content=\"2020-09-11T16:17:20+00:00\" \/>\n<meta name=\"twitter:card\" content=\"summary_large_image\" \/>\n<meta name=\"twitter:label1\" content=\"Tiempo de lectura\" \/>\n\t<meta name=\"twitter:data1\" content=\"1 minuto\" \/>\n<script type=\"application\/ld+json\" class=\"yoast-schema-graph\">{\"@context\":\"https:\\\/\\\/schema.org\",\"@graph\":[{\"@type\":\"WebPage\",\"@id\":\"https:\\\/\\\/www.feyalegria.org\\\/italia\\\/novedades\\\/\",\"url\":\"https:\\\/\\\/www.feyalegria.org\\\/italia\\\/novedades\\\/\",\"name\":\"Novedades - #SomosFeyAlegria en Italia\",\"isPartOf\":{\"@id\":\"https:\\\/\\\/www.feyalegria.org\\\/italia\\\/#website\"},\"datePublished\":\"2020-08-20T02:32:59+00:00\",\"dateModified\":\"2020-09-11T16:17:20+00:00\",\"inLanguage\":\"es\",\"potentialAction\":[{\"@type\":\"ReadAction\",\"target\":[\"https:\\\/\\\/www.feyalegria.org\\\/italia\\\/novedades\\\/\"]}]},{\"@type\":\"WebSite\",\"@id\":\"https:\\\/\\\/www.feyalegria.org\\\/italia\\\/#website\",\"url\":\"https:\\\/\\\/www.feyalegria.org\\\/italia\\\/\",\"name\":\"#SomosFeyAlegria en Italia\",\"description\":\"Movimiento de Educaci\u00f3n Popular y Promoci\u00f3n Social\",\"potentialAction\":[{\"@type\":\"SearchAction\",\"target\":{\"@type\":\"EntryPoint\",\"urlTemplate\":\"https:\\\/\\\/www.feyalegria.org\\\/italia\\\/?s={search_term_string}\"},\"query-input\":{\"@type\":\"PropertyValueSpecification\",\"valueRequired\":true,\"valueName\":\"search_term_string\"}}],\"inLanguage\":\"es\"}]}<\/script>\n<!-- \/ Yoast SEO plugin. -->","yoast_head_json":{"title":"Novedades - #SomosFeyAlegria en Italia","robots":{"index":"index","follow":"follow","max-snippet":"max-snippet:-1","max-image-preview":"max-image-preview:large","max-video-preview":"max-video-preview:-1"},"canonical":"https:\/\/www.feyalegria.org\/italia\/novedades\/","og_locale":"es_ES","og_type":"article","og_title":"Novedades - #SomosFeyAlegria en Italia","og_description":"[vc_row css=\u00bb.vc_custom_1597880605681{padding-top: 30px !important;}\u00bb][vc_column][\/vc_column][\/vc_row][vc_row][vc_column][\/vc_column][\/vc_row]","og_url":"https:\/\/www.feyalegria.org\/italia\/novedades\/","og_site_name":"#SomosFeyAlegria en Italia","article_modified_time":"2020-09-11T16:17:20+00:00","twitter_card":"summary_large_image","twitter_misc":{"Tiempo de lectura":"1 minuto"},"schema":{"@context":"https:\/\/schema.org","@graph":[{"@type":"WebPage","@id":"https:\/\/www.feyalegria.org\/italia\/novedades\/","url":"https:\/\/www.feyalegria.org\/italia\/novedades\/","name":"Novedades - #SomosFeyAlegria en Italia","isPartOf":{"@id":"https:\/\/www.feyalegria.org\/italia\/#website"},"datePublished":"2020-08-20T02:32:59+00:00","dateModified":"2020-09-11T16:17:20+00:00","inLanguage":"es","potentialAction":[{"@type":"ReadAction","target":["https:\/\/www.feyalegria.org\/italia\/novedades\/"]}]},{"@type":"WebSite","@id":"https:\/\/www.feyalegria.org\/italia\/#website","url":"https:\/\/www.feyalegria.org\/italia\/","name":"#SomosFeyAlegria en Italia","description":"Movimiento de Educaci\u00f3n Popular y Promoci\u00f3n Social","potentialAction":[{"@type":"SearchAction","target":{"@type":"EntryPoint","urlTemplate":"https:\/\/www.feyalegria.org\/italia\/?s={search_term_string}"},"query-input":{"@type":"PropertyValueSpecification","valueRequired":true,"valueName":"search_term_string"}}],"inLanguage":"es"}]}},"_links":{"self":[{"href":"https:\/\/www.feyalegria.org\/italia\/wp-json\/wp\/v2\/pages\/4774","targetHints":{"allow":["GET"]}}],"collection":[{"href":"https:\/\/www.feyalegria.org\/italia\/wp-json\/wp\/v2\/pages"}],"about":[{"href":"https:\/\/www.feyalegria.org\/italia\/wp-json\/wp\/v2\/types\/page"}],"author":[{"embeddable":true,"href":"https:\/\/www.feyalegria.org\/italia\/wp-json\/wp\/v2\/users\/19"}],"replies":[{"embeddable":true,"href":"https:\/\/www.feyalegria.org\/italia\/wp-json\/wp\/v2\/comments?post=4774"}],"version-history":[{"count":0,"href":"https:\/\/www.feyalegria.org\/italia\/wp-json\/wp\/v2\/pages\/4774\/revisions"}],"wp:attachment":[{"href":"https:\/\/www.feyalegria.org\/italia\/wp-json\/wp\/v2\/media?parent=4774"}],"wp:term":[{"taxonomy":"folder","embeddable":true,"href":"https:\/\/www.feyalegria.org\/italia\/wp-json\/wp\/v2\/folder?post=4774"}],"curies":[{"name":"wp","href":"https:\/\/api.w.org\/{rel}","templated":true}]}}