 {"id":4931,"date":"2020-09-02T11:28:27","date_gmt":"2020-09-02T16:28:27","guid":{"rendered":"https:\/\/www.feyalegria.org\/italia\/?page_id=4931"},"modified":"2025-06-13T03:23:37","modified_gmt":"2025-06-13T08:23:37","slug":"fe-y-alegria-genova","status":"publish","type":"page","link":"https:\/\/www.feyalegria.org\/italia\/fe-y-alegria-genova\/","title":{"rendered":"Fe y Alegr\u00eda Genova"},"content":{"rendered":"<div class=\"wpb-content-wrapper\"><p>[vc_row][vc_column][vc_column_text]<\/p>\n<p><strong>Educaci\u00f3n para la vida y el desarrollo de la persona<\/strong><\/p>\n<p>[\/vc_column_text][vc_video link=\u00bbhttps:\/\/youtu.be\/Hw0_Iqk_BEY\u00bb css=\u00bb\u00bb][\/vc_column][\/vc_row][vc_row][vc_column width=\u00bb2\/3&#8243;][vc_column_text]<\/p>\n<p style=\"text-align: justify;\">La cooperativa social Fe y Alegr\u00eda Genova ofrece formaci\u00f3n y educaci\u00f3n para j\u00f3venes y adultos, centr\u00e1ndose en los sectores vulnerables, para forjar a las personas como creadoras de su propio desarrollo y del desarrollo de la sociedad.<\/p>\n<p>&nbsp;<\/p>\n<p><strong>Somos parte de una gran familia<\/strong><\/p>\n<p>&nbsp;<\/p>\n<p style=\"text-align: justify;\">Fe y Alegr\u00eda es el movimiento educativo m\u00e1s grande del mundo, vinculado a la Compa\u00f1\u00eda de Jes\u00fas.<br \/>\nSomos parte de las redes de cooperativas sociales Fe y Alegr\u00eda Italia, de la Fundaci\u00f3n Gesuiti Educazione y de la <a href=\"https:\/\/www.feyalegria.org\/\" target=\"_blank\" rel=\"noopener noreferrer\">Federaci\u00f3n Internacional Fe y Alegr\u00eda<\/a>, presente en 22 pa\u00edses y en continua expansi\u00f3n.<\/p>\n<p>[\/vc_column_text][\/vc_column][vc_column width=\u00bb1\/3&#8243;][vc_single_image image=\u00bb7122&#8243; img_size=\u00bbfull\u00bb alignment=\u00bbcenter\u00bb style=\u00bbvc_box_rounded\u00bb][vc_btn title=\u00bbREQUISITOS INSTITUTO IRFEYAL GENOVA\u00bb color=\u00bbdanger\u00bb link=\u00bburl:https%3A%2F%2Fd3pugrm67vf9n7.cloudfront.net%2Fwp-content%2Fuploads%2Fsites%2F6%2F2021%2F05%2F11064123%2FRequisitos-para-matricularse-en-el-Instituto-IRFEYAL-GENOVA-de-Fe-y-Alegr%25C3%25ADa-GENOVA.pdf|title:Requisitos%20IRFEYAL%20Genova%20de%20Fe%20y%20Alegria%20Genova|target:_blank\u00bb][vc_btn title=\u00bbSOLICITUD DE INFORMACI\u00d3N\u00bb color=\u00bbinfo\u00bb link=\u00bburl:https%3A%2F%2Fforms.gle%2Fu9fReiiBNi1p4JFJ6|title:Solicitud%20de%20informaci%C3%B3n|target:_blank\u00bb][vc_btn title=\u00bbWHATSAPP\u00bb color=\u00bbsuccess\u00bb link=\u00bburl:https%3A%2F%2Fapi.whatsapp.com%2Fsend%3Fphone%3D393408094231%26text%3D%C2%A1Hola!%2520Deseo%2520recibir%2520m%25C3%25A1s%2520info.|target:_blank\u00bb][\/vc_column][\/vc_row][vc_row][vc_column]<div style=\"background-color:;height: 30px\" class=\"nicdark_section  \"><\/div>[vc_column_text]<\/p>\n<h3 style=\"text-align: center;\">Centro educativo y formativo para J\u00f3venes y Adultos<\/h3>\n<p>[\/vc_column_text][vc_column_text]<\/p>\n<p><strong>Instituto de Bachiller y cursos de aula abierta<\/strong><\/p>\n<p>[\/vc_column_text][vc_column_text]<\/p>\n<p style=\"text-align: justify;\">Gracias a la colaboraci\u00f3n de Fe y Alegr\u00eda Italia y la Fundaci\u00f3n IRFEYAL Ecuador, Fe y Alegr\u00eda Genova ofrece, en formato semipresencial, el Instituto de Primaria y Secundaria para j\u00f3venes y adultos con la especialidad en:<\/p>\n<p><strong>Bachiller t\u00e9cnico en\u00a0 \u00c1REA T\u00e9cnica TICs Inform\u00e1tica\u00a0<\/strong><\/p>\n<p>Este t\u00edtulo es e<strong>quivalente al Diploma di Secondaria di II Grado italiano \/maturit\u00e0<\/strong>\u00a0y, por lo tanto, v\u00e1lido, una vez realizada su declaraci\u00f3n de valor, para continuar los estudios superiores, universitarios o de formaci\u00f3n t\u00e9cnica, en Italia y en toda la Universidad Andina.<\/p>\n<p>El programa de estudios con especializaci\u00f3n en Inform\u00e1tica cuenta tambi\u00e9n con asignaturas como biolog\u00eda y qu\u00edmica y no vincula en la elecci\u00f3n de la facultad o tipo de estudios t\u00e9cnicos post-diploma.[\/vc_column_text]<div style=\"background-color:;height: 30px\" class=\"nicdark_section  \"><\/div>[vc_column_text]<\/p>\n<h3 style=\"text-align: center;\">Actividad de Formaci\u00f3n: Cursos de Aula Abierta<\/h3>\n<p>[\/vc_column_text][vc_column_text]<\/p>\n<p style=\"text-align: justify;\">Actualmente impartimos un <strong>Curso de Italiano<\/strong> y un <strong>Curso de Guitarra<\/strong>.<\/p>\n<p>[\/vc_column_text]<div style=\"background-color:;height: 30px\" class=\"nicdark_section  \"><\/div>[vc_column_text]<\/p>\n<h3 style=\"text-align: center;\">Nuestra sede se encuentra en Corso Martinetti 176 R, Sampierdarena, G\u00e9nova\u00a0 (local cerca de <em>Corso Martinetti<\/em>\u00a0100,\u00a0<em>G\u00e9nova)<\/em><\/h3>\n<p>[\/vc_column_text][vc_column_text]<\/p>\n<p style=\"text-align: center;\">Se informa que la Secretar\u00eda atiende en la sede en horarios establecidos previa cita solicitada por mail o tel\u00e9fono.<\/p>\n<p>[\/vc_column_text][\/vc_column][\/vc_row][vc_row][vc_column width=\u00bb1\/3&#8243;][vc_gmaps link=\u00bb#E-8_JTNDaWZyYW1lJTIwc3JjJTNEJTIyaHR0cHMlM0ElMkYlMkZ3d3cuZ29vZ2xlLmNvbSUyRm1hcHMlMkZlbWJlZCUzRnBiJTNEJTIxMW0xOCUyMTFtMTIlMjExbTMlMjExZDMzODguOTA3NzcxMTU4NTc3JTIxMmQ4Ljg5Mjk0OTQzNTk3MTAzNyUyMTNkNDQuNDE4MzgyOTY1MTQ5ODc0JTIxMm0zJTIxMWYwJTIxMmYwJTIxM2YwJTIxM20yJTIxMWkxMDI0JTIxMmk3NjglMjE0ZjEzLjElMjEzbTMlMjExbTIlMjExczB4MTJkMzQxMjM4NWExZWRiOSUyNTNBMHg3MzA0YjgzN2FkZDc5YmUlMjEyc0ZlJTI1MjB5JTI1MjBBbGVncmlhJTI1MjBHZW5vdmEtJTI1MjBJUkZFWUFMJTIxNWUwJTIxM20yJTIxMXNlcyUyMTJzaXQlMjE0djE2NzUyNjE3MjIwMjQlMjE1bTIlMjExc2VzJTIxMnNpdCUyMiUyMHdpZHRoJTNEJTIyNjAwJTIyJTIwaGVpZ2h0JTNEJTIyNDUwJTIyJTIwc3R5bGUlM0QlMjJib3JkZXIlM0EwJTNCJTIyJTIwYWxsb3dmdWxsc2NyZWVuJTNEJTIyJTIyJTIwbG9hZGluZyUzRCUyMmxhenklMjIlMjByZWZlcnJlcnBvbGljeSUzRCUyMm5vLXJlZmVycmVyLXdoZW4tZG93bmdyYWRlJTIyJTNFJTNDJTJGaWZyYW1lJTNF\u00bb css=\u00bb\u00bb][\/vc_column][vc_column width=\u00bb2\/3&#8243;][vc_column_text css=\u00bb\u00bb]<\/p>\n<h4 style=\"text-align: center;\">Horarios de atenci\u00f3n<\/h4>\n<p>[\/vc_column_text][vc_column_text css=\u00bb\u00bb]<\/p>\n<h4 style=\"text-align: center;\">Martes, jueves y s\u00e1bado<br \/>\nde 10.30 a 17.00h<br \/>\nhorario continuado<\/h4>\n<p>[\/vc_column_text][vc_row_inner][vc_column_inner width=\u00bb1\/3&#8243; alignment=\u00bbcenter\u00bb][vc_icon icon_fontawesome=\u00bbfas fa-phone-alt\u00bb color=\u00bbcustom\u00bb background_style=\u00bbrounded-less-outline\u00bb background_color=\u00bbcustom\u00bb align=\u00bbcenter\u00bb custom_background_color=\u00bb#aa0f16&#8243; custom_color=\u00bb#aa0f16&#8243;][vc_column_text]<\/p>\n<p style=\"text-align: lefth;\"><strong>Tel\u00e9fono:<\/strong> +39 340 809 4231<\/p>\n<p>[\/vc_column_text][\/vc_column_inner][vc_column_inner width=\u00bb1\/3&#8243;][vc_icon icon_fontawesome=\u00bbfas fa-envelope-open-text\u00bb color=\u00bbcustom\u00bb background_style=\u00bbrounded-less-outline\u00bb background_color=\u00bbcustom\u00bb align=\u00bbcenter\u00bb link=\u00bb|||\u00bb custom_color=\u00bb#aa0f16&#8243; custom_background_color=\u00bb#aa0f16&#8243;][vc_column_text]<\/p>\n<h5 style=\"text-align: lefth;\"><strong><span style=\"color: #cc0000;\"><strong><a href=\"mailto:matricula.genova@feyalegria.it\" target=\"_blank\" rel=\"noopener noreferrer\">matricula.genova@feyalegria.it<\/a><\/strong><\/span><\/strong><\/h5>\n<p>[\/vc_column_text][\/vc_column_inner][vc_column_inner width=\u00bb1\/3&#8243; alignment=\u00bbcenter\u00bb][vc_icon icon_fontawesome=\u00bbfab fa-facebook-f\u00bb color=\u00bbcustom\u00bb background_style=\u00bbrounded-less-outline\u00bb background_color=\u00bbcustom\u00bb align=\u00bbcenter\u00bb custom_color=\u00bb#aa0f16&#8243; custom_background_color=\u00bb#aa0f16&#8243;][vc_column_text]<\/p>\n<p style=\"text-align: lefth;\"><a href=\"https:\/\/https:\/\/www.facebook.com\/FeyAlegriaGenova\/\" target=\"_blank\" rel=\"noopener noreferrer\">Fe y Alegria Genova- Irfeyal<\/a><\/p>\n<p>[\/vc_column_text][\/vc_column_inner][\/vc_row_inner][\/vc_column][\/vc_row][vc_row][vc_column][accordion_father titlemargin=\u00bb2&#8243;][accordion_son gradientbg=\u00bb\u00bb borderwidth=\u00bb1px 0px 0px 0px\u00bb height=\u00bb\u00bb title=\u00bbPara matricularse en el Instituto IRFEYAL &#8211; Primaria y Secundaria para J\u00f3venes y Adultos\u00bb clr=\u00bb#aa0f16&#8243; bgclr=\u00bb#f3f3f3&#8243; borderclr=\u00bb#aa0f16&#8243;]<strong>Requisitos:<\/strong><\/p>\n<p><strong>1.- Documentos personales:<\/strong><\/p>\n<ul>\n<li>Pasaporte original y dos fotocopias a color<\/li>\n<li>C\u00f3digo fiscal y una fotocopia<\/li>\n<\/ul>\n<p><strong>2.-Certificados de estudio:<\/strong><\/p>\n<ol>\n<li><strong> Para estudiantes provenientes de Ecuador:<\/strong><\/li>\n<\/ol>\n<ul>\n<li>Certificado de primaria en original y fotocopia.<\/li>\n<li>Certificados de matr\u00edculas y certificados de promociones de los cursos aprobados en original y fotocopias.<\/li>\n<\/ul>\n<ol>\n<li><strong> Para estudiantes provenientes del Per\u00fa:<\/strong><\/li>\n<\/ol>\n<ul>\n<li>Certificado de primaria en original con la apostilla del Ministerio de Relaciones Exteriores del Per\u00fa y timbres del Ministerio de Educaci\u00f3n del Per\u00fa y fotocopia a color.<\/li>\n<li>Certificado de la secundaria en original con la apostilla del Ministerio de Relaciones Exteriores del Per\u00fa y timbres del Ministerio de Educaci\u00f3n del Per\u00fa y fotocopia a color.<\/li>\n<\/ul>\n<ol>\n<li><strong> Para estudiantes provenientes de colegio italiano:<\/strong><\/li>\n<\/ol>\n<ul>\n<li>Certificado de haber terminado la escuela primaria italiana, se lo solicita a la dirigente de la escuela en donde termin\u00f3 la quinta elementare).<\/li>\n<li>Libretas escolares en original de la primera, segunda y tercera de la escuela secundaria de primer grado.<\/li>\n<li>Libretas escolares en original de la primera, segunda, tercera y cuarta de la escuela secundaria de segundo grado, (las libretas aprobadas de los a\u00f1os de estudios).<\/li>\n<\/ul>\n<p><strong>*** Para los otros pa\u00edses hermanos de latinoamerica les daremos los requisitos pertinentes a los a\u00f1os de estudios previa una cita .<\/strong><\/p>\n<p><strong>\u00a0<\/strong><\/p>\n<p><strong>Para mayor informaci\u00f3n:<\/strong><\/p>\n<ul>\n<li>G\u00e9nova: puede contactarnos a trav\u00e9s de whatsApp al n\u00famero +39 340 809 4231 o v\u00eda email:\u00a0 <a href=\"mailto:coordinatore.amministrativo.genova@feyalegria.it\">coordinatore.amministrativo.genova@feyalegria.it<\/a><\/li>\n<\/ul>\n<p><strong>Nota 1:<\/strong> Nuestra instituci\u00f3n ofrece a nuestros estudiantes el servicio de traducci\u00f3n de todos los documento escolares italianos.<\/p>\n<p><strong>Nota 2:<\/strong> Cabe se\u00f1alar que el t\u00edtulo que le entregamos viene otorgado por el Ministerio de Educaci\u00f3n y Cultura del Ecuador, para que sea v\u00e1lido en Italia se debe realizar la declaraci\u00f3n de valores en la Embajada Italiana en Quito. Dicho tr\u00e1mite lo ofrece nuestra instituci\u00f3n.[\/accordion_son][accordion_son gradientbg=\u00bb\u00bb borderwidth=\u00bb1px 0px 1px 0px\u00bb borderwidth2=\u00bb0px 0px 1px 0px\u00bb height=\u00bb\u00bb titlemargin=\u00bb5&#8243; title=\u00bbProceso de Inscripci\u00f3n\u00bb clr=\u00bb#aa0f16&#8243; bgclr=\u00bb#f3f3f3&#8243; borderclr=\u00bb#aa0f16&#8243; borderclr2=\u00bb#aa0f16&#8243;]<strong>\u00bfC\u00f3mo realizar la inscripci\u00f3n?<\/strong><\/p>\n<p>Escribir a <a href=\"mailto:coordinatore.amministrativo.genova@feyalegria.it\" target=\"_blank\" rel=\"noopener noreferrer\"><strong>coordinatore.amministrativo.genova@feyalegria.it<\/strong><\/a> para solicitar una cita y presentar los documentos en segreteria.<\/p>\n<p><strong>\u00bfCu\u00e1ndo realizar la inscripci\u00f3n?<\/strong><\/p>\n<p>La inscripci\u00f3n se realiza desde junio a finales de septiembre \/ El curso va desde finales de septiembre a junio.[\/accordion_son][\/accordion_father][vc_column_text]<\/p>\n<p align=\"right\">Descarga aqu\u00ed <strong><a href=\"https:\/\/d3pugrm67vf9n7.cloudfront.net\/wp-content\/uploads\/sites\/6\/2021\/05\/11064123\/Requisitos-para-matricularse-en-el-Instituto-IRFEYAL-GENOVA-de-Fe-y-Alegr%C3%ADa-GENOVA.pdf\" target=\"_blank\" rel=\"noopener noreferrer\"><strong>Requisitos para la matr\u00edcula<\/strong><\/a> <\/strong><\/p>\n<p>[\/vc_column_text][\/vc_column][\/vc_row][vc_row css=\u00bb.vc_custom_1597023153293{padding-top: 40px !important;}\u00bb][vc_column][vc_column_text]<\/p>\n<h3 style=\"text-align: center;\">Colabora<\/h3>\n<p>[\/vc_column_text][vc_column_text]<\/p>\n<p style=\"text-align: justify;\">Nos puedes ayudar a sostener la actividad de la cooperativa social Fe y Alegria Genova de tres formas:<\/p>\n<p>[\/vc_column_text][\/vc_column][\/vc_row][vc_row css=\u00bb.vc_custom_1597026425362{padding-top: 20px !important;}\u00bb][vc_column width=\u00bb1\/3&#8243;]<div data-id=\"mpc_icon_column-6769e15520bf25d\" class=\"mpc-icon-column mpc-init mpc-parent-hover mpc-transition mpc-icon-column--style_1 mpc-align--center \" ><div data-id=\"mpc_icon-569e15520bf2ba\" class=\"mpc-icon mpc-init mpc-transition mpc-effect-fade mpc-icon-hover mpc-icon--character \"><div class=\"mpc-icon-wrap\"><i class=\"mpc-icon-part mpc-regular mpc-transition \">1<\/i><i class=\"mpc-icon-part mpc-hover mpc-transition \">1<\/i><\/div><\/div><div class=\"mpc-icon-column__content-wrap\"><div class=\"mpc-icon-column__content\"><h3 class=\"mpc-icon-column__heading mpc-transition\">Donar<\/h3><div class=\"mpc-icon-column__description mpc-transition\"><p>A trav\u00e9s de una trasferencia a:<br \/>\n<strong>Fe y Alegr\u00eda Genova<\/strong><br \/>\nIBAN: <strong>IT09 V010 0501 4000 0000 0005 040<\/strong><br \/>\nSWIFT\/BIC: <strong>BNLIITRR<\/strong><\/p>\n<p align=\"justify\"><strong>Individuos y empresas se pueden deducir y detraer fiscalmente, dentro de los l\u00edmites indicados por la ley, de las donaciones realizadas a una cooperativa social. En caso de realizar una donaci\u00f3n por transferencia si desea recibir la \u00abRicevuta di Erogazione Liberale (Donazione)\u00bb es preciso que nos env\u00ede el justificante de ingreso junto con su nombre completo, codice fiscale y domicilio a <a href=\"mailto:comunicazione@feyalegria.it\" target=\"_blank\" rel=\"noopener noreferrer\"><strong>comunicazione@feyalegria.it<\/strong><\/a><\/strong><\/p>\n<p>.<\/p>\n<\/div><\/div><\/div><\/div>[\/vc_column][vc_column width=\u00bb1\/3&#8243;]<div data-id=\"mpc_icon_column-3669e15520bf488\" class=\"mpc-icon-column mpc-init mpc-parent-hover mpc-transition mpc-icon-column--style_1 mpc-align--center \" ><div data-id=\"mpc_icon-3569e15520bf4c8\" class=\"mpc-icon mpc-init mpc-transition mpc-effect-fade mpc-icon-hover mpc-icon--character \"><div class=\"mpc-icon-wrap\"><i class=\"mpc-icon-part mpc-regular mpc-transition \">2<\/i><i class=\"mpc-icon-part mpc-hover mpc-transition \">2<\/i><\/div><\/div><div class=\"mpc-icon-column__content-wrap\"><div class=\"mpc-icon-column__content\"><h3 class=\"mpc-icon-column__heading mpc-transition\">Destinando el 5x1000<\/h3><div class=\"mpc-icon-column__description mpc-transition\"><p>Libre destino sobre tus impuestos a <strong>Fe y Alegr\u00eda Genova<\/strong><br \/>\ncodice fiscale: <strong>02264640992<\/strong><\/p>\n<p align=\"justify\"><strong>El Estado Italiano permite que elijas a qu\u00e9 entidad destinar parte de los impuestos que pagas sea en el modelo que declara la renta (730 o Ex Unico) o si no tienes que declarar tambi\u00e9n en el modelo CU. Esta elecci\u00f3n no comporta ning\u00fan gasto para ti.<br \/>\n<\/strong><\/p>\n<p>&nbsp;<\/p>\n<p>&nbsp;<\/p>\n<p>&nbsp;<\/p>\n<p>&nbsp;<\/p>\n<p>&nbsp;<\/p>\n<p>&nbsp;<\/p>\n<p>&nbsp;<\/p>\n<\/div><\/div><\/div><\/div>[\/vc_column][vc_column width=\u00bb1\/3&#8243;]<div data-id=\"mpc_icon_column-7769e15520bf66e\" class=\"mpc-icon-column mpc-init mpc-parent-hover mpc-transition mpc-icon-column--style_1 mpc-align--center \" ><div data-id=\"mpc_icon-7569e15520bf6a8\" class=\"mpc-icon mpc-init mpc-transition mpc-effect-fade mpc-icon-hover mpc-icon--character \"><div class=\"mpc-icon-wrap\"><i class=\"mpc-icon-part mpc-regular mpc-transition \">3<\/i><i class=\"mpc-icon-part mpc-hover mpc-transition \">3<\/i><\/div><\/div><div class=\"mpc-icon-column__content-wrap\"><div class=\"mpc-icon-column__content\"><h3 class=\"mpc-icon-column__heading mpc-transition\">Ser Voluntario<\/h3><div class=\"mpc-icon-column__description mpc-transition\"><p>Convirti\u00e9ndote en voluntario tambi\u00e9n nos apoyas, si est\u00e1s interesado o interesada<br \/>\ncont\u00e1ctanos a <a href=\"mailto:info@feyalegria.it\" target=\"_blank\" rel=\"noopener noreferrer\"><strong>info@feyalegria.it<\/strong><\/a><\/p>\n<p>&nbsp;<\/p>\n<p>&nbsp;<\/p>\n<p>&nbsp;<\/p>\n<p>&nbsp;<\/p>\n<p>&nbsp;<\/p>\n<p>&nbsp;<\/p>\n<p>&nbsp;<\/p>\n<p>&nbsp;<\/p>\n<p>&nbsp;<\/p>\n<p>&nbsp;<\/p>\n<p>&nbsp;<\/p>\n<p>&nbsp;<\/p>\n<p>&nbsp;<\/p>\n<\/div><\/div><\/div><\/div>[\/vc_column][\/vc_row][vc_row css=\u00bb.vc_custom_1593486226438{background-position: center !important;background-repeat: no-repeat !important;background-size: cover !important;}\u00bb][vc_column]<div style=\"background-color:;height: 30px\" class=\"nicdark_section  \"><\/div>[vc_column_text]<\/p>\n<h3 style=\"text-align: center;\">Preguntas Frecuentes<\/h3>\n<p>[\/vc_column_text][accordion_father][accordion_son gradientbg=\u00bb\u00bb borderwidth=\u00bb1px 0px 0px 0px\u00bb height=\u00bb\u00bb title=\u00bb1. \u00bfQui\u00e9n entrega el t\u00edtulo?\u00bb clr=\u00bb#aa0f16&#8243; bgclr=\u00bb#f3f3f3&#8243; borderclr=\u00bb#aa0f16&#8243;]El Ministerio de Educaci\u00f3n de la Rep\u00fablica del Ecuador.[\/accordion_son][accordion_son gradientbg=\u00bb\u00bb borderwidth=\u00bb1px 0px 0px 0px\u00bb height=\u00bb\u00bb titlemargin=\u00bb5&#8243; title=\u00bb2. \u00bfC\u00f3mo se valida el t\u00edtulo en Italia?\u00bb clr=\u00bb#aa0f16&#8243; bgclr=\u00bb#f3f3f3&#8243; borderclr=\u00bb#aa0f16&#8243;]<\/p>\n<p style=\"text-align: justify;\">La declaraci\u00f3n de valor debe hacerse en la Embajada de Italia en Quito-Ecuador.<\/p>\n<p>[\/accordion_son][accordion_son borderwidth=\u00bb1px 0px 0px 0px\u00bb height=\u00bb\u00bb titlemargin=\u00bb5&#8243; title=\u00bb3. \u00bfNecesita ayuda para hacer la declaraci\u00f3n de valor?\u00bb clr=\u00bb#aa0f16&#8243; bgclr=\u00bb#f3f3f3&#8243; borderclr=\u00bb#aa0f16&#8243;]<\/p>\n<p style=\"text-align: justify;\">La Cooperativa Social Fe y Alegr\u00eda Genova ofrece este servicio, pero la parte interesada tambi\u00e9n puede hacerlo directamente. La informaci\u00f3n est\u00e1 disponible en el sitio web de la Embajada de Italia en Ecuador<\/p>\n<p>[\/accordion_son][accordion_son gradientbg=\u00bb\u00bb borderwidth=\u00bb1px 0px 0px 0px\u00bb height=\u00bb\u00bb titlemargin=\u00bb5&#8243; title=\u00bb4. Soy ciudadano latinoamericano y no he completado mis estudios secundarios en Italia. \u00bfPuedo seguir estudiando en esta escuela?\u00bb clr=\u00bb#aa0f16&#8243; bgclr=\u00bb#f3f3f3&#8243; borderclr=\u00bb#aa0f16&#8243;]<\/p>\n<p style=\"text-align: justify;\">Por supuesto que s\u00ed, todos los estudios realizados son equivalentes. Cont\u00e1ctenos para m\u00e1s informaci\u00f3n: <strong>coordinatore.amministrativo.genova@feyalegria.it<\/strong> o al n\u00famero +39 340 809 4231.<\/p>\n<p>[\/accordion_son][accordion_son borderwidth=\u00bb1px 0px 0px 0px\u00bb height=\u00bb\u00bb titlemargin=\u00bb5&#8243; title=\u00bb5. Soy un ciudadano latinoamericano \u00bfpuedo estudiar y obtener el diploma para ir a la universidad sin regresar a mi pa\u00eds?\u00bb clr=\u00bb#aa0f16&#8243; bgclr=\u00bb#f3f3f3&#8243; borderclr=\u00bb#aa0f16&#8243;]<\/p>\n<p style=\"text-align: justify;\">S\u00ed, todos los ciudadanos con 11 a\u00f1os de escuela pueden obtener el diploma que certifica los 12\/13 a\u00f1os de escuela secundaria necesarios para inscribirse en la Universidad.<\/p>\n<p>[\/accordion_son][accordion_son gradientbg=\u00bb\u00bb borderwidth=\u00bb1px 0px 1px 0px\u00bb borderwidth2=\u00bb0px 0px 1px 0px\u00bb height=\u00bb\u00bb titlemargin=\u00bb5&#8243; title=\u00bb6. \u00bfCu\u00e1ndo se imparten las lecciones?\u00bb clr=\u00bb#aa0f16&#8243; bgclr=\u00bb#f3f3f3&#8243; borderclr=\u00bb#aa0f16&#8243; borderclr2=\u00bb#aa0f16&#8243;]<\/p>\n<p style=\"text-align: justify;\">El horario de clase a\u00f1o lectivo 2021-2022: martes y jueves online de 17h a 22h y s\u00e1bado presencial de 14h a 19h.<\/p>\n<p>[\/accordion_son][\/accordion_father][vc_single_image image=\u00bb5922&#8243; alignment=\u00bbcenter\u00bb][\/vc_column][\/vc_row]<\/p>\n<\/div>","protected":false},"excerpt":{"rendered":"<p>[vc_row][vc_column][vc_column_text] Educaci\u00f3n para la vida y el desarrollo de la persona [\/vc_column_text][vc_video link=\u00bbhttps:\/\/youtu.be\/Hw0_Iqk_BEY\u00bb css=\u00bb\u00bb][\/vc_column][\/vc_row][vc_row][vc_column width=\u00bb2\/3&#8243;][vc_column_text] La cooperativa social Fe y Alegr\u00eda Genova ofrece formaci\u00f3n y educaci\u00f3n para j\u00f3venes y adultos, centr\u00e1ndose en los sectores vulnerables, para forjar a las personas como creadoras de su propio desarrollo y del desarrollo de la sociedad. &nbsp; Somos parte<\/p>\n","protected":false},"author":19,"featured_media":0,"parent":0,"menu_order":0,"comment_status":"closed","ping_status":"closed","template":"","meta":{"_acf_changed":false,"footnotes":""},"folder":[],"class_list":["post-4931","page","type-page","status-publish","hentry"],"acf":[],"yoast_head":"<!-- This site is optimized with the Yoast SEO plugin v27.2 - https:\/\/yoast.com\/product\/yoast-seo-wordpress\/ -->\n<title>Fe y Alegr\u00eda Genova - #SomosFeyAlegria en Italia<\/title>\n<meta name=\"robots\" content=\"index, follow, max-snippet:-1, max-image-preview:large, max-video-preview:-1\" \/>\n<link rel=\"canonical\" href=\"https:\/\/www.feyalegria.org\/italia\/fe-y-alegria-genova\/\" \/>\n<meta property=\"og:locale\" content=\"es_ES\" \/>\n<meta property=\"og:type\" content=\"article\" \/>\n<meta property=\"og:title\" content=\"Fe y Alegr\u00eda Genova - #SomosFeyAlegria en Italia\" \/>\n<meta property=\"og:description\" content=\"[vc_row][vc_column][vc_column_text] Educaci\u00f3n para la vida y el desarrollo de la persona [\/vc_column_text][vc_video link=\u00bbhttps:\/\/youtu.be\/Hw0_Iqk_BEY\u00bb css=\u00bb\u00bb][\/vc_column][\/vc_row][vc_row][vc_column width=\u00bb2\/3&#8243;][vc_column_text] La cooperativa social Fe y Alegr\u00eda Genova ofrece formaci\u00f3n y educaci\u00f3n para j\u00f3venes y adultos, centr\u00e1ndose en los sectores vulnerables, para forjar a las personas como creadoras de su propio desarrollo y del desarrollo de la sociedad. &nbsp; Somos parte\" \/>\n<meta property=\"og:url\" content=\"https:\/\/www.feyalegria.org\/italia\/fe-y-alegria-genova\/\" \/>\n<meta property=\"og:site_name\" content=\"#SomosFeyAlegria en Italia\" \/>\n<meta property=\"article:modified_time\" content=\"2025-06-13T08:23:37+00:00\" \/>\n<meta name=\"twitter:card\" content=\"summary_large_image\" \/>\n<meta name=\"twitter:label1\" content=\"Tiempo de lectura\" \/>\n\t<meta name=\"twitter:data1\" content=\"8 minutos\" \/>\n<script type=\"application\/ld+json\" class=\"yoast-schema-graph\">{\"@context\":\"https:\/\/schema.org\",\"@graph\":[{\"@type\":\"WebPage\",\"@id\":\"https:\/\/www.feyalegria.org\/italia\/fe-y-alegria-genova\/\",\"url\":\"https:\/\/www.feyalegria.org\/italia\/fe-y-alegria-genova\/\",\"name\":\"Fe y Alegr\u00eda Genova - #SomosFeyAlegria en Italia\",\"isPartOf\":{\"@id\":\"https:\/\/www.feyalegria.org\/italia\/#website\"},\"datePublished\":\"2020-09-02T16:28:27+00:00\",\"dateModified\":\"2025-06-13T08:23:37+00:00\",\"inLanguage\":\"es\",\"potentialAction\":[{\"@type\":\"ReadAction\",\"target\":[\"https:\/\/www.feyalegria.org\/italia\/fe-y-alegria-genova\/\"]}]},{\"@type\":\"WebSite\",\"@id\":\"https:\/\/www.feyalegria.org\/italia\/#website\",\"url\":\"https:\/\/www.feyalegria.org\/italia\/\",\"name\":\"#SomosFeyAlegria en Italia\",\"description\":\"Movimiento de Educaci\u00f3n Popular y Promoci\u00f3n Social\",\"potentialAction\":[{\"@type\":\"SearchAction\",\"target\":{\"@type\":\"EntryPoint\",\"urlTemplate\":\"https:\/\/www.feyalegria.org\/italia\/?s={search_term_string}\"},\"query-input\":{\"@type\":\"PropertyValueSpecification\",\"valueRequired\":true,\"valueName\":\"search_term_string\"}}],\"inLanguage\":\"es\"}]}<\/script>\n<!-- \/ Yoast SEO plugin. -->","yoast_head_json":{"title":"Fe y Alegr\u00eda Genova - #SomosFeyAlegria en Italia","robots":{"index":"index","follow":"follow","max-snippet":"max-snippet:-1","max-image-preview":"max-image-preview:large","max-video-preview":"max-video-preview:-1"},"canonical":"https:\/\/www.feyalegria.org\/italia\/fe-y-alegria-genova\/","og_locale":"es_ES","og_type":"article","og_title":"Fe y Alegr\u00eda Genova - #SomosFeyAlegria en Italia","og_description":"[vc_row][vc_column][vc_column_text] Educaci\u00f3n para la vida y el desarrollo de la persona [\/vc_column_text][vc_video link=\u00bbhttps:\/\/youtu.be\/Hw0_Iqk_BEY\u00bb css=\u00bb\u00bb][\/vc_column][\/vc_row][vc_row][vc_column width=\u00bb2\/3&#8243;][vc_column_text] La cooperativa social Fe y Alegr\u00eda Genova ofrece formaci\u00f3n y educaci\u00f3n para j\u00f3venes y adultos, centr\u00e1ndose en los sectores vulnerables, para forjar a las personas como creadoras de su propio desarrollo y del desarrollo de la sociedad. &nbsp; Somos parte","og_url":"https:\/\/www.feyalegria.org\/italia\/fe-y-alegria-genova\/","og_site_name":"#SomosFeyAlegria en Italia","article_modified_time":"2025-06-13T08:23:37+00:00","twitter_card":"summary_large_image","twitter_misc":{"Tiempo de lectura":"8 minutos"},"schema":{"@context":"https:\/\/schema.org","@graph":[{"@type":"WebPage","@id":"https:\/\/www.feyalegria.org\/italia\/fe-y-alegria-genova\/","url":"https:\/\/www.feyalegria.org\/italia\/fe-y-alegria-genova\/","name":"Fe y Alegr\u00eda Genova - #SomosFeyAlegria en Italia","isPartOf":{"@id":"https:\/\/www.feyalegria.org\/italia\/#website"},"datePublished":"2020-09-02T16:28:27+00:00","dateModified":"2025-06-13T08:23:37+00:00","inLanguage":"es","potentialAction":[{"@type":"ReadAction","target":["https:\/\/www.feyalegria.org\/italia\/fe-y-alegria-genova\/"]}]},{"@type":"WebSite","@id":"https:\/\/www.feyalegria.org\/italia\/#website","url":"https:\/\/www.feyalegria.org\/italia\/","name":"#SomosFeyAlegria en Italia","description":"Movimiento de Educaci\u00f3n Popular y Promoci\u00f3n Social","potentialAction":[{"@type":"SearchAction","target":{"@type":"EntryPoint","urlTemplate":"https:\/\/www.feyalegria.org\/italia\/?s={search_term_string}"},"query-input":{"@type":"PropertyValueSpecification","valueRequired":true,"valueName":"search_term_string"}}],"inLanguage":"es"}]}},"_links":{"self":[{"href":"https:\/\/www.feyalegria.org\/italia\/wp-json\/wp\/v2\/pages\/4931","targetHints":{"allow":["GET"]}}],"collection":[{"href":"https:\/\/www.feyalegria.org\/italia\/wp-json\/wp\/v2\/pages"}],"about":[{"href":"https:\/\/www.feyalegria.org\/italia\/wp-json\/wp\/v2\/types\/page"}],"author":[{"embeddable":true,"href":"https:\/\/www.feyalegria.org\/italia\/wp-json\/wp\/v2\/users\/19"}],"replies":[{"embeddable":true,"href":"https:\/\/www.feyalegria.org\/italia\/wp-json\/wp\/v2\/comments?post=4931"}],"version-history":[{"count":0,"href":"https:\/\/www.feyalegria.org\/italia\/wp-json\/wp\/v2\/pages\/4931\/revisions"}],"wp:attachment":[{"href":"https:\/\/www.feyalegria.org\/italia\/wp-json\/wp\/v2\/media?parent=4931"}],"wp:term":[{"taxonomy":"folder","embeddable":true,"href":"https:\/\/www.feyalegria.org\/italia\/wp-json\/wp\/v2\/folder?post=4931"}],"curies":[{"name":"wp","href":"https:\/\/api.w.org\/{rel}","templated":true}]}}