{"id":5647,"date":"2021-02-04T18:16:29","date_gmt":"2021-02-04T23:16:29","guid":{"rendered":"https:\/\/www.feyalegria.org\/italia\/?page_id=5647"},"modified":"2021-02-15T15:24:21","modified_gmt":"2021-02-15T20:24:21","slug":"chi-siamo","status":"publish","type":"page","link":"https:\/\/www.feyalegria.org\/italia\/chi-siamo\/","title":{"rendered":"Chi Siamo"},"content":{"rendered":"<div class=\"wpb-content-wrapper\"><p>[vc_row][vc_column width=\u00bb1\/2&#8243;][vc_column_text]<\/p>\n<p style=\"text-align: justify\">Fe y Alegria \u00e8 il Movimento di Educazione e Promozione Sociale delle persone pi\u00f9 vulnerabili della Compagnia di Ges\u00f9.<\/p>\n<p style=\"text-align: justify\">La pi\u00f9 grande rete di Educazione al mondo, fondata in 1955 a Venezuela da p. Jos\u00e9 Mar\u00eda V\u00e9laz, attualmente presente in 22 paesi, tre continenti (Sudamerica, Europa e Africa) e in spansione.<\/p>\n<p style=\"text-align: justify\">In Italia, da quasi vent\u2019anni, accompagniamo giovani e adulti in percorsi educativi di integrazione e valorizzazione del talento. Formiamo cittadini del mondo, competenti e responsabili, attenti verso gli altri e verso l\u2019ambiente.<\/p>\n<p style=\"text-align: justify\">Le cooperative sociali <strong>Fe y Alegria Milano<\/strong>, <strong>Fe y Alegria Genova<\/strong> e <strong>Fe y Alegria Roma<\/strong> costituiscono la rete Fe y Alegria Italia.<\/p>\n<p>[\/vc_column_text][\/vc_column][vc_column width=\u00bb1\/2&#8243;][vc_single_image image=\u00bb4525&#8243; img_size=\u00bbfull\u00bb alignment=\u00bbcenter\u00bb style=\u00bbvc_box_rounded\u00bb css=\u00bb.vc_custom_1596508840420{padding-top: 15px !important;}\u00bb][\/vc_column][\/vc_row][vc_row][vc_column][vc_column_text]<\/p>\n<p style=\"text-align: justify\">Fa parte dei network educativi <a href=\"http:\/\/www.feyalegria.org\" target=\"_blank\" rel=\"noopener noreferrer\"><strong>Federaci\u00f3n Internacional Fe y Alegr\u00eda<\/strong><\/a> e della<a href=\"http:\/\/educazione.gesuiti.it\/\" target=\"_blank\" rel=\"noopener noreferrer\"><strong>Fondazione Gesuiti Educazione<\/strong><\/a>. Anche della <strong>Jesuit Social Network.<\/strong><\/p>\n<p>[\/vc_column_text][\/vc_column][\/vc_row][vc_row][vc_column]<div style=\"background-color:;height: 30px\" class=\"nicdark_section  \"><\/div>[\/vc_column][\/vc_row][vc_row][vc_column width=\u00bb2\/3&#8243; css=\u00bb.vc_custom_1597006910195{padding-right: 40px !important;}\u00bb][vc_column_text css=\u00bb.vc_custom_1612814590681{padding-right: 40px !important;}\u00bb]<\/p>\n<h3 style=\"text-align: left\">Progetti in Italia<\/h3>\n<p>[\/vc_column_text][vc_column_text]<\/p>\n<ul>\n<li style=\"text-align: justify\">In collaborazione con l'\u00bbInstituto Radiof\u00f3nico Fe y Alegr\u00eda\u00bb <strong>IRFEYAL Ecuador<\/strong> offre in Italia il programma semi-presenziale per l&#8217;Istruzione Primaria e Secondaria di giovani e adulti.<\/li>\n<li style=\"text-align: justify\">Corso di Spagnolo nel Centro Penitenziario di Rebbibia (Roma)<\/li>\n<li style=\"text-align: justify\">Corsi di formazione di lingue, Informatica (ECDL), formazione professionale.<\/li>\n<\/ul>\n<p>[\/vc_column_text][\/vc_column][vc_column width=\u00bb1\/3&#8243; css=\u00bb.vc_custom_1599868607522{background-color: #f3f3f3 !important;}\u00bb][vc_single_image image=\u00bb5761&#8243; img_size=\u00bb200&#215;200&#8243; alignment=\u00bbcenter\u00bb style=\u00bbvc_box_circle_2&#8243;][vc_column_text css=\u00bb.vc_custom_1612812775856{padding-right: 30px !important;padding-left: 30px !important;}\u00bb]<\/p>\n<h4 style=\"text-align: center\"><strong><span style=\"color: #000000\">Educazione integrale, inclusiva e di qualit\u00e0 per giovani e adulti, in situazioni di vulnerabilit\u00e0, che permetta loro di diventare attori nella costruzione di sistemi sociali pi\u00f9 giusti per tutti.<br \/>\nEducare per trasformare.<br \/>\n<\/span><\/strong><\/h4>\n<p>[\/vc_column_text][\/vc_column][\/vc_row][vc_row][vc_column]<div style=\"background-color:;height: 30px\" class=\"nicdark_section  \"><\/div>[\/vc_column][\/vc_row][vc_row][vc_column width=\u00bb2\/3&#8243;][vc_column_text css=\u00bb.vc_custom_1612814962313{padding-right: 40px !important;}\u00bb]<\/p>\n<h3 style=\"text-align: left\">La nostra storia<\/h3>\n<p>[\/vc_column_text][accordion_father active=\u00bb0&#8243; titlemargin=\u00bb\u00bb icon=\u00bbfas fa-book-reader\u00bb][accordion_son gradientbg=\u00bb\u00bb borderwidth=\u00bb1px 0px 0px 0px\u00bb height=\u00bb\u00bb clr=\u00bb#cc0000&#8243; title=\u00bbInizia con il sogno di offrire ai migranti la possibilit\u00e0 di continuare i loro studi\u00bb bgclr=\u00bb#f3f3f3&#8243; borderclr=\u00bb#aa0f16&#8243;]<\/p>\n<p style=\"text-align: justify\">Considerando i cambiamenti sociali dovuti alla forte immigrazione, le sorelle Pilar e Narcisa Soria con p.Valent\u00edn Men\u00e9ndez S.J. e p.Gerardo Arango S.J. e con la benedizione di padre Kolvenbach S.J. Superiore della Compagnia di Ges\u00f9, attivano l&#8217;organizzazione socio-educativa che permette di inaugurare, il 16 settembre 2001 a Roma, la prima scuola che inizia ad operare grazie ad una convenzione con IRFEYAL &#8211; Ecuador, una delle scuole della rete FE Y ALEGR\u00cdA, che garantisce, attraverso il Ministero dell&#8217;Educazione dell&#8217;Ecuador, il riconoscimento in Italia del titolo di studio conseguito. Questo programma consente a persone che hanno studiato in Latinoamerica di continuare i loro studi.<\/p>\n<p>[\/accordion_son][accordion_son gradientbg=\u00bb\u00bb borderwidth=\u00bb1px 0px 1px 0px\u00bb height=\u00bb\u00bb title=\u00bbContinuare a leggere\u00bb clr=\u00bb#aa0f16&#8243; borderclr=\u00bb#aa0f16&#8243; bgclr=\u00bb#f3f3f3&#8243;]<\/p>\n<p style=\"text-align: justify\">Questo primo risultato rappresenta, come aveva detto padre Jos\u00e9 Mar\u00eda V\u00e9laz, S.J. (\u2020), \u201cla scintilla che prese fuoco\u201d perch\u00e9 ne fu aperta un\u2019altra a Milano e un anno dopo a Genova.(\u2020)<\/p>\n<p style=\"text-align: justify\">Viene formato un team di insegnanti altamente qualificati, con un&#8217;ammirevole capacit\u00e0 di dedizione. Dall&#8217;Italia, dall&#8217;America Latina e dalla Spagna. Alcune materie sono insegnate in italiano e altre in spagnolo. Collaborano laici, persone consacrate e varie congregazioni religiose.<\/p>\n<p style=\"text-align: justify\">La sede di Roma sin dall&#8217;inizio \u00e8 responsabile di un progetto educativo nel carcere di Rebibbia. All&#8217;inizio, la scuola secondaria stessa per carcerati latinoamericani e con il passare del tempo si \u00e8 evoluta in corsi di spagnolo.<\/p>\n<p style=\"text-align: justify\">Fe y Alegr\u00eda \u00e8 diventata una rete strutturata, composta da tre cooperative sociali, Fe y Alegr\u00eda Genova, Fe y Alegr\u00eda Milan e Fe y Alegr\u00eda Roma. Sono nati nuovi progetti che hanno rafforzato la scuola primaria e secondaria per giovani e adulti: educazione alla cittadinanza globale, spagnolo in carcere, corsi di italiano e inglese, ECDL (European Computer Driving Licence), hair stylist, abbigliamento e modellistica; orientamento e formazione al lavoro.<\/p>\n<p style=\"text-align: justify\">Fe y Alegr\u00eda Italia \u00e8 in continua evoluzione, rispondendo sempre all&#8217;attuale esigenza di costruire una societ\u00e0 multiculturale, giusta, attraverso l&#8217;istruzione.<\/p>\n<p>[\/accordion_son][\/accordion_father][\/vc_column][vc_column width=\u00bb1\/3&#8243;][vc_single_image image=\u00bb4595&#8243; img_size=\u00bbfull\u00bb alignment=\u00bbcenter\u00bb style=\u00bbvc_box_rounded\u00bb css=\u00bb.vc_custom_1599868597009{padding-top: 50px !important;border-radius: 15px !important;}\u00bb][\/vc_column][\/vc_row]<\/p>\n<\/div>","protected":false},"excerpt":{"rendered":"<p>[vc_row][vc_column width=\u00bb1\/2&#8243;][vc_column_text] Fe y Alegria \u00e8 il Movimento di Educazione e Promozione Sociale delle persone pi\u00f9 vulnerabili della Compagnia di Ges\u00f9. La pi\u00f9 grande rete di Educazione al mondo, fondata in 1955 a Venezuela da p. Jos\u00e9 Mar\u00eda V\u00e9laz, attualmente presente in 22 paesi, tre continenti (Sudamerica, Europa e Africa) e in spansione. In Italia,<\/p>\n","protected":false},"author":19,"featured_media":0,"parent":0,"menu_order":0,"comment_status":"closed","ping_status":"closed","template":"","meta":{"_acf_changed":false,"footnotes":""},"folder":[],"class_list":["post-5647","page","type-page","status-publish","hentry"],"acf":[],"yoast_head":"<!-- This site is optimized with the Yoast SEO plugin v27.5 - https:\/\/yoast.com\/product\/yoast-seo-wordpress\/ -->\n<title>Chi Siamo - #SomosFeyAlegria en Italia<\/title>\n<meta name=\"robots\" content=\"index, follow, max-snippet:-1, max-image-preview:large, max-video-preview:-1\" \/>\n<link rel=\"canonical\" href=\"https:\/\/www.feyalegria.org\/italia\/chi-siamo\/\" \/>\n<meta property=\"og:locale\" content=\"es_ES\" \/>\n<meta property=\"og:type\" content=\"article\" \/>\n<meta property=\"og:title\" content=\"Chi Siamo - #SomosFeyAlegria en Italia\" \/>\n<meta property=\"og:description\" content=\"[vc_row][vc_column width=\u00bb1\/2&#8243;][vc_column_text] Fe y Alegria \u00e8 il Movimento di Educazione e Promozione Sociale delle persone pi\u00f9 vulnerabili della Compagnia di Ges\u00f9. La pi\u00f9 grande rete di Educazione al mondo, fondata in 1955 a Venezuela da p. Jos\u00e9 Mar\u00eda V\u00e9laz, attualmente presente in 22 paesi, tre continenti (Sudamerica, Europa e Africa) e in spansione. In Italia,\" \/>\n<meta property=\"og:url\" content=\"https:\/\/www.feyalegria.org\/italia\/chi-siamo\/\" \/>\n<meta property=\"og:site_name\" content=\"#SomosFeyAlegria en Italia\" \/>\n<meta property=\"article:modified_time\" content=\"2021-02-15T20:24:21+00:00\" \/>\n<meta name=\"twitter:card\" content=\"summary_large_image\" \/>\n<meta name=\"twitter:label1\" content=\"Tiempo de lectura\" \/>\n\t<meta name=\"twitter:data1\" content=\"4 minutos\" \/>\n<script type=\"application\/ld+json\" class=\"yoast-schema-graph\">{\"@context\":\"https:\\\/\\\/schema.org\",\"@graph\":[{\"@type\":\"WebPage\",\"@id\":\"https:\\\/\\\/www.feyalegria.org\\\/italia\\\/chi-siamo\\\/\",\"url\":\"https:\\\/\\\/www.feyalegria.org\\\/italia\\\/chi-siamo\\\/\",\"name\":\"Chi Siamo - #SomosFeyAlegria en Italia\",\"isPartOf\":{\"@id\":\"https:\\\/\\\/www.feyalegria.org\\\/italia\\\/#website\"},\"datePublished\":\"2021-02-04T23:16:29+00:00\",\"dateModified\":\"2021-02-15T20:24:21+00:00\",\"inLanguage\":\"es\",\"potentialAction\":[{\"@type\":\"ReadAction\",\"target\":[\"https:\\\/\\\/www.feyalegria.org\\\/italia\\\/chi-siamo\\\/\"]}]},{\"@type\":\"WebSite\",\"@id\":\"https:\\\/\\\/www.feyalegria.org\\\/italia\\\/#website\",\"url\":\"https:\\\/\\\/www.feyalegria.org\\\/italia\\\/\",\"name\":\"#SomosFeyAlegria en Italia\",\"description\":\"Movimiento de Educaci\u00f3n Popular y Promoci\u00f3n Social\",\"potentialAction\":[{\"@type\":\"SearchAction\",\"target\":{\"@type\":\"EntryPoint\",\"urlTemplate\":\"https:\\\/\\\/www.feyalegria.org\\\/italia\\\/?s={search_term_string}\"},\"query-input\":{\"@type\":\"PropertyValueSpecification\",\"valueRequired\":true,\"valueName\":\"search_term_string\"}}],\"inLanguage\":\"es\"}]}<\/script>\n<!-- \/ Yoast SEO plugin. -->","yoast_head_json":{"title":"Chi Siamo - #SomosFeyAlegria en Italia","robots":{"index":"index","follow":"follow","max-snippet":"max-snippet:-1","max-image-preview":"max-image-preview:large","max-video-preview":"max-video-preview:-1"},"canonical":"https:\/\/www.feyalegria.org\/italia\/chi-siamo\/","og_locale":"es_ES","og_type":"article","og_title":"Chi Siamo - #SomosFeyAlegria en Italia","og_description":"[vc_row][vc_column width=\u00bb1\/2&#8243;][vc_column_text] Fe y Alegria \u00e8 il Movimento di Educazione e Promozione Sociale delle persone pi\u00f9 vulnerabili della Compagnia di Ges\u00f9. La pi\u00f9 grande rete di Educazione al mondo, fondata in 1955 a Venezuela da p. Jos\u00e9 Mar\u00eda V\u00e9laz, attualmente presente in 22 paesi, tre continenti (Sudamerica, Europa e Africa) e in spansione. In Italia,","og_url":"https:\/\/www.feyalegria.org\/italia\/chi-siamo\/","og_site_name":"#SomosFeyAlegria en Italia","article_modified_time":"2021-02-15T20:24:21+00:00","twitter_card":"summary_large_image","twitter_misc":{"Tiempo de lectura":"4 minutos"},"schema":{"@context":"https:\/\/schema.org","@graph":[{"@type":"WebPage","@id":"https:\/\/www.feyalegria.org\/italia\/chi-siamo\/","url":"https:\/\/www.feyalegria.org\/italia\/chi-siamo\/","name":"Chi Siamo - #SomosFeyAlegria en Italia","isPartOf":{"@id":"https:\/\/www.feyalegria.org\/italia\/#website"},"datePublished":"2021-02-04T23:16:29+00:00","dateModified":"2021-02-15T20:24:21+00:00","inLanguage":"es","potentialAction":[{"@type":"ReadAction","target":["https:\/\/www.feyalegria.org\/italia\/chi-siamo\/"]}]},{"@type":"WebSite","@id":"https:\/\/www.feyalegria.org\/italia\/#website","url":"https:\/\/www.feyalegria.org\/italia\/","name":"#SomosFeyAlegria en Italia","description":"Movimiento de Educaci\u00f3n Popular y Promoci\u00f3n Social","potentialAction":[{"@type":"SearchAction","target":{"@type":"EntryPoint","urlTemplate":"https:\/\/www.feyalegria.org\/italia\/?s={search_term_string}"},"query-input":{"@type":"PropertyValueSpecification","valueRequired":true,"valueName":"search_term_string"}}],"inLanguage":"es"}]}},"_links":{"self":[{"href":"https:\/\/www.feyalegria.org\/italia\/wp-json\/wp\/v2\/pages\/5647","targetHints":{"allow":["GET"]}}],"collection":[{"href":"https:\/\/www.feyalegria.org\/italia\/wp-json\/wp\/v2\/pages"}],"about":[{"href":"https:\/\/www.feyalegria.org\/italia\/wp-json\/wp\/v2\/types\/page"}],"author":[{"embeddable":true,"href":"https:\/\/www.feyalegria.org\/italia\/wp-json\/wp\/v2\/users\/19"}],"replies":[{"embeddable":true,"href":"https:\/\/www.feyalegria.org\/italia\/wp-json\/wp\/v2\/comments?post=5647"}],"version-history":[{"count":0,"href":"https:\/\/www.feyalegria.org\/italia\/wp-json\/wp\/v2\/pages\/5647\/revisions"}],"wp:attachment":[{"href":"https:\/\/www.feyalegria.org\/italia\/wp-json\/wp\/v2\/media?parent=5647"}],"wp:term":[{"taxonomy":"folder","embeddable":true,"href":"https:\/\/www.feyalegria.org\/italia\/wp-json\/wp\/v2\/folder?post=5647"}],"curies":[{"name":"wp","href":"https:\/\/api.w.org\/{rel}","templated":true}]}}