 {"id":5875,"date":"2021-02-19T10:03:32","date_gmt":"2021-02-19T15:03:32","guid":{"rendered":"https:\/\/www.feyalegria.org\/italia\/?page_id=5875"},"modified":"2026-03-19T04:42:38","modified_gmt":"2026-03-19T09:42:38","slug":"fe-y-alegria-roma-it","status":"publish","type":"page","link":"https:\/\/www.feyalegria.org\/italia\/fe-y-alegria-roma-it\/","title":{"rendered":"Fe y Alegria Roma"},"content":{"rendered":"<div class=\"wpb-content-wrapper\"><p>[vc_row][vc_column][vc_column_text]<strong>Educazione per costruire un futuro migliore<\/strong>[\/vc_column_text][\/vc_column][\/vc_row][vc_row][vc_column width=\u00bb2\/3&#8243;][vc_column_text]La cooperativa sociale Fe y Alegr\u00eda Roma fornisce una formazione completa per giovani e adulti, dando priorit\u00e0 a settori vulnerabili, per forgiare persone\u00a0 autore del suo proprio sviluppo e dello sviluppo della societ\u00e0.<\/p>\n<p><strong>Facciamo parte di una grande famiglia<\/strong><\/p>\n<p>Fe y Alegr\u00eda \u00e8 il pi\u00f9 grande movimento educativo al mondo, promosso dalla Compagnia di Ges\u00f9.<\/p>\n<ul>\n<li>A livello nazionale, facciamo parte della rete di cooperative sociali Fe y Alegr\u00eda Italia e della <a href=\"https:\/\/educazione.gesuiti.it\/\">Fondazione Gesuiti Educazione<\/a>.<\/li>\n<li>A livello internazionale, siamo membri della <a href=\"https:\/\/feyalegria.org\">Federaci\u00f3n Internacional Fe y Alegr\u00eda<\/a>, presente in 22 paesi e in continua espansione.<\/li>\n<\/ul>\n<p>[\/vc_column_text][\/vc_column][vc_column width=\u00bb1\/3&#8243;][vc_single_image image=\u00bb7767&#8243; img_size=\u00bbfull\u00bb alignment=\u00bbcenter\u00bb style=\u00bbvc_box_rounded\u00bb css=\u00bb\u00bb][\/vc_column][\/vc_row][vc_row][vc_column]<div style=\"background-color:;height: 30px\" class=\"nicdark_section  \"><\/div>[vc_column_text]<\/p>\n<h3 style=\"text-align: center;\"><strong>Istruzione primaria e secondaria<\/strong><\/h3>\n<p>[\/vc_column_text][vc_column_text css=\u00bb\u00bb]In collaborazione con l&#8217;Istituto Radiofonico Fe y Alegr\u00eda &#8211; IRFEYAL Ecuador offre in Italia il suo programma semipresenziale per l&#8217;istruzione primaria e secondaria di giovani e adulti con la specialit\u00e0 in:<\/p>\n<p><strong>\u201cT\u00e9cnico De Servicios Inform\u00e1tica\u201d<\/strong><\/p>\n<p>Questo titolo equivale al \u201cDiploma di Studi Superiori\u201d \u00e8, quindi, valido, una volta rilasciata la sua dichiarazione di valore, per proseguire gli studi universitari in Italia e in tutte le Universit\u00e0 Andine.<\/p>\n<ul>\n<li>Tutoraggio due giorni alla settimana e prevalentemente in spagnolo<\/li>\n<li>Per giovani e adulti da 16 anni<\/li>\n<li>Ambiente familiare e internazionale: studenti da paesi diversi dell&#8217;America Latina e dell&#8217;Italia<\/li>\n<\/ul>\n<p><strong>Modalit\u00e0 e orario delle lezioni anno accademico<br \/>\n<\/strong><\/p>\n<ul>\n<li>Sabato in modalit\u00e0 presenziale dalle<strong> 9:00 a.m. alle 19:40 p.m.<\/strong><\/li>\n<li>Domenica in modalit\u00e0 online dalle<strong> 09:00 a.m. a 15:00 p.m.<\/strong><\/li>\n<\/ul>\n<p>[\/vc_column_text][accordion_father titlemargin=\u00bb\u00bb][accordion_son gradientbg=\u00bb\u00bb borderwidth=\u00bb1px 0px 0px 0px\u00bb height=\u00bb\u00bb title=\u00bbPer iscriversi al corso di Primaria o Secondaria:\u00bb clr=\u00bb#aa0f16&#8243; bgclr=\u00bb#f3f3f3&#8243; borderclr=\u00bb#aa0f16&#8243;]<\/p>\n<ol>\n<li>Copia del passaporto<\/li>\n<li>Due foto<\/li>\n<li>Certificati di aver finito la scuola primaria<\/li>\n<li>Certificato d\u2019iscrizione e realizzazione dei corsi di scuola secondaria degli anni superati<\/li>\n<\/ol>\n<p><em>Nota: antes de traducir, la documentaci\u00f3n debe ser revisada en la secretar\u00eda.<\/em><\/p>\n<p>Para mayor informaci\u00f3n puede escribir a <a href=\"mailto:coordinatore.amministrativo.roma@feyalegria.it\" target=\"_blank\" rel=\"noopener noreferrer\"><strong>coordinatore.amministrativo.roma@feyalegria.it<\/strong><\/a> o al <strong>whatsapp<\/strong> <strong>+39 327 118 8523<\/strong>[\/accordion_son][accordion_son gradientbg=\u00bb\u00bb borderwidth=\u00bb1px 0px 1px 0px\u00bb borderwidth2=\u00bb0px 0px 1px 0px\u00bb height=\u00bb\u00bb titlemargin=\u00bb5&#8243; title=\u00bbProcedura d&#8217;iscrizione\u00bb clr=\u00bb#aa0f16&#8243; bgclr=\u00bb#f3f3f3&#8243; borderclr=\u00bb#aa0f16&#8243; borderclr2=\u00bb#aa0f16&#8243;]<strong>Come realizzare l&#8217;iscrizione?\u00a0<\/strong><\/p>\n<p>Scrivere a <a href=\"mailto:coordinatore.amministrativo.roma@feyalegria.it\" target=\"_blank\" rel=\"noopener noreferrer\"><strong>coordinatore.amministrativo.roma@feyalegria.it<\/strong><\/a>per chiedere un&#8217;appuntamento.<\/p>\n<p><strong>Quando realizzare l&#8217;iscrizione?<\/strong><\/p>\n<p>L&#8217;iscrizione si realizza da giugno a fine settembre. Il corso inizia a fine settembre o primi di ottobre e finisce a giugno.<\/p>\n<p>[\/accordion_son][\/accordion_father]<div style=\"background-color:;height: 30px\" class=\"nicdark_section  \"><\/div>[vc_column_text]<\/p>\n<h3 style=\"text-align: center;\"><strong>Attivit\u00e0 di formazione presso il Carcere di Rebibbia (Roma)<\/strong><\/h3>\n<p>[\/vc_column_text][vc_column_text]Insegniamo il <strong>corso di spagnolo<\/strong>. Il corso \u00e8 riconosciuto come crediti per studenti universitari. I livelli vanno da A1 a C1. Grazie alla qualit\u00e0, al successo dell&#8217;iniziativa e alla credibilit\u00e0 del nostro corso, <strong>il livello \u00e8 certificato dall&#8217;Instituto Cervantes.<\/strong>[\/vc_column_text]<div style=\"background-color:;height: 30px\" class=\"nicdark_section  \"><\/div>[vc_column_text css=\u00bb\u00bb]<\/p>\n<h3 style=\"text-align: center;\">NUOVA LOCALIZAZIONE DELLA SEDE<\/h3>\n<h3 style=\"text-align: center;\">La nostra sede si trova all&#8217;interno<br \/>\ndell&#8217;Istituto Massimiliano Massimo<\/h3>\n<p>[\/vc_column_text][vc_column_text]<\/p>\n<p style=\"text-align: center;\">Si segnala che la Segreteria \u00e8 presente presso la sede ad orari stabiliti previo appuntamento richiesto a mezzo mail o telefono.<\/p>\n<p>[\/vc_column_text][\/vc_column][\/vc_row][vc_row content_placement=\u00bbmiddle\u00bb][vc_column width=\u00bb1\/2&#8243;][vc_goo_maps location=\u00bbFe y Alegria Roma Via Massimiliano Massimo 7 Roma\u00bb css=\u00bb\u00bb][\/vc_column][vc_column width=\u00bb1\/6&#8243; css=\u00bb.vc_custom_1594860833754{border-left-width: 40px !important;}\u00bb][vc_column_text css=\u00bb.vc_custom_1613756867946{margin-right: -40px !important;}\u00bb]<\/p>\n<h5 style=\"text-align: center;\">Orario delle lezioni<\/h5>\n<p>[\/vc_column_text][vc_empty_space height=\u00bb30&#8243;][vc_column_text css=\u00bb.vc_custom_1773912900559{margin-right: -60px !important;}\u00bb]<\/p>\n<p style=\"text-align: center;\"><b>Sabato<\/b><\/p>\n<p style=\"text-align: center;\"><b>In modalit\u00e0 presenziale dalle 9:00 p.m. alle 19:40 p.m.<\/b><\/p>\n<p>[\/vc_column_text][vc_column_text css=\u00bb.vc_custom_1773912931744{margin-right: -60px !important;}\u00bb]<\/p>\n<p style=\"text-align: center;\"><strong>Domenica<\/strong><\/p>\n<p style=\"text-align: center;\"><b>Online<\/b><b> dalle 9:00 a.m. alle 15:00 p.m. <\/b><\/p>\n<p>[\/vc_column_text][\/vc_column][vc_column width=\u00bb1\/6&#8243;][vc_icon icon_fontawesome=\u00bb\u00bb color=\u00bbcustom\u00bb background_style=\u00bbrounded-less-outline\u00bb background_color=\u00bbcustom\u00bb align=\u00bbcenter\u00bb css=\u00bb.vc_custom_1773912938626{padding-top: 15px !important;}\u00bb custom_color=\u00bb#aa0f16&#8243; custom_background_color=\u00bb#aa0f16&#8243;][vc_icon icon_fontawesome=\u00bbfas fa-envelope-open-text\u00bb color=\u00bbcustom\u00bb background_style=\u00bbrounded-less-outline\u00bb background_color=\u00bbcustom\u00bb align=\u00bbcenter\u00bb link=\u00bb|||\u00bb custom_color=\u00bb#aa0f16&#8243; custom_background_color=\u00bb#aa0f16&#8243;][vc_icon icon_fontawesome=\u00bbfab fa-facebook-f\u00bb color=\u00bbcustom\u00bb background_style=\u00bbrounded-less-outline\u00bb background_color=\u00bbcustom\u00bb align=\u00bbcenter\u00bb custom_background_color=\u00bb#aa0f16&#8243; custom_color=\u00bb#aa0f16&#8243;][\/vc_column][vc_column width=\u00bb1\/6&#8243;][vc_column_text css=\u00bb.vc_custom_1741357822760{margin-left: -60px !important;}\u00bb]<\/p>\n<p style=\"text-align: lefth;\">+39 388 380 6466<\/p>\n<p>[\/vc_column_text][vc_empty_space height=\u00bb20&#8243;][vc_column_text css=\u00bb.vc_custom_1597700290858{margin-left: -60px !important;padding-right: -40px !important;}\u00bb]<\/p>\n<h5 style=\"text-align: lefth;\"><strong><span style=\"color: #cc0000;\"><strong><a href=\"mailto:coordinatore.amministrativo.roma@feyalegria.it\" target=\"_blank\" rel=\"noopener noreferrer\">coordinatore.amministrativo.roma<br \/>\n@feyalegria.it<\/a><\/strong><\/span><\/strong><\/h5>\n<p>[\/vc_column_text][vc_empty_space height=\u00bb40&#8243;][vc_column_text css=\u00bb.vc_custom_1597031995036{margin-right: -60px !important;margin-left: -60px !important;}\u00bb]<\/p>\n<p style=\"text-align: lefth;\"><a href=\"https:\/\/www.facebook.com\/feyalegriaroma\/\" target=\"_blank\" rel=\"noopener noreferrer\">Fe y Alegria Roma- Irfeyal<\/a><\/p>\n<p>[\/vc_column_text][\/vc_column][\/vc_row][vc_row][vc_column][\/vc_column][\/vc_row][vc_row css=\u00bb.vc_custom_1597023153293{padding-top: 40px !important;}\u00bb][vc_column][vc_column_text]<\/p>\n<h3 style=\"text-align: center;\">Come puoi sostenere l&#8217;attivit\u00e0?<\/h3>\n<p>[\/vc_column_text][\/vc_column][\/vc_row][vc_row css=\u00bb.vc_custom_1597026425362{padding-top: 20px !important;}\u00bb][vc_column width=\u00bb1\/3&#8243;]<div data-id=\"mpc_icon_column-4769ea6fb2bede9\" class=\"mpc-icon-column mpc-init mpc-parent-hover mpc-transition mpc-icon-column--style_1 mpc-align--center \" ><div data-id=\"mpc_icon-6969ea6fb2bee4c\" class=\"mpc-icon mpc-init mpc-transition mpc-effect-fade mpc-icon-hover mpc-icon--character \"><div class=\"mpc-icon-wrap\"><i class=\"mpc-icon-part mpc-regular mpc-transition \">1<\/i><i class=\"mpc-icon-part mpc-hover mpc-transition \">1<\/i><\/div><\/div><div class=\"mpc-icon-column__content-wrap\"><div class=\"mpc-icon-column__content\"><h3 class=\"mpc-icon-column__heading mpc-transition\">Donazione<\/h3><div class=\"mpc-icon-column__description mpc-transition\"><p>Bonifico puntuale o addebito diretto sul conto con cadenza mensile a:<\/p>\n<p><strong>Fe y Alegria Roma<\/strong><br \/>\n<em>Banca Intesa San Paolo;<br \/>\nIBAN:\u00a0<strong>IT63Q0306903286100000003049<\/strong><br \/>\nSWIFT\/BIC:\u00a0<strong>BCITITMM<\/strong><\/em><\/p>\n<p><em>Nella motivazione indicare \u00abErogazione liberale di (nome) e (cognome)\u00bb. Le donazioni effettuate da aziende e privati \u200b\u200bgodono di detrazione fiscale. Per favore scrivici a comunicazione@feyalegria.it specificando nome, cognome, domicilio e codice fiscale\/partita IVA.\u00a0<\/em><\/p>\n<\/div><\/div><\/div><\/div>[\/vc_column][vc_column width=\u00bb1\/3&#8243;]<div data-id=\"mpc_icon_column-5169ea6fb2bf009\" class=\"mpc-icon-column mpc-init mpc-parent-hover mpc-transition mpc-icon-column--style_1 mpc-align--center \" ><div data-id=\"mpc_icon-169ea6fb2bf061\" class=\"mpc-icon mpc-init mpc-transition mpc-effect-fade mpc-icon-hover mpc-icon--character \"><div class=\"mpc-icon-wrap\"><i class=\"mpc-icon-part mpc-regular mpc-transition \">2<\/i><i class=\"mpc-icon-part mpc-hover mpc-transition \">2<\/i><\/div><\/div><div class=\"mpc-icon-column__content-wrap\"><div class=\"mpc-icon-column__content\"><h3 class=\"mpc-icon-column__heading mpc-transition\">Destinare il proprio 5x1000<\/h3><div class=\"mpc-icon-column__description mpc-transition\"><p><strong>A Fe y Alegria Roma Coop.Soc.<\/strong><\/p>\n<p>codice fiscale:\u00a0<strong>12947561002<\/strong><\/p>\n<p>Lo Stato Italiano ti permette di scegliere a quale soggetto destinare parte delle tasse che paghi.<\/p>\n<\/div><\/div><\/div><\/div>[\/vc_column][vc_column width=\u00bb1\/3&#8243;]<div data-id=\"mpc_icon_column-9169ea6fb2bf1fe\" class=\"mpc-icon-column mpc-init mpc-parent-hover mpc-transition mpc-icon-column--style_1 mpc-align--center \" ><div data-id=\"mpc_icon-3569ea6fb2bf237\" class=\"mpc-icon mpc-init mpc-transition mpc-effect-fade mpc-icon-hover mpc-icon--character \"><div class=\"mpc-icon-wrap\"><i class=\"mpc-icon-part mpc-regular mpc-transition \">3<\/i><i class=\"mpc-icon-part mpc-hover mpc-transition \">3<\/i><\/div><\/div><div class=\"mpc-icon-column__content-wrap\"><div class=\"mpc-icon-column__content\"><h3 class=\"mpc-icon-column__heading mpc-transition\">Diventare volontario<\/h3><div class=\"mpc-icon-column__description mpc-transition\"><p>Scrive a <a href=\"mailto:info@feyalegria.it\">info@feyalegria.it<\/a> <a href=\"mailto:info@feyalegria.it\" target=\"_blank\" rel=\"noopener noreferrer\"><strong>info@feyalegria.it<\/strong><\/a><\/p>\n<p>&nbsp;<\/p>\n<\/div><\/div><\/div><\/div>[\/vc_column][\/vc_row][vc_row css=\u00bb.vc_custom_1593486226438{background-position: center !important;background-repeat: no-repeat !important;background-size: cover !important;}\u00bb][vc_column]<div style=\"background-color:;height: 20px\" class=\"nicdark_section  \"><\/div>[vc_column_text]<\/p>\n<h3 style=\"text-align: center;\">Domande frequenti<\/h3>\n<p>[\/vc_column_text][accordion_father][accordion_son gradientbg=\u00bb\u00bb borderwidth=\u00bb1px 0px 0px 0px\u00bb height=\u00bb\u00bb title=\u00bb1. Chi eroga il titolo?\u00bb clr=\u00bb#aa0f16&#8243; bgclr=\u00bb#f3f3f3&#8243; borderclr=\u00bb#aa0f16&#8243;]Il Ministero della Pubblica Istruzione della Repubblica dell&#8217;Ecuador.[\/accordion_son][accordion_son gradientbg=\u00bb\u00bb borderwidth=\u00bb1px 0px 0px 0px\u00bb height=\u00bb\u00bb titlemargin=\u00bb5&#8243; title=\u00bb2. Come si convalida il titolo in Italia?\u00bb clr=\u00bb#aa0f16&#8243; bgclr=\u00bb#f3f3f3&#8243; borderclr=\u00bb#aa0f16&#8243;]Bisogna fare la dichiarazione di valore presso l&#8217;Ambasciata d&#8217;Italia a Quito-Ecuador.[\/accordion_son][accordion_son borderwidth=\u00bb1px 0px 0px 0px\u00bb height=\u00bb\u00bb titlemargin=\u00bb5&#8243; title=\u00bb3. Hai bisogno di aiuto per fare la Dichiarazione di valore del titolo?\u00bb clr=\u00bb#aa0f16&#8243; bgclr=\u00bb#f3f3f3&#8243; borderclr=\u00bb#aa0f16&#8243;]La Cooperativa Social Fe y Alegr\u00eda Roma si pu\u00f2 occupare.[\/accordion_son][accordion_son gradientbg=\u00bb\u00bb borderwidth=\u00bb1px 0px 0px 0px\u00bb height=\u00bb\u00bb titlemargin=\u00bb5&#8243; title=\u00bb4. Sono un cittadino latinoamericano e non ho completato i miei studi secondari in Italia. Posso continuare a studiare in questa scuola?\u00bb clr=\u00bb#aa0f16&#8243; bgclr=\u00bb#f3f3f3&#8243; borderclr=\u00bb#aa0f16&#8243;]Certamente s\u00ec, tutti gli studi effettuati sono comparabili. Contataci per pi\u00f9 info: <a href=\"mailto:coordinatore.amministrativo.roma@feyalegria.it\">coordinatore.amministrativo.roma@feyalegria.it<\/a>[\/accordion_son][\/accordion_father][\/vc_column][\/vc_row]<\/p>\n<\/div>","protected":false},"excerpt":{"rendered":"<p>[vc_row][vc_column][vc_column_text]Educazione per costruire un futuro migliore[\/vc_column_text][\/vc_column][\/vc_row][vc_row][vc_column width=\u00bb2\/3&#8243;][vc_column_text]La cooperativa sociale Fe y Alegr\u00eda Roma fornisce una formazione completa per giovani e adulti, dando priorit\u00e0 a settori vulnerabili, per forgiare persone\u00a0 autore del suo proprio sviluppo e dello sviluppo della societ\u00e0. Facciamo parte di una grande famiglia Fe y Alegr\u00eda \u00e8 il pi\u00f9 grande movimento educativo al<\/p>\n","protected":false},"author":9,"featured_media":0,"parent":0,"menu_order":0,"comment_status":"closed","ping_status":"closed","template":"","meta":{"_acf_changed":false,"footnotes":""},"folder":[],"class_list":["post-5875","page","type-page","status-publish","hentry"],"acf":[],"yoast_head":"<!-- This site is optimized with the Yoast SEO plugin v27.2 - https:\/\/yoast.com\/product\/yoast-seo-wordpress\/ -->\n<title>Fe y Alegria Roma - #SomosFeyAlegria en Italia<\/title>\n<meta name=\"description\" content=\"Percorso di educazione primaria e secondaria per giovani e adulti latinoamericani a Roma. Titolo valido per l&#039;acceso al&#039;Universit\u00e0 in Italia.\" \/>\n<meta name=\"robots\" content=\"index, follow, max-snippet:-1, max-image-preview:large, max-video-preview:-1\" \/>\n<link rel=\"canonical\" href=\"https:\/\/www.feyalegria.org\/italia\/fe-y-alegria-roma-it\/\" \/>\n<meta property=\"og:locale\" content=\"es_ES\" \/>\n<meta property=\"og:type\" content=\"article\" \/>\n<meta property=\"og:title\" content=\"Fe y Alegria Roma - #SomosFeyAlegria en Italia\" \/>\n<meta property=\"og:description\" content=\"Percorso di educazione primaria e secondaria per giovani e adulti latinoamericani a Roma. Titolo valido per l&#039;acceso al&#039;Universit\u00e0 in Italia.\" \/>\n<meta property=\"og:url\" content=\"https:\/\/www.feyalegria.org\/italia\/fe-y-alegria-roma-it\/\" \/>\n<meta property=\"og:site_name\" content=\"#SomosFeyAlegria en Italia\" \/>\n<meta property=\"article:modified_time\" content=\"2026-03-19T09:42:38+00:00\" \/>\n<meta name=\"twitter:card\" content=\"summary_large_image\" \/>\n<meta name=\"twitter:label1\" content=\"Tiempo de lectura\" \/>\n\t<meta name=\"twitter:data1\" content=\"5 minutos\" \/>\n<script type=\"application\/ld+json\" class=\"yoast-schema-graph\">{\"@context\":\"https:\/\/schema.org\",\"@graph\":[{\"@type\":\"WebPage\",\"@id\":\"https:\/\/www.feyalegria.org\/italia\/fe-y-alegria-roma-it\/\",\"url\":\"https:\/\/www.feyalegria.org\/italia\/fe-y-alegria-roma-it\/\",\"name\":\"Fe y Alegria Roma - #SomosFeyAlegria en Italia\",\"isPartOf\":{\"@id\":\"https:\/\/www.feyalegria.org\/italia\/#website\"},\"datePublished\":\"2021-02-19T15:03:32+00:00\",\"dateModified\":\"2026-03-19T09:42:38+00:00\",\"description\":\"Percorso di educazione primaria e secondaria per giovani e adulti latinoamericani a Roma. Titolo valido per l'acceso al'Universit\u00e0 in Italia.\",\"inLanguage\":\"es\",\"potentialAction\":[{\"@type\":\"ReadAction\",\"target\":[\"https:\/\/www.feyalegria.org\/italia\/fe-y-alegria-roma-it\/\"]}]},{\"@type\":\"WebSite\",\"@id\":\"https:\/\/www.feyalegria.org\/italia\/#website\",\"url\":\"https:\/\/www.feyalegria.org\/italia\/\",\"name\":\"#SomosFeyAlegria en Italia\",\"description\":\"Movimiento de Educaci\u00f3n Popular y Promoci\u00f3n Social\",\"potentialAction\":[{\"@type\":\"SearchAction\",\"target\":{\"@type\":\"EntryPoint\",\"urlTemplate\":\"https:\/\/www.feyalegria.org\/italia\/?s={search_term_string}\"},\"query-input\":{\"@type\":\"PropertyValueSpecification\",\"valueRequired\":true,\"valueName\":\"search_term_string\"}}],\"inLanguage\":\"es\"}]}<\/script>\n<!-- \/ Yoast SEO plugin. -->","yoast_head_json":{"title":"Fe y Alegria Roma - #SomosFeyAlegria en Italia","description":"Percorso di educazione primaria e secondaria per giovani e adulti latinoamericani a Roma. Titolo valido per l'acceso al'Universit\u00e0 in Italia.","robots":{"index":"index","follow":"follow","max-snippet":"max-snippet:-1","max-image-preview":"max-image-preview:large","max-video-preview":"max-video-preview:-1"},"canonical":"https:\/\/www.feyalegria.org\/italia\/fe-y-alegria-roma-it\/","og_locale":"es_ES","og_type":"article","og_title":"Fe y Alegria Roma - #SomosFeyAlegria en Italia","og_description":"Percorso di educazione primaria e secondaria per giovani e adulti latinoamericani a Roma. Titolo valido per l'acceso al'Universit\u00e0 in Italia.","og_url":"https:\/\/www.feyalegria.org\/italia\/fe-y-alegria-roma-it\/","og_site_name":"#SomosFeyAlegria en Italia","article_modified_time":"2026-03-19T09:42:38+00:00","twitter_card":"summary_large_image","twitter_misc":{"Tiempo de lectura":"5 minutos"},"schema":{"@context":"https:\/\/schema.org","@graph":[{"@type":"WebPage","@id":"https:\/\/www.feyalegria.org\/italia\/fe-y-alegria-roma-it\/","url":"https:\/\/www.feyalegria.org\/italia\/fe-y-alegria-roma-it\/","name":"Fe y Alegria Roma - #SomosFeyAlegria en Italia","isPartOf":{"@id":"https:\/\/www.feyalegria.org\/italia\/#website"},"datePublished":"2021-02-19T15:03:32+00:00","dateModified":"2026-03-19T09:42:38+00:00","description":"Percorso di educazione primaria e secondaria per giovani e adulti latinoamericani a Roma. Titolo valido per l'acceso al'Universit\u00e0 in Italia.","inLanguage":"es","potentialAction":[{"@type":"ReadAction","target":["https:\/\/www.feyalegria.org\/italia\/fe-y-alegria-roma-it\/"]}]},{"@type":"WebSite","@id":"https:\/\/www.feyalegria.org\/italia\/#website","url":"https:\/\/www.feyalegria.org\/italia\/","name":"#SomosFeyAlegria en Italia","description":"Movimiento de Educaci\u00f3n Popular y Promoci\u00f3n Social","potentialAction":[{"@type":"SearchAction","target":{"@type":"EntryPoint","urlTemplate":"https:\/\/www.feyalegria.org\/italia\/?s={search_term_string}"},"query-input":{"@type":"PropertyValueSpecification","valueRequired":true,"valueName":"search_term_string"}}],"inLanguage":"es"}]}},"_links":{"self":[{"href":"https:\/\/www.feyalegria.org\/italia\/wp-json\/wp\/v2\/pages\/5875","targetHints":{"allow":["GET"]}}],"collection":[{"href":"https:\/\/www.feyalegria.org\/italia\/wp-json\/wp\/v2\/pages"}],"about":[{"href":"https:\/\/www.feyalegria.org\/italia\/wp-json\/wp\/v2\/types\/page"}],"author":[{"embeddable":true,"href":"https:\/\/www.feyalegria.org\/italia\/wp-json\/wp\/v2\/users\/9"}],"replies":[{"embeddable":true,"href":"https:\/\/www.feyalegria.org\/italia\/wp-json\/wp\/v2\/comments?post=5875"}],"version-history":[{"count":4,"href":"https:\/\/www.feyalegria.org\/italia\/wp-json\/wp\/v2\/pages\/5875\/revisions"}],"predecessor-version":[{"id":7957,"href":"https:\/\/www.feyalegria.org\/italia\/wp-json\/wp\/v2\/pages\/5875\/revisions\/7957"}],"wp:attachment":[{"href":"https:\/\/www.feyalegria.org\/italia\/wp-json\/wp\/v2\/media?parent=5875"}],"wp:term":[{"taxonomy":"folder","embeddable":true,"href":"https:\/\/www.feyalegria.org\/italia\/wp-json\/wp\/v2\/folder?post=5875"}],"curies":[{"name":"wp","href":"https:\/\/api.w.org\/{rel}","templated":true}]}}