 {"id":5882,"date":"2021-02-19T17:02:32","date_gmt":"2021-02-19T22:02:32","guid":{"rendered":"https:\/\/www.feyalegria.org\/italia\/?page_id=5882"},"modified":"2025-04-17T18:12:23","modified_gmt":"2025-04-17T23:12:23","slug":"fe-y-alegria-genova-it","status":"publish","type":"page","link":"https:\/\/www.feyalegria.org\/italia\/fe-y-alegria-genova-it\/","title":{"rendered":"Fe y Alegria Genova"},"content":{"rendered":"<div class=\"wpb-content-wrapper\"><p>[vc_row][vc_column][vc_column_text]<\/p>\n<h2><strong>Educazione che costruisce un futuro migliore<\/strong><\/h2>\n<p>[\/vc_column_text][\/vc_column][\/vc_row][vc_row][vc_column width=\u00bb2\/3&#8243;][vc_column_text]La cooperativa sociale Fe y Alegr\u00eda Genova fornisce una formazione completa per giovani e adulti, dando priorit\u00e0 a settori vulnerabili, per forgiare persone\u00a0 autore del suo proprio sviluppo e dello sviluppo della societ\u00e0.<\/p>\n<p><strong>Facciamo parte di una grande famiglia<\/strong><\/p>\n<p>Fe y Alegr\u00eda \u00e8 il pi\u00f9 grande movimento educativo del mondo, promosso dalla Compagnia di Ges\u00f9.<\/p>\n<ul>\n<li>A livello nazionale, facciamo parte della rete di cooperative sociali Fe y Alegr\u00eda Italia e della Fondazione Gesuiti Educazione\u00a0.<\/li>\n<li>A livello internazionale, siamo membri della <a href=\"https:\/\/feyalegria.org\">Federaci\u00f3n Internacional Fe y Alegr\u00eda<\/a>, presente in 23 paesi e in continua espansione.<\/li>\n<\/ul>\n<h3><\/h3>\n<p>[\/vc_column_text][\/vc_column][vc_column width=\u00bb1\/3&#8243;][vc_single_image image=\u00bb7113&#8243; img_size=\u00bbfull\u00bb alignment=\u00bbcenter\u00bb style=\u00bbvc_box_rounded\u00bb][\/vc_column][\/vc_row][vc_row][vc_column]<div style=\"background-color:;height: 30px\" class=\"nicdark_section  \"><\/div>[vc_column_text]<\/p>\n<h3 style=\"text-align: center;\">Centro di formazione per giovani e adulti<\/h3>\n<p>[\/vc_column_text][vc_column_text]<\/p>\n<h4 align=\"center\">Istituto di Secondaria e corsi di formazione<\/h4>\n<p>[\/vc_column_text][\/vc_column][\/vc_row][vc_row][vc_column width=\u00bb1\/2&#8243;][vc_column_text]In collaborazione con l&#8217;Istituto Radiofonico Fe y Alegr\u00eda &#8211; IRFEYAL Ecuador offre in Italia il suo programma semipresenziale per l&#8217;istruzione primaria e secondaria di giovani e adulti con la specialit\u00e0 in:<\/p>\n<p><strong>\u201cT\u00e9cnico De Servicios Inform\u00e1tica\u201d<\/strong><\/p>\n<p>Questo titolo equivale al \u201cDiploma di Studi Superiori\u201d \u00e8, quindi, valido, una volta rilasciata la sua dichiarazione di valore, per proseguire gli studi universitari in Italia e in tutte le Universit\u00e0 Andine.<\/p>\n<ul>\n<li>Tutoraggio durante il fine settimana e prevalentemente in spagnolo<\/li>\n<li>Per giovani e adulti dai 15 anni<\/li>\n<li>Ambiente familiare e internazionale: studenti da paesi diversi dell&#8217;America Latina e dell&#8217;Italia<\/li>\n<\/ul>\n<p>[\/vc_column_text][vc_column_text css=\u00bb\u00bb]<strong>Modalit\u00e0 e orario delle lezioni anno accademico<\/strong><\/p>\n<ul>\n<li>Marted\u00ec online dalle 18:00 p.m. alle 22:30 p.m.<\/li>\n<li>Mercoled\u00ec presenziale dalle 14:00 p.m. alle 18:00 p.m.<\/li>\n<li>Sabato presenziale dalle 08:00 p.m. alle 17:30 p.m.\n<div class=\"wpb_text_column wpb_content_element \">\n<div class=\"wpb_wrapper\"><\/div>\n<\/div>\n<div class=\"wpb_text_column wpb_content_element \"><\/div>\n<\/li>\n<\/ul>\n<p>[\/vc_column_text][vc_btn title=\u00bbREQUISITI ISTITUTO IRFEYAL GENOVA\u00bb link=\u00bburl:https%3A%2F%2Fd3pugrm67vf9n7.cloudfront.net%2Fwp-content%2Fuploads%2Fsites%2F6%2F2021%2F05%2F14064430%2FRequisitos-para-matricularse-en-el-Instituto-IRFEYAL-GENOVA-de-Fe-y-Alegr%25C3%25ADa-GENOVA-1.pdf|target:_blank\u00bb][\/vc_column][vc_column width=\u00bb1\/2&#8243;][vc_column_text css=\u00bb.vc_custom_1613746904919{padding-right: 40px !important;}\u00bb]<\/p>\n<p style=\"text-align: left;\" align=\"right\"><strong>Completano l&#8217;offerta formativa\u00a0<\/strong><\/p>\n<p>[\/vc_column_text][vc_row_inner][vc_column_inner][vc_column_text]Corso di Italiano[\/vc_column_text][vc_column_text]Corso d&#8217;Informatica[\/vc_column_text][\/vc_column_inner][\/vc_row_inner][\/vc_column][\/vc_row][vc_row][vc_column]<div style=\"background-color:;height: 30px\" class=\"nicdark_section  \"><\/div>[\/vc_column][\/vc_row][vc_row][vc_column width=\u00bb1\/2&#8243;][vc_column_text]<\/p>\n<h3 style=\"text-align: center;\">La nostra sede si trova in Corso Martinetti 176R (locale vicino al palazzo civico 100 in Corso Martinetti)<\/h3>\n<p>[\/vc_column_text][vc_gmaps link=\u00bb#E-8_JTNDaWZyYW1lJTIwc3JjJTNEJTIyaHR0cHMlM0ElMkYlMkZ3d3cuZ29vZ2xlLmNvbSUyRm1hcHMlMkZlbWJlZCUzRnBiJTNEJTIxMW0xOCUyMTFtMTIlMjExbTMlMjExZDI4NDkuODczODExNjk0Mzg1NSUyMTJkOC44ODY5NDg5MTU1MjI2NDMlMjEzZDQ0LjQxNTIzNTA3OTEwMjU2NSUyMTJtMyUyMTFmMCUyMTJmMCUyMTNmMCUyMTNtMiUyMTFpMTAyNCUyMTJpNzY4JTIxNGYxMy4xJTIxM20zJTIxMW0yJTIxMXMweDEyZDM0MTIzODVhMWVkYjklMjUzQTB4NzMwNGI4MzdhZGQ3OWJlJTIxMnNGZSUyNTIweSUyNTIwQWxlZ3JpYSUyNTIwR2Vub3ZhLSUyNTIwSVJGRVlBTCUyMTVlMCUyMTNtMiUyMTFzaXQlMjEyc2NoJTIxNHYxNjEzNzcxNzA3NzQ4JTIxNW0yJTIxMXNpdCUyMTJzY2glMjIlMjB3aWR0aCUzRCUyMjYwMCUyMiUyMGhlaWdodCUzRCUyMjQ1MCUyMiUyMHN0eWxlJTNEJTIyYm9yZGVyJTNBMCUzQiUyMiUyMGFsbG93ZnVsbHNjcmVlbiUzRCUyMiUyMiUyMGxvYWRpbmclM0QlMjJsYXp5JTIyJTNFJTNDJTJGaWZyYW1lJTNF\u00bb][\/vc_column][vc_column width=\u00bb1\/2&#8243;][vc_column_text]<\/p>\n<h3 style=\"text-align: center;\">Contatto<\/h3>\n<p>[\/vc_column_text][vc_row_inner][vc_column_inner width=\u00bb1\/2&#8243;][vc_icon icon_fontawesome=\u00bbfas fa-phone-alt\u00bb color=\u00bbcustom\u00bb background_style=\u00bbrounded-less-outline\u00bb background_color=\u00bbcustom\u00bb align=\u00bbcenter\u00bb css=\u00bb.vc_custom_1604409992026{padding-top: -10px !important;}\u00bb custom_background_color=\u00bb#aa0f16&#8243; custom_color=\u00bb#aa0f16&#8243;][vc_icon icon_fontawesome=\u00bbfas fa-envelope-open-text\u00bb color=\u00bbcustom\u00bb background_style=\u00bbrounded-less-outline\u00bb background_color=\u00bbcustom\u00bb align=\u00bbcenter\u00bb link=\u00bb|||\u00bb custom_color=\u00bb#aa0f16&#8243; custom_background_color=\u00bb#aa0f16&#8243;][vc_icon icon_fontawesome=\u00bbfab fa-facebook-f\u00bb color=\u00bbcustom\u00bb background_style=\u00bbrounded-less-outline\u00bb background_color=\u00bbcustom\u00bb align=\u00bbcenter\u00bb custom_color=\u00bb#aa0f16&#8243; custom_background_color=\u00bb#aa0f16&#8243;][\/vc_column_inner][vc_column_inner width=\u00bb1\/2&#8243;][vc_column_text css=\u00bb.vc_custom_1613771792680{margin-left: -60px !important;}\u00bb]<\/p>\n<p style=\"text-align: lefth;\"><strong>+39 340 809 4231<\/strong><\/p>\n<p>[\/vc_column_text][vc_empty_space height=\u00bb10px\u00bb][vc_column_text]<\/p>\n<h5 style=\"text-align: lefth;\"><a href=\"mailto:coordinatore.amministrativo.genova@feyalegria.it\"><strong><span style=\"color: #cc0000;\"><strong>coordinatore.amministrativo.genova@feyalegria.it <\/strong><\/span><\/strong><\/a><\/h5>\n<p>[\/vc_column_text][vc_empty_space height=\u00bb40px\u00bb][vc_column_text css=\u00bb.vc_custom_1613771881710{margin-right: -60px !important;margin-left: -60px !important;}\u00bb]<a href=\"https:\/\/https\/www.facebook.com\/FeyAlegriaGenova\/\">Fe y Alegria Genova- Irfeyal<\/a>[\/vc_column_text][\/vc_column_inner][\/vc_row_inner][\/vc_column][\/vc_row][vc_row][vc_column][accordion_father titlemargin=\u00bb\u00bb][accordion_son gradientbg=\u00bb\u00bb borderwidth=\u00bb1px 0px 0px 0px\u00bb height=\u00bb\u00bb title=\u00bbPer iscriversi al corso di Primaria o Secondaria:\u00bb clr=\u00bb#aa0f16&#8243; borderclr=\u00bb#aa0f16&#8243; bgclr=\u00bb#f3f3f3&#8243;]<\/p>\n<ol>\n<li>Copia del passaporto<\/li>\n<li>Due foto<\/li>\n<li>Certificati di aver finito la scuola primaria<\/li>\n<li>Certificato d\u2019iscrizione e realizzazione dei corsi di scuola secondaria degli anni superati<\/li>\n<\/ol>\n<p>[\/accordion_son][accordion_son gradientbg=\u00bb\u00bb borderwidth=\u00bb1px 0px 0px 0px\u00bb height=\u00bb\u00bb titlemargin=\u00bb5&#8243; title=\u00bbPer iscriversi al corso d\u2019Inglese o Informatica:\u00bb clr=\u00bb#aa0f16&#8243; borderclr=\u00bb#aa0f16&#8243; bgclr=\u00bb#f3f3f3&#8243;]<u>Corsi d\u2019Informatica:<\/u><\/p>\n<p>-Informatica di base<\/p>\n<p>durata del corso 30 ore.<\/p>\n<p>-ECDL con certificazione<\/p>\n<p>durata del corso da 72 a 80 ore.<\/p>\n<p>Si terranno la domenica in presenza non appena la situazione di emergenza sanitaria lo consentir\u00e0.<\/p>\n<p><u>Corso d\u2019inglese<\/u><\/p>\n<p>Sono realizzati in collaborazione con British Institutes di Cinisello Balsamo.<\/p>\n<p>I livelli offerti sono: A1, A2, B1 E B2<\/p>\n<p>Ogni livello ha una durata di 60 ore, 2 ore ogni sabato, attualmente in modalit\u00e0 online.<\/p>\n<p>Per informazioni sull&#8217;iscrizione, requisiti e costi scrivere una mail a <a href=\"mailto:segreteria.milano@feyalegria.it\">segreteria.milano@feyalegria.it<\/a>[\/accordion_son][accordion_son gradientbg=\u00bb\u00bb borderwidth=\u00bb1px 0px 1px 0px\u00bb borderwidth2=\u00bb0px 0px 1px 0px\u00bb height=\u00bb\u00bb titlemargin=\u00bb5&#8243; title=\u00bbProcedura per l&#8217;iscrizione\u00bb clr=\u00bb#aa0f16&#8243; borderclr=\u00bb#aa0f16&#8243; bgclr=\u00bb#f3f3f3&#8243; borderclr2=\u00bb#aa0f16&#8243;]<strong>Come realizzare l&#8217;iscrizione?\u00a0<\/strong><\/p>\n<p>Scrivere a <strong><a href=\"mailto:segreteria.milano@feyalegria.it\" target=\"_blank\" rel=\"noopener noreferrer\">segreteria.milano@feyalegria.it <\/a>\u00a0per chiedere un&#8217;appuntamento.<\/strong><\/p>\n<p><strong>Quando realizzare l&#8217;iscrizione?<\/strong><\/p>\n<p>L&#8217;iscrizione di realizza da giugno a fine settembre. Il corso inizia tra fine settembre e primi di ottobre e finisce a giugno.<\/p>\n<p>Per chiedere informazione e capire se si ha tutti i requisiti chiedere informazione neli orari si decreteria: sabato dalle 15:00 alle 17:00 e domenica dalle 09:00 alle 11:00, si sugerisce di cheidere un&#8217;appuntamento via WhatsApp al <strong>3457604105<\/strong> o v\u00eda e-mail: <a href=\"mailto:segreteria.milano@feyalegria.it\" target=\"_blank\" rel=\"noopener noreferrer\"><strong>segreteria.milano@feyalegria.it<\/strong><\/a>[\/accordion_son][\/accordion_father][\/vc_column][\/vc_row][vc_row css=\u00bb.vc_custom_1597023153293{padding-top: 40px !important;}\u00bb][vc_column][vc_column_text]<\/p>\n<h3 style=\"text-align: center;\">Cosa posso fare per sostenere l&#8217;attivit\u00e0?<\/h3>\n<p>[\/vc_column_text][\/vc_column][\/vc_row][vc_row css=\u00bb.vc_custom_1597026425362{padding-top: 20px !important;}\u00bb][vc_column width=\u00bb1\/3&#8243;]<div data-id=\"mpc_icon_column-2369ea6b88ecc91\" class=\"mpc-icon-column mpc-init mpc-parent-hover mpc-transition mpc-icon-column--style_1 mpc-align--center \" ><div data-id=\"mpc_icon-2369ea6b88eccef\" class=\"mpc-icon mpc-init mpc-transition mpc-effect-fade mpc-icon-hover mpc-icon--character \"><div class=\"mpc-icon-wrap\"><i class=\"mpc-icon-part mpc-regular mpc-transition \">1<\/i><i class=\"mpc-icon-part mpc-hover mpc-transition \">1<\/i><\/div><\/div><div class=\"mpc-icon-column__content-wrap\"><div class=\"mpc-icon-column__content\"><h3 class=\"mpc-icon-column__heading mpc-transition\">Realizza una donazione<\/h3><div class=\"mpc-icon-column__description mpc-transition\"><p>Bonifico puntuale o Addebito diretto sul conto con cadenza mensile\u00a0 a:<\/p>\n<p><strong>Fe y Alegr\u00eda Genova Coop.Soc.<\/strong><br \/>\nIBAN:\u00a0<strong>IT09 V010 0501 4000 0000 0005 040<\/strong><br \/>\nSWIFT\/BIC:\u00a0<strong>BNLIITRR<\/strong><\/p>\n<p>Per favore, nella motivazione indicare \u00abErogazione liberale di (nome) e (cognome)\u00bb. Le donazioni effettuate da aziende e privati \u200b\u200bgodono di detrazione fiscale. Per favore scrivici a comunicazione@feyalegria.it.<\/p>\n<\/div><\/div><\/div><\/div>[\/vc_column][vc_column width=\u00bb1\/3&#8243;]<div data-id=\"mpc_icon_column-2269ea6b88eceba\" class=\"mpc-icon-column mpc-init mpc-parent-hover mpc-transition mpc-icon-column--style_1 mpc-align--center \" ><div data-id=\"mpc_icon-2369ea6b88ecefe\" class=\"mpc-icon mpc-init mpc-transition mpc-effect-fade mpc-icon-hover mpc-icon--character \"><div class=\"mpc-icon-wrap\"><i class=\"mpc-icon-part mpc-regular mpc-transition \">2<\/i><i class=\"mpc-icon-part mpc-hover mpc-transition \">2<\/i><\/div><\/div><div class=\"mpc-icon-column__content-wrap\"><div class=\"mpc-icon-column__content\"><h3 class=\"mpc-icon-column__heading mpc-transition\">Destina il proprio 5x1000<\/h3><div class=\"mpc-icon-column__description mpc-transition\"><p>a a <strong>Fe y Alegr\u00eda Genova Coop.Soc.<\/strong><br \/>\ncodice fiscale: <strong>02264640992<\/strong><\/p>\n<p>Lo Stato Italiano ti permette di scegliere a quale soggetto destinare parte delle tasse che paghi.<\/p>\n<\/div><\/div><\/div><\/div>[\/vc_column][vc_column width=\u00bb1\/3&#8243;]<div data-id=\"mpc_icon_column-2369ea6b88ed08f\" class=\"mpc-icon-column mpc-init mpc-parent-hover mpc-transition mpc-icon-column--style_1 mpc-align--center \" ><div data-id=\"mpc_icon-2969ea6b88ed0c7\" class=\"mpc-icon mpc-init mpc-transition mpc-effect-fade mpc-icon-hover mpc-icon--character \"><div class=\"mpc-icon-wrap\"><i class=\"mpc-icon-part mpc-regular mpc-transition \">3<\/i><i class=\"mpc-icon-part mpc-hover mpc-transition \">3<\/i><\/div><\/div><div class=\"mpc-icon-column__content-wrap\"><div class=\"mpc-icon-column__content\"><h3 class=\"mpc-icon-column__heading mpc-transition\">Diventa volontario<\/h3><div class=\"mpc-icon-column__description mpc-transition\"><p>Vuoi diventrare profesore, aiutare nell&#8217;aministrazione, collaborare con la comunicazione? Scrive a <a href=\"mailto:info@feyalegria.it\">info@feyalegria.it<\/a>.<\/p>\n<p>&nbsp;<\/p>\n<p>&nbsp;<\/p>\n<\/div><\/div><\/div><\/div>[\/vc_column][\/vc_row][vc_row css=\u00bb.vc_custom_1593486226438{background-position: center !important;background-repeat: no-repeat !important;background-size: cover !important;}\u00bb][vc_column]<div style=\"background-color:;height: 30px\" class=\"nicdark_section  \"><\/div>[vc_column_text]<\/p>\n<h3 style=\"text-align: center;\">Domande frequenti<\/h3>\n<p>[\/vc_column_text][accordion_father][accordion_son gradientbg=\u00bb\u00bb borderwidth=\u00bb1px 0px 0px 0px\u00bb height=\u00bb\u00bb title=\u00bb1. Chi eroga il titolo?\u00bb clr=\u00bb#aa0f16&#8243; bgclr=\u00bb#f3f3f3&#8243; borderclr=\u00bb#aa0f16&#8243;]Il Ministero della Pubblica Istruzione della Repubblica dell&#8217;Ecuador.[\/accordion_son][accordion_son gradientbg=\u00bb\u00bb borderwidth=\u00bb1px 0px 0px 0px\u00bb height=\u00bb\u00bb titlemargin=\u00bb5&#8243; title=\u00bb2. Come si convalida il titolo in Italia?\u00bb clr=\u00bb#aa0f16&#8243; bgclr=\u00bb#f3f3f3&#8243; borderclr=\u00bb#aa0f16&#8243;]Bisogna fare la dichiarazione di valore presso l&#8217;Ambasciata d&#8217;Italia a Quito-Ecuador.[\/accordion_son][accordion_son gradientbg=\u00bb\u00bb borderwidth=\u00bb1px 0px 0px 0px\u00bb height=\u00bb\u00bb titlemargin=\u00bb5&#8243; title=\u00bb3. Hai bisogno di aiuto per fare la Dichiarazione di valore del titolo?\u00bb clr=\u00bb#aa0f16&#8243; bgclr=\u00bb#f3f3f3&#8243; borderclr=\u00bb#aa0f16&#8243;]La Cooperativa Social Fe y Alegr\u00eda Milano pu\u00f2 indicarle un\u2019agenzia di fiducia che realizza \u00a0questo servizio a un prezzo convenzionato per i nostri studenti l\u2019informazione si trova sul sito web dell&#8217;Ambasciata italiana in Ecuador.[\/accordion_son][accordion_son gradientbg=\u00bb\u00bb borderwidth=\u00bb1px 0px 0px 0px\u00bb height=\u00bb\u00bb titlemargin=\u00bb5&#8243; title=\u00bb4. Sono un cittadino latinoamericano e non ho completato i miei studi secondari in Italia. Posso continuare a studiare in questa scuola?\u00bb clr=\u00bb#aa0f16&#8243; bgclr=\u00bb#f3f3f3&#8243; borderclr=\u00bb#aa0f16&#8243;]Certamente s\u00ec. Contataci per pi\u00f9 info: <a href=\"mailto:coordinatore.amministrativo.genova@feyalegria.it\">coordinatore.amministrativo.genova@feyalegria.it<\/a>.[\/accordion_son][accordion_son gradientbg=\u00bb\u00bb borderwidth=\u00bb1px 0px 0px 0px\u00bb height=\u00bb\u00bb titlemargin=\u00bb5&#8243; title=\u00bb5. Sono un cittadino latinoamericano che ha deciso di entrare nell&#8217;Universit\u00e0 in Italia, ma mi hanno detto che non posso ancora entrare perch\u00e9 mi manca un anno integrativo. In questa scuola posso studiare quest&#8217;anno di cui ho bisogno e ottenere il diploma per andare all\u2019Universit\u00e0, senza tornare al mio paese?\u00bb clr=\u00bb#aa0f16&#8243; bgclr=\u00bb#f3f3f3&#8243; borderclr=\u00bb#aa0f16&#8243;]S\u00ec, tutti i cittadini con 11 anni di scuola possono ottenere il diploma che ci certifica i 12\/13 anni di liceo richiesti per iscriversi all&#8217;Universit\u00e0.[\/accordion_son][accordion_son gradientbg=\u00bb\u00bb borderwidth=\u00bb1px 0px 1px 0px\u00bb borderwidth2=\u00bb0px 0px 1px 0px\u00bb height=\u00bb\u00bb titlemargin=\u00bb5&#8243; title=\u00bb6. Dove si tengono le lezioni e quando? (Salvo durante l&#8217;emergenza sanitaria)\u00bb clr=\u00bb#aa0f16&#8243; bgclr=\u00bb#f3f3f3&#8243; borderclr=\u00bb#aa0f16&#8243; borderclr2=\u00bb#aa0f16&#8243;]<\/p>\n<p style=\"text-align: justify;\">Marted\u00ec e gioved\u00ec online dalle ore 17 alle ore 22h e sabato presenziale dalle 14 alle 19.<\/p>\n<p>[\/accordion_son][\/accordion_father][\/vc_column][\/vc_row]<\/p>\n<\/div>","protected":false},"excerpt":{"rendered":"<p>[vc_row][vc_column][vc_column_text] Educazione che costruisce un futuro migliore [\/vc_column_text][\/vc_column][\/vc_row][vc_row][vc_column width=\u00bb2\/3&#8243;][vc_column_text]La cooperativa sociale Fe y Alegr\u00eda Genova fornisce una formazione completa per giovani e adulti, dando priorit\u00e0 a settori vulnerabili, per forgiare persone\u00a0 autore del suo proprio sviluppo e dello sviluppo della societ\u00e0. Facciamo parte di una grande famiglia Fe y Alegr\u00eda \u00e8 il pi\u00f9 grande movimento<\/p>\n","protected":false},"author":9,"featured_media":0,"parent":0,"menu_order":0,"comment_status":"closed","ping_status":"closed","template":"","meta":{"_acf_changed":false,"footnotes":""},"folder":[],"class_list":["post-5882","page","type-page","status-publish","hentry"],"acf":[],"yoast_head":"<!-- This site is optimized with the Yoast SEO plugin v27.2 - https:\/\/yoast.com\/product\/yoast-seo-wordpress\/ -->\n<title>Fe y Alegria Genova - #SomosFeyAlegria en Italia<\/title>\n<meta name=\"robots\" content=\"index, follow, max-snippet:-1, max-image-preview:large, max-video-preview:-1\" \/>\n<link rel=\"canonical\" href=\"https:\/\/www.feyalegria.org\/italia\/fe-y-alegria-genova-it\/\" \/>\n<meta property=\"og:locale\" content=\"es_ES\" \/>\n<meta property=\"og:type\" content=\"article\" \/>\n<meta property=\"og:title\" content=\"Fe y Alegria Genova - #SomosFeyAlegria en Italia\" \/>\n<meta property=\"og:description\" content=\"[vc_row][vc_column][vc_column_text] Educazione che costruisce un futuro migliore [\/vc_column_text][\/vc_column][\/vc_row][vc_row][vc_column width=\u00bb2\/3&#8243;][vc_column_text]La cooperativa sociale Fe y Alegr\u00eda Genova fornisce una formazione completa per giovani e adulti, dando priorit\u00e0 a settori vulnerabili, per forgiare persone\u00a0 autore del suo proprio sviluppo e dello sviluppo della societ\u00e0. Facciamo parte di una grande famiglia Fe y Alegr\u00eda \u00e8 il pi\u00f9 grande movimento\" \/>\n<meta property=\"og:url\" content=\"https:\/\/www.feyalegria.org\/italia\/fe-y-alegria-genova-it\/\" \/>\n<meta property=\"og:site_name\" content=\"#SomosFeyAlegria en Italia\" \/>\n<meta property=\"article:modified_time\" content=\"2025-04-17T23:12:23+00:00\" \/>\n<meta name=\"twitter:card\" content=\"summary_large_image\" \/>\n<meta name=\"twitter:label1\" content=\"Tiempo de lectura\" \/>\n\t<meta name=\"twitter:data1\" content=\"6 minutos\" \/>\n<script type=\"application\/ld+json\" class=\"yoast-schema-graph\">{\"@context\":\"https:\/\/schema.org\",\"@graph\":[{\"@type\":\"WebPage\",\"@id\":\"https:\/\/www.feyalegria.org\/italia\/fe-y-alegria-genova-it\/\",\"url\":\"https:\/\/www.feyalegria.org\/italia\/fe-y-alegria-genova-it\/\",\"name\":\"Fe y Alegria Genova - #SomosFeyAlegria en Italia\",\"isPartOf\":{\"@id\":\"https:\/\/www.feyalegria.org\/italia\/#website\"},\"datePublished\":\"2021-02-19T22:02:32+00:00\",\"dateModified\":\"2025-04-17T23:12:23+00:00\",\"inLanguage\":\"es\",\"potentialAction\":[{\"@type\":\"ReadAction\",\"target\":[\"https:\/\/www.feyalegria.org\/italia\/fe-y-alegria-genova-it\/\"]}]},{\"@type\":\"WebSite\",\"@id\":\"https:\/\/www.feyalegria.org\/italia\/#website\",\"url\":\"https:\/\/www.feyalegria.org\/italia\/\",\"name\":\"#SomosFeyAlegria en Italia\",\"description\":\"Movimiento de Educaci\u00f3n Popular y Promoci\u00f3n Social\",\"potentialAction\":[{\"@type\":\"SearchAction\",\"target\":{\"@type\":\"EntryPoint\",\"urlTemplate\":\"https:\/\/www.feyalegria.org\/italia\/?s={search_term_string}\"},\"query-input\":{\"@type\":\"PropertyValueSpecification\",\"valueRequired\":true,\"valueName\":\"search_term_string\"}}],\"inLanguage\":\"es\"}]}<\/script>\n<!-- \/ Yoast SEO plugin. -->","yoast_head_json":{"title":"Fe y Alegria Genova - #SomosFeyAlegria en Italia","robots":{"index":"index","follow":"follow","max-snippet":"max-snippet:-1","max-image-preview":"max-image-preview:large","max-video-preview":"max-video-preview:-1"},"canonical":"https:\/\/www.feyalegria.org\/italia\/fe-y-alegria-genova-it\/","og_locale":"es_ES","og_type":"article","og_title":"Fe y Alegria Genova - #SomosFeyAlegria en Italia","og_description":"[vc_row][vc_column][vc_column_text] Educazione che costruisce un futuro migliore [\/vc_column_text][\/vc_column][\/vc_row][vc_row][vc_column width=\u00bb2\/3&#8243;][vc_column_text]La cooperativa sociale Fe y Alegr\u00eda Genova fornisce una formazione completa per giovani e adulti, dando priorit\u00e0 a settori vulnerabili, per forgiare persone\u00a0 autore del suo proprio sviluppo e dello sviluppo della societ\u00e0. Facciamo parte di una grande famiglia Fe y Alegr\u00eda \u00e8 il pi\u00f9 grande movimento","og_url":"https:\/\/www.feyalegria.org\/italia\/fe-y-alegria-genova-it\/","og_site_name":"#SomosFeyAlegria en Italia","article_modified_time":"2025-04-17T23:12:23+00:00","twitter_card":"summary_large_image","twitter_misc":{"Tiempo de lectura":"6 minutos"},"schema":{"@context":"https:\/\/schema.org","@graph":[{"@type":"WebPage","@id":"https:\/\/www.feyalegria.org\/italia\/fe-y-alegria-genova-it\/","url":"https:\/\/www.feyalegria.org\/italia\/fe-y-alegria-genova-it\/","name":"Fe y Alegria Genova - #SomosFeyAlegria en Italia","isPartOf":{"@id":"https:\/\/www.feyalegria.org\/italia\/#website"},"datePublished":"2021-02-19T22:02:32+00:00","dateModified":"2025-04-17T23:12:23+00:00","inLanguage":"es","potentialAction":[{"@type":"ReadAction","target":["https:\/\/www.feyalegria.org\/italia\/fe-y-alegria-genova-it\/"]}]},{"@type":"WebSite","@id":"https:\/\/www.feyalegria.org\/italia\/#website","url":"https:\/\/www.feyalegria.org\/italia\/","name":"#SomosFeyAlegria en Italia","description":"Movimiento de Educaci\u00f3n Popular y Promoci\u00f3n Social","potentialAction":[{"@type":"SearchAction","target":{"@type":"EntryPoint","urlTemplate":"https:\/\/www.feyalegria.org\/italia\/?s={search_term_string}"},"query-input":{"@type":"PropertyValueSpecification","valueRequired":true,"valueName":"search_term_string"}}],"inLanguage":"es"}]}},"_links":{"self":[{"href":"https:\/\/www.feyalegria.org\/italia\/wp-json\/wp\/v2\/pages\/5882","targetHints":{"allow":["GET"]}}],"collection":[{"href":"https:\/\/www.feyalegria.org\/italia\/wp-json\/wp\/v2\/pages"}],"about":[{"href":"https:\/\/www.feyalegria.org\/italia\/wp-json\/wp\/v2\/types\/page"}],"author":[{"embeddable":true,"href":"https:\/\/www.feyalegria.org\/italia\/wp-json\/wp\/v2\/users\/9"}],"replies":[{"embeddable":true,"href":"https:\/\/www.feyalegria.org\/italia\/wp-json\/wp\/v2\/comments?post=5882"}],"version-history":[{"count":0,"href":"https:\/\/www.feyalegria.org\/italia\/wp-json\/wp\/v2\/pages\/5882\/revisions"}],"wp:attachment":[{"href":"https:\/\/www.feyalegria.org\/italia\/wp-json\/wp\/v2\/media?parent=5882"}],"wp:term":[{"taxonomy":"folder","embeddable":true,"href":"https:\/\/www.feyalegria.org\/italia\/wp-json\/wp\/v2\/folder?post=5882"}],"curies":[{"name":"wp","href":"https:\/\/api.w.org\/{rel}","templated":true}]}}