 {"id":6638,"date":"2022-06-21T10:14:13","date_gmt":"2022-06-21T15:14:13","guid":{"rendered":"https:\/\/www.feyalegria.org\/italia\/?page_id=6638"},"modified":"2025-07-14T06:45:38","modified_gmt":"2025-07-14T11:45:38","slug":"matriculas-2025-2026-irfeyal","status":"publish","type":"page","link":"https:\/\/www.feyalegria.org\/italia\/matriculas-2025-2026-irfeyal\/","title":{"rendered":"Matr\u00edculas 2025\/2026"},"content":{"rendered":"<div class=\"wpb-content-wrapper\"><p>[vc_row][vc_column][vc_column_text]<\/p>\n<h1>Instituto IRFEYAL Mil\u00e1n<\/h1>\n<p>[\/vc_column_text][\/vc_column][\/vc_row][vc_row][vc_column width=\u00bb1\/3&#8243;][vc_gmaps link=\u00bb#E-8_JTNDaWZyYW1lJTIwc3JjJTNEJTIyaHR0cHMlM0ElMkYlMkZ3d3cuZ29vZ2xlLmNvbSUyRm1hcHMlMkZlbWJlZCUzRnBiJTNEJTIxMW0xOCUyMTFtMTIlMjExbTMlMjExZDI3OTcuNzkzNzc5Mzg4MTE0JTIxMmQ5LjE1OTU3NDgxNTEwNzgxNSUyMTNkNDUuNDczOTU3OTQwODE0MDYlMjEybTMlMjExZjAlMjEyZjAlMjEzZjAlMjEzbTIlMjExaTEwMjQlMjEyaTc2OCUyMTRmMTMuMSUyMTNtMyUyMTFtMiUyMTFzMHg0Nzg2YzE4ZmZkNzE3MDA1JTI1M0EweDEyOTcxNTliMTkyZTRmODAlMjEyc0ZlJTI1MjB5JTI1MjBBbGVncmlhJTI1MjBNaWxhbm8lMjUyMC0lMjUyMElSRkVZQUwlMjE1ZTAlMjEzbTIlMjExc2l0JTIxMnNpdCUyMTR2MTYwMzEwODk4MzI5MyUyMTVtMiUyMTFzaXQlMjEyc2l0JTIyJTIwd2lkdGglM0QlMjI2MDAlMjIlMjBoZWlnaHQlM0QlMjI0NTAlMjIlMjBmcmFtZWJvcmRlciUzRCUyMjAlMjIlMjBzdHlsZSUzRCUyMmJvcmRlciUzQTAlM0IlMjIlMjBhbGxvd2Z1bGxzY3JlZW4lM0QlMjIlMjIlMjBhcmlhLWhpZGRlbiUzRCUyMmZhbHNlJTIyJTIwdGFiaW5kZXglM0QlMjIwJTIyJTNFJTNDJTJGaWZyYW1lJTNF\u00bb][\/vc_column][vc_column width=\u00bb2\/3&#8243; alignment=\u00bbcenter\u00bb][vc_column_text css=\u00bb\u00bb]<\/p>\n<h3><span style=\"font-size: 12pt;\">Matr\u00edculas ABIERTAS para el a\u00f1o acad\u00e9mico 25\/26.<\/span><\/h3>\n<ul>\n<li><span style=\"font-size: 16px;\">Informaci\u00f3n e inscripciones en julio los s\u00e1bados de 14.30 a 18.30 y los domingo de 10 a 12 y de 14 a 16. En Via Leone XIII 6 Mil\u00e1n (metro Pagano, Buonarrotti o Tre Torri). Se retoma el primer fin de semana de septiembre. Agosto cerrado para realizar la matr\u00edcula.<\/span><\/li>\n<li><span style=\"font-size: 16px;\">Atenci\u00f3n por whatsapp al\u00a0 +39 345 283 6097\u00a0de lunes a viernes de 17:00 a 19:00h al +39 345 283 6097. Estaremos atendiendo durante los meses de julio, agosto y septiembre.\u00a0<\/span><\/li>\n<\/ul>\n<div class=\"gmail_quote\"><\/div>\n<p>[\/vc_column_text][vc_row_inner][vc_column_inner width=\u00bb1\/2&#8243; alignment=\u00bbcenter\u00bb][vc_icon icon_fontawesome=\u00bbfas fa-phone-alt\u00bb color=\u00bbcustom\u00bb background_style=\u00bbrounded-less-outline\u00bb background_color=\u00bbcustom\u00bb align=\u00bbcenter\u00bb custom_color=\u00bb#aa0f16&#8243; custom_background_color=\u00bb#aa0f16&#8243;][vc_column_text css=\u00bb\u00bb]<\/p>\n<h5 style=\"text-align: center;\"><strong>Tel\u00e9fono:<\/strong> +39 345 283 6097<\/h5>\n<p>&nbsp;<\/p>\n<h6 style=\"text-align: center;\">Consultas de 17.00h\u00a0 a 19.00h de lunes a viernes y s\u00e1bados de 15.00 a 18.00h en Italia<\/h6>\n<p>[\/vc_column_text][\/vc_column_inner][vc_column_inner width=\u00bb1\/2&#8243;][vc_icon icon_fontawesome=\u00bbfas fa-map-marked-alt\u00bb color=\u00bbcustom\u00bb background_style=\u00bbrounded-less-outline\u00bb background_color=\u00bbcustom\u00bb align=\u00bbcenter\u00bb custom_color=\u00bb#aa0f16&#8243; custom_background_color=\u00bb#aa0f16&#8243;][vc_column_text]<\/p>\n<h5 style=\"text-align: center;\">Via Leone XIII, 6 Milano<\/h5>\n<p>[\/vc_column_text][\/vc_column_inner][\/vc_row_inner][vc_row_inner][vc_column_inner width=\u00bb1\/2&#8243;][vc_btn title=\u00bbDescargue aqu\u00ed los requisitos\u00bb color=\u00bbdanger\u00bb css=\u00bb.vc_custom_1657107986047{background-color: #dd3042 !important;}\u00bb link=\u00bburl:https%3A%2F%2Fd3pugrm67vf9n7.cloudfront.net%2Fwp-content%2Fuploads%2Fsites%2F6%2F2021%2F05%2F14043107%2FRequisitos-para-matricularse-en-el-Instituto-IRFEYAL-de-Fe-y-Alegr%25C3%25ADa-MILANO.pdf|target:_blank\u00bb][\/vc_column_inner][vc_column_inner width=\u00bb1\/2&#8243;][vc_btn title=\u00bbSolicita informaci\u00f3n sobres los costos\u00bb color=\u00bbdanger\u00bb link=\u00bburl:mailto%3A%22segreteria.milano%40feyalegria.it%22|target:_blank\u00bb][\/vc_column_inner][\/vc_row_inner][\/vc_column][\/vc_row][vc_row][vc_column][vc_column_text]<\/p>\n<h1>Instituto IRFEYAL G\u00e9nova<\/h1>\n<p>[\/vc_column_text][\/vc_column][\/vc_row][vc_row][vc_column width=\u00bb1\/2&#8243;][vc_gmaps link=\u00bb#E-8_JTNDaWZyYW1lJTIwc3JjJTNEJTIyaHR0cHMlM0ElMkYlMkZ3d3cuZ29vZ2xlLmNvbSUyRm1hcHMlMkZlbWJlZCUzRnBiJTNEJTIxMW0xOCUyMTFtMTIlMjExbTMlMjExZDI4NDkuNzEyNDQ2NjQwNDYyNSUyMTJkOC44OTI5ODE5MTU1MjI3NjQlMjEzZDQ0LjQxODU0NjA3OTEwMjQ4NCUyMTJtMyUyMTFmMCUyMTJmMCUyMTNmMCUyMTNtMiUyMTFpMTAyNCUyMTJpNzY4JTIxNGYxMy4xJTIxM20zJTIxMW0yJTIxMXMweDEyZDM0MTIzODVhMWVkYjklMjUzQTB4NzMwNGI4MzdhZGQ3OWJlJTIxMnNGZSUyNTIweSUyNTIwQWxlZ3JpYSUyNTIwR2Vub3ZhLSUyNTIwSVJGRVlBTCUyMTVlMCUyMTNtMiUyMTFzZXMlMjEyc2l0JTIxNHYxNjc1ODAzNjYzMDMwJTIxNW0yJTIxMXNlcyUyMTJzaXQlMjIlMjB3aWR0aCUzRCUyMjYwMCUyMiUyMGhlaWdodCUzRCUyMjQ1MCUyMiUyMHN0eWxlJTNEJTIyYm9yZGVyJTNBMCUzQiUyMiUyMGFsbG93ZnVsbHNjcmVlbiUzRCUyMiUyMiUyMGxvYWRpbmclM0QlMjJsYXp5JTIyJTIwcmVmZXJyZXJwb2xpY3klM0QlMjJuby1yZWZlcnJlci13aGVuLWRvd25ncmFkZSUyMiUzRSUzQyUyRmlmcmFtZSUzRQ==\u00bb][\/vc_column][vc_column width=\u00bb1\/2&#8243;][vc_column_text css=\u00bb\u00bb]<\/p>\n<h3><span style=\"font-size: 12pt;\">Matr\u00edculas abiertas.<br \/>\nAtenci\u00f3n en persona previa cita al +39 340 809 4231.\u00a0<\/span><\/h3>\n<p>[\/vc_column_text][vc_row_inner][vc_column_inner width=\u00bb1\/2&#8243;][vc_icon icon_fontawesome=\u00bbfas fa-phone-alt\u00bb color=\u00bbcustom\u00bb background_style=\u00bbrounded-less-outline\u00bb background_color=\u00bbcustom\u00bb align=\u00bbcenter\u00bb custom_color=\u00bb#aa0f16&#8243; custom_background_color=\u00bb#aa0f16&#8243;][vc_column_text css=\u00bb\u00bb]<\/p>\n<h5 style=\"text-align: center;\"><strong>Tel\u00e9fono:<\/strong> <a href=\"https:\/\/api.whatsapp.com\/send?phone=393408094231\"><span style=\"font-size: 12pt;\"><strong>+39 340 809 4231<\/strong><\/span><\/a><\/h5>\n<h6 style=\"text-align: center;\"><\/h6>\n<p>[\/vc_column_text][vc_btn title=\u00bbDescargue aqu\u00ed los requisitos\u00bb color=\u00bbdanger\u00bb link=\u00bburl:https%3A%2F%2Fd3pugrm67vf9n7.cloudfront.net%2Fwp-content%2Fuploads%2Fsites%2F6%2F2020%2F10%2F15152317%2FRequisitos-para-matricularse-en-el-Instituto-IRFEYAL-de-Fe-y-Alegr%25C3%25ADa-Italia-Milano-Roma-y-Genova.pdf|target:_blank\u00bb][\/vc_column_inner][vc_column_inner width=\u00bb1\/2&#8243;][vc_icon icon_fontawesome=\u00bbfas fa-map-marked-alt\u00bb color=\u00bbcustom\u00bb background_style=\u00bbrounded-less-outline\u00bb background_color=\u00bbcustom\u00bb align=\u00bbcenter\u00bb custom_color=\u00bb#aa0f16&#8243; custom_background_color=\u00bb#aa0f16&#8243;][vc_column_text css=\u00bb\u00bb]<\/p>\n<h5 style=\"text-align: center;\">Corso Martinetti 176R Genova<\/h5>\n<p>[\/vc_column_text][vc_btn title=\u00bbSolicita informaci\u00f3n sobres los costos\u00bb color=\u00bbdanger\u00bb link=\u00bburl:mailto%3A%22matricula.genova%40feyalegria.it%22|target:_blank\u00bb][\/vc_column_inner][\/vc_row_inner][\/vc_column][\/vc_row][vc_row][vc_column][vc_column_text]<\/p>\n<h1>Instituto IRFEYAL Roma<\/h1>\n<p>[\/vc_column_text][\/vc_column][\/vc_row][vc_row][vc_column width=\u00bb1\/2&#8243;][vc_column_text css=\u00bb\u00bb]<\/p>\n<h3>Matr\u00edculas ABIERTAS 25\/26<\/h3>\n<ul>\n<li><span style=\"font-size: 16px;\">Telef\u00f3nica o via whatsapp de lunes a viernes de 18h30 a 20h30 al <span class=\"OYPEnA font-feature-liga-off font-feature-clig-off font-feature-calt-off text-decoration-none text-strikethrough-none\">+39 388 380 6466 \/ +39 349 089 6480 \/+39 351 933 6273<\/span><\/span><\/li>\n<li><span style=\"font-size: 16px;\">En presencia los s\u00e1bados de 13 a 19h y en otro <span class=\"OYPEnA font-feature-liga-off font-feature-clig-off font-feature-calt-off text-decoration-none text-strikethrough-none\">horario y d\u00eda previa cita. A<\/span>l interno del Istituto Massimiliano Massimo Via Massimiliano Massimo 7 (metro EUR Palasport).<\/span><\/li>\n<\/ul>\n<p>[\/vc_column_text][vc_row_inner][vc_column_inner width=\u00bb1\/2&#8243;][vc_icon icon_fontawesome=\u00bbfas fa-phone-alt\u00bb color=\u00bbcustom\u00bb background_style=\u00bbrounded-less-outline\u00bb background_color=\u00bbcustom\u00bb align=\u00bbcenter\u00bb custom_color=\u00bb#aa0f16&#8243; custom_background_color=\u00bb#aa0f16&#8243;][vc_column_text css=\u00bb\u00bb]<\/p>\n<h5 style=\"text-align: center;\"><strong>Tel\u00e9fono:+39 388 380 6466<\/strong><\/h5>\n<h6 style=\"text-align: center;\">Informaci\u00f3n de lunes a viernes de 18.30h a 20.30h.<\/h6>\n<p>[\/vc_column_text][vc_btn title=\u00bbDescargue aqu\u00ed los requisitos\u00bb color=\u00bbdanger\u00bb link=\u00bburl:https%3A%2F%2Fd3pugrm67vf9n7.cloudfront.net%2Fwp-content%2Fuploads%2Fsites%2F6%2F2020%2F10%2F15152317%2FRequisitos-para-matricularse-en-el-Instituto-IRFEYAL-de-Fe-y-Alegr%25C3%25ADa-Italia-Milano-Roma-y-Genova.pdf|target:_blank\u00bb][\/vc_column_inner][vc_column_inner width=\u00bb1\/2&#8243;][vc_icon icon_fontawesome=\u00bbfas fa-map-marked-alt\u00bb color=\u00bbcustom\u00bb background_style=\u00bbrounded-less-outline\u00bb background_color=\u00bbcustom\u00bb align=\u00bbcenter\u00bb custom_color=\u00bb#aa0f16&#8243; custom_background_color=\u00bb#aa0f16&#8243;][vc_column_text css=\u00bb\u00bb]Via Massimiliano Massimo 7 Roma[\/vc_column_text][vc_btn title=\u00bbSolicita informaci\u00f3n sobres los costos\u00bb color=\u00bbdanger\u00bb link=\u00bburl:mailto%3A%22info.roma%40feyalegria.it%22|target:_blank\u00bb][vc_column_text css=\u00bb\u00bb]<\/p>\n<h5 style=\"text-align: center;\"><\/h5>\n<p>[\/vc_column_text][\/vc_column_inner][\/vc_row_inner][\/vc_column][vc_column width=\u00bb1\/2&#8243;][vc_goo_maps location=\u00bbFe y Alegria Roma Via Massimiliano Massimo 7 Roma\u00bb css=\u00bb\u00bb][\/vc_column][\/vc_row]<\/p>\n<\/div>","protected":false},"excerpt":{"rendered":"<p>[vc_row][vc_column][vc_column_text] Instituto IRFEYAL Mil\u00e1n [\/vc_column_text][\/vc_column][\/vc_row][vc_row][vc_column width=\u00bb1\/3&#8243;][vc_gmaps link=\u00bb#E-8_JTNDaWZyYW1lJTIwc3JjJTNEJTIyaHR0cHMlM0ElMkYlMkZ3d3cuZ29vZ2xlLmNvbSUyRm1hcHMlMkZlbWJlZCUzRnBiJTNEJTIxMW0xOCUyMTFtMTIlMjExbTMlMjExZDI3OTcuNzkzNzc5Mzg4MTE0JTIxMmQ5LjE1OTU3NDgxNTEwNzgxNSUyMTNkNDUuNDczOTU3OTQwODE0MDYlMjEybTMlMjExZjAlMjEyZjAlMjEzZjAlMjEzbTIlMjExaTEwMjQlMjEyaTc2OCUyMTRmMTMuMSUyMTNtMyUyMTFtMiUyMTFzMHg0Nzg2YzE4ZmZkNzE3MDA1JTI1M0EweDEyOTcxNTliMTkyZTRmODAlMjEyc0ZlJTI1MjB5JTI1MjBBbGVncmlhJTI1MjBNaWxhbm8lMjUyMC0lMjUyMElSRkVZQUwlMjE1ZTAlMjEzbTIlMjExc2l0JTIxMnNpdCUyMTR2MTYwMzEwODk4MzI5MyUyMTVtMiUyMTFzaXQlMjEyc2l0JTIyJTIwd2lkdGglM0QlMjI2MDAlMjIlMjBoZWlnaHQlM0QlMjI0NTAlMjIlMjBmcmFtZWJvcmRlciUzRCUyMjAlMjIlMjBzdHlsZSUzRCUyMmJvcmRlciUzQTAlM0IlMjIlMjBhbGxvd2Z1bGxzY3JlZW4lM0QlMjIlMjIlMjBhcmlhLWhpZGRlbiUzRCUyMmZhbHNlJTIyJTIwdGFiaW5kZXglM0QlMjIwJTIyJTNFJTNDJTJGaWZyYW1lJTNF\u00bb][\/vc_column][vc_column width=\u00bb2\/3&#8243; alignment=\u00bbcenter\u00bb][vc_column_text css=\u00bb\u00bb] Matr\u00edculas ABIERTAS para el a\u00f1o acad\u00e9mico 25\/26. Informaci\u00f3n e inscripciones en julio los s\u00e1bados de 14.30 a 18.30 y los domingo de 10 a 12 y de 14 a 16. En Via Leone XIII 6 Mil\u00e1n (metro Pagano, Buonarrotti o Tre Torri). Se retoma el<\/p>\n","protected":false},"author":9,"featured_media":0,"parent":0,"menu_order":0,"comment_status":"closed","ping_status":"closed","template":"","meta":{"_acf_changed":false,"footnotes":""},"folder":[],"class_list":["post-6638","page","type-page","status-publish","hentry"],"acf":[],"yoast_head":"<!-- This site is optimized with the Yoast SEO plugin v27.2 - https:\/\/yoast.com\/product\/yoast-seo-wordpress\/ -->\n<title>Matr\u00edculas 2025\/2026 - #SomosFeyAlegria en Italia<\/title>\n<meta name=\"robots\" content=\"index, follow, max-snippet:-1, max-image-preview:large, max-video-preview:-1\" \/>\n<link rel=\"canonical\" href=\"https:\/\/www.feyalegria.org\/italia\/matriculas-2025-2026-irfeyal\/\" \/>\n<meta property=\"og:locale\" content=\"es_ES\" \/>\n<meta property=\"og:type\" content=\"article\" \/>\n<meta property=\"og:title\" content=\"Matr\u00edculas 2025\/2026 - #SomosFeyAlegria en Italia\" \/>\n<meta property=\"og:description\" content=\"[vc_row][vc_column][vc_column_text] Instituto IRFEYAL Mil\u00e1n [\/vc_column_text][\/vc_column][\/vc_row][vc_row][vc_column width=\u00bb1\/3&#8243;][vc_gmaps link=\u00bb#E-8_JTNDaWZyYW1lJTIwc3JjJTNEJTIyaHR0cHMlM0ElMkYlMkZ3d3cuZ29vZ2xlLmNvbSUyRm1hcHMlMkZlbWJlZCUzRnBiJTNEJTIxMW0xOCUyMTFtMTIlMjExbTMlMjExZDI3OTcuNzkzNzc5Mzg4MTE0JTIxMmQ5LjE1OTU3NDgxNTEwNzgxNSUyMTNkNDUuNDczOTU3OTQwODE0MDYlMjEybTMlMjExZjAlMjEyZjAlMjEzZjAlMjEzbTIlMjExaTEwMjQlMjEyaTc2OCUyMTRmMTMuMSUyMTNtMyUyMTFtMiUyMTFzMHg0Nzg2YzE4ZmZkNzE3MDA1JTI1M0EweDEyOTcxNTliMTkyZTRmODAlMjEyc0ZlJTI1MjB5JTI1MjBBbGVncmlhJTI1MjBNaWxhbm8lMjUyMC0lMjUyMElSRkVZQUwlMjE1ZTAlMjEzbTIlMjExc2l0JTIxMnNpdCUyMTR2MTYwMzEwODk4MzI5MyUyMTVtMiUyMTFzaXQlMjEyc2l0JTIyJTIwd2lkdGglM0QlMjI2MDAlMjIlMjBoZWlnaHQlM0QlMjI0NTAlMjIlMjBmcmFtZWJvcmRlciUzRCUyMjAlMjIlMjBzdHlsZSUzRCUyMmJvcmRlciUzQTAlM0IlMjIlMjBhbGxvd2Z1bGxzY3JlZW4lM0QlMjIlMjIlMjBhcmlhLWhpZGRlbiUzRCUyMmZhbHNlJTIyJTIwdGFiaW5kZXglM0QlMjIwJTIyJTNFJTNDJTJGaWZyYW1lJTNF\u00bb][\/vc_column][vc_column width=\u00bb2\/3&#8243; alignment=\u00bbcenter\u00bb][vc_column_text css=\u00bb\u00bb] Matr\u00edculas ABIERTAS para el a\u00f1o acad\u00e9mico 25\/26. Informaci\u00f3n e inscripciones en julio los s\u00e1bados de 14.30 a 18.30 y los domingo de 10 a 12 y de 14 a 16. En Via Leone XIII 6 Mil\u00e1n (metro Pagano, Buonarrotti o Tre Torri). Se retoma el\" \/>\n<meta property=\"og:url\" content=\"https:\/\/www.feyalegria.org\/italia\/matriculas-2025-2026-irfeyal\/\" \/>\n<meta property=\"og:site_name\" content=\"#SomosFeyAlegria en Italia\" \/>\n<meta property=\"article:modified_time\" content=\"2025-07-14T11:45:38+00:00\" \/>\n<meta name=\"twitter:card\" content=\"summary_large_image\" \/>\n<meta name=\"twitter:label1\" content=\"Tiempo de lectura\" \/>\n\t<meta name=\"twitter:data1\" content=\"2 minutos\" \/>\n<script type=\"application\/ld+json\" class=\"yoast-schema-graph\">{\"@context\":\"https:\/\/schema.org\",\"@graph\":[{\"@type\":\"WebPage\",\"@id\":\"https:\/\/www.feyalegria.org\/italia\/matriculas-2025-2026-irfeyal\/\",\"url\":\"https:\/\/www.feyalegria.org\/italia\/matriculas-2025-2026-irfeyal\/\",\"name\":\"Matr\u00edculas 2025\/2026 - #SomosFeyAlegria en Italia\",\"isPartOf\":{\"@id\":\"https:\/\/www.feyalegria.org\/italia\/#website\"},\"datePublished\":\"2022-06-21T15:14:13+00:00\",\"dateModified\":\"2025-07-14T11:45:38+00:00\",\"inLanguage\":\"es\",\"potentialAction\":[{\"@type\":\"ReadAction\",\"target\":[\"https:\/\/www.feyalegria.org\/italia\/matriculas-2025-2026-irfeyal\/\"]}]},{\"@type\":\"WebSite\",\"@id\":\"https:\/\/www.feyalegria.org\/italia\/#website\",\"url\":\"https:\/\/www.feyalegria.org\/italia\/\",\"name\":\"#SomosFeyAlegria en Italia\",\"description\":\"Movimiento de Educaci\u00f3n Popular y Promoci\u00f3n Social\",\"potentialAction\":[{\"@type\":\"SearchAction\",\"target\":{\"@type\":\"EntryPoint\",\"urlTemplate\":\"https:\/\/www.feyalegria.org\/italia\/?s={search_term_string}\"},\"query-input\":{\"@type\":\"PropertyValueSpecification\",\"valueRequired\":true,\"valueName\":\"search_term_string\"}}],\"inLanguage\":\"es\"}]}<\/script>\n<!-- \/ Yoast SEO plugin. -->","yoast_head_json":{"title":"Matr\u00edculas 2025\/2026 - #SomosFeyAlegria en Italia","robots":{"index":"index","follow":"follow","max-snippet":"max-snippet:-1","max-image-preview":"max-image-preview:large","max-video-preview":"max-video-preview:-1"},"canonical":"https:\/\/www.feyalegria.org\/italia\/matriculas-2025-2026-irfeyal\/","og_locale":"es_ES","og_type":"article","og_title":"Matr\u00edculas 2025\/2026 - #SomosFeyAlegria en Italia","og_description":"[vc_row][vc_column][vc_column_text] Instituto IRFEYAL Mil\u00e1n [\/vc_column_text][\/vc_column][\/vc_row][vc_row][vc_column width=\u00bb1\/3&#8243;][vc_gmaps link=\u00bb#E-8_JTNDaWZyYW1lJTIwc3JjJTNEJTIyaHR0cHMlM0ElMkYlMkZ3d3cuZ29vZ2xlLmNvbSUyRm1hcHMlMkZlbWJlZCUzRnBiJTNEJTIxMW0xOCUyMTFtMTIlMjExbTMlMjExZDI3OTcuNzkzNzc5Mzg4MTE0JTIxMmQ5LjE1OTU3NDgxNTEwNzgxNSUyMTNkNDUuNDczOTU3OTQwODE0MDYlMjEybTMlMjExZjAlMjEyZjAlMjEzZjAlMjEzbTIlMjExaTEwMjQlMjEyaTc2OCUyMTRmMTMuMSUyMTNtMyUyMTFtMiUyMTFzMHg0Nzg2YzE4ZmZkNzE3MDA1JTI1M0EweDEyOTcxNTliMTkyZTRmODAlMjEyc0ZlJTI1MjB5JTI1MjBBbGVncmlhJTI1MjBNaWxhbm8lMjUyMC0lMjUyMElSRkVZQUwlMjE1ZTAlMjEzbTIlMjExc2l0JTIxMnNpdCUyMTR2MTYwMzEwODk4MzI5MyUyMTVtMiUyMTFzaXQlMjEyc2l0JTIyJTIwd2lkdGglM0QlMjI2MDAlMjIlMjBoZWlnaHQlM0QlMjI0NTAlMjIlMjBmcmFtZWJvcmRlciUzRCUyMjAlMjIlMjBzdHlsZSUzRCUyMmJvcmRlciUzQTAlM0IlMjIlMjBhbGxvd2Z1bGxzY3JlZW4lM0QlMjIlMjIlMjBhcmlhLWhpZGRlbiUzRCUyMmZhbHNlJTIyJTIwdGFiaW5kZXglM0QlMjIwJTIyJTNFJTNDJTJGaWZyYW1lJTNF\u00bb][\/vc_column][vc_column width=\u00bb2\/3&#8243; alignment=\u00bbcenter\u00bb][vc_column_text css=\u00bb\u00bb] Matr\u00edculas ABIERTAS para el a\u00f1o acad\u00e9mico 25\/26. Informaci\u00f3n e inscripciones en julio los s\u00e1bados de 14.30 a 18.30 y los domingo de 10 a 12 y de 14 a 16. En Via Leone XIII 6 Mil\u00e1n (metro Pagano, Buonarrotti o Tre Torri). Se retoma el","og_url":"https:\/\/www.feyalegria.org\/italia\/matriculas-2025-2026-irfeyal\/","og_site_name":"#SomosFeyAlegria en Italia","article_modified_time":"2025-07-14T11:45:38+00:00","twitter_card":"summary_large_image","twitter_misc":{"Tiempo de lectura":"2 minutos"},"schema":{"@context":"https:\/\/schema.org","@graph":[{"@type":"WebPage","@id":"https:\/\/www.feyalegria.org\/italia\/matriculas-2025-2026-irfeyal\/","url":"https:\/\/www.feyalegria.org\/italia\/matriculas-2025-2026-irfeyal\/","name":"Matr\u00edculas 2025\/2026 - #SomosFeyAlegria en Italia","isPartOf":{"@id":"https:\/\/www.feyalegria.org\/italia\/#website"},"datePublished":"2022-06-21T15:14:13+00:00","dateModified":"2025-07-14T11:45:38+00:00","inLanguage":"es","potentialAction":[{"@type":"ReadAction","target":["https:\/\/www.feyalegria.org\/italia\/matriculas-2025-2026-irfeyal\/"]}]},{"@type":"WebSite","@id":"https:\/\/www.feyalegria.org\/italia\/#website","url":"https:\/\/www.feyalegria.org\/italia\/","name":"#SomosFeyAlegria en Italia","description":"Movimiento de Educaci\u00f3n Popular y Promoci\u00f3n Social","potentialAction":[{"@type":"SearchAction","target":{"@type":"EntryPoint","urlTemplate":"https:\/\/www.feyalegria.org\/italia\/?s={search_term_string}"},"query-input":{"@type":"PropertyValueSpecification","valueRequired":true,"valueName":"search_term_string"}}],"inLanguage":"es"}]}},"_links":{"self":[{"href":"https:\/\/www.feyalegria.org\/italia\/wp-json\/wp\/v2\/pages\/6638","targetHints":{"allow":["GET"]}}],"collection":[{"href":"https:\/\/www.feyalegria.org\/italia\/wp-json\/wp\/v2\/pages"}],"about":[{"href":"https:\/\/www.feyalegria.org\/italia\/wp-json\/wp\/v2\/types\/page"}],"author":[{"embeddable":true,"href":"https:\/\/www.feyalegria.org\/italia\/wp-json\/wp\/v2\/users\/9"}],"replies":[{"embeddable":true,"href":"https:\/\/www.feyalegria.org\/italia\/wp-json\/wp\/v2\/comments?post=6638"}],"version-history":[{"count":4,"href":"https:\/\/www.feyalegria.org\/italia\/wp-json\/wp\/v2\/pages\/6638\/revisions"}],"predecessor-version":[{"id":7530,"href":"https:\/\/www.feyalegria.org\/italia\/wp-json\/wp\/v2\/pages\/6638\/revisions\/7530"}],"wp:attachment":[{"href":"https:\/\/www.feyalegria.org\/italia\/wp-json\/wp\/v2\/media?parent=6638"}],"wp:term":[{"taxonomy":"folder","embeddable":true,"href":"https:\/\/www.feyalegria.org\/italia\/wp-json\/wp\/v2\/folder?post=6638"}],"curies":[{"name":"wp","href":"https:\/\/api.w.org\/{rel}","templated":true}]}}