 {"id":6658,"date":"2022-06-22T10:37:42","date_gmt":"2022-06-22T15:37:42","guid":{"rendered":"https:\/\/www.feyalegria.org\/italia\/?page_id=6658"},"modified":"2022-06-22T10:47:17","modified_gmt":"2022-06-22T15:47:17","slug":"5x1000","status":"publish","type":"page","link":"https:\/\/www.feyalegria.org\/italia\/5x1000\/","title":{"rendered":"5&#215;1000"},"content":{"rendered":"<div class=\"wpb-content-wrapper\"><p>[vc_row][vc_column width=\u00bb1\/2&#8243;][vc_column_text]<\/p>\n<h2>Transforma vidas donando tu 5&#215;1000 a Fe y Alegr\u00eda.<\/h2>\n<p>[\/vc_column_text][vc_column_text]<\/p>\n<h3 style=\"text-align: justify\">S\u00e9 motor del cambio: construye un mejor futuro con la educaci\u00f3n.<\/h3>\n<p>[\/vc_column_text][vc_column_text]<\/p>\n<p>A favor de los m\u00e1s vulnerables como medio de integraci\u00f3n y acceso a una vida digna.<\/p>\n<p>[\/vc_column_text][vc_column_text]Si t\u00fa tambi\u00e9n crees que la educaci\u00f3n integral acad\u00e9mica y humana hace libre a la persona, humaniza, impulsa el desarrollo y la transformaci\u00f3n de una nueva sociedad donde haya lugar para todos&#8230;. s\u00e9 parte y motor del cambio destinando tu 5&#215;1000.<\/p>\n<p><strong>El Estado Italiano permite que elijas a qu\u00e9 entidad destinar parte de los impuestos que pagas sea en el modelo que declara la renta (730 o Ex Unico) o si no tienes que declarar tambi\u00e9n en el modelo CU. Esta elecci\u00f3n no comporta ning\u00fan gasto para ti.<\/strong>[\/vc_column_text][\/vc_column][vc_column width=\u00bb1\/2&#8243;][vc_images_carousel images=\u00bb5360,5362&#8243; img_size=\u00bbmedium\u00bb onclick=\u00bblink_no\u00bb autoplay=\u00bbyes\u00bb][\/vc_column][\/vc_row][vc_row css=\u00bb.vc_custom_1597880605681{padding-top: 30px !important;}\u00bb][vc_column][vc_video link=\u00bbhttps:\/\/youtu.be\/hv76U0TqsFs\u00bb el_width=\u00bb60&#8243; align=\u00bbcenter\u00bb]<div style=\"background-color:;height: 20px\" class=\"nicdark_section  \"><\/div>[vc_column_text]<\/p>\n<h4 style=\"text-align: left\">C\u00f3digo Fiscal de cada cooperativa social Fe y Alegr\u00eda:<\/h4>\n<p>Fe y Alegr\u00eda Italia es una red compuesta por tres cooperativas sociales. Puedes colaborar donando tu 5&#215;1000 s\u00f3lo a una de ellas.[\/vc_column_text][\/vc_column][\/vc_row][vc_row css=\u00bb.vc_custom_1599583213343{padding-top: 10px !important;}\u00bb][vc_column width=\u00bb1\/3&#8243;]<div data-id=\"mpc_icon_column-9669ea59e55bd7e\" class=\"mpc-icon-column mpc-init mpc-parent-hover mpc-transition mpc-icon-column--style_1 mpc-align--center \" ><div data-id=\"mpc_icon-6369ea59e55bde1\" class=\"mpc-icon mpc-init mpc-transition mpc-effect-fade mpc-icon-hover mpc-icon--character \"><div class=\"mpc-icon-wrap\"><i class=\"mpc-icon-part mpc-regular mpc-transition \">G<\/i><i class=\"mpc-icon-part mpc-hover mpc-transition \">G<\/i><\/div><\/div><div class=\"mpc-icon-column__content-wrap\"><div class=\"mpc-icon-column__content\"><h3 class=\"mpc-icon-column__heading mpc-transition\">Destinando el 5x1000<\/h3><div class=\"mpc-icon-column__description mpc-transition\"><p>Libre destino sobre tus impuestos a <strong>Fe y Alegr\u00eda Genova<\/strong><br \/>\ncodice fiscale: <strong>02264640992<\/strong><\/p>\n<\/div><\/div><\/div><\/div>[\/vc_column][vc_column width=\u00bb1\/3&#8243;]<div data-id=\"mpc_icon_column-6869ea59e55bfaf\" class=\"mpc-icon-column mpc-init mpc-parent-hover mpc-transition mpc-icon-column--style_1 mpc-align--center \" ><div data-id=\"mpc_icon-3369ea59e55bff8\" class=\"mpc-icon mpc-init mpc-transition mpc-effect-fade mpc-icon-hover mpc-icon--character \"><div class=\"mpc-icon-wrap\"><i class=\"mpc-icon-part mpc-regular mpc-transition \">R<\/i><i class=\"mpc-icon-part mpc-hover mpc-transition \">2<\/i><\/div><\/div><div class=\"mpc-icon-column__content-wrap\"><div class=\"mpc-icon-column__content\"><h3 class=\"mpc-icon-column__heading mpc-transition\">Destinando el 5x1000<\/h3><div class=\"mpc-icon-column__description mpc-transition\"><p>Libre destino sobre tus impuestos a <strong>Fe y Alegria Roma Coop.Soc.<\/strong><br \/>\ncodice fiscale: <strong>12947561002<\/strong><\/p>\n<p>&nbsp;<\/p>\n<\/div><\/div><\/div><\/div>[\/vc_column][vc_column width=\u00bb1\/3&#8243;]<div data-id=\"mpc_icon_column-4569ea59e55c186\" class=\"mpc-icon-column mpc-init mpc-parent-hover mpc-transition mpc-icon-column--style_1 mpc-align--center \" ><div data-id=\"mpc_icon-4769ea59e55c1c5\" class=\"mpc-icon mpc-init mpc-transition mpc-effect-fade mpc-icon-hover mpc-icon--character \"><div class=\"mpc-icon-wrap\"><i class=\"mpc-icon-part mpc-regular mpc-transition \">M<\/i><i class=\"mpc-icon-part mpc-hover mpc-transition \">2<\/i><\/div><\/div><div class=\"mpc-icon-column__content-wrap\"><div class=\"mpc-icon-column__content\"><h3 class=\"mpc-icon-column__heading mpc-transition\">Destinando el 5x1000<\/h3><div class=\"mpc-icon-column__description mpc-transition\"><p>Libre destino sobre tus impuestos a <strong>Fe y Alegria Milano Coop.Soc.<\/strong><br \/>\ncodice fiscale: <strong>08679340961<\/strong><\/p>\n<p>&nbsp;<\/p>\n<\/div><\/div><\/div><\/div>[\/vc_column][\/vc_row][vc_row][vc_column]<div id=\"mpc_accordion-4769ea59e55c32e\" class=\"mpc-accordion mpc-init mpc-transition mpc-accordion--indent mpc-accordion--indent \" ><ul class=\"mpc-accordion__content\"><li class=\"mpc-accordion__item \"><div class=\"mpc-accordion-item__heading mpc-transition mpc-active\"><div data-id=\"mpc_icon-5569ea59e55c2ef\" class=\"mpc-icon mpc-init mpc-transition mpc-effect-none \"><div class=\"mpc-icon-wrap\"><i class=\"mpc-icon-part mpc-regular mpc-transition \"><\/i><\/div><\/div><h3>\u00bfC\u00f3mo se hace?<\/h3><\/div><div class=\"mpc-accordion-item__content mpc-container\"  data-active=\"true\"><div class=\"mpc-accordion-item__indent\"><div data-id=\"mpc_icon-5569ea59e55c2ef\" class=\"mpc-icon mpc-init mpc-transition mpc-effect-none \"><div class=\"mpc-icon-wrap\"><i class=\"mpc-icon-part mpc-regular mpc-transition \"><\/i><\/div><\/div><\/div><div class=\"mpc-accordion-item__wrapper\">[vc_column_text]En el momento de hacer la \u00abdichiarazione dei redditi\u00bb (declaraci\u00f3n de los impuestos) puede en su CU (Certificazione Unica) o en el modelo 730 en el apartado \u00abscelta per la destinazione del 5&#215;1000\u00bb firmar en el recuadro \u00absostegno al volontariato\u00bb o \u00absostegno alle organizzazioni non lucrative di utilit\u00e0 sociale\u00bb\u00a0 tienes que poner el C\u00f3dice Fiscale de una de nuestras cooperativas sociales y firmar.<\/p>\n<p>A continuaci\u00f3n entregalo a tu gestor o si lo has hecho tu s\u00f3lo terminad e completarla y envia.[\/vc_column_text]<\/div><\/div><\/li><li class=\"mpc-accordion__item \"><div class=\"mpc-accordion-item__heading mpc-transition\"><div data-id=\"mpc_icon-5569ea59e55c2ef\" class=\"mpc-icon mpc-init mpc-transition mpc-effect-none \"><div class=\"mpc-icon-wrap\"><i class=\"mpc-icon-part mpc-regular mpc-transition \"><\/i><\/div><\/div><h3>\u00bfSab\u00edas que puedes destinar tu 5x1000 aunque no vayas a hacer la declaraci\u00f3n?<\/h3><\/div><div class=\"mpc-accordion-item__content mpc-container\" ><div class=\"mpc-accordion-item__indent\"><div data-id=\"mpc_icon-5569ea59e55c2ef\" class=\"mpc-icon mpc-init mpc-transition mpc-effect-none \"><div class=\"mpc-icon-wrap\"><i class=\"mpc-icon-part mpc-regular mpc-transition \"><\/i><\/div><\/div><\/div><div class=\"mpc-accordion-item__wrapper\">[vc_column_text]Puede entregar en la Posta en un sobre escrito por fuera \u00abscelta della destinazione del 5&#215;1000\u00bb, nombre y apellidos y codice fiscale de la persona la hoja rellenada decidiendo a quien quiere destinar su 5&#215;1000.[\/vc_column_text]<\/div><\/div><\/li><\/ul><\/div>[\/vc_column][\/vc_row][vc_row css=\u00bb.vc_custom_1599583213343{padding-top: 10px !important;}\u00bb][vc_column][vc_column_text]Convirti\u00e9ndote en voluntario tambi\u00e9n nos apoyas, si est\u00e1s interesado o interesada<br \/>\ncont\u00e1ctanos a <a href=\"mailto:info@feyalegria.it\" target=\"_blank\" rel=\"noopener noreferrer\"><strong>info@feyalegria.it<\/strong><\/a><\/p>\n<p>[\/vc_column_text][\/vc_column][\/vc_row][vc_row][vc_column][\/vc_column][\/vc_row]<\/p>\n<\/div>","protected":false},"excerpt":{"rendered":"<p>[vc_row][vc_column width=\u00bb1\/2&#8243;][vc_column_text] Transforma vidas donando tu 5&#215;1000 a Fe y Alegr\u00eda. [\/vc_column_text][vc_column_text] S\u00e9 motor del cambio: construye un mejor futuro con la educaci\u00f3n. [\/vc_column_text][vc_column_text] A favor de los m\u00e1s vulnerables como medio de integraci\u00f3n y acceso a una vida digna. [\/vc_column_text][vc_column_text]Si t\u00fa tambi\u00e9n crees que la educaci\u00f3n integral acad\u00e9mica y humana hace libre a la<\/p>\n","protected":false},"author":9,"featured_media":0,"parent":0,"menu_order":0,"comment_status":"closed","ping_status":"closed","template":"","meta":{"_acf_changed":false,"footnotes":""},"folder":[],"class_list":["post-6658","page","type-page","status-publish","hentry"],"acf":[],"yoast_head":"<!-- This site is optimized with the Yoast SEO plugin v27.2 - https:\/\/yoast.com\/product\/yoast-seo-wordpress\/ -->\n<title>5x1000 - #SomosFeyAlegria en Italia<\/title>\n<meta name=\"robots\" content=\"index, follow, max-snippet:-1, max-image-preview:large, max-video-preview:-1\" \/>\n<link rel=\"canonical\" href=\"https:\/\/www.feyalegria.org\/italia\/5x1000\/\" \/>\n<meta property=\"og:locale\" content=\"es_ES\" \/>\n<meta property=\"og:type\" content=\"article\" \/>\n<meta property=\"og:title\" content=\"5x1000 - #SomosFeyAlegria en Italia\" \/>\n<meta property=\"og:description\" content=\"[vc_row][vc_column width=\u00bb1\/2&#8243;][vc_column_text] Transforma vidas donando tu 5&#215;1000 a Fe y Alegr\u00eda. [\/vc_column_text][vc_column_text] S\u00e9 motor del cambio: construye un mejor futuro con la educaci\u00f3n. [\/vc_column_text][vc_column_text] A favor de los m\u00e1s vulnerables como medio de integraci\u00f3n y acceso a una vida digna. [\/vc_column_text][vc_column_text]Si t\u00fa tambi\u00e9n crees que la educaci\u00f3n integral acad\u00e9mica y humana hace libre a la\" \/>\n<meta property=\"og:url\" content=\"https:\/\/www.feyalegria.org\/italia\/5x1000\/\" \/>\n<meta property=\"og:site_name\" content=\"#SomosFeyAlegria en Italia\" \/>\n<meta property=\"article:modified_time\" content=\"2022-06-22T15:47:17+00:00\" \/>\n<meta name=\"twitter:card\" content=\"summary_large_image\" \/>\n<meta name=\"twitter:label1\" content=\"Tiempo de lectura\" \/>\n\t<meta name=\"twitter:data1\" content=\"6 minutos\" \/>\n<script type=\"application\/ld+json\" class=\"yoast-schema-graph\">{\"@context\":\"https:\/\/schema.org\",\"@graph\":[{\"@type\":\"WebPage\",\"@id\":\"https:\/\/www.feyalegria.org\/italia\/5x1000\/\",\"url\":\"https:\/\/www.feyalegria.org\/italia\/5x1000\/\",\"name\":\"5x1000 - #SomosFeyAlegria en Italia\",\"isPartOf\":{\"@id\":\"https:\/\/www.feyalegria.org\/italia\/#website\"},\"datePublished\":\"2022-06-22T15:37:42+00:00\",\"dateModified\":\"2022-06-22T15:47:17+00:00\",\"inLanguage\":\"es\",\"potentialAction\":[{\"@type\":\"ReadAction\",\"target\":[\"https:\/\/www.feyalegria.org\/italia\/5x1000\/\"]}]},{\"@type\":\"WebSite\",\"@id\":\"https:\/\/www.feyalegria.org\/italia\/#website\",\"url\":\"https:\/\/www.feyalegria.org\/italia\/\",\"name\":\"#SomosFeyAlegria en Italia\",\"description\":\"Movimiento de Educaci\u00f3n Popular y Promoci\u00f3n Social\",\"potentialAction\":[{\"@type\":\"SearchAction\",\"target\":{\"@type\":\"EntryPoint\",\"urlTemplate\":\"https:\/\/www.feyalegria.org\/italia\/?s={search_term_string}\"},\"query-input\":{\"@type\":\"PropertyValueSpecification\",\"valueRequired\":true,\"valueName\":\"search_term_string\"}}],\"inLanguage\":\"es\"}]}<\/script>\n<!-- \/ Yoast SEO plugin. -->","yoast_head_json":{"title":"5x1000 - #SomosFeyAlegria en Italia","robots":{"index":"index","follow":"follow","max-snippet":"max-snippet:-1","max-image-preview":"max-image-preview:large","max-video-preview":"max-video-preview:-1"},"canonical":"https:\/\/www.feyalegria.org\/italia\/5x1000\/","og_locale":"es_ES","og_type":"article","og_title":"5x1000 - #SomosFeyAlegria en Italia","og_description":"[vc_row][vc_column width=\u00bb1\/2&#8243;][vc_column_text] Transforma vidas donando tu 5&#215;1000 a Fe y Alegr\u00eda. [\/vc_column_text][vc_column_text] S\u00e9 motor del cambio: construye un mejor futuro con la educaci\u00f3n. [\/vc_column_text][vc_column_text] A favor de los m\u00e1s vulnerables como medio de integraci\u00f3n y acceso a una vida digna. [\/vc_column_text][vc_column_text]Si t\u00fa tambi\u00e9n crees que la educaci\u00f3n integral acad\u00e9mica y humana hace libre a la","og_url":"https:\/\/www.feyalegria.org\/italia\/5x1000\/","og_site_name":"#SomosFeyAlegria en Italia","article_modified_time":"2022-06-22T15:47:17+00:00","twitter_card":"summary_large_image","twitter_misc":{"Tiempo de lectura":"6 minutos"},"schema":{"@context":"https:\/\/schema.org","@graph":[{"@type":"WebPage","@id":"https:\/\/www.feyalegria.org\/italia\/5x1000\/","url":"https:\/\/www.feyalegria.org\/italia\/5x1000\/","name":"5x1000 - #SomosFeyAlegria en Italia","isPartOf":{"@id":"https:\/\/www.feyalegria.org\/italia\/#website"},"datePublished":"2022-06-22T15:37:42+00:00","dateModified":"2022-06-22T15:47:17+00:00","inLanguage":"es","potentialAction":[{"@type":"ReadAction","target":["https:\/\/www.feyalegria.org\/italia\/5x1000\/"]}]},{"@type":"WebSite","@id":"https:\/\/www.feyalegria.org\/italia\/#website","url":"https:\/\/www.feyalegria.org\/italia\/","name":"#SomosFeyAlegria en Italia","description":"Movimiento de Educaci\u00f3n Popular y Promoci\u00f3n Social","potentialAction":[{"@type":"SearchAction","target":{"@type":"EntryPoint","urlTemplate":"https:\/\/www.feyalegria.org\/italia\/?s={search_term_string}"},"query-input":{"@type":"PropertyValueSpecification","valueRequired":true,"valueName":"search_term_string"}}],"inLanguage":"es"}]}},"_links":{"self":[{"href":"https:\/\/www.feyalegria.org\/italia\/wp-json\/wp\/v2\/pages\/6658","targetHints":{"allow":["GET"]}}],"collection":[{"href":"https:\/\/www.feyalegria.org\/italia\/wp-json\/wp\/v2\/pages"}],"about":[{"href":"https:\/\/www.feyalegria.org\/italia\/wp-json\/wp\/v2\/types\/page"}],"author":[{"embeddable":true,"href":"https:\/\/www.feyalegria.org\/italia\/wp-json\/wp\/v2\/users\/9"}],"replies":[{"embeddable":true,"href":"https:\/\/www.feyalegria.org\/italia\/wp-json\/wp\/v2\/comments?post=6658"}],"version-history":[{"count":0,"href":"https:\/\/www.feyalegria.org\/italia\/wp-json\/wp\/v2\/pages\/6658\/revisions"}],"wp:attachment":[{"href":"https:\/\/www.feyalegria.org\/italia\/wp-json\/wp\/v2\/media?parent=6658"}],"wp:term":[{"taxonomy":"folder","embeddable":true,"href":"https:\/\/www.feyalegria.org\/italia\/wp-json\/wp\/v2\/folder?post=6658"}],"curies":[{"name":"wp","href":"https:\/\/api.w.org\/{rel}","templated":true}]}}