 {"id":7616,"date":"2025-09-19T05:50:40","date_gmt":"2025-09-19T10:50:40","guid":{"rendered":"https:\/\/www.feyalegria.org\/italia\/?page_id=7616"},"modified":"2025-09-22T14:47:19","modified_gmt":"2025-09-22T19:47:19","slug":"info-donaciones","status":"publish","type":"page","link":"https:\/\/www.feyalegria.org\/italia\/info-donaciones\/","title":{"rendered":"Informaci\u00f3n donaciones"},"content":{"rendered":"<div class=\"wpb-content-wrapper\"><p>[vc_row][vc_column][vc_column_text css=\u00bb\u00bb]<\/p>\n<h1>Ventajas fiscales de las donaciones a las cooperativas sociales Fe y Alegria<\/h1>\n<p>[\/vc_column_text][\/vc_column][\/vc_row][vc_row][vc_column][vc_column_text css=\u00bb\u00bb]<\/p>\n<h4 data-start=\"351\" data-end=\"375\">Al ser una cooperativa social italiana el donante puede beneficiarse de los beneficios fiscales por donaciones a entidades del Tercer Sector en Italia (erogazioni liberali)<\/h4>\n<ul>\n<li data-start=\"254\" data-end=\"574\">\n<p data-start=\"257\" data-end=\"281\"><strong data-start=\"257\" data-end=\"279\">Detracci\u00f3n fiscal:<\/strong><\/p>\n<ul data-start=\"285\" data-end=\"574\">\n<li data-start=\"285\" data-end=\"364\">\n<p data-start=\"287\" data-end=\"364\">Se puede deducir <strong data-start=\"304\" data-end=\"333\">el 30% del importe donado<\/strong>, hasta <strong data-start=\"341\" data-end=\"361\">30.000 \u20ac por a\u00f1o<\/strong>.<\/p>\n<\/li>\n<li data-start=\"464\" data-end=\"574\">\n<p data-start=\"466\" data-end=\"574\">Las donaciones deben realizarse mediante <strong data-start=\"507\" data-end=\"573\">transferencia bancaria, tarjeta u otro m\u00e9todo de pago trazable<\/strong>.<\/p>\n<\/li>\n<\/ul>\n<\/li>\n<li data-start=\"576\" data-end=\"803\">\n<p data-start=\"579\" data-end=\"602\"><strong data-start=\"579\" data-end=\"600\">Deducci\u00f3n fiscal:<\/strong><\/p>\n<ul data-start=\"606\" data-end=\"803\">\n<li data-start=\"606\" data-end=\"704\">\n<p data-start=\"608\" data-end=\"704\">Las donaciones se pueden deducir del <strong data-start=\"645\" data-end=\"672\">ingreso total declarado<\/strong> hasta un <strong data-start=\"682\" data-end=\"701\">10% del ingreso<\/strong>.<\/p>\n<\/li>\n<li data-start=\"708\" data-end=\"803\">\n<p data-start=\"710\" data-end=\"803\">Si el monto excede el l\u00edmite, el exceso puede trasladarse a los <strong data-start=\"774\" data-end=\"800\">cuatro a\u00f1os siguientes<\/strong>.<\/p>\n<\/li>\n<\/ul>\n<\/li>\n<\/ul>\n<h4 data-start=\"351\" data-end=\"375\"><a href=\"https:\/\/www.normattiva.it\/uri-res\/N2Ls?urn:nir:stato:decreto.legislativo:2017-07-03;117~art83!vig=\"><em>El art\u00edculo 83 del Decreto Legislativo 3 de julio de 2017, n. 117:<\/em><\/a><\/h4>\n<p data-start=\"377\" data-end=\"1188\"><em>\u00abDall&#8217;imposta lorda sul reddito delle persone fisiche si detrae un importo pari al 30 per cento degli oneri sostenuti dal contribuente per le erogazioni liberali in denaro o in natura a favore degli enti del Terzo settore non commerciali di cui all&#8217;articolo 79, comma 5, per un importo complessivo in ciascun periodo d&#8217;imposta non superiore a 30.000 euro. La detrazione \u00e8 consentita, per le erogazioni liberali in denaro, a condizione che il versamento sia eseguito tramite banche o uffici postali ovvero mediante altri sistemi di pagamento previsti dall&#8217;articolo 23 del decreto legislativo 9 luglio 1997, n. 241.\u00bb<\/em><\/p>\n<p data-start=\"1216\" data-end=\"1825\"><em>\u00abLe liberalit\u00e0 in denaro o in natura erogate a favore degli enti del Terzo settore non commerciali di cui all&#8217;articolo 79, comma 5, da persone fisiche, enti e societ\u00e0 sono deducibili dal reddito complessivo netto del soggetto erogatore nel limite del 10 per cento del reddito complessivo dichiarato. Qualora la deduzione sia di ammontare superiore al reddito complessivo dichiarato, diminuito di tutte le deduzioni, l&#8217;eccedenza pu\u00f2 essere computata in aumento dell&#8217;importo deducibile dal reddito complessivo dei periodi di imposta successivi, ma non oltre il quarto, fino a concorrenza del suo ammontare.\u00bb<\/em><\/p>\n<h2 data-start=\"170\" data-end=\"232\"><\/h2>\n<h2 data-start=\"170\" data-end=\"232\"><\/h2>\n<h2 data-start=\"170\" data-end=\"232\">Procedimiento para Beneficiarse de las Ventajas Fiscales<\/h2>\n<ol data-start=\"234\" data-end=\"1039\">\n<li data-start=\"234\" data-end=\"406\">\n<p data-start=\"237\" data-end=\"406\"><strong data-start=\"237\" data-end=\"262\">Realizar la Donaci\u00f3n:<\/strong><br data-start=\"262\" data-end=\"265\" \/>Efectuar el pago a la entidad del Tercer Sector mediante <strong data-start=\"325\" data-end=\"403\">transferencia bancaria, tarjeta de cr\u00e9dito u otro sistema de pago trazable<\/strong>. En la causa escribir \u00abErogazione liberale di (nome) e (cognome)\u00bb del individuo o raz\u00f3n social de la empresa.<\/p>\n<\/li>\n<li data-start=\"408\" data-end=\"688\">\n<p data-start=\"411\" data-end=\"528\"><strong data-start=\"411\" data-end=\"440\">Obtener el Recibo Fiscal:<\/strong><br data-start=\"440\" data-end=\"443\" \/>Solicitar el recibo fiscal a <a href=\"mailto:comunicazione@feyalegria.it\">comunicazione@feyalegria.it<\/a> indicando<\/p>\n<ol data-start=\"234\" data-end=\"1039\">\n<li data-start=\"408\" data-end=\"688\">\n<p data-start=\"411\" data-end=\"528\">Para las empresas: raz\u00f3n social completa, c\u00f3digo fiscal o partita IVA y direcci\u00f3n fiscal.<\/p>\n<\/li>\n<li data-start=\"408\" data-end=\"688\">\n<p data-start=\"411\" data-end=\"528\">Para los individuos: nombre y apellido, c\u00f3digo fiscal y direcci\u00f3n<\/p>\n<\/li>\n<\/ol>\n<\/li>\n<li data-start=\"408\" data-end=\"688\">\n<p data-start=\"411\" data-end=\"528\"><strong data-start=\"693\" data-end=\"721\">Declaraci\u00f3n de la Renta:<\/strong><br data-start=\"721\" data-end=\"724\" \/>Al presentar la declaraci\u00f3n de la renta (modelo 730 o Unico), incluir el importe de la donaci\u00f3n y adjuntar el recibo fiscal correspondiente.<\/p>\n<\/li>\n<li data-start=\"408\" data-end=\"688\">\n<p data-start=\"411\" data-end=\"528\"><strong data-start=\"874\" data-end=\"918\">Aplicaci\u00f3n de la Deducci\u00f3n o Detracci\u00f3n:<\/strong><br data-start=\"918\" data-end=\"921\" \/>La Agencia Tributaria aplicar\u00e1 autom\u00e1ticamente la deducci\u00f3n o detracci\u00f3n correspondiente seg\u00fan la opci\u00f3n elegida.<\/p>\n<p data-start=\"411\" data-end=\"528\">\n<\/li>\n<\/ol>\n<p>Para cualquier duda contactar a la responsable de Fundraising Olga P\u00e9rez a comunicazione@feyalegria.it o al +39 328 931 2437.[\/vc_column_text][\/vc_column][\/vc_row]<\/p>\n<\/div>","protected":false},"excerpt":{"rendered":"<p>[vc_row][vc_column][vc_column_text css=\u00bb\u00bb] Ventajas fiscales de las donaciones a las cooperativas sociales Fe y Alegria [\/vc_column_text][\/vc_column][\/vc_row][vc_row][vc_column][vc_column_text css=\u00bb\u00bb] Al ser una cooperativa social italiana el donante puede beneficiarse de los beneficios fiscales por donaciones a entidades del Tercer Sector en Italia (erogazioni liberali) Detracci\u00f3n fiscal: Se puede deducir el 30% del importe donado, hasta 30.000 \u20ac por<\/p>\n","protected":false},"author":9,"featured_media":0,"parent":0,"menu_order":0,"comment_status":"closed","ping_status":"closed","template":"","meta":{"_acf_changed":false,"footnotes":""},"folder":[],"class_list":["post-7616","page","type-page","status-publish","hentry"],"acf":[],"yoast_head":"<!-- This site is optimized with the Yoast SEO plugin v27.2 - https:\/\/yoast.com\/product\/yoast-seo-wordpress\/ -->\n<title>Informaci\u00f3n donaciones - #SomosFeyAlegria en Italia<\/title>\n<meta name=\"robots\" content=\"index, follow, max-snippet:-1, max-image-preview:large, max-video-preview:-1\" \/>\n<link rel=\"canonical\" href=\"https:\/\/www.feyalegria.org\/italia\/info-donaciones\/\" \/>\n<meta property=\"og:locale\" content=\"es_ES\" \/>\n<meta property=\"og:type\" content=\"article\" \/>\n<meta property=\"og:title\" content=\"Informaci\u00f3n donaciones - #SomosFeyAlegria en Italia\" \/>\n<meta property=\"og:description\" content=\"[vc_row][vc_column][vc_column_text css=\u00bb\u00bb] Ventajas fiscales de las donaciones a las cooperativas sociales Fe y Alegria [\/vc_column_text][\/vc_column][\/vc_row][vc_row][vc_column][vc_column_text css=\u00bb\u00bb] Al ser una cooperativa social italiana el donante puede beneficiarse de los beneficios fiscales por donaciones a entidades del Tercer Sector en Italia (erogazioni liberali) Detracci\u00f3n fiscal: Se puede deducir el 30% del importe donado, hasta 30.000 \u20ac por\" \/>\n<meta property=\"og:url\" content=\"https:\/\/www.feyalegria.org\/italia\/info-donaciones\/\" \/>\n<meta property=\"og:site_name\" content=\"#SomosFeyAlegria en Italia\" \/>\n<meta property=\"article:modified_time\" content=\"2025-09-22T19:47:19+00:00\" \/>\n<meta name=\"twitter:card\" content=\"summary_large_image\" \/>\n<meta name=\"twitter:label1\" content=\"Tiempo de lectura\" \/>\n\t<meta name=\"twitter:data1\" content=\"3 minutos\" \/>\n<script type=\"application\/ld+json\" class=\"yoast-schema-graph\">{\"@context\":\"https:\/\/schema.org\",\"@graph\":[{\"@type\":\"WebPage\",\"@id\":\"https:\/\/www.feyalegria.org\/italia\/info-donaciones\/\",\"url\":\"https:\/\/www.feyalegria.org\/italia\/info-donaciones\/\",\"name\":\"Informaci\u00f3n donaciones - #SomosFeyAlegria en Italia\",\"isPartOf\":{\"@id\":\"https:\/\/www.feyalegria.org\/italia\/#website\"},\"datePublished\":\"2025-09-19T10:50:40+00:00\",\"dateModified\":\"2025-09-22T19:47:19+00:00\",\"inLanguage\":\"es\",\"potentialAction\":[{\"@type\":\"ReadAction\",\"target\":[\"https:\/\/www.feyalegria.org\/italia\/info-donaciones\/\"]}]},{\"@type\":\"WebSite\",\"@id\":\"https:\/\/www.feyalegria.org\/italia\/#website\",\"url\":\"https:\/\/www.feyalegria.org\/italia\/\",\"name\":\"#SomosFeyAlegria en Italia\",\"description\":\"Movimiento de Educaci\u00f3n Popular y Promoci\u00f3n Social\",\"potentialAction\":[{\"@type\":\"SearchAction\",\"target\":{\"@type\":\"EntryPoint\",\"urlTemplate\":\"https:\/\/www.feyalegria.org\/italia\/?s={search_term_string}\"},\"query-input\":{\"@type\":\"PropertyValueSpecification\",\"valueRequired\":true,\"valueName\":\"search_term_string\"}}],\"inLanguage\":\"es\"}]}<\/script>\n<!-- \/ Yoast SEO plugin. -->","yoast_head_json":{"title":"Informaci\u00f3n donaciones - #SomosFeyAlegria en Italia","robots":{"index":"index","follow":"follow","max-snippet":"max-snippet:-1","max-image-preview":"max-image-preview:large","max-video-preview":"max-video-preview:-1"},"canonical":"https:\/\/www.feyalegria.org\/italia\/info-donaciones\/","og_locale":"es_ES","og_type":"article","og_title":"Informaci\u00f3n donaciones - #SomosFeyAlegria en Italia","og_description":"[vc_row][vc_column][vc_column_text css=\u00bb\u00bb] Ventajas fiscales de las donaciones a las cooperativas sociales Fe y Alegria [\/vc_column_text][\/vc_column][\/vc_row][vc_row][vc_column][vc_column_text css=\u00bb\u00bb] Al ser una cooperativa social italiana el donante puede beneficiarse de los beneficios fiscales por donaciones a entidades del Tercer Sector en Italia (erogazioni liberali) Detracci\u00f3n fiscal: Se puede deducir el 30% del importe donado, hasta 30.000 \u20ac por","og_url":"https:\/\/www.feyalegria.org\/italia\/info-donaciones\/","og_site_name":"#SomosFeyAlegria en Italia","article_modified_time":"2025-09-22T19:47:19+00:00","twitter_card":"summary_large_image","twitter_misc":{"Tiempo de lectura":"3 minutos"},"schema":{"@context":"https:\/\/schema.org","@graph":[{"@type":"WebPage","@id":"https:\/\/www.feyalegria.org\/italia\/info-donaciones\/","url":"https:\/\/www.feyalegria.org\/italia\/info-donaciones\/","name":"Informaci\u00f3n donaciones - #SomosFeyAlegria en Italia","isPartOf":{"@id":"https:\/\/www.feyalegria.org\/italia\/#website"},"datePublished":"2025-09-19T10:50:40+00:00","dateModified":"2025-09-22T19:47:19+00:00","inLanguage":"es","potentialAction":[{"@type":"ReadAction","target":["https:\/\/www.feyalegria.org\/italia\/info-donaciones\/"]}]},{"@type":"WebSite","@id":"https:\/\/www.feyalegria.org\/italia\/#website","url":"https:\/\/www.feyalegria.org\/italia\/","name":"#SomosFeyAlegria en Italia","description":"Movimiento de Educaci\u00f3n Popular y Promoci\u00f3n Social","potentialAction":[{"@type":"SearchAction","target":{"@type":"EntryPoint","urlTemplate":"https:\/\/www.feyalegria.org\/italia\/?s={search_term_string}"},"query-input":{"@type":"PropertyValueSpecification","valueRequired":true,"valueName":"search_term_string"}}],"inLanguage":"es"}]}},"_links":{"self":[{"href":"https:\/\/www.feyalegria.org\/italia\/wp-json\/wp\/v2\/pages\/7616","targetHints":{"allow":["GET"]}}],"collection":[{"href":"https:\/\/www.feyalegria.org\/italia\/wp-json\/wp\/v2\/pages"}],"about":[{"href":"https:\/\/www.feyalegria.org\/italia\/wp-json\/wp\/v2\/types\/page"}],"author":[{"embeddable":true,"href":"https:\/\/www.feyalegria.org\/italia\/wp-json\/wp\/v2\/users\/9"}],"replies":[{"embeddable":true,"href":"https:\/\/www.feyalegria.org\/italia\/wp-json\/wp\/v2\/comments?post=7616"}],"version-history":[{"count":3,"href":"https:\/\/www.feyalegria.org\/italia\/wp-json\/wp\/v2\/pages\/7616\/revisions"}],"predecessor-version":[{"id":7668,"href":"https:\/\/www.feyalegria.org\/italia\/wp-json\/wp\/v2\/pages\/7616\/revisions\/7668"}],"wp:attachment":[{"href":"https:\/\/www.feyalegria.org\/italia\/wp-json\/wp\/v2\/media?parent=7616"}],"wp:term":[{"taxonomy":"folder","embeddable":true,"href":"https:\/\/www.feyalegria.org\/italia\/wp-json\/wp\/v2\/folder?post=7616"}],"curies":[{"name":"wp","href":"https:\/\/api.w.org\/{rel}","templated":true}]}}