 {"id":7619,"date":"2025-09-19T06:14:25","date_gmt":"2025-09-19T11:14:25","guid":{"rendered":"https:\/\/www.feyalegria.org\/italia\/?page_id=7619"},"modified":"2025-09-19T06:16:16","modified_gmt":"2025-09-19T11:16:16","slug":"cursos-formacion-fe-y-alegria-milano","status":"publish","type":"page","link":"https:\/\/www.feyalegria.org\/italia\/cursos-formacion-fe-y-alegria-milano\/","title":{"rendered":"Cursos de Formaci\u00f3n Fe y Alegr\u00eda Milano"},"content":{"rendered":"<div class=\"wpb-content-wrapper\"><p>[vc_row][vc_column][vc_empty_space][vc_column_text css=\u00bb\u00bb]<\/p>\n<h3>Cursos de formaci\u00f3n de Fe y Alegria Milano<\/h3>\n<p>[\/vc_column_text][vc_empty_space][vc_column_text css=\u00bb\u00bb]<\/p>\n<h3>INFORMACI\u00d3N CURSOS DE ITALIANO 2025 &#8211; 2026<\/h3>\n<p>&nbsp;<\/p>\n<h3>Horarios<\/h3>\n<p>El curso de italiano se desarrollar\u00e1 de manera presencial los s\u00e1bados en horario de 14:30 a 18:30.<\/p>\n<h3>Duraci\u00f3n<\/h3>\n<p>80 horas.<\/p>\n<h3>Inicio<\/h3>\n<ul>\n<li>El nivel A2- B1 iniciar\u00e1 en octubre de 2025<\/li>\n<li>El nivel B2 en enero de 2026<\/li>\n<\/ul>\n<h3>Procedimiento inscripci\u00f3n<\/h3>\n<p>Previo a la inscripci\u00f3n se debe realizar el test de ubicaci\u00f3n del nivel de italiano, la cita para el test se puede reservar a trav\u00e9s de mensaje WhatsApp al n\u00famero 3452836097 los domingos de 10:00 a 12:00 o de 15:00 a 16:00 en nuestra sede de V\u00eda Leone XIII, 6 en Mil\u00e1n.<\/p>\n<ul>\n<li>Nivel B2 &#8211; Inscripci\u00f3n desde el 01 hasta el 28 de diciembre de 2025<\/li>\n<\/ul>\n<h3>Requisitos:<\/h3>\n<p>Carta de identidad y c\u00f3digo fiscal<\/p>\n<h3>Costos<\/h3>\n<ul>\n<li>Nivel A1 y B1:\n<ul>\n<li>Costo para estudiantes de Fe y Alegria Milano: \u20ac 200,00<\/li>\n<\/ul>\n<\/li>\n<li>Nivel B2:\n<ul>\n<li>Costo para estudiantes de Fe y Alegria Milano: \u20ac 150,00<\/li>\n<\/ul>\n<\/li>\n<\/ul>\n<p>Para obtener la certificaci\u00f3n del nivel de italiano, deben rendir el ESAME CELI nivel B1 en el mes de septiembre y nivel B2 entre el 09 de noviembre 2026, la cual es otorgada por la Universidad de Perugia, su costo es de \u20ac 70, dicho valor no se encuentra incluido en el costo del curso.<\/p>\n<p>&nbsp;<\/p>\n<h3>Pagamento<\/h3>\n<p>El pago de la inscripci\u00f3n se realizar\u00e1 en sede en efectivo o transferencia bancaria.<\/p>\n<p>A continuaci\u00f3n se detallan los datos:<br \/>\nBANCA INTESA SANPAOLO:<br \/>\nCONTO: 1000 \/ 00197140<br \/>\nBENEFICIARIO: FE Y ALEGR\u00cdA MILANO- COOPERATIVA SOCIALE<br \/>\nCODICE IBAN: IT87A0306909606100000197140<br \/>\nCAUSALE: CORSO ITALIANO 2025-2026 ( NOMBRES Y APELLIDOS COMPLETOS DEL ESTUDIANTE)<\/p>\n<p>Para fines contables, quien realice el pago a trav\u00e9s de transferencia bancaria debe enviar el comprobante de pago, carta de identidad, c\u00f3digo fiscal, direcci\u00f3n de domicilio y CAP al siguiente email: contabilidad.milano@feyalegria.it<\/p>\n<p>La factura no es deducible para fines fiscales.[\/vc_column_text][\/vc_column][\/vc_row][vc_row][vc_column][vc_empty_space][\/vc_column][\/vc_row][vc_row][vc_column][vc_column_text css=\u00bb\u00bb]<\/p>\n<h3>CURSO DE ACCESO AL MERCADO DEL TRABAJO<\/h3>\n<p>Como realizar el CV, donde buscar trabajo, como realizar una entrevista de trabajo.<\/p>\n<p>Este curso es gratuito.<\/p>\n<p>Lo realizamos en colaboraci\u00f3n con una asociaci\u00f3n de voluntariado.<\/p>\n<p>Las fechas para el 25\/26 ser\u00e1n publicadas en nuestro canal <a href=\"https:\/\/www.facebook.com\/feyalegriamilanoirfeyalmilano\">Facebook Fe y Alegria Milano.<\/a><\/p>\n<p>[\/vc_column_text][\/vc_column][\/vc_row]<\/p>\n<\/div>","protected":false},"excerpt":{"rendered":"<p>[vc_row][vc_column][vc_empty_space][vc_column_text css=\u00bb\u00bb] Cursos de formaci\u00f3n de Fe y Alegria Milano [\/vc_column_text][vc_empty_space][vc_column_text css=\u00bb\u00bb] INFORMACI\u00d3N CURSOS DE ITALIANO 2025 &#8211; 2026 &nbsp; Horarios El curso de italiano se desarrollar\u00e1 de manera presencial los s\u00e1bados en horario de 14:30 a 18:30. Duraci\u00f3n 80 horas. Inicio El nivel A2- B1 iniciar\u00e1 en octubre de 2025 El nivel B2 en<\/p>\n","protected":false},"author":9,"featured_media":0,"parent":0,"menu_order":0,"comment_status":"closed","ping_status":"closed","template":"","meta":{"_acf_changed":false,"footnotes":""},"folder":[],"class_list":["post-7619","page","type-page","status-publish","hentry"],"acf":[],"yoast_head":"<!-- This site is optimized with the Yoast SEO plugin v27.2 - https:\/\/yoast.com\/product\/yoast-seo-wordpress\/ -->\n<title>Cursos de Formaci\u00f3n Fe y Alegr\u00eda Milano - #SomosFeyAlegria en Italia<\/title>\n<meta name=\"robots\" content=\"index, follow, max-snippet:-1, max-image-preview:large, max-video-preview:-1\" \/>\n<link rel=\"canonical\" href=\"https:\/\/www.feyalegria.org\/italia\/cursos-formacion-fe-y-alegria-milano\/\" \/>\n<meta property=\"og:locale\" content=\"es_ES\" \/>\n<meta property=\"og:type\" content=\"article\" \/>\n<meta property=\"og:title\" content=\"Cursos de Formaci\u00f3n Fe y Alegr\u00eda Milano - #SomosFeyAlegria en Italia\" \/>\n<meta property=\"og:description\" content=\"[vc_row][vc_column][vc_empty_space][vc_column_text css=\u00bb\u00bb] Cursos de formaci\u00f3n de Fe y Alegria Milano [\/vc_column_text][vc_empty_space][vc_column_text css=\u00bb\u00bb] INFORMACI\u00d3N CURSOS DE ITALIANO 2025 &#8211; 2026 &nbsp; Horarios El curso de italiano se desarrollar\u00e1 de manera presencial los s\u00e1bados en horario de 14:30 a 18:30. Duraci\u00f3n 80 horas. Inicio El nivel A2- B1 iniciar\u00e1 en octubre de 2025 El nivel B2 en\" \/>\n<meta property=\"og:url\" content=\"https:\/\/www.feyalegria.org\/italia\/cursos-formacion-fe-y-alegria-milano\/\" \/>\n<meta property=\"og:site_name\" content=\"#SomosFeyAlegria en Italia\" \/>\n<meta property=\"article:modified_time\" content=\"2025-09-19T11:16:16+00:00\" \/>\n<meta name=\"twitter:card\" content=\"summary_large_image\" \/>\n<meta name=\"twitter:label1\" content=\"Tiempo de lectura\" \/>\n\t<meta name=\"twitter:data1\" content=\"2 minutos\" \/>\n<script type=\"application\/ld+json\" class=\"yoast-schema-graph\">{\"@context\":\"https:\/\/schema.org\",\"@graph\":[{\"@type\":\"WebPage\",\"@id\":\"https:\/\/www.feyalegria.org\/italia\/cursos-formacion-fe-y-alegria-milano\/\",\"url\":\"https:\/\/www.feyalegria.org\/italia\/cursos-formacion-fe-y-alegria-milano\/\",\"name\":\"Cursos de Formaci\u00f3n Fe y Alegr\u00eda Milano - #SomosFeyAlegria en Italia\",\"isPartOf\":{\"@id\":\"https:\/\/www.feyalegria.org\/italia\/#website\"},\"datePublished\":\"2025-09-19T11:14:25+00:00\",\"dateModified\":\"2025-09-19T11:16:16+00:00\",\"inLanguage\":\"es\",\"potentialAction\":[{\"@type\":\"ReadAction\",\"target\":[\"https:\/\/www.feyalegria.org\/italia\/cursos-formacion-fe-y-alegria-milano\/\"]}]},{\"@type\":\"WebSite\",\"@id\":\"https:\/\/www.feyalegria.org\/italia\/#website\",\"url\":\"https:\/\/www.feyalegria.org\/italia\/\",\"name\":\"#SomosFeyAlegria en Italia\",\"description\":\"Movimiento de Educaci\u00f3n Popular y Promoci\u00f3n Social\",\"potentialAction\":[{\"@type\":\"SearchAction\",\"target\":{\"@type\":\"EntryPoint\",\"urlTemplate\":\"https:\/\/www.feyalegria.org\/italia\/?s={search_term_string}\"},\"query-input\":{\"@type\":\"PropertyValueSpecification\",\"valueRequired\":true,\"valueName\":\"search_term_string\"}}],\"inLanguage\":\"es\"}]}<\/script>\n<!-- \/ Yoast SEO plugin. -->","yoast_head_json":{"title":"Cursos de Formaci\u00f3n Fe y Alegr\u00eda Milano - #SomosFeyAlegria en Italia","robots":{"index":"index","follow":"follow","max-snippet":"max-snippet:-1","max-image-preview":"max-image-preview:large","max-video-preview":"max-video-preview:-1"},"canonical":"https:\/\/www.feyalegria.org\/italia\/cursos-formacion-fe-y-alegria-milano\/","og_locale":"es_ES","og_type":"article","og_title":"Cursos de Formaci\u00f3n Fe y Alegr\u00eda Milano - #SomosFeyAlegria en Italia","og_description":"[vc_row][vc_column][vc_empty_space][vc_column_text css=\u00bb\u00bb] Cursos de formaci\u00f3n de Fe y Alegria Milano [\/vc_column_text][vc_empty_space][vc_column_text css=\u00bb\u00bb] INFORMACI\u00d3N CURSOS DE ITALIANO 2025 &#8211; 2026 &nbsp; Horarios El curso de italiano se desarrollar\u00e1 de manera presencial los s\u00e1bados en horario de 14:30 a 18:30. Duraci\u00f3n 80 horas. Inicio El nivel A2- B1 iniciar\u00e1 en octubre de 2025 El nivel B2 en","og_url":"https:\/\/www.feyalegria.org\/italia\/cursos-formacion-fe-y-alegria-milano\/","og_site_name":"#SomosFeyAlegria en Italia","article_modified_time":"2025-09-19T11:16:16+00:00","twitter_card":"summary_large_image","twitter_misc":{"Tiempo de lectura":"2 minutos"},"schema":{"@context":"https:\/\/schema.org","@graph":[{"@type":"WebPage","@id":"https:\/\/www.feyalegria.org\/italia\/cursos-formacion-fe-y-alegria-milano\/","url":"https:\/\/www.feyalegria.org\/italia\/cursos-formacion-fe-y-alegria-milano\/","name":"Cursos de Formaci\u00f3n Fe y Alegr\u00eda Milano - #SomosFeyAlegria en Italia","isPartOf":{"@id":"https:\/\/www.feyalegria.org\/italia\/#website"},"datePublished":"2025-09-19T11:14:25+00:00","dateModified":"2025-09-19T11:16:16+00:00","inLanguage":"es","potentialAction":[{"@type":"ReadAction","target":["https:\/\/www.feyalegria.org\/italia\/cursos-formacion-fe-y-alegria-milano\/"]}]},{"@type":"WebSite","@id":"https:\/\/www.feyalegria.org\/italia\/#website","url":"https:\/\/www.feyalegria.org\/italia\/","name":"#SomosFeyAlegria en Italia","description":"Movimiento de Educaci\u00f3n Popular y Promoci\u00f3n Social","potentialAction":[{"@type":"SearchAction","target":{"@type":"EntryPoint","urlTemplate":"https:\/\/www.feyalegria.org\/italia\/?s={search_term_string}"},"query-input":{"@type":"PropertyValueSpecification","valueRequired":true,"valueName":"search_term_string"}}],"inLanguage":"es"}]}},"_links":{"self":[{"href":"https:\/\/www.feyalegria.org\/italia\/wp-json\/wp\/v2\/pages\/7619","targetHints":{"allow":["GET"]}}],"collection":[{"href":"https:\/\/www.feyalegria.org\/italia\/wp-json\/wp\/v2\/pages"}],"about":[{"href":"https:\/\/www.feyalegria.org\/italia\/wp-json\/wp\/v2\/types\/page"}],"author":[{"embeddable":true,"href":"https:\/\/www.feyalegria.org\/italia\/wp-json\/wp\/v2\/users\/9"}],"replies":[{"embeddable":true,"href":"https:\/\/www.feyalegria.org\/italia\/wp-json\/wp\/v2\/comments?post=7619"}],"version-history":[{"count":4,"href":"https:\/\/www.feyalegria.org\/italia\/wp-json\/wp\/v2\/pages\/7619\/revisions"}],"predecessor-version":[{"id":7623,"href":"https:\/\/www.feyalegria.org\/italia\/wp-json\/wp\/v2\/pages\/7619\/revisions\/7623"}],"wp:attachment":[{"href":"https:\/\/www.feyalegria.org\/italia\/wp-json\/wp\/v2\/media?parent=7619"}],"wp:term":[{"taxonomy":"folder","embeddable":true,"href":"https:\/\/www.feyalegria.org\/italia\/wp-json\/wp\/v2\/folder?post=7619"}],"curies":[{"name":"wp","href":"https:\/\/api.w.org\/{rel}","templated":true}]}}