 {"id":7648,"date":"2025-09-22T07:33:20","date_gmt":"2025-09-22T12:33:20","guid":{"rendered":"https:\/\/www.feyalegria.org\/italia\/?page_id=7648"},"modified":"2025-09-22T10:01:08","modified_gmt":"2025-09-22T15:01:08","slug":"generazione-alegria","status":"publish","type":"page","link":"https:\/\/www.feyalegria.org\/italia\/generazione-alegria\/","title":{"rendered":"Generazione Alegr\u00eda"},"content":{"rendered":"<div class=\"wpb-content-wrapper\"><p>[vc_row][vc_column]<div style=\"background-color:;height: 60 pxpx\" class=\"nicdark_section  \"><\/div>[vc_column_text css=\u00bb\u00bb]<\/p>\n<h2>Generazione Alegr\u00eda de Fe y Alegr\u00eda Milano &#8211; j\u00f3venes en acci\u00f3n por un presente compartido<\/h2>\n<p>[\/vc_column_text]<div style=\"background-color:;height: 60 pxpx\" class=\"nicdark_section  \"><\/div>[vc_column_text css=\u00bb\u00bb]<strong>Proyecto educativo y c\u00edvico de Fe y Alegr\u00eda Milano que promueve el compromiso, la integraci\u00f3n y la acci\u00f3n comunitaria.<\/strong>[\/vc_column_text][\/vc_column][\/vc_row][vc_row][vc_column width=\u00bb1\/2&#8243;][vc_column_text css=\u00bb\u00bb]<\/p>\n<h3 data-start=\"184\" data-end=\"443\">Sobre el proyecto<\/h3>\n<p>[\/vc_column_text][vc_column_text css=\u00bb\u00bb]<\/p>\n<p data-start=\"377\" data-end=\"699\"><strong data-start=\"377\" data-end=\"400\">Generazione Alegr\u00eda<\/strong> es un <strong data-start=\"407\" data-end=\"461\">proyecto educativo y c\u00edvico de Fe y Alegr\u00eda Milano<\/strong> que empodera a los j\u00f3venes para actuar por un presente compartido. La iniciativa promueve <strong data-start=\"552\" data-end=\"614\">compromiso social, integraci\u00f3n y participaci\u00f3n comunitaria<\/strong>, ofreciendo espacios de aprendizaje y acci\u00f3n fuera del \u00e1mbito escolar tradicional.<\/p>\n<p data-start=\"701\" data-end=\"958\">Apoyado por la <strong data-start=\"716\" data-end=\"749\">Fondazione Gesuiti Educazione<\/strong> y la <strong data-start=\"755\" data-end=\"777\">Fondazione Cariplo<\/strong>, el proyecto involucra a j\u00f3venes en <strong data-start=\"814\" data-end=\"865\">acciones c\u00edvicas, ambientales e interculturales<\/strong>, fomentando la <strong data-start=\"881\" data-end=\"955\">responsabilidad social, la solidaridad y la cooperaci\u00f3n entre culturas<\/strong>.<\/p>\n<p>[\/vc_column_text][vc_column_text css=\u00bb\u00bb]<\/p>\n<h3>Objetivos del proyecto<\/h3>\n<p>[\/vc_column_text][vc_column_text css=\u00bb\u00bb]<\/p>\n<ul>\n<li data-start=\"996\" data-end=\"1097\">\n<p data-start=\"998\" data-end=\"1097\"><strong data-start=\"998\" data-end=\"1031\">Fomentar la ciudadan\u00eda activa<\/strong>: compromiso c\u00edvico y social de los j\u00f3venes-<\/p>\n<\/li>\n<li data-start=\"1098\" data-end=\"1208\">\n<p data-start=\"1100\" data-end=\"1208\"><strong data-start=\"1100\" data-end=\"1160\">Desarrollar habilidades de liderazgo y trabajo en equipo.<\/strong><\/p>\n<\/li>\n<li data-start=\"1209\" data-end=\"1314\">\n<p data-start=\"1211\" data-end=\"1314\"><strong data-start=\"1211\" data-end=\"1252\">Promover la integraci\u00f3n intercultural<\/strong>: encuentros y di\u00e1logos entre j\u00f3venes de distintas culturas.<\/p>\n<\/li>\n<li data-start=\"1315\" data-end=\"1453\">\n<p data-start=\"1317\" data-end=\"1453\"><strong data-start=\"1317\" data-end=\"1365\">Impulsar acciones comunitarias y ambientales<\/strong>: limpieza de espacios p\u00fablicos y apoyo a la comunidad.<\/p>\n<\/li>\n<li style=\"list-style-type: none;\"><\/li>\n<\/ul>\n<p>[\/vc_column_text][\/vc_column][vc_column width=\u00bb1\/2&#8243;]\n    <div style=\"text-align:\" class=\"nd_options_section\">\n      <img decoding=\"async\" alt=\"\" style=\"width:100%\" class=\" nd_options_margin_0 nd_options_padding_0 \" src=\"https:\/\/d3pugrm67vf9n7.cloudfront.net\/wp-content\/uploads\/sites\/6\/2025\/09\/17180946\/Untitled-design-13.png\">\n    <\/div>\n   [\/vc_column][\/vc_row][vc_row][vc_column][\/vc_column][\/vc_row][vc_row][vc_column width=\u00bb1\/2&#8243;][vc_column_text css=\u00bb\u00bb]<\/p>\n<h3>Actividades y talleres<\/h3>\n<p>[\/vc_column_text][vc_column_text css=\u00bb\u00bb]<\/p>\n<p data-start=\"1491\" data-end=\"1514\"><strong data-start=\"1491\" data-end=\"1512\">Ciudadan\u00eda activa<\/strong><\/p>\n<ul data-start=\"1515\" data-end=\"1661\">\n<li data-start=\"1515\" data-end=\"1588\">\n<p data-start=\"1517\" data-end=\"1588\">Talleres y actividades para fortalecer liderazgo y compromiso social.<\/p>\n<\/li>\n<li data-start=\"1589\" data-end=\"1661\">\n<p data-start=\"1591\" data-end=\"1661\">Proyectos que fomentan la participaci\u00f3n responsable en la comunidad.<\/p>\n<\/li>\n<\/ul>\n<p data-start=\"1663\" data-end=\"1688\"><strong data-start=\"1663\" data-end=\"1686\">Talleres educativos<\/strong><\/p>\n<ul data-start=\"1689\" data-end=\"1840\">\n<li data-start=\"1689\" data-end=\"1772\">\n<p data-start=\"1691\" data-end=\"1772\">Desarrollo de habilidades blandas: comunicaci\u00f3n, trabajo en equipo y liderazgo.<\/p>\n<\/li>\n<li data-start=\"1773\" data-end=\"1840\">\n<p data-start=\"1775\" data-end=\"1840\">Planificaci\u00f3n y gesti\u00f3n de proyectos comunitarios y personales.<\/p>\n<\/li>\n<\/ul>\n<p data-start=\"1842\" data-end=\"1869\"><strong data-start=\"1842\" data-end=\"1867\">Acciones comunitarias<\/strong><\/p>\n<ul data-start=\"1870\" data-end=\"1978\">\n<li data-start=\"1870\" data-end=\"1919\">\n<p data-start=\"1872\" data-end=\"1919\">Limpieza urbana y cuidado de espacios verdes.<\/p>\n<\/li>\n<li data-start=\"1920\" data-end=\"1978\">\n<p data-start=\"1922\" data-end=\"1978\">Apoyo a la comunidad y actividades culturales locales.<\/p>\n<\/li>\n<\/ul>\n<p data-start=\"1980\" data-end=\"2009\"><strong data-start=\"1980\" data-end=\"2007\">Eventos interculturales<\/strong><\/p>\n<ul data-start=\"2010\" data-end=\"2135\">\n<li data-start=\"2010\" data-end=\"2062\">\n<p data-start=\"2012\" data-end=\"2062\">Encuentros con j\u00f3venes de distintas comunidades.<\/p>\n<\/li>\n<li data-start=\"2063\" data-end=\"2135\">\n<p data-start=\"2065\" data-end=\"2135\">Intercambio de experiencias y aprendizaje sobre diversidad cultural<\/p>\n<\/li>\n<\/ul>\n<p>[\/vc_column_text][vc_column_text css=\u00bb\u00bb]<\/p>\n<h3>Testimonios<\/h3>\n<p>[\/vc_column_text][vc_column_text css=\u00bb\u00bb]<\/p>\n<p data-start=\"210\" data-end=\"381\">Nos cuentan dos participantes del grupo organizado de Gen.Alegr\u00eda que es para ellos este grupo:<\/p>\n<p data-start=\"383\" data-end=\"503\"><strong data-start=\"383\" data-end=\"397\">Para Alessandro, italiano,\u00a0<\/strong> 31 a\u00f1os, Gen.Alegr\u00eda es \u201cuna uni\u00f3n aut\u00e9ntica de personas con valores compartidos, trabajando por una sociedad m\u00e1s solidaria.\u201d<\/p>\n<p data-start=\"505\" data-end=\"626\"><strong data-start=\"505\" data-end=\"515\">Marcia, peruana, 22 a\u00f1os <\/strong>\u00a0\u2013 \u201cGenerazione Alegr\u00eda nos da un espacio para construir un presente mejor, escuch\u00e1ndonos y actuando juntos.\u201d<\/p>\n<p data-start=\"628\" data-end=\"810\"><strong data-start=\"628\" data-end=\"680\">\u00danete al grupo organizador y s\u00e9 parte del cambio<\/strong>, contribuyendo a planificar, liderar y motivar a otros j\u00f3venes en talleres, acciones comunitarias y encuentros interculturales.<\/p>\n<p>[\/vc_column_text][\/vc_column][vc_column width=\u00bb1\/2&#8243;][vc_raw_html css=\u00bb\u00bb]JTNDJTJGcCUzRSUzQ2Jsb2NrcXVvdGUlMjBjbGFzcyUzRCUyMnRpa3Rvay1lbWJlZCUyMiUyMGNpdGUlM0QlMjJodHRwcyUzQSUyRiUyRnd3dy50aWt0b2suY29tJTJGJTQwZmV5YWxlZ3JpYWl0YWxpYWlyZmV5YWwlMkZ2aWRlbyUyRjc1MDMyMzQyNTI4NDczMzY3MjYlMjIlMjBkYXRhLXZpZGVvLWlkJTNEJTIyNzUwMzIzNDI1Mjg0NzMzNjcyNiUyMiUyMHN0eWxlJTNEJTIybWF4LXdpZHRoJTNBJTIwNjA1cHglM0JtaW4td2lkdGglM0ElMjAzMjVweCUzQiUyMiUyMCUzRSUyMCUzQ3NlY3Rpb24lM0UlMjAlM0NhJTIwdGFyZ2V0JTNEJTIyX2JsYW5rJTIyJTIwdGl0bGUlM0QlMjIlNDBmZXlhbGVncmlhaXRhbGlhaXJmZXlhbCUyMiUyMGhyZWYlM0QlMjJodHRwcyUzQSUyRiUyRnd3dy50aWt0b2suY29tJTJGJTQwZmV5YWxlZ3JpYWl0YWxpYWlyZmV5YWwlM0ZyZWZlciUzRGVtYmVkJTIyJTNFJTQwZmV5YWxlZ3JpYWl0YWxpYWlyZmV5YWwlM0MlMkZhJTNFJTIwSWwlMjBwcmltbyUyMGV2ZW50byUyMHRhcmdhdG8lMjBHZW5lcmF6aW9uZSUyMEFsZWdyJUMzJUFEYSUyMCVDMyVBOCUyMHN0YXRvJTIwdW4lMjBzdWNjZXNzbyUyMCVGMCU5RiU5MiVBNSUyMFNpYW1vJTIwaWwlMjBjb21pdGF0byUyMGdpb3ZhbmlsZSUyMGRpJTIwRmUlMjB5JTIwQWxlZ3IlQzMlQURhJTIwTWlsYW5vJTIwZSUyMGllcmklMkMlMjBpbnNpZW1lJTIwYWdsaSUyMGFtaWNpJTIwZGklMjBBbmdlbGklMjBkZWwlMjBCZWxsbyUyME1pbGFubyUyMGNpJTIwc2lhbW8lMjBwcmVzaSUyMGN1cmElMjBkaSUyMHVuYSUyMHBhcnRlJTIwbm9zdHJhJTIwY2l0dCVDMyVBMCUyQyUyMGlsJTIwR2lhcmRpbm8lMjBCb21waWFuaSUyMCVGMCU5RiU4QyVCMSUyMEFzc2llbWUlMjBhJTIwbm9pJTJDJTIwYW5jaGUlMjBPWTRDJTIwTWlsYW5vJTIwJUYwJTlGJUFCJTgyJTIwJUYwJTlGJTkyJUFBJTIwQXppb25lJTJDJTIwY29sbGFib3JhemlvbmUlMkMlMjBlbnR1c2lhc21vJTNBJTIwJUMzJUE4JTIwc29sbyUyMGwlRTIlODAlOTlpbml6aW8lMjBkaSUyMHVuJTIwcGVyY29yc28lMjBjaGUlMjBwYXJsYSUyMGRpJTIwZ2lvdmFuaSUyQyUyMGNvbXVuaXQlQzMlQTAlMjBlJTIwY2FtYmlhbWVudG8uJTIwTWlsYW5vJTJDJTIwc2lhbW8lMjBwcm9udGklMjBhJTIwY29sb3JhcmUlMjBsYSUyMGNpdHQlQzMlQTAlMjBjb24lMjBsYSUyMG5vc3RyYSUyMEFsZWdyJUMzJUFEYSUyMSUyMCVGMCU5RiU4QyVCOCUyMFVuaXRldmklMjBhJTIwbm9pJTIwc2NyaXZlbmRvJTIwYSUyMGZyYW5jZXNjYS5sdWFuYSU0MGZleWFsZWdyaWEuaXQlMjAlRTIlOUMlQTglMjAlM0NhJTIwdGl0bGUlM0QlMjJnZW5lcmF6aW9uZWFsZWdyJUMzJUFEYSUyMiUyMHRhcmdldCUzRCUyMl9ibGFuayUyMiUyMGhyZWYlM0QlMjJodHRwcyUzQSUyRiUyRnd3dy50aWt0b2suY29tJTJGdGFnJTJGZ2VuZXJhemlvbmVhbGVnciUyNUMzJTI1QURhJTNGcmVmZXIlM0RlbWJlZCUyMiUzRSUyM0dlbmVyYXppb25lQWxlZ3IlQzMlQURhJTNDJTJGYSUzRSUyMCUzQ2ElMjB0aXRsZSUzRCUyMmZleWFsZWdyJUMzJUFEYW1pbGFubyUyMiUyMHRhcmdldCUzRCUyMl9ibGFuayUyMiUyMGhyZWYlM0QlMjJodHRwcyUzQSUyRiUyRnd3dy50aWt0b2suY29tJTJGdGFnJTJGZmV5YWxlZ3IlMjVDMyUyNUFEYW1pbGFubyUzRnJlZmVyJTNEZW1iZWQlMjIlM0UlMjNGZXlBbGVnciVDMyVBRGFNaWxhbm8lM0MlMkZhJTNFJTIwJTNDYSUyMHRpdGxlJTNEJTIyYW5nZWxpZGVsYmVsbG8lMjIlMjB0YXJnZXQlM0QlMjJfYmxhbmslMjIlMjBocmVmJTNEJTIyaHR0cHMlM0ElMkYlMkZ3d3cudGlrdG9rLmNvbSUyRnRhZyUyRmFuZ2VsaWRlbGJlbGxvJTNGcmVmZXIlM0RlbWJlZCUyMiUzRSUyM0FuZ2VsaURlbEJlbGxvJTNDJTJGYSUzRSUyMCUzQ2ElMjB0aXRsZSUzRCUyMmdpb3ZhbmlhdHRpdmklMjIlMjB0YXJnZXQlM0QlMjJfYmxhbmslMjIlMjBocmVmJTNEJTIyaHR0cHMlM0ElMkYlMkZ3d3cudGlrdG9rLmNvbSUyRnRhZyUyRmdpb3ZhbmlhdHRpdmklM0ZyZWZlciUzRGVtYmVkJTIyJTNFJTIzR2lvdmFuaUF0dGl2aSUzQyUyRmElM0UlMjAlM0NhJTIwdGl0bGUlM0QlMjJtaWxhbm9iZWxsYSUyMiUyMHRhcmdldCUzRCUyMl9ibGFuayUyMiUyMGhyZWYlM0QlMjJodHRwcyUzQSUyRiUyRnd3dy50aWt0b2suY29tJTJGdGFnJTJGbWlsYW5vYmVsbGElM0ZyZWZlciUzRGVtYmVkJTIyJTNFJTIzTWlsYW5vQmVsbGElM0MlMkZhJTNFJTIwJTNDYSUyMHRpdGxlJTNEJTIyY3VyYWRlbGJlbmVjb211bmUlMjIlMjB0YXJnZXQlM0QlMjJfYmxhbmslMjIlMjBocmVmJTNEJTIyaHR0cHMlM0ElMkYlMkZ3d3cudGlrdG9rLmNvbSUyRnRhZyUyRmN1cmFkZWxiZW5lY29tdW5lJTNGcmVmZXIlM0RlbWJlZCUyMiUzRSUyM0N1cmFEZWxCZW5lQ29tdW5lJTNDJTJGYSUzRSUyMCUzQ2ElMjB0aXRsZSUzRCUyMmFsZWdyJUMzJUFEYWluYXppb25lJTIyJTIwdGFyZ2V0JTNEJTIyX2JsYW5rJTIyJTIwaHJlZiUzRCUyMmh0dHBzJTNBJTJGJTJGd3d3LnRpa3Rvay5jb20lMkZ0YWclMkZhbGVnciUyNUMzJTI1QURhaW5hemlvbmUlM0ZyZWZlciUzRGVtYmVkJTIyJTNFJTIzQWxlZ3IlQzMlQURhSW5BemlvbmUlM0MlMkZhJTNFJTIwJTNDYSUyMHRhcmdldCUzRCUyMl9ibGFuayUyMiUyMHRpdGxlJTNEJTIyJUUyJTk5JUFDJTIwc3Vvbm8lMjBvcmlnaW5hbGUlMjAtJTIwRmUlMjB5JTIwQWxlZ3JpYSUyMEl0YWxpYSUyMC1JcmZleWFsJTIyJTIwaHJlZiUzRCUyMmh0dHBzJTNBJTJGJTJGd3d3LnRpa3Rvay5jb20lMkZtdXNpYyUyRnN1b25vLW9yaWdpbmFsZS03NTAzMjM0MjQ1MTY3NDY3Mjg2JTNGcmVmZXIlM0RlbWJlZCUyMiUzRSVFMiU5OSVBQyUyMHN1b25vJTIwb3JpZ2luYWxlJTIwLSUyMEZlJTIweSUyMEFsZWdyaWElMjBJdGFsaWElMjAtSXJmZXlhbCUzQyUyRmElM0UlMjAlM0MlMkZzZWN0aW9uJTNFJTIwJTNDJTJGYmxvY2txdW90ZSUzRSUyMCUzQ3NjcmlwdCUyMGFzeW5jJTIwc3JjJTNEJTIyaHR0cHMlM0ElMkYlMkZ3d3cudGlrdG9rLmNvbSUyRmVtYmVkLmpzJTIyJTNFJTNDJTJGc2NyaXB0JTNF[\/vc_raw_html][\/vc_column][\/vc_row][vc_row][vc_column][vc_column_text css=\u00bb\u00bb]<\/p>\n<h3>C\u00f3mo participar<\/h3>\n<p>[\/vc_column_text][\/vc_column][\/vc_row][vc_row][vc_column][vc_column_text]<\/p>\n<p>[\/vc_column_text][vc_column_text css=\u00bb\u00bb]<\/p>\n<p data-start=\"228\" data-end=\"292\">En <strong data-start=\"231\" data-end=\"254\">Generazione Alegr\u00eda<\/strong> puedes involucrarte de dos maneras:<\/p>\n<ul data-start=\"294\" data-end=\"572\">\n<li data-start=\"294\" data-end=\"444\">\n<p data-start=\"296\" data-end=\"444\"><strong data-start=\"296\" data-end=\"335\">Como miembro del grupo organizador:<\/strong> contribuye a guiar otros j\u00f3vene, generando ideas, planificando, coordinanddo y liderando talleres, acciones comunitarias y encuentros interculturales.<\/p>\n<\/li>\n<li data-start=\"445\" data-end=\"572\">\n<p data-start=\"447\" data-end=\"572\"><strong data-start=\"447\" data-end=\"483\">Participando en las actividades:<\/strong> \u00fanete a talleres, limpiezas urbanas, proyectos comunitarios y eventos interculturales.<\/p>\n<\/li>\n<\/ul>\n<p data-start=\"574\" data-end=\"727\"><strong data-start=\"574\" data-end=\"633\">\u00danete y s\u00e9 protagonista del cambio.<\/strong><\/p>\n<p>[\/vc_column_text][vc_column_text css=\u00bb\u00bb]Esc\u00edbenos una mail a info@feyalegria.it especificando tu inter\u00e9s en participar a GEN.ALEGRIA en tener mayor informaci\u00f3n.[\/vc_column_text][vc_btn title=\u00bbQuiero ser parte de Generazione Alegr\u00eda\u00bb color=\u00bbdanger\u00bb css=\u00bb\u00bb link=\u00bburl:mailto%3Ainfo%40feyalegria.it%3Fsubject%3DParticipaci%C3%B3n%2520en%2520Generazione%2520Alegr%C3%ADa%2520&#8243;][vc_column_text css=\u00bb\u00bb]D\u00e9janos un mensaje por whatsapp y nos pondremos en contacto lo antes posible.[\/vc_column_text][vc_btn title=\u00bbQuiero participar en Generazione Alegr\u00eda\u00bb color=\u00bbsuccess\u00bb css=\u00bb\u00bb link=\u00bburl:http%3A%2F%2F%3Ca%20href%3D%22https%3A%2F%2Fwa.me%2F393289312437%3Ftext%3DHola%2C%2520quiero%2520informaci%C3%B3n%2520sobre%2520Generazione%2520Alegr%C3%ADa%22%20target%3D%22_blank%22%3ECont%C3%A1ctanos%20por%20WhatsApp%3C%2Fa%3E\u00bb][\/vc_column][\/vc_row]<\/p>\n<\/div>","protected":false},"excerpt":{"rendered":"<p>[vc_row][vc_column][vc_column_text css=\u00bb\u00bb] Generazione Alegr\u00eda de Fe y Alegr\u00eda Milano &#8211; j\u00f3venes en acci\u00f3n por un presente compartido [\/vc_column_text][vc_column_text css=\u00bb\u00bb]Proyecto educativo y c\u00edvico de Fe y Alegr\u00eda Milano que promueve el compromiso, la integraci\u00f3n y la acci\u00f3n comunitaria.[\/vc_column_text][\/vc_column][\/vc_row][vc_row][vc_column width=\u00bb1\/2&#8243;][vc_column_text css=\u00bb\u00bb] Sobre el proyecto [\/vc_column_text][vc_column_text css=\u00bb\u00bb] Generazione Alegr\u00eda es un proyecto educativo y c\u00edvico de Fe y<\/p>\n","protected":false},"author":9,"featured_media":0,"parent":0,"menu_order":0,"comment_status":"closed","ping_status":"closed","template":"","meta":{"_acf_changed":false,"footnotes":""},"folder":[],"class_list":["post-7648","page","type-page","status-publish","hentry"],"acf":[],"yoast_head":"<!-- This site is optimized with the Yoast SEO plugin v27.2 - https:\/\/yoast.com\/product\/yoast-seo-wordpress\/ -->\n<title>Generazione Alegr\u00eda - #SomosFeyAlegria en Italia<\/title>\n<meta name=\"description\" content=\"Generazione Alegr\u00eda es la iniciativa de Fe y Alegr\u00eda Milano que empodera a j\u00f3venes en ciudadan\u00eda activa, liderazgo y acciones comunitarias\" \/>\n<meta name=\"robots\" content=\"index, follow, max-snippet:-1, max-image-preview:large, max-video-preview:-1\" \/>\n<link rel=\"canonical\" href=\"https:\/\/www.feyalegria.org\/italia\/generazione-alegria\/\" \/>\n<meta property=\"og:locale\" content=\"es_ES\" \/>\n<meta property=\"og:type\" content=\"article\" \/>\n<meta property=\"og:title\" content=\"Generazione Alegr\u00eda - #SomosFeyAlegria en Italia\" \/>\n<meta property=\"og:description\" content=\"Generazione Alegr\u00eda es la iniciativa de Fe y Alegr\u00eda Milano que empodera a j\u00f3venes en ciudadan\u00eda activa, liderazgo y acciones comunitarias\" \/>\n<meta property=\"og:url\" content=\"https:\/\/www.feyalegria.org\/italia\/generazione-alegria\/\" \/>\n<meta property=\"og:site_name\" content=\"#SomosFeyAlegria en Italia\" \/>\n<meta property=\"article:modified_time\" content=\"2025-09-22T15:01:08+00:00\" \/>\n<meta name=\"twitter:card\" content=\"summary_large_image\" \/>\n<meta name=\"twitter:label1\" content=\"Tiempo de lectura\" \/>\n\t<meta name=\"twitter:data1\" content=\"3 minutos\" \/>\n<script type=\"application\/ld+json\" class=\"yoast-schema-graph\">{\"@context\":\"https:\/\/schema.org\",\"@graph\":[{\"@type\":\"WebPage\",\"@id\":\"https:\/\/www.feyalegria.org\/italia\/generazione-alegria\/\",\"url\":\"https:\/\/www.feyalegria.org\/italia\/generazione-alegria\/\",\"name\":\"Generazione Alegr\u00eda - #SomosFeyAlegria en Italia\",\"isPartOf\":{\"@id\":\"https:\/\/www.feyalegria.org\/italia\/#website\"},\"datePublished\":\"2025-09-22T12:33:20+00:00\",\"dateModified\":\"2025-09-22T15:01:08+00:00\",\"description\":\"Generazione Alegr\u00eda es la iniciativa de Fe y Alegr\u00eda Milano que empodera a j\u00f3venes en ciudadan\u00eda activa, liderazgo y acciones comunitarias\",\"inLanguage\":\"es\",\"potentialAction\":[{\"@type\":\"ReadAction\",\"target\":[\"https:\/\/www.feyalegria.org\/italia\/generazione-alegria\/\"]}]},{\"@type\":\"WebSite\",\"@id\":\"https:\/\/www.feyalegria.org\/italia\/#website\",\"url\":\"https:\/\/www.feyalegria.org\/italia\/\",\"name\":\"#SomosFeyAlegria en Italia\",\"description\":\"Movimiento de Educaci\u00f3n Popular y Promoci\u00f3n Social\",\"potentialAction\":[{\"@type\":\"SearchAction\",\"target\":{\"@type\":\"EntryPoint\",\"urlTemplate\":\"https:\/\/www.feyalegria.org\/italia\/?s={search_term_string}\"},\"query-input\":{\"@type\":\"PropertyValueSpecification\",\"valueRequired\":true,\"valueName\":\"search_term_string\"}}],\"inLanguage\":\"es\"}]}<\/script>\n<!-- \/ Yoast SEO plugin. -->","yoast_head_json":{"title":"Generazione Alegr\u00eda - #SomosFeyAlegria en Italia","description":"Generazione Alegr\u00eda es la iniciativa de Fe y Alegr\u00eda Milano que empodera a j\u00f3venes en ciudadan\u00eda activa, liderazgo y acciones comunitarias","robots":{"index":"index","follow":"follow","max-snippet":"max-snippet:-1","max-image-preview":"max-image-preview:large","max-video-preview":"max-video-preview:-1"},"canonical":"https:\/\/www.feyalegria.org\/italia\/generazione-alegria\/","og_locale":"es_ES","og_type":"article","og_title":"Generazione Alegr\u00eda - #SomosFeyAlegria en Italia","og_description":"Generazione Alegr\u00eda es la iniciativa de Fe y Alegr\u00eda Milano que empodera a j\u00f3venes en ciudadan\u00eda activa, liderazgo y acciones comunitarias","og_url":"https:\/\/www.feyalegria.org\/italia\/generazione-alegria\/","og_site_name":"#SomosFeyAlegria en Italia","article_modified_time":"2025-09-22T15:01:08+00:00","twitter_card":"summary_large_image","twitter_misc":{"Tiempo de lectura":"3 minutos"},"schema":{"@context":"https:\/\/schema.org","@graph":[{"@type":"WebPage","@id":"https:\/\/www.feyalegria.org\/italia\/generazione-alegria\/","url":"https:\/\/www.feyalegria.org\/italia\/generazione-alegria\/","name":"Generazione Alegr\u00eda - #SomosFeyAlegria en Italia","isPartOf":{"@id":"https:\/\/www.feyalegria.org\/italia\/#website"},"datePublished":"2025-09-22T12:33:20+00:00","dateModified":"2025-09-22T15:01:08+00:00","description":"Generazione Alegr\u00eda es la iniciativa de Fe y Alegr\u00eda Milano que empodera a j\u00f3venes en ciudadan\u00eda activa, liderazgo y acciones comunitarias","inLanguage":"es","potentialAction":[{"@type":"ReadAction","target":["https:\/\/www.feyalegria.org\/italia\/generazione-alegria\/"]}]},{"@type":"WebSite","@id":"https:\/\/www.feyalegria.org\/italia\/#website","url":"https:\/\/www.feyalegria.org\/italia\/","name":"#SomosFeyAlegria en Italia","description":"Movimiento de Educaci\u00f3n Popular y Promoci\u00f3n Social","potentialAction":[{"@type":"SearchAction","target":{"@type":"EntryPoint","urlTemplate":"https:\/\/www.feyalegria.org\/italia\/?s={search_term_string}"},"query-input":{"@type":"PropertyValueSpecification","valueRequired":true,"valueName":"search_term_string"}}],"inLanguage":"es"}]}},"_links":{"self":[{"href":"https:\/\/www.feyalegria.org\/italia\/wp-json\/wp\/v2\/pages\/7648","targetHints":{"allow":["GET"]}}],"collection":[{"href":"https:\/\/www.feyalegria.org\/italia\/wp-json\/wp\/v2\/pages"}],"about":[{"href":"https:\/\/www.feyalegria.org\/italia\/wp-json\/wp\/v2\/types\/page"}],"author":[{"embeddable":true,"href":"https:\/\/www.feyalegria.org\/italia\/wp-json\/wp\/v2\/users\/9"}],"replies":[{"embeddable":true,"href":"https:\/\/www.feyalegria.org\/italia\/wp-json\/wp\/v2\/comments?post=7648"}],"version-history":[{"count":10,"href":"https:\/\/www.feyalegria.org\/italia\/wp-json\/wp\/v2\/pages\/7648\/revisions"}],"predecessor-version":[{"id":7658,"href":"https:\/\/www.feyalegria.org\/italia\/wp-json\/wp\/v2\/pages\/7648\/revisions\/7658"}],"wp:attachment":[{"href":"https:\/\/www.feyalegria.org\/italia\/wp-json\/wp\/v2\/media?parent=7648"}],"wp:term":[{"taxonomy":"folder","embeddable":true,"href":"https:\/\/www.feyalegria.org\/italia\/wp-json\/wp\/v2\/folder?post=7648"}],"curies":[{"name":"wp","href":"https:\/\/api.w.org\/{rel}","templated":true}]}}