 {"id":149,"date":"2024-07-02T10:57:39","date_gmt":"2024-07-02T15:57:39","guid":{"rendered":"https:\/\/www.feyalegria.org\/nicaragua\/?page_id=149"},"modified":"2025-08-22T08:23:35","modified_gmt":"2025-08-22T13:23:35","slug":"cuantos-somos","status":"publish","type":"page","link":"https:\/\/www.feyalegria.org\/nicaragua\/cuantos-somos\/","title":{"rendered":"Cu\u00e1ntos Somos"},"content":{"rendered":"<div class=\"wpb-content-wrapper\"><p>[vc_row][vc_column width=\u00bb2\/3&#8243;]<div style=\"background-color:;height: 40px\" class=\"nicdark_section  \"><\/div>[vc_column_text css=\u00bb\u00bb]<\/p>\n<p align=\"justify\"><span style=\"font-weight: 400;\">Fe y Alegr\u00eda Nicaragua beneficia a m\u00e1s de 76,000 personas de forma directa e indirecta, de las cuales m\u00e1s de 16,000 son ni\u00f1os, ni\u00f1as y adolescentes a quienes atendemos a trav\u00e9s de en una red de 22 centros educativos propios a nivel nacional y 107 centros asociados y comunitarios, en los cuales brindamos oportunidades de educaci\u00f3n inicial, primaria, secundaria y educaci\u00f3n t\u00e9cnica; capacitaci\u00f3n a docentes y acompa\u00f1amos la mejora de condiciones educativas.\u00a0<\/span><\/p>\n<p align=\"justify\"><span style=\"font-weight: 400;\">Desde los programas: educaci\u00f3n alternativa y no formal; servicios de promoci\u00f3n social y desarrollo comunitario atendemos y trabajamos de la mano con MAPAS (madres y padres de familias), j\u00f3venes y l\u00edderes comunitarios.\u00a0 <\/span><\/p>\n<p>[\/vc_column_text][\/vc_column][vc_column width=\u00bb1\/3&#8243;][vc_single_image image=\u00bb2984&#8243; img_size=\u00bbmedium\u00bb alignment=\u00bbcenter\u00bb style=\u00bbvc_box_circle_2&#8243;][\/vc_column][\/vc_row][vc_row css=\u00bb.vc_custom_1610932750094{margin-top: 30px !important;margin-bottom: 30px !important;}\u00bb][vc_column]<div style=\"background-color:;height: 20px\" class=\"nicdark_section  \"><\/div>[\/vc_column][\/vc_row][vc_row enable_first_overlay=\u00bbtrue\u00bb first_overlay_opacity=\u00bb56&#8243; first_background_color=\u00bbrgba(170,15,22,0.48)\u00bb enable_parallax=\u00bbtrue\u00bb parallax_background=\u00bb3102&#8243; parallax_style=\u00bbfade\u00bb css=\u00bb.vc_custom_1612727236516{margin-bottom: 30px !important;padding-top: 20px !important;padding-bottom: 20px !important;border-radius: 15px !important;}\u00bb][vc_column]<div style=\"background-color:;height: 20px\" class=\"nicdark_section  \"><\/div>[vc_row_inner][vc_column_inner][vc_column_text css=\u00bb.vc_custom_1610933122763{margin-top: -20px !important;margin-bottom: -10px !important;}\u00bb]<\/p>\n<h2 style=\"text-align: center; color: #fff;\">Nuestra organizaci\u00f3n en cifras<\/h2>\n<p>[\/vc_column_text]<div style=\"background-color:;height: 20px\" class=\"nicdark_section  \"><\/div>[\/vc_column_inner][\/vc_row_inner][vc_row_inner css=\u00bb.vc_custom_1612727915520{margin-right: 50px !important;margin-left: -50px !important;}\u00bb][vc_column_inner width=\u00bb1\/4&#8243;]<div data-id=\"mpc_counter-469e516acb82c1\" class=\"mpc-counter mpc-init mpc-transition mpc-waypoint mpc-counter--style_1 mpc-align--center \" ><div data-id=\"mpc_icon-869e516acb8389\" class=\"mpc-icon mpc-init mpc-transition mpc-effect-none mpc-icon-hover \"><div class=\"mpc-icon-wrap\"><i class=\"mpc-icon-part mpc-regular mpc-transition  fa fa-group\"><\/i><i class=\"mpc-icon-part mpc-hover mpc-transition  fa fa-group\"><\/i><\/div><\/div><div class=\"mpc-counter__counter mpc-typography--preset_0\"><div class=\"mpc-counter--target\" data-options=\"{&quot;useEasing&quot;:true,&quot;value&quot;:76090,&quot;initial&quot;:0,&quot;duration&quot;:2.6,&quot;delay&quot;:350,&quot;separator&quot;:&quot;.&quot;,&quot;decimals&quot;:0,&quot;decimal&quot;:&quot;.&quot;}\" data-to=\"76090\">0<\/div><div class=\"mpc-counter--sizer\">76.090<\/div><\/div><div data-id=\"mpc_divider-8269e516acb83e3\" class=\"mpc-divider-wrap\"><div class=\"mpc-divider mpc-init mpc-align--center mpc-disable--left \" ><div class=\"mpc-divider__line mpc-side--left\"><span><\/span><\/div><div class=\"mpc-divider__line mpc-side--right\"><span><\/span><\/div><\/div><\/div><h3 class=\"mpc-counter__heading mpc-typography--preset_0\">ESTUDIANTES Y PARTICIPANTES<\/h3><\/div>[\/vc_column_inner][vc_column_inner width=\u00bb1\/4&#8243;]<div data-id=\"mpc_counter-5169e516acb850e\" class=\"mpc-counter mpc-init mpc-transition mpc-waypoint mpc-counter--style_1 mpc-align--center \" ><div data-id=\"mpc_icon-3369e516acb858f\" class=\"mpc-icon mpc-init mpc-transition mpc-effect-none mpc-icon-hover \"><div class=\"mpc-icon-wrap\"><i class=\"mpc-icon-part mpc-regular mpc-transition  fa fa-user-circle-o\"><\/i><i class=\"mpc-icon-part mpc-hover mpc-transition  fa fa-user-circle-o\"><\/i><\/div><\/div><div class=\"mpc-counter__counter mpc-typography--preset_0\"><div class=\"mpc-counter--target\" data-options=\"{&quot;useEasing&quot;:true,&quot;value&quot;:694,&quot;initial&quot;:0,&quot;duration&quot;:2.6,&quot;delay&quot;:350,&quot;separator&quot;:&quot;.&quot;,&quot;decimals&quot;:0,&quot;decimal&quot;:&quot;.&quot;}\" data-to=\"694\">0<\/div><div class=\"mpc-counter--sizer\">694<\/div><\/div><div data-id=\"mpc_divider-4669e516acb85d7\" class=\"mpc-divider-wrap\"><div class=\"mpc-divider mpc-init mpc-align--center mpc-disable--left \" ><div class=\"mpc-divider__line mpc-side--left\"><span><\/span><\/div><div class=\"mpc-divider__line mpc-side--right\"><span><\/span><\/div><\/div><\/div><h3 class=\"mpc-counter__heading mpc-typography--preset_0\">DIRECTIVOS, DOCENTES Y T\u00c9CNICOS<\/h3><\/div>[\/vc_column_inner][vc_column_inner width=\u00bb1\/4&#8243;]<div data-id=\"mpc_counter-7269e516acb8701\" class=\"mpc-counter mpc-init mpc-transition mpc-waypoint mpc-counter--style_1 mpc-align--center \" ><div data-id=\"mpc_icon-3769e516acb877b\" class=\"mpc-icon mpc-init mpc-transition mpc-effect-none mpc-icon-hover \"><div class=\"mpc-icon-wrap\"><i class=\"mpc-icon-part mpc-regular mpc-transition  icnm icnm-home\"><\/i><i class=\"mpc-icon-part mpc-hover mpc-transition  icnm icnm-home\"><\/i><\/div><\/div><div class=\"mpc-counter__counter mpc-typography--preset_0\"><div class=\"mpc-counter--target\" data-options=\"{&quot;useEasing&quot;:true,&quot;value&quot;:22,&quot;initial&quot;:0,&quot;duration&quot;:2.6,&quot;delay&quot;:350,&quot;separator&quot;:&quot;.&quot;,&quot;decimals&quot;:0,&quot;decimal&quot;:&quot;.&quot;}\" data-to=\"22\">0<\/div><div class=\"mpc-counter--sizer\">22<\/div><\/div><div data-id=\"mpc_divider-1069e516acb87ce\" class=\"mpc-divider-wrap\"><div class=\"mpc-divider mpc-init mpc-align--center mpc-disable--left \" ><div class=\"mpc-divider__line mpc-side--left\"><span><\/span><\/div><div class=\"mpc-divider__line mpc-side--right\"><span><\/span><\/div><\/div><\/div><h3 class=\"mpc-counter__heading mpc-typography--preset_0\">CENTROS PROPIOS DE FE Y ALEGR\u00cdA<\/h3><\/div>[\/vc_column_inner][vc_column_inner width=\u00bb1\/4&#8243;]<div data-id=\"mpc_counter-769e516acb88e9\" class=\"mpc-counter mpc-init mpc-transition mpc-waypoint mpc-counter--style_1 mpc-align--center \" ><div data-id=\"mpc_icon-1269e516acb8965\" class=\"mpc-icon mpc-init mpc-transition mpc-effect-none mpc-icon-hover \"><div class=\"mpc-icon-wrap\"><i class=\"mpc-icon-part mpc-regular mpc-transition  fa fa-university\"><\/i><i class=\"mpc-icon-part mpc-hover mpc-transition  fa fa-university\"><\/i><\/div><\/div><div class=\"mpc-counter__counter mpc-typography--preset_0\"><div class=\"mpc-counter--target\" data-options=\"{&quot;useEasing&quot;:true,&quot;value&quot;:107,&quot;initial&quot;:0,&quot;duration&quot;:2.6,&quot;delay&quot;:350,&quot;separator&quot;:&quot;.&quot;,&quot;decimals&quot;:0,&quot;decimal&quot;:&quot;.&quot;}\" data-to=\"107\">0<\/div><div class=\"mpc-counter--sizer\">107<\/div><\/div><div data-id=\"mpc_divider-1269e516acb89ac\" class=\"mpc-divider-wrap\"><div class=\"mpc-divider mpc-init mpc-align--center mpc-disable--left \" ><div class=\"mpc-divider__line mpc-side--left\"><span><\/span><\/div><div class=\"mpc-divider__line mpc-side--right\"><span><\/span><\/div><\/div><\/div><h3 class=\"mpc-counter__heading mpc-typography--preset_0\">CENTROS ASOCIADOS Y COMUNITARIOS<\/h3><\/div>[\/vc_column_inner][\/vc_row_inner][\/vc_column][\/vc_row][vc_row][vc_column]<div style=\"background-color:;height: 20pxpx\" class=\"nicdark_section  \"><\/div>[\/vc_column][\/vc_row][vc_row gap=\u00bb25&#8243;][vc_column width=\u00bb1\/3&#8243; css=\u00bb.vc_custom_1613875512890{padding-right: -40px !important;padding-left: -40px !important;background-color: rgba(228,228,228,0.6) !important;*background-color: rgb(228,228,228) !important;border-radius: 5px !important;}\u00bb][vc_custom_heading text=\u00bb1.131&#8243; font_container=\u00bbtag:h1|font_size:50|text_align:center|color:%23aa0f16&#8243; google_fonts=\u00bbfont_family:Montserrat%3Aregular%2C700|font_style:700%20bold%20regular%3A700%3Anormal\u00bb css_animation=\u00bbzoomIn\u00bb css=\u00bb\u00bb]<div style=\"background-color:;height: 30px\" class=\"nicdark_section  \"><\/div>[vc_row_inner][vc_column_inner width=\u00bb1\/6&#8243;][\/vc_column_inner][vc_column_inner width=\u00bb2\/3&#8243;][vc_column_text]<\/p>\n<h4 style=\"text-align: center;\"><span style=\"color: #3a3a3a;\">Ni\u00f1as y ni\u00f1os en <strong>EDUCACI\u00d3N INICIAL<\/strong><\/span><\/h4>\n<p>[\/vc_column_text][\/vc_column_inner][vc_column_inner width=\u00bb1\/6&#8243;][\/vc_column_inner][\/vc_row_inner][\/vc_column][vc_column width=\u00bb1\/3&#8243; css=\u00bb.vc_custom_1613875763362{padding-right: -40px !important;padding-left: -40px !important;background-color: rgba(228,228,228,0.6) !important;*background-color: rgb(228,228,228) !important;border-radius: 5px !important;}\u00bb][vc_custom_heading text=\u00bb8.590&#8243; font_container=\u00bbtag:h1|font_size:50|text_align:center|color:%23aa0f16&#8243; google_fonts=\u00bbfont_family:Montserrat%3Aregular%2C700|font_style:700%20bold%20regular%3A700%3Anormal\u00bb css_animation=\u00bbzoomIn\u00bb css=\u00bb\u00bb]<div style=\"background-color:;height: 30px\" class=\"nicdark_section  \"><\/div>[vc_row_inner][vc_column_inner width=\u00bb1\/6&#8243;][\/vc_column_inner][vc_column_inner width=\u00bb2\/3&#8243;][vc_column_text]<\/p>\n<h4 style=\"text-align: center;\"><span style=\"color: #3a3a3a;\">Ni\u00f1as y ni\u00f1os en <strong>EDUCACI\u00d3N PRIMARIA<\/strong><\/span><\/h4>\n<p>[\/vc_column_text][\/vc_column_inner][vc_column_inner width=\u00bb1\/6&#8243;][\/vc_column_inner][\/vc_row_inner][\/vc_column][vc_column width=\u00bb1\/3&#8243; css=\u00bb.vc_custom_1613875538620{padding-right: -40px !important;padding-left: -40px !important;background-color: rgba(228,228,228,0.6) !important;*background-color: rgb(228,228,228) !important;border-radius: 5px !important;}\u00bb][vc_custom_heading text=\u00bb3.915&#8243; font_container=\u00bbtag:h1|font_size:50|text_align:center|color:%23aa0f16&#8243; google_fonts=\u00bbfont_family:Montserrat%3Aregular%2C700|font_style:700%20bold%20regular%3A700%3Anormal\u00bb css_animation=\u00bbzoomIn\u00bb css=\u00bb\u00bb]<div style=\"background-color:;height: 30px\" class=\"nicdark_section  \"><\/div>[vc_row_inner][vc_column_inner][vc_column_text]<\/p>\n<h4 style=\"text-align: center;\"><span style=\"color: #3a3a3a;\">Ni\u00f1as y ni\u00f1os en <strong>EDUCACI\u00d3N SECUNDARIA<\/strong><\/span><\/h4>\n<p>[\/vc_column_text][\/vc_column_inner][\/vc_row_inner][\/vc_column][\/vc_row][vc_row gap=\u00bb25&#8243;][vc_column width=\u00bb1\/2&#8243; css=\u00bb.vc_custom_1613875512890{padding-right: -40px !important;padding-left: -40px !important;background-color: rgba(228,228,228,0.6) !important;*background-color: rgb(228,228,228) !important;border-radius: 5px !important;}\u00bb][vc_custom_heading text=\u00bb562&#8243; font_container=\u00bbtag:h1|font_size:50|text_align:center|color:%23aa0f16&#8243; google_fonts=\u00bbfont_family:Montserrat%3Aregular%2C700|font_style:700%20bold%20regular%3A700%3Anormal\u00bb css_animation=\u00bbzoomIn\u00bb css=\u00bb\u00bb]<div style=\"background-color:;height: 30px\" class=\"nicdark_section  \"><\/div>[vc_row_inner][vc_column_inner][vc_column_text]<\/p>\n<h4 style=\"text-align: center;\"><span style=\"color: #3a3a3a;\">Adolescentes y j\u00f3venes en <strong>EDUCACI\u00d3N T\u00c9CNICA y H<span style=\"font-weight: 400;\"><strong>ABILITACI\u00d3N LABORAL<\/strong><\/span><\/strong><\/span><\/h4>\n<p>[\/vc_column_text][\/vc_column_inner][\/vc_row_inner][\/vc_column][vc_column width=\u00bb1\/2&#8243; css=\u00bb.vc_custom_1613875763362{padding-right: -40px !important;padding-left: -40px !important;background-color: rgba(228,228,228,0.6) !important;*background-color: rgb(228,228,228) !important;border-radius: 5px !important;}\u00bb][vc_custom_heading text=\u00bb38.911&#8243; font_container=\u00bbtag:h1|font_size:50|text_align:center|color:%23aa0f16&#8243; google_fonts=\u00bbfont_family:Montserrat%3Aregular%2C700|font_style:700%20bold%20regular%3A700%3Anormal\u00bb css_animation=\u00bbzoomIn\u00bb]<div style=\"background-color:;height: 30px\" class=\"nicdark_section  \"><\/div>[vc_row_inner][vc_column_inner][vc_column_text css=\u00bb.vc_custom_1616077221066{margin-right: 40px !important;margin-left: 40px !important;}\u00bb]<\/p>\n<h4 style=\"text-align: center;\"><span style=\"color: #3a3a3a;\">Participantes en los procesos de <strong>INCIDENCIA y TRA<span style=\"font-weight: 400;\"><strong>BAJO CON LA COMUNIDAD<\/strong><\/span><\/strong><\/span><\/h4>\n<p>[\/vc_column_text][\/vc_column_inner][\/vc_row_inner][\/vc_column][\/vc_row][vc_row gap=\u00bb25&#8243;][vc_column width=\u00bb1\/2&#8243; css=\u00bb.vc_custom_1613875512890{padding-right: -40px !important;padding-left: -40px !important;background-color: rgba(228,228,228,0.6) !important;*background-color: rgb(228,228,228) !important;border-radius: 5px !important;}\u00bb][vc_custom_heading text=\u00bb694&#8243; font_container=\u00bbtag:h1|font_size:50|text_align:center|color:%23aa0f16&#8243; google_fonts=\u00bbfont_family:Montserrat%3Aregular%2C700|font_style:700%20bold%20regular%3A700%3Anormal\u00bb css_animation=\u00bbzoomIn\u00bb css=\u00bb\u00bb]<div style=\"background-color:;height: 30px\" class=\"nicdark_section  \"><\/div>[vc_row_inner][vc_column_inner][vc_column_text css=\u00bb.vc_custom_1616077411081{padding-bottom: 20px !important;}\u00bb]<\/p>\n<h4 style=\"text-align: center;\"><span style=\"color: #3a3a3a;\">Directoras, directores y docentes<\/span><\/h4>\n<p>[\/vc_column_text][\/vc_column_inner][\/vc_row_inner][\/vc_column][vc_column width=\u00bb1\/2&#8243; css=\u00bb.vc_custom_1613875763362{padding-right: -40px !important;padding-left: -40px !important;background-color: rgba(228,228,228,0.6) !important;*background-color: rgb(228,228,228) !important;border-radius: 5px !important;}\u00bb][vc_custom_heading text=\u00bb182&#8243; font_container=\u00bbtag:h1|font_size:50|text_align:center|color:%23aa0f16&#8243; google_fonts=\u00bbfont_family:Montserrat%3Aregular%2C700|font_style:700%20bold%20regular%3A700%3Anormal\u00bb css_animation=\u00bbzoomIn\u00bb]<div style=\"background-color:;height: 30px\" class=\"nicdark_section  \"><\/div>[vc_row_inner][vc_column_inner][vc_column_text]<\/p>\n<h4 style=\"text-align: center;\"><span style=\"color: #3a3a3a;\">Promotores\/as t\u00e9cnicos, personal administrativo y de servicio<\/span><\/h4>\n<p>[\/vc_column_text][\/vc_column_inner][\/vc_row_inner][\/vc_column][\/vc_row]<\/p>\n<\/div>","protected":false},"excerpt":{"rendered":"<p>[vc_row][vc_column width=\u00bb2\/3&#8243;][vc_column_text css=\u00bb\u00bb] Fe y Alegr\u00eda Nicaragua beneficia a m\u00e1s de 76,000 personas de forma directa e indirecta, de las cuales m\u00e1s de 16,000 son ni\u00f1os, ni\u00f1as y adolescentes a quienes atendemos a trav\u00e9s de en una red de 22 centros educativos propios a nivel nacional y 107 centros asociados y comunitarios, en los cuales<\/p>\n","protected":false},"author":2,"featured_media":0,"parent":0,"menu_order":0,"comment_status":"closed","ping_status":"closed","template":"","meta":{"_acf_changed":false,"footnotes":""},"folder":[],"class_list":["post-149","page","type-page","status-publish","hentry"],"acf":[],"yoast_head":"<!-- This site is optimized with the Yoast SEO plugin v27.2 - https:\/\/yoast.com\/product\/yoast-seo-wordpress\/ -->\n<title>Cu\u00e1ntos Somos - #SomosFeyAlegr\u00eda en Nicaragua<\/title>\n<meta name=\"robots\" content=\"index, follow, max-snippet:-1, max-image-preview:large, max-video-preview:-1\" \/>\n<link rel=\"canonical\" href=\"https:\/\/www.feyalegria.org\/nicaragua\/cuantos-somos\/\" \/>\n<meta property=\"og:locale\" content=\"es_ES\" \/>\n<meta property=\"og:type\" content=\"article\" \/>\n<meta property=\"og:title\" content=\"Cu\u00e1ntos Somos - #SomosFeyAlegr\u00eda en Nicaragua\" \/>\n<meta property=\"og:description\" content=\"[vc_row][vc_column width=\u00bb2\/3&#8243;][vc_column_text css=\u00bb\u00bb] Fe y Alegr\u00eda Nicaragua beneficia a m\u00e1s de 76,000 personas de forma directa e indirecta, de las cuales m\u00e1s de 16,000 son ni\u00f1os, ni\u00f1as y adolescentes a quienes atendemos a trav\u00e9s de en una red de 22 centros educativos propios a nivel nacional y 107 centros asociados y comunitarios, en los cuales\" \/>\n<meta property=\"og:url\" content=\"https:\/\/www.feyalegria.org\/nicaragua\/cuantos-somos\/\" \/>\n<meta property=\"og:site_name\" content=\"#SomosFeyAlegr\u00eda en Nicaragua\" \/>\n<meta property=\"article:modified_time\" content=\"2025-08-22T13:23:35+00:00\" \/>\n<meta name=\"twitter:card\" content=\"summary_large_image\" \/>\n<meta name=\"twitter:label1\" content=\"Tiempo de lectura\" \/>\n\t<meta name=\"twitter:data1\" content=\"3 minutos\" \/>\n<script type=\"application\/ld+json\" class=\"yoast-schema-graph\">{\"@context\":\"https:\/\/schema.org\",\"@graph\":[{\"@type\":\"WebPage\",\"@id\":\"https:\/\/www.feyalegria.org\/nicaragua\/cuantos-somos\/\",\"url\":\"https:\/\/www.feyalegria.org\/nicaragua\/cuantos-somos\/\",\"name\":\"Cu\u00e1ntos Somos - #SomosFeyAlegr\u00eda en Nicaragua\",\"isPartOf\":{\"@id\":\"https:\/\/www.feyalegria.org\/nicaragua\/#website\"},\"datePublished\":\"2024-07-02T15:57:39+00:00\",\"dateModified\":\"2025-08-22T13:23:35+00:00\",\"breadcrumb\":{\"@id\":\"https:\/\/www.feyalegria.org\/nicaragua\/cuantos-somos\/#breadcrumb\"},\"inLanguage\":\"es\",\"potentialAction\":[{\"@type\":\"ReadAction\",\"target\":[\"https:\/\/www.feyalegria.org\/nicaragua\/cuantos-somos\/\"]}]},{\"@type\":\"BreadcrumbList\",\"@id\":\"https:\/\/www.feyalegria.org\/nicaragua\/cuantos-somos\/#breadcrumb\",\"itemListElement\":[{\"@type\":\"ListItem\",\"position\":1,\"name\":\"Home\",\"item\":\"https:\/\/www.feyalegria.org\/nicaragua\/\"},{\"@type\":\"ListItem\",\"position\":2,\"name\":\"Cu\u00e1ntos Somos\"}]},{\"@type\":\"WebSite\",\"@id\":\"https:\/\/www.feyalegria.org\/nicaragua\/#website\",\"url\":\"https:\/\/www.feyalegria.org\/nicaragua\/\",\"name\":\"#SomosFeyAlegr\u00eda en Nicaragua\",\"description\":\"Movimiento de Educaci\u00f3n Popular y Promoci\u00f3n Social\",\"publisher\":{\"@id\":\"https:\/\/www.feyalegria.org\/nicaragua\/#organization\"},\"potentialAction\":[{\"@type\":\"SearchAction\",\"target\":{\"@type\":\"EntryPoint\",\"urlTemplate\":\"https:\/\/www.feyalegria.org\/nicaragua\/?s={search_term_string}\"},\"query-input\":{\"@type\":\"PropertyValueSpecification\",\"valueRequired\":true,\"valueName\":\"search_term_string\"}}],\"inLanguage\":\"es\"},{\"@type\":\"Organization\",\"@id\":\"https:\/\/www.feyalegria.org\/nicaragua\/#organization\",\"name\":\"#SomosFeyAlegr\u00eda en Nicaragua\",\"url\":\"https:\/\/www.feyalegria.org\/nicaragua\/\",\"logo\":{\"@type\":\"ImageObject\",\"inLanguage\":\"es\",\"@id\":\"https:\/\/www.feyalegria.org\/nicaragua\/#\/schema\/logo\/image\/\",\"url\":\"https:\/\/d3pugrm67vf9n7.cloudfront.net\/wp-content\/uploads\/sites\/26\/2024\/04\/12160458\/cropped-logo_fya-.png\",\"contentUrl\":\"https:\/\/d3pugrm67vf9n7.cloudfront.net\/wp-content\/uploads\/sites\/26\/2024\/04\/12160458\/cropped-logo_fya-.png\",\"width\":512,\"height\":512,\"caption\":\"#SomosFeyAlegr\u00eda en Nicaragua\"},\"image\":{\"@id\":\"https:\/\/www.feyalegria.org\/nicaragua\/#\/schema\/logo\/image\/\"}}]}<\/script>\n<!-- \/ Yoast SEO plugin. -->","yoast_head_json":{"title":"Cu\u00e1ntos Somos - #SomosFeyAlegr\u00eda en Nicaragua","robots":{"index":"index","follow":"follow","max-snippet":"max-snippet:-1","max-image-preview":"max-image-preview:large","max-video-preview":"max-video-preview:-1"},"canonical":"https:\/\/www.feyalegria.org\/nicaragua\/cuantos-somos\/","og_locale":"es_ES","og_type":"article","og_title":"Cu\u00e1ntos Somos - #SomosFeyAlegr\u00eda en Nicaragua","og_description":"[vc_row][vc_column width=\u00bb2\/3&#8243;][vc_column_text css=\u00bb\u00bb] Fe y Alegr\u00eda Nicaragua beneficia a m\u00e1s de 76,000 personas de forma directa e indirecta, de las cuales m\u00e1s de 16,000 son ni\u00f1os, ni\u00f1as y adolescentes a quienes atendemos a trav\u00e9s de en una red de 22 centros educativos propios a nivel nacional y 107 centros asociados y comunitarios, en los cuales","og_url":"https:\/\/www.feyalegria.org\/nicaragua\/cuantos-somos\/","og_site_name":"#SomosFeyAlegr\u00eda en Nicaragua","article_modified_time":"2025-08-22T13:23:35+00:00","twitter_card":"summary_large_image","twitter_misc":{"Tiempo de lectura":"3 minutos"},"schema":{"@context":"https:\/\/schema.org","@graph":[{"@type":"WebPage","@id":"https:\/\/www.feyalegria.org\/nicaragua\/cuantos-somos\/","url":"https:\/\/www.feyalegria.org\/nicaragua\/cuantos-somos\/","name":"Cu\u00e1ntos Somos - #SomosFeyAlegr\u00eda en Nicaragua","isPartOf":{"@id":"https:\/\/www.feyalegria.org\/nicaragua\/#website"},"datePublished":"2024-07-02T15:57:39+00:00","dateModified":"2025-08-22T13:23:35+00:00","breadcrumb":{"@id":"https:\/\/www.feyalegria.org\/nicaragua\/cuantos-somos\/#breadcrumb"},"inLanguage":"es","potentialAction":[{"@type":"ReadAction","target":["https:\/\/www.feyalegria.org\/nicaragua\/cuantos-somos\/"]}]},{"@type":"BreadcrumbList","@id":"https:\/\/www.feyalegria.org\/nicaragua\/cuantos-somos\/#breadcrumb","itemListElement":[{"@type":"ListItem","position":1,"name":"Home","item":"https:\/\/www.feyalegria.org\/nicaragua\/"},{"@type":"ListItem","position":2,"name":"Cu\u00e1ntos Somos"}]},{"@type":"WebSite","@id":"https:\/\/www.feyalegria.org\/nicaragua\/#website","url":"https:\/\/www.feyalegria.org\/nicaragua\/","name":"#SomosFeyAlegr\u00eda en Nicaragua","description":"Movimiento de Educaci\u00f3n Popular y Promoci\u00f3n Social","publisher":{"@id":"https:\/\/www.feyalegria.org\/nicaragua\/#organization"},"potentialAction":[{"@type":"SearchAction","target":{"@type":"EntryPoint","urlTemplate":"https:\/\/www.feyalegria.org\/nicaragua\/?s={search_term_string}"},"query-input":{"@type":"PropertyValueSpecification","valueRequired":true,"valueName":"search_term_string"}}],"inLanguage":"es"},{"@type":"Organization","@id":"https:\/\/www.feyalegria.org\/nicaragua\/#organization","name":"#SomosFeyAlegr\u00eda en Nicaragua","url":"https:\/\/www.feyalegria.org\/nicaragua\/","logo":{"@type":"ImageObject","inLanguage":"es","@id":"https:\/\/www.feyalegria.org\/nicaragua\/#\/schema\/logo\/image\/","url":"https:\/\/d3pugrm67vf9n7.cloudfront.net\/wp-content\/uploads\/sites\/26\/2024\/04\/12160458\/cropped-logo_fya-.png","contentUrl":"https:\/\/d3pugrm67vf9n7.cloudfront.net\/wp-content\/uploads\/sites\/26\/2024\/04\/12160458\/cropped-logo_fya-.png","width":512,"height":512,"caption":"#SomosFeyAlegr\u00eda en Nicaragua"},"image":{"@id":"https:\/\/www.feyalegria.org\/nicaragua\/#\/schema\/logo\/image\/"}}]}},"_links":{"self":[{"href":"https:\/\/www.feyalegria.org\/nicaragua\/wp-json\/wp\/v2\/pages\/149","targetHints":{"allow":["GET"]}}],"collection":[{"href":"https:\/\/www.feyalegria.org\/nicaragua\/wp-json\/wp\/v2\/pages"}],"about":[{"href":"https:\/\/www.feyalegria.org\/nicaragua\/wp-json\/wp\/v2\/types\/page"}],"author":[{"embeddable":true,"href":"https:\/\/www.feyalegria.org\/nicaragua\/wp-json\/wp\/v2\/users\/2"}],"replies":[{"embeddable":true,"href":"https:\/\/www.feyalegria.org\/nicaragua\/wp-json\/wp\/v2\/comments?post=149"}],"version-history":[{"count":3,"href":"https:\/\/www.feyalegria.org\/nicaragua\/wp-json\/wp\/v2\/pages\/149\/revisions"}],"predecessor-version":[{"id":4485,"href":"https:\/\/www.feyalegria.org\/nicaragua\/wp-json\/wp\/v2\/pages\/149\/revisions\/4485"}],"wp:attachment":[{"href":"https:\/\/www.feyalegria.org\/nicaragua\/wp-json\/wp\/v2\/media?parent=149"}],"wp:term":[{"taxonomy":"folder","embeddable":true,"href":"https:\/\/www.feyalegria.org\/nicaragua\/wp-json\/wp\/v2\/folder?post=149"}],"curies":[{"name":"wp","href":"https:\/\/api.w.org\/{rel}","templated":true}]}}