 {"id":2127,"date":"2024-07-02T10:57:39","date_gmt":"2024-07-02T15:57:39","guid":{"rendered":"https:\/\/www.feyalegria.org\/nicaragua\/?page_id=2127"},"modified":"2024-07-02T11:23:01","modified_gmt":"2024-07-02T16:23:01","slug":"educacion-popular","status":"publish","type":"page","link":"https:\/\/www.feyalegria.org\/nicaragua\/educacion-popular\/","title":{"rendered":"Educaci\u00f3n Popular"},"content":{"rendered":"<div class=\"wpb-content-wrapper\"><p>[vc_row][vc_column width=\u00bb5\/6&#8243;]<div style=\"background-color:;height: 50px\" class=\"nicdark_section  \"><\/div>[\/vc_column][vc_column width=\u00bb1\/6&#8243;]<a href=\"https:\/\/www.feyalegria.org\/nicaragua\/\" title=\"Fe y Alegr\u00eda Nicaragua\"  data-id=\"mpc_button-3269d22f1c894ae\" class=\"mpc-button mpc-init mpc-transition mpc-typography--default \" ><div class=\"mpc-button__content mpc-effect-type--stay mpc-effect-side--left\"><i class=\"mpc-button__icon mpc-transition  mi mi-pin_drop\"><\/i><span class=\"mpc-button__title mpc-transition\">Volver al inicio<\/span><\/div><div class=\"mpc-button__background mpc-transition mpc-effect-type--fade mpc-effect-side--in\"><\/div><\/a>[\/vc_column][\/vc_row][vc_row][vc_column width=\u00bb1\/3&#8243;][vc_single_image image=\u00bb2923&#8243; img_size=\u00bbmedium\u00bb alignment=\u00bbcenter\u00bb style=\u00bbvc_box_rounded\u00bb][\/vc_column][vc_column width=\u00bb2\/3&#8243;][vc_column_text]<span style=\"font-weight: 400\">Una propuesta pedag\u00f3gica, \u00e9tica, pol\u00edtica y epistemol\u00f3gica que orienta toda nuestra acci\u00f3n educativa con una intencionalidad de transformaci\u00f3n personal y social.<\/span><\/p>\n<p>&nbsp;<\/p>\n<p><span style=\"font-weight: 400\">Implementamos un programa de mejora continua de la calidad educativa en nuestros centros, alcanzando con ello afianzar principios y valores que sean el arraigo de nuestra cultura institucional, ampliando de esta forma las oportunidades y capacidades de los sectores m\u00e1s empobrecidos.<\/span>[\/vc_column_text][\/vc_column][\/vc_row]<\/p>\n<\/div>","protected":false},"excerpt":{"rendered":"<p>[vc_row][vc_column width=\u00bb5\/6&#8243;][\/vc_column][vc_column width=\u00bb1\/6&#8243;][\/vc_column][\/vc_row][vc_row][vc_column width=\u00bb1\/3&#8243;][vc_single_image image=\u00bb2923&#8243; img_size=\u00bbmedium\u00bb alignment=\u00bbcenter\u00bb style=\u00bbvc_box_rounded\u00bb][\/vc_column][vc_column width=\u00bb2\/3&#8243;][vc_column_text]Una propuesta pedag\u00f3gica, \u00e9tica, pol\u00edtica y epistemol\u00f3gica que orienta toda nuestra acci\u00f3n educativa con una intencionalidad de transformaci\u00f3n personal y social. &nbsp; Implementamos un programa de mejora continua de la calidad educativa en nuestros centros, alcanzando con ello afianzar principios y valores que sean el arraigo de<\/p>\n","protected":false},"author":2,"featured_media":0,"parent":0,"menu_order":0,"comment_status":"closed","ping_status":"closed","template":"","meta":{"_acf_changed":false,"footnotes":""},"folder":[],"class_list":["post-2127","page","type-page","status-publish","hentry"],"acf":[],"yoast_head":"<!-- This site is optimized with the Yoast SEO plugin v27.2 - https:\/\/yoast.com\/product\/yoast-seo-wordpress\/ -->\n<title>Educaci\u00f3n Popular - #SomosFeyAlegr\u00eda en Nicaragua<\/title>\n<meta name=\"robots\" content=\"index, follow, max-snippet:-1, max-image-preview:large, max-video-preview:-1\" \/>\n<link rel=\"canonical\" href=\"https:\/\/www.feyalegria.org\/nicaragua\/educacion-popular\/\" \/>\n<meta property=\"og:locale\" content=\"es_ES\" \/>\n<meta property=\"og:type\" content=\"article\" \/>\n<meta property=\"og:title\" content=\"Educaci\u00f3n Popular - #SomosFeyAlegr\u00eda en Nicaragua\" \/>\n<meta property=\"og:description\" content=\"[vc_row][vc_column width=\u00bb5\/6&#8243;][\/vc_column][vc_column width=\u00bb1\/6&#8243;][\/vc_column][\/vc_row][vc_row][vc_column width=\u00bb1\/3&#8243;][vc_single_image image=\u00bb2923&#8243; img_size=\u00bbmedium\u00bb alignment=\u00bbcenter\u00bb style=\u00bbvc_box_rounded\u00bb][\/vc_column][vc_column width=\u00bb2\/3&#8243;][vc_column_text]Una propuesta pedag\u00f3gica, \u00e9tica, pol\u00edtica y epistemol\u00f3gica que orienta toda nuestra acci\u00f3n educativa con una intencionalidad de transformaci\u00f3n personal y social. &nbsp; Implementamos un programa de mejora continua de la calidad educativa en nuestros centros, alcanzando con ello afianzar principios y valores que sean el arraigo de\" \/>\n<meta property=\"og:url\" content=\"https:\/\/www.feyalegria.org\/nicaragua\/educacion-popular\/\" \/>\n<meta property=\"og:site_name\" content=\"#SomosFeyAlegr\u00eda en Nicaragua\" \/>\n<meta property=\"article:modified_time\" content=\"2024-07-02T16:23:01+00:00\" \/>\n<meta name=\"twitter:card\" content=\"summary_large_image\" \/>\n<meta name=\"twitter:label1\" content=\"Tiempo de lectura\" \/>\n\t<meta name=\"twitter:data1\" content=\"1 minuto\" \/>\n<script type=\"application\/ld+json\" class=\"yoast-schema-graph\">{\"@context\":\"https:\/\/schema.org\",\"@graph\":[{\"@type\":\"WebPage\",\"@id\":\"https:\/\/www.feyalegria.org\/nicaragua\/educacion-popular\/\",\"url\":\"https:\/\/www.feyalegria.org\/nicaragua\/educacion-popular\/\",\"name\":\"Educaci\u00f3n Popular - #SomosFeyAlegr\u00eda en Nicaragua\",\"isPartOf\":{\"@id\":\"https:\/\/www.feyalegria.org\/nicaragua\/#website\"},\"datePublished\":\"2024-07-02T15:57:39+00:00\",\"dateModified\":\"2024-07-02T16:23:01+00:00\",\"breadcrumb\":{\"@id\":\"https:\/\/www.feyalegria.org\/nicaragua\/educacion-popular\/#breadcrumb\"},\"inLanguage\":\"es\",\"potentialAction\":[{\"@type\":\"ReadAction\",\"target\":[\"https:\/\/www.feyalegria.org\/nicaragua\/educacion-popular\/\"]}]},{\"@type\":\"BreadcrumbList\",\"@id\":\"https:\/\/www.feyalegria.org\/nicaragua\/educacion-popular\/#breadcrumb\",\"itemListElement\":[{\"@type\":\"ListItem\",\"position\":1,\"name\":\"Home\",\"item\":\"https:\/\/www.feyalegria.org\/nicaragua\/\"},{\"@type\":\"ListItem\",\"position\":2,\"name\":\"Educaci\u00f3n Popular\"}]},{\"@type\":\"WebSite\",\"@id\":\"https:\/\/www.feyalegria.org\/nicaragua\/#website\",\"url\":\"https:\/\/www.feyalegria.org\/nicaragua\/\",\"name\":\"#SomosFeyAlegr\u00eda en Nicaragua\",\"description\":\"Movimiento de Educaci\u00f3n Popular y Promoci\u00f3n Social\",\"publisher\":{\"@id\":\"https:\/\/www.feyalegria.org\/nicaragua\/#organization\"},\"potentialAction\":[{\"@type\":\"SearchAction\",\"target\":{\"@type\":\"EntryPoint\",\"urlTemplate\":\"https:\/\/www.feyalegria.org\/nicaragua\/?s={search_term_string}\"},\"query-input\":{\"@type\":\"PropertyValueSpecification\",\"valueRequired\":true,\"valueName\":\"search_term_string\"}}],\"inLanguage\":\"es\"},{\"@type\":\"Organization\",\"@id\":\"https:\/\/www.feyalegria.org\/nicaragua\/#organization\",\"name\":\"#SomosFeyAlegr\u00eda en Nicaragua\",\"url\":\"https:\/\/www.feyalegria.org\/nicaragua\/\",\"logo\":{\"@type\":\"ImageObject\",\"inLanguage\":\"es\",\"@id\":\"https:\/\/www.feyalegria.org\/nicaragua\/#\/schema\/logo\/image\/\",\"url\":\"https:\/\/d3pugrm67vf9n7.cloudfront.net\/wp-content\/uploads\/sites\/26\/2024\/04\/12160458\/cropped-logo_fya-.png\",\"contentUrl\":\"https:\/\/d3pugrm67vf9n7.cloudfront.net\/wp-content\/uploads\/sites\/26\/2024\/04\/12160458\/cropped-logo_fya-.png\",\"width\":512,\"height\":512,\"caption\":\"#SomosFeyAlegr\u00eda en Nicaragua\"},\"image\":{\"@id\":\"https:\/\/www.feyalegria.org\/nicaragua\/#\/schema\/logo\/image\/\"}}]}<\/script>\n<!-- \/ Yoast SEO plugin. -->","yoast_head_json":{"title":"Educaci\u00f3n Popular - #SomosFeyAlegr\u00eda en Nicaragua","robots":{"index":"index","follow":"follow","max-snippet":"max-snippet:-1","max-image-preview":"max-image-preview:large","max-video-preview":"max-video-preview:-1"},"canonical":"https:\/\/www.feyalegria.org\/nicaragua\/educacion-popular\/","og_locale":"es_ES","og_type":"article","og_title":"Educaci\u00f3n Popular - #SomosFeyAlegr\u00eda en Nicaragua","og_description":"[vc_row][vc_column width=\u00bb5\/6&#8243;][\/vc_column][vc_column width=\u00bb1\/6&#8243;][\/vc_column][\/vc_row][vc_row][vc_column width=\u00bb1\/3&#8243;][vc_single_image image=\u00bb2923&#8243; img_size=\u00bbmedium\u00bb alignment=\u00bbcenter\u00bb style=\u00bbvc_box_rounded\u00bb][\/vc_column][vc_column width=\u00bb2\/3&#8243;][vc_column_text]Una propuesta pedag\u00f3gica, \u00e9tica, pol\u00edtica y epistemol\u00f3gica que orienta toda nuestra acci\u00f3n educativa con una intencionalidad de transformaci\u00f3n personal y social. &nbsp; Implementamos un programa de mejora continua de la calidad educativa en nuestros centros, alcanzando con ello afianzar principios y valores que sean el arraigo de","og_url":"https:\/\/www.feyalegria.org\/nicaragua\/educacion-popular\/","og_site_name":"#SomosFeyAlegr\u00eda en Nicaragua","article_modified_time":"2024-07-02T16:23:01+00:00","twitter_card":"summary_large_image","twitter_misc":{"Tiempo de lectura":"1 minuto"},"schema":{"@context":"https:\/\/schema.org","@graph":[{"@type":"WebPage","@id":"https:\/\/www.feyalegria.org\/nicaragua\/educacion-popular\/","url":"https:\/\/www.feyalegria.org\/nicaragua\/educacion-popular\/","name":"Educaci\u00f3n Popular - #SomosFeyAlegr\u00eda en Nicaragua","isPartOf":{"@id":"https:\/\/www.feyalegria.org\/nicaragua\/#website"},"datePublished":"2024-07-02T15:57:39+00:00","dateModified":"2024-07-02T16:23:01+00:00","breadcrumb":{"@id":"https:\/\/www.feyalegria.org\/nicaragua\/educacion-popular\/#breadcrumb"},"inLanguage":"es","potentialAction":[{"@type":"ReadAction","target":["https:\/\/www.feyalegria.org\/nicaragua\/educacion-popular\/"]}]},{"@type":"BreadcrumbList","@id":"https:\/\/www.feyalegria.org\/nicaragua\/educacion-popular\/#breadcrumb","itemListElement":[{"@type":"ListItem","position":1,"name":"Home","item":"https:\/\/www.feyalegria.org\/nicaragua\/"},{"@type":"ListItem","position":2,"name":"Educaci\u00f3n Popular"}]},{"@type":"WebSite","@id":"https:\/\/www.feyalegria.org\/nicaragua\/#website","url":"https:\/\/www.feyalegria.org\/nicaragua\/","name":"#SomosFeyAlegr\u00eda en Nicaragua","description":"Movimiento de Educaci\u00f3n Popular y Promoci\u00f3n Social","publisher":{"@id":"https:\/\/www.feyalegria.org\/nicaragua\/#organization"},"potentialAction":[{"@type":"SearchAction","target":{"@type":"EntryPoint","urlTemplate":"https:\/\/www.feyalegria.org\/nicaragua\/?s={search_term_string}"},"query-input":{"@type":"PropertyValueSpecification","valueRequired":true,"valueName":"search_term_string"}}],"inLanguage":"es"},{"@type":"Organization","@id":"https:\/\/www.feyalegria.org\/nicaragua\/#organization","name":"#SomosFeyAlegr\u00eda en Nicaragua","url":"https:\/\/www.feyalegria.org\/nicaragua\/","logo":{"@type":"ImageObject","inLanguage":"es","@id":"https:\/\/www.feyalegria.org\/nicaragua\/#\/schema\/logo\/image\/","url":"https:\/\/d3pugrm67vf9n7.cloudfront.net\/wp-content\/uploads\/sites\/26\/2024\/04\/12160458\/cropped-logo_fya-.png","contentUrl":"https:\/\/d3pugrm67vf9n7.cloudfront.net\/wp-content\/uploads\/sites\/26\/2024\/04\/12160458\/cropped-logo_fya-.png","width":512,"height":512,"caption":"#SomosFeyAlegr\u00eda en Nicaragua"},"image":{"@id":"https:\/\/www.feyalegria.org\/nicaragua\/#\/schema\/logo\/image\/"}}]}},"_links":{"self":[{"href":"https:\/\/www.feyalegria.org\/nicaragua\/wp-json\/wp\/v2\/pages\/2127","targetHints":{"allow":["GET"]}}],"collection":[{"href":"https:\/\/www.feyalegria.org\/nicaragua\/wp-json\/wp\/v2\/pages"}],"about":[{"href":"https:\/\/www.feyalegria.org\/nicaragua\/wp-json\/wp\/v2\/types\/page"}],"author":[{"embeddable":true,"href":"https:\/\/www.feyalegria.org\/nicaragua\/wp-json\/wp\/v2\/users\/2"}],"replies":[{"embeddable":true,"href":"https:\/\/www.feyalegria.org\/nicaragua\/wp-json\/wp\/v2\/comments?post=2127"}],"version-history":[{"count":0,"href":"https:\/\/www.feyalegria.org\/nicaragua\/wp-json\/wp\/v2\/pages\/2127\/revisions"}],"wp:attachment":[{"href":"https:\/\/www.feyalegria.org\/nicaragua\/wp-json\/wp\/v2\/media?parent=2127"}],"wp:term":[{"taxonomy":"folder","embeddable":true,"href":"https:\/\/www.feyalegria.org\/nicaragua\/wp-json\/wp\/v2\/folder?post=2127"}],"curies":[{"name":"wp","href":"https:\/\/api.w.org\/{rel}","templated":true}]}}