 {"id":2689,"date":"2024-07-02T10:57:39","date_gmt":"2024-07-02T15:57:39","guid":{"rendered":"https:\/\/www.feyalegria.org\/nicaragua\/?page_id=2689"},"modified":"2024-07-02T11:23:01","modified_gmt":"2024-07-02T16:23:01","slug":"somos-en-nicaragua","status":"publish","type":"page","link":"https:\/\/www.feyalegria.org\/nicaragua\/somos-en-nicaragua\/","title":{"rendered":"Somos en Nicaragua"},"content":{"rendered":"<div class=\"wpb-content-wrapper\"><p>[vc_row enable_first_overlay=\u00bbtrue\u00bb first_overlay_opacity=\u00bb15&#8243;][vc_column]<div style=\"background-color:;height: 30px\" class=\"nicdark_section  \"><\/div>[\/vc_column][\/vc_row][vc_row][vc_column width=\u00bb1\/4&#8243;][vc_single_image image=\u00bb2914&#8243; img_size=\u00bbfull\u00bb alignment=\u00bbcenter\u00bb style=\u00bbvc_box_circle_2&#8243;][\/vc_column][vc_column width=\u00bb3\/4&#8243;]<div style=\"background-color:;height: 70px\" class=\"nicdark_section  \"><\/div>[vc_column_text css=\u00bb.vc_custom_1610946566832{padding-right: 40px !important;padding-left: 40px !important;}\u00bb]<\/p>\n<p align=\"justify\">Fe y Alegr\u00eda es un movimiento de Educaci\u00f3n Popular Integral y de Promoci\u00f3n Social, que tiene el firme compromiso de hacer posible el derecho humano a una educaci\u00f3n de calidad para ni\u00f1as, ni\u00f1os, adolescentes y j\u00f3venes de los sectores m\u00e1s empobrecidos de nuestro pa\u00eds. Brindamos oportunidades de educaci\u00f3n inicial, primaria, secundaria y educaci\u00f3n t\u00e9cnica; capacitaci\u00f3n a docentes y acompa\u00f1amos la mejora de condiciones educativas.<\/p>\n<p>[\/vc_column_text][\/vc_column][\/vc_row][vc_row][vc_column]<div style=\"background-color:;height: 40px\" class=\"nicdark_section  \"><\/div>[\/vc_column][\/vc_row][vc_row content_placement=\u00bbmiddle\u00bb enable_second_overlay=\u00bbtrue\u00bb second_overlay_opacity=\u00bb50&#8243; second_background_color=\u00bb#e4e4e4&#8243; enable_parallax=\u00bbtrue\u00bb parallax_style=\u00bbclassic-fast\u00bb css=\u00bb.vc_custom_1610946505046{border-top-width: 50px !important;border-bottom-width: 50px !important;border-radius: 10px !important;}\u00bb][vc_column width=\u00bb1\/2&#8243; css=\u00bb.vc_custom_1610946206027{padding-top: 30px !important;}\u00bb][vc_row_inner][vc_column_inner width=\u00bb1\/2&#8243;][vc_single_image image=\u00bb2773&#8243; alignment=\u00bbcenter\u00bb style=\u00bbvc_box_circle_2&#8243;][\/vc_column_inner][vc_column_inner width=\u00bb1\/2&#8243;][vc_column_text css=\u00bb.vc_custom_1610946412221{padding-top: 80px !important;}\u00bb]<\/p>\n<h3 style=\"text-align: left;\"><strong><span style=\"color: #aa0f16;\">Misi\u00f3n<\/span><\/strong><\/h3>\n<p>[\/vc_column_text][\/vc_column_inner][\/vc_row_inner][vc_column_text css=\u00bb.vc_custom_1610946386680{padding-right: 40px !important;padding-left: 40px !important;}\u00bb]<\/p>\n<p align=\"justify\">Contribuir a trav\u00e9s de la Educaci\u00f3n Popular y la Promoci\u00f3n Social a la formaci\u00f3n de la persona nueva y a la transformaci\u00f3n de la sociedad, trabajando preferencialmente para, por y con los pobres.<\/p>\n<p>[\/vc_column_text][\/vc_column][vc_column width=\u00bb1\/2&#8243; css=\u00bb.vc_custom_1611956000807{padding-top: 50px !important;}\u00bb][vc_row_inner][vc_column_inner width=\u00bb1\/2&#8243; css=\u00bb.vc_custom_1611956164574{padding-top: 10px !important;}\u00bb][vc_single_image image=\u00bb2916&#8243; alignment=\u00bbcenter\u00bb style=\u00bbvc_box_circle_2&#8243;][\/vc_column_inner][vc_column_inner width=\u00bb1\/2&#8243;][vc_column_text css=\u00bb.vc_custom_1611956230871{padding-top: 90px !important;}\u00bb]<\/p>\n<h3 style=\"text-align: left;\"><strong><span style=\"color: #aa0f16;\">Visi\u00f3n<\/span><\/strong><\/h3>\n<p>[\/vc_column_text][\/vc_column_inner][\/vc_row_inner][vc_column_text css=\u00bb.vc_custom_1610946397589{padding-right: 40px !important;padding-left: 40px !important;}\u00bb]<\/p>\n<p align=\"justify\">Fe y Alegr\u00eda Nicaragua es un referente en Educaci\u00f3n Popular de Calidad y Promoci\u00f3n Social que desde unos valores humanos y cristianos, contribuye a la construcci\u00f3n de una sociedad nicarag\u00fcense m\u00e1s justa, solidaria y democr\u00e1tica.<\/p>\n<p>[\/vc_column_text][\/vc_column][\/vc_row][vc_row][vc_column]<div style=\"background-color:;height: 30px\" class=\"nicdark_section  \"><\/div>[vc_column_text]<\/p>\n<h3 style=\"text-align: center;\"><strong><span style=\"color: #aa0f16;\">Valores<\/span><\/strong><\/h3>\n<p>[\/vc_column_text]<div style=\"background-color:;height: 20px\" class=\"nicdark_section  \"><\/div>[\/vc_column][\/vc_row][vc_row][vc_column width=\u00bb1\/2&#8243;][vc_row_inner][vc_column_inner width=\u00bb1\/4&#8243;][vc_icon icon_fontawesome=\u00bbfas fa-hand-holding-heart\u00bb color=\u00bbcustom\u00bb background_style=\u00bbrounded\u00bb background_color=\u00bbcustom\u00bb size=\u00bbsm\u00bb align=\u00bbright\u00bb custom_color=\u00bb#ffffff\u00bb custom_background_color=\u00bb#aa0f16&#8243;][\/vc_column_inner][vc_column_inner width=\u00bb3\/4&#8243;][vc_column_text css=\u00bb.vc_custom_1610948075789{padding-right: 40px !important;padding-left: px !important;}\u00bb]<\/p>\n<h5 style=\"text-align: left;\"><strong><span style=\"color: #aa0f16;\">Respeto a la dignidad humana<\/span><\/strong><\/h5>\n<p align=\"justify\">Valoraci\u00f3n, estima y reconocimiento de las personas sin discriminaci\u00f3n de ning\u00fan tipo, acept\u00e1ndolas en sus diferencias y diversidad.<\/p>\n<p>[\/vc_column_text][\/vc_column_inner][\/vc_row_inner][\/vc_column][vc_column width=\u00bb1\/2&#8243;][vc_row_inner][vc_column_inner width=\u00bb1\/4&#8243;][vc_icon icon_fontawesome=\u00bbfas fa-hand-holding-heart\u00bb color=\u00bbcustom\u00bb background_style=\u00bbrounded\u00bb background_color=\u00bbcustom\u00bb size=\u00bbsm\u00bb align=\u00bbright\u00bb custom_color=\u00bb#ffffff\u00bb custom_background_color=\u00bb#aa0f16&#8243;][\/vc_column_inner][vc_column_inner width=\u00bb3\/4&#8243;][vc_column_text css=\u00bb.vc_custom_1610948165120{padding-right: 40px !important;padding-left: px !important;}\u00bb]<\/p>\n<h5 style=\"text-align: left;\"><strong><span style=\"color: #aa0f16;\">Equidad<\/span><\/strong><\/h5>\n<p align=\"justify\">Reconocimiento de las potencialidades y capacidades de las personas, promoviendo su desarrollo, desde sus realidades y condiciones, principalmente de g\u00e9nero.<\/p>\n<p>[\/vc_column_text][\/vc_column_inner][\/vc_row_inner][\/vc_column][\/vc_row][vc_row][vc_column width=\u00bb1\/2&#8243;][vc_row_inner][vc_column_inner width=\u00bb1\/4&#8243;][vc_icon icon_fontawesome=\u00bbfas fa-hand-holding-heart\u00bb color=\u00bbcustom\u00bb background_style=\u00bbrounded\u00bb background_color=\u00bbcustom\u00bb size=\u00bbsm\u00bb align=\u00bbright\u00bb custom_color=\u00bb#ffffff\u00bb custom_background_color=\u00bb#aa0f16&#8243;][\/vc_column_inner][vc_column_inner width=\u00bb3\/4&#8243;][vc_column_text css=\u00bb.vc_custom_1610948092333{padding-right: 40px !important;padding-left: px !important;}\u00bb]<\/p>\n<h5 style=\"text-align: left;\"><strong><span style=\"color: #aa0f16;\">Libertad<\/span><\/strong><\/h5>\n<p align=\"justify\">Reconocimiento de la capacidad de las personas para participar, decidir y asumir compromisos con autonom\u00eda; autodeterminaci\u00f3n e independencia con responsabilidad, sin lesionar los derechos de las dem\u00e1s personas.<\/p>\n<p>[\/vc_column_text][\/vc_column_inner][\/vc_row_inner][\/vc_column][vc_column width=\u00bb1\/2&#8243;][vc_row_inner][vc_column_inner width=\u00bb1\/4&#8243;][vc_icon icon_fontawesome=\u00bbfas fa-hand-holding-heart\u00bb color=\u00bbcustom\u00bb background_style=\u00bbrounded\u00bb background_color=\u00bbcustom\u00bb size=\u00bbsm\u00bb align=\u00bbright\u00bb custom_color=\u00bb#ffffff\u00bb custom_background_color=\u00bb#aa0f16&#8243;][\/vc_column_inner][vc_column_inner width=\u00bb3\/4&#8243;][vc_column_text css=\u00bb.vc_custom_1611947721868{padding-right: 40px !important;padding-left: px !important;}\u00bb]<\/p>\n<h5 style=\"text-align: left;\"><strong><span style=\"color: #aa0f16;\">Justicia educativa y social<\/span><\/strong><\/h5>\n<p align=\"justify\">Trabajar por la igualdad de derechos y oportunidades para todas las personas. El compromiso con la vigencia de derechos educativos y sociales para enfrentar las desigualdades sociales.<\/p>\n<p>[\/vc_column_text][\/vc_column_inner][\/vc_row_inner][\/vc_column][\/vc_row][vc_row][vc_column width=\u00bb1\/2&#8243;][vc_row_inner][vc_column_inner width=\u00bb1\/4&#8243;][vc_icon icon_fontawesome=\u00bbfas fa-hand-holding-heart\u00bb color=\u00bbcustom\u00bb background_style=\u00bbrounded\u00bb background_color=\u00bbcustom\u00bb size=\u00bbsm\u00bb align=\u00bbright\u00bb custom_color=\u00bb#ffffff\u00bb custom_background_color=\u00bb#aa0f16&#8243;][\/vc_column_inner][vc_column_inner width=\u00bb3\/4&#8243;][vc_column_text css=\u00bb.vc_custom_1610948556822{padding-right: 40px !important;padding-left: px !important;}\u00bb]<\/p>\n<h5 style=\"text-align: left;\"><strong><span style=\"color: #aa0f16;\">Solidaridad<\/span><\/strong><\/h5>\n<p align=\"justify\">Compromiso con el servicio sin esperar nada a cambio; es ayudar, acompa\u00f1ar y proteger a quienes m\u00e1s lo necesitan.[\/vc_column_text][\/vc_column_inner][\/vc_row_inner][\/vc_column][vc_column width=\u00bb1\/2&#8243;][vc_row_inner][vc_column_inner width=\u00bb1\/4&#8243;][vc_icon icon_fontawesome=\u00bbfas fa-hand-holding-heart\u00bb color=\u00bbcustom\u00bb background_style=\u00bbrounded\u00bb background_color=\u00bbcustom\u00bb size=\u00bbsm\u00bb align=\u00bbright\u00bb custom_color=\u00bb#ffffff\u00bb custom_background_color=\u00bb#aa0f16&#8243;][\/vc_column_inner][vc_column_inner width=\u00bb3\/4&#8243;][vc_column_text css=\u00bb.vc_custom_1610948459421{padding-right: 40px !important;padding-left: px !important;}\u00bb]<\/p>\n<h5 style=\"text-align: left;\"><strong><span style=\"color: #aa0f16;\">Responsabilidad<\/span><\/strong><\/h5>\n<p align=\"justify\">Es actuar en consecuencia con la misi\u00f3n y los compromisos asumidos. Es ejercer de forma consecuente derechos y obligaciones como personas y Movimiento.<br \/>\n[\/vc_column_text][\/vc_column_inner][\/vc_row_inner][\/vc_column][\/vc_row][vc_row][vc_column width=\u00bb1\/2&#8243;][vc_row_inner][vc_column_inner width=\u00bb1\/4&#8243;][vc_icon icon_fontawesome=\u00bbfas fa-hand-holding-heart\u00bb color=\u00bbcustom\u00bb background_style=\u00bbrounded\u00bb background_color=\u00bbcustom\u00bb size=\u00bbsm\u00bb align=\u00bbright\u00bb custom_color=\u00bb#ffffff\u00bb custom_background_color=\u00bb#aa0f16&#8243;][\/vc_column_inner][vc_column_inner width=\u00bb3\/4&#8243;][vc_column_text css=\u00bb.vc_custom_1610948600950{padding-right: 40px !important;padding-left: px !important;}\u00bb]<\/p>\n<h5 style=\"text-align: left;\"><strong><span style=\"color: #aa0f16;\">Honestidad<\/span><\/strong><\/h5>\n<p align=\"justify\">Nuestras acciones cotidianas est\u00e1n caracterizadas por la \u00e9tica, probidad, rectitud, honradez y transparencia. En consecuencia, es un modo de comportamiento individual, laboral, familiar y social; basado en el respeto a nuestros principios, valores, normativas y deberes ciudadanos.<br \/>\n[\/vc_column_text][\/vc_column_inner][\/vc_row_inner][\/vc_column][vc_column width=\u00bb1\/2&#8243;][vc_row_inner][vc_column_inner width=\u00bb1\/4&#8243;][vc_icon icon_fontawesome=\u00bbfas fa-hand-holding-heart\u00bb color=\u00bbcustom\u00bb background_style=\u00bbrounded\u00bb background_color=\u00bbcustom\u00bb size=\u00bbsm\u00bb align=\u00bbright\u00bb custom_color=\u00bb#ffffff\u00bb custom_background_color=\u00bb#aa0f16&#8243;][\/vc_column_inner][vc_column_inner width=\u00bb3\/4&#8243;][vc_column_text css=\u00bb.vc_custom_1610948426704{padding-right: 40px !important;padding-left: px !important;}\u00bb]<\/p>\n<h5 style=\"text-align: left;\"><strong><span style=\"color: #aa0f16;\">Participaci\u00f3n<\/span><\/strong><\/h5>\n<p align=\"justify\">Es inherente a la necesidad de formar ciudadanos\/as felices. Es la base de la convivencia, de la construcci\u00f3n de relaciones, del roce generacional y entre generaciones; de compartir visiones, creaci\u00f3n de espacios y surgimiento de liderazgos individuales y colectivos para la construcci\u00f3n de comunidades democr\u00e1ticas.<br \/>\n[\/vc_column_text][\/vc_column_inner][\/vc_row_inner][\/vc_column][\/vc_row][vc_row][vc_column width=\u00bb1\/4&#8243;][\/vc_column][vc_column width=\u00bb1\/2&#8243;][vc_row_inner][vc_column_inner width=\u00bb1\/4&#8243;][vc_icon icon_fontawesome=\u00bbfas fa-hand-holding-heart\u00bb color=\u00bbcustom\u00bb background_style=\u00bbrounded\u00bb background_color=\u00bbcustom\u00bb size=\u00bbsm\u00bb align=\u00bbright\u00bb custom_color=\u00bb#ffffff\u00bb custom_background_color=\u00bb#aa0f16&#8243;][\/vc_column_inner][vc_column_inner width=\u00bb3\/4&#8243;][vc_column_text css=\u00bb.vc_custom_1610948525071{padding-right: 40px !important;padding-left: px !important;}\u00bb]<\/p>\n<h5 style=\"text-align: left;\"><strong><span style=\"color: #aa0f16;\">Fraternidad<\/span><\/strong><\/h5>\n<p align=\"justify\">Unidad en la diversidad. Como virtud de la comunidad humana y cristiana para vivir en reciprocidad de esfuerzos y voluntades para trabajar sue\u00f1os colectivos, educativos, sociales y superar dificultades.[\/vc_column_text][\/vc_column_inner][\/vc_row_inner][\/vc_column][vc_column width=\u00bb1\/4&#8243;][\/vc_column][\/vc_row][vc_row enable_second_overlay=\u00bbtrue\u00bb second_overlay_opacity=\u00bb50&#8243; second_background_color=\u00bb#e4e4e4&#8243; enable_parallax=\u00bbtrue\u00bb css=\u00bb.vc_custom_1610950258661{padding-top: 20px !important;padding-bottom: 30px !important;border-radius: 10px !important;}\u00bb][vc_column width=\u00bb1\/2&#8243;]<div style=\"background-color:;height: 30px\" class=\"nicdark_section  \"><\/div>[accordion_father active=\u00bb0&#8243; iconsize=\u00bb25&#8243; icon=\u00bbfas fa-angle-double-right\u00bb activeicon=\u00bbfas fa-angle-double-down\u00bb caption_url=\u00bb\u00bb][accordion_son title_align=\u00bbcenter\u00bb title_padding=\u00bb40&#8243; size=\u00bb20&#8243; title=\u00bbPrincipios Inspiradores\u00bb clr=\u00bb#ffffff\u00bb bgclr=\u00bb#aa0f16&#8243;]<\/p>\n<p>\u2022 La indignaci\u00f3n y el compromiso \u00e9tico ante realidades de injusticia, que nos comprometen con la transformaci\u00f3n social.<\/p>\n<p>\u2022 El sentido del \u201cmagis\u201d ignaciano que busca el mayor servicio y bien universal. El ser para los dem\u00e1s; el sentido del servicio libremente comprometido, enraizado en la fe y la espiritualidad.<\/p>\n<p>\u2022 La actitud cr\u00edtica, reflexiva y constructiva que busca constantemente alternativas para dar respuestas a los problemas.<\/p>\n<p>\u2022 La apertura al di\u00e1logo con las culturas, las diferentes espiritualidades y las organizaciones sociales, comunitarias, gubernamentales y no gubernamentales.<\/p>\n<p>[\/accordion_son][\/accordion_father]<div style=\"background-color:;height: 20px\" class=\"nicdark_section  \"><\/div>[\/vc_column][vc_column width=\u00bb1\/2&#8243;]<div style=\"background-color:;height: 30px\" class=\"nicdark_section  \"><\/div>[accordion_father active=\u00bb0&#8243; icon=\u00bbfab fa-accessible-icon\u00bb activeicon=\u00bbfas fa-american-sign-language-interpreting\u00bb caption_url=\u00bb\u00bb][accordion_son title_align=\u00bbcenter\u00bb title_padding=\u00bb40&#8243; size=\u00bb20&#8243; title=\u00bbL\u00edneas de acci\u00f3n\u00bb clr=\u00bb#ffffff\u00bb bgclr=\u00bb#aa0f16&#8243; titleradius=\u00bb0&#8243;]<\/p>\n<p>\u2022 Fortalecimiento institucional, sostenibilidad y gesti\u00f3n de recursos.<\/p>\n<p>\u2022 Acompa\u00f1amiento para la gesti\u00f3n y los aprendizajes.<\/p>\n<p>\u2022 FormAci\u00f3n para la ParticipAcci\u00f3n: ciudadan\u00eda.<\/p>\n<p>\u2022 Investigaci\u00f3n Acci\u00f3n Participativa: reflexi\u00f3n de la pr\u00e1ctica y sistematizaci\u00f3n.<\/p>\n<p>\u2022 Formaci\u00f3n para la vida y para el trabajo.<\/p>\n<p>\u2022 Tecnolog\u00edas de la Informaci\u00f3n y la Comunicaci\u00f3n, TIC.<\/p>\n<p>\u2022 Comunicaci\u00f3n.<\/p>\n<p>\u2022 Trabajo en red e incidencia.[\/accordion_son][\/accordion_father]<div style=\"background-color:;height: 20px\" class=\"nicdark_section  \"><\/div>[\/vc_column][\/vc_row]<\/p>\n<\/div>","protected":false},"excerpt":{"rendered":"<p>[vc_row enable_first_overlay=\u00bbtrue\u00bb first_overlay_opacity=\u00bb15&#8243;][vc_column][\/vc_column][\/vc_row][vc_row][vc_column width=\u00bb1\/4&#8243;][vc_single_image image=\u00bb2914&#8243; img_size=\u00bbfull\u00bb alignment=\u00bbcenter\u00bb style=\u00bbvc_box_circle_2&#8243;][\/vc_column][vc_column width=\u00bb3\/4&#8243;][vc_column_text css=\u00bb.vc_custom_1610946566832{padding-right: 40px !important;padding-left: 40px !important;}\u00bb] Fe y Alegr\u00eda es un movimiento de Educaci\u00f3n Popular Integral y de Promoci\u00f3n Social, que tiene el firme compromiso de hacer posible el derecho humano a una educaci\u00f3n de calidad para ni\u00f1as, ni\u00f1os, adolescentes y j\u00f3venes de los sectores m\u00e1s empobrecidos<\/p>\n","protected":false},"author":2,"featured_media":0,"parent":0,"menu_order":0,"comment_status":"closed","ping_status":"closed","template":"","meta":{"_acf_changed":false,"footnotes":""},"folder":[],"class_list":["post-2689","page","type-page","status-publish","hentry"],"acf":[],"yoast_head":"<!-- This site is optimized with the Yoast SEO plugin v27.2 - https:\/\/yoast.com\/product\/yoast-seo-wordpress\/ -->\n<title>Somos en Nicaragua - #SomosFeyAlegr\u00eda en Nicaragua<\/title>\n<meta name=\"robots\" content=\"index, follow, max-snippet:-1, max-image-preview:large, max-video-preview:-1\" \/>\n<link rel=\"canonical\" href=\"https:\/\/www.feyalegria.org\/nicaragua\/somos-en-nicaragua\/\" \/>\n<meta property=\"og:locale\" content=\"es_ES\" \/>\n<meta property=\"og:type\" content=\"article\" \/>\n<meta property=\"og:title\" content=\"Somos en Nicaragua - #SomosFeyAlegr\u00eda en Nicaragua\" \/>\n<meta property=\"og:description\" content=\"[vc_row enable_first_overlay=\u00bbtrue\u00bb first_overlay_opacity=\u00bb15&#8243;][vc_column][\/vc_column][\/vc_row][vc_row][vc_column width=\u00bb1\/4&#8243;][vc_single_image image=\u00bb2914&#8243; img_size=\u00bbfull\u00bb alignment=\u00bbcenter\u00bb style=\u00bbvc_box_circle_2&#8243;][\/vc_column][vc_column width=\u00bb3\/4&#8243;][vc_column_text css=\u00bb.vc_custom_1610946566832{padding-right: 40px !important;padding-left: 40px !important;}\u00bb] Fe y Alegr\u00eda es un movimiento de Educaci\u00f3n Popular Integral y de Promoci\u00f3n Social, que tiene el firme compromiso de hacer posible el derecho humano a una educaci\u00f3n de calidad para ni\u00f1as, ni\u00f1os, adolescentes y j\u00f3venes de los sectores m\u00e1s empobrecidos\" \/>\n<meta property=\"og:url\" content=\"https:\/\/www.feyalegria.org\/nicaragua\/somos-en-nicaragua\/\" \/>\n<meta property=\"og:site_name\" content=\"#SomosFeyAlegr\u00eda en Nicaragua\" \/>\n<meta property=\"article:modified_time\" content=\"2024-07-02T16:23:01+00:00\" \/>\n<meta name=\"twitter:card\" content=\"summary_large_image\" \/>\n<meta name=\"twitter:label1\" content=\"Tiempo de lectura\" \/>\n\t<meta name=\"twitter:data1\" content=\"4 minutos\" \/>\n<script type=\"application\/ld+json\" class=\"yoast-schema-graph\">{\"@context\":\"https:\/\/schema.org\",\"@graph\":[{\"@type\":\"WebPage\",\"@id\":\"https:\/\/www.feyalegria.org\/nicaragua\/somos-en-nicaragua\/\",\"url\":\"https:\/\/www.feyalegria.org\/nicaragua\/somos-en-nicaragua\/\",\"name\":\"Somos en Nicaragua - #SomosFeyAlegr\u00eda en Nicaragua\",\"isPartOf\":{\"@id\":\"https:\/\/www.feyalegria.org\/nicaragua\/#website\"},\"datePublished\":\"2024-07-02T15:57:39+00:00\",\"dateModified\":\"2024-07-02T16:23:01+00:00\",\"breadcrumb\":{\"@id\":\"https:\/\/www.feyalegria.org\/nicaragua\/somos-en-nicaragua\/#breadcrumb\"},\"inLanguage\":\"es\",\"potentialAction\":[{\"@type\":\"ReadAction\",\"target\":[\"https:\/\/www.feyalegria.org\/nicaragua\/somos-en-nicaragua\/\"]}]},{\"@type\":\"BreadcrumbList\",\"@id\":\"https:\/\/www.feyalegria.org\/nicaragua\/somos-en-nicaragua\/#breadcrumb\",\"itemListElement\":[{\"@type\":\"ListItem\",\"position\":1,\"name\":\"Home\",\"item\":\"https:\/\/www.feyalegria.org\/nicaragua\/\"},{\"@type\":\"ListItem\",\"position\":2,\"name\":\"Somos en Nicaragua\"}]},{\"@type\":\"WebSite\",\"@id\":\"https:\/\/www.feyalegria.org\/nicaragua\/#website\",\"url\":\"https:\/\/www.feyalegria.org\/nicaragua\/\",\"name\":\"#SomosFeyAlegr\u00eda en Nicaragua\",\"description\":\"Movimiento de Educaci\u00f3n Popular y Promoci\u00f3n Social\",\"publisher\":{\"@id\":\"https:\/\/www.feyalegria.org\/nicaragua\/#organization\"},\"potentialAction\":[{\"@type\":\"SearchAction\",\"target\":{\"@type\":\"EntryPoint\",\"urlTemplate\":\"https:\/\/www.feyalegria.org\/nicaragua\/?s={search_term_string}\"},\"query-input\":{\"@type\":\"PropertyValueSpecification\",\"valueRequired\":true,\"valueName\":\"search_term_string\"}}],\"inLanguage\":\"es\"},{\"@type\":\"Organization\",\"@id\":\"https:\/\/www.feyalegria.org\/nicaragua\/#organization\",\"name\":\"#SomosFeyAlegr\u00eda en Nicaragua\",\"url\":\"https:\/\/www.feyalegria.org\/nicaragua\/\",\"logo\":{\"@type\":\"ImageObject\",\"inLanguage\":\"es\",\"@id\":\"https:\/\/www.feyalegria.org\/nicaragua\/#\/schema\/logo\/image\/\",\"url\":\"https:\/\/d3pugrm67vf9n7.cloudfront.net\/wp-content\/uploads\/sites\/26\/2024\/04\/12160458\/cropped-logo_fya-.png\",\"contentUrl\":\"https:\/\/d3pugrm67vf9n7.cloudfront.net\/wp-content\/uploads\/sites\/26\/2024\/04\/12160458\/cropped-logo_fya-.png\",\"width\":512,\"height\":512,\"caption\":\"#SomosFeyAlegr\u00eda en Nicaragua\"},\"image\":{\"@id\":\"https:\/\/www.feyalegria.org\/nicaragua\/#\/schema\/logo\/image\/\"}}]}<\/script>\n<!-- \/ Yoast SEO plugin. -->","yoast_head_json":{"title":"Somos en Nicaragua - #SomosFeyAlegr\u00eda en Nicaragua","robots":{"index":"index","follow":"follow","max-snippet":"max-snippet:-1","max-image-preview":"max-image-preview:large","max-video-preview":"max-video-preview:-1"},"canonical":"https:\/\/www.feyalegria.org\/nicaragua\/somos-en-nicaragua\/","og_locale":"es_ES","og_type":"article","og_title":"Somos en Nicaragua - #SomosFeyAlegr\u00eda en Nicaragua","og_description":"[vc_row enable_first_overlay=\u00bbtrue\u00bb first_overlay_opacity=\u00bb15&#8243;][vc_column][\/vc_column][\/vc_row][vc_row][vc_column width=\u00bb1\/4&#8243;][vc_single_image image=\u00bb2914&#8243; img_size=\u00bbfull\u00bb alignment=\u00bbcenter\u00bb style=\u00bbvc_box_circle_2&#8243;][\/vc_column][vc_column width=\u00bb3\/4&#8243;][vc_column_text css=\u00bb.vc_custom_1610946566832{padding-right: 40px !important;padding-left: 40px !important;}\u00bb] Fe y Alegr\u00eda es un movimiento de Educaci\u00f3n Popular Integral y de Promoci\u00f3n Social, que tiene el firme compromiso de hacer posible el derecho humano a una educaci\u00f3n de calidad para ni\u00f1as, ni\u00f1os, adolescentes y j\u00f3venes de los sectores m\u00e1s empobrecidos","og_url":"https:\/\/www.feyalegria.org\/nicaragua\/somos-en-nicaragua\/","og_site_name":"#SomosFeyAlegr\u00eda en Nicaragua","article_modified_time":"2024-07-02T16:23:01+00:00","twitter_card":"summary_large_image","twitter_misc":{"Tiempo de lectura":"4 minutos"},"schema":{"@context":"https:\/\/schema.org","@graph":[{"@type":"WebPage","@id":"https:\/\/www.feyalegria.org\/nicaragua\/somos-en-nicaragua\/","url":"https:\/\/www.feyalegria.org\/nicaragua\/somos-en-nicaragua\/","name":"Somos en Nicaragua - #SomosFeyAlegr\u00eda en Nicaragua","isPartOf":{"@id":"https:\/\/www.feyalegria.org\/nicaragua\/#website"},"datePublished":"2024-07-02T15:57:39+00:00","dateModified":"2024-07-02T16:23:01+00:00","breadcrumb":{"@id":"https:\/\/www.feyalegria.org\/nicaragua\/somos-en-nicaragua\/#breadcrumb"},"inLanguage":"es","potentialAction":[{"@type":"ReadAction","target":["https:\/\/www.feyalegria.org\/nicaragua\/somos-en-nicaragua\/"]}]},{"@type":"BreadcrumbList","@id":"https:\/\/www.feyalegria.org\/nicaragua\/somos-en-nicaragua\/#breadcrumb","itemListElement":[{"@type":"ListItem","position":1,"name":"Home","item":"https:\/\/www.feyalegria.org\/nicaragua\/"},{"@type":"ListItem","position":2,"name":"Somos en Nicaragua"}]},{"@type":"WebSite","@id":"https:\/\/www.feyalegria.org\/nicaragua\/#website","url":"https:\/\/www.feyalegria.org\/nicaragua\/","name":"#SomosFeyAlegr\u00eda en Nicaragua","description":"Movimiento de Educaci\u00f3n Popular y Promoci\u00f3n Social","publisher":{"@id":"https:\/\/www.feyalegria.org\/nicaragua\/#organization"},"potentialAction":[{"@type":"SearchAction","target":{"@type":"EntryPoint","urlTemplate":"https:\/\/www.feyalegria.org\/nicaragua\/?s={search_term_string}"},"query-input":{"@type":"PropertyValueSpecification","valueRequired":true,"valueName":"search_term_string"}}],"inLanguage":"es"},{"@type":"Organization","@id":"https:\/\/www.feyalegria.org\/nicaragua\/#organization","name":"#SomosFeyAlegr\u00eda en Nicaragua","url":"https:\/\/www.feyalegria.org\/nicaragua\/","logo":{"@type":"ImageObject","inLanguage":"es","@id":"https:\/\/www.feyalegria.org\/nicaragua\/#\/schema\/logo\/image\/","url":"https:\/\/d3pugrm67vf9n7.cloudfront.net\/wp-content\/uploads\/sites\/26\/2024\/04\/12160458\/cropped-logo_fya-.png","contentUrl":"https:\/\/d3pugrm67vf9n7.cloudfront.net\/wp-content\/uploads\/sites\/26\/2024\/04\/12160458\/cropped-logo_fya-.png","width":512,"height":512,"caption":"#SomosFeyAlegr\u00eda en Nicaragua"},"image":{"@id":"https:\/\/www.feyalegria.org\/nicaragua\/#\/schema\/logo\/image\/"}}]}},"_links":{"self":[{"href":"https:\/\/www.feyalegria.org\/nicaragua\/wp-json\/wp\/v2\/pages\/2689","targetHints":{"allow":["GET"]}}],"collection":[{"href":"https:\/\/www.feyalegria.org\/nicaragua\/wp-json\/wp\/v2\/pages"}],"about":[{"href":"https:\/\/www.feyalegria.org\/nicaragua\/wp-json\/wp\/v2\/types\/page"}],"author":[{"embeddable":true,"href":"https:\/\/www.feyalegria.org\/nicaragua\/wp-json\/wp\/v2\/users\/2"}],"replies":[{"embeddable":true,"href":"https:\/\/www.feyalegria.org\/nicaragua\/wp-json\/wp\/v2\/comments?post=2689"}],"version-history":[{"count":0,"href":"https:\/\/www.feyalegria.org\/nicaragua\/wp-json\/wp\/v2\/pages\/2689\/revisions"}],"wp:attachment":[{"href":"https:\/\/www.feyalegria.org\/nicaragua\/wp-json\/wp\/v2\/media?parent=2689"}],"wp:term":[{"taxonomy":"folder","embeddable":true,"href":"https:\/\/www.feyalegria.org\/nicaragua\/wp-json\/wp\/v2\/folder?post=2689"}],"curies":[{"name":"wp","href":"https:\/\/api.w.org\/{rel}","templated":true}]}}