 {"id":2692,"date":"2024-07-02T10:57:39","date_gmt":"2024-07-02T15:57:39","guid":{"rendered":"https:\/\/www.feyalegria.org\/nicaragua\/?page_id=2692"},"modified":"2024-07-02T11:23:09","modified_gmt":"2024-07-02T16:23:09","slug":"contactanos","status":"publish","type":"page","link":"https:\/\/www.feyalegria.org\/nicaragua\/contactanos\/","title":{"rendered":"Cont\u00e1ctanos"},"content":{"rendered":"<div class=\"wpb-content-wrapper\"><p>[vc_row][vc_column]<div style=\"background-color:;height: 40px\" class=\"nicdark_section  \"><\/div>[vc_column_text]<span style=\"font-weight: 400\">Fe y Alegr\u00eda Nicaragua es una Asociaci\u00f3n sin Fines de Lucro. Somos un movimiento de Educaci\u00f3n Popular Integral y de Promoci\u00f3n Social, trabajamos con los sectores empobrecidos y excluidos, potenciando su desarrollo integral y participaci\u00f3n para la transformaci\u00f3n social.<\/span>[\/vc_column_text]<div style=\"background-color:;height: 32pxpx\" class=\"nicdark_section  \"><\/div>[\/vc_column][\/vc_row][vc_row][vc_column width=\u00bb1\/3&#8243; alignment=\u00bbcenter\u00bb css=\u00bb.vc_custom_1616077790467{background-color: #f3f3f3 !important;border-radius: 10px !important;}\u00bb]\n<div class=\"wpcf7 no-js\" id=\"wpcf7-f714-o1\" lang=\"es-ES\" dir=\"ltr\" data-wpcf7-id=\"714\">\n<div class=\"screen-reader-response\"><p role=\"status\" aria-live=\"polite\" aria-atomic=\"true\"><\/p> <ul><\/ul><\/div>\n<form action=\"\/nicaragua\/wp-json\/wp\/v2\/pages\/2692#wpcf7-f714-o1\" method=\"post\" class=\"wpcf7-form init\" aria-label=\"Formulario de contacto\" novalidate=\"novalidate\" data-status=\"init\">\n<fieldset class=\"hidden-fields-container\"><input type=\"hidden\" name=\"_wpcf7\" value=\"714\" \/><input type=\"hidden\" name=\"_wpcf7_version\" value=\"6.1.5\" \/><input type=\"hidden\" name=\"_wpcf7_locale\" value=\"es_ES\" \/><input type=\"hidden\" name=\"_wpcf7_unit_tag\" value=\"wpcf7-f714-o1\" \/><input type=\"hidden\" name=\"_wpcf7_container_post\" value=\"0\" \/><input type=\"hidden\" name=\"_wpcf7_posted_data_hash\" value=\"\" \/>\n<\/fieldset>\n<div class=\"row\">\n\t<div>\n\t\t<p><span class=\"wpcf7-form-control-wrap\" data-name=\"your-nombre\"><input size=\"40\" maxlength=\"400\" class=\"wpcf7-form-control wpcf7-text wpcf7-validates-as-required input_field\" aria-required=\"true\" aria-invalid=\"false\" placeholder=\"Nombre*\" value=\"\" type=\"text\" name=\"your-nombre\" \/><\/span>\n\t\t<\/p>\n\t<\/div>\n\t<div>\n\t\t<p><span class=\"wpcf7-form-control-wrap\" data-name=\"your-apellido\"><input size=\"40\" maxlength=\"400\" class=\"wpcf7-form-control wpcf7-text wpcf7-validates-as-required input_field\" aria-required=\"true\" aria-invalid=\"false\" placeholder=\"Apellido*\" value=\"\" type=\"text\" name=\"your-apellido\" \/><\/span>\n\t\t<\/p>\n\t<\/div>\n\t<div>\n\t\t<p><span class=\"wpcf7-form-control-wrap\" data-name=\"your-email\"><input size=\"40\" maxlength=\"400\" class=\"wpcf7-form-control wpcf7-email wpcf7-validates-as-required wpcf7-text wpcf7-validates-as-email input_field\" aria-required=\"true\" aria-invalid=\"false\" placeholder=\"Email*\" value=\"\" type=\"email\" name=\"your-email\" \/><\/span>\n\t\t<\/p>\n\t<\/div>\n\t<div>\n\t\t<p><span class=\"wpcf7-form-control-wrap\" data-name=\"your-tel\"><input size=\"40\" maxlength=\"400\" class=\"wpcf7-form-control wpcf7-text input_field\" aria-invalid=\"false\" placeholder=\"Tel\u00e9fono\" value=\"\" type=\"text\" name=\"your-tel\" \/><\/span>\n\t\t<\/p>\n\t<\/div>\n\t<div>\n\t\t<p><span class=\"wpcf7-form-control-wrap\" data-name=\"your-mensaje\"><textarea cols=\"40\" rows=\"8\" maxlength=\"2000\" class=\"wpcf7-form-control wpcf7-textarea wpcf7-validates-as-required input_field\" id=\"your-message\" aria-required=\"true\" aria-invalid=\"false\" placeholder=\"Mensaje*\" name=\"your-mensaje\"><\/textarea><\/span>\n\t\t<\/p>\n\t<\/div>\n\t<div>\n\t\t<p><b>Acepto t\u00e9rminos y condiciones<\/b><br \/>\n<a id=\"legal\" style=\"color:#aa0f16\" href=\"#\">*Ver t\u00e9rminos legales<\/a><br \/>\n<span class=\"wpcf7-form-control-wrap\" data-name=\"terminos\"><span class=\"wpcf7-form-control wpcf7-acceptance\"><span class=\"wpcf7-list-item\"><input type=\"checkbox\" name=\"terminos\" value=\"1\" aria-invalid=\"false\" \/><\/span><\/span><\/span>\n\t\t<\/p>\n\t<\/div>\n\t<div>\n\t\t<p><input class=\"wpcf7-form-control wpcf7-submit has-spinner radius0\" type=\"submit\" value=\"Enviar mensaje\" \/>\n\t\t<\/p>\n\t<\/div>\n<\/div><p style=\"display: none !important;\" class=\"akismet-fields-container\" data-prefix=\"_wpcf7_ak_\"><label>&#916;<textarea name=\"_wpcf7_ak_hp_textarea\" cols=\"45\" rows=\"8\" maxlength=\"100\"><\/textarea><\/label><input type=\"hidden\" id=\"ak_js_1\" name=\"_wpcf7_ak_js\" value=\"19\"\/><script>document.getElementById( \"ak_js_1\" ).setAttribute( \"value\", ( new Date() ).getTime() );<\/script><\/p><input type='hidden' class='wpcf7-pum' value='{\"closepopup\":false,\"closedelay\":0,\"openpopup\":false,\"openpopup_id\":0}' \/><div class=\"wpcf7-response-output\" aria-hidden=\"true\"><\/div>\n<\/form>\n<\/div>\n[vc_empty_space height=\u00bb20px\u00bb][\/vc_column][vc_column width=\u00bb2\/3&#8243; alignment=\u00bbcenter\u00bb][vc_empty_space height=\u00bb20px\u00bb][vc_gmaps link=\u00bb#E-8_JTNDaWZyYW1lJTIwc3JjJTNEJTIyaHR0cHMlM0ElMkYlMkZ3d3cuZ29vZ2xlLmNvbSUyRm1hcHMlMkZlbWJlZCUzRnBiJTNEJTIxMW0xNCUyMTFtOCUyMTFtMyUyMTFkMTU2MDIuNjA0MTI3NTAzOTU3JTIxMmQtODYuMjk0OTE2NyUyMTNkMTIuMTM2MDEyNCUyMTNtMiUyMTFpMTAyNCUyMTJpNzY4JTIxNGYxMy4xJTIxM20zJTIxMW0yJTIxMXMweDAlMjUzQTB4ZTQzNzY1ZjAwN2FlYmMyZCUyMTJzRmUlMjUyMHklMjUyMEFsZWdyJTI1QzMlMjVBRGElMjUyME5pY2FyYWd1YSUyMTVlMCUyMTNtMiUyMTFzZXMlMjEyc3ZlJTIxNHYxNjExNDM0MzgzODI0JTIxNW0yJTIxMXNlcyUyMTJzdmUlMjIlMjB3aWR0aCUzRCUyMjYwMCUyMiUyMGhlaWdodCUzRCUyMjQ1MCUyMiUyMGZyYW1lYm9yZGVyJTNEJTIyMCUyMiUyMHN0eWxlJTNEJTIyYm9yZGVyJTNBMCUzQiUyMiUyMGFsbG93ZnVsbHNjcmVlbiUzRCUyMiUyMiUyMGFyaWEtaGlkZGVuJTNEJTIyZmFsc2UlMjIlMjB0YWJpbmRleCUzRCUyMjAlMjIlM0UlM0MlMkZpZnJhbWUlM0U=\u00bb][vc_empty_space height=\u00bb20px\u00bb][\/vc_column][\/vc_row][vc_row][vc_column]<div style=\"background-color:;height: 60px\" class=\"nicdark_section  \"><\/div>[\/vc_column][\/vc_row][vc_row][vc_column width=\u00bb1\/2&#8243;][vc_column_text]<\/p>\n<h4 style=\"text-align: left\"><strong><span style=\"color: #aa0f16\">Direcci\u00f3n:<\/span><\/strong><\/h4>\n<p>&nbsp;<\/p>\n<p><span style=\"font-weight: 400\">Reparto San Mart\u00edn, casa N\u00b0 36. <\/span><span style=\"font-weight: 400\">Managua, Nicaragua.<\/span><\/p>\n<p><strong>Tel\u00e9fono<\/strong>: + 505 2266-4994 <span style=\"font-weight: 400\"> | 2266-0458<\/span><\/p>\n<p><strong>Correo electr\u00f3nico<\/strong>: nicaragua@feyalegria.org[\/vc_column_text][\/vc_column][vc_column width=\u00bb1\/2&#8243;][vc_column_text]<\/p>\n<h4 style=\"text-align: center\"><strong><span style=\"color: #aa0f16\">Nuestras redes sociales:<\/span><\/strong><\/h4>\n<p>[\/vc_column_text][vc_row_inner][vc_column_inner][social_vc_father align=\u00bbcenter\u00bb][social_vc_son style=\u00bbeffect3&#8243; width=\u00bb50&#8243; height=\u00bb50&#8243; url=\u00bbhttps:\/\/twitter.com\/FeyAlegria_Nic\u00bb size=\u00bb40&#8243; radius=\u00bb5px\u00bb icon=\u00bbfab fa-twitter-square\u00bb clr=\u00bb#aa0f16&#8243; bgclr=\u00bb#ffffff\u00bb hoverclr=\u00bb#aa0f16&#8243; hoverbg=\u00bb#ffffff\u00bb][social_vc_son style=\u00bbeffect3&#8243; width=\u00bb50&#8243; height=\u00bb50&#8243; url=\u00bbhttps:\/\/www.facebook.com\/feyalegria.nic\u00bb size=\u00bb40&#8243; radius=\u00bb5px\u00bb icon=\u00bbfab fa-facebook-square\u00bb clr=\u00bb#aa0f16&#8243; bgclr=\u00bb#ffffff\u00bb hoverclr=\u00bb#aa0f16&#8243; hoverbg=\u00bb#ffffff\u00bb][social_vc_son style=\u00bbeffect3&#8243; width=\u00bb50&#8243; height=\u00bb50&#8243; url=\u00bbhttps:\/\/www.instagram.com\/feyalegria_nicaragua\/\u00bb size=\u00bb40&#8243; radius=\u00bb5px\u00bb icon=\u00bbfab fa-instagram\u00bb clr=\u00bb#aa0f16&#8243; bgclr=\u00bb#ffffff\u00bb hoverclr=\u00bb#aa0f16&#8243; hoverbg=\u00bb#ffffff\u00bb][social_vc_son style=\u00bbeffect3&#8243; width=\u00bb50&#8243; height=\u00bb50&#8243; url=\u00bbhttps:\/\/www.youtube.com\/user\/nicaraguafeyalegria\u00bb size=\u00bb40&#8243; radius=\u00bb5px\u00bb icon=\u00bbfab fa-youtube\u00bb clr=\u00bb#aa0f16&#8243; bgclr=\u00bb#ffffff\u00bb hoverclr=\u00bb#aa0f16&#8243; hoverbg=\u00bb#ffffff\u00bb][\/social_vc_father][\/vc_column_inner][\/vc_row_inner][\/vc_column][\/vc_row][vc_row][vc_column]<div style=\"background-color:;height: 20px\" class=\"nicdark_section  \"><\/div>[\/vc_column][\/vc_row][vc_row][vc_column][vc_single_image image=\u00bb2901&#8243; img_size=\u00bbfull\u00bb alignment=\u00bbcenter\u00bb style=\u00bbvc_box_rounded\u00bb]<div style=\"background-color:;height: 30px\" class=\"nicdark_section  \"><\/div>[\/vc_column][\/vc_row]<\/p>\n<\/div>","protected":false},"excerpt":{"rendered":"<p>[vc_row][vc_column][vc_column_text]Fe y Alegr\u00eda Nicaragua es una Asociaci\u00f3n sin Fines de Lucro. Somos un movimiento de Educaci\u00f3n Popular Integral y de Promoci\u00f3n Social, trabajamos con los sectores empobrecidos y excluidos, potenciando su desarrollo integral y participaci\u00f3n para la transformaci\u00f3n social.[\/vc_column_text][\/vc_column][\/vc_row][vc_row][vc_column width=\u00bb1\/3&#8243; alignment=\u00bbcenter\u00bb css=\u00bb.vc_custom_1616077790467{background-color: #f3f3f3 !important;border-radius: 10px !important;}\u00bb][vc_empty_space height=\u00bb20px\u00bb][\/vc_column][vc_column width=\u00bb2\/3&#8243; alignment=\u00bbcenter\u00bb][vc_empty_space height=\u00bb20px\u00bb][vc_gmaps link=\u00bb#E-8_JTNDaWZyYW1lJTIwc3JjJTNEJTIyaHR0cHMlM0ElMkYlMkZ3d3cuZ29vZ2xlLmNvbSUyRm1hcHMlMkZlbWJlZCUzRnBiJTNEJTIxMW0xNCUyMTFtOCUyMTFtMyUyMTFkMTU2MDIuNjA0MTI3NTAzOTU3JTIxMmQtODYuMjk0OTE2NyUyMTNkMTIuMTM2MDEyNCUyMTNtMiUyMTFpMTAyNCUyMTJpNzY4JTIxNGYxMy4xJTIxM20zJTIxMW0yJTIxMXMweDAlMjUzQTB4ZTQzNzY1ZjAwN2FlYmMyZCUyMTJzRmUlMjUyMHklMjUyMEFsZWdyJTI1QzMlMjVBRGElMjUyME5pY2FyYWd1YSUyMTVlMCUyMTNtMiUyMTFzZXMlMjEyc3ZlJTIxNHYxNjExNDM0MzgzODI0JTIxNW0yJTIxMXNlcyUyMTJzdmUlMjIlMjB3aWR0aCUzRCUyMjYwMCUyMiUyMGhlaWdodCUzRCUyMjQ1MCUyMiUyMGZyYW1lYm9yZGVyJTNEJTIyMCUyMiUyMHN0eWxlJTNEJTIyYm9yZGVyJTNBMCUzQiUyMiUyMGFsbG93ZnVsbHNjcmVlbiUzRCUyMiUyMiUyMGFyaWEtaGlkZGVuJTNEJTIyZmFsc2UlMjIlMjB0YWJpbmRleCUzRCUyMjAlMjIlM0UlM0MlMkZpZnJhbWUlM0U=\u00bb][vc_empty_space height=\u00bb20px\u00bb][\/vc_column][\/vc_row][vc_row][vc_column][\/vc_column][\/vc_row][vc_row][vc_column width=\u00bb1\/2&#8243;][vc_column_text] Direcci\u00f3n: &nbsp;<\/p>\n","protected":false},"author":2,"featured_media":0,"parent":0,"menu_order":0,"comment_status":"closed","ping_status":"closed","template":"","meta":{"_acf_changed":false,"footnotes":""},"folder":[],"class_list":["post-2692","page","type-page","status-publish","hentry"],"acf":[],"yoast_head":"<!-- This site is optimized with the Yoast SEO plugin v27.2 - https:\/\/yoast.com\/product\/yoast-seo-wordpress\/ -->\n<title>Cont\u00e1ctanos - #SomosFeyAlegr\u00eda en Nicaragua<\/title>\n<meta name=\"robots\" content=\"index, follow, max-snippet:-1, max-image-preview:large, max-video-preview:-1\" \/>\n<link rel=\"canonical\" href=\"https:\/\/www.feyalegria.org\/nicaragua\/contactanos\/\" \/>\n<meta property=\"og:locale\" content=\"es_ES\" \/>\n<meta property=\"og:type\" content=\"article\" \/>\n<meta property=\"og:title\" content=\"Cont\u00e1ctanos - #SomosFeyAlegr\u00eda en Nicaragua\" \/>\n<meta property=\"og:description\" content=\"[vc_row][vc_column][vc_column_text]Fe y Alegr\u00eda Nicaragua es una Asociaci\u00f3n sin Fines de Lucro. Somos un movimiento de Educaci\u00f3n Popular Integral y de Promoci\u00f3n Social, trabajamos con los sectores empobrecidos y excluidos, potenciando su desarrollo integral y participaci\u00f3n para la transformaci\u00f3n social.[\/vc_column_text][\/vc_column][\/vc_row][vc_row][vc_column width=\u00bb1\/3&#8243; alignment=\u00bbcenter\u00bb css=\u00bb.vc_custom_1616077790467{background-color: #f3f3f3 !important;border-radius: 10px !important;}\u00bb][vc_empty_space height=\u00bb20px\u00bb][\/vc_column][vc_column width=\u00bb2\/3&#8243; alignment=\u00bbcenter\u00bb][vc_empty_space height=\u00bb20px\u00bb][vc_gmaps link=\u00bb#E-8_JTNDaWZyYW1lJTIwc3JjJTNEJTIyaHR0cHMlM0ElMkYlMkZ3d3cuZ29vZ2xlLmNvbSUyRm1hcHMlMkZlbWJlZCUzRnBiJTNEJTIxMW0xNCUyMTFtOCUyMTFtMyUyMTFkMTU2MDIuNjA0MTI3NTAzOTU3JTIxMmQtODYuMjk0OTE2NyUyMTNkMTIuMTM2MDEyNCUyMTNtMiUyMTFpMTAyNCUyMTJpNzY4JTIxNGYxMy4xJTIxM20zJTIxMW0yJTIxMXMweDAlMjUzQTB4ZTQzNzY1ZjAwN2FlYmMyZCUyMTJzRmUlMjUyMHklMjUyMEFsZWdyJTI1QzMlMjVBRGElMjUyME5pY2FyYWd1YSUyMTVlMCUyMTNtMiUyMTFzZXMlMjEyc3ZlJTIxNHYxNjExNDM0MzgzODI0JTIxNW0yJTIxMXNlcyUyMTJzdmUlMjIlMjB3aWR0aCUzRCUyMjYwMCUyMiUyMGhlaWdodCUzRCUyMjQ1MCUyMiUyMGZyYW1lYm9yZGVyJTNEJTIyMCUyMiUyMHN0eWxlJTNEJTIyYm9yZGVyJTNBMCUzQiUyMiUyMGFsbG93ZnVsbHNjcmVlbiUzRCUyMiUyMiUyMGFyaWEtaGlkZGVuJTNEJTIyZmFsc2UlMjIlMjB0YWJpbmRleCUzRCUyMjAlMjIlM0UlM0MlMkZpZnJhbWUlM0U=\u00bb][vc_empty_space height=\u00bb20px\u00bb][\/vc_column][\/vc_row][vc_row][vc_column][\/vc_column][\/vc_row][vc_row][vc_column width=\u00bb1\/2&#8243;][vc_column_text] Direcci\u00f3n: &nbsp;\" \/>\n<meta property=\"og:url\" content=\"https:\/\/www.feyalegria.org\/nicaragua\/contactanos\/\" \/>\n<meta property=\"og:site_name\" content=\"#SomosFeyAlegr\u00eda en Nicaragua\" \/>\n<meta property=\"article:modified_time\" content=\"2024-07-02T16:23:09+00:00\" \/>\n<meta name=\"twitter:card\" content=\"summary_large_image\" \/>\n<meta name=\"twitter:label1\" content=\"Tiempo de lectura\" \/>\n\t<meta name=\"twitter:data1\" content=\"2 minutos\" \/>\n<script type=\"application\/ld+json\" class=\"yoast-schema-graph\">{\"@context\":\"https:\/\/schema.org\",\"@graph\":[{\"@type\":\"WebPage\",\"@id\":\"https:\/\/www.feyalegria.org\/nicaragua\/contactanos\/\",\"url\":\"https:\/\/www.feyalegria.org\/nicaragua\/contactanos\/\",\"name\":\"Cont\u00e1ctanos - #SomosFeyAlegr\u00eda en Nicaragua\",\"isPartOf\":{\"@id\":\"https:\/\/www.feyalegria.org\/nicaragua\/#website\"},\"datePublished\":\"2024-07-02T15:57:39+00:00\",\"dateModified\":\"2024-07-02T16:23:09+00:00\",\"breadcrumb\":{\"@id\":\"https:\/\/www.feyalegria.org\/nicaragua\/contactanos\/#breadcrumb\"},\"inLanguage\":\"es\",\"potentialAction\":[{\"@type\":\"ReadAction\",\"target\":[\"https:\/\/www.feyalegria.org\/nicaragua\/contactanos\/\"]}]},{\"@type\":\"BreadcrumbList\",\"@id\":\"https:\/\/www.feyalegria.org\/nicaragua\/contactanos\/#breadcrumb\",\"itemListElement\":[{\"@type\":\"ListItem\",\"position\":1,\"name\":\"Home\",\"item\":\"https:\/\/www.feyalegria.org\/nicaragua\/\"},{\"@type\":\"ListItem\",\"position\":2,\"name\":\"Cont\u00e1ctanos\"}]},{\"@type\":\"WebSite\",\"@id\":\"https:\/\/www.feyalegria.org\/nicaragua\/#website\",\"url\":\"https:\/\/www.feyalegria.org\/nicaragua\/\",\"name\":\"#SomosFeyAlegr\u00eda en Nicaragua\",\"description\":\"Movimiento de Educaci\u00f3n Popular y Promoci\u00f3n Social\",\"publisher\":{\"@id\":\"https:\/\/www.feyalegria.org\/nicaragua\/#organization\"},\"potentialAction\":[{\"@type\":\"SearchAction\",\"target\":{\"@type\":\"EntryPoint\",\"urlTemplate\":\"https:\/\/www.feyalegria.org\/nicaragua\/?s={search_term_string}\"},\"query-input\":{\"@type\":\"PropertyValueSpecification\",\"valueRequired\":true,\"valueName\":\"search_term_string\"}}],\"inLanguage\":\"es\"},{\"@type\":\"Organization\",\"@id\":\"https:\/\/www.feyalegria.org\/nicaragua\/#organization\",\"name\":\"#SomosFeyAlegr\u00eda en Nicaragua\",\"url\":\"https:\/\/www.feyalegria.org\/nicaragua\/\",\"logo\":{\"@type\":\"ImageObject\",\"inLanguage\":\"es\",\"@id\":\"https:\/\/www.feyalegria.org\/nicaragua\/#\/schema\/logo\/image\/\",\"url\":\"https:\/\/d3pugrm67vf9n7.cloudfront.net\/wp-content\/uploads\/sites\/26\/2024\/04\/12160458\/cropped-logo_fya-.png\",\"contentUrl\":\"https:\/\/d3pugrm67vf9n7.cloudfront.net\/wp-content\/uploads\/sites\/26\/2024\/04\/12160458\/cropped-logo_fya-.png\",\"width\":512,\"height\":512,\"caption\":\"#SomosFeyAlegr\u00eda en Nicaragua\"},\"image\":{\"@id\":\"https:\/\/www.feyalegria.org\/nicaragua\/#\/schema\/logo\/image\/\"}}]}<\/script>\n<!-- \/ Yoast SEO plugin. -->","yoast_head_json":{"title":"Cont\u00e1ctanos - #SomosFeyAlegr\u00eda en Nicaragua","robots":{"index":"index","follow":"follow","max-snippet":"max-snippet:-1","max-image-preview":"max-image-preview:large","max-video-preview":"max-video-preview:-1"},"canonical":"https:\/\/www.feyalegria.org\/nicaragua\/contactanos\/","og_locale":"es_ES","og_type":"article","og_title":"Cont\u00e1ctanos - #SomosFeyAlegr\u00eda en Nicaragua","og_description":"[vc_row][vc_column][vc_column_text]Fe y Alegr\u00eda Nicaragua es una Asociaci\u00f3n sin Fines de Lucro. Somos un movimiento de Educaci\u00f3n Popular Integral y de Promoci\u00f3n Social, trabajamos con los sectores empobrecidos y excluidos, potenciando su desarrollo integral y participaci\u00f3n para la transformaci\u00f3n social.[\/vc_column_text][\/vc_column][\/vc_row][vc_row][vc_column width=\u00bb1\/3&#8243; alignment=\u00bbcenter\u00bb css=\u00bb.vc_custom_1616077790467{background-color: #f3f3f3 !important;border-radius: 10px !important;}\u00bb][vc_empty_space height=\u00bb20px\u00bb][\/vc_column][vc_column width=\u00bb2\/3&#8243; alignment=\u00bbcenter\u00bb][vc_empty_space height=\u00bb20px\u00bb][vc_gmaps link=\u00bb#E-8_JTNDaWZyYW1lJTIwc3JjJTNEJTIyaHR0cHMlM0ElMkYlMkZ3d3cuZ29vZ2xlLmNvbSUyRm1hcHMlMkZlbWJlZCUzRnBiJTNEJTIxMW0xNCUyMTFtOCUyMTFtMyUyMTFkMTU2MDIuNjA0MTI3NTAzOTU3JTIxMmQtODYuMjk0OTE2NyUyMTNkMTIuMTM2MDEyNCUyMTNtMiUyMTFpMTAyNCUyMTJpNzY4JTIxNGYxMy4xJTIxM20zJTIxMW0yJTIxMXMweDAlMjUzQTB4ZTQzNzY1ZjAwN2FlYmMyZCUyMTJzRmUlMjUyMHklMjUyMEFsZWdyJTI1QzMlMjVBRGElMjUyME5pY2FyYWd1YSUyMTVlMCUyMTNtMiUyMTFzZXMlMjEyc3ZlJTIxNHYxNjExNDM0MzgzODI0JTIxNW0yJTIxMXNlcyUyMTJzdmUlMjIlMjB3aWR0aCUzRCUyMjYwMCUyMiUyMGhlaWdodCUzRCUyMjQ1MCUyMiUyMGZyYW1lYm9yZGVyJTNEJTIyMCUyMiUyMHN0eWxlJTNEJTIyYm9yZGVyJTNBMCUzQiUyMiUyMGFsbG93ZnVsbHNjcmVlbiUzRCUyMiUyMiUyMGFyaWEtaGlkZGVuJTNEJTIyZmFsc2UlMjIlMjB0YWJpbmRleCUzRCUyMjAlMjIlM0UlM0MlMkZpZnJhbWUlM0U=\u00bb][vc_empty_space height=\u00bb20px\u00bb][\/vc_column][\/vc_row][vc_row][vc_column][\/vc_column][\/vc_row][vc_row][vc_column width=\u00bb1\/2&#8243;][vc_column_text] Direcci\u00f3n: &nbsp;","og_url":"https:\/\/www.feyalegria.org\/nicaragua\/contactanos\/","og_site_name":"#SomosFeyAlegr\u00eda en Nicaragua","article_modified_time":"2024-07-02T16:23:09+00:00","twitter_card":"summary_large_image","twitter_misc":{"Tiempo de lectura":"2 minutos"},"schema":{"@context":"https:\/\/schema.org","@graph":[{"@type":"WebPage","@id":"https:\/\/www.feyalegria.org\/nicaragua\/contactanos\/","url":"https:\/\/www.feyalegria.org\/nicaragua\/contactanos\/","name":"Cont\u00e1ctanos - #SomosFeyAlegr\u00eda en Nicaragua","isPartOf":{"@id":"https:\/\/www.feyalegria.org\/nicaragua\/#website"},"datePublished":"2024-07-02T15:57:39+00:00","dateModified":"2024-07-02T16:23:09+00:00","breadcrumb":{"@id":"https:\/\/www.feyalegria.org\/nicaragua\/contactanos\/#breadcrumb"},"inLanguage":"es","potentialAction":[{"@type":"ReadAction","target":["https:\/\/www.feyalegria.org\/nicaragua\/contactanos\/"]}]},{"@type":"BreadcrumbList","@id":"https:\/\/www.feyalegria.org\/nicaragua\/contactanos\/#breadcrumb","itemListElement":[{"@type":"ListItem","position":1,"name":"Home","item":"https:\/\/www.feyalegria.org\/nicaragua\/"},{"@type":"ListItem","position":2,"name":"Cont\u00e1ctanos"}]},{"@type":"WebSite","@id":"https:\/\/www.feyalegria.org\/nicaragua\/#website","url":"https:\/\/www.feyalegria.org\/nicaragua\/","name":"#SomosFeyAlegr\u00eda en Nicaragua","description":"Movimiento de Educaci\u00f3n Popular y Promoci\u00f3n Social","publisher":{"@id":"https:\/\/www.feyalegria.org\/nicaragua\/#organization"},"potentialAction":[{"@type":"SearchAction","target":{"@type":"EntryPoint","urlTemplate":"https:\/\/www.feyalegria.org\/nicaragua\/?s={search_term_string}"},"query-input":{"@type":"PropertyValueSpecification","valueRequired":true,"valueName":"search_term_string"}}],"inLanguage":"es"},{"@type":"Organization","@id":"https:\/\/www.feyalegria.org\/nicaragua\/#organization","name":"#SomosFeyAlegr\u00eda en Nicaragua","url":"https:\/\/www.feyalegria.org\/nicaragua\/","logo":{"@type":"ImageObject","inLanguage":"es","@id":"https:\/\/www.feyalegria.org\/nicaragua\/#\/schema\/logo\/image\/","url":"https:\/\/d3pugrm67vf9n7.cloudfront.net\/wp-content\/uploads\/sites\/26\/2024\/04\/12160458\/cropped-logo_fya-.png","contentUrl":"https:\/\/d3pugrm67vf9n7.cloudfront.net\/wp-content\/uploads\/sites\/26\/2024\/04\/12160458\/cropped-logo_fya-.png","width":512,"height":512,"caption":"#SomosFeyAlegr\u00eda en Nicaragua"},"image":{"@id":"https:\/\/www.feyalegria.org\/nicaragua\/#\/schema\/logo\/image\/"}}]}},"_links":{"self":[{"href":"https:\/\/www.feyalegria.org\/nicaragua\/wp-json\/wp\/v2\/pages\/2692","targetHints":{"allow":["GET"]}}],"collection":[{"href":"https:\/\/www.feyalegria.org\/nicaragua\/wp-json\/wp\/v2\/pages"}],"about":[{"href":"https:\/\/www.feyalegria.org\/nicaragua\/wp-json\/wp\/v2\/types\/page"}],"author":[{"embeddable":true,"href":"https:\/\/www.feyalegria.org\/nicaragua\/wp-json\/wp\/v2\/users\/2"}],"replies":[{"embeddable":true,"href":"https:\/\/www.feyalegria.org\/nicaragua\/wp-json\/wp\/v2\/comments?post=2692"}],"version-history":[{"count":0,"href":"https:\/\/www.feyalegria.org\/nicaragua\/wp-json\/wp\/v2\/pages\/2692\/revisions"}],"wp:attachment":[{"href":"https:\/\/www.feyalegria.org\/nicaragua\/wp-json\/wp\/v2\/media?parent=2692"}],"wp:term":[{"taxonomy":"folder","embeddable":true,"href":"https:\/\/www.feyalegria.org\/nicaragua\/wp-json\/wp\/v2\/folder?post=2692"}],"curies":[{"name":"wp","href":"https:\/\/api.w.org\/{rel}","templated":true}]}}