 {"id":2761,"date":"2024-07-02T10:57:39","date_gmt":"2024-07-02T15:57:39","guid":{"rendered":"https:\/\/www.feyalegria.org\/nicaragua\/?page_id=2761"},"modified":"2024-07-02T11:23:09","modified_gmt":"2024-07-02T16:23:09","slug":"nuestra-historia","status":"publish","type":"page","link":"https:\/\/www.feyalegria.org\/nicaragua\/nuestra-historia\/","title":{"rendered":"Nuestra historia"},"content":{"rendered":"<div class=\"wpb-content-wrapper\"><p>[vc_row enable_first_overlay=\u00bbtrue\u00bb first_overlay_opacity=\u00bb15&#8243;][vc_column]<div style=\"background-color:;height: 40px\" class=\"nicdark_section  \"><\/div>[vc_row_inner][vc_column_inner width=\u00bb1\/4&#8243;][vc_single_image image=\u00bb2759&#8243; img_size=\u00bbfull\u00bb add_caption=\u00bbyes\u00bb alignment=\u00bbcenter\u00bb][\/vc_column_inner][vc_column_inner width=\u00bb3\/4&#8243;][accordion_father active=\u00bb0&#8243;][accordion_son gradientbg=\u00bb\u00bb title=\u00bbUn hombre sensible y con vocaci\u00f3n\u00bb clr=\u00bb#aa0f16&#8243; bgclr=\u00bb#f3f3f3&#8243; borderclr=\u00bb#aa0f16&#8243;]<\/p>\n<p align=\"justify\">Todas las grandes obras nacen de procesos que han conmovido las fibras \u00edntimas del ser humano. Jos\u00e9 Mar\u00eda V\u00e9laz no es la excepci\u00f3n. Chileno de nacimiento y de familia espa\u00f1ola, siendo peque\u00f1o tuvo que partir con su madre a la pen\u00ednsula y all\u00ed su formaci\u00f3n estuvo ligada a los colegios de la Compa\u00f1\u00eda de Jes\u00fas.<\/p>\n<p align=\"justify\">En su juventud, luego de algunos a\u00f1os en la universidad, optar\u00eda por hacerse miembro de dicha Congregaci\u00f3n religiosa y desde entonces, al igual que el fundador de la orden (San Ignacio de Loyola), se har\u00eda un peregrino y constructor de esperanza. En 1946 fue destinado a Venezuela, cuando contaba con 36 a\u00f1os de vida y 18 de jesuita.<\/p>\n<p>[\/accordion_son][accordion_son gradientbg=\u00bb\u00bb title=\u00bbNaci\u00f3 Fe y Alegr\u00eda\u00bb clr=\u00bb#aa0f16&#8243; bgclr=\u00bb#f3f3f3&#8243; borderclr=\u00bb#aa0f16&#8243;]<\/p>\n<p align=\"justify\">La realidad latinoamericana muy pronto marcar\u00eda un nuevo itinerario en su misi\u00f3n. El contacto con la pobreza y las escandalosas condiciones de marginaci\u00f3n y exclusi\u00f3n de las mayor\u00edas del pa\u00eds lo interpelar\u00edan de manera definitiva. Cuando trabajaba en el Colegio San Jos\u00e9 de M\u00e9rida comenz\u00f3 a realizar los primeros experimentos, que finalmente apuntar\u00edan a la conformaci\u00f3n de una red de escuelas en las periferias de las ciudades y en el \u00e1rea rural.<\/p>\n<p align=\"justify\">Ser\u00eda en 1960 cuando esa red fue bautizada con el nombre de \u201cFe y Alegr\u00eda\u201d. Obviamente, las cr\u00f3nicas y relatos de los acontecimientos de ordinario tienen a exaltar la figura del h\u00e9roe. V\u00e9laz f\u00e1cilmente encaja en el perfil de prohombre y salvador de los desvalidos. No obstante, la labor de este jesuita fue la de canalizar las leg\u00edtimas demandas y anhelos de los pobres. As\u00ed mismo, no cabe duda que los contrastes con la poblaci\u00f3n m\u00e1s pudiente, tambi\u00e9n hicieron m\u00e1s sonoras las necesidades de miles de personas viviendo al margen de los ojos del Estado. Ni una sola de esas escuelas habr\u00eda sido posible sin la determinaci\u00f3n de los beneficiaros de llevar adelante el proyecto.<\/p>\n<p>[\/accordion_son][\/accordion_father][\/vc_column_inner][\/vc_row_inner]<div style=\"background-color:;height: 20px\" class=\"nicdark_section  \"><\/div>[vc_row_inner][vc_column_inner width=\u00bb3\/4&#8243;][accordion_father active=\u00bb0&#8243;][accordion_son gradientbg=\u00bb\u00bb clr=\u00bb#aa0f16&#8243; bgclr=\u00bb#f3f3f3&#8243; title=\u00bbLa confianza y la colaboraci\u00f3n de mucha gente\u00bb]<\/p>\n<p align=\"justify\">Todos esos padres y todos esos ni\u00f1os fueron los aut\u00e9nticos gestores de una de las obras educativas m\u00e1s importantes de Latinoam\u00e9rica y que hoy se extiende hacia otras latitudes del mundo. En efecto, en la memoria de esta apasionante historia se conserva el nombre de quien podr\u00edamos considerar el aut\u00e9ntico fundador de Fe y Alegr\u00eda, un obrero llamado Abrah\u00e1n Reyes. V\u00e9laz y su grupo de colaboradores recorr\u00edan los suburbios buscando un lugar donde instalar la primera escuela, hasta que se encontraron con este personaje.<\/p>\n<p>[\/accordion_son][accordion_son gradientbg=\u00bb\u00bb clr=\u00bb#aa0f16&#8243; bgclr=\u00bb#f3f3f3&#8243; title=\u00bbEl gesto de Abraham y Patricia Reyes\u00bb]<\/p>\n<p align=\"justify\">Se cuenta que Reyes y su esposa llevaban ocho largos a\u00f1os levantando los muros de su hogar y el d\u00eda que les hablaron de una escuela y de educaci\u00f3n para los ni\u00f1os entregaron esas paredes y ese techo sin mayor ceremonia que su propia felicidad. No hubo acto de inauguraci\u00f3n, tampoco una cinta roja con su mo\u00f1ito para ser cortada, ni placa conmemorativa.<\/p>\n<p align=\"justify\">El gesto de los Reyes s\u00f3lo fue el principio, pues otras familias se sumar\u00edan a la epopeya. La voluntad por salir del agujero, los deseos incontenibles de subvertir las condiciones de explotaci\u00f3n, la ganas de vencer al sistema y ser due\u00f1os al menos de la propia vida; dinamizaron cada uno de los pasos que hicieron posible a Fe y Alegr\u00eda. Un ej\u00e9rcito de hombres y mujeres, trabajadores y sacrificados, empe\u00f1ados en darles a sus hijos un ma\u00f1ana distinto y fundado en la superaci\u00f3n.<\/p>\n<p>[\/accordion_son][\/accordion_father][\/vc_column_inner][vc_column_inner width=\u00bb1\/4&#8243;][vc_single_image image=\u00bb2944&#8243; img_size=\u00bbfull\u00bb add_caption=\u00bbyes\u00bb alignment=\u00bbcenter\u00bb][\/vc_column_inner][\/vc_row_inner]<div style=\"background-color:;height: 20px\" class=\"nicdark_section  \"><\/div>[vc_row_inner][vc_column_inner width=\u00bb1\/4&#8243;][vc_single_image image=\u00bb2881&#8243; img_size=\u00bbfull\u00bb add_caption=\u00bbyes\u00bb alignment=\u00bbcenter\u00bb][\/vc_column_inner][vc_column_inner width=\u00bb3\/4&#8243;][accordion_father active=\u00bb0&#8243;][accordion_son gradientbg=\u00bb\u00bb title=\u00bbEn el camino se fueron sumando\u00bb clr=\u00bb#aa0f16&#8243; bgclr=\u00bb#f3f3f3&#8243; borderclr=\u00bb#aa0f16&#8243;]<\/p>\n<p align=\"justify\">V\u00e9laz, que hab\u00eda estado vinculado a la Universidad Cat\u00f3lica, conform\u00f3 junto a un grupo de universitarios el primer contingente de personas dispuestas a so\u00f1ar con la gente. \u00c9sta es la otra mitad de una historia con \u00e9xito. Nada es realmente posible y duradero si no se ha involucrado a la mayor cantidad de actores en una transformaci\u00f3n profunda de la realidad.<\/p>\n<p align=\"justify\">Los primeros a\u00f1os de Fe y Alegr\u00eda tendr\u00edan la virtud de convocar a todos quienes se dejaron afectar por las tareas de un servicio cristiano. Se\u00f1al aut\u00e9ntica de la concreci\u00f3n del Reino de Dios ahora y en medio de nosotros.<\/p>\n<p>[\/accordion_son][accordion_son gradientbg=\u00bb\u00bb title=\u00bbY el Movimiento Educativo lleg\u00f3 a otros pa\u00edses\u00bb clr=\u00bb#aa0f16&#8243; bgclr=\u00bb#f3f3f3&#8243; borderclr=\u00bb#aa0f16&#8243;]<\/p>\n<p align=\"justify\">En 1964 ya hab\u00eda 10 mil alumnos en Venezuela y la acogida de la experiencia permiti\u00f3 replicar el modelo en otros pa\u00edses con semejante respuesta. En un lapso de dos a\u00f1os Ecuador, Panam\u00e1, Per\u00fa, Bolivia, Centro Am\u00e9rica y Colombia se sumar\u00edan a la aventura.<\/p>\n<p align=\"justify\">De all\u00ed en adelante La experiencia continuar\u00eda creciendo y multiplicando las esperanzas en los rincones m\u00e1s secretos y profundos de Am\u00e9rica. De all\u00ed se acu\u00f1ar\u00eda una de las frases m\u00e1s c\u00e9lebres del movimiento educativo: \u201cFe y Alegr\u00eda comienza donde termina el asfalto, donde no gotea el agua potable, donde la cuidad pierde su nombre\u201d.<\/p>\n<p>[\/accordion_son][\/accordion_father][\/vc_column_inner][\/vc_row_inner]<div style=\"background-color:;height: 20px\" class=\"nicdark_section  \"><\/div>[vc_row_inner][vc_column_inner width=\u00bb3\/4&#8243;][accordion_father active=\u00bb0&#8243;][accordion_son gradientbg=\u00bb\u00bb clr=\u00bb#aa0f16&#8243; bgclr=\u00bb#f3f3f3&#8243; title=\u00bbEducaci\u00f3n de calidad para los m\u00e1s necesitados\u00bb]<\/p>\n<p align=\"justify\">De esta manera el movimiento defini\u00f3 su acci\u00f3n como una apuesta por la Educaci\u00f3n Popular Integral. Educaci\u00f3n para los m\u00e1s pobres y ante todo educaci\u00f3n de calidad. Es as\u00ed que Fe y Alegr\u00eda no quiere apenas ser un parche en un boquete gigante, ni un remiendo para maquillar una realidad desoladora.<\/p>\n<p align=\"justify\">El movimiento apost\u00f3 por dotar a la gente, que tiene menos oportunidades y recursos, de una educaci\u00f3n que les garantice a ellos mismos ser los protagonistas de la transformaci\u00f3n de la realidad. En la l\u00ednea de Freire, la educaci\u00f3n de Fe y Alegr\u00eda puede considerarse una educaci\u00f3n para la liberaci\u00f3n.<\/p>\n<p>[\/accordion_son][accordion_son gradientbg=\u00bb\u00bb clr=\u00bb#aa0f16&#8243; bgclr=\u00bb#f3f3f3&#8243; title=\u00bbUnidos en un solo coraz\u00f3n\u00bb]<\/p>\n<p align=\"justify\">Fe y Alegr\u00eda contin\u00faa siendo en nuestros d\u00edas un referente, particularmente en la educaci\u00f3n alternativa. Tras el nacimiento de la Federaci\u00f3n Internacional de Fe y Alegr\u00eda en 1987, comenz\u00f3 la tarea de consolidar un trabajo mucho m\u00e1s coordinado, marcando y manteniendo una l\u00ednea de acci\u00f3n com\u00fan.<\/p>\n<p align=\"justify\">La fidelidad a los or\u00edgenes es una premisa vital y desde esa perspectiva Fe y Alegr\u00eda contin\u00faa creciendo en el Mundo entero. En 1985 comenz\u00f3 el trabajo en Espa\u00f1a, en 2001 en Italia y en 2007 ingresa en el continente africano con la fundaci\u00f3n de Fe y Alegr\u00eda Chad. Son m\u00e1s de 22 pa\u00edses repartidos en tres continentes.<\/p>\n<p>[\/accordion_son][\/accordion_father][\/vc_column_inner][vc_column_inner width=\u00bb1\/4&#8243;][vc_single_image image=\u00bb2933&#8243; img_size=\u00bbfull\u00bb add_caption=\u00bbyes\u00bb alignment=\u00bbcenter\u00bb][\/vc_column_inner][\/vc_row_inner]<div style=\"background-color:;height: 20px\" class=\"nicdark_section  \"><\/div>[vc_row_inner][vc_column_inner width=\u00bb1\/4&#8243;][vc_single_image image=\u00bb2883&#8243; img_size=\u00bbfull\u00bb add_caption=\u00bbyes\u00bb alignment=\u00bbcenter\u00bb][\/vc_column_inner][vc_column_inner width=\u00bb3\/4&#8243;][accordion_father active=\u00bb0&#8243;][accordion_son gradientbg=\u00bb\u00bb title=\u00bbPor una educaci\u00f3n transformadora\u00bb clr=\u00bb#aa0f16&#8243; bgclr=\u00bb#f3f3f3&#8243; borderclr=\u00bb#aa0f16&#8243;]<\/p>\n<p align=\"justify\">A la obra se suma la participaci\u00f3n de 930 religiosas y religiosos, compartiendo junto a los jesuitas el empe\u00f1o por sacar adelante esta misi\u00f3n. Se trata de 60 a\u00f1os de esperanza y compromiso; un tiempo en que hemos visto muchos lugares transformarse alrededor de la escuela. Barrios sin alcantarillado, con calles de tierra, casas de ladrillo visto y miles de personas viviendo al margen de la vida; se fueron transformando en comunidades organizadas, con infraestructura urbana, con mejores condiciones econ\u00f3micas y, sobretodo, vemos gente llevando en su rostro las se\u00f1ales de la dignidad.<\/p>\n<p>[\/accordion_son][\/accordion_father][\/vc_column_inner][\/vc_row_inner]<div style=\"background-color:;height: 20px\" class=\"nicdark_section  \"><\/div>[\/vc_column][\/vc_row][vc_row][vc_column][vc_column_text]<\/p>\n<p>[\/vc_column_text][\/vc_column][\/vc_row]<\/p>\n<\/div>","protected":false},"excerpt":{"rendered":"<p>[vc_row enable_first_overlay=\u00bbtrue\u00bb first_overlay_opacity=\u00bb15&#8243;][vc_column][vc_row_inner][vc_column_inner width=\u00bb1\/4&#8243;][vc_single_image image=\u00bb2759&#8243; img_size=\u00bbfull\u00bb add_caption=\u00bbyes\u00bb alignment=\u00bbcenter\u00bb][\/vc_column_inner][vc_column_inner width=\u00bb3\/4&#8243;][accordion_father active=\u00bb0&#8243;][accordion_son gradientbg=\u00bb\u00bb title=\u00bbUn hombre sensible y con vocaci\u00f3n\u00bb clr=\u00bb#aa0f16&#8243; bgclr=\u00bb#f3f3f3&#8243; borderclr=\u00bb#aa0f16&#8243;] Todas las grandes obras nacen de procesos que han conmovido las fibras \u00edntimas del ser humano. Jos\u00e9 Mar\u00eda V\u00e9laz no es la excepci\u00f3n. Chileno de nacimiento y de familia espa\u00f1ola, siendo peque\u00f1o tuvo que partir<\/p>\n","protected":false},"author":2,"featured_media":0,"parent":0,"menu_order":0,"comment_status":"closed","ping_status":"closed","template":"","meta":{"_acf_changed":false,"footnotes":""},"folder":[],"class_list":["post-2761","page","type-page","status-publish","hentry"],"acf":[],"yoast_head":"<!-- This site is optimized with the Yoast SEO plugin v27.2 - https:\/\/yoast.com\/product\/yoast-seo-wordpress\/ -->\n<title>Nuestra historia - #SomosFeyAlegr\u00eda en Nicaragua<\/title>\n<meta name=\"robots\" content=\"index, follow, max-snippet:-1, max-image-preview:large, max-video-preview:-1\" \/>\n<link rel=\"canonical\" href=\"https:\/\/www.feyalegria.org\/nicaragua\/nuestra-historia\/\" \/>\n<meta property=\"og:locale\" content=\"es_ES\" \/>\n<meta property=\"og:type\" content=\"article\" \/>\n<meta property=\"og:title\" content=\"Nuestra historia - #SomosFeyAlegr\u00eda en Nicaragua\" \/>\n<meta property=\"og:description\" content=\"[vc_row enable_first_overlay=\u00bbtrue\u00bb first_overlay_opacity=\u00bb15&#8243;][vc_column][vc_row_inner][vc_column_inner width=\u00bb1\/4&#8243;][vc_single_image image=\u00bb2759&#8243; img_size=\u00bbfull\u00bb add_caption=\u00bbyes\u00bb alignment=\u00bbcenter\u00bb][\/vc_column_inner][vc_column_inner width=\u00bb3\/4&#8243;][accordion_father active=\u00bb0&#8243;][accordion_son gradientbg=\u00bb\u00bb title=\u00bbUn hombre sensible y con vocaci\u00f3n\u00bb clr=\u00bb#aa0f16&#8243; bgclr=\u00bb#f3f3f3&#8243; borderclr=\u00bb#aa0f16&#8243;] Todas las grandes obras nacen de procesos que han conmovido las fibras \u00edntimas del ser humano. Jos\u00e9 Mar\u00eda V\u00e9laz no es la excepci\u00f3n. Chileno de nacimiento y de familia espa\u00f1ola, siendo peque\u00f1o tuvo que partir\" \/>\n<meta property=\"og:url\" content=\"https:\/\/www.feyalegria.org\/nicaragua\/nuestra-historia\/\" \/>\n<meta property=\"og:site_name\" content=\"#SomosFeyAlegr\u00eda en Nicaragua\" \/>\n<meta property=\"article:modified_time\" content=\"2024-07-02T16:23:09+00:00\" \/>\n<meta name=\"twitter:card\" content=\"summary_large_image\" \/>\n<meta name=\"twitter:label1\" content=\"Tiempo de lectura\" \/>\n\t<meta name=\"twitter:data1\" content=\"8 minutos\" \/>\n<script type=\"application\/ld+json\" class=\"yoast-schema-graph\">{\"@context\":\"https:\/\/schema.org\",\"@graph\":[{\"@type\":\"WebPage\",\"@id\":\"https:\/\/www.feyalegria.org\/nicaragua\/nuestra-historia\/\",\"url\":\"https:\/\/www.feyalegria.org\/nicaragua\/nuestra-historia\/\",\"name\":\"Nuestra historia - #SomosFeyAlegr\u00eda en Nicaragua\",\"isPartOf\":{\"@id\":\"https:\/\/www.feyalegria.org\/nicaragua\/#website\"},\"datePublished\":\"2024-07-02T15:57:39+00:00\",\"dateModified\":\"2024-07-02T16:23:09+00:00\",\"breadcrumb\":{\"@id\":\"https:\/\/www.feyalegria.org\/nicaragua\/nuestra-historia\/#breadcrumb\"},\"inLanguage\":\"es\",\"potentialAction\":[{\"@type\":\"ReadAction\",\"target\":[\"https:\/\/www.feyalegria.org\/nicaragua\/nuestra-historia\/\"]}]},{\"@type\":\"BreadcrumbList\",\"@id\":\"https:\/\/www.feyalegria.org\/nicaragua\/nuestra-historia\/#breadcrumb\",\"itemListElement\":[{\"@type\":\"ListItem\",\"position\":1,\"name\":\"Home\",\"item\":\"https:\/\/www.feyalegria.org\/nicaragua\/\"},{\"@type\":\"ListItem\",\"position\":2,\"name\":\"Nuestra historia\"}]},{\"@type\":\"WebSite\",\"@id\":\"https:\/\/www.feyalegria.org\/nicaragua\/#website\",\"url\":\"https:\/\/www.feyalegria.org\/nicaragua\/\",\"name\":\"#SomosFeyAlegr\u00eda en Nicaragua\",\"description\":\"Movimiento de Educaci\u00f3n Popular y Promoci\u00f3n Social\",\"publisher\":{\"@id\":\"https:\/\/www.feyalegria.org\/nicaragua\/#organization\"},\"potentialAction\":[{\"@type\":\"SearchAction\",\"target\":{\"@type\":\"EntryPoint\",\"urlTemplate\":\"https:\/\/www.feyalegria.org\/nicaragua\/?s={search_term_string}\"},\"query-input\":{\"@type\":\"PropertyValueSpecification\",\"valueRequired\":true,\"valueName\":\"search_term_string\"}}],\"inLanguage\":\"es\"},{\"@type\":\"Organization\",\"@id\":\"https:\/\/www.feyalegria.org\/nicaragua\/#organization\",\"name\":\"#SomosFeyAlegr\u00eda en Nicaragua\",\"url\":\"https:\/\/www.feyalegria.org\/nicaragua\/\",\"logo\":{\"@type\":\"ImageObject\",\"inLanguage\":\"es\",\"@id\":\"https:\/\/www.feyalegria.org\/nicaragua\/#\/schema\/logo\/image\/\",\"url\":\"https:\/\/d3pugrm67vf9n7.cloudfront.net\/wp-content\/uploads\/sites\/26\/2024\/04\/12160458\/cropped-logo_fya-.png\",\"contentUrl\":\"https:\/\/d3pugrm67vf9n7.cloudfront.net\/wp-content\/uploads\/sites\/26\/2024\/04\/12160458\/cropped-logo_fya-.png\",\"width\":512,\"height\":512,\"caption\":\"#SomosFeyAlegr\u00eda en Nicaragua\"},\"image\":{\"@id\":\"https:\/\/www.feyalegria.org\/nicaragua\/#\/schema\/logo\/image\/\"}}]}<\/script>\n<!-- \/ Yoast SEO plugin. -->","yoast_head_json":{"title":"Nuestra historia - #SomosFeyAlegr\u00eda en Nicaragua","robots":{"index":"index","follow":"follow","max-snippet":"max-snippet:-1","max-image-preview":"max-image-preview:large","max-video-preview":"max-video-preview:-1"},"canonical":"https:\/\/www.feyalegria.org\/nicaragua\/nuestra-historia\/","og_locale":"es_ES","og_type":"article","og_title":"Nuestra historia - #SomosFeyAlegr\u00eda en Nicaragua","og_description":"[vc_row enable_first_overlay=\u00bbtrue\u00bb first_overlay_opacity=\u00bb15&#8243;][vc_column][vc_row_inner][vc_column_inner width=\u00bb1\/4&#8243;][vc_single_image image=\u00bb2759&#8243; img_size=\u00bbfull\u00bb add_caption=\u00bbyes\u00bb alignment=\u00bbcenter\u00bb][\/vc_column_inner][vc_column_inner width=\u00bb3\/4&#8243;][accordion_father active=\u00bb0&#8243;][accordion_son gradientbg=\u00bb\u00bb title=\u00bbUn hombre sensible y con vocaci\u00f3n\u00bb clr=\u00bb#aa0f16&#8243; bgclr=\u00bb#f3f3f3&#8243; borderclr=\u00bb#aa0f16&#8243;] Todas las grandes obras nacen de procesos que han conmovido las fibras \u00edntimas del ser humano. Jos\u00e9 Mar\u00eda V\u00e9laz no es la excepci\u00f3n. Chileno de nacimiento y de familia espa\u00f1ola, siendo peque\u00f1o tuvo que partir","og_url":"https:\/\/www.feyalegria.org\/nicaragua\/nuestra-historia\/","og_site_name":"#SomosFeyAlegr\u00eda en Nicaragua","article_modified_time":"2024-07-02T16:23:09+00:00","twitter_card":"summary_large_image","twitter_misc":{"Tiempo de lectura":"8 minutos"},"schema":{"@context":"https:\/\/schema.org","@graph":[{"@type":"WebPage","@id":"https:\/\/www.feyalegria.org\/nicaragua\/nuestra-historia\/","url":"https:\/\/www.feyalegria.org\/nicaragua\/nuestra-historia\/","name":"Nuestra historia - #SomosFeyAlegr\u00eda en Nicaragua","isPartOf":{"@id":"https:\/\/www.feyalegria.org\/nicaragua\/#website"},"datePublished":"2024-07-02T15:57:39+00:00","dateModified":"2024-07-02T16:23:09+00:00","breadcrumb":{"@id":"https:\/\/www.feyalegria.org\/nicaragua\/nuestra-historia\/#breadcrumb"},"inLanguage":"es","potentialAction":[{"@type":"ReadAction","target":["https:\/\/www.feyalegria.org\/nicaragua\/nuestra-historia\/"]}]},{"@type":"BreadcrumbList","@id":"https:\/\/www.feyalegria.org\/nicaragua\/nuestra-historia\/#breadcrumb","itemListElement":[{"@type":"ListItem","position":1,"name":"Home","item":"https:\/\/www.feyalegria.org\/nicaragua\/"},{"@type":"ListItem","position":2,"name":"Nuestra historia"}]},{"@type":"WebSite","@id":"https:\/\/www.feyalegria.org\/nicaragua\/#website","url":"https:\/\/www.feyalegria.org\/nicaragua\/","name":"#SomosFeyAlegr\u00eda en Nicaragua","description":"Movimiento de Educaci\u00f3n Popular y Promoci\u00f3n Social","publisher":{"@id":"https:\/\/www.feyalegria.org\/nicaragua\/#organization"},"potentialAction":[{"@type":"SearchAction","target":{"@type":"EntryPoint","urlTemplate":"https:\/\/www.feyalegria.org\/nicaragua\/?s={search_term_string}"},"query-input":{"@type":"PropertyValueSpecification","valueRequired":true,"valueName":"search_term_string"}}],"inLanguage":"es"},{"@type":"Organization","@id":"https:\/\/www.feyalegria.org\/nicaragua\/#organization","name":"#SomosFeyAlegr\u00eda en Nicaragua","url":"https:\/\/www.feyalegria.org\/nicaragua\/","logo":{"@type":"ImageObject","inLanguage":"es","@id":"https:\/\/www.feyalegria.org\/nicaragua\/#\/schema\/logo\/image\/","url":"https:\/\/d3pugrm67vf9n7.cloudfront.net\/wp-content\/uploads\/sites\/26\/2024\/04\/12160458\/cropped-logo_fya-.png","contentUrl":"https:\/\/d3pugrm67vf9n7.cloudfront.net\/wp-content\/uploads\/sites\/26\/2024\/04\/12160458\/cropped-logo_fya-.png","width":512,"height":512,"caption":"#SomosFeyAlegr\u00eda en Nicaragua"},"image":{"@id":"https:\/\/www.feyalegria.org\/nicaragua\/#\/schema\/logo\/image\/"}}]}},"_links":{"self":[{"href":"https:\/\/www.feyalegria.org\/nicaragua\/wp-json\/wp\/v2\/pages\/2761","targetHints":{"allow":["GET"]}}],"collection":[{"href":"https:\/\/www.feyalegria.org\/nicaragua\/wp-json\/wp\/v2\/pages"}],"about":[{"href":"https:\/\/www.feyalegria.org\/nicaragua\/wp-json\/wp\/v2\/types\/page"}],"author":[{"embeddable":true,"href":"https:\/\/www.feyalegria.org\/nicaragua\/wp-json\/wp\/v2\/users\/2"}],"replies":[{"embeddable":true,"href":"https:\/\/www.feyalegria.org\/nicaragua\/wp-json\/wp\/v2\/comments?post=2761"}],"version-history":[{"count":0,"href":"https:\/\/www.feyalegria.org\/nicaragua\/wp-json\/wp\/v2\/pages\/2761\/revisions"}],"wp:attachment":[{"href":"https:\/\/www.feyalegria.org\/nicaragua\/wp-json\/wp\/v2\/media?parent=2761"}],"wp:term":[{"taxonomy":"folder","embeddable":true,"href":"https:\/\/www.feyalegria.org\/nicaragua\/wp-json\/wp\/v2\/folder?post=2761"}],"curies":[{"name":"wp","href":"https:\/\/api.w.org\/{rel}","templated":true}]}}