 {"id":1250,"date":"2020-08-12T20:17:54","date_gmt":"2020-08-12T20:17:54","guid":{"rendered":"https:\/\/www.feyalegria.org\/panama\/?page_id=1250"},"modified":"2020-12-10T01:50:59","modified_gmt":"2020-12-10T01:50:59","slug":"decalogo","status":"publish","type":"page","link":"https:\/\/www.feyalegria.org\/panama\/decalogo\/","title":{"rendered":"Dec\u00e1logo"},"content":{"rendered":"<div class=\"wpb-content-wrapper\"><p>[vc_row][vc_column width=\u00bb5\/6&#8243;][vc_column_text]<\/p>\n<h1 style=\"text-align:justify\">Nuestro dec\u00e1logo por la educaci\u00f3n<\/h1>\n<p>[\/vc_column_text][\/vc_column][vc_column width=\u00bb1\/6&#8243; css=\u00bb.vc_custom_1607564282040{margin-top: -80px !important;}\u00bb]\n    <div style=\"text-align:right\" class=\"nd_options_section\">\n      <img decoding=\"async\" alt=\"\" style=\"width:150px\" class=\" nd_options_margin_0 nd_options_padding_0 \" src=\"https:\/\/d3pugrm67vf9n7.cloudfront.net\/wp-content\/uploads\/sites\/24\/2020\/12\/10004313\/icono-nace-la-fe.png\">\n    <\/div>\n   [\/vc_column][\/vc_row][vc_row][vc_column][vc_row_inner css=\u00bb.vc_custom_1607563916273{background-color: #f3f3f3 !important;}\u00bb][vc_column_inner width=\u00bb1\/4&#8243;]\n    <div style=\"text-align:center\" class=\"nd_options_section\">\n      <img decoding=\"async\" alt=\"\" style=\"width:110px\" class=\" nd_options_margin_0 nd_options_padding_0 \" src=\"https:\/\/d3pugrm67vf9n7.cloudfront.net\/wp-content\/uploads\/sites\/24\/2020\/12\/10004313\/icono-nace-la-fe.png\">\n    <\/div>\n   [vc_column_text]<\/p>\n<h3 style=\"text-align: center\">1. Nuestro proyecto nace de la FE<\/h3>\n<p>[\/vc_column_text][\/vc_column_inner][vc_column_inner width=\u00bb3\/4&#8243;][vc_column_text css=\u00bb.vc_custom_1607563732509{padding-right: 40px !important;}\u00bb]<\/p>\n<p style=\"text-align: justify\">Nuestro proyecto nace de las experiencias de Fe en Jes\u00fas de Nazaret y de su invitaci\u00f3n a construir el Reino de Dios y su Justicia, especialmente en las realidades de pobreza y exclusi\u00f3n, respetando y dialogando con otras expresiones religiosas y culturales. Estas experiencias de Fe nos conducen, adem\u00e1s, a creer en la capacidad de todas las personas, sin discriminaci\u00f3n alguna, para transformar la realidad y construir un mundo mejor.<\/p>\n<p>[\/vc_column_text][\/vc_column_inner][\/vc_row_inner][vc_row_inner][vc_column_inner width=\u00bb1\/4&#8243;]\n    <div style=\"text-align:center\" class=\"nd_options_section\">\n      <img decoding=\"async\" alt=\"\" style=\"width:110px\" class=\" nd_options_margin_0 nd_options_padding_0 \" src=\"https:\/\/d3pugrm67vf9n7.cloudfront.net\/wp-content\/uploads\/sites\/24\/2020\/12\/10004209\/icono-alegria-como-actitud.png\">\n    <\/div>\n   [vc_column_text]<\/p>\n<h3 style=\"text-align: center\">2. Con la ALEGR\u00cdA como actitud<\/span><\/h3>\n<p>[\/vc_column_text][\/vc_column_inner][vc_column_inner width=\u00bb3\/4&#8243;][vc_column_text css=\u00bb.vc_custom_1607564069548{padding-right: 40px !important;}\u00bb]<\/p>\n<p style=\"text-align: justify\">Nuestra alegr\u00eda se fortalece en el encuentro con los empobrecidos y excluidos y en el compromiso por la transformaci\u00f3n personal y social que surge de la experiencia liberadora de la Fe en Jes\u00fas. Nuestro Movimiento no nace de una doctrina o una ideolog\u00eda sino precisamente de estas experiencias de Fe y de Alegr\u00eda. Adoptamos por tanto una pedagog\u00eda alegre y liberadora.<\/p>\n<p>[\/vc_column_text][\/vc_column_inner][\/vc_row_inner][vc_row_inner css=\u00bb.vc_custom_1607563916273{background-color: #f3f3f3 !important;}\u00bb][vc_column_inner width=\u00bb1\/4&#8243;]\n    <div style=\"text-align:center\" class=\"nd_options_section\">\n      <img decoding=\"async\" alt=\"\" style=\"width:110px\" class=\" nd_options_margin_0 nd_options_padding_0 \" src=\"https:\/\/d3pugrm67vf9n7.cloudfront.net\/wp-content\/uploads\/sites\/24\/2020\/12\/10004407\/icono-siempre-en-movimiento.png\">\n    <\/div>\n   [vc_column_text]<\/p>\n<h3 style=\"text-align: center\">3. Siempre en MOVIMIENTO<\/span><\/h3>\n<p>[\/vc_column_text][\/vc_column_inner][vc_column_inner width=\u00bb3\/4&#8243;][vc_column_text css=\u00bb.vc_custom_1598905928933{padding-right: 40px !important;}\u00bb]<\/p>\n<p style=\"text-align: justify\">Fe y Alegr\u00eda transmite a la sociedad la apremiante necesidad de trabajar juntos y juntas para erradicar la pobreza, la desigualdad, la injusticia y el sufrimiento de las personas excluidas y empobrecidas. Es este sentido de urgencia el que nos llena de audacia y creatividad, el que nos lleva continuamente a releer el contexto y nuestra propia identidad, conduci\u00e9ndonos m\u00e1s all\u00e1 de los l\u00edmites y las fronteras. Para promover el emprendimiento y la creatividad, Fe y Alegr\u00eda valora y potencia la autonom\u00eda funcional de los pa\u00edses y de los centros educativos, desencadenando as\u00ed la iniciativa de la gente.<\/p>\n<p>[\/vc_column_text][\/vc_column_inner][\/vc_row_inner][vc_row_inner][vc_column_inner width=\u00bb1\/4&#8243;]\n    <div style=\"text-align:center\" class=\"nd_options_section\">\n      <img decoding=\"async\" alt=\"\" style=\"width:110px\" class=\" nd_options_margin_0 nd_options_padding_0 \" src=\"https:\/\/d3pugrm67vf9n7.cloudfront.net\/wp-content\/uploads\/sites\/24\/2020\/12\/10004254\/icono-educamos.png\">\n    <\/div>\n   [vc_column_text]<\/p>\n<h3 style=\"text-align: center\">4. EDUCAMOS<\/span><\/h3>\n<p>[\/vc_column_text][\/vc_column_inner][vc_column_inner width=\u00bb3\/4&#8243;][vc_column_text css=\u00bb.vc_custom_1600446753436{padding-right: 40px !important;}\u00bb]<\/p>\n<p style=\"text-align: justify\">Todas nuestras acciones socioeducativas promueven la formaci\u00f3n de personas nuevas, conscientes de sus potencialidades y de la realidad que las rodea, abiertas a la transcendencia, agentes de cambio, protagonistas de su propio desarrollo y promotoras de relaciones respetuosas con los dem\u00e1s, con las comunidades y con la creaci\u00f3n. Por ellas creemos en la educaci\u00f3n como un derecho para todos y todas a lo largo de toda la vida y promovemos una educaci\u00f3n popular, inclusiva y de 4calidad para construir una sociedad m\u00e1s equitativa, justa y sostenible.<\/p>\n<p>[\/vc_column_text][\/vc_column_inner][\/vc_row_inner][vc_row_inner css=\u00bb.vc_custom_1607563916273{background-color: #f3f3f3 !important;}\u00bb][vc_column_inner width=\u00bb1\/4&#8243;]\n    <div style=\"text-align:center\" class=\"nd_options_section\">\n      <img decoding=\"async\" alt=\"\" style=\"width:110px\" class=\" nd_options_margin_0 nd_options_padding_0 \" src=\"https:\/\/d3pugrm67vf9n7.cloudfront.net\/wp-content\/uploads\/sites\/24\/2020\/12\/10004416\/icono-somos-educacion-popular.png\">\n    <\/div>\n   [vc_column_text]<\/p>\n<h3 style=\"text-align: center\">5. Somos EDUCACI\u00d3N POPULAR<\/span><\/h3>\n<p>[\/vc_column_text][\/vc_column_inner][vc_column_inner width=\u00bb3\/4&#8243;][vc_column_text css=\u00bb.vc_custom_1607564558682{padding-right: 40px !important;}\u00bb]<\/p>\n<p style=\"text-align: justify\">Somos Educaci\u00f3n Popular, ante todo, porque promovemos una propuesta \u00e9tica, pol\u00edtica, pedag\u00f3gica y epistemol\u00f3gica para la transformaci\u00f3n social. Procuramos permanentemente conocer la realidad local, nacional y global con una mirada cr\u00edtica, construyendo y mejorando nuestras pr\u00e1cticas. Valoramos y revitalizamos 5las culturas y experiencias populares en Todo nuestro hacer.<\/p>\n<p>[\/vc_column_text][\/vc_column_inner][\/vc_row_inner][vc_row_inner][vc_column_inner width=\u00bb1\/4&#8243;]\n    <div style=\"text-align:center\" class=\"nd_options_section\">\n      <img decoding=\"async\" alt=\"\" style=\"width:110px\" class=\" nd_options_margin_0 nd_options_padding_0 \" src=\"https:\/\/d3pugrm67vf9n7.cloudfront.net\/wp-content\/uploads\/sites\/24\/2020\/12\/10004429\/icono-somos-promocion-social.png\">\n    <\/div>\n   [vc_column_text]<\/p>\n<h3 style=\"text-align: center\">6. Somos PROMOCI\u00d3N SOCIAL<\/span><\/h3>\n<p>[\/vc_column_text][\/vc_column_inner][vc_column_inner width=\u00bb3\/4&#8243;][vc_column_text css=\u00bb.vc_custom_1607564997067{padding-right: 40px !important;}\u00bb]<\/p>\n<p style=\"text-align: justify\">Creemos en la dignidad de las personas y de las comunidades. Participamos solidariamente con educadores, educadoras, educandos, familias y otros actores comunitarios en la vida, problemas y soluciones de la comunidad. Promovemos una relaci\u00f3n arm\u00f3nica y sostenible de la comunidad con su ambiente natural. Trabajamos por tanto con, desde y para la comunidad, desarrollando sus capacidades y buscando modelos de desarrollo alternativos para generar procesos de transformaci\u00f3n social.<\/p>\n<p>[\/vc_column_text][\/vc_column_inner][\/vc_row_inner][vc_row_inner css=\u00bb.vc_custom_1607563916273{background-color: #f3f3f3 !important;}\u00bb][vc_column_inner width=\u00bb1\/4&#8243;]\n    <div style=\"text-align:center\" class=\"nd_options_section\">\n      <img decoding=\"async\" alt=\"\" style=\"width:110px\" class=\" nd_options_margin_0 nd_options_padding_0 \" src=\"https:\/\/d3pugrm67vf9n7.cloudfront.net\/wp-content\/uploads\/sites\/24\/2020\/12\/10004318\/icono-nos-comprometemos.png\">\n    <\/div>\n   [vc_column_text]<\/p>\n<h3 style=\"text-align: center\">7. Nos COMPROMETEMOS<\/span><\/h3>\n<p>[\/vc_column_text][\/vc_column_inner][vc_column_inner width=\u00bb3\/4&#8243;][vc_column_text css=\u00bb.vc_custom_1607466493380{padding-right: 40px !important;}\u00bb]<\/p>\n<p style=\"text-align: justify\">Nuestro compromiso es una opci\u00f3n que nace de unas experiencias de Fe en Jes\u00fas de Nazaret que nos conducen a amar, a trabajar por la justicia, a la defensa de los derechos humanos y a comprometernos decididamente por la transformaci\u00f3n social y por la construcci\u00f3n del Reino de Dios. Nos preocupamos por la motivaci\u00f3n y formaci\u00f3n permanentes de todas y todos los miembros de Fe y Alegr\u00eda porque requerimos de la presencia y acci\u00f3n de personas comprometidas, apasionadas y con actitud de servicio.<\/p>\n<p>[\/vc_column_text][\/vc_column_inner][\/vc_row_inner][vc_row_inner][vc_column_inner width=\u00bb1\/4&#8243;]\n    <div style=\"text-align:center\" class=\"nd_options_section\">\n      <img decoding=\"async\" alt=\"\" style=\"width:110px\" class=\" nd_options_margin_0 nd_options_padding_0 \" src=\"https:\/\/d3pugrm67vf9n7.cloudfront.net\/wp-content\/uploads\/sites\/24\/2020\/12\/10004359\/icono-sectores-excluidos.png\">\n    <\/div>\n   [vc_column_text]<\/p>\n<h3 style=\"text-align: center\">8. Optamos por los Sectores EXCLUIDOS<\/h3>\n<p>[\/vc_column_text][\/vc_column_inner][vc_column_inner width=\u00bb3\/4&#8243;][vc_column_text css=\u00bb.vc_custom_1607564778674{padding-right: 40px !important;}\u00bb]<\/p>\n<p style=\"text-align: justify\">Hacemos una clara opci\u00f3n por los sectores de la sociedad que sufren pobreza y mayor exclusi\u00f3n. Trabajamos para empoderar a todas aquellas personas que se les niega el ejercicio de sus derechos. Esta opci\u00f3n es irrenunciable. Ellas ser\u00e1n siempre el centro de nuestro actuar.<\/p>\n<p>[\/vc_column_text][\/vc_column_inner][\/vc_row_inner][vc_row_inner css=\u00bb.vc_custom_1607563916273{background-color: #f3f3f3 !important;}\u00bb][vc_column_inner width=\u00bb1\/4&#8243;]\n    <div style=\"text-align:center\" class=\"nd_options_section\">\n      <img decoding=\"async\" alt=\"\" style=\"width:110px\" class=\" nd_options_margin_0 nd_options_padding_0 \" src=\"https:\/\/d3pugrm67vf9n7.cloudfront.net\/wp-content\/uploads\/sites\/24\/2020\/12\/10004450\/icono-trabajamos-justicia-paz.png\">\n    <\/div>\n   [vc_column_text]<\/p>\n<h3 style=\"text-align: center\">9. Trabajamos por la JUSTICIA y la PAZ<\/span><\/h3>\n<p>[\/vc_column_text][\/vc_column_inner][vc_column_inner width=\u00bb3\/4&#8243;][vc_column_text css=\u00bb.vc_custom_1598906214501{padding-right: 40px !important;}\u00bb]<\/p>\n<p style=\"text-align: justify\">Reflexionamos sobre las causas que originan las situaciones de injusticia. Nos comunicamos con la sociedad y la sensibilizamos, incidiendo ante instancias nacionales e internacionales desde el convencimiento de que es responsabilidad de todos y todas, la creaci\u00f3n de nuevas estructuras que hagan posible un mundo m\u00e1s humanizado en el que se reduzca la brecha de la inequidad. Nuestra lucha por la justicia comienza por defender el derecho a una educaci\u00f3n de calidad como un bien p\u00fablico y por impulsar la universalizaci\u00f3n de la educaci\u00f3n p\u00fablica y gratuita como deber de todos los Estados. Promovemos tambi\u00e9n la dignificaci\u00f3n de la vocaci\u00f3n del educador y la educadora.<\/p>\n<p>[\/vc_column_text][\/vc_column_inner][\/vc_row_inner][vc_row_inner][vc_column_inner width=\u00bb1\/4&#8243;]\n    <div style=\"text-align:center\" class=\"nd_options_section\">\n      <img decoding=\"async\" alt=\"\" style=\"width:110px\" class=\" nd_options_margin_0 nd_options_padding_0 \" src=\"https:\/\/d3pugrm67vf9n7.cloudfront.net\/wp-content\/uploads\/sites\/24\/2020\/12\/10004411\/icono-sociedad-fraterna.png\">\n    <\/div>\n   [vc_column_text]<\/p>\n<h3 style=\"text-align: center\">10. Construimos una SOCIEDAD FRATERNA y DEMOCR\u00c1TICA<\/span><\/h3>\n<p>[\/vc_column_text][\/vc_column_inner][vc_column_inner width=\u00bb3\/4&#8243;][vc_column_text css=\u00bb.vc_custom_1607564984658{padding-right: 40px !important;}\u00bb]<\/p>\n<p style=\"text-align: justify\">Creemos en la dignidad de las personas y de las comunidades. Trabajamos en alianzas con movimientos sociales, gobiernos, instituciones, congregaciones religiosas, empresas y otras organizaciones sociales. Creamos sinergias para defender la educaci\u00f3n como un derecho universal y como bien p\u00fablico con un horizonte de transformaci\u00f3n social que posibilite una vida digna. Construimos una nueva sociedad tejida de relaciones de fraternidad, libre de toda violencia, en paz con la naturaleza y democr\u00e1tica.<\/p>\n<p>[\/vc_column_text][\/vc_column_inner][\/vc_row_inner][\/vc_column][\/vc_row][vc_row][vc_column][vc_empty_space height=\u00bb50px\u00bb][\/vc_column][\/vc_row]<\/p>\n<\/div>","protected":false},"excerpt":{"rendered":"<p>[vc_row][vc_column width=\u00bb5\/6&#8243;][vc_column_text] Nuestro dec\u00e1logo por la educaci\u00f3n [\/vc_column_text][\/vc_column][vc_column width=\u00bb1\/6&#8243; css=\u00bb.vc_custom_1607564282040{margin-top: -80px !important;}\u00bb][\/vc_column][\/vc_row][vc_row][vc_column][vc_row_inner css=\u00bb.vc_custom_1607563916273{background-color: #f3f3f3 !important;}\u00bb][vc_column_inner width=\u00bb1\/4&#8243;][vc_column_text] 1. Nuestro proyecto nace de la FE [\/vc_column_text][\/vc_column_inner][vc_column_inner width=\u00bb3\/4&#8243;][vc_column_text css=\u00bb.vc_custom_1607563732509{padding-right: 40px !important;}\u00bb] Nuestro proyecto nace de las experiencias de Fe en Jes\u00fas de Nazaret y de su invitaci\u00f3n a construir el Reino de Dios y su Justicia, especialmente en<\/p>\n","protected":false},"author":19,"featured_media":0,"parent":0,"menu_order":0,"comment_status":"closed","ping_status":"closed","template":"","meta":{"_acf_changed":false,"footnotes":""},"folder":[],"class_list":["post-1250","page","type-page","status-publish","hentry"],"acf":[],"yoast_head":"<!-- This site is optimized with the Yoast SEO plugin v27.2 - https:\/\/yoast.com\/product\/yoast-seo-wordpress\/ -->\n<title>Dec\u00e1logo - #SomosFeyAlegria en Panam\u00e1<\/title>\n<meta name=\"robots\" content=\"index, follow, max-snippet:-1, max-image-preview:large, max-video-preview:-1\" \/>\n<link rel=\"canonical\" href=\"https:\/\/www.feyalegria.org\/panama\/decalogo\/\" \/>\n<meta property=\"og:locale\" content=\"es_ES\" \/>\n<meta property=\"og:type\" content=\"article\" \/>\n<meta property=\"og:title\" content=\"Dec\u00e1logo - #SomosFeyAlegria en Panam\u00e1\" \/>\n<meta property=\"og:description\" content=\"[vc_row][vc_column width=\u00bb5\/6&#8243;][vc_column_text] Nuestro dec\u00e1logo por la educaci\u00f3n [\/vc_column_text][\/vc_column][vc_column width=\u00bb1\/6&#8243; css=\u00bb.vc_custom_1607564282040{margin-top: -80px !important;}\u00bb][\/vc_column][\/vc_row][vc_row][vc_column][vc_row_inner css=\u00bb.vc_custom_1607563916273{background-color: #f3f3f3 !important;}\u00bb][vc_column_inner width=\u00bb1\/4&#8243;][vc_column_text] 1. Nuestro proyecto nace de la FE [\/vc_column_text][\/vc_column_inner][vc_column_inner width=\u00bb3\/4&#8243;][vc_column_text css=\u00bb.vc_custom_1607563732509{padding-right: 40px !important;}\u00bb] Nuestro proyecto nace de las experiencias de Fe en Jes\u00fas de Nazaret y de su invitaci\u00f3n a construir el Reino de Dios y su Justicia, especialmente en\" \/>\n<meta property=\"og:url\" content=\"https:\/\/www.feyalegria.org\/panama\/decalogo\/\" \/>\n<meta property=\"og:site_name\" content=\"#SomosFeyAlegria en Panam\u00e1\" \/>\n<meta property=\"article:modified_time\" content=\"2020-12-10T01:50:59+00:00\" \/>\n<meta name=\"twitter:card\" content=\"summary_large_image\" \/>\n<meta name=\"twitter:label1\" content=\"Tiempo de lectura\" \/>\n\t<meta name=\"twitter:data1\" content=\"7 minutos\" \/>\n<script type=\"application\/ld+json\" class=\"yoast-schema-graph\">{\"@context\":\"https:\/\/schema.org\",\"@graph\":[{\"@type\":\"WebPage\",\"@id\":\"https:\/\/www.feyalegria.org\/panama\/decalogo\/\",\"url\":\"https:\/\/www.feyalegria.org\/panama\/decalogo\/\",\"name\":\"Dec\u00e1logo - #SomosFeyAlegria en Panam\u00e1\",\"isPartOf\":{\"@id\":\"https:\/\/www.feyalegria.org\/panama\/#website\"},\"datePublished\":\"2020-08-12T20:17:54+00:00\",\"dateModified\":\"2020-12-10T01:50:59+00:00\",\"breadcrumb\":{\"@id\":\"https:\/\/www.feyalegria.org\/panama\/decalogo\/#breadcrumb\"},\"inLanguage\":\"es\",\"potentialAction\":[{\"@type\":\"ReadAction\",\"target\":[\"https:\/\/www.feyalegria.org\/panama\/decalogo\/\"]}]},{\"@type\":\"BreadcrumbList\",\"@id\":\"https:\/\/www.feyalegria.org\/panama\/decalogo\/#breadcrumb\",\"itemListElement\":[{\"@type\":\"ListItem\",\"position\":1,\"name\":\"Home\",\"item\":\"https:\/\/www.feyalegria.org\/panama\/\"},{\"@type\":\"ListItem\",\"position\":2,\"name\":\"Dec\u00e1logo\"}]},{\"@type\":\"WebSite\",\"@id\":\"https:\/\/www.feyalegria.org\/panama\/#website\",\"url\":\"https:\/\/www.feyalegria.org\/panama\/\",\"name\":\"#SomosFeyAlegria en Panam\u00e1\",\"description\":\"\",\"potentialAction\":[{\"@type\":\"SearchAction\",\"target\":{\"@type\":\"EntryPoint\",\"urlTemplate\":\"https:\/\/www.feyalegria.org\/panama\/?s={search_term_string}\"},\"query-input\":{\"@type\":\"PropertyValueSpecification\",\"valueRequired\":true,\"valueName\":\"search_term_string\"}}],\"inLanguage\":\"es\"}]}<\/script>\n<!-- \/ Yoast SEO plugin. -->","yoast_head_json":{"title":"Dec\u00e1logo - #SomosFeyAlegria en Panam\u00e1","robots":{"index":"index","follow":"follow","max-snippet":"max-snippet:-1","max-image-preview":"max-image-preview:large","max-video-preview":"max-video-preview:-1"},"canonical":"https:\/\/www.feyalegria.org\/panama\/decalogo\/","og_locale":"es_ES","og_type":"article","og_title":"Dec\u00e1logo - #SomosFeyAlegria en Panam\u00e1","og_description":"[vc_row][vc_column width=\u00bb5\/6&#8243;][vc_column_text] Nuestro dec\u00e1logo por la educaci\u00f3n [\/vc_column_text][\/vc_column][vc_column width=\u00bb1\/6&#8243; css=\u00bb.vc_custom_1607564282040{margin-top: -80px !important;}\u00bb][\/vc_column][\/vc_row][vc_row][vc_column][vc_row_inner css=\u00bb.vc_custom_1607563916273{background-color: #f3f3f3 !important;}\u00bb][vc_column_inner width=\u00bb1\/4&#8243;][vc_column_text] 1. Nuestro proyecto nace de la FE [\/vc_column_text][\/vc_column_inner][vc_column_inner width=\u00bb3\/4&#8243;][vc_column_text css=\u00bb.vc_custom_1607563732509{padding-right: 40px !important;}\u00bb] Nuestro proyecto nace de las experiencias de Fe en Jes\u00fas de Nazaret y de su invitaci\u00f3n a construir el Reino de Dios y su Justicia, especialmente en","og_url":"https:\/\/www.feyalegria.org\/panama\/decalogo\/","og_site_name":"#SomosFeyAlegria en Panam\u00e1","article_modified_time":"2020-12-10T01:50:59+00:00","twitter_card":"summary_large_image","twitter_misc":{"Tiempo de lectura":"7 minutos"},"schema":{"@context":"https:\/\/schema.org","@graph":[{"@type":"WebPage","@id":"https:\/\/www.feyalegria.org\/panama\/decalogo\/","url":"https:\/\/www.feyalegria.org\/panama\/decalogo\/","name":"Dec\u00e1logo - #SomosFeyAlegria en Panam\u00e1","isPartOf":{"@id":"https:\/\/www.feyalegria.org\/panama\/#website"},"datePublished":"2020-08-12T20:17:54+00:00","dateModified":"2020-12-10T01:50:59+00:00","breadcrumb":{"@id":"https:\/\/www.feyalegria.org\/panama\/decalogo\/#breadcrumb"},"inLanguage":"es","potentialAction":[{"@type":"ReadAction","target":["https:\/\/www.feyalegria.org\/panama\/decalogo\/"]}]},{"@type":"BreadcrumbList","@id":"https:\/\/www.feyalegria.org\/panama\/decalogo\/#breadcrumb","itemListElement":[{"@type":"ListItem","position":1,"name":"Home","item":"https:\/\/www.feyalegria.org\/panama\/"},{"@type":"ListItem","position":2,"name":"Dec\u00e1logo"}]},{"@type":"WebSite","@id":"https:\/\/www.feyalegria.org\/panama\/#website","url":"https:\/\/www.feyalegria.org\/panama\/","name":"#SomosFeyAlegria en Panam\u00e1","description":"","potentialAction":[{"@type":"SearchAction","target":{"@type":"EntryPoint","urlTemplate":"https:\/\/www.feyalegria.org\/panama\/?s={search_term_string}"},"query-input":{"@type":"PropertyValueSpecification","valueRequired":true,"valueName":"search_term_string"}}],"inLanguage":"es"}]}},"_links":{"self":[{"href":"https:\/\/www.feyalegria.org\/panama\/wp-json\/wp\/v2\/pages\/1250","targetHints":{"allow":["GET"]}}],"collection":[{"href":"https:\/\/www.feyalegria.org\/panama\/wp-json\/wp\/v2\/pages"}],"about":[{"href":"https:\/\/www.feyalegria.org\/panama\/wp-json\/wp\/v2\/types\/page"}],"author":[{"embeddable":true,"href":"https:\/\/www.feyalegria.org\/panama\/wp-json\/wp\/v2\/users\/19"}],"replies":[{"embeddable":true,"href":"https:\/\/www.feyalegria.org\/panama\/wp-json\/wp\/v2\/comments?post=1250"}],"version-history":[{"count":0,"href":"https:\/\/www.feyalegria.org\/panama\/wp-json\/wp\/v2\/pages\/1250\/revisions"}],"wp:attachment":[{"href":"https:\/\/www.feyalegria.org\/panama\/wp-json\/wp\/v2\/media?parent=1250"}],"wp:term":[{"taxonomy":"folder","embeddable":true,"href":"https:\/\/www.feyalegria.org\/panama\/wp-json\/wp\/v2\/folder?post=1250"}],"curies":[{"name":"wp","href":"https:\/\/api.w.org\/{rel}","templated":true}]}}