 {"id":24,"date":"2020-01-20T19:34:37","date_gmt":"2020-01-20T19:34:37","guid":{"rendered":"https:\/\/www.feyalegria.org\/panama\/?page_id=24"},"modified":"2020-12-13T04:52:38","modified_gmt":"2020-12-13T04:52:38","slug":"somos-en-panama","status":"publish","type":"page","link":"https:\/\/www.feyalegria.org\/panama\/somos-en-panama\/","title":{"rendered":"Somos en Panam\u00e1"},"content":{"rendered":"<div class=\"wpb-content-wrapper\"><p>[vc_row][vc_column]<div style=\"background-color:;height: 30px\" class=\"nicdark_section  \"><\/div>[\/vc_column][\/vc_row][vc_row][vc_column width=\u00bb2\/3&#8243;][vc_column_text css=\u00bb.vc_custom_1607575653767{margin-right: 50px !important;}\u00bb]<\/p>\n<p align=\"justify\">Las prioridades de Fe y Alegr\u00eda Panam\u00e1, est\u00e1n vinculada a la misi\u00f3n de la Compa\u00f1\u00eda de Jes\u00fas del servicio de la fe y la promoci\u00f3n de la justicia del Reino de Dios, en la medida que busca servir a \u201clas personas por las que nadie se preocupa o que est\u00e1n poco atendidas \u201c. (Jer\u00f3nimo Nadal) y parafraseando al Padre V\u00e9laz, que nos recuerda que Fe y Alegr\u00eda, debe tener siempre \u201cla aspiraci\u00f3n humana m\u00e1s trascendental,  es participar en la consecuci\u00f3n del bien com\u00fan\u201d; y de esto se desprende que el objetivo primordial es \u201ccontribuir a lograr la transformaci\u00f3n social por medio de la Educaci\u00f3n Popular Integral\u201d, y que el cambio que se busca \u201cest\u00e1 condicionado a que podamos modificar y activar la pasividad reinante en la colectividad y en el Estado en favor de las clases marginadas\u201d.<\/p>\n<p>&nbsp;<\/p>\n<p align=\"justify\">Fe y Alegr\u00eda Panam\u00e1, busca mostrar perspectivas alternativas basadas en la solidaridad, la inclusi\u00f3n y la equidad; que sit\u00faan el proceso de transformaci\u00f3n social como eje de nuestra propuesta de educaci\u00f3n popular y promoci\u00f3n social, que basa en la pedagog\u00eda ignaciana \u201cliberadora\u201d que es posible tanto en la educaci\u00f3n formal como en la no formal, y que construye las capacidades de las personas para analizar, cuestionar la realidad, a tener una postura cr\u00edtica que permite aprender y desaprender y sobre todo a elaborar, construir propuesta alternativa desde el contexto de nuestra zonas de incidencia.<\/p>\n<p>[\/vc_column_text][\/vc_column][vc_column width=\u00bb1\/3&#8243;][vc_single_image image=\u00bb2456&#8243; img_size=\u00bbfull\u00bb alignment=\u00bbcenter\u00bb css=\u00bb.vc_custom_1607572250666{padding-top: 10px !important;}\u00bb][\/vc_column][\/vc_row][vc_row][vc_column]<div style=\"background-color:;height: 30px\" class=\"nicdark_section  \"><\/div>[\/vc_column][\/vc_row][vc_row][vc_column][vc_column_text]<\/p>\n<h1 style=\"text-align: left\"><strong><span style=\"color: #aa0f16\">L\u00edneas estrat\u00e9gicas<\/span><\/strong><\/h1>\n<p>[\/vc_column_text][vc_tta_tabs style=\u00bbmodern\u00bb spacing=\u00bb\u00bb active_section=\u00bb1&#8243;][vc_tta_section i_icon_fontawesome=\u00bbfas fa-book-reader\u00bb add_icon=\u00bbtrue\u00bb title=\u00bbEducaci\u00f3n Popular\u00bb tab_id=\u00bb1606787920942-2439de08-f608&#8243;][vc_row_inner][vc_column_inner width=\u00bb1\/4&#8243;][vc_single_image image=\u00bb2144&#8243; img_size=\u00bbmedium\u00bb alignment=\u00bbcenter\u00bb css=\u00bb.vc_custom_1607636246573{padding-top: 30px !important;}\u00bb][\/vc_column_inner][vc_column_inner width=\u00bb3\/4&#8243;][vc_column_text css=\u00bb.vc_custom_1607637028585{padding-right: 30px !important;padding-left: 20px !important;}\u00bb]<\/p>\n<p>&nbsp;<\/p>\n<p>&nbsp;<\/p>\n<p align=\"justify\">Propuesta pedag\u00f3gica, \u00e9tica, social, etc., que orienta las acciones educativas y de promoci\u00f3n social que posibilite la din\u00e1mica de transformaci\u00f3n personal y lo lleve a fortalecer su compromiso social hacia la autogesti\u00f3n social, econ\u00f3mica, cultural, etc. que genere cambios de las estructuras de exclusi\u00f3n y marginaci\u00f3n existente<\/p>\n<p>&nbsp;<\/p>\n<p>[\/vc_column_text][\/vc_column_inner][\/vc_row_inner][\/vc_tta_section][vc_tta_section i_icon_fontawesome=\u00bbfas fa-users\u00bb add_icon=\u00bbtrue\u00bb title=\u00bbNuevas Fronteras\u00bb tab_id=\u00bb1606787920989-6bcc502f-a6f2&#8243;][vc_row_inner][vc_column_inner width=\u00bb1\/4&#8243;][vc_single_image image=\u00bb2380&#8243; img_size=\u00bbmedium\u00bb alignment=\u00bbcenter\u00bb css=\u00bb.vc_custom_1607636307446{padding-top: 30px !important;}\u00bb][\/vc_column_inner][vc_column_inner width=\u00bb3\/4&#8243;][vc_column_text css=\u00bb.vc_custom_1607637074027{padding-right: 30px !important;padding-left: 20px !important;}\u00bb]<\/p>\n<p>&nbsp;<\/p>\n<p align=\"justify\">Presentar nuestra propuesta en las comunidades y a las personas por las que nadie se preocupa o que est\u00e1n poco atendidas y que son el resultados de la crisis de modelo econ\u00f3mico, de las inadecuadas pol\u00edticas del Estado, etc., y que han generado nuevas bases de las desigualdades sociales tanto a nivel econ\u00f3mico como social o cultural y agudizando los niveles de exclusi\u00f3n social ya existente, as\u00ed como la p\u00e9rdida o negaci\u00f3n de los derechos humanos, (pol\u00edtico, econ\u00f3micos, sociales, culturales y ambientales) tanto de las personas como de las comunidades.<\/p>\n<p>&nbsp;<\/p>\n<p>[\/vc_column_text][\/vc_column_inner][\/vc_row_inner][\/vc_tta_section][vc_tta_section i_icon_fontawesome=\u00bbfas fa-people-carry\u00bb add_icon=\u00bbtrue\u00bb title=\u00bbSostenibilidad\u00bb tab_id=\u00bb1606787921096-11151eb9-217f\u00bb][vc_row_inner][vc_column_inner width=\u00bb1\/4&#8243;][vc_single_image image=\u00bb2381&#8243; img_size=\u00bbmedium\u00bb alignment=\u00bbcenter\u00bb css=\u00bb.vc_custom_1607636323952{padding-top: 30px !important;}\u00bb][\/vc_column_inner][vc_column_inner width=\u00bb3\/4&#8243;][vc_column_text css=\u00bb.vc_custom_1607637086712{padding-right: 30px !important;padding-left: 20px !important;}\u00bb]<\/p>\n<p>&nbsp;<\/p>\n<p>&nbsp;<\/p>\n<p align=\"justify\">Propuesta que busca fortalecer las capacidades humanas y destreza institucional que potencie la m\u00edstica y el compromiso; asegurando una gesti\u00f3n eficaz, horizontal, participativa y transparente en la implementaci\u00f3n de nuestra labor misional.<\/p>\n<p>&nbsp;<\/p>\n<p>[\/vc_column_text][\/vc_column_inner][\/vc_row_inner][\/vc_tta_section][vc_tta_section i_icon_fontawesome=\u00bbfas fa-hands-helping\u00bb add_icon=\u00bbtrue\u00bb title=\u00bbAcci\u00f3n P\u00fablica\u00bb tab_id=\u00bb1606787921202-85639c8f-37c5&#8243;][vc_row_inner][vc_column_inner width=\u00bb1\/4&#8243;][vc_single_image image=\u00bb2448&#8243; img_size=\u00bbmedium\u00bb css=\u00bb.vc_custom_1607636337588{padding-top: 30px !important;}\u00bb][\/vc_column_inner][vc_column_inner width=\u00bb3\/4&#8243;][vc_column_text css=\u00bb.vc_custom_1607637099736{padding-right: 30px !important;padding-left: 20px !important;}\u00bb]<\/p>\n<p>&nbsp;<\/p>\n<p>&nbsp;<\/p>\n<p align=\"justify\">Desde nuestra propuesta, \u00e9sta es entendida como la capacidad de incidir en los procesos de transformaci\u00f3n social, cultural desde la implementaci\u00f3n de nuestra propuesta y que desde ellas \u201cpodamos modificar y activar la pasividad reinante en la colectividad y en el Estado en favor de las clases marginadas\u201d (P. V\u00e9laz).<\/p>\n<p>&nbsp;<\/p>\n<p>[\/vc_column_text][\/vc_column_inner][\/vc_row_inner][\/vc_tta_section][\/vc_tta_tabs][\/vc_column][\/vc_row][vc_row][vc_column]<div style=\"background-color:;height: 30px\" class=\"nicdark_section  \"><\/div>[\/vc_column][\/vc_row][vc_row][vc_column][vc_column_text]<\/p>\n<h1 style=\"text-align: left\"><strong><span style=\"color: #aa0f16\">Organigrama<\/span><\/strong><\/h1>\n<p>[\/vc_column_text][vc_single_image image=\u00bb2592&#8243; img_size=\u00bbfull\u00bb alignment=\u00bbcenter\u00bb][\/vc_column][\/vc_row][vc_row][vc_column][\/vc_column][\/vc_row]<\/p>\n<\/div>","protected":false},"excerpt":{"rendered":"<p>[vc_row][vc_column][\/vc_column][\/vc_row][vc_row][vc_column width=\u00bb2\/3&#8243;][vc_column_text css=\u00bb.vc_custom_1607575653767{margin-right: 50px !important;}\u00bb] Las prioridades de Fe y Alegr\u00eda Panam\u00e1, est\u00e1n vinculada a la misi\u00f3n de la Compa\u00f1\u00eda de Jes\u00fas del servicio de la fe y la promoci\u00f3n de la justicia del Reino de Dios, en la medida que busca servir a \u201clas personas por las que nadie se preocupa o que est\u00e1n<\/p>\n","protected":false},"author":6,"featured_media":0,"parent":0,"menu_order":0,"comment_status":"closed","ping_status":"closed","template":"","meta":{"_acf_changed":false,"footnotes":""},"folder":[],"class_list":["post-24","page","type-page","status-publish","hentry"],"acf":[],"yoast_head":"<!-- This site is optimized with the Yoast SEO plugin v27.2 - https:\/\/yoast.com\/product\/yoast-seo-wordpress\/ -->\n<title>Somos en Panam\u00e1 - #SomosFeyAlegria en Panam\u00e1<\/title>\n<meta name=\"robots\" content=\"index, follow, max-snippet:-1, max-image-preview:large, max-video-preview:-1\" \/>\n<link rel=\"canonical\" href=\"https:\/\/www.feyalegria.org\/panama\/somos-en-panama\/\" \/>\n<meta property=\"og:locale\" content=\"es_ES\" \/>\n<meta property=\"og:type\" content=\"article\" \/>\n<meta property=\"og:title\" content=\"Somos en Panam\u00e1 - #SomosFeyAlegria en Panam\u00e1\" \/>\n<meta property=\"og:description\" content=\"[vc_row][vc_column][\/vc_column][\/vc_row][vc_row][vc_column width=\u00bb2\/3&#8243;][vc_column_text css=\u00bb.vc_custom_1607575653767{margin-right: 50px !important;}\u00bb] Las prioridades de Fe y Alegr\u00eda Panam\u00e1, est\u00e1n vinculada a la misi\u00f3n de la Compa\u00f1\u00eda de Jes\u00fas del servicio de la fe y la promoci\u00f3n de la justicia del Reino de Dios, en la medida que busca servir a \u201clas personas por las que nadie se preocupa o que est\u00e1n\" \/>\n<meta property=\"og:url\" content=\"https:\/\/www.feyalegria.org\/panama\/somos-en-panama\/\" \/>\n<meta property=\"og:site_name\" content=\"#SomosFeyAlegria en Panam\u00e1\" \/>\n<meta property=\"article:modified_time\" content=\"2020-12-13T04:52:38+00:00\" \/>\n<meta name=\"twitter:card\" content=\"summary_large_image\" \/>\n<meta name=\"twitter:label1\" content=\"Tiempo de lectura\" \/>\n\t<meta name=\"twitter:data1\" content=\"5 minutos\" \/>\n<script type=\"application\/ld+json\" class=\"yoast-schema-graph\">{\"@context\":\"https:\/\/schema.org\",\"@graph\":[{\"@type\":\"WebPage\",\"@id\":\"https:\/\/www.feyalegria.org\/panama\/somos-en-panama\/\",\"url\":\"https:\/\/www.feyalegria.org\/panama\/somos-en-panama\/\",\"name\":\"Somos en Panam\u00e1 - #SomosFeyAlegria en Panam\u00e1\",\"isPartOf\":{\"@id\":\"https:\/\/www.feyalegria.org\/panama\/#website\"},\"datePublished\":\"2020-01-20T19:34:37+00:00\",\"dateModified\":\"2020-12-13T04:52:38+00:00\",\"breadcrumb\":{\"@id\":\"https:\/\/www.feyalegria.org\/panama\/somos-en-panama\/#breadcrumb\"},\"inLanguage\":\"es\",\"potentialAction\":[{\"@type\":\"ReadAction\",\"target\":[\"https:\/\/www.feyalegria.org\/panama\/somos-en-panama\/\"]}]},{\"@type\":\"BreadcrumbList\",\"@id\":\"https:\/\/www.feyalegria.org\/panama\/somos-en-panama\/#breadcrumb\",\"itemListElement\":[{\"@type\":\"ListItem\",\"position\":1,\"name\":\"Home\",\"item\":\"https:\/\/www.feyalegria.org\/panama\/\"},{\"@type\":\"ListItem\",\"position\":2,\"name\":\"Somos en Panam\u00e1\"}]},{\"@type\":\"WebSite\",\"@id\":\"https:\/\/www.feyalegria.org\/panama\/#website\",\"url\":\"https:\/\/www.feyalegria.org\/panama\/\",\"name\":\"#SomosFeyAlegria en Panam\u00e1\",\"description\":\"\",\"potentialAction\":[{\"@type\":\"SearchAction\",\"target\":{\"@type\":\"EntryPoint\",\"urlTemplate\":\"https:\/\/www.feyalegria.org\/panama\/?s={search_term_string}\"},\"query-input\":{\"@type\":\"PropertyValueSpecification\",\"valueRequired\":true,\"valueName\":\"search_term_string\"}}],\"inLanguage\":\"es\"}]}<\/script>\n<!-- \/ Yoast SEO plugin. -->","yoast_head_json":{"title":"Somos en Panam\u00e1 - #SomosFeyAlegria en Panam\u00e1","robots":{"index":"index","follow":"follow","max-snippet":"max-snippet:-1","max-image-preview":"max-image-preview:large","max-video-preview":"max-video-preview:-1"},"canonical":"https:\/\/www.feyalegria.org\/panama\/somos-en-panama\/","og_locale":"es_ES","og_type":"article","og_title":"Somos en Panam\u00e1 - #SomosFeyAlegria en Panam\u00e1","og_description":"[vc_row][vc_column][\/vc_column][\/vc_row][vc_row][vc_column width=\u00bb2\/3&#8243;][vc_column_text css=\u00bb.vc_custom_1607575653767{margin-right: 50px !important;}\u00bb] Las prioridades de Fe y Alegr\u00eda Panam\u00e1, est\u00e1n vinculada a la misi\u00f3n de la Compa\u00f1\u00eda de Jes\u00fas del servicio de la fe y la promoci\u00f3n de la justicia del Reino de Dios, en la medida que busca servir a \u201clas personas por las que nadie se preocupa o que est\u00e1n","og_url":"https:\/\/www.feyalegria.org\/panama\/somos-en-panama\/","og_site_name":"#SomosFeyAlegria en Panam\u00e1","article_modified_time":"2020-12-13T04:52:38+00:00","twitter_card":"summary_large_image","twitter_misc":{"Tiempo de lectura":"5 minutos"},"schema":{"@context":"https:\/\/schema.org","@graph":[{"@type":"WebPage","@id":"https:\/\/www.feyalegria.org\/panama\/somos-en-panama\/","url":"https:\/\/www.feyalegria.org\/panama\/somos-en-panama\/","name":"Somos en Panam\u00e1 - #SomosFeyAlegria en Panam\u00e1","isPartOf":{"@id":"https:\/\/www.feyalegria.org\/panama\/#website"},"datePublished":"2020-01-20T19:34:37+00:00","dateModified":"2020-12-13T04:52:38+00:00","breadcrumb":{"@id":"https:\/\/www.feyalegria.org\/panama\/somos-en-panama\/#breadcrumb"},"inLanguage":"es","potentialAction":[{"@type":"ReadAction","target":["https:\/\/www.feyalegria.org\/panama\/somos-en-panama\/"]}]},{"@type":"BreadcrumbList","@id":"https:\/\/www.feyalegria.org\/panama\/somos-en-panama\/#breadcrumb","itemListElement":[{"@type":"ListItem","position":1,"name":"Home","item":"https:\/\/www.feyalegria.org\/panama\/"},{"@type":"ListItem","position":2,"name":"Somos en Panam\u00e1"}]},{"@type":"WebSite","@id":"https:\/\/www.feyalegria.org\/panama\/#website","url":"https:\/\/www.feyalegria.org\/panama\/","name":"#SomosFeyAlegria en Panam\u00e1","description":"","potentialAction":[{"@type":"SearchAction","target":{"@type":"EntryPoint","urlTemplate":"https:\/\/www.feyalegria.org\/panama\/?s={search_term_string}"},"query-input":{"@type":"PropertyValueSpecification","valueRequired":true,"valueName":"search_term_string"}}],"inLanguage":"es"}]}},"_links":{"self":[{"href":"https:\/\/www.feyalegria.org\/panama\/wp-json\/wp\/v2\/pages\/24","targetHints":{"allow":["GET"]}}],"collection":[{"href":"https:\/\/www.feyalegria.org\/panama\/wp-json\/wp\/v2\/pages"}],"about":[{"href":"https:\/\/www.feyalegria.org\/panama\/wp-json\/wp\/v2\/types\/page"}],"author":[{"embeddable":true,"href":"https:\/\/www.feyalegria.org\/panama\/wp-json\/wp\/v2\/users\/6"}],"replies":[{"embeddable":true,"href":"https:\/\/www.feyalegria.org\/panama\/wp-json\/wp\/v2\/comments?post=24"}],"version-history":[{"count":0,"href":"https:\/\/www.feyalegria.org\/panama\/wp-json\/wp\/v2\/pages\/24\/revisions"}],"wp:attachment":[{"href":"https:\/\/www.feyalegria.org\/panama\/wp-json\/wp\/v2\/media?parent=24"}],"wp:term":[{"taxonomy":"folder","embeddable":true,"href":"https:\/\/www.feyalegria.org\/panama\/wp-json\/wp\/v2\/folder?post=24"}],"curies":[{"name":"wp","href":"https:\/\/api.w.org\/{rel}","templated":true}]}}