 {"id":35,"date":"2020-01-20T19:39:52","date_gmt":"2020-01-20T19:39:52","guid":{"rendered":"https:\/\/www.feyalegria.org\/panama\/?page_id=35"},"modified":"2025-06-19T21:58:07","modified_gmt":"2025-06-19T21:58:07","slug":"noticias","status":"publish","type":"page","link":"https:\/\/www.feyalegria.org\/panama\/noticias\/","title":{"rendered":"Noticias"},"content":{"rendered":"<div class=\"wpb-content-wrapper\"><p>[vc_row gap=\u00bb10&#8243;][vc_column]<div id=\"mpc_grid_posts_3669e57a5e4addd\" class=\"mpc-grid-posts mpc-init mpc-init mpc-transition mpc-overlay--fade mpc-item--fade mpc-layout--style_3  \"  data-grid-cols=\"4\"><div class=\"mpc-grid-sizer\"><\/div><div onclick=\"\" class=\"mpc-post\"><div class=\"mpc-post__wrapper\"><div class=\"mpc-post__thumbnail\" data-mpc_src=\"https:\/\/d3pugrm67vf9n7.cloudfront.net\/wp-content\/uploads\/sites\/24\/2025\/04\/21193125\/IMG_0032-1024x682.jpeg\" data-mpc_link=\"https:\/\/www.feyalegria.org\/panama\/tejiendo-amaneceres-por-las-sendas-de-amelia\/\"><div class=\"mpc-post__overlay mpc-transition\"><div class=\"mpc-post--vertical-wrap\"><div class=\"mpc-post--vertical\" data-mpc_link=\"https:\/\/www.feyalegria.org\/panama\/tejiendo-amaneceres-por-las-sendas-de-amelia\/\"><\/div><\/div><\/div><\/div><div class=\"mpc-post__content mpc-transition\"><span class=\"mpc-post__date mpc-date__wrapper mpc-typography--preset_3\"><a href=\"https:\/\/www.feyalegria.org\/panama\/2024\/02\/24\/\"><div class=\"mpc-date__days\">24<\/div><div class=\"mpc-date__month\">Feb<\/div><\/a><\/span><div class=\"mpc-wrapper\"><h3 class=\"mpc-post__heading mpc-transition mpc-typography--preset_1\"><a href=\"https:\/\/www.feyalegria.org\/panama\/tejiendo-amaneceres-por-las-sendas-de-amelia\/\" title=\"Espacio mediado de precauci\u00f3n para NNA\">Espacio mediado de precauci\u00f3n para NNA<\/a><\/h3><\/div><div class=\"mpc-post__description mpc-typography--preset_4\"><div style=\"height: 263px\"><p align=\"justify\">FyA dise\u00f1a gu\u00eda inform\u00e1tica mediada para NNA, donde los ni\u00f1os conozcan de una manera clara y f\u00e1cil las herramientas que pueden utilizar para reportar incidentes, sugerencias o hacer cumplir sus derechos.<\/p><\/div><\/div><a href=\"https:\/\/www.feyalegria.org\/panama\/tejiendo-amaneceres-por-las-sendas-de-amelia\/\" title=\"Espacio mediado de precauci\u00f3n para NNA\"  class=\"mpc-button mpc-init mpc-transition mpc-typography--preset_5 mpc-display--block \" ><div class=\"mpc-button__content mpc-effect-type--none mpc-effect-side--none\"><span class=\"mpc-button__title mpc-transition\">Leer m\u00e1s<\/span><\/div><div class=\"mpc-button__background mpc-transition mpc-effect-type--fade mpc-effect-side--in\"><\/div><\/a><\/div><\/div><\/div><div onclick=\"\" class=\"mpc-post\"><div class=\"mpc-post__wrapper\"><div class=\"mpc-post__thumbnail\" data-mpc_src=\"https:\/\/d3pugrm67vf9n7.cloudfront.net\/wp-content\/uploads\/sites\/24\/2024\/02\/24194139\/IMG_0332-1024x1024.jpeg\" data-mpc_link=\"https:\/\/www.feyalegria.org\/panama\/feria-de-emprendedores-2023\/\"><div class=\"mpc-post__overlay mpc-transition\"><div class=\"mpc-post--vertical-wrap\"><div class=\"mpc-post--vertical\" data-mpc_link=\"https:\/\/www.feyalegria.org\/panama\/feria-de-emprendedores-2023\/\"><\/div><\/div><\/div><\/div><div class=\"mpc-post__content mpc-transition\"><span class=\"mpc-post__date mpc-date__wrapper mpc-typography--preset_3\"><a href=\"https:\/\/www.feyalegria.org\/panama\/2024\/02\/24\/\"><div class=\"mpc-date__days\">24<\/div><div class=\"mpc-date__month\">Feb<\/div><\/a><\/span><div class=\"mpc-wrapper\"><h3 class=\"mpc-post__heading mpc-transition mpc-typography--preset_1\"><a href=\"https:\/\/www.feyalegria.org\/panama\/feria-de-emprendedores-2023\/\" title=\"Feria de Emprendedores 2023\">Feria de Emprendedores 2023<\/a><\/h3><\/div><div class=\"mpc-post__description mpc-typography--preset_4\"><div style=\"height: 263px\"><p align=\"justify\">El pasado s\u00e1bado 17 de febrero se llev\u00f3 a cabo la Feria de Emprendimientos en la cual participaron alrededor de 30 emprendedores que formaron parte del programa Formaci\u00f3n para el Trabajo durante el a\u00f1o 2023. <\/p><\/div><\/div><a href=\"https:\/\/www.feyalegria.org\/panama\/feria-de-emprendedores-2023\/\" title=\"Feria de Emprendedores 2023\"  class=\"mpc-button mpc-init mpc-transition mpc-typography--preset_5 mpc-display--block \" ><div class=\"mpc-button__content mpc-effect-type--none mpc-effect-side--none\"><span class=\"mpc-button__title mpc-transition\">Leer m\u00e1s<\/span><\/div><div class=\"mpc-button__background mpc-transition mpc-effect-type--fade mpc-effect-side--in\"><\/div><\/a><\/div><\/div><\/div><div onclick=\"\" class=\"mpc-post\"><div class=\"mpc-post__wrapper\"><div class=\"mpc-post__thumbnail\" data-mpc_src=\"https:\/\/d3pugrm67vf9n7.cloudfront.net\/wp-content\/uploads\/sites\/24\/2023\/10\/26210538\/Imagen-de-WhatsApp-2023-10-23-a-las-13.31.40_937097f1-1.jpg\" data-mpc_link=\"https:\/\/www.feyalegria.org\/panama\/justicia-social\/\"><div class=\"mpc-post__overlay mpc-transition\"><div class=\"mpc-post--vertical-wrap\"><div class=\"mpc-post--vertical\" data-mpc_link=\"https:\/\/www.feyalegria.org\/panama\/justicia-social\/\"><\/div><\/div><\/div><\/div><div class=\"mpc-post__content mpc-transition\"><span class=\"mpc-post__date mpc-date__wrapper mpc-typography--preset_3\"><a href=\"https:\/\/www.feyalegria.org\/panama\/2023\/10\/26\/\"><div class=\"mpc-date__days\">26<\/div><div class=\"mpc-date__month\">Oct<\/div><\/a><\/span><div class=\"mpc-wrapper\"><h3 class=\"mpc-post__heading mpc-transition mpc-typography--preset_1\"><a href=\"https:\/\/www.feyalegria.org\/panama\/justicia-social\/\" title=\"Justicia Social\">Justicia Social<\/a><\/h3><\/div><div class=\"mpc-post__description mpc-typography--preset_4\"><div style=\"height: 263px\"><p align=\"justify\">El s\u00e1bado 21 de octubre, Fe y Alegr\u00eda Panam\u00e1 llev\u00f3 a cabo una formaci\u00f3n para todo el personal de la instituci\u00f3n, as\u00ed como para la poblaci\u00f3n migrante y agentes de pastoral de algunas parroquias de la Arquidi\u00f3cesis de Panam\u00e1.  <\/p><\/div><\/div><a href=\"https:\/\/www.feyalegria.org\/panama\/justicia-social\/\" title=\"Justicia Social\"  class=\"mpc-button mpc-init mpc-transition mpc-typography--preset_5 mpc-display--block \" ><div class=\"mpc-button__content mpc-effect-type--none mpc-effect-side--none\"><span class=\"mpc-button__title mpc-transition\">Leer m\u00e1s<\/span><\/div><div class=\"mpc-button__background mpc-transition mpc-effect-type--fade mpc-effect-side--in\"><\/div><\/a><\/div><\/div><\/div><div onclick=\"\" class=\"mpc-post\"><div class=\"mpc-post__wrapper\"><div class=\"mpc-post__thumbnail\" data-mpc_src=\"https:\/\/d3pugrm67vf9n7.cloudfront.net\/wp-content\/uploads\/sites\/24\/2023\/08\/31183032\/WhatsApp-Image-2023-08-26-at-9.25.30-AM-1024x576.jpeg\" data-mpc_link=\"https:\/\/www.feyalegria.org\/panama\/reforzamiento-escolares\/\"><div class=\"mpc-post__overlay mpc-transition\"><div class=\"mpc-post--vertical-wrap\"><div class=\"mpc-post--vertical\" data-mpc_link=\"https:\/\/www.feyalegria.org\/panama\/reforzamiento-escolares\/\"><\/div><\/div><\/div><\/div><div class=\"mpc-post__content mpc-transition\"><span class=\"mpc-post__date mpc-date__wrapper mpc-typography--preset_3\"><a href=\"https:\/\/www.feyalegria.org\/panama\/2023\/08\/31\/\"><div class=\"mpc-date__days\">31<\/div><div class=\"mpc-date__month\">Ago<\/div><\/a><\/span><div class=\"mpc-wrapper\"><h3 class=\"mpc-post__heading mpc-transition mpc-typography--preset_1\"><a href=\"https:\/\/www.feyalegria.org\/panama\/reforzamiento-escolares\/\" title=\"Reforzamiento Escolares\">Reforzamiento Escolares<\/a><\/h3><\/div><div class=\"mpc-post__description mpc-typography--preset_4\"><div style=\"height: 263px\"><p align=\"justify\">Durante las \u00faltimas semanas del mes de agosto, Fe y Alegr\u00eda Panam\u00e1 dio comienzo a los programas de refuerzo escolar dirigidos a los ni\u00f1os, ni\u00f1as y adolescentes participantes en el programa \"Tejiendo Amaneceres\". <\/p><\/div><\/div><a href=\"https:\/\/www.feyalegria.org\/panama\/reforzamiento-escolares\/\" title=\"Reforzamiento Escolares\"  class=\"mpc-button mpc-init mpc-transition mpc-typography--preset_5 mpc-display--block \" ><div class=\"mpc-button__content mpc-effect-type--none mpc-effect-side--none\"><span class=\"mpc-button__title mpc-transition\">Leer m\u00e1s<\/span><\/div><div class=\"mpc-button__background mpc-transition mpc-effect-type--fade mpc-effect-side--in\"><\/div><\/a><\/div><\/div><\/div><\/div>[\/vc_column][\/vc_row][vc_row content_placement=\u00bbtop\u00bb css_animation=\u00bbnone\u00bb css=\u00bb.vc_custom_1595205491660{padding-top: 40px !important;}\u00bb][vc_column]<div style=\"background-color:;height: 50px\" class=\"nicdark_section  \"><\/div>[\/vc_column][\/vc_row]<\/p>\n<\/div>","protected":false},"excerpt":{"rendered":"<p>[vc_row gap=\u00bb10&#8243;][vc_column][\/vc_column][\/vc_row][vc_row content_placement=\u00bbtop\u00bb css_animation=\u00bbnone\u00bb css=\u00bb.vc_custom_1595205491660{padding-top: 40px !important;}\u00bb][vc_column][\/vc_column][\/vc_row]<\/p>\n","protected":false},"author":6,"featured_media":0,"parent":0,"menu_order":0,"comment_status":"closed","ping_status":"closed","template":"","meta":{"_acf_changed":false,"footnotes":""},"folder":[],"class_list":["post-35","page","type-page","status-publish","hentry"],"acf":[],"yoast_head":"<!-- This site is optimized with the Yoast SEO plugin v27.2 - https:\/\/yoast.com\/product\/yoast-seo-wordpress\/ -->\n<title>Noticias - #SomosFeyAlegria en Panam\u00e1<\/title>\n<meta name=\"robots\" content=\"index, follow, max-snippet:-1, max-image-preview:large, max-video-preview:-1\" \/>\n<link rel=\"canonical\" href=\"https:\/\/www.feyalegria.org\/panama\/noticias\/\" \/>\n<meta property=\"og:locale\" content=\"es_ES\" \/>\n<meta property=\"og:type\" content=\"article\" \/>\n<meta property=\"og:title\" content=\"Noticias - #SomosFeyAlegria en Panam\u00e1\" \/>\n<meta property=\"og:description\" content=\"[vc_row gap=\u00bb10&#8243;][vc_column][\/vc_column][\/vc_row][vc_row content_placement=\u00bbtop\u00bb css_animation=\u00bbnone\u00bb css=\u00bb.vc_custom_1595205491660{padding-top: 40px !important;}\u00bb][vc_column][\/vc_column][\/vc_row]\" \/>\n<meta property=\"og:url\" content=\"https:\/\/www.feyalegria.org\/panama\/noticias\/\" \/>\n<meta property=\"og:site_name\" content=\"#SomosFeyAlegria en Panam\u00e1\" \/>\n<meta property=\"article:modified_time\" content=\"2025-06-19T21:58:07+00:00\" \/>\n<meta name=\"twitter:card\" content=\"summary_large_image\" \/>\n<meta name=\"twitter:label1\" content=\"Tiempo de lectura\" \/>\n\t<meta name=\"twitter:data1\" content=\"1 minuto\" \/>\n<script type=\"application\/ld+json\" class=\"yoast-schema-graph\">{\"@context\":\"https:\/\/schema.org\",\"@graph\":[{\"@type\":\"WebPage\",\"@id\":\"https:\/\/www.feyalegria.org\/panama\/noticias\/\",\"url\":\"https:\/\/www.feyalegria.org\/panama\/noticias\/\",\"name\":\"Noticias - #SomosFeyAlegria en Panam\u00e1\",\"isPartOf\":{\"@id\":\"https:\/\/www.feyalegria.org\/panama\/#website\"},\"datePublished\":\"2020-01-20T19:39:52+00:00\",\"dateModified\":\"2025-06-19T21:58:07+00:00\",\"breadcrumb\":{\"@id\":\"https:\/\/www.feyalegria.org\/panama\/noticias\/#breadcrumb\"},\"inLanguage\":\"es\",\"potentialAction\":[{\"@type\":\"ReadAction\",\"target\":[\"https:\/\/www.feyalegria.org\/panama\/noticias\/\"]}]},{\"@type\":\"BreadcrumbList\",\"@id\":\"https:\/\/www.feyalegria.org\/panama\/noticias\/#breadcrumb\",\"itemListElement\":[{\"@type\":\"ListItem\",\"position\":1,\"name\":\"Home\",\"item\":\"https:\/\/www.feyalegria.org\/panama\/\"},{\"@type\":\"ListItem\",\"position\":2,\"name\":\"Noticias\"}]},{\"@type\":\"WebSite\",\"@id\":\"https:\/\/www.feyalegria.org\/panama\/#website\",\"url\":\"https:\/\/www.feyalegria.org\/panama\/\",\"name\":\"#SomosFeyAlegria en Panam\u00e1\",\"description\":\"\",\"potentialAction\":[{\"@type\":\"SearchAction\",\"target\":{\"@type\":\"EntryPoint\",\"urlTemplate\":\"https:\/\/www.feyalegria.org\/panama\/?s={search_term_string}\"},\"query-input\":{\"@type\":\"PropertyValueSpecification\",\"valueRequired\":true,\"valueName\":\"search_term_string\"}}],\"inLanguage\":\"es\"}]}<\/script>\n<!-- \/ Yoast SEO plugin. -->","yoast_head_json":{"title":"Noticias - #SomosFeyAlegria en Panam\u00e1","robots":{"index":"index","follow":"follow","max-snippet":"max-snippet:-1","max-image-preview":"max-image-preview:large","max-video-preview":"max-video-preview:-1"},"canonical":"https:\/\/www.feyalegria.org\/panama\/noticias\/","og_locale":"es_ES","og_type":"article","og_title":"Noticias - #SomosFeyAlegria en Panam\u00e1","og_description":"[vc_row gap=\u00bb10&#8243;][vc_column][\/vc_column][\/vc_row][vc_row content_placement=\u00bbtop\u00bb css_animation=\u00bbnone\u00bb css=\u00bb.vc_custom_1595205491660{padding-top: 40px !important;}\u00bb][vc_column][\/vc_column][\/vc_row]","og_url":"https:\/\/www.feyalegria.org\/panama\/noticias\/","og_site_name":"#SomosFeyAlegria en Panam\u00e1","article_modified_time":"2025-06-19T21:58:07+00:00","twitter_card":"summary_large_image","twitter_misc":{"Tiempo de lectura":"1 minuto"},"schema":{"@context":"https:\/\/schema.org","@graph":[{"@type":"WebPage","@id":"https:\/\/www.feyalegria.org\/panama\/noticias\/","url":"https:\/\/www.feyalegria.org\/panama\/noticias\/","name":"Noticias - #SomosFeyAlegria en Panam\u00e1","isPartOf":{"@id":"https:\/\/www.feyalegria.org\/panama\/#website"},"datePublished":"2020-01-20T19:39:52+00:00","dateModified":"2025-06-19T21:58:07+00:00","breadcrumb":{"@id":"https:\/\/www.feyalegria.org\/panama\/noticias\/#breadcrumb"},"inLanguage":"es","potentialAction":[{"@type":"ReadAction","target":["https:\/\/www.feyalegria.org\/panama\/noticias\/"]}]},{"@type":"BreadcrumbList","@id":"https:\/\/www.feyalegria.org\/panama\/noticias\/#breadcrumb","itemListElement":[{"@type":"ListItem","position":1,"name":"Home","item":"https:\/\/www.feyalegria.org\/panama\/"},{"@type":"ListItem","position":2,"name":"Noticias"}]},{"@type":"WebSite","@id":"https:\/\/www.feyalegria.org\/panama\/#website","url":"https:\/\/www.feyalegria.org\/panama\/","name":"#SomosFeyAlegria en Panam\u00e1","description":"","potentialAction":[{"@type":"SearchAction","target":{"@type":"EntryPoint","urlTemplate":"https:\/\/www.feyalegria.org\/panama\/?s={search_term_string}"},"query-input":{"@type":"PropertyValueSpecification","valueRequired":true,"valueName":"search_term_string"}}],"inLanguage":"es"}]}},"_links":{"self":[{"href":"https:\/\/www.feyalegria.org\/panama\/wp-json\/wp\/v2\/pages\/35","targetHints":{"allow":["GET"]}}],"collection":[{"href":"https:\/\/www.feyalegria.org\/panama\/wp-json\/wp\/v2\/pages"}],"about":[{"href":"https:\/\/www.feyalegria.org\/panama\/wp-json\/wp\/v2\/types\/page"}],"author":[{"embeddable":true,"href":"https:\/\/www.feyalegria.org\/panama\/wp-json\/wp\/v2\/users\/6"}],"replies":[{"embeddable":true,"href":"https:\/\/www.feyalegria.org\/panama\/wp-json\/wp\/v2\/comments?post=35"}],"version-history":[{"count":0,"href":"https:\/\/www.feyalegria.org\/panama\/wp-json\/wp\/v2\/pages\/35\/revisions"}],"wp:attachment":[{"href":"https:\/\/www.feyalegria.org\/panama\/wp-json\/wp\/v2\/media?parent=35"}],"wp:term":[{"taxonomy":"folder","embeddable":true,"href":"https:\/\/www.feyalegria.org\/panama\/wp-json\/wp\/v2\/folder?post=35"}],"curies":[{"name":"wp","href":"https:\/\/api.w.org\/{rel}","templated":true}]}}