{"id":619,"date":"2020-07-21T16:30:09","date_gmt":"2020-07-21T16:30:09","guid":{"rendered":"https:\/\/www.feyalegria.org\/panama\/?page_id=619"},"modified":"2026-04-17T14:01:20","modified_gmt":"2026-04-17T14:01:20","slug":"formacion-para-el-trabajo","status":"publish","type":"page","link":"https:\/\/www.feyalegria.org\/panama\/formacion-para-el-trabajo\/","title":{"rendered":"Formaci\u00f3n en Comunidad de Vulnerabilidad"},"content":{"rendered":"<div class=\"wpb-content-wrapper\"><p>[vc_row][vc_column width=\u00bb2\/3&#8243;]<div style=\"background-color:;height: 20px\" class=\"nicdark_section  \"><\/div>[vc_column_text css=\u00bb\u00bb]<\/p>\n<section class=\"text-token-text-primary w-full focus:outline-none [--shadow-height:45px] has-data-writing-block:pointer-events-none has-data-writing-block:-mt-(--shadow-height) has-data-writing-block:pt-(--shadow-height) [&amp;:has([data-writing-block])&gt;*]:pointer-events-auto scroll-mt-(--header-height)\" dir=\"auto\" data-turn-id=\"14788ce6-9e3f-496d-880a-d085cd5edb45\" data-testid=\"conversation-turn-3\" data-scroll-anchor=\"false\" data-turn=\"user\"><\/section>\n<section class=\"text-token-text-primary w-full focus:outline-none [--shadow-height:45px] has-data-writing-block:pointer-events-none has-data-writing-block:-mt-(--shadow-height) has-data-writing-block:pt-(--shadow-height) [&amp;:has([data-writing-block])&gt;*]:pointer-events-auto scroll-mt-[calc(var(--header-height)+min(200px,max(70px,20svh)))]\" dir=\"auto\" data-turn-id=\"request-WEB:0d12b0c0-9661-406e-86a8-bfd1945f73f4-1\" data-testid=\"conversation-turn-4\" data-scroll-anchor=\"true\" data-turn=\"assistant\">\n<div class=\"text-base my-auto mx-auto pb-10 [--thread-content-margin:var(--thread-content-margin-xs,calc(var(--spacing)*4))] @w-sm\/main:[--thread-content-margin:var(--thread-content-margin-sm,calc(var(--spacing)*6))] @w-lg\/main:[--thread-content-margin:var(--thread-content-margin-lg,calc(var(--spacing)*16))] px-(--thread-content-margin)\">\n<div class=\"[--thread-content-max-width:40rem] @w-lg\/main:[--thread-content-max-width:48rem] mx-auto max-w-(--thread-content-max-width) flex-1 group\/turn-messages focus-visible:outline-hidden relative flex w-full min-w-0 flex-col agent-turn\">\n<div class=\"flex max-w-full flex-col gap-4 grow\">\n<div class=\"min-h-8 text-message relative flex w-full flex-col items-end gap-2 text-start break-words whitespace-normal outline-none keyboard-focused:focus-ring [.text-message+&amp;]:mt-1\" dir=\"auto\" tabindex=\"0\" data-message-author-role=\"assistant\" data-message-id=\"bb85d2ce-52de-4ec7-bf1b-76a76a1e5e00\" data-message-model-slug=\"gpt-5-3\" data-turn-start-message=\"true\">\n<div class=\"flex w-full flex-col gap-1 empty:hidden\">\n<div class=\"markdown prose dark:prose-invert w-full wrap-break-word light markdown-new-styling\">\n<p data-start=\"0\" data-end=\"356\"><span class=\"hover:entity-accent entity-underline inline cursor-pointer align-baseline\"><span class=\"whitespace-normal\">Fe y Alegr\u00eda<\/span><\/span> Panam\u00e1 trabaja junto a comunidades en situaci\u00f3n de vulnerabilidad desde la convicci\u00f3n de la dignidad de todas las personas y su capacidad de transformar su realidad. Nuestro compromiso es acompa\u00f1ar procesos de formaci\u00f3n, organizaci\u00f3n comunitaria y defensa de derechos en territorios donde las desigualdades son m\u00e1s profundas.<\/p>\n<p data-start=\"358\" data-end=\"828\">Actualmente estamos presentes en la <span class=\"hover:entity-accent entity-underline inline cursor-pointer align-baseline\"><span class=\"whitespace-normal\">Comarca Ng\u00e4be-Bugl\u00e9<\/span><\/span> \u2014especialmente en <span class=\"hover:entity-accent entity-underline inline cursor-pointer align-baseline\"><span class=\"whitespace-normal\">Lajero<\/span><\/span> y <span class=\"hover:entity-accent entity-underline inline cursor-pointer align-baseline\"><span class=\"whitespace-normal\">Cerro Otoe<\/span><\/span>\u2014, en <span class=\"hover:entity-accent entity-underline inline cursor-pointer align-baseline\"><span class=\"whitespace-normal\">R\u00edo Sereno<\/span><\/span>, en las zonas misioneras del <span class=\"hover:entity-accent entity-underline inline cursor-pointer align-baseline\"><span class=\"whitespace-normal\">Vicariato Apost\u00f3lico de Dari\u00e9n<\/span><\/span>, en comunidades de la cuenca del <span class=\"hover:entity-accent entity-underline inline cursor-pointer align-baseline\"><span class=\"whitespace-normal\">R\u00edo Pacora<\/span><\/span> y en <span class=\"hover:entity-accent entity-underline inline cursor-pointer align-baseline\"><span class=\"whitespace-normal\">Altos de Pedregal<\/span><\/span>, donde fortalecemos procesos educativos, comunitarios y de promoci\u00f3n social.<\/p>\n<p data-start=\"830\" data-end=\"1367\">Nuestro trabajo se inspira en las Prioridades Apost\u00f3licas Universales de la <span class=\"hover:entity-accent entity-underline inline cursor-pointer align-baseline\"><span class=\"whitespace-normal\">Compa\u00f1\u00eda de Jes\u00fas<\/span><\/span>, en el Plan Apost\u00f3lico Com\u00fan de la <span class=\"hover:entity-accent entity-underline inline cursor-pointer align-baseline\"><span class=\"whitespace-normal\">CPAL<\/span><\/span> y en el Plan Apost\u00f3lico de la Provincia Centroamericana de la Compa\u00f1\u00eda de Jes\u00fas. Desde esta perspectiva, promovemos una cultura de hospitalidad, justicia y reconciliaci\u00f3n que se concreta en la escucha activa, el acompa\u00f1amiento a personas migrantes en tr\u00e1nsito o refugio y el fortalecimiento de comunidades que acogen desde la dignidad y los derechos.<\/p>\n<p data-start=\"1369\" data-end=\"1784\" data-is-last-node=\"\" data-is-only-node=\"\">Como parte de este acompa\u00f1amiento, desarrollamos el programa radial <em data-start=\"1437\" data-end=\"1459\">Caminos de Encuentro<\/em>, un espacio educativo y comunitario que fortalece la conciencia cr\u00edtica, la participaci\u00f3n ciudadana y el tejido social. A trav\u00e9s de la radio generamos di\u00e1logo, reflexi\u00f3n y formaci\u00f3n, especialmente en territorios donde el acceso a otros medios es limitado, con el objetivo de seguir sembrando esperanza donde m\u00e1s se necesita.<\/p>\n<\/div>\n<\/div>\n<\/div>\n<\/div>\n<\/div>\n<\/div>\n<\/section>\n<p>[\/vc_column_text][\/vc_column][vc_column width=\u00bb1\/3&#8243;]<div style=\"background-color:;height: 30px\" class=\"nicdark_section  \"><\/div>[vc_single_image image=\u00bb3677&#8243; img_size=\u00bbfull\u00bb alignment=\u00bbcenter\u00bb css=\u00bb\u00bb][vc_gallery type=\u00bbimage_grid\u00bb images=\u00bb3554,3555&#8243; css=\u00bb\u00bb][\/vc_column][\/vc_row][vc_row][vc_column][\/vc_column][\/vc_row][vc_row css=\u00bb.vc_custom_1600382950718{margin-top: -25px !important;}\u00bb][vc_column][\/vc_column][\/vc_row][vc_row][vc_column]<div style=\"background-color:;height: 10px\" class=\"nicdark_section  \"><\/div>[\/vc_column][\/vc_row]<\/p>\n<\/div>","protected":false},"excerpt":{"rendered":"<p>[vc_row][vc_column width=\u00bb2\/3&#8243;][vc_column_text css=\u00bb\u00bb] Fe y Alegr\u00eda Panam\u00e1 trabaja junto a comunidades en situaci\u00f3n de vulnerabilidad desde la convicci\u00f3n de la dignidad de todas las personas y su capacidad de transformar su realidad. Nuestro compromiso es acompa\u00f1ar procesos de formaci\u00f3n, organizaci\u00f3n comunitaria y defensa de derechos en territorios donde las desigualdades son m\u00e1s profundas. Actualmente estamos<\/p>\n","protected":false},"author":19,"featured_media":0,"parent":0,"menu_order":0,"comment_status":"closed","ping_status":"closed","template":"","meta":{"_acf_changed":false,"footnotes":""},"folder":[],"class_list":["post-619","page","type-page","status-publish","hentry"],"acf":[],"yoast_head":"<!-- This site is optimized with the Yoast SEO plugin v27.5 - https:\/\/yoast.com\/product\/yoast-seo-wordpress\/ -->\n<title>Formaci\u00f3n en Comunidad de Vulnerabilidad - #SomosFeyAlegria en Panam\u00e1<\/title>\n<meta name=\"robots\" content=\"index, follow, max-snippet:-1, max-image-preview:large, max-video-preview:-1\" \/>\n<link rel=\"canonical\" href=\"https:\/\/www.feyalegria.org\/panama\/formacion-para-el-trabajo\/\" \/>\n<meta property=\"og:locale\" content=\"es_ES\" \/>\n<meta property=\"og:type\" content=\"article\" \/>\n<meta property=\"og:title\" content=\"Formaci\u00f3n en Comunidad de Vulnerabilidad - #SomosFeyAlegria en Panam\u00e1\" \/>\n<meta property=\"og:description\" content=\"[vc_row][vc_column width=\u00bb2\/3&#8243;][vc_column_text css=\u00bb\u00bb] Fe y Alegr\u00eda Panam\u00e1 trabaja junto a comunidades en situaci\u00f3n de vulnerabilidad desde la convicci\u00f3n de la dignidad de todas las personas y su capacidad de transformar su realidad. Nuestro compromiso es acompa\u00f1ar procesos de formaci\u00f3n, organizaci\u00f3n comunitaria y defensa de derechos en territorios donde las desigualdades son m\u00e1s profundas. Actualmente estamos\" \/>\n<meta property=\"og:url\" content=\"https:\/\/www.feyalegria.org\/panama\/formacion-para-el-trabajo\/\" \/>\n<meta property=\"og:site_name\" content=\"#SomosFeyAlegria en Panam\u00e1\" \/>\n<meta property=\"article:modified_time\" content=\"2026-04-17T14:01:20+00:00\" \/>\n<meta name=\"twitter:card\" content=\"summary_large_image\" \/>\n<meta name=\"twitter:label1\" content=\"Tiempo de lectura\" \/>\n\t<meta name=\"twitter:data1\" content=\"2 minutos\" \/>\n<script type=\"application\/ld+json\" class=\"yoast-schema-graph\">{\"@context\":\"https:\\\/\\\/schema.org\",\"@graph\":[{\"@type\":\"WebPage\",\"@id\":\"https:\\\/\\\/www.feyalegria.org\\\/panama\\\/formacion-para-el-trabajo\\\/\",\"url\":\"https:\\\/\\\/www.feyalegria.org\\\/panama\\\/formacion-para-el-trabajo\\\/\",\"name\":\"Formaci\u00f3n en Comunidad de Vulnerabilidad - #SomosFeyAlegria en Panam\u00e1\",\"isPartOf\":{\"@id\":\"https:\\\/\\\/www.feyalegria.org\\\/panama\\\/#website\"},\"datePublished\":\"2020-07-21T16:30:09+00:00\",\"dateModified\":\"2026-04-17T14:01:20+00:00\",\"breadcrumb\":{\"@id\":\"https:\\\/\\\/www.feyalegria.org\\\/panama\\\/formacion-para-el-trabajo\\\/#breadcrumb\"},\"inLanguage\":\"es\",\"potentialAction\":[{\"@type\":\"ReadAction\",\"target\":[\"https:\\\/\\\/www.feyalegria.org\\\/panama\\\/formacion-para-el-trabajo\\\/\"]}]},{\"@type\":\"BreadcrumbList\",\"@id\":\"https:\\\/\\\/www.feyalegria.org\\\/panama\\\/formacion-para-el-trabajo\\\/#breadcrumb\",\"itemListElement\":[{\"@type\":\"ListItem\",\"position\":1,\"name\":\"Home\",\"item\":\"https:\\\/\\\/www.feyalegria.org\\\/panama\\\/\"},{\"@type\":\"ListItem\",\"position\":2,\"name\":\"Formaci\u00f3n en Comunidad de Vulnerabilidad\"}]},{\"@type\":\"WebSite\",\"@id\":\"https:\\\/\\\/www.feyalegria.org\\\/panama\\\/#website\",\"url\":\"https:\\\/\\\/www.feyalegria.org\\\/panama\\\/\",\"name\":\"#SomosFeyAlegria en Panam\u00e1\",\"description\":\"\",\"potentialAction\":[{\"@type\":\"SearchAction\",\"target\":{\"@type\":\"EntryPoint\",\"urlTemplate\":\"https:\\\/\\\/www.feyalegria.org\\\/panama\\\/?s={search_term_string}\"},\"query-input\":{\"@type\":\"PropertyValueSpecification\",\"valueRequired\":true,\"valueName\":\"search_term_string\"}}],\"inLanguage\":\"es\"}]}<\/script>\n<!-- \/ Yoast SEO plugin. -->","yoast_head_json":{"title":"Formaci\u00f3n en Comunidad de Vulnerabilidad - #SomosFeyAlegria en Panam\u00e1","robots":{"index":"index","follow":"follow","max-snippet":"max-snippet:-1","max-image-preview":"max-image-preview:large","max-video-preview":"max-video-preview:-1"},"canonical":"https:\/\/www.feyalegria.org\/panama\/formacion-para-el-trabajo\/","og_locale":"es_ES","og_type":"article","og_title":"Formaci\u00f3n en Comunidad de Vulnerabilidad - #SomosFeyAlegria en Panam\u00e1","og_description":"[vc_row][vc_column width=\u00bb2\/3&#8243;][vc_column_text css=\u00bb\u00bb] Fe y Alegr\u00eda Panam\u00e1 trabaja junto a comunidades en situaci\u00f3n de vulnerabilidad desde la convicci\u00f3n de la dignidad de todas las personas y su capacidad de transformar su realidad. Nuestro compromiso es acompa\u00f1ar procesos de formaci\u00f3n, organizaci\u00f3n comunitaria y defensa de derechos en territorios donde las desigualdades son m\u00e1s profundas. Actualmente estamos","og_url":"https:\/\/www.feyalegria.org\/panama\/formacion-para-el-trabajo\/","og_site_name":"#SomosFeyAlegria en Panam\u00e1","article_modified_time":"2026-04-17T14:01:20+00:00","twitter_card":"summary_large_image","twitter_misc":{"Tiempo de lectura":"2 minutos"},"schema":{"@context":"https:\/\/schema.org","@graph":[{"@type":"WebPage","@id":"https:\/\/www.feyalegria.org\/panama\/formacion-para-el-trabajo\/","url":"https:\/\/www.feyalegria.org\/panama\/formacion-para-el-trabajo\/","name":"Formaci\u00f3n en Comunidad de Vulnerabilidad - #SomosFeyAlegria en Panam\u00e1","isPartOf":{"@id":"https:\/\/www.feyalegria.org\/panama\/#website"},"datePublished":"2020-07-21T16:30:09+00:00","dateModified":"2026-04-17T14:01:20+00:00","breadcrumb":{"@id":"https:\/\/www.feyalegria.org\/panama\/formacion-para-el-trabajo\/#breadcrumb"},"inLanguage":"es","potentialAction":[{"@type":"ReadAction","target":["https:\/\/www.feyalegria.org\/panama\/formacion-para-el-trabajo\/"]}]},{"@type":"BreadcrumbList","@id":"https:\/\/www.feyalegria.org\/panama\/formacion-para-el-trabajo\/#breadcrumb","itemListElement":[{"@type":"ListItem","position":1,"name":"Home","item":"https:\/\/www.feyalegria.org\/panama\/"},{"@type":"ListItem","position":2,"name":"Formaci\u00f3n en Comunidad de Vulnerabilidad"}]},{"@type":"WebSite","@id":"https:\/\/www.feyalegria.org\/panama\/#website","url":"https:\/\/www.feyalegria.org\/panama\/","name":"#SomosFeyAlegria en Panam\u00e1","description":"","potentialAction":[{"@type":"SearchAction","target":{"@type":"EntryPoint","urlTemplate":"https:\/\/www.feyalegria.org\/panama\/?s={search_term_string}"},"query-input":{"@type":"PropertyValueSpecification","valueRequired":true,"valueName":"search_term_string"}}],"inLanguage":"es"}]}},"_links":{"self":[{"href":"https:\/\/www.feyalegria.org\/panama\/wp-json\/wp\/v2\/pages\/619","targetHints":{"allow":["GET"]}}],"collection":[{"href":"https:\/\/www.feyalegria.org\/panama\/wp-json\/wp\/v2\/pages"}],"about":[{"href":"https:\/\/www.feyalegria.org\/panama\/wp-json\/wp\/v2\/types\/page"}],"author":[{"embeddable":true,"href":"https:\/\/www.feyalegria.org\/panama\/wp-json\/wp\/v2\/users\/19"}],"replies":[{"embeddable":true,"href":"https:\/\/www.feyalegria.org\/panama\/wp-json\/wp\/v2\/comments?post=619"}],"version-history":[{"count":2,"href":"https:\/\/www.feyalegria.org\/panama\/wp-json\/wp\/v2\/pages\/619\/revisions"}],"predecessor-version":[{"id":3678,"href":"https:\/\/www.feyalegria.org\/panama\/wp-json\/wp\/v2\/pages\/619\/revisions\/3678"}],"wp:attachment":[{"href":"https:\/\/www.feyalegria.org\/panama\/wp-json\/wp\/v2\/media?parent=619"}],"wp:term":[{"taxonomy":"folder","embeddable":true,"href":"https:\/\/www.feyalegria.org\/panama\/wp-json\/wp\/v2\/folder?post=619"}],"curies":[{"name":"wp","href":"https:\/\/api.w.org\/{rel}","templated":true}]}}