 {"id":622,"date":"2020-07-21T16:35:08","date_gmt":"2020-07-21T16:35:08","guid":{"rendered":"https:\/\/www.feyalegria.org\/panama\/?page_id=622"},"modified":"2020-12-14T22:22:29","modified_gmt":"2020-12-14T22:22:29","slug":"servicio-jesuita-para-migrantes","status":"publish","type":"page","link":"https:\/\/www.feyalegria.org\/panama\/servicio-jesuita-para-migrantes\/","title":{"rendered":"Servicio Jesuita para Migrantes"},"content":{"rendered":"<div class=\"wpb-content-wrapper\"><p>[vc_row][vc_column]<div style=\"background-color:;height: 20px\" class=\"nicdark_section  \"><\/div>[vc_row_inner css=\u00bb.vc_custom_1599925111051{padding-top: 10px !important;}\u00bb][vc_column_inner width=\u00bb2\/3&#8243;][vc_column_text]<\/p>\n<p align=\"justify\">La realidad de los migrantes en Panam\u00e1, guarda una estrecha relaci\u00f3n con la situaci\u00f3n social, pol\u00edtica y econ\u00f3mica del pa\u00eds. Panam\u00e1, en los \u00faltimos a\u00f1os ha tenido un crecimiento econ\u00f3mico sostenido y alto con respecto a otros pa\u00edses de regi\u00f3n y con ello un aumento en el flujo migratorio hacia Panam\u00e1 como pa\u00eds de destino laboral. Este auge econ\u00f3mico da pista para abordar, entender y reconocer el incremento del flujo migratorio hacia el pa\u00eds.<\/p>\n<p align=\"justify\">La migraci\u00f3n hacia y por Panam\u00e1 tiene dos peculiaridades bien definidas. Los migrantes de tr\u00e1nsito, (ecuatorianos, cubanos, africanos, haitianos, etc.), que van en ruta hacia los Estados Unidos y los migrantes que tienen el pa\u00eds como destino (nicarag\u00fcenses, hondure\u00f1os, salvadore\u00f1os, dominicanos, colombianos, venezolanos, etc.); la pol\u00edtica migratoria est\u00e1 m\u00e1s enfocada en el control de los migrantes, que, en integrarlos social y laboralmente, por lo que lejos de superar los vac\u00edos, ha generado condiciones de discriminaci\u00f3n en los derechos laborales, persecuci\u00f3n y acoso, estafas perpetradas por abogados en los procesos legales, experiencias de deportaci\u00f3n, etc.<\/p>\n<p>[\/vc_column_text][\/vc_column_inner][vc_column_inner width=\u00bb1\/3&#8243;][vc_single_image image=\u00bb2144&#8243; img_size=\u00bbfull\u00bb alignment=\u00bbcenter\u00bb][\/vc_column_inner][\/vc_row_inner][\/vc_column][\/vc_row][vc_row][vc_column][vc_single_image image=\u00bb2572&#8243; img_size=\u00bbfull\u00bb alignment=\u00bbcenter\u00bb style=\u00bbvc_box_shadow_3d\u00bb][\/vc_column][\/vc_row][vc_row][vc_column][vc_column_text]<\/p>\n<p align=\"justify\">Esta realidad de los migrantes, nos debe de llevar a la acci\u00f3n \u2013 reflexi\u00f3n, no solo sobre el trato a los migrantes, sino a definir acciones que lleven a superar las causas que la generaron y definir acciones que lleven a generar proceso de autogesti\u00f3n comunitaria que vayan garantizando que las familias, j\u00f3venes, mujeres y ni\u00f1os tenga que migrar en b\u00fasqueda de un alternativa por lo que se busca es servir, acompa\u00f1ar y defender los derechos de los migrantes y sus familiares en los pa\u00edses de origen, tr\u00e1nsito y destino.<\/p>\n<p>&nbsp;<\/p>\n<p align=\"justify\">La Asociaci\u00f3n Fe y Alegr\u00eda, a trav\u00e9s del Servicio Jesuita para Migrantes,  acompa\u00f1a en la din\u00e1mica de la construcci\u00f3n de una sociedad incluyente, hospitalaria en donde se logre ejercer los derechos humanos de las personas migrantes; generando conciencia en la sociedad civil en la defensa de los derechos humanos de las personas migrantes y visibilizando el fen\u00f3meno de la migraci\u00f3n, sensibilizando a diversos actores sociales para que se logre la integraci\u00f3n de los migrantes en la sociedad y en lo laboral.<\/p>\n<p>&nbsp;<\/p>\n<p align=\"justify\">El Servicios Jesuita para Migrantes; tiene como objetivo \u201cContribuir al cumplimiento de los derechos de las personas y familias migrantes y refugiados en Panam\u00e1, a trav\u00e9s del desarrollo de acciones de acogida y protecci\u00f3n que genere las condiciones para la promoci\u00f3n e integraci\u00f3n socio laboral en la sociedad paname\u00f1a.<\/p>\n<p>&nbsp;<\/p>\n<p>[\/vc_column_text][\/vc_column][\/vc_row][vc_row][vc_column][vc_tta_tabs][vc_tta_section title=\u00bbDocumentos de inter\u00e9s\u00bb tab_id=\u00bb1607823321880-89f6d1fa-d860&#8243;][vc_row_inner][vc_column_inner width=\u00bb1\/4&#8243;][vc_single_image image=\u00bb2399&#8243;][\/vc_column_inner][vc_column_inner width=\u00bb3\/4&#8243;]<div id=\"mpc_icon_list-7669e0a024dbb55\" class=\"mpc-icon-list mpc-init mpc-icon--left mpc-typography--preset_1 \"><ul class=\"mpc-list__ul\"><li class=\"mpc-list__item mpc-parent-hover mpc-transition\" data-index=\"0\"><div class=\"mpc-list__icon\"><div data-id=\"mpc_icon-8069e0a024dbbd1\" class=\"mpc-icon mpc-init mpc-transition mpc-effect-none mpc-icon-hover \"><div class=\"mpc-icon-wrap\"><i class=\"mpc-icon-part mpc-regular mpc-transition  fa fa-angle-right\"><\/i><i class=\"mpc-icon-part mpc-hover mpc-transition  fa fa-arrow-circle-down\"><\/i><\/div><\/div><\/div><span class=\"mpc-list__title\"><p align=\"LEFT\"><strong>\n<a href=\"https:\/\/d3pugrm67vf9n7.cloudfront.net\/wp-content\/uploads\/sites\/24\/2020\/12\/13032420\/SJM-Metet%C3%AD.pdf\"noopener noreferrer\" target=\"_blank\">PROGRAMA: Acompa\u00f1amiento a personas y familias migrantes y refugiadas en Panam\u00e1 (INFORME JUNIO)<\/a><\/p><\/strong>\n\n<\/span><\/li><li class=\"mpc-list__item mpc-parent-hover mpc-transition\" data-index=\"1\"><div class=\"mpc-list__icon\"><div data-id=\"mpc_icon-8069e0a024dbbd1\" class=\"mpc-icon mpc-init mpc-transition mpc-effect-none mpc-icon-hover \"><div class=\"mpc-icon-wrap\"><i class=\"mpc-icon-part mpc-regular mpc-transition  fa fa-angle-right\"><\/i><i class=\"mpc-icon-part mpc-hover mpc-transition  fa fa-arrow-circle-down\"><\/i><\/div><\/div><\/div><span class=\"mpc-list__title\"><p align=\"LEFT\"><strong>\n<a href=\"https:\/\/d3pugrm67vf9n7.cloudfront.net\/wp-content\/uploads\/sites\/24\/2020\/12\/13032407\/Haciendo-lugar-en-tr%C3%A1nsito.pdf\"_blank\">Haciendo-lugar en tr\u00e1nsito. Reflexi\u00f3n sobre la migraci\u00f3n africana y trabajo de campo en Dari\u00e9n, Panam\u00e1<\/a><\/p><\/strong><\/span><\/li><\/ul><\/div>[\/vc_column_inner][\/vc_row_inner][\/vc_tta_section][\/vc_tta_tabs][\/vc_column][\/vc_row]<\/p>\n<\/div>","protected":false},"excerpt":{"rendered":"<p>[vc_row][vc_column][vc_row_inner css=\u00bb.vc_custom_1599925111051{padding-top: 10px !important;}\u00bb][vc_column_inner width=\u00bb2\/3&#8243;][vc_column_text] La realidad de los migrantes en Panam\u00e1, guarda una estrecha relaci\u00f3n con la situaci\u00f3n social, pol\u00edtica y econ\u00f3mica del pa\u00eds. Panam\u00e1, en los \u00faltimos a\u00f1os ha tenido un crecimiento econ\u00f3mico sostenido y alto con respecto a otros pa\u00edses de regi\u00f3n y con ello un aumento en el flujo migratorio hacia<\/p>\n","protected":false},"author":19,"featured_media":0,"parent":0,"menu_order":0,"comment_status":"closed","ping_status":"closed","template":"","meta":{"_acf_changed":false,"footnotes":""},"folder":[],"class_list":["post-622","page","type-page","status-publish","hentry"],"acf":[],"yoast_head":"<!-- This site is optimized with the Yoast SEO plugin v27.2 - https:\/\/yoast.com\/product\/yoast-seo-wordpress\/ -->\n<title>Servicio Jesuita para Migrantes - #SomosFeyAlegria en Panam\u00e1<\/title>\n<meta name=\"robots\" content=\"index, follow, max-snippet:-1, max-image-preview:large, max-video-preview:-1\" \/>\n<link rel=\"canonical\" href=\"https:\/\/www.feyalegria.org\/panama\/servicio-jesuita-para-migrantes\/\" \/>\n<meta property=\"og:locale\" content=\"es_ES\" \/>\n<meta property=\"og:type\" content=\"article\" \/>\n<meta property=\"og:title\" content=\"Servicio Jesuita para Migrantes - #SomosFeyAlegria en Panam\u00e1\" \/>\n<meta property=\"og:description\" content=\"[vc_row][vc_column][vc_row_inner css=\u00bb.vc_custom_1599925111051{padding-top: 10px !important;}\u00bb][vc_column_inner width=\u00bb2\/3&#8243;][vc_column_text] La realidad de los migrantes en Panam\u00e1, guarda una estrecha relaci\u00f3n con la situaci\u00f3n social, pol\u00edtica y econ\u00f3mica del pa\u00eds. Panam\u00e1, en los \u00faltimos a\u00f1os ha tenido un crecimiento econ\u00f3mico sostenido y alto con respecto a otros pa\u00edses de regi\u00f3n y con ello un aumento en el flujo migratorio hacia\" \/>\n<meta property=\"og:url\" content=\"https:\/\/www.feyalegria.org\/panama\/servicio-jesuita-para-migrantes\/\" \/>\n<meta property=\"og:site_name\" content=\"#SomosFeyAlegria en Panam\u00e1\" \/>\n<meta property=\"article:modified_time\" content=\"2020-12-14T22:22:29+00:00\" \/>\n<meta name=\"twitter:card\" content=\"summary_large_image\" \/>\n<meta name=\"twitter:label1\" content=\"Tiempo de lectura\" \/>\n\t<meta name=\"twitter:data1\" content=\"4 minutos\" \/>\n<script type=\"application\/ld+json\" class=\"yoast-schema-graph\">{\"@context\":\"https:\/\/schema.org\",\"@graph\":[{\"@type\":\"WebPage\",\"@id\":\"https:\/\/www.feyalegria.org\/panama\/servicio-jesuita-para-migrantes\/\",\"url\":\"https:\/\/www.feyalegria.org\/panama\/servicio-jesuita-para-migrantes\/\",\"name\":\"Servicio Jesuita para Migrantes - #SomosFeyAlegria en Panam\u00e1\",\"isPartOf\":{\"@id\":\"https:\/\/www.feyalegria.org\/panama\/#website\"},\"datePublished\":\"2020-07-21T16:35:08+00:00\",\"dateModified\":\"2020-12-14T22:22:29+00:00\",\"breadcrumb\":{\"@id\":\"https:\/\/www.feyalegria.org\/panama\/servicio-jesuita-para-migrantes\/#breadcrumb\"},\"inLanguage\":\"es\",\"potentialAction\":[{\"@type\":\"ReadAction\",\"target\":[\"https:\/\/www.feyalegria.org\/panama\/servicio-jesuita-para-migrantes\/\"]}]},{\"@type\":\"BreadcrumbList\",\"@id\":\"https:\/\/www.feyalegria.org\/panama\/servicio-jesuita-para-migrantes\/#breadcrumb\",\"itemListElement\":[{\"@type\":\"ListItem\",\"position\":1,\"name\":\"Home\",\"item\":\"https:\/\/www.feyalegria.org\/panama\/\"},{\"@type\":\"ListItem\",\"position\":2,\"name\":\"Servicio Jesuita para Migrantes\"}]},{\"@type\":\"WebSite\",\"@id\":\"https:\/\/www.feyalegria.org\/panama\/#website\",\"url\":\"https:\/\/www.feyalegria.org\/panama\/\",\"name\":\"#SomosFeyAlegria en Panam\u00e1\",\"description\":\"\",\"potentialAction\":[{\"@type\":\"SearchAction\",\"target\":{\"@type\":\"EntryPoint\",\"urlTemplate\":\"https:\/\/www.feyalegria.org\/panama\/?s={search_term_string}\"},\"query-input\":{\"@type\":\"PropertyValueSpecification\",\"valueRequired\":true,\"valueName\":\"search_term_string\"}}],\"inLanguage\":\"es\"}]}<\/script>\n<!-- \/ Yoast SEO plugin. -->","yoast_head_json":{"title":"Servicio Jesuita para Migrantes - #SomosFeyAlegria en Panam\u00e1","robots":{"index":"index","follow":"follow","max-snippet":"max-snippet:-1","max-image-preview":"max-image-preview:large","max-video-preview":"max-video-preview:-1"},"canonical":"https:\/\/www.feyalegria.org\/panama\/servicio-jesuita-para-migrantes\/","og_locale":"es_ES","og_type":"article","og_title":"Servicio Jesuita para Migrantes - #SomosFeyAlegria en Panam\u00e1","og_description":"[vc_row][vc_column][vc_row_inner css=\u00bb.vc_custom_1599925111051{padding-top: 10px !important;}\u00bb][vc_column_inner width=\u00bb2\/3&#8243;][vc_column_text] La realidad de los migrantes en Panam\u00e1, guarda una estrecha relaci\u00f3n con la situaci\u00f3n social, pol\u00edtica y econ\u00f3mica del pa\u00eds. Panam\u00e1, en los \u00faltimos a\u00f1os ha tenido un crecimiento econ\u00f3mico sostenido y alto con respecto a otros pa\u00edses de regi\u00f3n y con ello un aumento en el flujo migratorio hacia","og_url":"https:\/\/www.feyalegria.org\/panama\/servicio-jesuita-para-migrantes\/","og_site_name":"#SomosFeyAlegria en Panam\u00e1","article_modified_time":"2020-12-14T22:22:29+00:00","twitter_card":"summary_large_image","twitter_misc":{"Tiempo de lectura":"4 minutos"},"schema":{"@context":"https:\/\/schema.org","@graph":[{"@type":"WebPage","@id":"https:\/\/www.feyalegria.org\/panama\/servicio-jesuita-para-migrantes\/","url":"https:\/\/www.feyalegria.org\/panama\/servicio-jesuita-para-migrantes\/","name":"Servicio Jesuita para Migrantes - #SomosFeyAlegria en Panam\u00e1","isPartOf":{"@id":"https:\/\/www.feyalegria.org\/panama\/#website"},"datePublished":"2020-07-21T16:35:08+00:00","dateModified":"2020-12-14T22:22:29+00:00","breadcrumb":{"@id":"https:\/\/www.feyalegria.org\/panama\/servicio-jesuita-para-migrantes\/#breadcrumb"},"inLanguage":"es","potentialAction":[{"@type":"ReadAction","target":["https:\/\/www.feyalegria.org\/panama\/servicio-jesuita-para-migrantes\/"]}]},{"@type":"BreadcrumbList","@id":"https:\/\/www.feyalegria.org\/panama\/servicio-jesuita-para-migrantes\/#breadcrumb","itemListElement":[{"@type":"ListItem","position":1,"name":"Home","item":"https:\/\/www.feyalegria.org\/panama\/"},{"@type":"ListItem","position":2,"name":"Servicio Jesuita para Migrantes"}]},{"@type":"WebSite","@id":"https:\/\/www.feyalegria.org\/panama\/#website","url":"https:\/\/www.feyalegria.org\/panama\/","name":"#SomosFeyAlegria en Panam\u00e1","description":"","potentialAction":[{"@type":"SearchAction","target":{"@type":"EntryPoint","urlTemplate":"https:\/\/www.feyalegria.org\/panama\/?s={search_term_string}"},"query-input":{"@type":"PropertyValueSpecification","valueRequired":true,"valueName":"search_term_string"}}],"inLanguage":"es"}]}},"_links":{"self":[{"href":"https:\/\/www.feyalegria.org\/panama\/wp-json\/wp\/v2\/pages\/622","targetHints":{"allow":["GET"]}}],"collection":[{"href":"https:\/\/www.feyalegria.org\/panama\/wp-json\/wp\/v2\/pages"}],"about":[{"href":"https:\/\/www.feyalegria.org\/panama\/wp-json\/wp\/v2\/types\/page"}],"author":[{"embeddable":true,"href":"https:\/\/www.feyalegria.org\/panama\/wp-json\/wp\/v2\/users\/19"}],"replies":[{"embeddable":true,"href":"https:\/\/www.feyalegria.org\/panama\/wp-json\/wp\/v2\/comments?post=622"}],"version-history":[{"count":0,"href":"https:\/\/www.feyalegria.org\/panama\/wp-json\/wp\/v2\/pages\/622\/revisions"}],"wp:attachment":[{"href":"https:\/\/www.feyalegria.org\/panama\/wp-json\/wp\/v2\/media?parent=622"}],"wp:term":[{"taxonomy":"folder","embeddable":true,"href":"https:\/\/www.feyalegria.org\/panama\/wp-json\/wp\/v2\/folder?post=622"}],"curies":[{"name":"wp","href":"https:\/\/api.w.org\/{rel}","templated":true}]}}