 {"id":624,"date":"2020-07-21T16:44:17","date_gmt":"2020-07-21T16:44:17","guid":{"rendered":"https:\/\/www.feyalegria.org\/panama\/?page_id=624"},"modified":"2020-12-16T18:22:01","modified_gmt":"2020-12-16T18:22:01","slug":"liderazgo-juvenil","status":"publish","type":"page","link":"https:\/\/www.feyalegria.org\/panama\/liderazgo-juvenil\/","title":{"rendered":"Liderazgo Juvenil"},"content":{"rendered":"<div class=\"wpb-content-wrapper\"><p>[vc_row][vc_column][vc_row_inner css=\u00bb.vc_custom_1599927872877{padding-top: 10px !important;}\u00bb][vc_column_inner width=\u00bb2\/3&#8243;][vc_column_text]<\/p>\n<p align=\"justify\">La Asociaci\u00f3n Fe y Alegr\u00eda, busca contribuir en la formaci\u00f3n de hombres y mujeres como agentes de cambio para lograr la construcci\u00f3n de una sociedad m\u00e1s justa, solidaria y equitativa; apostamos todo nuestro trabajo por los\/as j\u00f3venes de comunidades vulnerables logren tener mejores oportunidades para el desarrollo humano sostenible comunitario, teniendo como fundamento la formaci\u00f3n integral del sujeto potenciando el respeto, la convivencia, la equidad de g\u00e9nero y la resoluci\u00f3n pac\u00edfica de los conflictos.<\/p>\n<p>&nbsp;<\/p>\n<p>Desde el 2002 hasta la fecha, se ha venido acompa\u00f1ando a los j\u00f3venes en el proceso de liderazgo, protagonismos y participaci\u00f3n juvenil por una cultura de paz con ni\u00f1as, ni\u00f1os y adolescentes en situaci\u00f3n de riesgo.<\/p>\n<p>&nbsp;<\/p>\n<p>[\/vc_column_text][\/vc_column_inner][vc_column_inner width=\u00bb1\/3&#8243;][vc_single_image image=\u00bb2176&#8243; img_size=\u00bbfull\u00bb alignment=\u00bbcenter\u00bb][\/vc_column_inner][\/vc_row_inner][\/vc_column][\/vc_row][vc_row][vc_column][vc_single_image image=\u00bb2388&#8243; img_size=\u00bbfull\u00bb alignment=\u00bbcenter\u00bb style=\u00bbvc_box_shadow_3d\u00bb][\/vc_column][\/vc_row][vc_row][vc_column][vc_column_text]<\/p>\n<p align=\"justify\">Se cuenta con la experiencia de acompa\u00f1amiento, sensibilizaci\u00f3n a j\u00f3venes en riesgo social, desde los \u00e1mbitos urbano marginales, sub-urbanos y rurales, ya que mediante m\u00e1s de una d\u00e9cada de quehacer educativo y de promoci\u00f3n social, desde nuestros centros de Educaci\u00f3n Formal y de Promoci\u00f3n Social con el apoyo de entidades gubernamentales y la cooperaci\u00f3n internacional hemos procurado brindar una educaci\u00f3n integral de calidad a estos grupos humanos para contribuir en el desarrollo de ciudadanos cr\u00edticos, objetivos y con valores fortalecidos para enfrentar la lucha contra la pobreza y la desigualdad.<\/p>\n<p>&nbsp;<\/p>\n<p>[\/vc_column_text][\/vc_column][\/vc_row][vc_row][vc_column width=\u00bb1\/3&#8243;][vc_single_image image=\u00bb2389&#8243; img_size=\u00bbfull\u00bb alignment=\u00bbcenter\u00bb][\/vc_column][vc_column width=\u00bb2\/3&#8243;][vc_column_text]<\/p>\n<p>El fundamento de nuestra propuesta el trabajo es la b\u00fasqueda de estrategias para el desarrollo de capacidades juveniles para el compromiso social \u201cver, juzgar y actuar\u201d; que les permitan confrontar sus acciones, pr\u00e1cticas con nuevos conocimientos permiti\u00e9ndoles adquirir herramientas conceptuales, procedimientos y actitudinales para la vida como ente social, pol\u00edtico y ecol\u00f3gico.<\/p>\n<p>&nbsp;<\/p>\n<p>Es una formaci\u00f3n y capacitaci\u00f3n para adquirir habilidades y destrezas biopsicosociales, para interactuar en contextos vulnerables y entender la din\u00e1mica democr\u00e1tica que se debe vivir en la comunidad personal, familiar y comunitaria, lo que nos lleva educar en libertad, equidad y armon\u00eda.<\/p>\n<p>&nbsp;<\/p>\n<p>Entre las principales tem\u00e1ticas est\u00e1n: oportunidad conocimiento personal liderazgo, construcci\u00f3n de ciudadan\u00eda; responsabilidad compartida, etc. y as\u00ed lograr contribuir en el desarrollo del proceso de formaci\u00f3n integral para j\u00f3venes y adultos que garantice el desarrollo integral de j\u00f3venes competentes, conscientes, compasivos y comprometidos.<\/p>\n<p>&nbsp;<\/p>\n<p>[\/vc_column_text][\/vc_column][\/vc_row][vc_row][vc_column]<div style=\"background-color:;height: 50px\" class=\"nicdark_section  \"><\/div>[\/vc_column][\/vc_row]<\/p>\n<\/div>","protected":false},"excerpt":{"rendered":"<p>[vc_row][vc_column][vc_row_inner css=\u00bb.vc_custom_1599927872877{padding-top: 10px !important;}\u00bb][vc_column_inner width=\u00bb2\/3&#8243;][vc_column_text] La Asociaci\u00f3n Fe y Alegr\u00eda, busca contribuir en la formaci\u00f3n de hombres y mujeres como agentes de cambio para lograr la construcci\u00f3n de una sociedad m\u00e1s justa, solidaria y equitativa; apostamos todo nuestro trabajo por los\/as j\u00f3venes de comunidades vulnerables logren tener mejores oportunidades para el desarrollo humano sostenible comunitario,<\/p>\n","protected":false},"author":19,"featured_media":0,"parent":0,"menu_order":0,"comment_status":"closed","ping_status":"closed","template":"","meta":{"_acf_changed":false,"footnotes":""},"folder":[],"class_list":["post-624","page","type-page","status-publish","hentry"],"acf":[],"yoast_head":"<!-- This site is optimized with the Yoast SEO plugin v27.2 - https:\/\/yoast.com\/product\/yoast-seo-wordpress\/ -->\n<title>Liderazgo Juvenil - #SomosFeyAlegria en Panam\u00e1<\/title>\n<meta name=\"robots\" content=\"index, follow, max-snippet:-1, max-image-preview:large, max-video-preview:-1\" \/>\n<link rel=\"canonical\" href=\"https:\/\/www.feyalegria.org\/panama\/liderazgo-juvenil\/\" \/>\n<meta property=\"og:locale\" content=\"es_ES\" \/>\n<meta property=\"og:type\" content=\"article\" \/>\n<meta property=\"og:title\" content=\"Liderazgo Juvenil - #SomosFeyAlegria en Panam\u00e1\" \/>\n<meta property=\"og:description\" content=\"[vc_row][vc_column][vc_row_inner css=\u00bb.vc_custom_1599927872877{padding-top: 10px !important;}\u00bb][vc_column_inner width=\u00bb2\/3&#8243;][vc_column_text] La Asociaci\u00f3n Fe y Alegr\u00eda, busca contribuir en la formaci\u00f3n de hombres y mujeres como agentes de cambio para lograr la construcci\u00f3n de una sociedad m\u00e1s justa, solidaria y equitativa; apostamos todo nuestro trabajo por los\/as j\u00f3venes de comunidades vulnerables logren tener mejores oportunidades para el desarrollo humano sostenible comunitario,\" \/>\n<meta property=\"og:url\" content=\"https:\/\/www.feyalegria.org\/panama\/liderazgo-juvenil\/\" \/>\n<meta property=\"og:site_name\" content=\"#SomosFeyAlegria en Panam\u00e1\" \/>\n<meta property=\"article:modified_time\" content=\"2020-12-16T18:22:01+00:00\" \/>\n<meta name=\"twitter:card\" content=\"summary_large_image\" \/>\n<meta name=\"twitter:label1\" content=\"Tiempo de lectura\" \/>\n\t<meta name=\"twitter:data1\" content=\"3 minutos\" \/>\n<script type=\"application\/ld+json\" class=\"yoast-schema-graph\">{\"@context\":\"https:\/\/schema.org\",\"@graph\":[{\"@type\":\"WebPage\",\"@id\":\"https:\/\/www.feyalegria.org\/panama\/liderazgo-juvenil\/\",\"url\":\"https:\/\/www.feyalegria.org\/panama\/liderazgo-juvenil\/\",\"name\":\"Liderazgo Juvenil - #SomosFeyAlegria en Panam\u00e1\",\"isPartOf\":{\"@id\":\"https:\/\/www.feyalegria.org\/panama\/#website\"},\"datePublished\":\"2020-07-21T16:44:17+00:00\",\"dateModified\":\"2020-12-16T18:22:01+00:00\",\"breadcrumb\":{\"@id\":\"https:\/\/www.feyalegria.org\/panama\/liderazgo-juvenil\/#breadcrumb\"},\"inLanguage\":\"es\",\"potentialAction\":[{\"@type\":\"ReadAction\",\"target\":[\"https:\/\/www.feyalegria.org\/panama\/liderazgo-juvenil\/\"]}]},{\"@type\":\"BreadcrumbList\",\"@id\":\"https:\/\/www.feyalegria.org\/panama\/liderazgo-juvenil\/#breadcrumb\",\"itemListElement\":[{\"@type\":\"ListItem\",\"position\":1,\"name\":\"Home\",\"item\":\"https:\/\/www.feyalegria.org\/panama\/\"},{\"@type\":\"ListItem\",\"position\":2,\"name\":\"Liderazgo Juvenil\"}]},{\"@type\":\"WebSite\",\"@id\":\"https:\/\/www.feyalegria.org\/panama\/#website\",\"url\":\"https:\/\/www.feyalegria.org\/panama\/\",\"name\":\"#SomosFeyAlegria en Panam\u00e1\",\"description\":\"\",\"potentialAction\":[{\"@type\":\"SearchAction\",\"target\":{\"@type\":\"EntryPoint\",\"urlTemplate\":\"https:\/\/www.feyalegria.org\/panama\/?s={search_term_string}\"},\"query-input\":{\"@type\":\"PropertyValueSpecification\",\"valueRequired\":true,\"valueName\":\"search_term_string\"}}],\"inLanguage\":\"es\"}]}<\/script>\n<!-- \/ Yoast SEO plugin. -->","yoast_head_json":{"title":"Liderazgo Juvenil - #SomosFeyAlegria en Panam\u00e1","robots":{"index":"index","follow":"follow","max-snippet":"max-snippet:-1","max-image-preview":"max-image-preview:large","max-video-preview":"max-video-preview:-1"},"canonical":"https:\/\/www.feyalegria.org\/panama\/liderazgo-juvenil\/","og_locale":"es_ES","og_type":"article","og_title":"Liderazgo Juvenil - #SomosFeyAlegria en Panam\u00e1","og_description":"[vc_row][vc_column][vc_row_inner css=\u00bb.vc_custom_1599927872877{padding-top: 10px !important;}\u00bb][vc_column_inner width=\u00bb2\/3&#8243;][vc_column_text] La Asociaci\u00f3n Fe y Alegr\u00eda, busca contribuir en la formaci\u00f3n de hombres y mujeres como agentes de cambio para lograr la construcci\u00f3n de una sociedad m\u00e1s justa, solidaria y equitativa; apostamos todo nuestro trabajo por los\/as j\u00f3venes de comunidades vulnerables logren tener mejores oportunidades para el desarrollo humano sostenible comunitario,","og_url":"https:\/\/www.feyalegria.org\/panama\/liderazgo-juvenil\/","og_site_name":"#SomosFeyAlegria en Panam\u00e1","article_modified_time":"2020-12-16T18:22:01+00:00","twitter_card":"summary_large_image","twitter_misc":{"Tiempo de lectura":"3 minutos"},"schema":{"@context":"https:\/\/schema.org","@graph":[{"@type":"WebPage","@id":"https:\/\/www.feyalegria.org\/panama\/liderazgo-juvenil\/","url":"https:\/\/www.feyalegria.org\/panama\/liderazgo-juvenil\/","name":"Liderazgo Juvenil - #SomosFeyAlegria en Panam\u00e1","isPartOf":{"@id":"https:\/\/www.feyalegria.org\/panama\/#website"},"datePublished":"2020-07-21T16:44:17+00:00","dateModified":"2020-12-16T18:22:01+00:00","breadcrumb":{"@id":"https:\/\/www.feyalegria.org\/panama\/liderazgo-juvenil\/#breadcrumb"},"inLanguage":"es","potentialAction":[{"@type":"ReadAction","target":["https:\/\/www.feyalegria.org\/panama\/liderazgo-juvenil\/"]}]},{"@type":"BreadcrumbList","@id":"https:\/\/www.feyalegria.org\/panama\/liderazgo-juvenil\/#breadcrumb","itemListElement":[{"@type":"ListItem","position":1,"name":"Home","item":"https:\/\/www.feyalegria.org\/panama\/"},{"@type":"ListItem","position":2,"name":"Liderazgo Juvenil"}]},{"@type":"WebSite","@id":"https:\/\/www.feyalegria.org\/panama\/#website","url":"https:\/\/www.feyalegria.org\/panama\/","name":"#SomosFeyAlegria en Panam\u00e1","description":"","potentialAction":[{"@type":"SearchAction","target":{"@type":"EntryPoint","urlTemplate":"https:\/\/www.feyalegria.org\/panama\/?s={search_term_string}"},"query-input":{"@type":"PropertyValueSpecification","valueRequired":true,"valueName":"search_term_string"}}],"inLanguage":"es"}]}},"_links":{"self":[{"href":"https:\/\/www.feyalegria.org\/panama\/wp-json\/wp\/v2\/pages\/624","targetHints":{"allow":["GET"]}}],"collection":[{"href":"https:\/\/www.feyalegria.org\/panama\/wp-json\/wp\/v2\/pages"}],"about":[{"href":"https:\/\/www.feyalegria.org\/panama\/wp-json\/wp\/v2\/types\/page"}],"author":[{"embeddable":true,"href":"https:\/\/www.feyalegria.org\/panama\/wp-json\/wp\/v2\/users\/19"}],"replies":[{"embeddable":true,"href":"https:\/\/www.feyalegria.org\/panama\/wp-json\/wp\/v2\/comments?post=624"}],"version-history":[{"count":0,"href":"https:\/\/www.feyalegria.org\/panama\/wp-json\/wp\/v2\/pages\/624\/revisions"}],"wp:attachment":[{"href":"https:\/\/www.feyalegria.org\/panama\/wp-json\/wp\/v2\/media?parent=624"}],"wp:term":[{"taxonomy":"folder","embeddable":true,"href":"https:\/\/www.feyalegria.org\/panama\/wp-json\/wp\/v2\/folder?post=624"}],"curies":[{"name":"wp","href":"https:\/\/api.w.org\/{rel}","templated":true}]}}