 {"id":11368,"date":"2024-06-03T19:24:15","date_gmt":"2024-06-04T00:24:15","guid":{"rendered":"https:\/\/www.feyalegria.org\/paraguay\/?page_id=11368"},"modified":"2025-05-05T07:45:26","modified_gmt":"2025-05-05T12:45:26","slug":"informacion_publica","status":"publish","type":"page","link":"https:\/\/www.feyalegria.org\/paraguay\/informacion_publica\/","title":{"rendered":"Informaci\u00f3n P\u00fablica"},"content":{"rendered":"<div class=\"wpb-content-wrapper\"><p>[vc_row][vc_column]<div style=\"background-color:;height: 30px\" class=\"nicdark_section  \"><\/div>[vc_column_text css=\u00bb\u00bb]<span style=\"color: #c40404;\"><strong><span style=\"font-size: 32px;\">Informaci\u00f3n P\u00fablica<\/span><\/strong><\/span>[\/vc_column_text]<div style=\"background-color:;height: 20px\" class=\"nicdark_section  \"><\/div>[vc_column_text css=\u00bb\u00bb]<span style=\"font-size: 17px;\">Fe y Alegr\u00eda Paraguay, en cumplimiento a la <span style=\"color: #a30000;\"><a style=\"color: #a30000;\" href=\"https:\/\/drive.google.com\/file\/d\/1xIDvhrK9vaRCcpv2vAn_nPdJhdr7Gk-u\/view?usp=sharing\">Resoluci\u00f3n N\u00ba 92\/2024<\/a><\/span> del Viceministerio de Capital Humano y Gesti\u00f3n Organizacional del Ministerio de Econom\u00eda y Finanzas, \u201cPor la cual se establece el procedimiento de acreditaci\u00f3n del cumplimiento formal y monitoreo del contenido material de publicaci\u00f3n obligatoria de informaci\u00f3n sobre el uso de los recursos p\u00fablicos para organismos no gubernamentales, fundaciones, asociaciones, comisiones vecinales u otras personas jur\u00eddicas privadas sin fines de lucro o con fines de bien social que reciben, administran o invierten fondos p\u00fablicos, establecidas en la <span style=\"color: #a30000;\"><a style=\"color: #a30000;\" href=\"https:\/\/drive.google.com\/file\/d\/1Ar0XcbC8p98rcbbPyODa0aJ2PJOpQWOO\/view?usp=sharing\">Ley N\u00ba 5189\/2014<\/a><\/span> y su modificatoria\u201d, pone a disposici\u00f3n las siguientes documentaciones<\/span>:[\/vc_column_text][\/vc_column][vc_column]<div style=\"background-color:;height: 20px\" class=\"nicdark_section  \"><\/div>[\/vc_column][\/vc_row][vc_row][vc_column width=\u00bb1\/3&#8243;][vc_btn title=\u00bbDetalles Generales de la Organizaci\u00f3n\u00bb color=\u00bbinfo\u00bb size=\u00bbsm\u00bb align=\u00bbcenter\u00bb css_animation=\u00bbfadeIn\u00bb css=\u00bb\u00bb button_block=\u00bbtrue\u00bb link=\u00bburl:https%3A%2F%2Fdrive.google.com%2Ffile%2Fd%2F1aB_nw9Fjl6ztUp9wbd-gmpqUYwYHRWzm%2Fview%3Fusp%3Dsharing|target:_blank\u00bb][vc_btn title=\u00bbN\u00f3mina de la Junta Directiva\u00bb color=\u00bbinfo\u00bb size=\u00bbsm\u00bb align=\u00bbcenter\u00bb css_animation=\u00bbfadeIn\u00bb css=\u00bb\u00bb button_block=\u00bbtrue\u00bb link=\u00bburl:https%3A%2F%2Fdrive.google.com%2Ffile%2Fd%2F1M_Je-MD8QjGQTCIYavJxcmseZShkOSfY%2Fview%3Fusp%3Dsharing|target:_blank\u00bb][\/vc_column][vc_column width=\u00bb1\/3&#8243;][vc_btn title=\u00bbConstituci\u00f3n y Estatutos Sociales\u00bb color=\u00bbinfo\u00bb size=\u00bbsm\u00bb align=\u00bbcenter\u00bb css_animation=\u00bbfadeIn\u00bb css=\u00bb\u00bb button_block=\u00bbtrue\u00bb link=\u00bburl:https%3A%2F%2Fdrive.google.com%2Ffile%2Fd%2F1KmA52vWz41_lTHqTjkEMXHaLa4aE4gDg%2Fview%3Fusp%3Dsharing|target:_blank\u00bb][vc_btn title=\u00bbDispocisi\u00f3n de Reconocimiento\u00bb color=\u00bbinfo\u00bb size=\u00bbsm\u00bb align=\u00bbcenter\u00bb css_animation=\u00bbfadeIn\u00bb css=\u00bb\u00bb button_block=\u00bbtrue\u00bb link=\u00bburl:https%3A%2F%2Fdrive.google.com%2Ffile%2Fd%2F1lSjrnmjt3m5nvFS5zdR1BMZrqQpPAA1l%2Fview%3Fusp%3Dsharing|target:_blank\u00bb][\/vc_column][vc_column width=\u00bb1\/3&#8243;][vc_btn title=\u00bbDocumento de Elecci\u00f3n de Autoridades\u00bb color=\u00bbinfo\u00bb size=\u00bbsm\u00bb align=\u00bbcenter\u00bb css_animation=\u00bbfadeIn\u00bb css=\u00bb\u00bb button_block=\u00bbtrue\u00bb link=\u00bburl:https%3A%2F%2Fdrive.google.com%2Ffile%2Fd%2F1CJ2U_-FngANvNo-atoTB1UPIu-lQWLz5%2Fview%3Fusp%3Dsharing|target:_blank\u00bb][vc_btn title=\u00bbDetalle de utilizaci\u00f3n de recursos p\u00fablicos\u00bb color=\u00bbprimary\u00bb size=\u00bbsm\u00bb align=\u00bbcenter\u00bb css_animation=\u00bbfadeIn\u00bb css=\u00bb\u00bb button_block=\u00bbtrue\u00bb link=\u00bburl:https%3A%2F%2Fwww.feyalegria.org%2Fparaguay%2Fdetalle-de-la-utilizacion-de-los-recursos-publicos-administrados%2F|target:_blank\u00bb][\/vc_column][\/vc_row][vc_row equal_height=\u00bbyes\u00bb css=\u00bb.vc_custom_1718745106703{background-color: #ffffff !important;}\u00bb][vc_column][vc_column_text css=\u00bb\u00bb]<\/p>\n<p style=\"text-align: center;\"><span style=\"font-size: 19px;\"><a href=\"https:\/\/drive.google.com\/file\/d\/1lV-y9yME9CCVcXF9WrfdUIbwru8PqZfj\/view?usp=sharing\"><span style=\"color: #993366;\"><b data-stringify-type=\"bold\">Constancia VCHGO<\/b><\/span><\/a><\/span><\/p>\n<p>[\/vc_column_text][\/vc_column][\/vc_row][vc_row][vc_column]<div style=\"background-color:;height: 40px\" class=\"nicdark_section  \"><\/div>[\/vc_column][\/vc_row]<\/p>\n<\/div>","protected":false},"excerpt":{"rendered":"<p>[vc_row][vc_column][vc_column_text css=\u00bb\u00bb]Informaci\u00f3n P\u00fablica[\/vc_column_text][vc_column_text css=\u00bb\u00bb]Fe y Alegr\u00eda Paraguay, en cumplimiento a la Resoluci\u00f3n N\u00ba 92\/2024 del Viceministerio de Capital Humano y Gesti\u00f3n Organizacional del Ministerio de Econom\u00eda y Finanzas, \u201cPor la cual se establece el procedimiento de acreditaci\u00f3n del cumplimiento formal y monitoreo del contenido material de publicaci\u00f3n obligatoria de informaci\u00f3n sobre el uso de los<\/p>\n","protected":false},"author":59,"featured_media":0,"parent":0,"menu_order":0,"comment_status":"closed","ping_status":"closed","template":"","meta":{"_acf_changed":false,"footnotes":""},"folder":[],"class_list":["post-11368","page","type-page","status-publish","hentry"],"acf":[],"yoast_head":"<!-- This site is optimized with the Yoast SEO plugin v27.2 - https:\/\/yoast.com\/product\/yoast-seo-wordpress\/ -->\n<title>Informaci\u00f3n P\u00fablica - #SomosFeyAlegria en Paraguay<\/title>\n<meta name=\"description\" content=\"Fe y Alegr\u00eda Paraguay, en cumplimiento a la Resoluci\u00f3n n.\u00ba 92\/2024 del Viceministerio de Capital Humano y Gesti\u00f3n Organizacional del Ministerio de Econom\u00eda y Finanzas, \u201cPor la cual se establece el procedimiento de acreditaci\u00f3n del cumplimiento formal y monitoreo del contenido material de publicaci\u00f3n obligatoria de informaci\u00f3n sobre el uso de los recursos p\u00fablicos para organismos no gubernamentales, fundaciones, asociaciones, comisiones vecinales u otras personas jur\u00eddicas privadas sin fines de lucro o con fines de bien social que reciben, administran o invierten fondos p\u00fablicos, establecidas en la Ley n.\u00ba 5189\/2014 y su modificatoria\u201d, pone a disposici\u00f3n las siguientes documentaciones:\" \/>\n<meta name=\"robots\" content=\"index, follow, max-snippet:-1, max-image-preview:large, max-video-preview:-1\" \/>\n<link rel=\"canonical\" href=\"https:\/\/www.feyalegria.org\/paraguay\/informacion_publica\/\" \/>\n<meta property=\"og:locale\" content=\"es_ES\" \/>\n<meta property=\"og:type\" content=\"article\" \/>\n<meta property=\"og:title\" content=\"Informaci\u00f3n P\u00fablica - #SomosFeyAlegria en Paraguay\" \/>\n<meta property=\"og:description\" content=\"Fe y Alegr\u00eda Paraguay, en cumplimiento a la Resoluci\u00f3n n.\u00ba 92\/2024 del Viceministerio de Capital Humano y Gesti\u00f3n Organizacional del Ministerio de Econom\u00eda y Finanzas, \u201cPor la cual se establece el procedimiento de acreditaci\u00f3n del cumplimiento formal y monitoreo del contenido material de publicaci\u00f3n obligatoria de informaci\u00f3n sobre el uso de los recursos p\u00fablicos para organismos no gubernamentales, fundaciones, asociaciones, comisiones vecinales u otras personas jur\u00eddicas privadas sin fines de lucro o con fines de bien social que reciben, administran o invierten fondos p\u00fablicos, establecidas en la Ley n.\u00ba 5189\/2014 y su modificatoria\u201d, pone a disposici\u00f3n las siguientes documentaciones:\" \/>\n<meta property=\"og:url\" content=\"https:\/\/www.feyalegria.org\/paraguay\/informacion_publica\/\" \/>\n<meta property=\"og:site_name\" content=\"#SomosFeyAlegria en Paraguay\" \/>\n<meta property=\"article:modified_time\" content=\"2025-05-05T12:45:26+00:00\" \/>\n<meta name=\"twitter:card\" content=\"summary_large_image\" \/>\n<meta name=\"twitter:label1\" content=\"Tiempo de lectura\" \/>\n\t<meta name=\"twitter:data1\" content=\"1 minuto\" \/>\n<script type=\"application\/ld+json\" class=\"yoast-schema-graph\">{\"@context\":\"https:\/\/schema.org\",\"@graph\":[{\"@type\":\"WebPage\",\"@id\":\"https:\/\/www.feyalegria.org\/paraguay\/informacion_publica\/\",\"url\":\"https:\/\/www.feyalegria.org\/paraguay\/informacion_publica\/\",\"name\":\"Informaci\u00f3n P\u00fablica - #SomosFeyAlegria en Paraguay\",\"isPartOf\":{\"@id\":\"https:\/\/www.feyalegria.org\/paraguay\/#website\"},\"datePublished\":\"2024-06-04T00:24:15+00:00\",\"dateModified\":\"2025-05-05T12:45:26+00:00\",\"description\":\"Fe y Alegr\u00eda Paraguay, en cumplimiento a la Resoluci\u00f3n n.\u00ba 92\/2024 del Viceministerio de Capital Humano y Gesti\u00f3n Organizacional del Ministerio de Econom\u00eda y Finanzas, \u201cPor la cual se establece el procedimiento de acreditaci\u00f3n del cumplimiento formal y monitoreo del contenido material de publicaci\u00f3n obligatoria de informaci\u00f3n sobre el uso de los recursos p\u00fablicos para organismos no gubernamentales, fundaciones, asociaciones, comisiones vecinales u otras personas jur\u00eddicas privadas sin fines de lucro o con fines de bien social que reciben, administran o invierten fondos p\u00fablicos, establecidas en la Ley n.\u00ba 5189\/2014 y su modificatoria\u201d, pone a disposici\u00f3n las siguientes documentaciones:\",\"breadcrumb\":{\"@id\":\"https:\/\/www.feyalegria.org\/paraguay\/informacion_publica\/#breadcrumb\"},\"inLanguage\":\"es\",\"potentialAction\":[{\"@type\":\"ReadAction\",\"target\":[\"https:\/\/www.feyalegria.org\/paraguay\/informacion_publica\/\"]}]},{\"@type\":\"BreadcrumbList\",\"@id\":\"https:\/\/www.feyalegria.org\/paraguay\/informacion_publica\/#breadcrumb\",\"itemListElement\":[{\"@type\":\"ListItem\",\"position\":1,\"name\":\"Home\",\"item\":\"https:\/\/www.feyalegria.org\/paraguay\/\"},{\"@type\":\"ListItem\",\"position\":2,\"name\":\"Informaci\u00f3n P\u00fablica\"}]},{\"@type\":\"WebSite\",\"@id\":\"https:\/\/www.feyalegria.org\/paraguay\/#website\",\"url\":\"https:\/\/www.feyalegria.org\/paraguay\/\",\"name\":\"#SomosFeyAlegria en Paraguay\",\"description\":\"Movimiento de Educaci\u00f3n Popular y Promoci\u00f3n Social\",\"potentialAction\":[{\"@type\":\"SearchAction\",\"target\":{\"@type\":\"EntryPoint\",\"urlTemplate\":\"https:\/\/www.feyalegria.org\/paraguay\/?s={search_term_string}\"},\"query-input\":{\"@type\":\"PropertyValueSpecification\",\"valueRequired\":true,\"valueName\":\"search_term_string\"}}],\"inLanguage\":\"es\"}]}<\/script>\n<!-- \/ Yoast SEO plugin. -->","yoast_head_json":{"title":"Informaci\u00f3n P\u00fablica - #SomosFeyAlegria en Paraguay","description":"Fe y Alegr\u00eda Paraguay, en cumplimiento a la Resoluci\u00f3n n.\u00ba 92\/2024 del Viceministerio de Capital Humano y Gesti\u00f3n Organizacional del Ministerio de Econom\u00eda y Finanzas, \u201cPor la cual se establece el procedimiento de acreditaci\u00f3n del cumplimiento formal y monitoreo del contenido material de publicaci\u00f3n obligatoria de informaci\u00f3n sobre el uso de los recursos p\u00fablicos para organismos no gubernamentales, fundaciones, asociaciones, comisiones vecinales u otras personas jur\u00eddicas privadas sin fines de lucro o con fines de bien social que reciben, administran o invierten fondos p\u00fablicos, establecidas en la Ley n.\u00ba 5189\/2014 y su modificatoria\u201d, pone a disposici\u00f3n las siguientes documentaciones:","robots":{"index":"index","follow":"follow","max-snippet":"max-snippet:-1","max-image-preview":"max-image-preview:large","max-video-preview":"max-video-preview:-1"},"canonical":"https:\/\/www.feyalegria.org\/paraguay\/informacion_publica\/","og_locale":"es_ES","og_type":"article","og_title":"Informaci\u00f3n P\u00fablica - #SomosFeyAlegria en Paraguay","og_description":"Fe y Alegr\u00eda Paraguay, en cumplimiento a la Resoluci\u00f3n n.\u00ba 92\/2024 del Viceministerio de Capital Humano y Gesti\u00f3n Organizacional del Ministerio de Econom\u00eda y Finanzas, \u201cPor la cual se establece el procedimiento de acreditaci\u00f3n del cumplimiento formal y monitoreo del contenido material de publicaci\u00f3n obligatoria de informaci\u00f3n sobre el uso de los recursos p\u00fablicos para organismos no gubernamentales, fundaciones, asociaciones, comisiones vecinales u otras personas jur\u00eddicas privadas sin fines de lucro o con fines de bien social que reciben, administran o invierten fondos p\u00fablicos, establecidas en la Ley n.\u00ba 5189\/2014 y su modificatoria\u201d, pone a disposici\u00f3n las siguientes documentaciones:","og_url":"https:\/\/www.feyalegria.org\/paraguay\/informacion_publica\/","og_site_name":"#SomosFeyAlegria en Paraguay","article_modified_time":"2025-05-05T12:45:26+00:00","twitter_card":"summary_large_image","twitter_misc":{"Tiempo de lectura":"1 minuto"},"schema":{"@context":"https:\/\/schema.org","@graph":[{"@type":"WebPage","@id":"https:\/\/www.feyalegria.org\/paraguay\/informacion_publica\/","url":"https:\/\/www.feyalegria.org\/paraguay\/informacion_publica\/","name":"Informaci\u00f3n P\u00fablica - #SomosFeyAlegria en Paraguay","isPartOf":{"@id":"https:\/\/www.feyalegria.org\/paraguay\/#website"},"datePublished":"2024-06-04T00:24:15+00:00","dateModified":"2025-05-05T12:45:26+00:00","description":"Fe y Alegr\u00eda Paraguay, en cumplimiento a la Resoluci\u00f3n n.\u00ba 92\/2024 del Viceministerio de Capital Humano y Gesti\u00f3n Organizacional del Ministerio de Econom\u00eda y Finanzas, \u201cPor la cual se establece el procedimiento de acreditaci\u00f3n del cumplimiento formal y monitoreo del contenido material de publicaci\u00f3n obligatoria de informaci\u00f3n sobre el uso de los recursos p\u00fablicos para organismos no gubernamentales, fundaciones, asociaciones, comisiones vecinales u otras personas jur\u00eddicas privadas sin fines de lucro o con fines de bien social que reciben, administran o invierten fondos p\u00fablicos, establecidas en la Ley n.\u00ba 5189\/2014 y su modificatoria\u201d, pone a disposici\u00f3n las siguientes documentaciones:","breadcrumb":{"@id":"https:\/\/www.feyalegria.org\/paraguay\/informacion_publica\/#breadcrumb"},"inLanguage":"es","potentialAction":[{"@type":"ReadAction","target":["https:\/\/www.feyalegria.org\/paraguay\/informacion_publica\/"]}]},{"@type":"BreadcrumbList","@id":"https:\/\/www.feyalegria.org\/paraguay\/informacion_publica\/#breadcrumb","itemListElement":[{"@type":"ListItem","position":1,"name":"Home","item":"https:\/\/www.feyalegria.org\/paraguay\/"},{"@type":"ListItem","position":2,"name":"Informaci\u00f3n P\u00fablica"}]},{"@type":"WebSite","@id":"https:\/\/www.feyalegria.org\/paraguay\/#website","url":"https:\/\/www.feyalegria.org\/paraguay\/","name":"#SomosFeyAlegria en Paraguay","description":"Movimiento de Educaci\u00f3n Popular y Promoci\u00f3n Social","potentialAction":[{"@type":"SearchAction","target":{"@type":"EntryPoint","urlTemplate":"https:\/\/www.feyalegria.org\/paraguay\/?s={search_term_string}"},"query-input":{"@type":"PropertyValueSpecification","valueRequired":true,"valueName":"search_term_string"}}],"inLanguage":"es"}]}},"_links":{"self":[{"href":"https:\/\/www.feyalegria.org\/paraguay\/wp-json\/wp\/v2\/pages\/11368","targetHints":{"allow":["GET"]}}],"collection":[{"href":"https:\/\/www.feyalegria.org\/paraguay\/wp-json\/wp\/v2\/pages"}],"about":[{"href":"https:\/\/www.feyalegria.org\/paraguay\/wp-json\/wp\/v2\/types\/page"}],"author":[{"embeddable":true,"href":"https:\/\/www.feyalegria.org\/paraguay\/wp-json\/wp\/v2\/users\/59"}],"replies":[{"embeddable":true,"href":"https:\/\/www.feyalegria.org\/paraguay\/wp-json\/wp\/v2\/comments?post=11368"}],"version-history":[{"count":0,"href":"https:\/\/www.feyalegria.org\/paraguay\/wp-json\/wp\/v2\/pages\/11368\/revisions"}],"wp:attachment":[{"href":"https:\/\/www.feyalegria.org\/paraguay\/wp-json\/wp\/v2\/media?parent=11368"}],"wp:term":[{"taxonomy":"folder","embeddable":true,"href":"https:\/\/www.feyalegria.org\/paraguay\/wp-json\/wp\/v2\/folder?post=11368"}],"curies":[{"name":"wp","href":"https:\/\/api.w.org\/{rel}","templated":true}]}}