 {"id":11759,"date":"2025-01-15T13:47:54","date_gmt":"2025-01-15T18:47:54","guid":{"rendered":"https:\/\/www.feyalegria.org\/paraguay\/?page_id=11759"},"modified":"2025-01-15T13:51:17","modified_gmt":"2025-01-15T18:51:17","slug":"estrategias-pedagogicas-para-reducir-la-brecha-educativa-de-los-centros-educativos","status":"publish","type":"page","link":"https:\/\/www.feyalegria.org\/paraguay\/estrategias-pedagogicas-para-reducir-la-brecha-educativa-de-los-centros-educativos\/","title":{"rendered":"Estrategias pedag\u00f3gicas para reducir la brecha educativa de los centros educativos"},"content":{"rendered":"<div class=\"wpb-content-wrapper\"><p>[vc_row][vc_column][vc_empty_space height=\u00bb30px\u00bb][vc_column_text css=\u00bb\u00bb]<\/p>\n<section class=\"elementor-section elementor-inner-section elementor-element elementor-element-33d4b120 elementor-section-boxed elementor-section-height-default elementor-section-height-default\" data-id=\"33d4b120\">\n<div class=\"elementor-container elementor-column-gap-default\">\n<div class=\"elementor-row\">\n<div class=\"elementor-column elementor-col-100 elementor-inner-column elementor-element elementor-element-63345202\" data-id=\"63345202\">\n<div class=\"elementor-column-wrap elementor-element-populated\">\n<div class=\"elementor-widget-wrap\">\n<div class=\"elementor-element elementor-element-700b250f elementor-widget elementor-widget-heading\" data-id=\"700b250f\">\n<div class=\"elementor-widget-container\">\n<h2><span style=\"color: #993300;\">Estrategias pedag\u00f3gicas para reducir la brecha educativa de los centros educativos<\/span><\/h2>\n<\/div>\n<\/div>\n<\/div>\n<\/div>\n<\/div>\n<\/div>\n<\/div>\n<\/section>\n<p>[\/vc_column_text][vc_column_text css=\u00bb\u00bb]Nuestra propuesta tiene como objetivo principal abordar el rezago educativo provocado por la pandemia, impactando positivamente a <strong>4.624 ni\u00f1os, ni\u00f1as, adolescentes y j\u00f3venes<\/strong> (2.336 mujeres y 2.288 hombres) en situaci\u00f3n de alta vulnerabilidad. Este plan integral, adem\u00e1s de mejorar sus aprendizajes en <strong>lectoescritura y matem\u00e1ticas<\/strong>, fortalece sus habilidades socioemocionales, promoviendo comunidades educativas seguras y libres de violencia.<\/p>\n<p>&nbsp;<\/p>\n<h4><strong>\u00bfQu\u00e9 buscamos lograr?<\/strong><\/h4>\n<ul>\n<li><strong>Mejorar los resultados acad\u00e9micos<\/strong> en \u00e1reas clave como matem\u00e1tica y comunicaci\u00f3n.<\/li>\n<li>Dotar a docentes y centros educativos de herramientas tecnol\u00f3gicas para cerrar la brecha digital.<\/li>\n<li>Crear ambientes seguros donde la educaci\u00f3n sea un espacio libre de maltrato y violencia.<\/li>\n<\/ul>\n<p>&nbsp;<\/p>\n<h4><strong>Zonas de Intervenci\u00f3n<\/strong><\/h4>\n<p>Trabajamos en <strong>San Pedro, Concepci\u00f3n, Asunci\u00f3n, Central, Presidente Hayes, Alto Paran\u00e1 y Caaguaz\u00fa<\/strong>, regiones donde la educaci\u00f3n enfrenta los mayores desaf\u00edos.<\/p>\n<h3><\/h3>\n<h4><strong>Ejes de Acci\u00f3n<\/strong><\/h4>\n<ol>\n<li><strong>Recuperaci\u00f3n de aprendizajes:<\/strong><br \/>\nImplementaremos planes de mejora educativa en los centros de Fe y Alegr\u00eda, estableciendo refuerzos escolares en tres zonas estrat\u00e9gicas: <strong>Ba\u00f1ado Norte, Ba\u00f1ado Sur y San Pedro<\/strong>. Estas acciones se apoyar\u00e1n en un enfoque interdisciplinar que prioriza el aprendizaje significativo.<\/li>\n<li><strong>Reducci\u00f3n de la brecha digital:<\/strong><br \/>\nAcondicionaremos <strong>cuatro salas inform\u00e1ticas<\/strong> con mobiliario y tecnolog\u00eda de vanguardia, adem\u00e1s de capacitar a docentes y estudiantes en competencias digitales y garantizar la conectividad.<\/li>\n<li><strong>Bienestar y salud emocional:<\/strong><br \/>\nPromoveremos el protocolo \u00abAmbiente Seguro y Libre de Violencia\u00bb con talleres dirigidos a estudiantes, docentes y familias, junto con <strong>apoyo psicol\u00f3gico especializado<\/strong>, con especial atenci\u00f3n a ni\u00f1as y mujeres.<\/li>\n<\/ol>\n<h3><\/h3>\n<h4><strong>Principales Acciones del Proyecto<\/strong><\/h4>\n<ul>\n<li><strong>Formaci\u00f3n docente:<\/strong> Capacitaci\u00f3n para identificar rezagos educativos y aplicar estrategias pedag\u00f3gicas interdisciplinarias.<\/li>\n<li><strong>Centros de refuerzo escolar:<\/strong> Equipos interdisciplinarios trabajar\u00e1n en la ense\u00f1anza de matem\u00e1tica y comunicaci\u00f3n.<\/li>\n<li><strong>Competencias digitales:<\/strong> Formaci\u00f3n en habilidades tecnol\u00f3gicas para estudiantes y docentes, adem\u00e1s del equipamiento necesario para los centros educativos.<\/li>\n<li><strong>Prevenci\u00f3n de la violencia:<\/strong> Talleres y preparaci\u00f3n para identificar y abordar casos de violencia en el entorno escolar.<\/li>\n<li><strong>Apoyo socioemocional:<\/strong> Acompa\u00f1amiento psicol\u00f3gico para estudiantes, reforzando su bienestar emocional.<\/li>\n<\/ul>\n<p>[\/vc_column_text][vc_column_text]<\/p>\n<div class=\"elementor-element elementor-element-39892042 elementor-widget elementor-widget-heading\" data-id=\"39892042\">\n<div class=\"elementor-widget-container\">\n<h3 class=\"elementor-heading-title elementor-size-default\">Financiadora<\/h3>\n<\/div>\n<\/div>\n<p>[\/vc_column_text][vc_single_image image=\u00bb11760&#8243; img_size=\u00bbmedium\u00bb alignment=\u00bbcenter\u00bb css=\u00bb\u00bb][vc_column_text]<\/p>\n<div class=\"elementor-element elementor-element-39892042 elementor-widget elementor-widget-heading\" data-id=\"39892042\">\n<div class=\"elementor-widget-container\">\n<h3 class=\"elementor-heading-title elementor-size-default\">Fotos del Proyecto<\/h3>\n<\/div>\n<\/div>\n<p>[\/vc_column_text][\/vc_column][\/vc_row][vc_row][vc_column alignment=\u00bbcenter\u00bb]<div class=\"mpc-carousel__wrapper mpc-waypoint\"><div id=\"mpc_carousel_image-4869e2814d72ed9\" class=\"mpc-carousel-image mpc-init mpc-layout--classic mpc-effect--none \"  data-mpcslick='{\"infinite\":true,\"autoplay\":true,\"slidesToShow\":4,\"slidesToScroll\":1,\"centerMode\":false,\"initialSlide\":0,\"autoplaySpeed\":3500,\"speed\":500}' data-slick-cols=\"4\"><div target=\"\"class=\"mpc-carousel__item-wrapper\" data-height=\"300\"><div onclick=\"\" class=\"mpc-item mpc-transition\"><div class=\"mpc-border\"><\/div><img loading=\"lazy\" decoding=\"async\" width=\"300\" height=\"300\" src=\"https:\/\/d3pugrm67vf9n7.cloudfront.net\/wp-content\/uploads\/sites\/33\/2025\/01\/15133813\/119.png\" class=\"mpc-transition attachment-medium\" alt=\"\" title=\"1(19)\" srcset=\"https:\/\/d3pugrm67vf9n7.cloudfront.net\/wp-content\/uploads\/sites\/33\/2025\/01\/15133813\/119.png 300w, https:\/\/d3pugrm67vf9n7.cloudfront.net\/wp-content\/uploads\/sites\/33\/2025\/01\/15133813\/119-150x150.png 150w\" sizes=\"auto, (max-width: 300px) 100vw, 300px\" \/><\/div><\/div><div target=\"\"class=\"mpc-carousel__item-wrapper\" data-height=\"300\"><div onclick=\"\" class=\"mpc-item mpc-transition\"><div class=\"mpc-border\"><\/div><img loading=\"lazy\" decoding=\"async\" width=\"300\" height=\"300\" src=\"https:\/\/d3pugrm67vf9n7.cloudfront.net\/wp-content\/uploads\/sites\/33\/2025\/01\/15133815\/219.png\" class=\"mpc-transition attachment-medium\" alt=\"\" title=\"2(19)\" srcset=\"https:\/\/d3pugrm67vf9n7.cloudfront.net\/wp-content\/uploads\/sites\/33\/2025\/01\/15133815\/219.png 300w, https:\/\/d3pugrm67vf9n7.cloudfront.net\/wp-content\/uploads\/sites\/33\/2025\/01\/15133815\/219-150x150.png 150w\" sizes=\"auto, (max-width: 300px) 100vw, 300px\" \/><\/div><\/div><div target=\"\"class=\"mpc-carousel__item-wrapper\" data-height=\"300\"><div onclick=\"\" class=\"mpc-item mpc-transition\"><div class=\"mpc-border\"><\/div><img loading=\"lazy\" decoding=\"async\" width=\"300\" height=\"300\" src=\"https:\/\/d3pugrm67vf9n7.cloudfront.net\/wp-content\/uploads\/sites\/33\/2025\/01\/15133817\/323.png\" class=\"mpc-transition attachment-medium\" alt=\"\" title=\"3(23)\" srcset=\"https:\/\/d3pugrm67vf9n7.cloudfront.net\/wp-content\/uploads\/sites\/33\/2025\/01\/15133817\/323.png 300w, https:\/\/d3pugrm67vf9n7.cloudfront.net\/wp-content\/uploads\/sites\/33\/2025\/01\/15133817\/323-150x150.png 150w\" sizes=\"auto, (max-width: 300px) 100vw, 300px\" \/><\/div><\/div><div target=\"\"class=\"mpc-carousel__item-wrapper\" data-height=\"300\"><div onclick=\"\" class=\"mpc-item mpc-transition\"><div class=\"mpc-border\"><\/div><img loading=\"lazy\" decoding=\"async\" width=\"300\" height=\"300\" src=\"https:\/\/d3pugrm67vf9n7.cloudfront.net\/wp-content\/uploads\/sites\/33\/2025\/01\/15133819\/420.png\" class=\"mpc-transition attachment-medium\" alt=\"\" title=\"4(20)\" srcset=\"https:\/\/d3pugrm67vf9n7.cloudfront.net\/wp-content\/uploads\/sites\/33\/2025\/01\/15133819\/420.png 300w, https:\/\/d3pugrm67vf9n7.cloudfront.net\/wp-content\/uploads\/sites\/33\/2025\/01\/15133819\/420-150x150.png 150w\" sizes=\"auto, (max-width: 300px) 100vw, 300px\" \/><\/div><\/div><\/div><div class=\"mpc-navigation mpc-init mpc-align--left mpc-navigation--style_1  mpc-nav-preset--\" data-mpcslider=\"mpc_carousel_image-4869e2814d72ed9\"><div class=\"mpc-nav__arrow mpcslick-prev\"><div class=\"mpc-nav__icon mpc-transition\"><i class=\"\"><div class=\"mpc-nav__background mpc-transition mpc-effect-type--fade mpc-effect-side--in\"><\/div><\/i><\/div><\/div><div class=\"mpc-nav__arrow mpcslick-next\"><div class=\"mpc-nav__icon mpc-transition\"><i class=\"\"><div class=\"mpc-nav__background mpc-transition mpc-effect-type--fade mpc-effect-side--in\"><\/div><\/i><\/div><\/div><\/div><\/div>[\/vc_column][\/vc_row]<\/p>\n<\/div>","protected":false},"excerpt":{"rendered":"<p>[vc_row][vc_column][vc_empty_space height=\u00bb30px\u00bb][vc_column_text css=\u00bb\u00bb] Estrategias pedag\u00f3gicas para reducir la brecha educativa de los centros educativos [\/vc_column_text][vc_column_text css=\u00bb\u00bb]Nuestra propuesta tiene como objetivo principal abordar el rezago educativo provocado por la pandemia, impactando positivamente a 4.624 ni\u00f1os, ni\u00f1as, adolescentes y j\u00f3venes (2.336 mujeres y 2.288 hombres) en situaci\u00f3n de alta vulnerabilidad. Este plan integral, adem\u00e1s de mejorar sus<\/p>\n","protected":false},"author":58,"featured_media":0,"parent":0,"menu_order":0,"comment_status":"closed","ping_status":"closed","template":"","meta":{"_acf_changed":false,"footnotes":""},"folder":[],"class_list":["post-11759","page","type-page","status-publish","hentry"],"acf":[],"yoast_head":"<!-- This site is optimized with the Yoast SEO plugin v27.2 - https:\/\/yoast.com\/product\/yoast-seo-wordpress\/ -->\n<title>Estrategias pedag\u00f3gicas para reducir la brecha educativa de los centros educativos - #SomosFeyAlegria en Paraguay<\/title>\n<meta name=\"robots\" content=\"index, follow, max-snippet:-1, max-image-preview:large, max-video-preview:-1\" \/>\n<link rel=\"canonical\" href=\"https:\/\/www.feyalegria.org\/paraguay\/estrategias-pedagogicas-para-reducir-la-brecha-educativa-de-los-centros-educativos\/\" \/>\n<meta property=\"og:locale\" content=\"es_ES\" \/>\n<meta property=\"og:type\" content=\"article\" \/>\n<meta property=\"og:title\" content=\"Estrategias pedag\u00f3gicas para reducir la brecha educativa de los centros educativos - #SomosFeyAlegria en Paraguay\" \/>\n<meta property=\"og:description\" content=\"[vc_row][vc_column][vc_empty_space height=\u00bb30px\u00bb][vc_column_text css=\u00bb\u00bb] Estrategias pedag\u00f3gicas para reducir la brecha educativa de los centros educativos [\/vc_column_text][vc_column_text css=\u00bb\u00bb]Nuestra propuesta tiene como objetivo principal abordar el rezago educativo provocado por la pandemia, impactando positivamente a 4.624 ni\u00f1os, ni\u00f1as, adolescentes y j\u00f3venes (2.336 mujeres y 2.288 hombres) en situaci\u00f3n de alta vulnerabilidad. Este plan integral, adem\u00e1s de mejorar sus\" \/>\n<meta property=\"og:url\" content=\"https:\/\/www.feyalegria.org\/paraguay\/estrategias-pedagogicas-para-reducir-la-brecha-educativa-de-los-centros-educativos\/\" \/>\n<meta property=\"og:site_name\" content=\"#SomosFeyAlegria en Paraguay\" \/>\n<meta property=\"article:modified_time\" content=\"2025-01-15T18:51:17+00:00\" \/>\n<meta name=\"twitter:card\" content=\"summary_large_image\" \/>\n<meta name=\"twitter:label1\" content=\"Tiempo de lectura\" \/>\n\t<meta name=\"twitter:data1\" content=\"3 minutos\" \/>\n<script type=\"application\/ld+json\" class=\"yoast-schema-graph\">{\"@context\":\"https:\/\/schema.org\",\"@graph\":[{\"@type\":\"WebPage\",\"@id\":\"https:\/\/www.feyalegria.org\/paraguay\/estrategias-pedagogicas-para-reducir-la-brecha-educativa-de-los-centros-educativos\/\",\"url\":\"https:\/\/www.feyalegria.org\/paraguay\/estrategias-pedagogicas-para-reducir-la-brecha-educativa-de-los-centros-educativos\/\",\"name\":\"Estrategias pedag\u00f3gicas para reducir la brecha educativa de los centros educativos - #SomosFeyAlegria en Paraguay\",\"isPartOf\":{\"@id\":\"https:\/\/www.feyalegria.org\/paraguay\/#website\"},\"datePublished\":\"2025-01-15T18:47:54+00:00\",\"dateModified\":\"2025-01-15T18:51:17+00:00\",\"breadcrumb\":{\"@id\":\"https:\/\/www.feyalegria.org\/paraguay\/estrategias-pedagogicas-para-reducir-la-brecha-educativa-de-los-centros-educativos\/#breadcrumb\"},\"inLanguage\":\"es\",\"potentialAction\":[{\"@type\":\"ReadAction\",\"target\":[\"https:\/\/www.feyalegria.org\/paraguay\/estrategias-pedagogicas-para-reducir-la-brecha-educativa-de-los-centros-educativos\/\"]}]},{\"@type\":\"BreadcrumbList\",\"@id\":\"https:\/\/www.feyalegria.org\/paraguay\/estrategias-pedagogicas-para-reducir-la-brecha-educativa-de-los-centros-educativos\/#breadcrumb\",\"itemListElement\":[{\"@type\":\"ListItem\",\"position\":1,\"name\":\"Home\",\"item\":\"https:\/\/www.feyalegria.org\/paraguay\/\"},{\"@type\":\"ListItem\",\"position\":2,\"name\":\"Estrategias pedag\u00f3gicas para reducir la brecha educativa de los centros educativos\"}]},{\"@type\":\"WebSite\",\"@id\":\"https:\/\/www.feyalegria.org\/paraguay\/#website\",\"url\":\"https:\/\/www.feyalegria.org\/paraguay\/\",\"name\":\"#SomosFeyAlegria en Paraguay\",\"description\":\"Movimiento de Educaci\u00f3n Popular y Promoci\u00f3n Social\",\"potentialAction\":[{\"@type\":\"SearchAction\",\"target\":{\"@type\":\"EntryPoint\",\"urlTemplate\":\"https:\/\/www.feyalegria.org\/paraguay\/?s={search_term_string}\"},\"query-input\":{\"@type\":\"PropertyValueSpecification\",\"valueRequired\":true,\"valueName\":\"search_term_string\"}}],\"inLanguage\":\"es\"}]}<\/script>\n<!-- \/ Yoast SEO plugin. -->","yoast_head_json":{"title":"Estrategias pedag\u00f3gicas para reducir la brecha educativa de los centros educativos - #SomosFeyAlegria en Paraguay","robots":{"index":"index","follow":"follow","max-snippet":"max-snippet:-1","max-image-preview":"max-image-preview:large","max-video-preview":"max-video-preview:-1"},"canonical":"https:\/\/www.feyalegria.org\/paraguay\/estrategias-pedagogicas-para-reducir-la-brecha-educativa-de-los-centros-educativos\/","og_locale":"es_ES","og_type":"article","og_title":"Estrategias pedag\u00f3gicas para reducir la brecha educativa de los centros educativos - #SomosFeyAlegria en Paraguay","og_description":"[vc_row][vc_column][vc_empty_space height=\u00bb30px\u00bb][vc_column_text css=\u00bb\u00bb] Estrategias pedag\u00f3gicas para reducir la brecha educativa de los centros educativos [\/vc_column_text][vc_column_text css=\u00bb\u00bb]Nuestra propuesta tiene como objetivo principal abordar el rezago educativo provocado por la pandemia, impactando positivamente a 4.624 ni\u00f1os, ni\u00f1as, adolescentes y j\u00f3venes (2.336 mujeres y 2.288 hombres) en situaci\u00f3n de alta vulnerabilidad. Este plan integral, adem\u00e1s de mejorar sus","og_url":"https:\/\/www.feyalegria.org\/paraguay\/estrategias-pedagogicas-para-reducir-la-brecha-educativa-de-los-centros-educativos\/","og_site_name":"#SomosFeyAlegria en Paraguay","article_modified_time":"2025-01-15T18:51:17+00:00","twitter_card":"summary_large_image","twitter_misc":{"Tiempo de lectura":"3 minutos"},"schema":{"@context":"https:\/\/schema.org","@graph":[{"@type":"WebPage","@id":"https:\/\/www.feyalegria.org\/paraguay\/estrategias-pedagogicas-para-reducir-la-brecha-educativa-de-los-centros-educativos\/","url":"https:\/\/www.feyalegria.org\/paraguay\/estrategias-pedagogicas-para-reducir-la-brecha-educativa-de-los-centros-educativos\/","name":"Estrategias pedag\u00f3gicas para reducir la brecha educativa de los centros educativos - #SomosFeyAlegria en Paraguay","isPartOf":{"@id":"https:\/\/www.feyalegria.org\/paraguay\/#website"},"datePublished":"2025-01-15T18:47:54+00:00","dateModified":"2025-01-15T18:51:17+00:00","breadcrumb":{"@id":"https:\/\/www.feyalegria.org\/paraguay\/estrategias-pedagogicas-para-reducir-la-brecha-educativa-de-los-centros-educativos\/#breadcrumb"},"inLanguage":"es","potentialAction":[{"@type":"ReadAction","target":["https:\/\/www.feyalegria.org\/paraguay\/estrategias-pedagogicas-para-reducir-la-brecha-educativa-de-los-centros-educativos\/"]}]},{"@type":"BreadcrumbList","@id":"https:\/\/www.feyalegria.org\/paraguay\/estrategias-pedagogicas-para-reducir-la-brecha-educativa-de-los-centros-educativos\/#breadcrumb","itemListElement":[{"@type":"ListItem","position":1,"name":"Home","item":"https:\/\/www.feyalegria.org\/paraguay\/"},{"@type":"ListItem","position":2,"name":"Estrategias pedag\u00f3gicas para reducir la brecha educativa de los centros educativos"}]},{"@type":"WebSite","@id":"https:\/\/www.feyalegria.org\/paraguay\/#website","url":"https:\/\/www.feyalegria.org\/paraguay\/","name":"#SomosFeyAlegria en Paraguay","description":"Movimiento de Educaci\u00f3n Popular y Promoci\u00f3n Social","potentialAction":[{"@type":"SearchAction","target":{"@type":"EntryPoint","urlTemplate":"https:\/\/www.feyalegria.org\/paraguay\/?s={search_term_string}"},"query-input":{"@type":"PropertyValueSpecification","valueRequired":true,"valueName":"search_term_string"}}],"inLanguage":"es"}]}},"_links":{"self":[{"href":"https:\/\/www.feyalegria.org\/paraguay\/wp-json\/wp\/v2\/pages\/11759","targetHints":{"allow":["GET"]}}],"collection":[{"href":"https:\/\/www.feyalegria.org\/paraguay\/wp-json\/wp\/v2\/pages"}],"about":[{"href":"https:\/\/www.feyalegria.org\/paraguay\/wp-json\/wp\/v2\/types\/page"}],"author":[{"embeddable":true,"href":"https:\/\/www.feyalegria.org\/paraguay\/wp-json\/wp\/v2\/users\/58"}],"replies":[{"embeddable":true,"href":"https:\/\/www.feyalegria.org\/paraguay\/wp-json\/wp\/v2\/comments?post=11759"}],"version-history":[{"count":0,"href":"https:\/\/www.feyalegria.org\/paraguay\/wp-json\/wp\/v2\/pages\/11759\/revisions"}],"wp:attachment":[{"href":"https:\/\/www.feyalegria.org\/paraguay\/wp-json\/wp\/v2\/media?parent=11759"}],"wp:term":[{"taxonomy":"folder","embeddable":true,"href":"https:\/\/www.feyalegria.org\/paraguay\/wp-json\/wp\/v2\/folder?post=11759"}],"curies":[{"name":"wp","href":"https:\/\/api.w.org\/{rel}","templated":true}]}}