 {"id":11777,"date":"2025-01-15T14:33:26","date_gmt":"2025-01-15T19:33:26","guid":{"rendered":"https:\/\/www.feyalegria.org\/paraguay\/?page_id=11777"},"modified":"2025-01-15T14:33:26","modified_gmt":"2025-01-15T19:33:26","slug":"fortalecimiento-de-la-agricultura-familiar-campesina-en-paraguay-desde-un-enfoque-agroecologico-y-de-economia-social-y-solidaria","status":"publish","type":"page","link":"https:\/\/www.feyalegria.org\/paraguay\/fortalecimiento-de-la-agricultura-familiar-campesina-en-paraguay-desde-un-enfoque-agroecologico-y-de-economia-social-y-solidaria\/","title":{"rendered":"Fortalecimiento de la agricultura familiar campesina en Paraguay desde un enfoque agroecol\u00f3gico y de econom\u00eda social y solidaria"},"content":{"rendered":"<div class=\"wpb-content-wrapper\"><p>[vc_row][vc_column][vc_empty_space height=\u00bb30px\u00bb][vc_column_text css=\u00bb\u00bb]<\/p>\n<section class=\"elementor-section elementor-inner-section elementor-element elementor-element-33d4b120 elementor-section-boxed elementor-section-height-default elementor-section-height-default\" data-id=\"33d4b120\">\n<div class=\"elementor-container elementor-column-gap-default\">\n<div class=\"elementor-row\">\n<div class=\"elementor-column elementor-col-100 elementor-inner-column elementor-element elementor-element-63345202\" data-id=\"63345202\">\n<div class=\"elementor-column-wrap elementor-element-populated\">\n<div class=\"elementor-widget-wrap\">\n<div class=\"elementor-element elementor-element-700b250f elementor-widget elementor-widget-heading\" data-id=\"700b250f\">\n<div class=\"elementor-widget-container\"><span style=\"color: #ad0909; font-size: 18pt;\"><strong>Fortalecimiento de la agricultura familiar campesina en Paraguay desde un enfoque agroecol\u00f3gico y de econom\u00eda social y solidaria<\/strong><\/span><\/div>\n<\/div>\n<\/div>\n<\/div>\n<\/div>\n<\/div>\n<\/div>\n<\/section>\n<p>[\/vc_column_text][vc_column_text css=\u00bb\u00bb]La <strong>Agricultura Familiar Campesina (AFC) <\/strong>es una pieza clave para la seguridad alimentaria y el desarrollo sostenible en Paraguay. Sin embargo, esta actividad enfrenta desaf\u00edos cr\u00edticos derivados de la crisis econ\u00f3mica, los efectos del cambio clim\u00e1tico -como la sequ\u00eda- y la expansi\u00f3n de la agricultura mecanizada vinculada al agronegocio. Estos factores han generado una p\u00e9rdida de productividad, un impacto negativo en el medio ambiente y un aumento de la vulnerabilidad de las familias campesinas.<\/p>\n<p>&nbsp;<\/p>\n<h4><strong>Nuestro Objetivo<\/strong><\/h4>\n<p>Fortalecer las capacidades de producci\u00f3n y comercializaci\u00f3n sostenible de la AFC, apoyando a:<\/p>\n<ul>\n<li><strong>286 peque\u00f1os productores\/as rurales.<\/strong><\/li>\n<li><strong>308 estudiantes<\/strong> de centros t\u00e9cnicos agropecuarios en <strong>Canindey\u00fa, San Pedro, Caaguaz\u00fa, Concepci\u00f3n e Itap\u00faa<\/strong>.<\/li>\n<\/ul>\n<p>&nbsp;<\/p>\n<h3><strong>Ejes Estrat\u00e9gicos<\/strong><\/h3>\n<p>&nbsp;<\/p>\n<ol>\n<li><strong>Incremento de la Producci\u00f3n Agroecol\u00f3gica:<\/strong>\n<ul>\n<li>Diversificaci\u00f3n de cultivos mediante el acceso a tecnolog\u00edas, insumos y equipos adecuados.<\/li>\n<li>Provisi\u00f3n de medios de transporte para optimizar el traslado de la producci\u00f3n.<\/li>\n<li>Asistencia t\u00e9cnica en fincas y centros educativos.<\/li>\n<li><strong>Transici\u00f3n ecol\u00f3gica<\/strong>: Tres centros t\u00e9cnicos agropecuarios se transformar\u00e1n en centros agroecol\u00f3gicos, liderando un cambio hacia pr\u00e1cticas m\u00e1s sostenibles.<\/li>\n<\/ul>\n<\/li>\n<li><strong>Fortalecimiento de las Organizaciones de Productores y la Red de Comercializaci\u00f3n:<\/strong>\n<ul>\n<li>Construcci\u00f3n y equipamiento de un <strong>centro de acopio<\/strong> para mejorar la log\u00edstica.<\/li>\n<li>Formaci\u00f3n en gesti\u00f3n comercial para organizaciones campesinas.<\/li>\n<li>Promoci\u00f3n de la participaci\u00f3n de <strong>j\u00f3venes y mujeres<\/strong> en las juntas directivas y procesos organizativos.<\/li>\n<\/ul>\n<\/li>\n<li><strong>Empoderamiento de Nuevas Generaciones:<\/strong>\n<ul>\n<li>Desarrollo de <strong>emprendimientos innovadores y sostenibles<\/strong> con j\u00f3venes, incluyendo poblaci\u00f3n ind\u00edgena.<\/li>\n<li>Organizaci\u00f3n de pasant\u00edas y pr\u00e1cticas preprofesionales en empresas del sector agr\u00edcola y ganadero sostenible.<\/li>\n<li>Formaci\u00f3n en <strong>competencias digitales<\/strong> para mejorar la empleabilidad y el emprendimiento.<\/li>\n<li>Fomentar la <strong>participaci\u00f3n femenina<\/strong> en todas las etapas formativas.<\/li>\n<\/ul>\n<\/li>\n<\/ol>\n<p>[\/vc_column_text][vc_column_text]<\/p>\n<div class=\"elementor-element elementor-element-39892042 elementor-widget elementor-widget-heading\" data-id=\"39892042\">\n<div class=\"elementor-widget-container\">\n<h3 class=\"elementor-heading-title elementor-size-default\">Financiadora<\/h3>\n<\/div>\n<\/div>\n<p>[\/vc_column_text][vc_single_image image=\u00bb11784&#8243; img_size=\u00bbmedium\u00bb alignment=\u00bbcenter\u00bb css=\u00bb\u00bb][vc_column_text]<\/p>\n<div class=\"elementor-element elementor-element-39892042 elementor-widget elementor-widget-heading\" data-id=\"39892042\">\n<div class=\"elementor-widget-container\">\n<h3 class=\"elementor-heading-title elementor-size-default\">Fotos del Proyecto<\/h3>\n<\/div>\n<\/div>\n<p>[\/vc_column_text][\/vc_column][\/vc_row][vc_row][vc_column alignment=\u00bbcenter\u00bb]<div class=\"mpc-carousel__wrapper mpc-waypoint\"><div id=\"mpc_carousel_image-3969e280ed13754\" class=\"mpc-carousel-image mpc-init mpc-layout--classic mpc-effect--none \"  data-mpcslick='{\"infinite\":true,\"autoplay\":true,\"slidesToShow\":4,\"slidesToScroll\":1,\"centerMode\":false,\"initialSlide\":0,\"autoplaySpeed\":3500,\"speed\":500}' data-slick-cols=\"4\"><div target=\"\"class=\"mpc-carousel__item-wrapper\" data-height=\"300\"><div onclick=\"\" class=\"mpc-item mpc-transition\"><div class=\"mpc-border\"><\/div><img loading=\"lazy\" decoding=\"async\" width=\"300\" height=\"300\" src=\"https:\/\/d3pugrm67vf9n7.cloudfront.net\/wp-content\/uploads\/sites\/33\/2025\/01\/15142904\/119-1.png\" class=\"mpc-transition attachment-medium\" alt=\"\" title=\"1(19)\" srcset=\"https:\/\/d3pugrm67vf9n7.cloudfront.net\/wp-content\/uploads\/sites\/33\/2025\/01\/15142904\/119-1.png 300w, https:\/\/d3pugrm67vf9n7.cloudfront.net\/wp-content\/uploads\/sites\/33\/2025\/01\/15142904\/119-1-150x150.png 150w\" sizes=\"auto, (max-width: 300px) 100vw, 300px\" \/><\/div><\/div><div target=\"\"class=\"mpc-carousel__item-wrapper\" data-height=\"300\"><div onclick=\"\" class=\"mpc-item mpc-transition\"><div class=\"mpc-border\"><\/div><img loading=\"lazy\" decoding=\"async\" width=\"300\" height=\"300\" src=\"https:\/\/d3pugrm67vf9n7.cloudfront.net\/wp-content\/uploads\/sites\/33\/2025\/01\/15142906\/219-1.png\" class=\"mpc-transition attachment-medium\" alt=\"\" title=\"2(19)\" srcset=\"https:\/\/d3pugrm67vf9n7.cloudfront.net\/wp-content\/uploads\/sites\/33\/2025\/01\/15142906\/219-1.png 300w, https:\/\/d3pugrm67vf9n7.cloudfront.net\/wp-content\/uploads\/sites\/33\/2025\/01\/15142906\/219-1-150x150.png 150w\" sizes=\"auto, (max-width: 300px) 100vw, 300px\" \/><\/div><\/div><div target=\"\"class=\"mpc-carousel__item-wrapper\" data-height=\"300\"><div onclick=\"\" class=\"mpc-item mpc-transition\"><div class=\"mpc-border\"><\/div><img loading=\"lazy\" decoding=\"async\" width=\"300\" height=\"300\" src=\"https:\/\/d3pugrm67vf9n7.cloudfront.net\/wp-content\/uploads\/sites\/33\/2025\/01\/15142908\/323-1.png\" class=\"mpc-transition attachment-medium\" alt=\"\" title=\"3(23)\" srcset=\"https:\/\/d3pugrm67vf9n7.cloudfront.net\/wp-content\/uploads\/sites\/33\/2025\/01\/15142908\/323-1.png 300w, https:\/\/d3pugrm67vf9n7.cloudfront.net\/wp-content\/uploads\/sites\/33\/2025\/01\/15142908\/323-1-150x150.png 150w\" sizes=\"auto, (max-width: 300px) 100vw, 300px\" \/><\/div><\/div><div target=\"\"class=\"mpc-carousel__item-wrapper\" data-height=\"300\"><div onclick=\"\" class=\"mpc-item mpc-transition\"><div class=\"mpc-border\"><\/div><img loading=\"lazy\" decoding=\"async\" width=\"300\" height=\"300\" src=\"https:\/\/d3pugrm67vf9n7.cloudfront.net\/wp-content\/uploads\/sites\/33\/2025\/01\/15142911\/420-1.png\" class=\"mpc-transition attachment-medium\" alt=\"\" title=\"4(20)\" srcset=\"https:\/\/d3pugrm67vf9n7.cloudfront.net\/wp-content\/uploads\/sites\/33\/2025\/01\/15142911\/420-1.png 300w, https:\/\/d3pugrm67vf9n7.cloudfront.net\/wp-content\/uploads\/sites\/33\/2025\/01\/15142911\/420-1-150x150.png 150w\" sizes=\"auto, (max-width: 300px) 100vw, 300px\" \/><\/div><\/div><\/div><div class=\"mpc-navigation mpc-init mpc-align--left mpc-navigation--style_1  mpc-nav-preset--\" data-mpcslider=\"mpc_carousel_image-3969e280ed13754\"><div class=\"mpc-nav__arrow mpcslick-prev\"><div class=\"mpc-nav__icon mpc-transition\"><i class=\"\"><div class=\"mpc-nav__background mpc-transition mpc-effect-type--fade mpc-effect-side--in\"><\/div><\/i><\/div><\/div><div class=\"mpc-nav__arrow mpcslick-next\"><div class=\"mpc-nav__icon mpc-transition\"><i class=\"\"><div class=\"mpc-nav__background mpc-transition mpc-effect-type--fade mpc-effect-side--in\"><\/div><\/i><\/div><\/div><\/div><\/div>[\/vc_column][\/vc_row]<\/p>\n<\/div>","protected":false},"excerpt":{"rendered":"<p>[vc_row][vc_column][vc_empty_space height=\u00bb30px\u00bb][vc_column_text css=\u00bb\u00bb] Fortalecimiento de la agricultura familiar campesina en Paraguay desde un enfoque agroecol\u00f3gico y de econom\u00eda social y solidaria [\/vc_column_text][vc_column_text css=\u00bb\u00bb]La Agricultura Familiar Campesina (AFC) es una pieza clave para la seguridad alimentaria y el desarrollo sostenible en Paraguay. Sin embargo, esta actividad enfrenta desaf\u00edos cr\u00edticos derivados de la crisis econ\u00f3mica, los efectos<\/p>\n","protected":false},"author":58,"featured_media":0,"parent":0,"menu_order":0,"comment_status":"closed","ping_status":"closed","template":"","meta":{"_acf_changed":false,"footnotes":""},"folder":[],"class_list":["post-11777","page","type-page","status-publish","hentry"],"acf":[],"yoast_head":"<!-- This site is optimized with the Yoast SEO plugin v27.2 - https:\/\/yoast.com\/product\/yoast-seo-wordpress\/ -->\n<title>Fortalecimiento de la agricultura familiar campesina en Paraguay desde un enfoque agroecol\u00f3gico y de econom\u00eda social y solidaria - #SomosFeyAlegria en Paraguay<\/title>\n<meta name=\"robots\" content=\"index, follow, max-snippet:-1, max-image-preview:large, max-video-preview:-1\" \/>\n<link rel=\"canonical\" href=\"https:\/\/www.feyalegria.org\/paraguay\/fortalecimiento-de-la-agricultura-familiar-campesina-en-paraguay-desde-un-enfoque-agroecologico-y-de-economia-social-y-solidaria\/\" \/>\n<meta property=\"og:locale\" content=\"es_ES\" \/>\n<meta property=\"og:type\" content=\"article\" \/>\n<meta property=\"og:title\" content=\"Fortalecimiento de la agricultura familiar campesina en Paraguay desde un enfoque agroecol\u00f3gico y de econom\u00eda social y solidaria - #SomosFeyAlegria en Paraguay\" \/>\n<meta property=\"og:description\" content=\"[vc_row][vc_column][vc_empty_space height=\u00bb30px\u00bb][vc_column_text css=\u00bb\u00bb] Fortalecimiento de la agricultura familiar campesina en Paraguay desde un enfoque agroecol\u00f3gico y de econom\u00eda social y solidaria [\/vc_column_text][vc_column_text css=\u00bb\u00bb]La Agricultura Familiar Campesina (AFC) es una pieza clave para la seguridad alimentaria y el desarrollo sostenible en Paraguay. Sin embargo, esta actividad enfrenta desaf\u00edos cr\u00edticos derivados de la crisis econ\u00f3mica, los efectos\" \/>\n<meta property=\"og:url\" content=\"https:\/\/www.feyalegria.org\/paraguay\/fortalecimiento-de-la-agricultura-familiar-campesina-en-paraguay-desde-un-enfoque-agroecologico-y-de-economia-social-y-solidaria\/\" \/>\n<meta property=\"og:site_name\" content=\"#SomosFeyAlegria en Paraguay\" \/>\n<meta name=\"twitter:card\" content=\"summary_large_image\" \/>\n<meta name=\"twitter:label1\" content=\"Tiempo de lectura\" \/>\n\t<meta name=\"twitter:data1\" content=\"3 minutos\" \/>\n<script type=\"application\/ld+json\" class=\"yoast-schema-graph\">{\"@context\":\"https:\/\/schema.org\",\"@graph\":[{\"@type\":\"WebPage\",\"@id\":\"https:\/\/www.feyalegria.org\/paraguay\/fortalecimiento-de-la-agricultura-familiar-campesina-en-paraguay-desde-un-enfoque-agroecologico-y-de-economia-social-y-solidaria\/\",\"url\":\"https:\/\/www.feyalegria.org\/paraguay\/fortalecimiento-de-la-agricultura-familiar-campesina-en-paraguay-desde-un-enfoque-agroecologico-y-de-economia-social-y-solidaria\/\",\"name\":\"Fortalecimiento de la agricultura familiar campesina en Paraguay desde un enfoque agroecol\u00f3gico y de econom\u00eda social y solidaria - #SomosFeyAlegria en Paraguay\",\"isPartOf\":{\"@id\":\"https:\/\/www.feyalegria.org\/paraguay\/#website\"},\"datePublished\":\"2025-01-15T19:33:26+00:00\",\"breadcrumb\":{\"@id\":\"https:\/\/www.feyalegria.org\/paraguay\/fortalecimiento-de-la-agricultura-familiar-campesina-en-paraguay-desde-un-enfoque-agroecologico-y-de-economia-social-y-solidaria\/#breadcrumb\"},\"inLanguage\":\"es\",\"potentialAction\":[{\"@type\":\"ReadAction\",\"target\":[\"https:\/\/www.feyalegria.org\/paraguay\/fortalecimiento-de-la-agricultura-familiar-campesina-en-paraguay-desde-un-enfoque-agroecologico-y-de-economia-social-y-solidaria\/\"]}]},{\"@type\":\"BreadcrumbList\",\"@id\":\"https:\/\/www.feyalegria.org\/paraguay\/fortalecimiento-de-la-agricultura-familiar-campesina-en-paraguay-desde-un-enfoque-agroecologico-y-de-economia-social-y-solidaria\/#breadcrumb\",\"itemListElement\":[{\"@type\":\"ListItem\",\"position\":1,\"name\":\"Home\",\"item\":\"https:\/\/www.feyalegria.org\/paraguay\/\"},{\"@type\":\"ListItem\",\"position\":2,\"name\":\"Fortalecimiento de la agricultura familiar campesina en Paraguay desde un enfoque agroecol\u00f3gico y de econom\u00eda social y solidaria\"}]},{\"@type\":\"WebSite\",\"@id\":\"https:\/\/www.feyalegria.org\/paraguay\/#website\",\"url\":\"https:\/\/www.feyalegria.org\/paraguay\/\",\"name\":\"#SomosFeyAlegria en Paraguay\",\"description\":\"Movimiento de Educaci\u00f3n Popular y Promoci\u00f3n Social\",\"potentialAction\":[{\"@type\":\"SearchAction\",\"target\":{\"@type\":\"EntryPoint\",\"urlTemplate\":\"https:\/\/www.feyalegria.org\/paraguay\/?s={search_term_string}\"},\"query-input\":{\"@type\":\"PropertyValueSpecification\",\"valueRequired\":true,\"valueName\":\"search_term_string\"}}],\"inLanguage\":\"es\"}]}<\/script>\n<!-- \/ Yoast SEO plugin. -->","yoast_head_json":{"title":"Fortalecimiento de la agricultura familiar campesina en Paraguay desde un enfoque agroecol\u00f3gico y de econom\u00eda social y solidaria - #SomosFeyAlegria en Paraguay","robots":{"index":"index","follow":"follow","max-snippet":"max-snippet:-1","max-image-preview":"max-image-preview:large","max-video-preview":"max-video-preview:-1"},"canonical":"https:\/\/www.feyalegria.org\/paraguay\/fortalecimiento-de-la-agricultura-familiar-campesina-en-paraguay-desde-un-enfoque-agroecologico-y-de-economia-social-y-solidaria\/","og_locale":"es_ES","og_type":"article","og_title":"Fortalecimiento de la agricultura familiar campesina en Paraguay desde un enfoque agroecol\u00f3gico y de econom\u00eda social y solidaria - #SomosFeyAlegria en Paraguay","og_description":"[vc_row][vc_column][vc_empty_space height=\u00bb30px\u00bb][vc_column_text css=\u00bb\u00bb] Fortalecimiento de la agricultura familiar campesina en Paraguay desde un enfoque agroecol\u00f3gico y de econom\u00eda social y solidaria [\/vc_column_text][vc_column_text css=\u00bb\u00bb]La Agricultura Familiar Campesina (AFC) es una pieza clave para la seguridad alimentaria y el desarrollo sostenible en Paraguay. Sin embargo, esta actividad enfrenta desaf\u00edos cr\u00edticos derivados de la crisis econ\u00f3mica, los efectos","og_url":"https:\/\/www.feyalegria.org\/paraguay\/fortalecimiento-de-la-agricultura-familiar-campesina-en-paraguay-desde-un-enfoque-agroecologico-y-de-economia-social-y-solidaria\/","og_site_name":"#SomosFeyAlegria en Paraguay","twitter_card":"summary_large_image","twitter_misc":{"Tiempo de lectura":"3 minutos"},"schema":{"@context":"https:\/\/schema.org","@graph":[{"@type":"WebPage","@id":"https:\/\/www.feyalegria.org\/paraguay\/fortalecimiento-de-la-agricultura-familiar-campesina-en-paraguay-desde-un-enfoque-agroecologico-y-de-economia-social-y-solidaria\/","url":"https:\/\/www.feyalegria.org\/paraguay\/fortalecimiento-de-la-agricultura-familiar-campesina-en-paraguay-desde-un-enfoque-agroecologico-y-de-economia-social-y-solidaria\/","name":"Fortalecimiento de la agricultura familiar campesina en Paraguay desde un enfoque agroecol\u00f3gico y de econom\u00eda social y solidaria - #SomosFeyAlegria en Paraguay","isPartOf":{"@id":"https:\/\/www.feyalegria.org\/paraguay\/#website"},"datePublished":"2025-01-15T19:33:26+00:00","breadcrumb":{"@id":"https:\/\/www.feyalegria.org\/paraguay\/fortalecimiento-de-la-agricultura-familiar-campesina-en-paraguay-desde-un-enfoque-agroecologico-y-de-economia-social-y-solidaria\/#breadcrumb"},"inLanguage":"es","potentialAction":[{"@type":"ReadAction","target":["https:\/\/www.feyalegria.org\/paraguay\/fortalecimiento-de-la-agricultura-familiar-campesina-en-paraguay-desde-un-enfoque-agroecologico-y-de-economia-social-y-solidaria\/"]}]},{"@type":"BreadcrumbList","@id":"https:\/\/www.feyalegria.org\/paraguay\/fortalecimiento-de-la-agricultura-familiar-campesina-en-paraguay-desde-un-enfoque-agroecologico-y-de-economia-social-y-solidaria\/#breadcrumb","itemListElement":[{"@type":"ListItem","position":1,"name":"Home","item":"https:\/\/www.feyalegria.org\/paraguay\/"},{"@type":"ListItem","position":2,"name":"Fortalecimiento de la agricultura familiar campesina en Paraguay desde un enfoque agroecol\u00f3gico y de econom\u00eda social y solidaria"}]},{"@type":"WebSite","@id":"https:\/\/www.feyalegria.org\/paraguay\/#website","url":"https:\/\/www.feyalegria.org\/paraguay\/","name":"#SomosFeyAlegria en Paraguay","description":"Movimiento de Educaci\u00f3n Popular y Promoci\u00f3n Social","potentialAction":[{"@type":"SearchAction","target":{"@type":"EntryPoint","urlTemplate":"https:\/\/www.feyalegria.org\/paraguay\/?s={search_term_string}"},"query-input":{"@type":"PropertyValueSpecification","valueRequired":true,"valueName":"search_term_string"}}],"inLanguage":"es"}]}},"_links":{"self":[{"href":"https:\/\/www.feyalegria.org\/paraguay\/wp-json\/wp\/v2\/pages\/11777","targetHints":{"allow":["GET"]}}],"collection":[{"href":"https:\/\/www.feyalegria.org\/paraguay\/wp-json\/wp\/v2\/pages"}],"about":[{"href":"https:\/\/www.feyalegria.org\/paraguay\/wp-json\/wp\/v2\/types\/page"}],"author":[{"embeddable":true,"href":"https:\/\/www.feyalegria.org\/paraguay\/wp-json\/wp\/v2\/users\/58"}],"replies":[{"embeddable":true,"href":"https:\/\/www.feyalegria.org\/paraguay\/wp-json\/wp\/v2\/comments?post=11777"}],"version-history":[{"count":0,"href":"https:\/\/www.feyalegria.org\/paraguay\/wp-json\/wp\/v2\/pages\/11777\/revisions"}],"wp:attachment":[{"href":"https:\/\/www.feyalegria.org\/paraguay\/wp-json\/wp\/v2\/media?parent=11777"}],"wp:term":[{"taxonomy":"folder","embeddable":true,"href":"https:\/\/www.feyalegria.org\/paraguay\/wp-json\/wp\/v2\/folder?post=11777"}],"curies":[{"name":"wp","href":"https:\/\/api.w.org\/{rel}","templated":true}]}}