 {"id":11788,"date":"2025-01-16T12:19:59","date_gmt":"2025-01-16T17:19:59","guid":{"rendered":"https:\/\/www.feyalegria.org\/paraguay\/?page_id=11788"},"modified":"2025-01-16T12:19:59","modified_gmt":"2025-01-16T17:19:59","slug":"formacion-integral-para-el-liderazgo-juvenil","status":"publish","type":"page","link":"https:\/\/www.feyalegria.org\/paraguay\/formacion-integral-para-el-liderazgo-juvenil\/","title":{"rendered":"Formaci\u00f3n integral para el liderazgo juvenil"},"content":{"rendered":"<div class=\"wpb-content-wrapper\"><p>[vc_row][vc_column][vc_empty_space][vc_column_text css=\u00bb\u00bb]<\/p>\n<section class=\"elementor-section elementor-inner-section elementor-element elementor-element-33d4b120 elementor-section-boxed elementor-section-height-default elementor-section-height-default\" data-id=\"33d4b120\">\n<div class=\"elementor-container elementor-column-gap-default\">\n<div class=\"elementor-row\">\n<div class=\"elementor-column elementor-col-100 elementor-inner-column elementor-element elementor-element-63345202\" data-id=\"63345202\">\n<div class=\"elementor-column-wrap elementor-element-populated\">\n<div class=\"elementor-widget-wrap\">\n<div class=\"elementor-element elementor-element-700b250f elementor-widget elementor-widget-heading\" data-id=\"700b250f\">\n<div class=\"elementor-widget-container\"><span style=\"color: #ad0909; font-size: 18pt;\"><strong>FORMACI\u00d3N INTEGRAL PARA EL LIDERAZGO JUVENIL<\/strong><\/span><\/div>\n<\/div>\n<\/div>\n<\/div>\n<\/div>\n<\/div>\n<\/div>\n<\/section>\n<p>[\/vc_column_text][vc_column_text css=\u00bb\u00bb]Este proyecto tiene como misi\u00f3n principal potenciar las capacidades y el compromiso de <strong>j\u00f3venes de 15 a 30 a\u00f1os<\/strong> provenientes de sectores populares en Paraguay. Trabajamos en <strong>10 departamentos y la capital<\/strong>, llegando a comunidades en Central, Paraguar\u00ed, Misiones, Alto Paran\u00e1, Presidente Hayes, San Pedro, Caaguaz\u00fa, Canindey\u00fa, Concepci\u00f3n y los Ba\u00f1ados de Asunci\u00f3n.<\/p>\n<p>&nbsp;<\/p>\n<h4><strong>\u00bfQui\u00e9nes participan?<\/strong><\/h4>\n<p>J\u00f3venes vinculados a grupos, comunidades y programas juveniles de:<\/p>\n<ul>\n<li><strong>Fe y Alegr\u00eda \u2013 Provincia de Paraguay<\/strong><\/li>\n<li><strong>Red Juvenil Ignaciana<\/strong><\/li>\n<li><strong>Movimiento Eucar\u00edstico Juvenil (MEJ)<\/strong><\/li>\n<li><strong>CEPAG<\/strong><\/li>\n<\/ul>\n<p>&nbsp;<\/p>\n<h3><strong>Componentes de la Formaci\u00f3n<\/strong><\/h3>\n<ol>\n<li><strong>Liderazgo Juvenil Ignaciano:<\/strong><br \/>\nFormamos a <strong>450 j\u00f3venes<\/strong> en liderazgo inspirado en la espiritualidad ignaciana, con actividades que promueven el crecimiento interior y la conexi\u00f3n espiritual. Estas actividades incluyen:<\/p>\n<ul>\n<li><strong>Retiros y tandas de Ejercicios Espirituales.<\/strong><\/li>\n<li>Espacios de oraci\u00f3n comunitaria e individual.<\/li>\n<li>Acompa\u00f1amiento espiritual personalizado.<\/li>\n<\/ul>\n<\/li>\n<li><strong>Crecimiento Humano y Competencias Psicosociales:<\/strong><br \/>\nProporcionamos herramientas para el desarrollo personal, emocional y relacional a trav\u00e9s de:<\/p>\n<ul>\n<li>Espacios de escucha, contenci\u00f3n y formaci\u00f3n en habilidades para la vida.<\/li>\n<li>Acompa\u00f1amiento profesional desde el \u00e1rea de psicolog\u00eda para procesos emocionales espec\u00edficos.<\/li>\n<li>Formaci\u00f3n basada en la espiritualidad ignaciana, promoviendo el autoconocimiento y la resiliencia.<\/li>\n<\/ul>\n<\/li>\n<li><strong>Compromiso con el Cuidado de la Casa Com\u00fan:<\/strong><br \/>\nPromovemos la responsabilidad socioambiental con actividades que inspiran a los j\u00f3venes a convertirse en <strong>agentes de cambio ambiental<\/strong>, incluyendo:<\/p>\n<ul>\n<li><strong>Capacitaciones en educaci\u00f3n ambiental.<\/strong><\/li>\n<li>Creaci\u00f3n de contenidos audiovisuales y art\u00edsticos para concienciar sobre la acci\u00f3n clim\u00e1tica.<\/li>\n<li>Implementaci\u00f3n de buenas pr\u00e1cticas ecol\u00f3gicas en las comunidades.<\/li>\n<\/ul>\n<\/li>\n<\/ol>\n<p>&nbsp;<\/p>\n<h3><strong>Impacto Territorial: Ampliando Horizontes<\/strong><\/h3>\n<p>El proyecto abarca comunidades en:<\/p>\n<ul>\n<li><strong>Central:<\/strong> Luque, Lambar\u00e9, Aregu\u00e1, Ypan\u00e9, Capiat\u00e1, San Lorenzo, Mariano Roque Alonso.<\/li>\n<li><strong>Paraguar\u00ed:<\/strong> Paraguar\u00ed.<\/li>\n<li><strong>Misiones:<\/strong> San Ignacio, Santa Mar\u00eda de Fe.<\/li>\n<li><strong>Alto Paran\u00e1:<\/strong> Ciudad del Este.<\/li>\n<li><strong>Presidente Hayes:<\/strong> Villa Hayes.<\/li>\n<li><strong>San Pedro:<\/strong> Santan\u00ed, Kamba Rembe, Lima.<\/li>\n<li><strong>Caaguaz\u00fa:<\/strong> Caaguaz\u00fa, Coronel Oviedo.<\/li>\n<li><strong>Canindey\u00fa:<\/strong> Yasy Ca\u00f1y.<\/li>\n<li><strong>Concepci\u00f3n:<\/strong> Arroyito.<\/li>\n<li><strong>Asunci\u00f3n:<\/strong> Ba\u00f1ados Norte y Sur.<\/li>\n<\/ul>\n<p>[\/vc_column_text][vc_column_text]<\/p>\n<div class=\"elementor-element elementor-element-39892042 elementor-widget elementor-widget-heading\" data-id=\"39892042\">\n<div class=\"elementor-widget-container\">\n<h3 class=\"elementor-heading-title elementor-size-default\">Financiadora<\/h3>\n<\/div>\n<\/div>\n<p>[\/vc_column_text][vc_single_image image=\u00bb11789&#8243; img_size=\u00bbmedium\u00bb alignment=\u00bbcenter\u00bb css=\u00bb\u00bb][vc_column_text]<\/p>\n<div class=\"elementor-element elementor-element-39892042 elementor-widget elementor-widget-heading\" data-id=\"39892042\">\n<div class=\"elementor-widget-container\">\n<h3 class=\"elementor-heading-title elementor-size-default\">Fotos del Proyecto<\/h3>\n<\/div>\n<\/div>\n<p>[\/vc_column_text][\/vc_column][\/vc_row][vc_row][vc_column alignment=\u00bbcenter\u00bb]<div class=\"mpc-carousel__wrapper mpc-waypoint\"><div id=\"mpc_carousel_image-5869e27b35b91d6\" class=\"mpc-carousel-image mpc-init mpc-layout--classic mpc-effect--none \"  data-mpcslick='{\"infinite\":true,\"autoplay\":true,\"slidesToShow\":4,\"slidesToScroll\":1,\"centerMode\":false,\"initialSlide\":0,\"autoplaySpeed\":3500,\"speed\":500}' data-slick-cols=\"4\"><div target=\"\"class=\"mpc-carousel__item-wrapper\" data-height=\"300\"><div onclick=\"\" class=\"mpc-item mpc-transition\"><div class=\"mpc-border\"><\/div><img loading=\"lazy\" decoding=\"async\" width=\"300\" height=\"300\" src=\"https:\/\/d3pugrm67vf9n7.cloudfront.net\/wp-content\/uploads\/sites\/33\/2025\/01\/16121817\/123.png\" class=\"mpc-transition attachment-medium\" alt=\"\" title=\"1(23)\" srcset=\"https:\/\/d3pugrm67vf9n7.cloudfront.net\/wp-content\/uploads\/sites\/33\/2025\/01\/16121817\/123.png 300w, https:\/\/d3pugrm67vf9n7.cloudfront.net\/wp-content\/uploads\/sites\/33\/2025\/01\/16121817\/123-150x150.png 150w\" sizes=\"auto, (max-width: 300px) 100vw, 300px\" \/><\/div><\/div><div target=\"\"class=\"mpc-carousel__item-wrapper\" data-height=\"300\"><div onclick=\"\" class=\"mpc-item mpc-transition\"><div class=\"mpc-border\"><\/div><img loading=\"lazy\" decoding=\"async\" width=\"300\" height=\"300\" src=\"https:\/\/d3pugrm67vf9n7.cloudfront.net\/wp-content\/uploads\/sites\/33\/2025\/01\/16121819\/221.png\" class=\"mpc-transition attachment-medium\" alt=\"\" title=\"2(21)\" srcset=\"https:\/\/d3pugrm67vf9n7.cloudfront.net\/wp-content\/uploads\/sites\/33\/2025\/01\/16121819\/221.png 300w, https:\/\/d3pugrm67vf9n7.cloudfront.net\/wp-content\/uploads\/sites\/33\/2025\/01\/16121819\/221-150x150.png 150w\" sizes=\"auto, (max-width: 300px) 100vw, 300px\" \/><\/div><\/div><div target=\"\"class=\"mpc-carousel__item-wrapper\" data-height=\"300\"><div onclick=\"\" class=\"mpc-item mpc-transition\"><div class=\"mpc-border\"><\/div><img loading=\"lazy\" decoding=\"async\" width=\"300\" height=\"300\" src=\"https:\/\/d3pugrm67vf9n7.cloudfront.net\/wp-content\/uploads\/sites\/33\/2025\/01\/16121821\/325.png\" class=\"mpc-transition attachment-medium\" alt=\"\" title=\"3(25)\" srcset=\"https:\/\/d3pugrm67vf9n7.cloudfront.net\/wp-content\/uploads\/sites\/33\/2025\/01\/16121821\/325.png 300w, https:\/\/d3pugrm67vf9n7.cloudfront.net\/wp-content\/uploads\/sites\/33\/2025\/01\/16121821\/325-150x150.png 150w\" sizes=\"auto, (max-width: 300px) 100vw, 300px\" \/><\/div><\/div><div target=\"\"class=\"mpc-carousel__item-wrapper\" data-height=\"300\"><div onclick=\"\" class=\"mpc-item mpc-transition\"><div class=\"mpc-border\"><\/div><img loading=\"lazy\" decoding=\"async\" width=\"300\" height=\"300\" src=\"https:\/\/d3pugrm67vf9n7.cloudfront.net\/wp-content\/uploads\/sites\/33\/2025\/01\/16121823\/422.png\" class=\"mpc-transition attachment-medium\" alt=\"\" title=\"4(22)\" srcset=\"https:\/\/d3pugrm67vf9n7.cloudfront.net\/wp-content\/uploads\/sites\/33\/2025\/01\/16121823\/422.png 300w, https:\/\/d3pugrm67vf9n7.cloudfront.net\/wp-content\/uploads\/sites\/33\/2025\/01\/16121823\/422-150x150.png 150w\" sizes=\"auto, (max-width: 300px) 100vw, 300px\" \/><\/div><\/div><div target=\"\"class=\"mpc-carousel__item-wrapper\" data-height=\"300\"><div onclick=\"\" class=\"mpc-item mpc-transition\"><div class=\"mpc-border\"><\/div><img loading=\"lazy\" decoding=\"async\" width=\"300\" height=\"300\" src=\"https:\/\/d3pugrm67vf9n7.cloudfront.net\/wp-content\/uploads\/sites\/33\/2025\/01\/16121825\/516.png\" class=\"mpc-transition attachment-medium\" alt=\"\" title=\"5(16)\" srcset=\"https:\/\/d3pugrm67vf9n7.cloudfront.net\/wp-content\/uploads\/sites\/33\/2025\/01\/16121825\/516.png 300w, https:\/\/d3pugrm67vf9n7.cloudfront.net\/wp-content\/uploads\/sites\/33\/2025\/01\/16121825\/516-150x150.png 150w\" sizes=\"auto, (max-width: 300px) 100vw, 300px\" \/><\/div><\/div><div target=\"\"class=\"mpc-carousel__item-wrapper\" data-height=\"300\"><div onclick=\"\" class=\"mpc-item mpc-transition\"><div class=\"mpc-border\"><\/div><img loading=\"lazy\" decoding=\"async\" width=\"300\" height=\"300\" src=\"https:\/\/d3pugrm67vf9n7.cloudfront.net\/wp-content\/uploads\/sites\/33\/2025\/01\/16121827\/612.png\" class=\"mpc-transition attachment-medium\" alt=\"\" title=\"6(12)\" srcset=\"https:\/\/d3pugrm67vf9n7.cloudfront.net\/wp-content\/uploads\/sites\/33\/2025\/01\/16121827\/612.png 300w, https:\/\/d3pugrm67vf9n7.cloudfront.net\/wp-content\/uploads\/sites\/33\/2025\/01\/16121827\/612-150x150.png 150w\" sizes=\"auto, (max-width: 300px) 100vw, 300px\" \/><\/div><\/div><\/div><div class=\"mpc-navigation mpc-init mpc-align--left mpc-navigation--style_1  mpc-nav-preset--\" data-mpcslider=\"mpc_carousel_image-5869e27b35b91d6\"><div class=\"mpc-nav__arrow mpcslick-prev\"><div class=\"mpc-nav__icon mpc-transition\"><i class=\"\"><div class=\"mpc-nav__background mpc-transition mpc-effect-type--fade mpc-effect-side--in\"><\/div><\/i><\/div><\/div><div class=\"mpc-nav__arrow mpcslick-next\"><div class=\"mpc-nav__icon mpc-transition\"><i class=\"\"><div class=\"mpc-nav__background mpc-transition mpc-effect-type--fade mpc-effect-side--in\"><\/div><\/i><\/div><\/div><\/div><\/div>[\/vc_column][\/vc_row]<\/p>\n<\/div>","protected":false},"excerpt":{"rendered":"<p>[vc_row][vc_column][vc_empty_space][vc_column_text css=\u00bb\u00bb] FORMACI\u00d3N INTEGRAL PARA EL LIDERAZGO JUVENIL [\/vc_column_text][vc_column_text css=\u00bb\u00bb]Este proyecto tiene como misi\u00f3n principal potenciar las capacidades y el compromiso de j\u00f3venes de 15 a 30 a\u00f1os provenientes de sectores populares en Paraguay. Trabajamos en 10 departamentos y la capital, llegando a comunidades en Central, Paraguar\u00ed, Misiones, Alto Paran\u00e1, Presidente Hayes, San Pedro, Caaguaz\u00fa,<\/p>\n","protected":false},"author":58,"featured_media":0,"parent":0,"menu_order":0,"comment_status":"closed","ping_status":"closed","template":"","meta":{"_acf_changed":false,"footnotes":""},"folder":[],"class_list":["post-11788","page","type-page","status-publish","hentry"],"acf":[],"yoast_head":"<!-- This site is optimized with the Yoast SEO plugin v27.2 - https:\/\/yoast.com\/product\/yoast-seo-wordpress\/ -->\n<title>Formaci\u00f3n integral para el liderazgo juvenil - #SomosFeyAlegria en Paraguay<\/title>\n<meta name=\"robots\" content=\"index, follow, max-snippet:-1, max-image-preview:large, max-video-preview:-1\" \/>\n<link rel=\"canonical\" href=\"https:\/\/www.feyalegria.org\/paraguay\/formacion-integral-para-el-liderazgo-juvenil\/\" \/>\n<meta property=\"og:locale\" content=\"es_ES\" \/>\n<meta property=\"og:type\" content=\"article\" \/>\n<meta property=\"og:title\" content=\"Formaci\u00f3n integral para el liderazgo juvenil - #SomosFeyAlegria en Paraguay\" \/>\n<meta property=\"og:description\" content=\"[vc_row][vc_column][vc_empty_space][vc_column_text css=\u00bb\u00bb] FORMACI\u00d3N INTEGRAL PARA EL LIDERAZGO JUVENIL [\/vc_column_text][vc_column_text css=\u00bb\u00bb]Este proyecto tiene como misi\u00f3n principal potenciar las capacidades y el compromiso de j\u00f3venes de 15 a 30 a\u00f1os provenientes de sectores populares en Paraguay. Trabajamos en 10 departamentos y la capital, llegando a comunidades en Central, Paraguar\u00ed, Misiones, Alto Paran\u00e1, Presidente Hayes, San Pedro, Caaguaz\u00fa,\" \/>\n<meta property=\"og:url\" content=\"https:\/\/www.feyalegria.org\/paraguay\/formacion-integral-para-el-liderazgo-juvenil\/\" \/>\n<meta property=\"og:site_name\" content=\"#SomosFeyAlegria en Paraguay\" \/>\n<meta name=\"twitter:card\" content=\"summary_large_image\" \/>\n<meta name=\"twitter:label1\" content=\"Tiempo de lectura\" \/>\n\t<meta name=\"twitter:data1\" content=\"3 minutos\" \/>\n<script type=\"application\/ld+json\" class=\"yoast-schema-graph\">{\"@context\":\"https:\/\/schema.org\",\"@graph\":[{\"@type\":\"WebPage\",\"@id\":\"https:\/\/www.feyalegria.org\/paraguay\/formacion-integral-para-el-liderazgo-juvenil\/\",\"url\":\"https:\/\/www.feyalegria.org\/paraguay\/formacion-integral-para-el-liderazgo-juvenil\/\",\"name\":\"Formaci\u00f3n integral para el liderazgo juvenil - #SomosFeyAlegria en Paraguay\",\"isPartOf\":{\"@id\":\"https:\/\/www.feyalegria.org\/paraguay\/#website\"},\"datePublished\":\"2025-01-16T17:19:59+00:00\",\"breadcrumb\":{\"@id\":\"https:\/\/www.feyalegria.org\/paraguay\/formacion-integral-para-el-liderazgo-juvenil\/#breadcrumb\"},\"inLanguage\":\"es\",\"potentialAction\":[{\"@type\":\"ReadAction\",\"target\":[\"https:\/\/www.feyalegria.org\/paraguay\/formacion-integral-para-el-liderazgo-juvenil\/\"]}]},{\"@type\":\"BreadcrumbList\",\"@id\":\"https:\/\/www.feyalegria.org\/paraguay\/formacion-integral-para-el-liderazgo-juvenil\/#breadcrumb\",\"itemListElement\":[{\"@type\":\"ListItem\",\"position\":1,\"name\":\"Home\",\"item\":\"https:\/\/www.feyalegria.org\/paraguay\/\"},{\"@type\":\"ListItem\",\"position\":2,\"name\":\"Formaci\u00f3n integral para el liderazgo juvenil\"}]},{\"@type\":\"WebSite\",\"@id\":\"https:\/\/www.feyalegria.org\/paraguay\/#website\",\"url\":\"https:\/\/www.feyalegria.org\/paraguay\/\",\"name\":\"#SomosFeyAlegria en Paraguay\",\"description\":\"Movimiento de Educaci\u00f3n Popular y Promoci\u00f3n Social\",\"potentialAction\":[{\"@type\":\"SearchAction\",\"target\":{\"@type\":\"EntryPoint\",\"urlTemplate\":\"https:\/\/www.feyalegria.org\/paraguay\/?s={search_term_string}\"},\"query-input\":{\"@type\":\"PropertyValueSpecification\",\"valueRequired\":true,\"valueName\":\"search_term_string\"}}],\"inLanguage\":\"es\"}]}<\/script>\n<!-- \/ Yoast SEO plugin. -->","yoast_head_json":{"title":"Formaci\u00f3n integral para el liderazgo juvenil - #SomosFeyAlegria en Paraguay","robots":{"index":"index","follow":"follow","max-snippet":"max-snippet:-1","max-image-preview":"max-image-preview:large","max-video-preview":"max-video-preview:-1"},"canonical":"https:\/\/www.feyalegria.org\/paraguay\/formacion-integral-para-el-liderazgo-juvenil\/","og_locale":"es_ES","og_type":"article","og_title":"Formaci\u00f3n integral para el liderazgo juvenil - #SomosFeyAlegria en Paraguay","og_description":"[vc_row][vc_column][vc_empty_space][vc_column_text css=\u00bb\u00bb] FORMACI\u00d3N INTEGRAL PARA EL LIDERAZGO JUVENIL [\/vc_column_text][vc_column_text css=\u00bb\u00bb]Este proyecto tiene como misi\u00f3n principal potenciar las capacidades y el compromiso de j\u00f3venes de 15 a 30 a\u00f1os provenientes de sectores populares en Paraguay. Trabajamos en 10 departamentos y la capital, llegando a comunidades en Central, Paraguar\u00ed, Misiones, Alto Paran\u00e1, Presidente Hayes, San Pedro, Caaguaz\u00fa,","og_url":"https:\/\/www.feyalegria.org\/paraguay\/formacion-integral-para-el-liderazgo-juvenil\/","og_site_name":"#SomosFeyAlegria en Paraguay","twitter_card":"summary_large_image","twitter_misc":{"Tiempo de lectura":"3 minutos"},"schema":{"@context":"https:\/\/schema.org","@graph":[{"@type":"WebPage","@id":"https:\/\/www.feyalegria.org\/paraguay\/formacion-integral-para-el-liderazgo-juvenil\/","url":"https:\/\/www.feyalegria.org\/paraguay\/formacion-integral-para-el-liderazgo-juvenil\/","name":"Formaci\u00f3n integral para el liderazgo juvenil - #SomosFeyAlegria en Paraguay","isPartOf":{"@id":"https:\/\/www.feyalegria.org\/paraguay\/#website"},"datePublished":"2025-01-16T17:19:59+00:00","breadcrumb":{"@id":"https:\/\/www.feyalegria.org\/paraguay\/formacion-integral-para-el-liderazgo-juvenil\/#breadcrumb"},"inLanguage":"es","potentialAction":[{"@type":"ReadAction","target":["https:\/\/www.feyalegria.org\/paraguay\/formacion-integral-para-el-liderazgo-juvenil\/"]}]},{"@type":"BreadcrumbList","@id":"https:\/\/www.feyalegria.org\/paraguay\/formacion-integral-para-el-liderazgo-juvenil\/#breadcrumb","itemListElement":[{"@type":"ListItem","position":1,"name":"Home","item":"https:\/\/www.feyalegria.org\/paraguay\/"},{"@type":"ListItem","position":2,"name":"Formaci\u00f3n integral para el liderazgo juvenil"}]},{"@type":"WebSite","@id":"https:\/\/www.feyalegria.org\/paraguay\/#website","url":"https:\/\/www.feyalegria.org\/paraguay\/","name":"#SomosFeyAlegria en Paraguay","description":"Movimiento de Educaci\u00f3n Popular y Promoci\u00f3n Social","potentialAction":[{"@type":"SearchAction","target":{"@type":"EntryPoint","urlTemplate":"https:\/\/www.feyalegria.org\/paraguay\/?s={search_term_string}"},"query-input":{"@type":"PropertyValueSpecification","valueRequired":true,"valueName":"search_term_string"}}],"inLanguage":"es"}]}},"_links":{"self":[{"href":"https:\/\/www.feyalegria.org\/paraguay\/wp-json\/wp\/v2\/pages\/11788","targetHints":{"allow":["GET"]}}],"collection":[{"href":"https:\/\/www.feyalegria.org\/paraguay\/wp-json\/wp\/v2\/pages"}],"about":[{"href":"https:\/\/www.feyalegria.org\/paraguay\/wp-json\/wp\/v2\/types\/page"}],"author":[{"embeddable":true,"href":"https:\/\/www.feyalegria.org\/paraguay\/wp-json\/wp\/v2\/users\/58"}],"replies":[{"embeddable":true,"href":"https:\/\/www.feyalegria.org\/paraguay\/wp-json\/wp\/v2\/comments?post=11788"}],"version-history":[{"count":0,"href":"https:\/\/www.feyalegria.org\/paraguay\/wp-json\/wp\/v2\/pages\/11788\/revisions"}],"wp:attachment":[{"href":"https:\/\/www.feyalegria.org\/paraguay\/wp-json\/wp\/v2\/media?parent=11788"}],"wp:term":[{"taxonomy":"folder","embeddable":true,"href":"https:\/\/www.feyalegria.org\/paraguay\/wp-json\/wp\/v2\/folder?post=11788"}],"curies":[{"name":"wp","href":"https:\/\/api.w.org\/{rel}","templated":true}]}}