 {"id":11801,"date":"2025-01-16T13:13:01","date_gmt":"2025-01-16T18:13:01","guid":{"rendered":"https:\/\/www.feyalegria.org\/paraguay\/?page_id=11801"},"modified":"2025-01-16T13:13:01","modified_gmt":"2025-01-16T18:13:01","slug":"participacion-de-juventudes-para-la-ampliacion-del-espacio-civico-y-la-incidencia-en-politica-publicas","status":"publish","type":"page","link":"https:\/\/www.feyalegria.org\/paraguay\/participacion-de-juventudes-para-la-ampliacion-del-espacio-civico-y-la-incidencia-en-politica-publicas\/","title":{"rendered":"Participaci\u00f3n de juventudes para la ampliaci\u00f3n del espacio c\u00edvico y la incidencia en pol\u00edtica p\u00fablicas"},"content":{"rendered":"<div class=\"wpb-content-wrapper\"><p>[vc_row][vc_column][vc_column_text css=\u00bb\u00bb]<\/p>\n<section class=\"elementor-section elementor-inner-section elementor-element elementor-element-33d4b120 elementor-section-boxed elementor-section-height-default elementor-section-height-default\" data-id=\"33d4b120\">\n<div class=\"elementor-container elementor-column-gap-default\">\n<div class=\"elementor-row\">\n<div class=\"elementor-column elementor-col-100 elementor-inner-column elementor-element elementor-element-63345202\" data-id=\"63345202\">\n<div class=\"elementor-column-wrap elementor-element-populated\">\n<div class=\"elementor-widget-wrap\">\n<div class=\"elementor-element elementor-element-700b250f elementor-widget elementor-widget-heading\" data-id=\"700b250f\">\n<div class=\"elementor-widget-container\">\n<h3 class=\"elementor-heading-title elementor-size-default\"><strong>Participaci\u00f3n de juventudes para la ampliaci\u00f3n del espacio c\u00edvico y la incidencia en pol\u00edtica p\u00fablicas<\/strong><\/h3>\n<\/div>\n<\/div>\n<\/div>\n<\/div>\n<\/div>\n<\/div>\n<\/div>\n<\/section>\n<p>[\/vc_column_text][vc_column_text css=\u00bb\u00bb]<\/p>\n<div class=\"elementor-element elementor-element-75450bc6 elementor-widget elementor-widget-text-editor\" data-id=\"75450bc6\">\n<div class=\"elementor-widget-container\">\n<div class=\"elementor-text-editor elementor-clearfix\">\n<p>El proyecto tiene como meta principal <strong>promover el activismo de j\u00f3venes y mujeres<\/strong> a trav\u00e9s de su participaci\u00f3n activa y la construcci\u00f3n de alianzas entre grupos en territorios definidos. Esta iniciativa fomenta la visibilidad, el protagonismo y la conexi\u00f3n entre juventudes en contextos educativos, organizaciones rurales y grupos de mujeres.<\/p>\n<p>Esta acci\u00f3n es llevada en conjunto con el Centro de Estudios Paraguayos Padre Antonio Guasch CEPAG y DECIDAMOS.<\/p>\n<\/div>\n<div class=\"elementor-text-editor elementor-clearfix\">\n<h4><strong>Objetivos y Prioridades<\/strong><\/h4>\n<p>Se alinea con las metas globales de:<\/p>\n<ol>\n<li><strong>Proteger y empoderar a las personas.<\/strong><\/li>\n<li><strong>Construir sociedades resilientes, inclusivas y democr\u00e1ticas.<\/strong><\/li>\n<li><strong>Trabajar juntos para alcanzar objetivos comunes.<\/strong><\/li>\n<\/ol>\n<p>Adem\u00e1s, la acci\u00f3n aborda las prioridades de fortalecer a las <strong>Organizaciones de la Sociedad Civil (OSC):<\/strong><\/p>\n<ul>\n<li>Fomentar un entorno propicio.<\/li>\n<li>Promover la participaci\u00f3n en procesos de desarrollo.<\/li>\n<li>Facilitar el di\u00e1logo inclusivo en pol\u00edticas de desarrollo.<\/li>\n<\/ul>\n<p>&nbsp;<\/p>\n<h3><strong>Enfoques Clave del Proyecto<\/strong><\/h3>\n<p><strong>1. Espacios de Encuentro y Formaci\u00f3n<\/strong><br \/>\nA trav\u00e9s de talleres y encuentros se abordan temas como:<\/p>\n<ul>\n<li>Calidad educativa y participaci\u00f3n ciudadana.<\/li>\n<li><strong>Empoderamiento de las mujeres<\/strong> con perspectiva de g\u00e9nero.<\/li>\n<li><strong>Cambio clim\u00e1tico<\/strong>, sensibilizando y promoviendo proyectos comunitarios sostenibles.<\/li>\n<\/ul>\n<p><strong>2. Temas Transversales<\/strong><br \/>\nEl proyecto integra de forma transversal los enfoques de:<\/p>\n<ul>\n<li><strong>Juventud e igualdad de g\u00e9nero<\/strong>, fundamentales para un desarrollo sostenible.<\/li>\n<li><strong>Cuidado del medio ambiente<\/strong>, priorizando la educaci\u00f3n y acciones comunitarias.<\/li>\n<\/ul>\n<p><strong>3. Inclusi\u00f3n Territorial y Grupal<\/strong><br \/>\nTrabajamos en comunidades rurales y periurbanas, incluyendo:<\/p>\n<ul>\n<li><strong>Asunci\u00f3n y Central:<\/strong> Juventud del Ba\u00f1ado Sur.<\/li>\n<li><strong>Caaguaz\u00fa, San Pedro, Canindey\u00fa, Alto Paran\u00e1 y Chaco.<\/strong><\/li>\n<li><strong>8 centros educativos<\/strong> de Fe y Alegr\u00eda.<\/li>\n<li><strong>4 organizaciones campesinas<\/strong> y <strong>2 asociaciones de productores.<\/strong><\/li>\n<li>Una organizaci\u00f3n de mujeres j\u00f3venes feministas.<\/li>\n<\/ul>\n<\/div>\n<\/div>\n<\/div>\n<p>[\/vc_column_text][vc_column_text]<\/p>\n<div class=\"elementor-element elementor-element-39892042 elementor-widget elementor-widget-heading\" data-id=\"39892042\">\n<div class=\"elementor-widget-container\">\n<h3 class=\"elementor-heading-title elementor-size-default\">Financiadora<\/h3>\n<\/div>\n<\/div>\n<p>[\/vc_column_text][vc_single_image image=\u00bb9042&#8243; img_size=\u00bbmedium\u00bb alignment=\u00bbcenter\u00bb][vc_column_text]<\/p>\n<div class=\"elementor-element elementor-element-39892042 elementor-widget elementor-widget-heading\" data-id=\"39892042\">\n<div class=\"elementor-widget-container\">\n<h3 class=\"elementor-heading-title elementor-size-default\">Fotos del Proyecto<\/h3>\n<\/div>\n<\/div>\n<p>[\/vc_column_text][\/vc_column][\/vc_row][vc_row][vc_column alignment=\u00bbcenter\u00bb]<div class=\"mpc-carousel__wrapper mpc-waypoint\"><div id=\"mpc_carousel_image-2869e2813d5851f\" class=\"mpc-carousel-image mpc-init mpc-layout--classic mpc-effect--none \"  data-mpcslick='{\"infinite\":true,\"autoplay\":true,\"slidesToShow\":4,\"slidesToScroll\":1,\"centerMode\":false,\"initialSlide\":0,\"autoplaySpeed\":3500,\"speed\":500}' data-slick-cols=\"4\"><div target=\"\"class=\"mpc-carousel__item-wrapper\" data-height=\"300\"><div onclick=\"\" class=\"mpc-item mpc-transition\"><div class=\"mpc-border\"><\/div><img loading=\"lazy\" decoding=\"async\" width=\"300\" height=\"300\" src=\"https:\/\/d3pugrm67vf9n7.cloudfront.net\/wp-content\/uploads\/sites\/33\/2025\/01\/16131140\/224.png\" class=\"mpc-transition attachment-medium\" alt=\"\" title=\"2(24)\" srcset=\"https:\/\/d3pugrm67vf9n7.cloudfront.net\/wp-content\/uploads\/sites\/33\/2025\/01\/16131140\/224.png 300w, https:\/\/d3pugrm67vf9n7.cloudfront.net\/wp-content\/uploads\/sites\/33\/2025\/01\/16131140\/224-150x150.png 150w\" sizes=\"auto, (max-width: 300px) 100vw, 300px\" \/><\/div><\/div><div target=\"\"class=\"mpc-carousel__item-wrapper\" data-height=\"300\"><div onclick=\"\" class=\"mpc-item mpc-transition\"><div class=\"mpc-border\"><\/div><img loading=\"lazy\" decoding=\"async\" width=\"300\" height=\"300\" src=\"https:\/\/d3pugrm67vf9n7.cloudfront.net\/wp-content\/uploads\/sites\/33\/2025\/01\/16131145\/326.png\" class=\"mpc-transition attachment-medium\" alt=\"\" title=\"3(26)\" srcset=\"https:\/\/d3pugrm67vf9n7.cloudfront.net\/wp-content\/uploads\/sites\/33\/2025\/01\/16131145\/326.png 300w, https:\/\/d3pugrm67vf9n7.cloudfront.net\/wp-content\/uploads\/sites\/33\/2025\/01\/16131145\/326-150x150.png 150w\" sizes=\"auto, (max-width: 300px) 100vw, 300px\" \/><\/div><\/div><div target=\"\"class=\"mpc-carousel__item-wrapper\" data-height=\"300\"><div onclick=\"\" class=\"mpc-item mpc-transition\"><div class=\"mpc-border\"><\/div><img loading=\"lazy\" decoding=\"async\" width=\"300\" height=\"300\" src=\"https:\/\/d3pugrm67vf9n7.cloudfront.net\/wp-content\/uploads\/sites\/33\/2025\/01\/16131148\/423.png\" class=\"mpc-transition attachment-medium\" alt=\"\" title=\"4(23)\" srcset=\"https:\/\/d3pugrm67vf9n7.cloudfront.net\/wp-content\/uploads\/sites\/33\/2025\/01\/16131148\/423.png 300w, https:\/\/d3pugrm67vf9n7.cloudfront.net\/wp-content\/uploads\/sites\/33\/2025\/01\/16131148\/423-150x150.png 150w\" sizes=\"auto, (max-width: 300px) 100vw, 300px\" \/><\/div><\/div><div target=\"\"class=\"mpc-carousel__item-wrapper\" data-height=\"300\"><div onclick=\"\" class=\"mpc-item mpc-transition\"><div class=\"mpc-border\"><\/div><img loading=\"lazy\" decoding=\"async\" width=\"300\" height=\"300\" src=\"https:\/\/d3pugrm67vf9n7.cloudfront.net\/wp-content\/uploads\/sites\/33\/2025\/01\/16131150\/518.png\" class=\"mpc-transition attachment-medium\" alt=\"\" title=\"5(18)\" srcset=\"https:\/\/d3pugrm67vf9n7.cloudfront.net\/wp-content\/uploads\/sites\/33\/2025\/01\/16131150\/518.png 300w, https:\/\/d3pugrm67vf9n7.cloudfront.net\/wp-content\/uploads\/sites\/33\/2025\/01\/16131150\/518-150x150.png 150w\" sizes=\"auto, (max-width: 300px) 100vw, 300px\" \/><\/div><\/div><div target=\"\"class=\"mpc-carousel__item-wrapper\" data-height=\"300\"><div onclick=\"\" class=\"mpc-item mpc-transition\"><div class=\"mpc-border\"><\/div><img loading=\"lazy\" decoding=\"async\" width=\"300\" height=\"300\" src=\"https:\/\/d3pugrm67vf9n7.cloudfront.net\/wp-content\/uploads\/sites\/33\/2025\/01\/16131225\/127.png\" class=\"mpc-transition attachment-medium\" alt=\"\" title=\"1(27)\" srcset=\"https:\/\/d3pugrm67vf9n7.cloudfront.net\/wp-content\/uploads\/sites\/33\/2025\/01\/16131225\/127.png 300w, https:\/\/d3pugrm67vf9n7.cloudfront.net\/wp-content\/uploads\/sites\/33\/2025\/01\/16131225\/127-150x150.png 150w\" sizes=\"auto, (max-width: 300px) 100vw, 300px\" \/><\/div><\/div><div target=\"\"class=\"mpc-carousel__item-wrapper\" data-height=\"300\"><div onclick=\"\" class=\"mpc-item mpc-transition\"><div class=\"mpc-border\"><\/div><img loading=\"lazy\" decoding=\"async\" width=\"300\" height=\"300\" src=\"https:\/\/d3pugrm67vf9n7.cloudfront.net\/wp-content\/uploads\/sites\/33\/2025\/01\/16131234\/613.png\" class=\"mpc-transition attachment-medium\" alt=\"\" title=\"6(13)\" srcset=\"https:\/\/d3pugrm67vf9n7.cloudfront.net\/wp-content\/uploads\/sites\/33\/2025\/01\/16131234\/613.png 300w, https:\/\/d3pugrm67vf9n7.cloudfront.net\/wp-content\/uploads\/sites\/33\/2025\/01\/16131234\/613-150x150.png 150w\" sizes=\"auto, (max-width: 300px) 100vw, 300px\" \/><\/div><\/div><\/div><div class=\"mpc-navigation mpc-init mpc-align--left mpc-navigation--style_1  mpc-nav-preset--\" data-mpcslider=\"mpc_carousel_image-2869e2813d5851f\"><div class=\"mpc-nav__arrow mpcslick-prev\"><div class=\"mpc-nav__icon mpc-transition\"><i class=\"\"><div class=\"mpc-nav__background mpc-transition mpc-effect-type--fade mpc-effect-side--in\"><\/div><\/i><\/div><\/div><div class=\"mpc-nav__arrow mpcslick-next\"><div class=\"mpc-nav__icon mpc-transition\"><i class=\"\"><div class=\"mpc-nav__background mpc-transition mpc-effect-type--fade mpc-effect-side--in\"><\/div><\/i><\/div><\/div><\/div><\/div>[\/vc_column][\/vc_row]<\/p>\n<\/div>","protected":false},"excerpt":{"rendered":"<p>[vc_row][vc_column][vc_column_text css=\u00bb\u00bb] Participaci\u00f3n de juventudes para la ampliaci\u00f3n del espacio c\u00edvico y la incidencia en pol\u00edtica p\u00fablicas [\/vc_column_text][vc_column_text css=\u00bb\u00bb] El proyecto tiene como meta principal promover el activismo de j\u00f3venes y mujeres a trav\u00e9s de su participaci\u00f3n activa y la construcci\u00f3n de alianzas entre grupos en territorios definidos. Esta iniciativa fomenta la visibilidad, el protagonismo<\/p>\n","protected":false},"author":58,"featured_media":0,"parent":0,"menu_order":0,"comment_status":"closed","ping_status":"closed","template":"","meta":{"_acf_changed":false,"footnotes":""},"folder":[],"class_list":["post-11801","page","type-page","status-publish","hentry"],"acf":[],"yoast_head":"<!-- This site is optimized with the Yoast SEO plugin v27.2 - https:\/\/yoast.com\/product\/yoast-seo-wordpress\/ -->\n<title>Participaci\u00f3n de juventudes para la ampliaci\u00f3n del espacio c\u00edvico y la incidencia en pol\u00edtica p\u00fablicas - #SomosFeyAlegria en Paraguay<\/title>\n<meta name=\"robots\" content=\"index, follow, max-snippet:-1, max-image-preview:large, max-video-preview:-1\" \/>\n<link rel=\"canonical\" href=\"https:\/\/www.feyalegria.org\/paraguay\/participacion-de-juventudes-para-la-ampliacion-del-espacio-civico-y-la-incidencia-en-politica-publicas\/\" \/>\n<meta property=\"og:locale\" content=\"es_ES\" \/>\n<meta property=\"og:type\" content=\"article\" \/>\n<meta property=\"og:title\" content=\"Participaci\u00f3n de juventudes para la ampliaci\u00f3n del espacio c\u00edvico y la incidencia en pol\u00edtica p\u00fablicas - #SomosFeyAlegria en Paraguay\" \/>\n<meta property=\"og:description\" content=\"[vc_row][vc_column][vc_column_text css=\u00bb\u00bb] Participaci\u00f3n de juventudes para la ampliaci\u00f3n del espacio c\u00edvico y la incidencia en pol\u00edtica p\u00fablicas [\/vc_column_text][vc_column_text css=\u00bb\u00bb] El proyecto tiene como meta principal promover el activismo de j\u00f3venes y mujeres a trav\u00e9s de su participaci\u00f3n activa y la construcci\u00f3n de alianzas entre grupos en territorios definidos. Esta iniciativa fomenta la visibilidad, el protagonismo\" \/>\n<meta property=\"og:url\" content=\"https:\/\/www.feyalegria.org\/paraguay\/participacion-de-juventudes-para-la-ampliacion-del-espacio-civico-y-la-incidencia-en-politica-publicas\/\" \/>\n<meta property=\"og:site_name\" content=\"#SomosFeyAlegria en Paraguay\" \/>\n<meta name=\"twitter:card\" content=\"summary_large_image\" \/>\n<meta name=\"twitter:label1\" content=\"Tiempo de lectura\" \/>\n\t<meta name=\"twitter:data1\" content=\"3 minutos\" \/>\n<script type=\"application\/ld+json\" class=\"yoast-schema-graph\">{\"@context\":\"https:\/\/schema.org\",\"@graph\":[{\"@type\":\"WebPage\",\"@id\":\"https:\/\/www.feyalegria.org\/paraguay\/participacion-de-juventudes-para-la-ampliacion-del-espacio-civico-y-la-incidencia-en-politica-publicas\/\",\"url\":\"https:\/\/www.feyalegria.org\/paraguay\/participacion-de-juventudes-para-la-ampliacion-del-espacio-civico-y-la-incidencia-en-politica-publicas\/\",\"name\":\"Participaci\u00f3n de juventudes para la ampliaci\u00f3n del espacio c\u00edvico y la incidencia en pol\u00edtica p\u00fablicas - #SomosFeyAlegria en Paraguay\",\"isPartOf\":{\"@id\":\"https:\/\/www.feyalegria.org\/paraguay\/#website\"},\"datePublished\":\"2025-01-16T18:13:01+00:00\",\"breadcrumb\":{\"@id\":\"https:\/\/www.feyalegria.org\/paraguay\/participacion-de-juventudes-para-la-ampliacion-del-espacio-civico-y-la-incidencia-en-politica-publicas\/#breadcrumb\"},\"inLanguage\":\"es\",\"potentialAction\":[{\"@type\":\"ReadAction\",\"target\":[\"https:\/\/www.feyalegria.org\/paraguay\/participacion-de-juventudes-para-la-ampliacion-del-espacio-civico-y-la-incidencia-en-politica-publicas\/\"]}]},{\"@type\":\"BreadcrumbList\",\"@id\":\"https:\/\/www.feyalegria.org\/paraguay\/participacion-de-juventudes-para-la-ampliacion-del-espacio-civico-y-la-incidencia-en-politica-publicas\/#breadcrumb\",\"itemListElement\":[{\"@type\":\"ListItem\",\"position\":1,\"name\":\"Home\",\"item\":\"https:\/\/www.feyalegria.org\/paraguay\/\"},{\"@type\":\"ListItem\",\"position\":2,\"name\":\"Participaci\u00f3n de juventudes para la ampliaci\u00f3n del espacio c\u00edvico y la incidencia en pol\u00edtica p\u00fablicas\"}]},{\"@type\":\"WebSite\",\"@id\":\"https:\/\/www.feyalegria.org\/paraguay\/#website\",\"url\":\"https:\/\/www.feyalegria.org\/paraguay\/\",\"name\":\"#SomosFeyAlegria en Paraguay\",\"description\":\"Movimiento de Educaci\u00f3n Popular y Promoci\u00f3n Social\",\"potentialAction\":[{\"@type\":\"SearchAction\",\"target\":{\"@type\":\"EntryPoint\",\"urlTemplate\":\"https:\/\/www.feyalegria.org\/paraguay\/?s={search_term_string}\"},\"query-input\":{\"@type\":\"PropertyValueSpecification\",\"valueRequired\":true,\"valueName\":\"search_term_string\"}}],\"inLanguage\":\"es\"}]}<\/script>\n<!-- \/ Yoast SEO plugin. -->","yoast_head_json":{"title":"Participaci\u00f3n de juventudes para la ampliaci\u00f3n del espacio c\u00edvico y la incidencia en pol\u00edtica p\u00fablicas - #SomosFeyAlegria en Paraguay","robots":{"index":"index","follow":"follow","max-snippet":"max-snippet:-1","max-image-preview":"max-image-preview:large","max-video-preview":"max-video-preview:-1"},"canonical":"https:\/\/www.feyalegria.org\/paraguay\/participacion-de-juventudes-para-la-ampliacion-del-espacio-civico-y-la-incidencia-en-politica-publicas\/","og_locale":"es_ES","og_type":"article","og_title":"Participaci\u00f3n de juventudes para la ampliaci\u00f3n del espacio c\u00edvico y la incidencia en pol\u00edtica p\u00fablicas - #SomosFeyAlegria en Paraguay","og_description":"[vc_row][vc_column][vc_column_text css=\u00bb\u00bb] Participaci\u00f3n de juventudes para la ampliaci\u00f3n del espacio c\u00edvico y la incidencia en pol\u00edtica p\u00fablicas [\/vc_column_text][vc_column_text css=\u00bb\u00bb] El proyecto tiene como meta principal promover el activismo de j\u00f3venes y mujeres a trav\u00e9s de su participaci\u00f3n activa y la construcci\u00f3n de alianzas entre grupos en territorios definidos. Esta iniciativa fomenta la visibilidad, el protagonismo","og_url":"https:\/\/www.feyalegria.org\/paraguay\/participacion-de-juventudes-para-la-ampliacion-del-espacio-civico-y-la-incidencia-en-politica-publicas\/","og_site_name":"#SomosFeyAlegria en Paraguay","twitter_card":"summary_large_image","twitter_misc":{"Tiempo de lectura":"3 minutos"},"schema":{"@context":"https:\/\/schema.org","@graph":[{"@type":"WebPage","@id":"https:\/\/www.feyalegria.org\/paraguay\/participacion-de-juventudes-para-la-ampliacion-del-espacio-civico-y-la-incidencia-en-politica-publicas\/","url":"https:\/\/www.feyalegria.org\/paraguay\/participacion-de-juventudes-para-la-ampliacion-del-espacio-civico-y-la-incidencia-en-politica-publicas\/","name":"Participaci\u00f3n de juventudes para la ampliaci\u00f3n del espacio c\u00edvico y la incidencia en pol\u00edtica p\u00fablicas - #SomosFeyAlegria en Paraguay","isPartOf":{"@id":"https:\/\/www.feyalegria.org\/paraguay\/#website"},"datePublished":"2025-01-16T18:13:01+00:00","breadcrumb":{"@id":"https:\/\/www.feyalegria.org\/paraguay\/participacion-de-juventudes-para-la-ampliacion-del-espacio-civico-y-la-incidencia-en-politica-publicas\/#breadcrumb"},"inLanguage":"es","potentialAction":[{"@type":"ReadAction","target":["https:\/\/www.feyalegria.org\/paraguay\/participacion-de-juventudes-para-la-ampliacion-del-espacio-civico-y-la-incidencia-en-politica-publicas\/"]}]},{"@type":"BreadcrumbList","@id":"https:\/\/www.feyalegria.org\/paraguay\/participacion-de-juventudes-para-la-ampliacion-del-espacio-civico-y-la-incidencia-en-politica-publicas\/#breadcrumb","itemListElement":[{"@type":"ListItem","position":1,"name":"Home","item":"https:\/\/www.feyalegria.org\/paraguay\/"},{"@type":"ListItem","position":2,"name":"Participaci\u00f3n de juventudes para la ampliaci\u00f3n del espacio c\u00edvico y la incidencia en pol\u00edtica p\u00fablicas"}]},{"@type":"WebSite","@id":"https:\/\/www.feyalegria.org\/paraguay\/#website","url":"https:\/\/www.feyalegria.org\/paraguay\/","name":"#SomosFeyAlegria en Paraguay","description":"Movimiento de Educaci\u00f3n Popular y Promoci\u00f3n Social","potentialAction":[{"@type":"SearchAction","target":{"@type":"EntryPoint","urlTemplate":"https:\/\/www.feyalegria.org\/paraguay\/?s={search_term_string}"},"query-input":{"@type":"PropertyValueSpecification","valueRequired":true,"valueName":"search_term_string"}}],"inLanguage":"es"}]}},"_links":{"self":[{"href":"https:\/\/www.feyalegria.org\/paraguay\/wp-json\/wp\/v2\/pages\/11801","targetHints":{"allow":["GET"]}}],"collection":[{"href":"https:\/\/www.feyalegria.org\/paraguay\/wp-json\/wp\/v2\/pages"}],"about":[{"href":"https:\/\/www.feyalegria.org\/paraguay\/wp-json\/wp\/v2\/types\/page"}],"author":[{"embeddable":true,"href":"https:\/\/www.feyalegria.org\/paraguay\/wp-json\/wp\/v2\/users\/58"}],"replies":[{"embeddable":true,"href":"https:\/\/www.feyalegria.org\/paraguay\/wp-json\/wp\/v2\/comments?post=11801"}],"version-history":[{"count":0,"href":"https:\/\/www.feyalegria.org\/paraguay\/wp-json\/wp\/v2\/pages\/11801\/revisions"}],"wp:attachment":[{"href":"https:\/\/www.feyalegria.org\/paraguay\/wp-json\/wp\/v2\/media?parent=11801"}],"wp:term":[{"taxonomy":"folder","embeddable":true,"href":"https:\/\/www.feyalegria.org\/paraguay\/wp-json\/wp\/v2\/folder?post=11801"}],"curies":[{"name":"wp","href":"https:\/\/api.w.org\/{rel}","templated":true}]}}