 {"id":11919,"date":"2025-04-15T06:26:24","date_gmt":"2025-04-15T11:26:24","guid":{"rendered":"https:\/\/www.feyalegria.org\/paraguay\/?page_id=11919"},"modified":"2025-05-05T06:08:51","modified_gmt":"2025-05-05T11:08:51","slug":"detalle-de-la-utilizacion-de-los-recursos-publicos-administrados","status":"publish","type":"page","link":"https:\/\/www.feyalegria.org\/paraguay\/detalle-de-la-utilizacion-de-los-recursos-publicos-administrados\/","title":{"rendered":"Detalle de la utilizaci\u00f3n de los recursos p\u00fablicos administrados"},"content":{"rendered":"<div class=\"wpb-content-wrapper\"><p>[vc_row][vc_column]<div style=\"background-color:;height: 30px\" class=\"nicdark_section  \"><\/div>[vc_column_text css=\u00bb\u00bb]<span style=\"color: #c40404;\"><strong><span style=\"font-size: 32px;\">Detalle de la utilizaci\u00f3n de los recursos p\u00fablicos administrados<\/span><\/strong><\/span>[\/vc_column_text]<div style=\"background-color:;height: 20px\" class=\"nicdark_section  \"><\/div>[\/vc_column][\/vc_row][vc_row gap=\u00bb15&#8243;][vc_column width=\u00bb1\/2&#8243; css=\u00bb.vc_custom_1718228465850{background-color: rgba(178,148,87,0.1) !important;*background-color: rgb(178,148,87) !important;}\u00bb][vc_icon icon_fontawesome=\u00bbfa fa-solid fa-magnifying-glass-chart\u00bb color=\u00bbcustom\u00bb size=\u00bbxl\u00bb align=\u00bbcenter\u00bb css=\u00bb\u00bb custom_color=\u00bb#823800&#8243; link=\u00bburl:https%3A%2F%2Fwww.feyalegria.org%2Fparaguay%2Frendiciones_bimestrales_2024%2F|target:_blank\u00bb][vc_column_text css=\u00bb\u00bb]<\/p>\n<p style=\"text-align: center;\"><a href=\"https:\/\/www.feyalegria.org\/paraguay\/rendiciones_bimestrales_2024\/\"><span style=\"color: #800000; font-size: 20px;\"><strong>Periodo 2024<\/strong><\/span><\/a><\/p>\n<p>[\/vc_column_text][\/vc_column][vc_column width=\u00bb1\/2&#8243; css=\u00bb.vc_custom_1718228453141{background-color: rgba(179,154,104,0.1) !important;*background-color: rgb(179,154,104) !important;}\u00bb][vc_icon icon_fontawesome=\u00bbfa fa-solid fa-magnifying-glass-chart\u00bb color=\u00bbcustom\u00bb size=\u00bbxl\u00bb align=\u00bbcenter\u00bb css=\u00bb\u00bb custom_color=\u00bb#823800&#8243; link=\u00bburl:https%3A%2F%2Fwww.feyalegria.org%2Fparaguay%2Frendiciones_trimestrales_2025%2F|target:_blank\u00bb][vc_column_text css=\u00bb\u00bb]<\/p>\n<p style=\"text-align: center;\"><a href=\"https:\/\/www.feyalegria.org\/paraguay\/rendiciones_trimestrales_2025\/\" target=\"_blank\" rel=\"noopener\"><span style=\"color: #800000; font-size: 20px;\"><strong>Periodo 2025<\/strong><\/span><\/a><\/p>\n<p>[\/vc_column_text][\/vc_column][\/vc_row]<\/p>\n<\/div>","protected":false},"excerpt":{"rendered":"<p>[vc_row][vc_column][vc_column_text css=\u00bb\u00bb]Detalle de la utilizaci\u00f3n de los recursos p\u00fablicos administrados[\/vc_column_text][\/vc_column][\/vc_row][vc_row gap=\u00bb15&#8243;][vc_column width=\u00bb1\/2&#8243; css=\u00bb.vc_custom_1718228465850{background-color: rgba(178,148,87,0.1) !important;*background-color: rgb(178,148,87) !important;}\u00bb][vc_icon icon_fontawesome=\u00bbfa fa-solid fa-magnifying-glass-chart\u00bb color=\u00bbcustom\u00bb size=\u00bbxl\u00bb align=\u00bbcenter\u00bb css=\u00bb\u00bb custom_color=\u00bb#823800&#8243; link=\u00bburl:https%3A%2F%2Fwww.feyalegria.org%2Fparaguay%2Frendiciones_bimestrales_2024%2F|target:_blank\u00bb][vc_column_text css=\u00bb\u00bb] Periodo 2024 [\/vc_column_text][\/vc_column][vc_column width=\u00bb1\/2&#8243; css=\u00bb.vc_custom_1718228453141{background-color: rgba(179,154,104,0.1) !important;*background-color: rgb(179,154,104) !important;}\u00bb][vc_icon icon_fontawesome=\u00bbfa fa-solid fa-magnifying-glass-chart\u00bb color=\u00bbcustom\u00bb size=\u00bbxl\u00bb align=\u00bbcenter\u00bb css=\u00bb\u00bb custom_color=\u00bb#823800&#8243; link=\u00bburl:https%3A%2F%2Fwww.feyalegria.org%2Fparaguay%2Frendiciones_trimestrales_2025%2F|target:_blank\u00bb][vc_column_text css=\u00bb\u00bb] Periodo 2025 [\/vc_column_text][\/vc_column][\/vc_row]<\/p>\n","protected":false},"author":59,"featured_media":0,"parent":0,"menu_order":0,"comment_status":"closed","ping_status":"closed","template":"","meta":{"_acf_changed":false,"footnotes":""},"folder":[],"class_list":["post-11919","page","type-page","status-publish","hentry"],"acf":[],"yoast_head":"<!-- This site is optimized with the Yoast SEO plugin v27.2 - https:\/\/yoast.com\/product\/yoast-seo-wordpress\/ -->\n<title>Detalle de la utilizaci\u00f3n de los recursos p\u00fablicos administrados - #SomosFeyAlegria en Paraguay<\/title>\n<meta name=\"description\" content=\"Fe y Alegr\u00eda Paraguay, en cumplimiento a la Resoluci\u00f3n n.\u00ba 92\/2024 del Viceministerio de Capital Humano y Gesti\u00f3n Organizacional del Ministerio de Econom\u00eda y Finanzas, \u201cPor la cual se establece el procedimiento de acreditaci\u00f3n del cumplimiento formal y monitoreo del contenido material de publicaci\u00f3n obligatoria de informaci\u00f3n sobre el uso de los recursos p\u00fablicos para organismos no gubernamentales, fundaciones, asociaciones, comisiones vecinales u otras personas jur\u00eddicas privadas sin fines de lucro o con fines de bien social que reciben, administran o invierten fondos p\u00fablicos, establecidas en la Ley n.\u00ba 5189\/2014 y su modificatoria\u201d, pone a disposici\u00f3n las siguientes documentaciones:\" \/>\n<meta name=\"robots\" content=\"index, follow, max-snippet:-1, max-image-preview:large, max-video-preview:-1\" \/>\n<link rel=\"canonical\" href=\"https:\/\/www.feyalegria.org\/paraguay\/detalle-de-la-utilizacion-de-los-recursos-publicos-administrados\/\" \/>\n<meta property=\"og:locale\" content=\"es_ES\" \/>\n<meta property=\"og:type\" content=\"article\" \/>\n<meta property=\"og:title\" content=\"Detalle de la utilizaci\u00f3n de los recursos p\u00fablicos administrados - #SomosFeyAlegria en Paraguay\" \/>\n<meta property=\"og:description\" content=\"Fe y Alegr\u00eda Paraguay, en cumplimiento a la Resoluci\u00f3n n.\u00ba 92\/2024 del Viceministerio de Capital Humano y Gesti\u00f3n Organizacional del Ministerio de Econom\u00eda y Finanzas, \u201cPor la cual se establece el procedimiento de acreditaci\u00f3n del cumplimiento formal y monitoreo del contenido material de publicaci\u00f3n obligatoria de informaci\u00f3n sobre el uso de los recursos p\u00fablicos para organismos no gubernamentales, fundaciones, asociaciones, comisiones vecinales u otras personas jur\u00eddicas privadas sin fines de lucro o con fines de bien social que reciben, administran o invierten fondos p\u00fablicos, establecidas en la Ley n.\u00ba 5189\/2014 y su modificatoria\u201d, pone a disposici\u00f3n las siguientes documentaciones:\" \/>\n<meta property=\"og:url\" content=\"https:\/\/www.feyalegria.org\/paraguay\/detalle-de-la-utilizacion-de-los-recursos-publicos-administrados\/\" \/>\n<meta property=\"og:site_name\" content=\"#SomosFeyAlegria en Paraguay\" \/>\n<meta property=\"article:modified_time\" content=\"2025-05-05T11:08:51+00:00\" \/>\n<meta name=\"twitter:card\" content=\"summary_large_image\" \/>\n<meta name=\"twitter:label1\" content=\"Tiempo de lectura\" \/>\n\t<meta name=\"twitter:data1\" content=\"1 minuto\" \/>\n<script type=\"application\/ld+json\" class=\"yoast-schema-graph\">{\"@context\":\"https:\/\/schema.org\",\"@graph\":[{\"@type\":\"WebPage\",\"@id\":\"https:\/\/www.feyalegria.org\/paraguay\/detalle-de-la-utilizacion-de-los-recursos-publicos-administrados\/\",\"url\":\"https:\/\/www.feyalegria.org\/paraguay\/detalle-de-la-utilizacion-de-los-recursos-publicos-administrados\/\",\"name\":\"Detalle de la utilizaci\u00f3n de los recursos p\u00fablicos administrados - #SomosFeyAlegria en Paraguay\",\"isPartOf\":{\"@id\":\"https:\/\/www.feyalegria.org\/paraguay\/#website\"},\"datePublished\":\"2025-04-15T11:26:24+00:00\",\"dateModified\":\"2025-05-05T11:08:51+00:00\",\"description\":\"Fe y Alegr\u00eda Paraguay, en cumplimiento a la Resoluci\u00f3n n.\u00ba 92\/2024 del Viceministerio de Capital Humano y Gesti\u00f3n Organizacional del Ministerio de Econom\u00eda y Finanzas, \u201cPor la cual se establece el procedimiento de acreditaci\u00f3n del cumplimiento formal y monitoreo del contenido material de publicaci\u00f3n obligatoria de informaci\u00f3n sobre el uso de los recursos p\u00fablicos para organismos no gubernamentales, fundaciones, asociaciones, comisiones vecinales u otras personas jur\u00eddicas privadas sin fines de lucro o con fines de bien social que reciben, administran o invierten fondos p\u00fablicos, establecidas en la Ley n.\u00ba 5189\/2014 y su modificatoria\u201d, pone a disposici\u00f3n las siguientes documentaciones:\",\"breadcrumb\":{\"@id\":\"https:\/\/www.feyalegria.org\/paraguay\/detalle-de-la-utilizacion-de-los-recursos-publicos-administrados\/#breadcrumb\"},\"inLanguage\":\"es\",\"potentialAction\":[{\"@type\":\"ReadAction\",\"target\":[\"https:\/\/www.feyalegria.org\/paraguay\/detalle-de-la-utilizacion-de-los-recursos-publicos-administrados\/\"]}]},{\"@type\":\"BreadcrumbList\",\"@id\":\"https:\/\/www.feyalegria.org\/paraguay\/detalle-de-la-utilizacion-de-los-recursos-publicos-administrados\/#breadcrumb\",\"itemListElement\":[{\"@type\":\"ListItem\",\"position\":1,\"name\":\"Home\",\"item\":\"https:\/\/www.feyalegria.org\/paraguay\/\"},{\"@type\":\"ListItem\",\"position\":2,\"name\":\"Detalle de la utilizaci\u00f3n de los recursos p\u00fablicos administrados\"}]},{\"@type\":\"WebSite\",\"@id\":\"https:\/\/www.feyalegria.org\/paraguay\/#website\",\"url\":\"https:\/\/www.feyalegria.org\/paraguay\/\",\"name\":\"#SomosFeyAlegria en Paraguay\",\"description\":\"Movimiento de Educaci\u00f3n Popular y Promoci\u00f3n Social\",\"potentialAction\":[{\"@type\":\"SearchAction\",\"target\":{\"@type\":\"EntryPoint\",\"urlTemplate\":\"https:\/\/www.feyalegria.org\/paraguay\/?s={search_term_string}\"},\"query-input\":{\"@type\":\"PropertyValueSpecification\",\"valueRequired\":true,\"valueName\":\"search_term_string\"}}],\"inLanguage\":\"es\"}]}<\/script>\n<!-- \/ Yoast SEO plugin. -->","yoast_head_json":{"title":"Detalle de la utilizaci\u00f3n de los recursos p\u00fablicos administrados - #SomosFeyAlegria en Paraguay","description":"Fe y Alegr\u00eda Paraguay, en cumplimiento a la Resoluci\u00f3n n.\u00ba 92\/2024 del Viceministerio de Capital Humano y Gesti\u00f3n Organizacional del Ministerio de Econom\u00eda y Finanzas, \u201cPor la cual se establece el procedimiento de acreditaci\u00f3n del cumplimiento formal y monitoreo del contenido material de publicaci\u00f3n obligatoria de informaci\u00f3n sobre el uso de los recursos p\u00fablicos para organismos no gubernamentales, fundaciones, asociaciones, comisiones vecinales u otras personas jur\u00eddicas privadas sin fines de lucro o con fines de bien social que reciben, administran o invierten fondos p\u00fablicos, establecidas en la Ley n.\u00ba 5189\/2014 y su modificatoria\u201d, pone a disposici\u00f3n las siguientes documentaciones:","robots":{"index":"index","follow":"follow","max-snippet":"max-snippet:-1","max-image-preview":"max-image-preview:large","max-video-preview":"max-video-preview:-1"},"canonical":"https:\/\/www.feyalegria.org\/paraguay\/detalle-de-la-utilizacion-de-los-recursos-publicos-administrados\/","og_locale":"es_ES","og_type":"article","og_title":"Detalle de la utilizaci\u00f3n de los recursos p\u00fablicos administrados - #SomosFeyAlegria en Paraguay","og_description":"Fe y Alegr\u00eda Paraguay, en cumplimiento a la Resoluci\u00f3n n.\u00ba 92\/2024 del Viceministerio de Capital Humano y Gesti\u00f3n Organizacional del Ministerio de Econom\u00eda y Finanzas, \u201cPor la cual se establece el procedimiento de acreditaci\u00f3n del cumplimiento formal y monitoreo del contenido material de publicaci\u00f3n obligatoria de informaci\u00f3n sobre el uso de los recursos p\u00fablicos para organismos no gubernamentales, fundaciones, asociaciones, comisiones vecinales u otras personas jur\u00eddicas privadas sin fines de lucro o con fines de bien social que reciben, administran o invierten fondos p\u00fablicos, establecidas en la Ley n.\u00ba 5189\/2014 y su modificatoria\u201d, pone a disposici\u00f3n las siguientes documentaciones:","og_url":"https:\/\/www.feyalegria.org\/paraguay\/detalle-de-la-utilizacion-de-los-recursos-publicos-administrados\/","og_site_name":"#SomosFeyAlegria en Paraguay","article_modified_time":"2025-05-05T11:08:51+00:00","twitter_card":"summary_large_image","twitter_misc":{"Tiempo de lectura":"1 minuto"},"schema":{"@context":"https:\/\/schema.org","@graph":[{"@type":"WebPage","@id":"https:\/\/www.feyalegria.org\/paraguay\/detalle-de-la-utilizacion-de-los-recursos-publicos-administrados\/","url":"https:\/\/www.feyalegria.org\/paraguay\/detalle-de-la-utilizacion-de-los-recursos-publicos-administrados\/","name":"Detalle de la utilizaci\u00f3n de los recursos p\u00fablicos administrados - #SomosFeyAlegria en Paraguay","isPartOf":{"@id":"https:\/\/www.feyalegria.org\/paraguay\/#website"},"datePublished":"2025-04-15T11:26:24+00:00","dateModified":"2025-05-05T11:08:51+00:00","description":"Fe y Alegr\u00eda Paraguay, en cumplimiento a la Resoluci\u00f3n n.\u00ba 92\/2024 del Viceministerio de Capital Humano y Gesti\u00f3n Organizacional del Ministerio de Econom\u00eda y Finanzas, \u201cPor la cual se establece el procedimiento de acreditaci\u00f3n del cumplimiento formal y monitoreo del contenido material de publicaci\u00f3n obligatoria de informaci\u00f3n sobre el uso de los recursos p\u00fablicos para organismos no gubernamentales, fundaciones, asociaciones, comisiones vecinales u otras personas jur\u00eddicas privadas sin fines de lucro o con fines de bien social que reciben, administran o invierten fondos p\u00fablicos, establecidas en la Ley n.\u00ba 5189\/2014 y su modificatoria\u201d, pone a disposici\u00f3n las siguientes documentaciones:","breadcrumb":{"@id":"https:\/\/www.feyalegria.org\/paraguay\/detalle-de-la-utilizacion-de-los-recursos-publicos-administrados\/#breadcrumb"},"inLanguage":"es","potentialAction":[{"@type":"ReadAction","target":["https:\/\/www.feyalegria.org\/paraguay\/detalle-de-la-utilizacion-de-los-recursos-publicos-administrados\/"]}]},{"@type":"BreadcrumbList","@id":"https:\/\/www.feyalegria.org\/paraguay\/detalle-de-la-utilizacion-de-los-recursos-publicos-administrados\/#breadcrumb","itemListElement":[{"@type":"ListItem","position":1,"name":"Home","item":"https:\/\/www.feyalegria.org\/paraguay\/"},{"@type":"ListItem","position":2,"name":"Detalle de la utilizaci\u00f3n de los recursos p\u00fablicos administrados"}]},{"@type":"WebSite","@id":"https:\/\/www.feyalegria.org\/paraguay\/#website","url":"https:\/\/www.feyalegria.org\/paraguay\/","name":"#SomosFeyAlegria en Paraguay","description":"Movimiento de Educaci\u00f3n Popular y Promoci\u00f3n Social","potentialAction":[{"@type":"SearchAction","target":{"@type":"EntryPoint","urlTemplate":"https:\/\/www.feyalegria.org\/paraguay\/?s={search_term_string}"},"query-input":{"@type":"PropertyValueSpecification","valueRequired":true,"valueName":"search_term_string"}}],"inLanguage":"es"}]}},"_links":{"self":[{"href":"https:\/\/www.feyalegria.org\/paraguay\/wp-json\/wp\/v2\/pages\/11919","targetHints":{"allow":["GET"]}}],"collection":[{"href":"https:\/\/www.feyalegria.org\/paraguay\/wp-json\/wp\/v2\/pages"}],"about":[{"href":"https:\/\/www.feyalegria.org\/paraguay\/wp-json\/wp\/v2\/types\/page"}],"author":[{"embeddable":true,"href":"https:\/\/www.feyalegria.org\/paraguay\/wp-json\/wp\/v2\/users\/59"}],"replies":[{"embeddable":true,"href":"https:\/\/www.feyalegria.org\/paraguay\/wp-json\/wp\/v2\/comments?post=11919"}],"version-history":[{"count":0,"href":"https:\/\/www.feyalegria.org\/paraguay\/wp-json\/wp\/v2\/pages\/11919\/revisions"}],"wp:attachment":[{"href":"https:\/\/www.feyalegria.org\/paraguay\/wp-json\/wp\/v2\/media?parent=11919"}],"wp:term":[{"taxonomy":"folder","embeddable":true,"href":"https:\/\/www.feyalegria.org\/paraguay\/wp-json\/wp\/v2\/folder?post=11919"}],"curies":[{"name":"wp","href":"https:\/\/api.w.org\/{rel}","templated":true}]}}