 {"id":2184,"date":"2022-10-21T08:25:41","date_gmt":"2022-10-21T13:25:41","guid":{"rendered":"https:\/\/www.feyalegria.org\/paraguay\/?page_id=2184"},"modified":"2025-02-21T13:45:15","modified_gmt":"2025-02-21T18:45:15","slug":"donar","status":"publish","type":"page","link":"https:\/\/www.feyalegria.org\/paraguay\/donar\/","title":{"rendered":"Donar"},"content":{"rendered":"<div class=\"wpb-content-wrapper\"><p>[vc_row][vc_column][vc_column_text]<\/p>\n<h1 style=\"text-align: center\">\u00a1S\u00e9 parte del cambio!<\/h1>\n<p>[\/vc_column_text][vc_column_text]<\/p>\n<p style=\"text-align: center\"><span style=\"font-size: 18pt\">Con tu ayuda seguiremos transformando la vida de los ni\u00f1os y ni\u00f1as y adolescentes por medio de la educaci\u00f3n.<\/span><\/p>\n<p>[\/vc_column_text][vc_single_image image=\u00bb11851&#8243; img_size=\u00bbfull\u00bb alignment=\u00bbcenter\u00bb onclick=\u00bbcustom_link\u00bb css=\u00bb\u00bb link=\u00bbhttps:\/\/wa.link\/xkea8e\u00bb][vc_row_inner disable_element=\u00bbyes\u00bb][vc_column_inner width=\u00bb1\/4&#8243;][vc_raw_html css=\u00bb.vc_custom_1667571917499{margin-bottom: -5px !important;}\u00bb]JTNDaW1nJTIwc3JjJTNEJTIyaHR0cHMlM0ElMkYlMkZkM3B1Z3JtNjd2ZjluNy5jbG91ZGZyb250Lm5ldCUyRndwLWNvbnRlbnQlMkZ1cGxvYWRzJTJGc2l0ZXMlMkYxNSUyRjIwMjIlMkYxMSUyRjA0MDkxNTMxJTJGMWRvbi5wbmclMjIlMjBjbGFzcyUzRCUyMmFsaWdubm9uZSUyMGdyYXlzY2FsZSUyMHNpemUtZnVsbCUyMHdwLWltYWdlLTc3NzglMjIlMjAlMkYlM0U=[\/vc_raw_html][vc_btn title=\u00bbGs. 10,000&#8243; style=\u00bboutline-custom\u00bb outline_custom_color=\u00bb#666666&#8243; outline_custom_hover_background=\u00bb#aa0f16&#8243; outline_custom_hover_text=\u00bb#ffffff\u00bb align=\u00bbcenter\u00bb css=\u00bb.vc_custom_1667572277257{margin-top: -20px !important;}\u00bb button_block=\u00bbtrue\u00bb link=\u00bburl:https%3A%2F%2Fpago.pagopar.com%2F2zoi\u00bb][\/vc_column_inner][vc_column_inner width=\u00bb1\/4&#8243;][vc_raw_html css=\u00bb.vc_custom_1667572007395{margin-bottom: -5px !important;}\u00bb]JTNDaW1nJTIwc3JjJTNEJTIyaHR0cHMlM0ElMkYlMkZkM3B1Z3JtNjd2ZjluNy5jbG91ZGZyb250Lm5ldCUyRndwLWNvbnRlbnQlMkZ1cGxvYWRzJTJGc2l0ZXMlMkYxNSUyRjIwMjIlMkYxMSUyRjA0MDkxNTI3JTJGMmRvbi5wbmclMjIlMjBjbGFzcyUzRCUyMmFsaWdubm9uZSUyMGdyYXlzY2FsZSUyMHNpemUtZnVsbCUyMHdwLWltYWdlLTc3NzglMjIlMjAlMkYlM0U=[\/vc_raw_html][vc_btn title=\u00bbGs. 50,000&#8243; style=\u00bboutline-custom\u00bb outline_custom_color=\u00bb#666666&#8243; outline_custom_hover_background=\u00bb#aa0f16&#8243; outline_custom_hover_text=\u00bb#ffffff\u00bb align=\u00bbcenter\u00bb css=\u00bb.vc_custom_1667572296135{margin-top: -20px !important;}\u00bb button_block=\u00bbtrue\u00bb link=\u00bburl:https%3A%2F%2Fpago.pagopar.com%2F2zoj\u00bb][\/vc_column_inner][vc_column_inner width=\u00bb1\/4&#8243;][vc_raw_html css=\u00bb.vc_custom_1667572057223{margin-bottom: -5px !important;}\u00bb]JTNDaW1nJTIwc3JjJTNEJTIyaHR0cHMlM0ElMkYlMkZkM3B1Z3JtNjd2ZjluNy5jbG91ZGZyb250Lm5ldCUyRndwLWNvbnRlbnQlMkZ1cGxvYWRzJTJGc2l0ZXMlMkYxNSUyRjIwMjIlMkYxMSUyRjA0MDkxNTI0JTJGM2Rvbi5wbmclMjIlMjBjbGFzcyUzRCUyMmFsaWdubm9uZSUyMGdyYXlzY2FsZSUyMHNpemUtZnVsbCUyMHdwLWltYWdlLTc3NzglMjIlMjAlMkYlM0U=[\/vc_raw_html][vc_btn title=\u00bbGs. 100,000&#8243; style=\u00bboutline-custom\u00bb outline_custom_color=\u00bb#666666&#8243; outline_custom_hover_background=\u00bb#aa0f16&#8243; outline_custom_hover_text=\u00bb#ffffff\u00bb align=\u00bbcenter\u00bb css=\u00bb.vc_custom_1667572309931{margin-top: -20px !important;}\u00bb button_block=\u00bbtrue\u00bb link=\u00bburl:https%3A%2F%2Fpago.pagopar.com%2F2zok\u00bb][\/vc_column_inner][vc_column_inner width=\u00bb1\/4&#8243;][vc_raw_html css=\u00bb.vc_custom_1667572210175{margin-bottom: -5px !important;}\u00bb]JTNDaW1nJTIwc3JjJTNEJTIyaHR0cHMlM0ElMkYlMkZkM3B1Z3JtNjd2ZjluNy5jbG91ZGZyb250Lm5ldCUyRndwLWNvbnRlbnQlMkZ1cGxvYWRzJTJGc2l0ZXMlMkYxNSUyRjIwMjIlMkYxMSUyRjA0MDkxNTIxJTJGNGRvbi5wbmclMjIlMjBjbGFzcyUzRCUyMmFsaWdubm9uZSUyMGdyYXlzY2FsZSUyMHNpemUtZnVsbCUyMHdwLWltYWdlLTc3NzglMjIlMjAlMkYlM0U=[\/vc_raw_html][vc_btn title=\u00bbGs. 200,000&#8243; style=\u00bboutline-custom\u00bb outline_custom_color=\u00bb#666666&#8243; outline_custom_hover_background=\u00bb#aa0f16&#8243; outline_custom_hover_text=\u00bb#ffffff\u00bb align=\u00bbcenter\u00bb css=\u00bb.vc_custom_1667572331218{margin-top: -20px !important;}\u00bb button_block=\u00bbtrue\u00bb link=\u00bburl:https%3A%2F%2Fpago.pagopar.com%2F2zol\u00bb][\/vc_column_inner][\/vc_row_inner][vc_row_inner][vc_column_inner width=\u00bb1\/4&#8243;][vc_raw_html css=\u00bb.vc_custom_1675390853784{margin-bottom: -5px !important;}\u00bb]JTNDYSUyMGhyZWYlM0QlMjJodHRwcyUzQSUyRiUyRnBhZ28ucGFnb3Bhci5jb20lMkYyem9pJTIyJTIwdGFyZ2V0JTIwJTNEJTIyX2JsYW5rJTIyJTNFJTBBJTNDaW1nJTIwc3JjJTNEJTIyaHR0cHMlM0ElMkYlMkZkM3B1Z3JtNjd2ZjluNy5jbG91ZGZyb250Lm5ldCUyRndwLWNvbnRlbnQlMkZ1cGxvYWRzJTJGc2l0ZXMlMkYzMyUyRjIwMjMlMkYwMiUyRjAyMTAzNjU5JTJGMWRvbi5wbmclMjIlMjBjbGFzcyUzRCUyMmFsaWdubm9uZSUyMGdyYXlzY2FsZSUyMHNpemUtZnVsbCUyMHdwLWltYWdlLTc3NzglMjIlMjAlM0UlMjAlM0MlMkZhJTNF[\/vc_raw_html][\/vc_column_inner][vc_column_inner width=\u00bb1\/4&#8243;][vc_raw_html css=\u00bb.vc_custom_1675390971353{margin-bottom: -5px !important;}\u00bb]JTNDYSUyMGhyZWYlM0QlMjJodHRwcyUzQSUyRiUyRnBhZ28ucGFnb3Bhci5jb20lMkYyem9qJTIyJTIwdGFyZ2V0JTIwJTNEJTIyX2JsYW5rJTIyJTNFJTBBJTNDaW1nJTIwc3JjJTNEJTIyaHR0cHMlM0ElMkYlMkZkM3B1Z3JtNjd2ZjluNy5jbG91ZGZyb250Lm5ldCUyRndwLWNvbnRlbnQlMkZ1cGxvYWRzJTJGc2l0ZXMlMkYzMyUyRjIwMjMlMkYwMiUyRjAyMTAzNzA5JTJGMmRvbi5wbmclMjIlMjBjbGFzcyUzRCUyMmFsaWdubm9uZSUyMGdyYXlzY2FsZSUyMHNpemUtZnVsbCUyMHdwLWltYWdlLTc3NzglMjIlM0UlMjAlM0MlMkZhJTNF[\/vc_raw_html][\/vc_column_inner][vc_column_inner width=\u00bb1\/4&#8243;][vc_raw_html css=\u00bb.vc_custom_1675391007303{margin-bottom: -5px !important;}\u00bb]JTNDYSUyMGhyZWYlM0QlMjJodHRwcyUzQSUyRiUyRnBhZ28ucGFnb3Bhci5jb20lMkYyem9rJTIyJTIwdGFyZ2V0JTIwJTNEJTIyX2JsYW5rJTIyJTNFJTBBJTNDaW1nJTIwc3JjJTNEJTIyaHR0cHMlM0ElMkYlMkZkM3B1Z3JtNjd2ZjluNy5jbG91ZGZyb250Lm5ldCUyRndwLWNvbnRlbnQlMkZ1cGxvYWRzJTJGc2l0ZXMlMkYzMyUyRjIwMjMlMkYwMiUyRjAyMTAzNzE3JTJGM2Rvbi5wbmclMjIlMjBjbGFzcyUzRCUyMmFsaWdubm9uZSUyMGdyYXlzY2FsZSUyMHNpemUtZnVsbCUyMHdwLWltYWdlLTc3NzglMjIlM0UlMjAlM0MlMkZhJTNF[\/vc_raw_html][\/vc_column_inner][vc_column_inner width=\u00bb1\/4&#8243;][vc_raw_html css=\u00bb.vc_custom_1675391037488{margin-bottom: -5px !important;}\u00bb]JTNDYSUyMGhyZWYlM0QlMjJodHRwcyUzQSUyRiUyRnBhZ28ucGFnb3Bhci5jb20lMkYyem9sJTIyJTIwdGFyZ2V0JTIwJTNEJTIyX2JsYW5rJTIyJTNFJTBBJTNDaW1nJTIwc3JjJTNEJTIyaHR0cHMlM0ElMkYlMkZkM3B1Z3JtNjd2ZjluNy5jbG91ZGZyb250Lm5ldCUyRndwLWNvbnRlbnQlMkZ1cGxvYWRzJTJGc2l0ZXMlMkYzMyUyRjIwMjMlMkYwMiUyRjAyMTAzNzI0JTJGNGRvbi5wbmclMjIlMjBjbGFzcyUzRCUyMmFsaWdubm9uZSUyMGdyYXlzY2FsZSUyMHNpemUtZnVsbCUyMHdwLWltYWdlLTc3NzglMjIlM0UlMjAlM0MlMkZhJTNF[\/vc_raw_html][\/vc_column_inner][\/vc_row_inner][\/vc_column][\/vc_row][vc_row full_width=\u00bbstretch_row\u00bb css=\u00bb.vc_custom_1667506681524{background-color: #aa0f16 !important;}\u00bb][vc_column][vc_column_text]<\/p>\n<p style=\"text-align: center\"><strong><span style=\"color: #ffffff;font-size: 24pt\">Tambi\u00e9n podes sumar tu aporte<\/span><\/strong><br \/>\n<strong><span style=\"color: #ffffff;font-size: 24pt\">a trav\u00e9s de estos medios: <\/span><\/strong>[\/vc_column_text][\/vc_column][\/vc_row][vc_row][vc_column width=\u00bb1\/6&#8243;][\/vc_column][vc_column width=\u00bb2\/3&#8243;][vc_row_inner][vc_column_inner width=\u00bb1\/3&#8243; alignment=\u00bbcenter\u00bb][vc_single_image image=\u00bb9036&#8243; alignment=\u00bbcenter\u00bb][\/vc_column_inner][vc_column_inner width=\u00bb2\/3&#8243;][vc_column_text css=\u00bb.vc_custom_1719410359587{background-color: #e6e6e6 !important;border-radius: 5px !important;}\u00bb]<\/p>\n<p style=\"text-align: center\"><strong><span style=\"color: #aa0f16\">TRANSFERENCIAS O DEP\u00d3SITOS:<\/span><\/strong><\/p>\n<p style=\"text-align: left;padding-left: 40px\">Banco Ita\u00fa<br \/>\nCuenta Corriente N\u00b0 214966<br \/>\nDenominaci\u00f3n: Asociaci\u00f3n Fe y Alegr\u00eda<br \/>\nRUC: 80029842-0[\/vc_column_text][\/vc_column_inner][\/vc_row_inner][vc_row_inner][vc_column_inner width=\u00bb1\/3&#8243; alignment=\u00bbcenter\u00bb][vc_single_image image=\u00bb9034&#8243; alignment=\u00bbcenter\u00bb][\/vc_column_inner][vc_column_inner width=\u00bb2\/3&#8243;][vc_column_text css=\u00bb.vc_custom_1667507735387{background-color: #e6e6e6 !important;border-radius: 5px !important;}\u00bb]<\/p>\n<p style=\"text-align: center\"><strong><span style=\"color: #aa0f16\">PAGO COMERCIO TIGO:<\/span><\/strong><\/p>\n<p style=\"text-align: left;padding-left: 40px\">Opci\u00f3n 5<br \/>\n(0986) 173 367[\/vc_column_text][\/vc_column_inner][\/vc_row_inner][\/vc_column][vc_column width=\u00bb1\/6&#8243;][\/vc_column][\/vc_row][vc_row][vc_column width=\u00bb1\/6&#8243;][\/vc_column][vc_column width=\u00bb2\/3&#8243;][vc_separator color=\u00bbcustom\u00bb border_width=\u00bb2&#8243; accent_color=\u00bb#aa0f16&#8243;][\/vc_column][vc_column width=\u00bb1\/6&#8243;][\/vc_column][\/vc_row][vc_row][vc_column width=\u00bb1\/6&#8243;][\/vc_column][vc_column width=\u00bb2\/3&#8243;][vc_column_text css=\u00bb\u00bb]<\/p>\n<ul>\n<li><span style=\"font-size: 14pt;\"><strong>Fe y Alegr\u00eda se compromete a emitir una factura por su aporte.<\/strong><\/span><\/li>\n<li><span style=\"font-size: 14pt;\"><strong>Puede enviarnos su comprobante de dep\u00f3sito o transferencia al correo electr\u00f3nico:<\/strong><\/span><br \/>\n<span style=\"font-size: 14pt; color: #aa0f16;\"><strong>f.cubilla@feyalegria.org.py<\/strong><\/span><\/li>\n<li><span style=\"font-size: 14pt;\"><strong>Comun\u00edquese con nosotros al:<\/strong><\/span><br \/>\n<span style=\"font-size: 14pt; color: #aa0f16;\"><strong>+595986173367.<\/strong><\/span><\/li>\n<li><span style=\"font-size: 14pt;\"><strong>O puede visitarnos en nuestra Oficina Nacional:<\/strong><\/span><br \/>\n<span style=\"font-size: 14pt; color: #aa0f16;\"><strong>O\u2019Leary 1847 entre sexta y s\u00e9ptima proyectada, Barrio Obrero, Asunci\u00f3n.<\/strong><\/span><\/li>\n<\/ul>\n<p>[\/vc_column_text][\/vc_column][vc_column width=\u00bb1\/6&#8243;][\/vc_column][\/vc_row][vc_row][vc_column][\/vc_column][\/vc_row]<\/p>\n<\/div>","protected":false},"excerpt":{"rendered":"<p>[vc_row][vc_column][vc_column_text] \u00a1S\u00e9 parte del cambio! [\/vc_column_text][vc_column_text] Con tu ayuda seguiremos transformando la vida de los ni\u00f1os y ni\u00f1as y adolescentes por medio de la educaci\u00f3n. [\/vc_column_text][vc_single_image image=\u00bb11851&#8243; img_size=\u00bbfull\u00bb alignment=\u00bbcenter\u00bb onclick=\u00bbcustom_link\u00bb css=\u00bb\u00bb link=\u00bbhttps:\/\/wa.link\/xkea8e\u00bb][vc_row_inner disable_element=\u00bbyes\u00bb][vc_column_inner width=\u00bb1\/4&#8243;][vc_raw_html css=\u00bb.vc_custom_1667571917499{margin-bottom: -5px !important;}\u00bb]JTNDaW1nJTIwc3JjJTNEJTIyaHR0cHMlM0ElMkYlMkZkM3B1Z3JtNjd2ZjluNy5jbG91ZGZyb250Lm5ldCUyRndwLWNvbnRlbnQlMkZ1cGxvYWRzJTJGc2l0ZXMlMkYxNSUyRjIwMjIlMkYxMSUyRjA0MDkxNTMxJTJGMWRvbi5wbmclMjIlMjBjbGFzcyUzRCUyMmFsaWdubm9uZSUyMGdyYXlzY2FsZSUyMHNpemUtZnVsbCUyMHdwLWltYWdlLTc3NzglMjIlMjAlMkYlM0U=[\/vc_raw_html][vc_btn title=\u00bbGs. 10,000&#8243; style=\u00bboutline-custom\u00bb outline_custom_color=\u00bb#666666&#8243; outline_custom_hover_background=\u00bb#aa0f16&#8243; outline_custom_hover_text=\u00bb#ffffff\u00bb align=\u00bbcenter\u00bb css=\u00bb.vc_custom_1667572277257{margin-top: -20px !important;}\u00bb button_block=\u00bbtrue\u00bb link=\u00bburl:https%3A%2F%2Fpago.pagopar.com%2F2zoi\u00bb][\/vc_column_inner][vc_column_inner width=\u00bb1\/4&#8243;][vc_raw_html css=\u00bb.vc_custom_1667572007395{margin-bottom: -5px !important;}\u00bb]JTNDaW1nJTIwc3JjJTNEJTIyaHR0cHMlM0ElMkYlMkZkM3B1Z3JtNjd2ZjluNy5jbG91ZGZyb250Lm5ldCUyRndwLWNvbnRlbnQlMkZ1cGxvYWRzJTJGc2l0ZXMlMkYxNSUyRjIwMjIlMkYxMSUyRjA0MDkxNTI3JTJGMmRvbi5wbmclMjIlMjBjbGFzcyUzRCUyMmFsaWdubm9uZSUyMGdyYXlzY2FsZSUyMHNpemUtZnVsbCUyMHdwLWltYWdlLTc3NzglMjIlMjAlMkYlM0U=[\/vc_raw_html][vc_btn title=\u00bbGs. 50,000&#8243;<\/p>\n","protected":false},"author":2,"featured_media":0,"parent":0,"menu_order":0,"comment_status":"closed","ping_status":"closed","template":"","meta":{"_acf_changed":false,"footnotes":""},"folder":[],"class_list":["post-2184","page","type-page","status-publish","hentry"],"acf":[],"yoast_head":"<!-- This site is optimized with the Yoast SEO plugin v27.2 - https:\/\/yoast.com\/product\/yoast-seo-wordpress\/ -->\n<title>Donar - #SomosFeyAlegria en Paraguay<\/title>\n<meta name=\"robots\" content=\"index, follow, max-snippet:-1, max-image-preview:large, max-video-preview:-1\" \/>\n<link rel=\"canonical\" href=\"https:\/\/www.feyalegria.org\/paraguay\/donar\/\" \/>\n<meta property=\"og:locale\" content=\"es_ES\" \/>\n<meta property=\"og:type\" content=\"article\" \/>\n<meta property=\"og:title\" content=\"Donar - #SomosFeyAlegria en Paraguay\" \/>\n<meta property=\"og:description\" content=\"[vc_row][vc_column][vc_column_text] \u00a1S\u00e9 parte del cambio! [\/vc_column_text][vc_column_text] Con tu ayuda seguiremos transformando la vida de los ni\u00f1os y ni\u00f1as y adolescentes por medio de la educaci\u00f3n. [\/vc_column_text][vc_single_image image=\u00bb11851&#8243; img_size=\u00bbfull\u00bb alignment=\u00bbcenter\u00bb onclick=\u00bbcustom_link\u00bb css=\u00bb\u00bb link=\u00bbhttps:\/\/wa.link\/xkea8e\u00bb][vc_row_inner disable_element=\u00bbyes\u00bb][vc_column_inner width=\u00bb1\/4&#8243;][vc_raw_html css=\u00bb.vc_custom_1667571917499{margin-bottom: -5px !important;}\u00bb]JTNDaW1nJTIwc3JjJTNEJTIyaHR0cHMlM0ElMkYlMkZkM3B1Z3JtNjd2ZjluNy5jbG91ZGZyb250Lm5ldCUyRndwLWNvbnRlbnQlMkZ1cGxvYWRzJTJGc2l0ZXMlMkYxNSUyRjIwMjIlMkYxMSUyRjA0MDkxNTMxJTJGMWRvbi5wbmclMjIlMjBjbGFzcyUzRCUyMmFsaWdubm9uZSUyMGdyYXlzY2FsZSUyMHNpemUtZnVsbCUyMHdwLWltYWdlLTc3NzglMjIlMjAlMkYlM0U=[\/vc_raw_html][vc_btn title=\u00bbGs. 10,000&#8243; style=\u00bboutline-custom\u00bb outline_custom_color=\u00bb#666666&#8243; outline_custom_hover_background=\u00bb#aa0f16&#8243; outline_custom_hover_text=\u00bb#ffffff\u00bb align=\u00bbcenter\u00bb css=\u00bb.vc_custom_1667572277257{margin-top: -20px !important;}\u00bb button_block=\u00bbtrue\u00bb link=\u00bburl:https%3A%2F%2Fpago.pagopar.com%2F2zoi\u00bb][\/vc_column_inner][vc_column_inner width=\u00bb1\/4&#8243;][vc_raw_html css=\u00bb.vc_custom_1667572007395{margin-bottom: -5px !important;}\u00bb]JTNDaW1nJTIwc3JjJTNEJTIyaHR0cHMlM0ElMkYlMkZkM3B1Z3JtNjd2ZjluNy5jbG91ZGZyb250Lm5ldCUyRndwLWNvbnRlbnQlMkZ1cGxvYWRzJTJGc2l0ZXMlMkYxNSUyRjIwMjIlMkYxMSUyRjA0MDkxNTI3JTJGMmRvbi5wbmclMjIlMjBjbGFzcyUzRCUyMmFsaWdubm9uZSUyMGdyYXlzY2FsZSUyMHNpemUtZnVsbCUyMHdwLWltYWdlLTc3NzglMjIlMjAlMkYlM0U=[\/vc_raw_html][vc_btn title=\u00bbGs. 50,000&#8243;\" \/>\n<meta property=\"og:url\" content=\"https:\/\/www.feyalegria.org\/paraguay\/donar\/\" \/>\n<meta property=\"og:site_name\" content=\"#SomosFeyAlegria en Paraguay\" \/>\n<meta property=\"article:modified_time\" content=\"2025-02-21T18:45:15+00:00\" \/>\n<meta name=\"twitter:card\" content=\"summary_large_image\" \/>\n<meta name=\"twitter:label1\" content=\"Tiempo de lectura\" \/>\n\t<meta name=\"twitter:data1\" content=\"2 minutos\" \/>\n<script type=\"application\/ld+json\" class=\"yoast-schema-graph\">{\"@context\":\"https:\/\/schema.org\",\"@graph\":[{\"@type\":\"WebPage\",\"@id\":\"https:\/\/www.feyalegria.org\/paraguay\/donar\/\",\"url\":\"https:\/\/www.feyalegria.org\/paraguay\/donar\/\",\"name\":\"Donar - #SomosFeyAlegria en Paraguay\",\"isPartOf\":{\"@id\":\"https:\/\/www.feyalegria.org\/paraguay\/#website\"},\"datePublished\":\"2022-10-21T13:25:41+00:00\",\"dateModified\":\"2025-02-21T18:45:15+00:00\",\"breadcrumb\":{\"@id\":\"https:\/\/www.feyalegria.org\/paraguay\/donar\/#breadcrumb\"},\"inLanguage\":\"es\",\"potentialAction\":[{\"@type\":\"ReadAction\",\"target\":[\"https:\/\/www.feyalegria.org\/paraguay\/donar\/\"]}]},{\"@type\":\"BreadcrumbList\",\"@id\":\"https:\/\/www.feyalegria.org\/paraguay\/donar\/#breadcrumb\",\"itemListElement\":[{\"@type\":\"ListItem\",\"position\":1,\"name\":\"Home\",\"item\":\"https:\/\/www.feyalegria.org\/paraguay\/\"},{\"@type\":\"ListItem\",\"position\":2,\"name\":\"Donar\"}]},{\"@type\":\"WebSite\",\"@id\":\"https:\/\/www.feyalegria.org\/paraguay\/#website\",\"url\":\"https:\/\/www.feyalegria.org\/paraguay\/\",\"name\":\"#SomosFeyAlegria en Paraguay\",\"description\":\"Movimiento de Educaci\u00f3n Popular y Promoci\u00f3n Social\",\"potentialAction\":[{\"@type\":\"SearchAction\",\"target\":{\"@type\":\"EntryPoint\",\"urlTemplate\":\"https:\/\/www.feyalegria.org\/paraguay\/?s={search_term_string}\"},\"query-input\":{\"@type\":\"PropertyValueSpecification\",\"valueRequired\":true,\"valueName\":\"search_term_string\"}}],\"inLanguage\":\"es\"}]}<\/script>\n<!-- \/ Yoast SEO plugin. -->","yoast_head_json":{"title":"Donar - #SomosFeyAlegria en Paraguay","robots":{"index":"index","follow":"follow","max-snippet":"max-snippet:-1","max-image-preview":"max-image-preview:large","max-video-preview":"max-video-preview:-1"},"canonical":"https:\/\/www.feyalegria.org\/paraguay\/donar\/","og_locale":"es_ES","og_type":"article","og_title":"Donar - #SomosFeyAlegria en Paraguay","og_description":"[vc_row][vc_column][vc_column_text] \u00a1S\u00e9 parte del cambio! [\/vc_column_text][vc_column_text] Con tu ayuda seguiremos transformando la vida de los ni\u00f1os y ni\u00f1as y adolescentes por medio de la educaci\u00f3n. [\/vc_column_text][vc_single_image image=\u00bb11851&#8243; img_size=\u00bbfull\u00bb alignment=\u00bbcenter\u00bb onclick=\u00bbcustom_link\u00bb css=\u00bb\u00bb link=\u00bbhttps:\/\/wa.link\/xkea8e\u00bb][vc_row_inner disable_element=\u00bbyes\u00bb][vc_column_inner width=\u00bb1\/4&#8243;][vc_raw_html css=\u00bb.vc_custom_1667571917499{margin-bottom: -5px !important;}\u00bb]JTNDaW1nJTIwc3JjJTNEJTIyaHR0cHMlM0ElMkYlMkZkM3B1Z3JtNjd2ZjluNy5jbG91ZGZyb250Lm5ldCUyRndwLWNvbnRlbnQlMkZ1cGxvYWRzJTJGc2l0ZXMlMkYxNSUyRjIwMjIlMkYxMSUyRjA0MDkxNTMxJTJGMWRvbi5wbmclMjIlMjBjbGFzcyUzRCUyMmFsaWdubm9uZSUyMGdyYXlzY2FsZSUyMHNpemUtZnVsbCUyMHdwLWltYWdlLTc3NzglMjIlMjAlMkYlM0U=[\/vc_raw_html][vc_btn title=\u00bbGs. 10,000&#8243; style=\u00bboutline-custom\u00bb outline_custom_color=\u00bb#666666&#8243; outline_custom_hover_background=\u00bb#aa0f16&#8243; outline_custom_hover_text=\u00bb#ffffff\u00bb align=\u00bbcenter\u00bb css=\u00bb.vc_custom_1667572277257{margin-top: -20px !important;}\u00bb button_block=\u00bbtrue\u00bb link=\u00bburl:https%3A%2F%2Fpago.pagopar.com%2F2zoi\u00bb][\/vc_column_inner][vc_column_inner width=\u00bb1\/4&#8243;][vc_raw_html css=\u00bb.vc_custom_1667572007395{margin-bottom: -5px !important;}\u00bb]JTNDaW1nJTIwc3JjJTNEJTIyaHR0cHMlM0ElMkYlMkZkM3B1Z3JtNjd2ZjluNy5jbG91ZGZyb250Lm5ldCUyRndwLWNvbnRlbnQlMkZ1cGxvYWRzJTJGc2l0ZXMlMkYxNSUyRjIwMjIlMkYxMSUyRjA0MDkxNTI3JTJGMmRvbi5wbmclMjIlMjBjbGFzcyUzRCUyMmFsaWdubm9uZSUyMGdyYXlzY2FsZSUyMHNpemUtZnVsbCUyMHdwLWltYWdlLTc3NzglMjIlMjAlMkYlM0U=[\/vc_raw_html][vc_btn title=\u00bbGs. 50,000&#8243;","og_url":"https:\/\/www.feyalegria.org\/paraguay\/donar\/","og_site_name":"#SomosFeyAlegria en Paraguay","article_modified_time":"2025-02-21T18:45:15+00:00","twitter_card":"summary_large_image","twitter_misc":{"Tiempo de lectura":"2 minutos"},"schema":{"@context":"https:\/\/schema.org","@graph":[{"@type":"WebPage","@id":"https:\/\/www.feyalegria.org\/paraguay\/donar\/","url":"https:\/\/www.feyalegria.org\/paraguay\/donar\/","name":"Donar - #SomosFeyAlegria en Paraguay","isPartOf":{"@id":"https:\/\/www.feyalegria.org\/paraguay\/#website"},"datePublished":"2022-10-21T13:25:41+00:00","dateModified":"2025-02-21T18:45:15+00:00","breadcrumb":{"@id":"https:\/\/www.feyalegria.org\/paraguay\/donar\/#breadcrumb"},"inLanguage":"es","potentialAction":[{"@type":"ReadAction","target":["https:\/\/www.feyalegria.org\/paraguay\/donar\/"]}]},{"@type":"BreadcrumbList","@id":"https:\/\/www.feyalegria.org\/paraguay\/donar\/#breadcrumb","itemListElement":[{"@type":"ListItem","position":1,"name":"Home","item":"https:\/\/www.feyalegria.org\/paraguay\/"},{"@type":"ListItem","position":2,"name":"Donar"}]},{"@type":"WebSite","@id":"https:\/\/www.feyalegria.org\/paraguay\/#website","url":"https:\/\/www.feyalegria.org\/paraguay\/","name":"#SomosFeyAlegria en Paraguay","description":"Movimiento de Educaci\u00f3n Popular y Promoci\u00f3n Social","potentialAction":[{"@type":"SearchAction","target":{"@type":"EntryPoint","urlTemplate":"https:\/\/www.feyalegria.org\/paraguay\/?s={search_term_string}"},"query-input":{"@type":"PropertyValueSpecification","valueRequired":true,"valueName":"search_term_string"}}],"inLanguage":"es"}]}},"_links":{"self":[{"href":"https:\/\/www.feyalegria.org\/paraguay\/wp-json\/wp\/v2\/pages\/2184","targetHints":{"allow":["GET"]}}],"collection":[{"href":"https:\/\/www.feyalegria.org\/paraguay\/wp-json\/wp\/v2\/pages"}],"about":[{"href":"https:\/\/www.feyalegria.org\/paraguay\/wp-json\/wp\/v2\/types\/page"}],"author":[{"embeddable":true,"href":"https:\/\/www.feyalegria.org\/paraguay\/wp-json\/wp\/v2\/users\/2"}],"replies":[{"embeddable":true,"href":"https:\/\/www.feyalegria.org\/paraguay\/wp-json\/wp\/v2\/comments?post=2184"}],"version-history":[{"count":0,"href":"https:\/\/www.feyalegria.org\/paraguay\/wp-json\/wp\/v2\/pages\/2184\/revisions"}],"wp:attachment":[{"href":"https:\/\/www.feyalegria.org\/paraguay\/wp-json\/wp\/v2\/media?parent=2184"}],"wp:term":[{"taxonomy":"folder","embeddable":true,"href":"https:\/\/www.feyalegria.org\/paraguay\/wp-json\/wp\/v2\/folder?post=2184"}],"curies":[{"name":"wp","href":"https:\/\/api.w.org\/{rel}","templated":true}]}}