 {"id":2215,"date":"2022-10-21T09:54:35","date_gmt":"2022-10-21T14:54:35","guid":{"rendered":"https:\/\/www.feyalegria.org\/paraguay\/?page_id=2215"},"modified":"2023-02-03T08:48:28","modified_gmt":"2023-02-03T13:48:28","slug":"espaccio-joven-empoderamiento-juvenil-socio-productivo-con-igualdad-de-oportunidades-en-el-contexto-de-los-desafios-del-cambio-climatico","status":"publish","type":"page","link":"https:\/\/www.feyalegria.org\/paraguay\/espaccio-joven-empoderamiento-juvenil-socio-productivo-con-igualdad-de-oportunidades-en-el-contexto-de-los-desafios-del-cambio-climatico\/","title":{"rendered":"ESPACCIO JOVEN. Empoderamiento juvenil Socio-Productivo con Igualdad de Oportunidades, en el contexto de los desaf\u00edos del Cambio Clim\u00e1tico"},"content":{"rendered":"<div class=\"wpb-content-wrapper\"><p>[vc_row][vc_column][vc_column_text]<\/p>\n<section class=\"elementor-section elementor-inner-section elementor-element elementor-element-33d4b120 elementor-section-boxed elementor-section-height-default elementor-section-height-default\" data-id=\"33d4b120\">\n<div class=\"elementor-container elementor-column-gap-default\">\n<div class=\"elementor-row\">\n<div class=\"elementor-column elementor-col-100 elementor-inner-column elementor-element elementor-element-63345202\" data-id=\"63345202\">\n<div class=\"elementor-column-wrap elementor-element-populated\">\n<div class=\"elementor-widget-wrap\">\n<div class=\"elementor-element elementor-element-700b250f elementor-widget elementor-widget-heading\" data-id=\"700b250f\">\n<div class=\"elementor-widget-container\">\n<h3 class=\"elementor-heading-title elementor-size-default\">ESPACCIO JOVEN. Empoderamiento juvenil Socio-Productivo con Igualdad de Oportunidades, en el contexto de los desaf\u00edos del Cambio Clim\u00e1tico.<\/h3>\n<\/div>\n<\/div>\n<\/div>\n<\/div>\n<\/div>\n<\/div>\n<\/div>\n<\/section>\n<p>[\/vc_column_text][vc_column_text]<\/p>\n<div class=\"elementor-element elementor-element-75450bc6 elementor-widget elementor-widget-text-editor\" data-id=\"75450bc6\">\n<div class=\"elementor-widget-container\">\n<div class=\"elementor-text-editor elementor-clearfix\">Este proyecto, implementado juntamente con el Centro de Estudios Paraguayos Padre Antonio Guasch (CEPAG), tiene como objetivo impulsar la participaci\u00f3n juvenil, especialmente de las mujeres, en poblaciones de alta vulnerabilidad en zonas rurales y periurbanas de Paraguay, para aumentar su protagonismo como actores de cambio social sostenible y generador de oportunidades.<br \/>\nBusca mejorar la articulaci\u00f3n entre los y las j\u00f3venes generando espacios de expresi\u00f3n ciudadana para favorecer la participaci\u00f3n en la definici\u00f3n y seguimiento de las pol\u00edticas p\u00fablicas que les afecten. Adem\u00e1s, pretende impulsar el empoderamiento juvenil, especialmente de las mujeres, para la incidencia p\u00fablica y la mitigaci\u00f3n del cambio clim\u00e1tico a trav\u00e9s de estrategias de formaci\u00f3n profesional y empleo digno.<br \/>\n<b>Zonas de Intervenci\u00f3n:\u00a0<\/b><br \/>\nAsunci\u00f3n (Ba\u00f1ado Sur), Caaguaz\u00fa (San Joaqu\u00edn), Central (Mariano Roque Alonso, Aregua), Concepci\u00f3n (Arroyito), Itap\u00faa (Sant\u00edsima Trinidad del Paran\u00e1), San Pedro del Ykuamandyj\u00fa (San Vicente Pancholo) y Villa Hayes (Benjam\u00edn Aceval).<\/div>\n<\/div>\n<\/div>\n<p>[\/vc_column_text][vc_column_text]<\/p>\n<div class=\"elementor-element elementor-element-39892042 elementor-widget elementor-widget-heading\" data-id=\"39892042\">\n<div class=\"elementor-widget-container\">\n<h3 class=\"elementor-heading-title elementor-size-default\">Financiadora<\/h3>\n<\/div>\n<\/div>\n<p>[\/vc_column_text][vc_single_image image=\u00bb9042&#8243; img_size=\u00bbmedium\u00bb alignment=\u00bbcenter\u00bb][vc_column_text]<\/p>\n<div class=\"elementor-element elementor-element-39892042 elementor-widget elementor-widget-heading\" data-id=\"39892042\">\n<div class=\"elementor-widget-container\">\n<h3 class=\"elementor-heading-title elementor-size-default\">Fotos del Proyecto<\/h3>\n<\/div>\n<\/div>\n<p>[\/vc_column_text][\/vc_column][\/vc_row][vc_row][vc_column alignment=\u00bbcenter\u00bb]<div class=\"mpc-carousel__wrapper mpc-waypoint\"><div id=\"mpc_carousel_image-9069d22f7f1a832\" class=\"mpc-carousel-image mpc-init mpc-layout--classic mpc-effect--none \"  data-mpcslick='{\"infinite\":true,\"autoplay\":true,\"slidesToShow\":4,\"slidesToScroll\":1,\"centerMode\":false,\"initialSlide\":0,\"autoplaySpeed\":3500,\"speed\":500}' data-slick-cols=\"4\"><div target=\"\"class=\"mpc-carousel__item-wrapper\" data-height=\"300\"><div onclick=\"\" class=\"mpc-item mpc-transition\"><div class=\"mpc-border\"><\/div><img loading=\"lazy\" decoding=\"async\" width=\"300\" height=\"300\" src=\"https:\/\/d3pugrm67vf9n7.cloudfront.net\/wp-content\/uploads\/sites\/33\/2023\/02\/02101745\/EJ6-300x300.png\" class=\"mpc-transition attachment-medium\" alt=\"\" title=\"EJ6\" srcset=\"https:\/\/d3pugrm67vf9n7.cloudfront.net\/wp-content\/uploads\/sites\/33\/2023\/02\/02101745\/EJ6.png 300w, https:\/\/d3pugrm67vf9n7.cloudfront.net\/wp-content\/uploads\/sites\/33\/2023\/02\/02101745\/EJ6-150x150.png 150w\" sizes=\"auto, (max-width: 300px) 100vw, 300px\" \/><\/div><\/div><div target=\"\"class=\"mpc-carousel__item-wrapper\" data-height=\"300\"><div onclick=\"\" class=\"mpc-item mpc-transition\"><div class=\"mpc-border\"><\/div><img loading=\"lazy\" decoding=\"async\" width=\"300\" height=\"300\" src=\"https:\/\/d3pugrm67vf9n7.cloudfront.net\/wp-content\/uploads\/sites\/33\/2023\/02\/02101740\/EJ4-300x300.png\" class=\"mpc-transition attachment-medium\" alt=\"\" title=\"EJ4\" srcset=\"https:\/\/d3pugrm67vf9n7.cloudfront.net\/wp-content\/uploads\/sites\/33\/2023\/02\/02101740\/EJ4.png 300w, https:\/\/d3pugrm67vf9n7.cloudfront.net\/wp-content\/uploads\/sites\/33\/2023\/02\/02101740\/EJ4-150x150.png 150w\" sizes=\"auto, (max-width: 300px) 100vw, 300px\" \/><\/div><\/div><div target=\"\"class=\"mpc-carousel__item-wrapper\" data-height=\"300\"><div onclick=\"\" class=\"mpc-item mpc-transition\"><div class=\"mpc-border\"><\/div><img loading=\"lazy\" decoding=\"async\" width=\"300\" height=\"300\" src=\"https:\/\/d3pugrm67vf9n7.cloudfront.net\/wp-content\/uploads\/sites\/33\/2023\/02\/02101743\/EJ5-300x300.png\" class=\"mpc-transition attachment-medium\" alt=\"\" title=\"EJ5\" srcset=\"https:\/\/d3pugrm67vf9n7.cloudfront.net\/wp-content\/uploads\/sites\/33\/2023\/02\/02101743\/EJ5.png 300w, https:\/\/d3pugrm67vf9n7.cloudfront.net\/wp-content\/uploads\/sites\/33\/2023\/02\/02101743\/EJ5-150x150.png 150w\" sizes=\"auto, (max-width: 300px) 100vw, 300px\" \/><\/div><\/div><div target=\"\"class=\"mpc-carousel__item-wrapper\" data-height=\"300\"><div onclick=\"\" class=\"mpc-item mpc-transition\"><div class=\"mpc-border\"><\/div><img loading=\"lazy\" decoding=\"async\" width=\"300\" height=\"300\" src=\"https:\/\/d3pugrm67vf9n7.cloudfront.net\/wp-content\/uploads\/sites\/33\/2023\/02\/02101737\/EJ3-300x300.png\" class=\"mpc-transition attachment-medium\" alt=\"\" title=\"EJ3\" srcset=\"https:\/\/d3pugrm67vf9n7.cloudfront.net\/wp-content\/uploads\/sites\/33\/2023\/02\/02101737\/EJ3.png 300w, https:\/\/d3pugrm67vf9n7.cloudfront.net\/wp-content\/uploads\/sites\/33\/2023\/02\/02101737\/EJ3-150x150.png 150w\" sizes=\"auto, (max-width: 300px) 100vw, 300px\" \/><\/div><\/div><div target=\"\"class=\"mpc-carousel__item-wrapper\" data-height=\"300\"><div onclick=\"\" class=\"mpc-item mpc-transition\"><div class=\"mpc-border\"><\/div><img loading=\"lazy\" decoding=\"async\" width=\"300\" height=\"300\" src=\"https:\/\/d3pugrm67vf9n7.cloudfront.net\/wp-content\/uploads\/sites\/33\/2023\/02\/02101721\/E.J2-300x300.png\" class=\"mpc-transition attachment-medium\" alt=\"\" title=\"E.J2\" srcset=\"https:\/\/d3pugrm67vf9n7.cloudfront.net\/wp-content\/uploads\/sites\/33\/2023\/02\/02101721\/E.J2.png 300w, https:\/\/d3pugrm67vf9n7.cloudfront.net\/wp-content\/uploads\/sites\/33\/2023\/02\/02101721\/E.J2-150x150.png 150w\" sizes=\"auto, (max-width: 300px) 100vw, 300px\" \/><\/div><\/div><div target=\"\"class=\"mpc-carousel__item-wrapper\" data-height=\"300\"><div onclick=\"\" class=\"mpc-item mpc-transition\"><div class=\"mpc-border\"><\/div><img loading=\"lazy\" decoding=\"async\" width=\"300\" height=\"300\" src=\"https:\/\/d3pugrm67vf9n7.cloudfront.net\/wp-content\/uploads\/sites\/33\/2023\/02\/02101717\/E.J-300x300.png\" class=\"mpc-transition attachment-medium\" alt=\"\" title=\"E.J\" srcset=\"https:\/\/d3pugrm67vf9n7.cloudfront.net\/wp-content\/uploads\/sites\/33\/2023\/02\/02101717\/E.J.png 300w, https:\/\/d3pugrm67vf9n7.cloudfront.net\/wp-content\/uploads\/sites\/33\/2023\/02\/02101717\/E.J-150x150.png 150w\" sizes=\"auto, (max-width: 300px) 100vw, 300px\" \/><\/div><\/div><\/div><div class=\"mpc-navigation mpc-init mpc-align--center mpc-navigation--style_5  mpc-nav-preset--default\" data-mpcslider=\"mpc_carousel_image-9069d22f7f1a832\"><div class=\"mpc-nav__arrow mpcslick-prev\"><div class=\"mpc-nav__icon mpc-transition\"><i class=\" eti eti_arrow_carrot-left\"><div class=\"mpc-nav__background mpc-transition mpc-effect-type--slide mpc-effect-side--top\"><\/div><\/i><\/div><\/div><\/div><div class=\"mpc-navigation mpc-init mpc-align--center mpc-navigation--style_5  mpc-nav-preset--default\" data-mpcslider=\"mpc_carousel_image-9069d22f7f1a832\"><div class=\"mpc-nav__arrow mpcslick-next\"><div class=\"mpc-nav__icon mpc-transition\"><i class=\" eti eti_arrow_carrot-right\"><div class=\"mpc-nav__background mpc-transition mpc-effect-type--slide mpc-effect-side--top\"><\/div><\/i><\/div><\/div><\/div><\/div>[\/vc_column][\/vc_row]<\/p>\n<\/div>","protected":false},"excerpt":{"rendered":"<p>[vc_row][vc_column][vc_column_text] ESPACCIO JOVEN. Empoderamiento juvenil Socio-Productivo con Igualdad de Oportunidades, en el contexto de los desaf\u00edos del Cambio Clim\u00e1tico. [\/vc_column_text][vc_column_text] Este proyecto, implementado juntamente con el Centro de Estudios Paraguayos Padre Antonio Guasch (CEPAG), tiene como objetivo impulsar la participaci\u00f3n juvenil, especialmente de las mujeres, en poblaciones de alta vulnerabilidad en zonas rurales y periurbanas<\/p>\n","protected":false},"author":2,"featured_media":0,"parent":0,"menu_order":0,"comment_status":"closed","ping_status":"closed","template":"","meta":{"_acf_changed":false,"footnotes":""},"folder":[],"class_list":["post-2215","page","type-page","status-publish","hentry"],"acf":[],"yoast_head":"<!-- This site is optimized with the Yoast SEO plugin v27.2 - https:\/\/yoast.com\/product\/yoast-seo-wordpress\/ -->\n<title>ESPACCIO JOVEN. Empoderamiento juvenil Socio-Productivo con Igualdad de Oportunidades, en el contexto de los desaf\u00edos del Cambio Clim\u00e1tico - #SomosFeyAlegria en Paraguay<\/title>\n<meta name=\"robots\" content=\"index, follow, max-snippet:-1, max-image-preview:large, max-video-preview:-1\" \/>\n<link rel=\"canonical\" href=\"https:\/\/www.feyalegria.org\/paraguay\/espaccio-joven-empoderamiento-juvenil-socio-productivo-con-igualdad-de-oportunidades-en-el-contexto-de-los-desafios-del-cambio-climatico\/\" \/>\n<meta property=\"og:locale\" content=\"es_ES\" \/>\n<meta property=\"og:type\" content=\"article\" \/>\n<meta property=\"og:title\" content=\"ESPACCIO JOVEN. Empoderamiento juvenil Socio-Productivo con Igualdad de Oportunidades, en el contexto de los desaf\u00edos del Cambio Clim\u00e1tico - #SomosFeyAlegria en Paraguay\" \/>\n<meta property=\"og:description\" content=\"[vc_row][vc_column][vc_column_text] ESPACCIO JOVEN. Empoderamiento juvenil Socio-Productivo con Igualdad de Oportunidades, en el contexto de los desaf\u00edos del Cambio Clim\u00e1tico. [\/vc_column_text][vc_column_text] Este proyecto, implementado juntamente con el Centro de Estudios Paraguayos Padre Antonio Guasch (CEPAG), tiene como objetivo impulsar la participaci\u00f3n juvenil, especialmente de las mujeres, en poblaciones de alta vulnerabilidad en zonas rurales y periurbanas\" \/>\n<meta property=\"og:url\" content=\"https:\/\/www.feyalegria.org\/paraguay\/espaccio-joven-empoderamiento-juvenil-socio-productivo-con-igualdad-de-oportunidades-en-el-contexto-de-los-desafios-del-cambio-climatico\/\" \/>\n<meta property=\"og:site_name\" content=\"#SomosFeyAlegria en Paraguay\" \/>\n<meta property=\"article:modified_time\" content=\"2023-02-03T13:48:28+00:00\" \/>\n<meta name=\"twitter:card\" content=\"summary_large_image\" \/>\n<meta name=\"twitter:label1\" content=\"Tiempo de lectura\" \/>\n\t<meta name=\"twitter:data1\" content=\"1 minuto\" \/>\n<script type=\"application\/ld+json\" class=\"yoast-schema-graph\">{\"@context\":\"https:\/\/schema.org\",\"@graph\":[{\"@type\":\"WebPage\",\"@id\":\"https:\/\/www.feyalegria.org\/paraguay\/espaccio-joven-empoderamiento-juvenil-socio-productivo-con-igualdad-de-oportunidades-en-el-contexto-de-los-desafios-del-cambio-climatico\/\",\"url\":\"https:\/\/www.feyalegria.org\/paraguay\/espaccio-joven-empoderamiento-juvenil-socio-productivo-con-igualdad-de-oportunidades-en-el-contexto-de-los-desafios-del-cambio-climatico\/\",\"name\":\"ESPACCIO JOVEN. Empoderamiento juvenil Socio-Productivo con Igualdad de Oportunidades, en el contexto de los desaf\u00edos del Cambio Clim\u00e1tico - #SomosFeyAlegria en Paraguay\",\"isPartOf\":{\"@id\":\"https:\/\/www.feyalegria.org\/paraguay\/#website\"},\"datePublished\":\"2022-10-21T14:54:35+00:00\",\"dateModified\":\"2023-02-03T13:48:28+00:00\",\"breadcrumb\":{\"@id\":\"https:\/\/www.feyalegria.org\/paraguay\/espaccio-joven-empoderamiento-juvenil-socio-productivo-con-igualdad-de-oportunidades-en-el-contexto-de-los-desafios-del-cambio-climatico\/#breadcrumb\"},\"inLanguage\":\"es\",\"potentialAction\":[{\"@type\":\"ReadAction\",\"target\":[\"https:\/\/www.feyalegria.org\/paraguay\/espaccio-joven-empoderamiento-juvenil-socio-productivo-con-igualdad-de-oportunidades-en-el-contexto-de-los-desafios-del-cambio-climatico\/\"]}]},{\"@type\":\"BreadcrumbList\",\"@id\":\"https:\/\/www.feyalegria.org\/paraguay\/espaccio-joven-empoderamiento-juvenil-socio-productivo-con-igualdad-de-oportunidades-en-el-contexto-de-los-desafios-del-cambio-climatico\/#breadcrumb\",\"itemListElement\":[{\"@type\":\"ListItem\",\"position\":1,\"name\":\"Home\",\"item\":\"https:\/\/www.feyalegria.org\/paraguay\/\"},{\"@type\":\"ListItem\",\"position\":2,\"name\":\"ESPACCIO JOVEN. Empoderamiento juvenil Socio-Productivo con Igualdad de Oportunidades, en el contexto de los desaf\u00edos del Cambio Clim\u00e1tico\"}]},{\"@type\":\"WebSite\",\"@id\":\"https:\/\/www.feyalegria.org\/paraguay\/#website\",\"url\":\"https:\/\/www.feyalegria.org\/paraguay\/\",\"name\":\"#SomosFeyAlegria en Paraguay\",\"description\":\"Movimiento de Educaci\u00f3n Popular y Promoci\u00f3n Social\",\"potentialAction\":[{\"@type\":\"SearchAction\",\"target\":{\"@type\":\"EntryPoint\",\"urlTemplate\":\"https:\/\/www.feyalegria.org\/paraguay\/?s={search_term_string}\"},\"query-input\":{\"@type\":\"PropertyValueSpecification\",\"valueRequired\":true,\"valueName\":\"search_term_string\"}}],\"inLanguage\":\"es\"}]}<\/script>\n<!-- \/ Yoast SEO plugin. -->","yoast_head_json":{"title":"ESPACCIO JOVEN. Empoderamiento juvenil Socio-Productivo con Igualdad de Oportunidades, en el contexto de los desaf\u00edos del Cambio Clim\u00e1tico - #SomosFeyAlegria en Paraguay","robots":{"index":"index","follow":"follow","max-snippet":"max-snippet:-1","max-image-preview":"max-image-preview:large","max-video-preview":"max-video-preview:-1"},"canonical":"https:\/\/www.feyalegria.org\/paraguay\/espaccio-joven-empoderamiento-juvenil-socio-productivo-con-igualdad-de-oportunidades-en-el-contexto-de-los-desafios-del-cambio-climatico\/","og_locale":"es_ES","og_type":"article","og_title":"ESPACCIO JOVEN. Empoderamiento juvenil Socio-Productivo con Igualdad de Oportunidades, en el contexto de los desaf\u00edos del Cambio Clim\u00e1tico - #SomosFeyAlegria en Paraguay","og_description":"[vc_row][vc_column][vc_column_text] ESPACCIO JOVEN. Empoderamiento juvenil Socio-Productivo con Igualdad de Oportunidades, en el contexto de los desaf\u00edos del Cambio Clim\u00e1tico. [\/vc_column_text][vc_column_text] Este proyecto, implementado juntamente con el Centro de Estudios Paraguayos Padre Antonio Guasch (CEPAG), tiene como objetivo impulsar la participaci\u00f3n juvenil, especialmente de las mujeres, en poblaciones de alta vulnerabilidad en zonas rurales y periurbanas","og_url":"https:\/\/www.feyalegria.org\/paraguay\/espaccio-joven-empoderamiento-juvenil-socio-productivo-con-igualdad-de-oportunidades-en-el-contexto-de-los-desafios-del-cambio-climatico\/","og_site_name":"#SomosFeyAlegria en Paraguay","article_modified_time":"2023-02-03T13:48:28+00:00","twitter_card":"summary_large_image","twitter_misc":{"Tiempo de lectura":"1 minuto"},"schema":{"@context":"https:\/\/schema.org","@graph":[{"@type":"WebPage","@id":"https:\/\/www.feyalegria.org\/paraguay\/espaccio-joven-empoderamiento-juvenil-socio-productivo-con-igualdad-de-oportunidades-en-el-contexto-de-los-desafios-del-cambio-climatico\/","url":"https:\/\/www.feyalegria.org\/paraguay\/espaccio-joven-empoderamiento-juvenil-socio-productivo-con-igualdad-de-oportunidades-en-el-contexto-de-los-desafios-del-cambio-climatico\/","name":"ESPACCIO JOVEN. Empoderamiento juvenil Socio-Productivo con Igualdad de Oportunidades, en el contexto de los desaf\u00edos del Cambio Clim\u00e1tico - #SomosFeyAlegria en Paraguay","isPartOf":{"@id":"https:\/\/www.feyalegria.org\/paraguay\/#website"},"datePublished":"2022-10-21T14:54:35+00:00","dateModified":"2023-02-03T13:48:28+00:00","breadcrumb":{"@id":"https:\/\/www.feyalegria.org\/paraguay\/espaccio-joven-empoderamiento-juvenil-socio-productivo-con-igualdad-de-oportunidades-en-el-contexto-de-los-desafios-del-cambio-climatico\/#breadcrumb"},"inLanguage":"es","potentialAction":[{"@type":"ReadAction","target":["https:\/\/www.feyalegria.org\/paraguay\/espaccio-joven-empoderamiento-juvenil-socio-productivo-con-igualdad-de-oportunidades-en-el-contexto-de-los-desafios-del-cambio-climatico\/"]}]},{"@type":"BreadcrumbList","@id":"https:\/\/www.feyalegria.org\/paraguay\/espaccio-joven-empoderamiento-juvenil-socio-productivo-con-igualdad-de-oportunidades-en-el-contexto-de-los-desafios-del-cambio-climatico\/#breadcrumb","itemListElement":[{"@type":"ListItem","position":1,"name":"Home","item":"https:\/\/www.feyalegria.org\/paraguay\/"},{"@type":"ListItem","position":2,"name":"ESPACCIO JOVEN. Empoderamiento juvenil Socio-Productivo con Igualdad de Oportunidades, en el contexto de los desaf\u00edos del Cambio Clim\u00e1tico"}]},{"@type":"WebSite","@id":"https:\/\/www.feyalegria.org\/paraguay\/#website","url":"https:\/\/www.feyalegria.org\/paraguay\/","name":"#SomosFeyAlegria en Paraguay","description":"Movimiento de Educaci\u00f3n Popular y Promoci\u00f3n Social","potentialAction":[{"@type":"SearchAction","target":{"@type":"EntryPoint","urlTemplate":"https:\/\/www.feyalegria.org\/paraguay\/?s={search_term_string}"},"query-input":{"@type":"PropertyValueSpecification","valueRequired":true,"valueName":"search_term_string"}}],"inLanguage":"es"}]}},"_links":{"self":[{"href":"https:\/\/www.feyalegria.org\/paraguay\/wp-json\/wp\/v2\/pages\/2215","targetHints":{"allow":["GET"]}}],"collection":[{"href":"https:\/\/www.feyalegria.org\/paraguay\/wp-json\/wp\/v2\/pages"}],"about":[{"href":"https:\/\/www.feyalegria.org\/paraguay\/wp-json\/wp\/v2\/types\/page"}],"author":[{"embeddable":true,"href":"https:\/\/www.feyalegria.org\/paraguay\/wp-json\/wp\/v2\/users\/2"}],"replies":[{"embeddable":true,"href":"https:\/\/www.feyalegria.org\/paraguay\/wp-json\/wp\/v2\/comments?post=2215"}],"version-history":[{"count":0,"href":"https:\/\/www.feyalegria.org\/paraguay\/wp-json\/wp\/v2\/pages\/2215\/revisions"}],"wp:attachment":[{"href":"https:\/\/www.feyalegria.org\/paraguay\/wp-json\/wp\/v2\/media?parent=2215"}],"wp:term":[{"taxonomy":"folder","embeddable":true,"href":"https:\/\/www.feyalegria.org\/paraguay\/wp-json\/wp\/v2\/folder?post=2215"}],"curies":[{"name":"wp","href":"https:\/\/api.w.org\/{rel}","templated":true}]}}