 {"id":2313,"date":"2022-10-24T12:09:46","date_gmt":"2022-10-24T17:09:46","guid":{"rendered":"https:\/\/www.feyalegria.org\/paraguay\/?page_id=2313"},"modified":"2023-02-07T14:37:09","modified_gmt":"2023-02-07T19:37:09","slug":"escuela-san-roque-gonzalez-de-santa-cruz","status":"publish","type":"page","link":"https:\/\/www.feyalegria.org\/paraguay\/escuela-san-roque-gonzalez-de-santa-cruz\/","title":{"rendered":"Escuela San Roque Gonz\u00e1lez de Santa Cruz"},"content":{"rendered":"<div class=\"wpb-content-wrapper\"><p>[vc_row][vc_column width=\u00bb5\/6&#8243;]<div style=\"background-color:;height: 50px\" class=\"nicdark_section  \"><\/div>[\/vc_column][vc_column width=\u00bb1\/6&#8243;]<a href=\"https:\/\/www.feyalegria.org\/paraguay\/centros-educativos\/\" title=\"Centros educativos\"  data-id=\"mpc_button-9669d6aa47db712\" class=\"mpc-button mpc-init mpc-transition mpc-typography--default \" ><div class=\"mpc-button__content mpc-effect-type--stay mpc-effect-side--left\"><i class=\"mpc-button__icon mpc-transition  mi mi-pin_drop\"><\/i><span class=\"mpc-button__title mpc-transition\">Volver al mapa<\/span><\/div><div class=\"mpc-button__background mpc-transition mpc-effect-type--fade mpc-effect-side--in\"><\/div><\/a>[\/vc_column][\/vc_row][vc_row][vc_column width=\u00bb2\/3&#8243;][vc_column_text]La Escuela B\u00e1sica Privada Subvencionada N\u00b04354 \u201cSan Roque Gonz\u00e1lez de Santa Cruz\u201d est\u00e1 ubicada en N\u00facleo 2 \u2013 Asentamiento Arroyito, distrito de Horqueta, departamento de Concepci\u00f3n, a unos 10 kil\u00f3metros de la ruta internacional N\u00b05 \u00abGeneral Bernardino Caballero\u00bb. Fue fundada en el a\u00f1o 1.991, en ese entonces la comunidad era un nuevo asentamiento campesino y con la gesti\u00f3n realizada por los padres de familia, cont\u00f3 con el apoyo del Movimiento de Educaci\u00f3n Popular denominado Fe y Alegr\u00eda.<br \/>\nLa instituci\u00f3n tambi\u00e9n cuenta con un reglamento interno elaborado y aprobado por la propia comunidad educativa con la participaci\u00f3n de los diferentes actores y estamentos.<br \/>\nEl centro educativo recibe mucho apoyo de la comunidad educativa en todos los aspectos y en todas las iniciativas que se emprenden, existe muy buena predisposici\u00f3n de la gente para la escuela, no s\u00f3lo de los padres de los alumnos\/as, sino tambi\u00e9n de la comunidad en general.<\/p>\n<h5 style=\"text-align: left;\"><strong><span style=\"color: #aa0f16;\">Contactos<\/span><\/strong><\/h5>\n<p><strong>Directora<\/strong>: Prof. Rufina Escobar<br \/>\n<strong>Tel\u00e9fono<\/strong>: +595976811824[\/vc_column_text][\/vc_column][vc_column width=\u00bb1\/3&#8243;][vc_gmaps link=\u00bb#E-8_JTNDaWZyYW1lJTIwc3JjJTNEJTIyaHR0cHMlM0ElMkYlMkZ3d3cuZ29vZ2xlLmNvbSUyRm1hcHMlMkZlbWJlZCUzRnBiJTNEJTIxMW0xOCUyMTFtMTIlMjExbTMlMjExZDM2NjYuMTc0MjE5MjM4NjkzMiUyMTJkLTU2Ljc0OTA3NDA5OTk5OTk5NCUyMTNkLTIzLjIzNjc0NjUwMDAwMDAwMiUyMTJtMyUyMTFmMCUyMTJmMCUyMTNmMCUyMTNtMiUyMTFpMTAyNCUyMTJpNzY4JTIxNGYxMy4xJTIxM20zJTIxMW0yJTIxMXMweDk0NjE1NzEyZTA5N2IzMjUlMjUzQTB4YTU5YmMyMTU1ZmUxMTQ1ZiUyMTJzRXNjdWVsYSUyNTIwQiUyNUMzJTI1QTFzaWNhJTI1MjBOJTI1MjA0MzU0JTI1MjBTYW4lMjUyMFJvcXVlJTI1MjBHb256JTI1QzMlMjVBMWxleiUyNTIwZGUlMjUyMFNhbnRhY3J1eiUyNTIwZGUlMjUyMEZlJTI1MjB5JTI1MjBBbGVnciUyNUMzJTI1QURhJTIxNWUwJTIxM20yJTIxMXNlcy00MTklMjEyc3B5JTIxNHYxNjY2NjMwNzY5MjQ1JTIxNW0yJTIxMXNlcy00MTklMjEyc3B5JTIyJTIwd2lkdGglM0QlMjI2MDAlMjIlMjBoZWlnaHQlM0QlMjI0NTAlMjIlMjBmcmFtZWJvcmRlciUzRCUyMjAlMjIlMjBzdHlsZSUzRCUyMmJvcmRlciUzQTAlM0IlMjIlMjBhbGxvd2Z1bGxzY3JlZW4lM0QlMjIlMjIlMjBhcmlhLWhpZGRlbiUzRCUyMmZhbHNlJTIyJTIwdGFiaW5kZXglM0QlMjIwJTIyJTNFJTNDJTJGaWZyYW1lJTNF\u00bb][\/vc_column][\/vc_row][vc_row][vc_column width=\u00bb1\/4&#8243;][vc_single_image image=\u00bb8410&#8243; img_size=\u00bbmedium\u00bb alignment=\u00bbcenter\u00bb onclick=\u00bbimg_link_large\u00bb][\/vc_column][vc_column width=\u00bb1\/4&#8243;][vc_single_image image=\u00bb8453&#8243; img_size=\u00bbmedium\u00bb alignment=\u00bbcenter\u00bb onclick=\u00bbimg_link_large\u00bb][\/vc_column][vc_column width=\u00bb1\/4&#8243;][vc_single_image image=\u00bb8499&#8243; img_size=\u00bbmedium\u00bb alignment=\u00bbcenter\u00bb onclick=\u00bbimg_link_large\u00bb][\/vc_column][vc_column width=\u00bb1\/4&#8243;][vc_single_image image=\u00bb8544&#8243; img_size=\u00bbmedium\u00bb alignment=\u00bbcenter\u00bb onclick=\u00bbimg_link_large\u00bb][\/vc_column][\/vc_row]<\/p>\n<\/div>","protected":false},"excerpt":{"rendered":"<p>[vc_row][vc_column width=\u00bb5\/6&#8243;][\/vc_column][vc_column width=\u00bb1\/6&#8243;][\/vc_column][\/vc_row][vc_row][vc_column width=\u00bb2\/3&#8243;][vc_column_text]La Escuela B\u00e1sica Privada Subvencionada N\u00b04354 \u201cSan Roque Gonz\u00e1lez de Santa Cruz\u201d est\u00e1 ubicada en N\u00facleo 2 \u2013 Asentamiento Arroyito, distrito de Horqueta, departamento de Concepci\u00f3n, a unos 10 kil\u00f3metros de la ruta internacional N\u00b05 \u00abGeneral Bernardino Caballero\u00bb. Fue fundada en el a\u00f1o 1.991, en ese entonces la comunidad era un nuevo<\/p>\n","protected":false},"author":2,"featured_media":0,"parent":0,"menu_order":0,"comment_status":"closed","ping_status":"closed","template":"","meta":{"_acf_changed":false,"footnotes":""},"folder":[],"class_list":["post-2313","page","type-page","status-publish","hentry"],"acf":[],"yoast_head":"<!-- This site is optimized with the Yoast SEO plugin v27.2 - https:\/\/yoast.com\/product\/yoast-seo-wordpress\/ -->\n<title>Escuela San Roque Gonz\u00e1lez de Santa Cruz - #SomosFeyAlegria en Paraguay<\/title>\n<meta name=\"robots\" content=\"index, follow, max-snippet:-1, max-image-preview:large, max-video-preview:-1\" \/>\n<link rel=\"canonical\" href=\"https:\/\/www.feyalegria.org\/paraguay\/escuela-san-roque-gonzalez-de-santa-cruz\/\" \/>\n<meta property=\"og:locale\" content=\"es_ES\" \/>\n<meta property=\"og:type\" content=\"article\" \/>\n<meta property=\"og:title\" content=\"Escuela San Roque Gonz\u00e1lez de Santa Cruz - #SomosFeyAlegria en Paraguay\" \/>\n<meta property=\"og:description\" content=\"[vc_row][vc_column width=\u00bb5\/6&#8243;][\/vc_column][vc_column width=\u00bb1\/6&#8243;][\/vc_column][\/vc_row][vc_row][vc_column width=\u00bb2\/3&#8243;][vc_column_text]La Escuela B\u00e1sica Privada Subvencionada N\u00b04354 \u201cSan Roque Gonz\u00e1lez de Santa Cruz\u201d est\u00e1 ubicada en N\u00facleo 2 \u2013 Asentamiento Arroyito, distrito de Horqueta, departamento de Concepci\u00f3n, a unos 10 kil\u00f3metros de la ruta internacional N\u00b05 \u00abGeneral Bernardino Caballero\u00bb. Fue fundada en el a\u00f1o 1.991, en ese entonces la comunidad era un nuevo\" \/>\n<meta property=\"og:url\" content=\"https:\/\/www.feyalegria.org\/paraguay\/escuela-san-roque-gonzalez-de-santa-cruz\/\" \/>\n<meta property=\"og:site_name\" content=\"#SomosFeyAlegria en Paraguay\" \/>\n<meta property=\"article:modified_time\" content=\"2023-02-07T19:37:09+00:00\" \/>\n<meta name=\"twitter:card\" content=\"summary_large_image\" \/>\n<meta name=\"twitter:label1\" content=\"Tiempo de lectura\" \/>\n\t<meta name=\"twitter:data1\" content=\"2 minutos\" \/>\n<script type=\"application\/ld+json\" class=\"yoast-schema-graph\">{\"@context\":\"https:\/\/schema.org\",\"@graph\":[{\"@type\":\"WebPage\",\"@id\":\"https:\/\/www.feyalegria.org\/paraguay\/escuela-san-roque-gonzalez-de-santa-cruz\/\",\"url\":\"https:\/\/www.feyalegria.org\/paraguay\/escuela-san-roque-gonzalez-de-santa-cruz\/\",\"name\":\"Escuela San Roque Gonz\u00e1lez de Santa Cruz - #SomosFeyAlegria en Paraguay\",\"isPartOf\":{\"@id\":\"https:\/\/www.feyalegria.org\/paraguay\/#website\"},\"datePublished\":\"2022-10-24T17:09:46+00:00\",\"dateModified\":\"2023-02-07T19:37:09+00:00\",\"breadcrumb\":{\"@id\":\"https:\/\/www.feyalegria.org\/paraguay\/escuela-san-roque-gonzalez-de-santa-cruz\/#breadcrumb\"},\"inLanguage\":\"es\",\"potentialAction\":[{\"@type\":\"ReadAction\",\"target\":[\"https:\/\/www.feyalegria.org\/paraguay\/escuela-san-roque-gonzalez-de-santa-cruz\/\"]}]},{\"@type\":\"BreadcrumbList\",\"@id\":\"https:\/\/www.feyalegria.org\/paraguay\/escuela-san-roque-gonzalez-de-santa-cruz\/#breadcrumb\",\"itemListElement\":[{\"@type\":\"ListItem\",\"position\":1,\"name\":\"Home\",\"item\":\"https:\/\/www.feyalegria.org\/paraguay\/\"},{\"@type\":\"ListItem\",\"position\":2,\"name\":\"Escuela San Roque Gonz\u00e1lez de Santa Cruz\"}]},{\"@type\":\"WebSite\",\"@id\":\"https:\/\/www.feyalegria.org\/paraguay\/#website\",\"url\":\"https:\/\/www.feyalegria.org\/paraguay\/\",\"name\":\"#SomosFeyAlegria en Paraguay\",\"description\":\"Movimiento de Educaci\u00f3n Popular y Promoci\u00f3n Social\",\"potentialAction\":[{\"@type\":\"SearchAction\",\"target\":{\"@type\":\"EntryPoint\",\"urlTemplate\":\"https:\/\/www.feyalegria.org\/paraguay\/?s={search_term_string}\"},\"query-input\":{\"@type\":\"PropertyValueSpecification\",\"valueRequired\":true,\"valueName\":\"search_term_string\"}}],\"inLanguage\":\"es\"}]}<\/script>\n<!-- \/ Yoast SEO plugin. -->","yoast_head_json":{"title":"Escuela San Roque Gonz\u00e1lez de Santa Cruz - #SomosFeyAlegria en Paraguay","robots":{"index":"index","follow":"follow","max-snippet":"max-snippet:-1","max-image-preview":"max-image-preview:large","max-video-preview":"max-video-preview:-1"},"canonical":"https:\/\/www.feyalegria.org\/paraguay\/escuela-san-roque-gonzalez-de-santa-cruz\/","og_locale":"es_ES","og_type":"article","og_title":"Escuela San Roque Gonz\u00e1lez de Santa Cruz - #SomosFeyAlegria en Paraguay","og_description":"[vc_row][vc_column width=\u00bb5\/6&#8243;][\/vc_column][vc_column width=\u00bb1\/6&#8243;][\/vc_column][\/vc_row][vc_row][vc_column width=\u00bb2\/3&#8243;][vc_column_text]La Escuela B\u00e1sica Privada Subvencionada N\u00b04354 \u201cSan Roque Gonz\u00e1lez de Santa Cruz\u201d est\u00e1 ubicada en N\u00facleo 2 \u2013 Asentamiento Arroyito, distrito de Horqueta, departamento de Concepci\u00f3n, a unos 10 kil\u00f3metros de la ruta internacional N\u00b05 \u00abGeneral Bernardino Caballero\u00bb. Fue fundada en el a\u00f1o 1.991, en ese entonces la comunidad era un nuevo","og_url":"https:\/\/www.feyalegria.org\/paraguay\/escuela-san-roque-gonzalez-de-santa-cruz\/","og_site_name":"#SomosFeyAlegria en Paraguay","article_modified_time":"2023-02-07T19:37:09+00:00","twitter_card":"summary_large_image","twitter_misc":{"Tiempo de lectura":"2 minutos"},"schema":{"@context":"https:\/\/schema.org","@graph":[{"@type":"WebPage","@id":"https:\/\/www.feyalegria.org\/paraguay\/escuela-san-roque-gonzalez-de-santa-cruz\/","url":"https:\/\/www.feyalegria.org\/paraguay\/escuela-san-roque-gonzalez-de-santa-cruz\/","name":"Escuela San Roque Gonz\u00e1lez de Santa Cruz - #SomosFeyAlegria en Paraguay","isPartOf":{"@id":"https:\/\/www.feyalegria.org\/paraguay\/#website"},"datePublished":"2022-10-24T17:09:46+00:00","dateModified":"2023-02-07T19:37:09+00:00","breadcrumb":{"@id":"https:\/\/www.feyalegria.org\/paraguay\/escuela-san-roque-gonzalez-de-santa-cruz\/#breadcrumb"},"inLanguage":"es","potentialAction":[{"@type":"ReadAction","target":["https:\/\/www.feyalegria.org\/paraguay\/escuela-san-roque-gonzalez-de-santa-cruz\/"]}]},{"@type":"BreadcrumbList","@id":"https:\/\/www.feyalegria.org\/paraguay\/escuela-san-roque-gonzalez-de-santa-cruz\/#breadcrumb","itemListElement":[{"@type":"ListItem","position":1,"name":"Home","item":"https:\/\/www.feyalegria.org\/paraguay\/"},{"@type":"ListItem","position":2,"name":"Escuela San Roque Gonz\u00e1lez de Santa Cruz"}]},{"@type":"WebSite","@id":"https:\/\/www.feyalegria.org\/paraguay\/#website","url":"https:\/\/www.feyalegria.org\/paraguay\/","name":"#SomosFeyAlegria en Paraguay","description":"Movimiento de Educaci\u00f3n Popular y Promoci\u00f3n Social","potentialAction":[{"@type":"SearchAction","target":{"@type":"EntryPoint","urlTemplate":"https:\/\/www.feyalegria.org\/paraguay\/?s={search_term_string}"},"query-input":{"@type":"PropertyValueSpecification","valueRequired":true,"valueName":"search_term_string"}}],"inLanguage":"es"}]}},"_links":{"self":[{"href":"https:\/\/www.feyalegria.org\/paraguay\/wp-json\/wp\/v2\/pages\/2313","targetHints":{"allow":["GET"]}}],"collection":[{"href":"https:\/\/www.feyalegria.org\/paraguay\/wp-json\/wp\/v2\/pages"}],"about":[{"href":"https:\/\/www.feyalegria.org\/paraguay\/wp-json\/wp\/v2\/types\/page"}],"author":[{"embeddable":true,"href":"https:\/\/www.feyalegria.org\/paraguay\/wp-json\/wp\/v2\/users\/2"}],"replies":[{"embeddable":true,"href":"https:\/\/www.feyalegria.org\/paraguay\/wp-json\/wp\/v2\/comments?post=2313"}],"version-history":[{"count":0,"href":"https:\/\/www.feyalegria.org\/paraguay\/wp-json\/wp\/v2\/pages\/2313\/revisions"}],"wp:attachment":[{"href":"https:\/\/www.feyalegria.org\/paraguay\/wp-json\/wp\/v2\/media?parent=2313"}],"wp:term":[{"taxonomy":"folder","embeddable":true,"href":"https:\/\/www.feyalegria.org\/paraguay\/wp-json\/wp\/v2\/folder?post=2313"}],"curies":[{"name":"wp","href":"https:\/\/api.w.org\/{rel}","templated":true}]}}