 {"id":2340,"date":"2022-10-24T13:16:33","date_gmt":"2022-10-24T18:16:33","guid":{"rendered":"https:\/\/www.feyalegria.org\/paraguay\/?page_id=2340"},"modified":"2023-02-07T14:49:44","modified_gmt":"2023-02-07T19:49:44","slug":"escuela-moises-bertoni-de-fe-y-alegria","status":"publish","type":"page","link":"https:\/\/www.feyalegria.org\/paraguay\/escuela-moises-bertoni-de-fe-y-alegria\/","title":{"rendered":"Escuela Mois\u00e9s Bertoni de Fe y Alegr\u00eda"},"content":{"rendered":"<div class=\"wpb-content-wrapper\"><p>[vc_row][vc_column width=\u00bb5\/6&#8243;]<div style=\"background-color:;height: 50px\" class=\"nicdark_section  \"><\/div>[\/vc_column][vc_column width=\u00bb1\/6&#8243;]<a href=\"https:\/\/www.feyalegria.org\/paraguay\/centros-educativos\/\" title=\"Centros educativos\"  data-id=\"mpc_button-3869d6a971a7df5\" class=\"mpc-button mpc-init mpc-transition mpc-typography--default \" ><div class=\"mpc-button__content mpc-effect-type--stay mpc-effect-side--left\"><i class=\"mpc-button__icon mpc-transition  mi mi-pin_drop\"><\/i><span class=\"mpc-button__title mpc-transition\">Volver al mapa<\/span><\/div><div class=\"mpc-button__background mpc-transition mpc-effect-type--fade mpc-effect-side--in\"><\/div><\/a>[\/vc_column][\/vc_row][vc_row][vc_column width=\u00bb2\/3&#8243;][vc_column_text]La Escuela B\u00e1sica N\u00b0 4.353 Mois\u00e9s Bertoni del Asentamiento Arroyito N\u00facleo 6, se inici\u00f3 en el a\u00f1o 1991 funcionando desde el primer hasta el tercer grado con 42 alumnos; siendo la primera maestra la Prof. Silvana Br\u00edtez. La instituci\u00f3n est\u00e1 ubicada en el centro Comunitario del Asentamiento Arroyito N\u00facleo 6, en un terreno de 20.000mts, propiedad de la Instituci\u00f3n. Dista de la escuela centro a 10km al Sur y a unos 20Kms de la Ruta PY5, Gral. Bernardino Caballero.<br \/>\nAl a\u00f1o siguiente la instituci\u00f3n se elev\u00f3 a la categor\u00eda de Escuela Graduada Completa con el N\u00b0 13.671, desde el primero hasta el sexto grado con dos nuevos docentes. La Prof. Le\u00f3nidas L\u00f3pez Toledo y el Prof. Daniel L\u00f3pez Cristaldo con 85 alumnos.<br \/>\nEn el a\u00f1o 1993 se comenz\u00f3 a trabajar con el Movimiento de Educaci\u00f3n Popular Integral Fe y Alegr\u00eda.<br \/>\nEn el a\u00f1o 1994 se comenz\u00f3 a implementar el Programa de Educaci\u00f3n Popular y Promoci\u00f3n Social de Fe y Alegr\u00eda comenzando con la capacitaci\u00f3n a los docentes para la implementaci\u00f3n del nuevo enfoque educativo.<br \/>\nEn el a\u00f1o 2001, se dio apertura al 7\u00b0 grado del 3\u00b0 Ciclo, a cargo del Prof. Eleno Ram\u00f3n Aquino Centuri\u00f3n con un total de 19 alumnos.<br \/>\nEn el a\u00f1o 2003 se tuvo la primera promoci\u00f3n de egresados del 9\u00b0 grado de la Educaci\u00f3n Escolar B\u00e1sica con 9 alumnos. En el mismo a\u00f1o se sum\u00f3 al grupo de docentes del centro, las profesoras de Educaci\u00f3n Escolar B\u00e1sica: Prof. Claudia Recalde Gim\u00e9nez y la Prof. Nancy Mabel Valenzuela Mendoza.<br \/>\nEn el a\u00f1o 2019 se tuvo la desvinculaci\u00f3n de dos compa\u00f1eros. El prof. Daniel L\u00f3pez Cristaldo y la Prof. Le\u00f3nidas L\u00f3pez Toledo quienes se acogieron a los beneficios de la Jubilaci\u00f3n por los servicios prestados al magisterio nacional y a la comunidad educativa.<br \/>\n<strong>Actualmente en la instituci\u00f3n<\/strong><strong> asisten m\u00e1s de 70 alumnos desde el Jard\u00edn hasta<\/strong> <strong>el noveno grado<\/strong> acompa\u00f1ado por un directivo y un total de 11 docentes; entre ellos docentes de grados y catedr\u00e1ticos, todos con perfil para las distintas disciplinas y son: Director: Prof. Eleno Ram\u00f3n Aquino Centuri\u00f3n, Prof. Carlos Miguel Fretes Delvalle, Prof. Jacqueline Mary France Bonhomme Moraez, Prof. Mar\u00eda Concepci\u00f3n Ben\u00edtez Curtido, Prof. Alcides Cristaldo Mendoza y Prof. Claudio Cristaldo Bar\u00faa, Prof. Fredy Luis Bianchi, Prof. Raimunda Elizabeth Gonz\u00e1lez Ojeda, Prof. Marciano Jara Romero, Prof. Julio C\u00e9sar Saucedo Bernal, Prof. Lucio Abrah\u00e1n Mendoza Miranda, Prof. Gricelda Sosa S\u00e1nchez<br \/>\nPor su parte el grupo de padres est\u00e1 compuesto por m\u00e1s de 45 familias, los cuales componen el CEIGR, la ACE, el EGIE y otros estamentos. Estos a su vez brindan un permanente apoyo para la buena marcha de la instituci\u00f3n.<\/p>\n<h5 style=\"text-align: left;\"><strong><span style=\"color: #aa0f16;\">Contactos<\/span><\/strong><\/h5>\n<p><strong>Director<\/strong>: Eleno Ram\u00f3n Aquino<br \/>\n<strong>Tel\u00e9fono<\/strong>: +595981704073[\/vc_column_text][\/vc_column][vc_column width=\u00bb1\/3&#8243;][vc_gmaps link=\u00bb#E-8_JTNDaWZyYW1lJTIwc3JjJTNEJTIyaHR0cHMlM0ElMkYlMkZ3d3cuZ29vZ2xlLmNvbSUyRm1hcHMlMkZlbWJlZCUzRnBiJTNEJTIxMW0xOCUyMTFtMTIlMjExbTMlMjExZDM2NjMuNzE5NTYzMzc2MjU2NyUyMTJkLTU2LjgzNDA4MDMlMjEzZC0yMy4zMjU5MzE2MDAwMDAwMDQlMjEybTMlMjExZjAlMjEyZjAlMjEzZjAlMjEzbTIlMjExaTEwMjQlMjEyaTc2OCUyMTRmMTMuMSUyMTNtMyUyMTFtMiUyMTFzMHgwJTI1M0EweGYzNzJmNTAyMDcxODBjYjIlMjEyc0VzY3VlbGElMjUyMEIlMjVDMyUyNUExcy4lMjUyME4lMjVDMiUyNUIwNC45NDclMjUyMFZpcmdlbiUyNTIwZGUlMjUyMENhYWN1cCUyNUMzJTI1QTklMjUyMGRlJTI1MjBGZSUyNTIweSUyNTIwQWxlZ3IlMjVDMyUyNUFEYSUyMTVlMCUyMTNtMiUyMTFzZXMtNDE5JTIxMnNweSUyMTR2MTY2NjYzNTIzMjY1MSUyMTVtMiUyMTFzZXMtNDE5JTIxMnNweSUyMiUyMCUyMHdpZHRoJTNEJTIyNjAwJTIyJTIwaGVpZ2h0JTNEJTIyNDUwJTIyJTIwZnJhbWVib3JkZXIlM0QlMjIwJTIyJTIwc3R5bGUlM0QlMjJib3JkZXIlM0EwJTNCJTIyJTIwYWxsb3dmdWxsc2NyZWVuJTNEJTIyJTIyJTIwYXJpYS1oaWRkZW4lM0QlMjJmYWxzZSUyMiUyMHRhYmluZGV4JTNEJTIyMCUyMiUzRSUzQyUyRmlmcmFtZSUzRQ==\u00bb][\/vc_column][\/vc_row][vc_row][vc_column width=\u00bb1\/4&#8243;][vc_single_image image=\u00bb8413&#8243; img_size=\u00bbmedium\u00bb alignment=\u00bbcenter\u00bb onclick=\u00bbimg_link_large\u00bb][\/vc_column][vc_column width=\u00bb1\/4&#8243;][vc_single_image image=\u00bb8502&#8243; img_size=\u00bbmedium\u00bb alignment=\u00bbcenter\u00bb onclick=\u00bbimg_link_large\u00bb][\/vc_column][vc_column width=\u00bb1\/4&#8243;][vc_single_image image=\u00bb8456&#8243; img_size=\u00bbmedium\u00bb][\/vc_column][vc_column width=\u00bb1\/4&#8243;][vc_single_image image=\u00bb8547&#8243; img_size=\u00bbmedium\u00bb][\/vc_column][\/vc_row]<\/p>\n<\/div>","protected":false},"excerpt":{"rendered":"<p>[vc_row][vc_column width=\u00bb5\/6&#8243;][\/vc_column][vc_column width=\u00bb1\/6&#8243;][\/vc_column][\/vc_row][vc_row][vc_column width=\u00bb2\/3&#8243;][vc_column_text]La Escuela B\u00e1sica N\u00b0 4.353 Mois\u00e9s Bertoni del Asentamiento Arroyito N\u00facleo 6, se inici\u00f3 en el a\u00f1o 1991 funcionando desde el primer hasta el tercer grado con 42 alumnos; siendo la primera maestra la Prof. Silvana Br\u00edtez. La instituci\u00f3n est\u00e1 ubicada en el centro Comunitario del Asentamiento Arroyito N\u00facleo 6, en un<\/p>\n","protected":false},"author":2,"featured_media":0,"parent":0,"menu_order":0,"comment_status":"closed","ping_status":"closed","template":"","meta":{"_acf_changed":false,"footnotes":""},"folder":[],"class_list":["post-2340","page","type-page","status-publish","hentry"],"acf":[],"yoast_head":"<!-- This site is optimized with the Yoast SEO plugin v27.2 - https:\/\/yoast.com\/product\/yoast-seo-wordpress\/ -->\n<title>Escuela Mois\u00e9s Bertoni de Fe y Alegr\u00eda - #SomosFeyAlegria en Paraguay<\/title>\n<meta name=\"robots\" content=\"index, follow, max-snippet:-1, max-image-preview:large, max-video-preview:-1\" \/>\n<link rel=\"canonical\" href=\"https:\/\/www.feyalegria.org\/paraguay\/escuela-moises-bertoni-de-fe-y-alegria\/\" \/>\n<meta property=\"og:locale\" content=\"es_ES\" \/>\n<meta property=\"og:type\" content=\"article\" \/>\n<meta property=\"og:title\" content=\"Escuela Mois\u00e9s Bertoni de Fe y Alegr\u00eda - #SomosFeyAlegria en Paraguay\" \/>\n<meta property=\"og:description\" content=\"[vc_row][vc_column width=\u00bb5\/6&#8243;][\/vc_column][vc_column width=\u00bb1\/6&#8243;][\/vc_column][\/vc_row][vc_row][vc_column width=\u00bb2\/3&#8243;][vc_column_text]La Escuela B\u00e1sica N\u00b0 4.353 Mois\u00e9s Bertoni del Asentamiento Arroyito N\u00facleo 6, se inici\u00f3 en el a\u00f1o 1991 funcionando desde el primer hasta el tercer grado con 42 alumnos; siendo la primera maestra la Prof. Silvana Br\u00edtez. La instituci\u00f3n est\u00e1 ubicada en el centro Comunitario del Asentamiento Arroyito N\u00facleo 6, en un\" \/>\n<meta property=\"og:url\" content=\"https:\/\/www.feyalegria.org\/paraguay\/escuela-moises-bertoni-de-fe-y-alegria\/\" \/>\n<meta property=\"og:site_name\" content=\"#SomosFeyAlegria en Paraguay\" \/>\n<meta property=\"article:modified_time\" content=\"2023-02-07T19:49:44+00:00\" \/>\n<meta name=\"twitter:card\" content=\"summary_large_image\" \/>\n<meta name=\"twitter:label1\" content=\"Tiempo de lectura\" \/>\n\t<meta name=\"twitter:data1\" content=\"4 minutos\" \/>\n<script type=\"application\/ld+json\" class=\"yoast-schema-graph\">{\"@context\":\"https:\/\/schema.org\",\"@graph\":[{\"@type\":\"WebPage\",\"@id\":\"https:\/\/www.feyalegria.org\/paraguay\/escuela-moises-bertoni-de-fe-y-alegria\/\",\"url\":\"https:\/\/www.feyalegria.org\/paraguay\/escuela-moises-bertoni-de-fe-y-alegria\/\",\"name\":\"Escuela Mois\u00e9s Bertoni de Fe y Alegr\u00eda - #SomosFeyAlegria en Paraguay\",\"isPartOf\":{\"@id\":\"https:\/\/www.feyalegria.org\/paraguay\/#website\"},\"datePublished\":\"2022-10-24T18:16:33+00:00\",\"dateModified\":\"2023-02-07T19:49:44+00:00\",\"breadcrumb\":{\"@id\":\"https:\/\/www.feyalegria.org\/paraguay\/escuela-moises-bertoni-de-fe-y-alegria\/#breadcrumb\"},\"inLanguage\":\"es\",\"potentialAction\":[{\"@type\":\"ReadAction\",\"target\":[\"https:\/\/www.feyalegria.org\/paraguay\/escuela-moises-bertoni-de-fe-y-alegria\/\"]}]},{\"@type\":\"BreadcrumbList\",\"@id\":\"https:\/\/www.feyalegria.org\/paraguay\/escuela-moises-bertoni-de-fe-y-alegria\/#breadcrumb\",\"itemListElement\":[{\"@type\":\"ListItem\",\"position\":1,\"name\":\"Home\",\"item\":\"https:\/\/www.feyalegria.org\/paraguay\/\"},{\"@type\":\"ListItem\",\"position\":2,\"name\":\"Escuela Mois\u00e9s Bertoni de Fe y Alegr\u00eda\"}]},{\"@type\":\"WebSite\",\"@id\":\"https:\/\/www.feyalegria.org\/paraguay\/#website\",\"url\":\"https:\/\/www.feyalegria.org\/paraguay\/\",\"name\":\"#SomosFeyAlegria en Paraguay\",\"description\":\"Movimiento de Educaci\u00f3n Popular y Promoci\u00f3n Social\",\"potentialAction\":[{\"@type\":\"SearchAction\",\"target\":{\"@type\":\"EntryPoint\",\"urlTemplate\":\"https:\/\/www.feyalegria.org\/paraguay\/?s={search_term_string}\"},\"query-input\":{\"@type\":\"PropertyValueSpecification\",\"valueRequired\":true,\"valueName\":\"search_term_string\"}}],\"inLanguage\":\"es\"}]}<\/script>\n<!-- \/ Yoast SEO plugin. -->","yoast_head_json":{"title":"Escuela Mois\u00e9s Bertoni de Fe y Alegr\u00eda - #SomosFeyAlegria en Paraguay","robots":{"index":"index","follow":"follow","max-snippet":"max-snippet:-1","max-image-preview":"max-image-preview:large","max-video-preview":"max-video-preview:-1"},"canonical":"https:\/\/www.feyalegria.org\/paraguay\/escuela-moises-bertoni-de-fe-y-alegria\/","og_locale":"es_ES","og_type":"article","og_title":"Escuela Mois\u00e9s Bertoni de Fe y Alegr\u00eda - #SomosFeyAlegria en Paraguay","og_description":"[vc_row][vc_column width=\u00bb5\/6&#8243;][\/vc_column][vc_column width=\u00bb1\/6&#8243;][\/vc_column][\/vc_row][vc_row][vc_column width=\u00bb2\/3&#8243;][vc_column_text]La Escuela B\u00e1sica N\u00b0 4.353 Mois\u00e9s Bertoni del Asentamiento Arroyito N\u00facleo 6, se inici\u00f3 en el a\u00f1o 1991 funcionando desde el primer hasta el tercer grado con 42 alumnos; siendo la primera maestra la Prof. Silvana Br\u00edtez. La instituci\u00f3n est\u00e1 ubicada en el centro Comunitario del Asentamiento Arroyito N\u00facleo 6, en un","og_url":"https:\/\/www.feyalegria.org\/paraguay\/escuela-moises-bertoni-de-fe-y-alegria\/","og_site_name":"#SomosFeyAlegria en Paraguay","article_modified_time":"2023-02-07T19:49:44+00:00","twitter_card":"summary_large_image","twitter_misc":{"Tiempo de lectura":"4 minutos"},"schema":{"@context":"https:\/\/schema.org","@graph":[{"@type":"WebPage","@id":"https:\/\/www.feyalegria.org\/paraguay\/escuela-moises-bertoni-de-fe-y-alegria\/","url":"https:\/\/www.feyalegria.org\/paraguay\/escuela-moises-bertoni-de-fe-y-alegria\/","name":"Escuela Mois\u00e9s Bertoni de Fe y Alegr\u00eda - #SomosFeyAlegria en Paraguay","isPartOf":{"@id":"https:\/\/www.feyalegria.org\/paraguay\/#website"},"datePublished":"2022-10-24T18:16:33+00:00","dateModified":"2023-02-07T19:49:44+00:00","breadcrumb":{"@id":"https:\/\/www.feyalegria.org\/paraguay\/escuela-moises-bertoni-de-fe-y-alegria\/#breadcrumb"},"inLanguage":"es","potentialAction":[{"@type":"ReadAction","target":["https:\/\/www.feyalegria.org\/paraguay\/escuela-moises-bertoni-de-fe-y-alegria\/"]}]},{"@type":"BreadcrumbList","@id":"https:\/\/www.feyalegria.org\/paraguay\/escuela-moises-bertoni-de-fe-y-alegria\/#breadcrumb","itemListElement":[{"@type":"ListItem","position":1,"name":"Home","item":"https:\/\/www.feyalegria.org\/paraguay\/"},{"@type":"ListItem","position":2,"name":"Escuela Mois\u00e9s Bertoni de Fe y Alegr\u00eda"}]},{"@type":"WebSite","@id":"https:\/\/www.feyalegria.org\/paraguay\/#website","url":"https:\/\/www.feyalegria.org\/paraguay\/","name":"#SomosFeyAlegria en Paraguay","description":"Movimiento de Educaci\u00f3n Popular y Promoci\u00f3n Social","potentialAction":[{"@type":"SearchAction","target":{"@type":"EntryPoint","urlTemplate":"https:\/\/www.feyalegria.org\/paraguay\/?s={search_term_string}"},"query-input":{"@type":"PropertyValueSpecification","valueRequired":true,"valueName":"search_term_string"}}],"inLanguage":"es"}]}},"_links":{"self":[{"href":"https:\/\/www.feyalegria.org\/paraguay\/wp-json\/wp\/v2\/pages\/2340","targetHints":{"allow":["GET"]}}],"collection":[{"href":"https:\/\/www.feyalegria.org\/paraguay\/wp-json\/wp\/v2\/pages"}],"about":[{"href":"https:\/\/www.feyalegria.org\/paraguay\/wp-json\/wp\/v2\/types\/page"}],"author":[{"embeddable":true,"href":"https:\/\/www.feyalegria.org\/paraguay\/wp-json\/wp\/v2\/users\/2"}],"replies":[{"embeddable":true,"href":"https:\/\/www.feyalegria.org\/paraguay\/wp-json\/wp\/v2\/comments?post=2340"}],"version-history":[{"count":0,"href":"https:\/\/www.feyalegria.org\/paraguay\/wp-json\/wp\/v2\/pages\/2340\/revisions"}],"wp:attachment":[{"href":"https:\/\/www.feyalegria.org\/paraguay\/wp-json\/wp\/v2\/media?parent=2340"}],"wp:term":[{"taxonomy":"folder","embeddable":true,"href":"https:\/\/www.feyalegria.org\/paraguay\/wp-json\/wp\/v2\/folder?post=2340"}],"curies":[{"name":"wp","href":"https:\/\/api.w.org\/{rel}","templated":true}]}}