 {"id":2346,"date":"2022-10-24T13:26:19","date_gmt":"2022-10-24T18:26:19","guid":{"rendered":"https:\/\/www.feyalegria.org\/paraguay\/?page_id=2346"},"modified":"2023-02-07T14:31:56","modified_gmt":"2023-02-07T19:31:56","slug":"escuela-monsenor-anibal-maricevich","status":"publish","type":"page","link":"https:\/\/www.feyalegria.org\/paraguay\/escuela-monsenor-anibal-maricevich\/","title":{"rendered":"Escuela Monse\u00f1or An\u00edbal Maricevich"},"content":{"rendered":"<div class=\"wpb-content-wrapper\"><p>[vc_row][vc_column width=\u00bb5\/6&#8243;]<div style=\"background-color:;height: 50px\" class=\"nicdark_section  \"><\/div>[\/vc_column][vc_column width=\u00bb1\/6&#8243;]<a href=\"https:\/\/www.feyalegria.org\/paraguay\/centros-educativos\/\" title=\"Centros educativos\"  data-id=\"mpc_button-4769d6a9c52cb70\" class=\"mpc-button mpc-init mpc-transition mpc-typography--default \" ><div class=\"mpc-button__content mpc-effect-type--stay mpc-effect-side--left\"><i class=\"mpc-button__icon mpc-transition  mi mi-pin_drop\"><\/i><span class=\"mpc-button__title mpc-transition\">Volver al mapa<\/span><\/div><div class=\"mpc-button__background mpc-transition mpc-effect-type--fade mpc-effect-side--in\"><\/div><\/a>[\/vc_column][\/vc_row][vc_row][vc_column width=\u00bb2\/3&#8243;][vc_column_text]<strong>La Escuela Monse\u00f1or An\u00edbal Maricevich <\/strong>est\u00e1 situado en el N\u00facleo 3 &#8211; Asentamiento, distrito de Arroyito, departamento de Concepci\u00f3n.\u00a0 A 10 Km de la ruta PY 05 Gral. Bernardino Caballero, calle 18, zona sur.<br \/>\nComenz\u00f3 a funcionar desde el a\u00f1o 1.991. En la comunidad. Es la Escuela Centro del \u00c1rea Educativa N\u00b0 3 perteneciente a la Supervisi\u00f3n de Apoyo T\u00e9cnico Pedag\u00f3gico \u00c1rea Supervisiva 01 \u2013 18- Arroyito.<br \/>\nDesde el a\u00f1o 1993 forma parte del Movimiento de Educaci\u00f3n Popular y Promoci\u00f3n Social Fe y Alegr\u00eda.<br \/>\nActualmente la instituci\u00f3n funciona en los niveles de: Inicial, 1\u00b0, 2\u00b0 y 3\u00b0 ciclos, \u00e9ste \u00faltimo con la modalidad IPA (Iniciaci\u00f3n profesional Agropecuario).<br \/>\nDesde el 2015 la instituci\u00f3n implementa la jornada de\u00a0\u00a0 escolaridad extendida. (Desde el 1\u00ba al 6\u00ba grado). La comunidad educativa de la Escuela Monse\u00f1or An\u00edbal Maricevich est\u00e1 abocada en implementar sistem\u00e1ticamente la \u201cEscolaridad Extendida\u201d en el centro. Este programa ayuda para mejorar la calidad de los servicios educativos implementados en el centro y genera mejores oportunidades a los estudiantes para desarrollar procesos de ense\u00f1anza y aprendizajes m\u00e1s significativos tendientes a la formaci\u00f3n integral.<br \/>\nLa Instituci\u00f3n cuenta desde este a\u00f1o con transporte escolar (minib\u00fas) que sirve para el traslado de los estudiantes de los n\u00facleos 1 y 4. El mismo es costeado por los padres de familia y una parte por la Municipalidad de Arroyito, con la administraci\u00f3n de la Dra. Josefina Torales.<br \/>\nActualmente la instituci\u00f3n cuenta con 183 estudiantes, desde el jard\u00edn al 9\u00b0grado.<\/p>\n<h5 style=\"text-align: left;\"><strong><span style=\"color: #aa0f16;\">Contactos<\/span><\/strong><\/h5>\n<p><strong>Director<\/strong>: Catalino Bogado<br \/>\n<strong>Tel\u00e9fono<\/strong>: +595981903183[\/vc_column_text][\/vc_column][vc_column width=\u00bb1\/3&#8243;][vc_gmaps link=\u00bb#E-8_JTNDaWZyYW1lJTIwc3JjJTNEJTIyaHR0cHMlM0ElMkYlMkZ3d3cuZ29vZ2xlLmNvbSUyRm1hcHMlMkZlbWJlZCUzRnBiJTNEJTIxMW0xNCUyMTFtOCUyMTFtMyUyMTFkMTc5OS42NTU4MDM5NDMxMzk1JTIxMmQtNTYuNjk5NDE3NyUyMTNkLTIzLjIzNzkwNzMlMjEzbTIlMjExaTEwMjQlMjEyaTc2OCUyMTRmMTMuMSUyMTNtMyUyMTFtMiUyMTFzMHg5NDYxNTk1YTRlNTExY2Y3JTI1M0EweDFjMGI3ZjgxZGIyMDE4YzclMjEyc0VzY3VlbGElMjUyMEIlMjVDMyUyNUExc2ljYSUyNTIwTiUyNUMyJTI1QjAlMjUyMDIuODQwJTI1MjBNb25zZSUyNUMzJTI1QjFvciUyNTIwQW4lMjVDMyUyNUFEYmFsJTI1MjBNYXJpY2V2aWNoJTI1MjBkZSUyNTIwRmUlMjUyMHklMjUyMEFsZWdyJTI1QzMlMjVBRGElMjE1ZTElMjEzbTIlMjExc2VzLTQxOSUyMTJzcHklMjE0djE2NjY2MzU1Njg0MDElMjE1bTIlMjExc2VzLTQxOSUyMTJzcHklMjIlMjAlMjB3aWR0aCUzRCUyMjYwMCUyMiUyMGhlaWdodCUzRCUyMjQ1MCUyMiUyMGZyYW1lYm9yZGVyJTNEJTIyMCUyMiUyMHN0eWxlJTNEJTIyYm9yZGVyJTNBMCUzQiUyMiUyMGFsbG93ZnVsbHNjcmVlbiUzRCUyMiUyMiUyMGFyaWEtaGlkZGVuJTNEJTIyZmFsc2UlMjIlMjB0YWJpbmRleCUzRCUyMjAlMjIlM0UlM0MlMkZpZnJhbWUlM0U=\u00bb][\/vc_column][\/vc_row][vc_row][vc_column width=\u00bb1\/4&#8243;][vc_single_image image=\u00bb8548&#8243; img_size=\u00bbmedium\u00bb alignment=\u00bbcenter\u00bb onclick=\u00bbimg_link_large\u00bb][\/vc_column][vc_column width=\u00bb1\/4&#8243;][vc_single_image image=\u00bb8457&#8243; img_size=\u00bbmedium\u00bb alignment=\u00bbcenter\u00bb onclick=\u00bbimg_link_large\u00bb][\/vc_column][vc_column width=\u00bb1\/4&#8243;][vc_single_image image=\u00bb8905&#8243; img_size=\u00bbmedium\u00bb][\/vc_column][vc_column width=\u00bb1\/4&#8243;][vc_single_image image=\u00bb8503&#8243; img_size=\u00bbmedium\u00bb][\/vc_column][\/vc_row]<\/p>\n<\/div>","protected":false},"excerpt":{"rendered":"<p>[vc_row][vc_column width=\u00bb5\/6&#8243;][\/vc_column][vc_column width=\u00bb1\/6&#8243;][\/vc_column][\/vc_row][vc_row][vc_column width=\u00bb2\/3&#8243;][vc_column_text]La Escuela Monse\u00f1or An\u00edbal Maricevich est\u00e1 situado en el N\u00facleo 3 &#8211; Asentamiento, distrito de Arroyito, departamento de Concepci\u00f3n.\u00a0 A 10 Km de la ruta PY 05 Gral. Bernardino Caballero, calle 18, zona sur. Comenz\u00f3 a funcionar desde el a\u00f1o 1.991. En la comunidad. Es la Escuela Centro del \u00c1rea Educativa N\u00b0<\/p>\n","protected":false},"author":2,"featured_media":0,"parent":0,"menu_order":0,"comment_status":"closed","ping_status":"closed","template":"","meta":{"_acf_changed":false,"footnotes":""},"folder":[],"class_list":["post-2346","page","type-page","status-publish","hentry"],"acf":[],"yoast_head":"<!-- This site is optimized with the Yoast SEO plugin v27.2 - https:\/\/yoast.com\/product\/yoast-seo-wordpress\/ -->\n<title>Escuela Monse\u00f1or An\u00edbal Maricevich - #SomosFeyAlegria en Paraguay<\/title>\n<meta name=\"robots\" content=\"index, follow, max-snippet:-1, max-image-preview:large, max-video-preview:-1\" \/>\n<link rel=\"canonical\" href=\"https:\/\/www.feyalegria.org\/paraguay\/escuela-monsenor-anibal-maricevich\/\" \/>\n<meta property=\"og:locale\" content=\"es_ES\" \/>\n<meta property=\"og:type\" content=\"article\" \/>\n<meta property=\"og:title\" content=\"Escuela Monse\u00f1or An\u00edbal Maricevich - #SomosFeyAlegria en Paraguay\" \/>\n<meta property=\"og:description\" content=\"[vc_row][vc_column width=\u00bb5\/6&#8243;][\/vc_column][vc_column width=\u00bb1\/6&#8243;][\/vc_column][\/vc_row][vc_row][vc_column width=\u00bb2\/3&#8243;][vc_column_text]La Escuela Monse\u00f1or An\u00edbal Maricevich est\u00e1 situado en el N\u00facleo 3 &#8211; Asentamiento, distrito de Arroyito, departamento de Concepci\u00f3n.\u00a0 A 10 Km de la ruta PY 05 Gral. Bernardino Caballero, calle 18, zona sur. Comenz\u00f3 a funcionar desde el a\u00f1o 1.991. En la comunidad. Es la Escuela Centro del \u00c1rea Educativa N\u00b0\" \/>\n<meta property=\"og:url\" content=\"https:\/\/www.feyalegria.org\/paraguay\/escuela-monsenor-anibal-maricevich\/\" \/>\n<meta property=\"og:site_name\" content=\"#SomosFeyAlegria en Paraguay\" \/>\n<meta property=\"article:modified_time\" content=\"2023-02-07T19:31:56+00:00\" \/>\n<meta name=\"twitter:card\" content=\"summary_large_image\" \/>\n<meta name=\"twitter:label1\" content=\"Tiempo de lectura\" \/>\n\t<meta name=\"twitter:data1\" content=\"3 minutos\" \/>\n<script type=\"application\/ld+json\" class=\"yoast-schema-graph\">{\"@context\":\"https:\/\/schema.org\",\"@graph\":[{\"@type\":\"WebPage\",\"@id\":\"https:\/\/www.feyalegria.org\/paraguay\/escuela-monsenor-anibal-maricevich\/\",\"url\":\"https:\/\/www.feyalegria.org\/paraguay\/escuela-monsenor-anibal-maricevich\/\",\"name\":\"Escuela Monse\u00f1or An\u00edbal Maricevich - #SomosFeyAlegria en Paraguay\",\"isPartOf\":{\"@id\":\"https:\/\/www.feyalegria.org\/paraguay\/#website\"},\"datePublished\":\"2022-10-24T18:26:19+00:00\",\"dateModified\":\"2023-02-07T19:31:56+00:00\",\"breadcrumb\":{\"@id\":\"https:\/\/www.feyalegria.org\/paraguay\/escuela-monsenor-anibal-maricevich\/#breadcrumb\"},\"inLanguage\":\"es\",\"potentialAction\":[{\"@type\":\"ReadAction\",\"target\":[\"https:\/\/www.feyalegria.org\/paraguay\/escuela-monsenor-anibal-maricevich\/\"]}]},{\"@type\":\"BreadcrumbList\",\"@id\":\"https:\/\/www.feyalegria.org\/paraguay\/escuela-monsenor-anibal-maricevich\/#breadcrumb\",\"itemListElement\":[{\"@type\":\"ListItem\",\"position\":1,\"name\":\"Home\",\"item\":\"https:\/\/www.feyalegria.org\/paraguay\/\"},{\"@type\":\"ListItem\",\"position\":2,\"name\":\"Escuela Monse\u00f1or An\u00edbal Maricevich\"}]},{\"@type\":\"WebSite\",\"@id\":\"https:\/\/www.feyalegria.org\/paraguay\/#website\",\"url\":\"https:\/\/www.feyalegria.org\/paraguay\/\",\"name\":\"#SomosFeyAlegria en Paraguay\",\"description\":\"Movimiento de Educaci\u00f3n Popular y Promoci\u00f3n Social\",\"potentialAction\":[{\"@type\":\"SearchAction\",\"target\":{\"@type\":\"EntryPoint\",\"urlTemplate\":\"https:\/\/www.feyalegria.org\/paraguay\/?s={search_term_string}\"},\"query-input\":{\"@type\":\"PropertyValueSpecification\",\"valueRequired\":true,\"valueName\":\"search_term_string\"}}],\"inLanguage\":\"es\"}]}<\/script>\n<!-- \/ Yoast SEO plugin. -->","yoast_head_json":{"title":"Escuela Monse\u00f1or An\u00edbal Maricevich - #SomosFeyAlegria en Paraguay","robots":{"index":"index","follow":"follow","max-snippet":"max-snippet:-1","max-image-preview":"max-image-preview:large","max-video-preview":"max-video-preview:-1"},"canonical":"https:\/\/www.feyalegria.org\/paraguay\/escuela-monsenor-anibal-maricevich\/","og_locale":"es_ES","og_type":"article","og_title":"Escuela Monse\u00f1or An\u00edbal Maricevich - #SomosFeyAlegria en Paraguay","og_description":"[vc_row][vc_column width=\u00bb5\/6&#8243;][\/vc_column][vc_column width=\u00bb1\/6&#8243;][\/vc_column][\/vc_row][vc_row][vc_column width=\u00bb2\/3&#8243;][vc_column_text]La Escuela Monse\u00f1or An\u00edbal Maricevich est\u00e1 situado en el N\u00facleo 3 &#8211; Asentamiento, distrito de Arroyito, departamento de Concepci\u00f3n.\u00a0 A 10 Km de la ruta PY 05 Gral. Bernardino Caballero, calle 18, zona sur. Comenz\u00f3 a funcionar desde el a\u00f1o 1.991. En la comunidad. Es la Escuela Centro del \u00c1rea Educativa N\u00b0","og_url":"https:\/\/www.feyalegria.org\/paraguay\/escuela-monsenor-anibal-maricevich\/","og_site_name":"#SomosFeyAlegria en Paraguay","article_modified_time":"2023-02-07T19:31:56+00:00","twitter_card":"summary_large_image","twitter_misc":{"Tiempo de lectura":"3 minutos"},"schema":{"@context":"https:\/\/schema.org","@graph":[{"@type":"WebPage","@id":"https:\/\/www.feyalegria.org\/paraguay\/escuela-monsenor-anibal-maricevich\/","url":"https:\/\/www.feyalegria.org\/paraguay\/escuela-monsenor-anibal-maricevich\/","name":"Escuela Monse\u00f1or An\u00edbal Maricevich - #SomosFeyAlegria en Paraguay","isPartOf":{"@id":"https:\/\/www.feyalegria.org\/paraguay\/#website"},"datePublished":"2022-10-24T18:26:19+00:00","dateModified":"2023-02-07T19:31:56+00:00","breadcrumb":{"@id":"https:\/\/www.feyalegria.org\/paraguay\/escuela-monsenor-anibal-maricevich\/#breadcrumb"},"inLanguage":"es","potentialAction":[{"@type":"ReadAction","target":["https:\/\/www.feyalegria.org\/paraguay\/escuela-monsenor-anibal-maricevich\/"]}]},{"@type":"BreadcrumbList","@id":"https:\/\/www.feyalegria.org\/paraguay\/escuela-monsenor-anibal-maricevich\/#breadcrumb","itemListElement":[{"@type":"ListItem","position":1,"name":"Home","item":"https:\/\/www.feyalegria.org\/paraguay\/"},{"@type":"ListItem","position":2,"name":"Escuela Monse\u00f1or An\u00edbal Maricevich"}]},{"@type":"WebSite","@id":"https:\/\/www.feyalegria.org\/paraguay\/#website","url":"https:\/\/www.feyalegria.org\/paraguay\/","name":"#SomosFeyAlegria en Paraguay","description":"Movimiento de Educaci\u00f3n Popular y Promoci\u00f3n Social","potentialAction":[{"@type":"SearchAction","target":{"@type":"EntryPoint","urlTemplate":"https:\/\/www.feyalegria.org\/paraguay\/?s={search_term_string}"},"query-input":{"@type":"PropertyValueSpecification","valueRequired":true,"valueName":"search_term_string"}}],"inLanguage":"es"}]}},"_links":{"self":[{"href":"https:\/\/www.feyalegria.org\/paraguay\/wp-json\/wp\/v2\/pages\/2346","targetHints":{"allow":["GET"]}}],"collection":[{"href":"https:\/\/www.feyalegria.org\/paraguay\/wp-json\/wp\/v2\/pages"}],"about":[{"href":"https:\/\/www.feyalegria.org\/paraguay\/wp-json\/wp\/v2\/types\/page"}],"author":[{"embeddable":true,"href":"https:\/\/www.feyalegria.org\/paraguay\/wp-json\/wp\/v2\/users\/2"}],"replies":[{"embeddable":true,"href":"https:\/\/www.feyalegria.org\/paraguay\/wp-json\/wp\/v2\/comments?post=2346"}],"version-history":[{"count":0,"href":"https:\/\/www.feyalegria.org\/paraguay\/wp-json\/wp\/v2\/pages\/2346\/revisions"}],"wp:attachment":[{"href":"https:\/\/www.feyalegria.org\/paraguay\/wp-json\/wp\/v2\/media?parent=2346"}],"wp:term":[{"taxonomy":"folder","embeddable":true,"href":"https:\/\/www.feyalegria.org\/paraguay\/wp-json\/wp\/v2\/folder?post=2346"}],"curies":[{"name":"wp","href":"https:\/\/api.w.org\/{rel}","templated":true}]}}