 {"id":2360,"date":"2022-10-24T14:19:57","date_gmt":"2022-10-24T19:19:57","guid":{"rendered":"https:\/\/www.feyalegria.org\/paraguay\/?page_id=2360"},"modified":"2023-02-07T15:02:52","modified_gmt":"2023-02-07T20:02:52","slug":"escuela-santa-lucia-de-fe-y-alegria","status":"publish","type":"page","link":"https:\/\/www.feyalegria.org\/paraguay\/escuela-santa-lucia-de-fe-y-alegria\/","title":{"rendered":"Escuela Santa Luc\u00eda de Fe y Alegr\u00eda"},"content":{"rendered":"<div class=\"wpb-content-wrapper\"><p>[vc_row][vc_column width=\u00bb5\/6&#8243;]<div style=\"background-color:;height: 50px\" class=\"nicdark_section  \"><\/div>[\/vc_column][vc_column width=\u00bb1\/6&#8243;]<a href=\"https:\/\/www.feyalegria.org\/paraguay\/centros-educativos\/\" title=\"Centros educativos\"  data-id=\"mpc_button-269d6aa27c5ebf\" class=\"mpc-button mpc-init mpc-transition mpc-typography--default \" ><div class=\"mpc-button__content mpc-effect-type--stay mpc-effect-side--left\"><i class=\"mpc-button__icon mpc-transition  mi mi-pin_drop\"><\/i><span class=\"mpc-button__title mpc-transition\">Volver al mapa<\/span><\/div><div class=\"mpc-button__background mpc-transition mpc-effect-type--fade mpc-effect-side--in\"><\/div><\/a>[\/vc_column][\/vc_row][vc_row][vc_column width=\u00bb2\/3&#8243;][vc_column_text]Empez\u00f3 a funcionar desde el mes de julio en el a\u00f1o\u00a0 1993 con el nombre de Escuela B\u00e1sica N\u00b03261 Priv. Subv. Santa Luc\u00eda, debido al nombre del Santo Patrono de dicha comunidad. Ya que es necesidad estudiar en la vida y la enorme distancia de la siguiente escuela, los padres de familias se sintieron comprometidos a la creaci\u00f3n de una escuela en el lugar, para que los ni\u00f1os\/as posean\u00a0 su otra casa que es la escuela, que fue hecha con pared de madera y techo con chapa de sterni;\u00a0 sus primeros fundadores fueron: Nelson Romero, Arsenio Romero y como directora la Hermana Ang\u00e9lica Urbieta.<br \/>\nLa infraestructura y los muebles fueron muy precarios ya que eran construidos por los padres de familias y\u00a0 la comunidad.<br \/>\nActualmente la escuela cuenta con\u00a0 7 aulas para la ense\u00f1anza pedag\u00f3gica y una direcci\u00f3n, materiales con galer\u00edas, cuatro ba\u00f1os higi\u00e9nicos diferenciados, agua corriente propiamente de la escuela y un amplio patio. Tiene un total de 151 alumnos que acuden desde el Jard\u00edn de Infante hasta el sexto grado con 5\u00a0 docentes; en el tercer ciclo 8 docentes, 4 Ingenieros Agr\u00f3nomos y un Encargado de Despacho.<br \/>\nLos ni\u00f1os\u00a0 llegan f\u00e1cilmente a la escuela ya que\u00a0 viven cerca de la instituci\u00f3n mientras que la mayor\u00eda de los docentes son locales y algunos si viajan lejos para llegar a la instituci\u00f3n<br \/>\nEl clima del centro es muy acogedor y afectivo; se trabaja bien, en forma coordinada y por lo cual hay una buena comunicaci\u00f3n entre los miembros, cosa que facilita la tarea educativa dentro de la instituci\u00f3n,\u00a0 los docentes se comunican constantemente durante el receso, en horas libres, en reuniones y espacios destinados para las tomas de decisiones.<br \/>\nEl sistema de comunicaci\u00f3n con los padres de familia son mediante las reuniones, asambleas, reuniones por grados, reuni\u00f3n\u00a0 de ACE y otros.<br \/>\nLas familias del asentamiento que cuyos hijos\u00a0 asisten a la escuela son de escasos recursos socio-econ\u00f3micos ya que\u00a0 la comunidad est\u00e1 en constante movimiento de los pobladores (migraci\u00f3n).<\/p>\n<h5 style=\"text-align: left;\"><strong><span style=\"color: #aa0f16;\">Contactos<\/span><\/strong><\/h5>\n<p><strong>Director<\/strong>: Enrique Zorrilla.<br \/>\n<strong>Tel\u00e9fono<\/strong>: +595976574578[\/vc_column_text][\/vc_column][vc_column width=\u00bb1\/3&#8243;][vc_gmaps link=\u00bb#E-8_JTNDaWZyYW1lJTIwc3JjJTNEJTIyaHR0cHMlM0ElMkYlMkZ3d3cuZ29vZ2xlLmNvbSUyRm1hcHMlMkZlbWJlZCUzRnBiJTNEJTIxMW0xNCUyMTFtOCUyMTFtMyUyMTFkNzE1My4zNjY3MzEyNDMyODElMjEyZC01Ni4xODA0MTEzJTIxM2QtMjQuMDYyOTk2NSUyMTNtMiUyMTFpMTAyNCUyMTJpNzY4JTIxNGYxMy4xJTIxM20zJTIxMW0yJTIxMXMweDk0NjA1ZmE0NzZlYTYyM2IlMjUzQTB4OWE3OWY1OTMwNjJkODg4ZCUyMTJzRXNjdWVsYSUyNTIwQiUyNUMzJTI1QTFzaWNhJTI1MjBOJTI1QzIlMjVCQSUyNTIwMzI2MSUyNTIwU2FudGElMjUyMEx1YyUyNUMzJTI1QURhJTI1MjBkZSUyNTIwRmUlMjUyMHklMjUyMEFsZWdyJTI1QzMlMjVBRGElMjE1ZTElMjEzbTIlMjExc2VzLTQxOSUyMTJzcHklMjE0djE2NjY2Mzg4MjMyMzMlMjE1bTIlMjExc2VzLTQxOSUyMTJzcHklMjIlMjAlMjB3aWR0aCUzRCUyMjYwMCUyMiUyMGhlaWdodCUzRCUyMjQ1MCUyMiUyMGZyYW1lYm9yZGVyJTNEJTIyMCUyMiUyMHN0eWxlJTNEJTIyYm9yZGVyJTNBMCUzQiUyMiUyMGFsbG93ZnVsbHNjcmVlbiUzRCUyMiUyMiUyMGFyaWEtaGlkZGVuJTNEJTIyZmFsc2UlMjIlMjB0YWJpbmRleCUzRCUyMjAlMjIlM0UlM0MlMkZpZnJhbWUlM0U=\u00bb][\/vc_column][\/vc_row][vc_row][vc_column width=\u00bb1\/4&#8243;][vc_single_image image=\u00bb8550&#8243; img_size=\u00bbmedium\u00bb alignment=\u00bbcenter\u00bb onclick=\u00bbimg_link_large\u00bb][\/vc_column][vc_column width=\u00bb1\/4&#8243;][vc_single_image image=\u00bb9004&#8243; img_size=\u00bbmedium\u00bb alignment=\u00bbcenter\u00bb onclick=\u00bbimg_link_large\u00bb][\/vc_column][vc_column width=\u00bb1\/4&#8243;][vc_single_image image=\u00bb8416&#8243; img_size=\u00bbmedium\u00bb][\/vc_column][vc_column width=\u00bb1\/4&#8243;][vc_single_image image=\u00bb8505&#8243; img_size=\u00bbmedium\u00bb][\/vc_column][\/vc_row]<\/p>\n<\/div>","protected":false},"excerpt":{"rendered":"<p>[vc_row][vc_column width=\u00bb5\/6&#8243;][\/vc_column][vc_column width=\u00bb1\/6&#8243;][\/vc_column][\/vc_row][vc_row][vc_column width=\u00bb2\/3&#8243;][vc_column_text]Empez\u00f3 a funcionar desde el mes de julio en el a\u00f1o\u00a0 1993 con el nombre de Escuela B\u00e1sica N\u00b03261 Priv. Subv. Santa Luc\u00eda, debido al nombre del Santo Patrono de dicha comunidad. Ya que es necesidad estudiar en la vida y la enorme distancia de la siguiente escuela, los padres de familias<\/p>\n","protected":false},"author":2,"featured_media":0,"parent":0,"menu_order":0,"comment_status":"closed","ping_status":"closed","template":"","meta":{"_acf_changed":false,"footnotes":""},"folder":[],"class_list":["post-2360","page","type-page","status-publish","hentry"],"acf":[],"yoast_head":"<!-- This site is optimized with the Yoast SEO plugin v27.2 - https:\/\/yoast.com\/product\/yoast-seo-wordpress\/ -->\n<title>Escuela Santa Luc\u00eda de Fe y Alegr\u00eda - #SomosFeyAlegria en Paraguay<\/title>\n<meta name=\"robots\" content=\"index, follow, max-snippet:-1, max-image-preview:large, max-video-preview:-1\" \/>\n<link rel=\"canonical\" href=\"https:\/\/www.feyalegria.org\/paraguay\/escuela-santa-lucia-de-fe-y-alegria\/\" \/>\n<meta property=\"og:locale\" content=\"es_ES\" \/>\n<meta property=\"og:type\" content=\"article\" \/>\n<meta property=\"og:title\" content=\"Escuela Santa Luc\u00eda de Fe y Alegr\u00eda - #SomosFeyAlegria en Paraguay\" \/>\n<meta property=\"og:description\" content=\"[vc_row][vc_column width=\u00bb5\/6&#8243;][\/vc_column][vc_column width=\u00bb1\/6&#8243;][\/vc_column][\/vc_row][vc_row][vc_column width=\u00bb2\/3&#8243;][vc_column_text]Empez\u00f3 a funcionar desde el mes de julio en el a\u00f1o\u00a0 1993 con el nombre de Escuela B\u00e1sica N\u00b03261 Priv. Subv. Santa Luc\u00eda, debido al nombre del Santo Patrono de dicha comunidad. Ya que es necesidad estudiar en la vida y la enorme distancia de la siguiente escuela, los padres de familias\" \/>\n<meta property=\"og:url\" content=\"https:\/\/www.feyalegria.org\/paraguay\/escuela-santa-lucia-de-fe-y-alegria\/\" \/>\n<meta property=\"og:site_name\" content=\"#SomosFeyAlegria en Paraguay\" \/>\n<meta property=\"article:modified_time\" content=\"2023-02-07T20:02:52+00:00\" \/>\n<meta name=\"twitter:card\" content=\"summary_large_image\" \/>\n<meta name=\"twitter:label1\" content=\"Tiempo de lectura\" \/>\n\t<meta name=\"twitter:data1\" content=\"3 minutos\" \/>\n<script type=\"application\/ld+json\" class=\"yoast-schema-graph\">{\"@context\":\"https:\/\/schema.org\",\"@graph\":[{\"@type\":\"WebPage\",\"@id\":\"https:\/\/www.feyalegria.org\/paraguay\/escuela-santa-lucia-de-fe-y-alegria\/\",\"url\":\"https:\/\/www.feyalegria.org\/paraguay\/escuela-santa-lucia-de-fe-y-alegria\/\",\"name\":\"Escuela Santa Luc\u00eda de Fe y Alegr\u00eda - #SomosFeyAlegria en Paraguay\",\"isPartOf\":{\"@id\":\"https:\/\/www.feyalegria.org\/paraguay\/#website\"},\"datePublished\":\"2022-10-24T19:19:57+00:00\",\"dateModified\":\"2023-02-07T20:02:52+00:00\",\"breadcrumb\":{\"@id\":\"https:\/\/www.feyalegria.org\/paraguay\/escuela-santa-lucia-de-fe-y-alegria\/#breadcrumb\"},\"inLanguage\":\"es\",\"potentialAction\":[{\"@type\":\"ReadAction\",\"target\":[\"https:\/\/www.feyalegria.org\/paraguay\/escuela-santa-lucia-de-fe-y-alegria\/\"]}]},{\"@type\":\"BreadcrumbList\",\"@id\":\"https:\/\/www.feyalegria.org\/paraguay\/escuela-santa-lucia-de-fe-y-alegria\/#breadcrumb\",\"itemListElement\":[{\"@type\":\"ListItem\",\"position\":1,\"name\":\"Home\",\"item\":\"https:\/\/www.feyalegria.org\/paraguay\/\"},{\"@type\":\"ListItem\",\"position\":2,\"name\":\"Escuela Santa Luc\u00eda de Fe y Alegr\u00eda\"}]},{\"@type\":\"WebSite\",\"@id\":\"https:\/\/www.feyalegria.org\/paraguay\/#website\",\"url\":\"https:\/\/www.feyalegria.org\/paraguay\/\",\"name\":\"#SomosFeyAlegria en Paraguay\",\"description\":\"Movimiento de Educaci\u00f3n Popular y Promoci\u00f3n Social\",\"potentialAction\":[{\"@type\":\"SearchAction\",\"target\":{\"@type\":\"EntryPoint\",\"urlTemplate\":\"https:\/\/www.feyalegria.org\/paraguay\/?s={search_term_string}\"},\"query-input\":{\"@type\":\"PropertyValueSpecification\",\"valueRequired\":true,\"valueName\":\"search_term_string\"}}],\"inLanguage\":\"es\"}]}<\/script>\n<!-- \/ Yoast SEO plugin. -->","yoast_head_json":{"title":"Escuela Santa Luc\u00eda de Fe y Alegr\u00eda - #SomosFeyAlegria en Paraguay","robots":{"index":"index","follow":"follow","max-snippet":"max-snippet:-1","max-image-preview":"max-image-preview:large","max-video-preview":"max-video-preview:-1"},"canonical":"https:\/\/www.feyalegria.org\/paraguay\/escuela-santa-lucia-de-fe-y-alegria\/","og_locale":"es_ES","og_type":"article","og_title":"Escuela Santa Luc\u00eda de Fe y Alegr\u00eda - #SomosFeyAlegria en Paraguay","og_description":"[vc_row][vc_column width=\u00bb5\/6&#8243;][\/vc_column][vc_column width=\u00bb1\/6&#8243;][\/vc_column][\/vc_row][vc_row][vc_column width=\u00bb2\/3&#8243;][vc_column_text]Empez\u00f3 a funcionar desde el mes de julio en el a\u00f1o\u00a0 1993 con el nombre de Escuela B\u00e1sica N\u00b03261 Priv. Subv. Santa Luc\u00eda, debido al nombre del Santo Patrono de dicha comunidad. Ya que es necesidad estudiar en la vida y la enorme distancia de la siguiente escuela, los padres de familias","og_url":"https:\/\/www.feyalegria.org\/paraguay\/escuela-santa-lucia-de-fe-y-alegria\/","og_site_name":"#SomosFeyAlegria en Paraguay","article_modified_time":"2023-02-07T20:02:52+00:00","twitter_card":"summary_large_image","twitter_misc":{"Tiempo de lectura":"3 minutos"},"schema":{"@context":"https:\/\/schema.org","@graph":[{"@type":"WebPage","@id":"https:\/\/www.feyalegria.org\/paraguay\/escuela-santa-lucia-de-fe-y-alegria\/","url":"https:\/\/www.feyalegria.org\/paraguay\/escuela-santa-lucia-de-fe-y-alegria\/","name":"Escuela Santa Luc\u00eda de Fe y Alegr\u00eda - #SomosFeyAlegria en Paraguay","isPartOf":{"@id":"https:\/\/www.feyalegria.org\/paraguay\/#website"},"datePublished":"2022-10-24T19:19:57+00:00","dateModified":"2023-02-07T20:02:52+00:00","breadcrumb":{"@id":"https:\/\/www.feyalegria.org\/paraguay\/escuela-santa-lucia-de-fe-y-alegria\/#breadcrumb"},"inLanguage":"es","potentialAction":[{"@type":"ReadAction","target":["https:\/\/www.feyalegria.org\/paraguay\/escuela-santa-lucia-de-fe-y-alegria\/"]}]},{"@type":"BreadcrumbList","@id":"https:\/\/www.feyalegria.org\/paraguay\/escuela-santa-lucia-de-fe-y-alegria\/#breadcrumb","itemListElement":[{"@type":"ListItem","position":1,"name":"Home","item":"https:\/\/www.feyalegria.org\/paraguay\/"},{"@type":"ListItem","position":2,"name":"Escuela Santa Luc\u00eda de Fe y Alegr\u00eda"}]},{"@type":"WebSite","@id":"https:\/\/www.feyalegria.org\/paraguay\/#website","url":"https:\/\/www.feyalegria.org\/paraguay\/","name":"#SomosFeyAlegria en Paraguay","description":"Movimiento de Educaci\u00f3n Popular y Promoci\u00f3n Social","potentialAction":[{"@type":"SearchAction","target":{"@type":"EntryPoint","urlTemplate":"https:\/\/www.feyalegria.org\/paraguay\/?s={search_term_string}"},"query-input":{"@type":"PropertyValueSpecification","valueRequired":true,"valueName":"search_term_string"}}],"inLanguage":"es"}]}},"_links":{"self":[{"href":"https:\/\/www.feyalegria.org\/paraguay\/wp-json\/wp\/v2\/pages\/2360","targetHints":{"allow":["GET"]}}],"collection":[{"href":"https:\/\/www.feyalegria.org\/paraguay\/wp-json\/wp\/v2\/pages"}],"about":[{"href":"https:\/\/www.feyalegria.org\/paraguay\/wp-json\/wp\/v2\/types\/page"}],"author":[{"embeddable":true,"href":"https:\/\/www.feyalegria.org\/paraguay\/wp-json\/wp\/v2\/users\/2"}],"replies":[{"embeddable":true,"href":"https:\/\/www.feyalegria.org\/paraguay\/wp-json\/wp\/v2\/comments?post=2360"}],"version-history":[{"count":0,"href":"https:\/\/www.feyalegria.org\/paraguay\/wp-json\/wp\/v2\/pages\/2360\/revisions"}],"wp:attachment":[{"href":"https:\/\/www.feyalegria.org\/paraguay\/wp-json\/wp\/v2\/media?parent=2360"}],"wp:term":[{"taxonomy":"folder","embeddable":true,"href":"https:\/\/www.feyalegria.org\/paraguay\/wp-json\/wp\/v2\/folder?post=2360"}],"curies":[{"name":"wp","href":"https:\/\/api.w.org\/{rel}","templated":true}]}}