 {"id":2373,"date":"2022-10-24T14:44:15","date_gmt":"2022-10-24T19:44:15","guid":{"rendered":"https:\/\/www.feyalegria.org\/paraguay\/?page_id=2373"},"modified":"2023-02-07T14:55:27","modified_gmt":"2023-02-07T19:55:27","slug":"colegio-tecnico-agropecuario-kamba-rembe","status":"publish","type":"page","link":"https:\/\/www.feyalegria.org\/paraguay\/colegio-tecnico-agropecuario-kamba-rembe\/","title":{"rendered":"Colegio T\u00e9cnico Agropecuario Kamba Rembe"},"content":{"rendered":"<div class=\"wpb-content-wrapper\"><p>[vc_row][vc_column width=\u00bb5\/6&#8243;]<div style=\"background-color:;height: 50px\" class=\"nicdark_section  \"><\/div>[\/vc_column][vc_column width=\u00bb1\/6&#8243;]<a href=\"https:\/\/www.feyalegria.org\/paraguay\/centros-educativos\/\" title=\"Centros educativos\"  data-id=\"mpc_button-7869d6a972e054f\" class=\"mpc-button mpc-init mpc-transition mpc-typography--default \" ><div class=\"mpc-button__content mpc-effect-type--stay mpc-effect-side--left\"><i class=\"mpc-button__icon mpc-transition  mi mi-pin_drop\"><\/i><span class=\"mpc-button__title mpc-transition\">Volver al mapa<\/span><\/div><div class=\"mpc-button__background mpc-transition mpc-effect-type--fade mpc-effect-side--in\"><\/div><\/a>[\/vc_column][\/vc_row][vc_row][vc_column width=\u00bb2\/3&#8243;][vc_column_text]El centro educativo \u201cKamba Rembe\u201d inici\u00f3 sus actividades en el a\u00f1o 1993 con la habilitaci\u00f3n de la Escuela Santa Luc\u00eda iniciando las clases con alumnos del primer ciclo de E.E.B., a partir del a\u00f1o 1.998 se habilit\u00f3 en el mismo predio el Centro de Capacitaci\u00f3n \u201cKOE PYAHU\u201d con la modalidad de Pr\u00e1ctico Agr\u00edcola que luego se concretiz\u00f3 en Pr\u00e1ctico Rural. En el 2.008 a pedido de los padres de familias de la zona se habilit\u00f3 el Colegio T\u00e9cnico \u201cKamba Rembe\u201d con la modalidad de Bachiller T\u00e9cnico Agropecuario recibi\u00e9ndose la primera promoci\u00f3n de BTA en 2.010.<br \/>\nActualmente est\u00e1n habilitadas desde el nivel de jard\u00edn hasta el tercer ciclo IPA en la Escuela B\u00e1sica Santa Luc\u00eda y la modalidad BTA en el Colegio T\u00e9cnico \u201cKamba Rembe\u201d, que en el presente a\u00f1o egresar\u00e1 la 12\u00b0 promoci\u00f3n de BTA.<\/p>\n<h5 style=\"text-align: left;\"><strong><span style=\"color: #aa0f16;\">Contactos<\/span><\/strong><\/h5>\n<p><strong>Directora<\/strong>: Ing. Patricio Mart\u00ednez<br \/>\n<strong>Tel\u00e9fono<\/strong>: +595985214638[\/vc_column_text][\/vc_column][vc_column width=\u00bb1\/3&#8243;][vc_gmaps link=\u00bb#E-8_JTNDaWZyYW1lJTIwc3JjJTNEJTIyaHR0cHMlM0ElMkYlMkZ3d3cuZ29vZ2xlLmNvbSUyRm1hcHMlMkZlbWJlZCUzRnBiJTNEJTIxMW0xNCUyMTFtOCUyMTFtMyUyMTFkMTc4OC4zMjA2ODkwNDk1NDY3JTIxMmQtNTYuMTc3MjgwNCUyMTNkLTI0LjA2NDUwMjclMjEzbTIlMjExaTEwMjQlMjEyaTc2OCUyMTRmMTMuMSUyMTNtMyUyMTFtMiUyMTFzMHg5NDYwNWZhM2YyNTE0ZDliJTI1M0EweDI5NTVjYmEyMWVkNjlmYTAlMjEyc0NvbGVnaW8lMjUyMFRlY25pY28lMjUyMEFncm9wZWN1YXJpbyUyNTIwS2FtYmFyZW1iZSUyMTVlMSUyMTNtMiUyMTFzZXMtNDE5JTIxMnNweSUyMTR2MTY2NjY0MDU3MDQyNyUyMTVtMiUyMTFzZXMtNDE5JTIxMnNweSUyMiUyMCUyMHdpZHRoJTNEJTIyNjAwJTIyJTIwaGVpZ2h0JTNEJTIyNDUwJTIyJTIwZnJhbWVib3JkZXIlM0QlMjIwJTIyJTIwc3R5bGUlM0QlMjJib3JkZXIlM0EwJTNCJTIyJTIwYWxsb3dmdWxsc2NyZWVuJTNEJTIyJTIyJTIwYXJpYS1oaWRkZW4lM0QlMjJmYWxzZSUyMiUyMHRhYmluZGV4JTNEJTIyMCUyMiUzRSUzQyUyRmlmcmFtZSUzRQ==\u00bb][\/vc_column][\/vc_row][vc_row][vc_column width=\u00bb1\/4&#8243;][vc_single_image image=\u00bb8461&#8243; img_size=\u00bbmedium\u00bb alignment=\u00bbcenter\u00bb onclick=\u00bbimg_link_large\u00bb][\/vc_column][vc_column width=\u00bb1\/4&#8243;][vc_single_image image=\u00bb8507&#8243; img_size=\u00bbmedium\u00bb alignment=\u00bbcenter\u00bb onclick=\u00bbimg_link_large\u00bb][\/vc_column][vc_column width=\u00bb1\/4&#8243;][vc_single_image image=\u00bb8418&#8243; img_size=\u00bbmedium\u00bb][\/vc_column][vc_column width=\u00bb1\/4&#8243;][vc_single_image image=\u00bb8552&#8243; img_size=\u00bbmedium\u00bb][\/vc_column][\/vc_row]<\/p>\n<\/div>","protected":false},"excerpt":{"rendered":"<p>[vc_row][vc_column width=\u00bb5\/6&#8243;][\/vc_column][vc_column width=\u00bb1\/6&#8243;][\/vc_column][\/vc_row][vc_row][vc_column width=\u00bb2\/3&#8243;][vc_column_text]El centro educativo \u201cKamba Rembe\u201d inici\u00f3 sus actividades en el a\u00f1o 1993 con la habilitaci\u00f3n de la Escuela Santa Luc\u00eda iniciando las clases con alumnos del primer ciclo de E.E.B., a partir del a\u00f1o 1.998 se habilit\u00f3 en el mismo predio el Centro de Capacitaci\u00f3n \u201cKOE PYAHU\u201d con la modalidad de Pr\u00e1ctico<\/p>\n","protected":false},"author":2,"featured_media":0,"parent":0,"menu_order":0,"comment_status":"closed","ping_status":"closed","template":"","meta":{"_acf_changed":false,"footnotes":""},"folder":[],"class_list":["post-2373","page","type-page","status-publish","hentry"],"acf":[],"yoast_head":"<!-- This site is optimized with the Yoast SEO plugin v27.2 - https:\/\/yoast.com\/product\/yoast-seo-wordpress\/ -->\n<title>Colegio T\u00e9cnico Agropecuario Kamba Rembe - #SomosFeyAlegria en Paraguay<\/title>\n<meta name=\"robots\" content=\"index, follow, max-snippet:-1, max-image-preview:large, max-video-preview:-1\" \/>\n<link rel=\"canonical\" href=\"https:\/\/www.feyalegria.org\/paraguay\/colegio-tecnico-agropecuario-kamba-rembe\/\" \/>\n<meta property=\"og:locale\" content=\"es_ES\" \/>\n<meta property=\"og:type\" content=\"article\" \/>\n<meta property=\"og:title\" content=\"Colegio T\u00e9cnico Agropecuario Kamba Rembe - #SomosFeyAlegria en Paraguay\" \/>\n<meta property=\"og:description\" content=\"[vc_row][vc_column width=\u00bb5\/6&#8243;][\/vc_column][vc_column width=\u00bb1\/6&#8243;][\/vc_column][\/vc_row][vc_row][vc_column width=\u00bb2\/3&#8243;][vc_column_text]El centro educativo \u201cKamba Rembe\u201d inici\u00f3 sus actividades en el a\u00f1o 1993 con la habilitaci\u00f3n de la Escuela Santa Luc\u00eda iniciando las clases con alumnos del primer ciclo de E.E.B., a partir del a\u00f1o 1.998 se habilit\u00f3 en el mismo predio el Centro de Capacitaci\u00f3n \u201cKOE PYAHU\u201d con la modalidad de Pr\u00e1ctico\" \/>\n<meta property=\"og:url\" content=\"https:\/\/www.feyalegria.org\/paraguay\/colegio-tecnico-agropecuario-kamba-rembe\/\" \/>\n<meta property=\"og:site_name\" content=\"#SomosFeyAlegria en Paraguay\" \/>\n<meta property=\"article:modified_time\" content=\"2023-02-07T19:55:27+00:00\" \/>\n<meta name=\"twitter:card\" content=\"summary_large_image\" \/>\n<meta name=\"twitter:label1\" content=\"Tiempo de lectura\" \/>\n\t<meta name=\"twitter:data1\" content=\"2 minutos\" \/>\n<script type=\"application\/ld+json\" class=\"yoast-schema-graph\">{\"@context\":\"https:\/\/schema.org\",\"@graph\":[{\"@type\":\"WebPage\",\"@id\":\"https:\/\/www.feyalegria.org\/paraguay\/colegio-tecnico-agropecuario-kamba-rembe\/\",\"url\":\"https:\/\/www.feyalegria.org\/paraguay\/colegio-tecnico-agropecuario-kamba-rembe\/\",\"name\":\"Colegio T\u00e9cnico Agropecuario Kamba Rembe - #SomosFeyAlegria en Paraguay\",\"isPartOf\":{\"@id\":\"https:\/\/www.feyalegria.org\/paraguay\/#website\"},\"datePublished\":\"2022-10-24T19:44:15+00:00\",\"dateModified\":\"2023-02-07T19:55:27+00:00\",\"breadcrumb\":{\"@id\":\"https:\/\/www.feyalegria.org\/paraguay\/colegio-tecnico-agropecuario-kamba-rembe\/#breadcrumb\"},\"inLanguage\":\"es\",\"potentialAction\":[{\"@type\":\"ReadAction\",\"target\":[\"https:\/\/www.feyalegria.org\/paraguay\/colegio-tecnico-agropecuario-kamba-rembe\/\"]}]},{\"@type\":\"BreadcrumbList\",\"@id\":\"https:\/\/www.feyalegria.org\/paraguay\/colegio-tecnico-agropecuario-kamba-rembe\/#breadcrumb\",\"itemListElement\":[{\"@type\":\"ListItem\",\"position\":1,\"name\":\"Home\",\"item\":\"https:\/\/www.feyalegria.org\/paraguay\/\"},{\"@type\":\"ListItem\",\"position\":2,\"name\":\"Colegio T\u00e9cnico Agropecuario Kamba Rembe\"}]},{\"@type\":\"WebSite\",\"@id\":\"https:\/\/www.feyalegria.org\/paraguay\/#website\",\"url\":\"https:\/\/www.feyalegria.org\/paraguay\/\",\"name\":\"#SomosFeyAlegria en Paraguay\",\"description\":\"Movimiento de Educaci\u00f3n Popular y Promoci\u00f3n Social\",\"potentialAction\":[{\"@type\":\"SearchAction\",\"target\":{\"@type\":\"EntryPoint\",\"urlTemplate\":\"https:\/\/www.feyalegria.org\/paraguay\/?s={search_term_string}\"},\"query-input\":{\"@type\":\"PropertyValueSpecification\",\"valueRequired\":true,\"valueName\":\"search_term_string\"}}],\"inLanguage\":\"es\"}]}<\/script>\n<!-- \/ Yoast SEO plugin. -->","yoast_head_json":{"title":"Colegio T\u00e9cnico Agropecuario Kamba Rembe - #SomosFeyAlegria en Paraguay","robots":{"index":"index","follow":"follow","max-snippet":"max-snippet:-1","max-image-preview":"max-image-preview:large","max-video-preview":"max-video-preview:-1"},"canonical":"https:\/\/www.feyalegria.org\/paraguay\/colegio-tecnico-agropecuario-kamba-rembe\/","og_locale":"es_ES","og_type":"article","og_title":"Colegio T\u00e9cnico Agropecuario Kamba Rembe - #SomosFeyAlegria en Paraguay","og_description":"[vc_row][vc_column width=\u00bb5\/6&#8243;][\/vc_column][vc_column width=\u00bb1\/6&#8243;][\/vc_column][\/vc_row][vc_row][vc_column width=\u00bb2\/3&#8243;][vc_column_text]El centro educativo \u201cKamba Rembe\u201d inici\u00f3 sus actividades en el a\u00f1o 1993 con la habilitaci\u00f3n de la Escuela Santa Luc\u00eda iniciando las clases con alumnos del primer ciclo de E.E.B., a partir del a\u00f1o 1.998 se habilit\u00f3 en el mismo predio el Centro de Capacitaci\u00f3n \u201cKOE PYAHU\u201d con la modalidad de Pr\u00e1ctico","og_url":"https:\/\/www.feyalegria.org\/paraguay\/colegio-tecnico-agropecuario-kamba-rembe\/","og_site_name":"#SomosFeyAlegria en Paraguay","article_modified_time":"2023-02-07T19:55:27+00:00","twitter_card":"summary_large_image","twitter_misc":{"Tiempo de lectura":"2 minutos"},"schema":{"@context":"https:\/\/schema.org","@graph":[{"@type":"WebPage","@id":"https:\/\/www.feyalegria.org\/paraguay\/colegio-tecnico-agropecuario-kamba-rembe\/","url":"https:\/\/www.feyalegria.org\/paraguay\/colegio-tecnico-agropecuario-kamba-rembe\/","name":"Colegio T\u00e9cnico Agropecuario Kamba Rembe - #SomosFeyAlegria en Paraguay","isPartOf":{"@id":"https:\/\/www.feyalegria.org\/paraguay\/#website"},"datePublished":"2022-10-24T19:44:15+00:00","dateModified":"2023-02-07T19:55:27+00:00","breadcrumb":{"@id":"https:\/\/www.feyalegria.org\/paraguay\/colegio-tecnico-agropecuario-kamba-rembe\/#breadcrumb"},"inLanguage":"es","potentialAction":[{"@type":"ReadAction","target":["https:\/\/www.feyalegria.org\/paraguay\/colegio-tecnico-agropecuario-kamba-rembe\/"]}]},{"@type":"BreadcrumbList","@id":"https:\/\/www.feyalegria.org\/paraguay\/colegio-tecnico-agropecuario-kamba-rembe\/#breadcrumb","itemListElement":[{"@type":"ListItem","position":1,"name":"Home","item":"https:\/\/www.feyalegria.org\/paraguay\/"},{"@type":"ListItem","position":2,"name":"Colegio T\u00e9cnico Agropecuario Kamba Rembe"}]},{"@type":"WebSite","@id":"https:\/\/www.feyalegria.org\/paraguay\/#website","url":"https:\/\/www.feyalegria.org\/paraguay\/","name":"#SomosFeyAlegria en Paraguay","description":"Movimiento de Educaci\u00f3n Popular y Promoci\u00f3n Social","potentialAction":[{"@type":"SearchAction","target":{"@type":"EntryPoint","urlTemplate":"https:\/\/www.feyalegria.org\/paraguay\/?s={search_term_string}"},"query-input":{"@type":"PropertyValueSpecification","valueRequired":true,"valueName":"search_term_string"}}],"inLanguage":"es"}]}},"_links":{"self":[{"href":"https:\/\/www.feyalegria.org\/paraguay\/wp-json\/wp\/v2\/pages\/2373","targetHints":{"allow":["GET"]}}],"collection":[{"href":"https:\/\/www.feyalegria.org\/paraguay\/wp-json\/wp\/v2\/pages"}],"about":[{"href":"https:\/\/www.feyalegria.org\/paraguay\/wp-json\/wp\/v2\/types\/page"}],"author":[{"embeddable":true,"href":"https:\/\/www.feyalegria.org\/paraguay\/wp-json\/wp\/v2\/users\/2"}],"replies":[{"embeddable":true,"href":"https:\/\/www.feyalegria.org\/paraguay\/wp-json\/wp\/v2\/comments?post=2373"}],"version-history":[{"count":0,"href":"https:\/\/www.feyalegria.org\/paraguay\/wp-json\/wp\/v2\/pages\/2373\/revisions"}],"wp:attachment":[{"href":"https:\/\/www.feyalegria.org\/paraguay\/wp-json\/wp\/v2\/media?parent=2373"}],"wp:term":[{"taxonomy":"folder","embeddable":true,"href":"https:\/\/www.feyalegria.org\/paraguay\/wp-json\/wp\/v2\/folder?post=2373"}],"curies":[{"name":"wp","href":"https:\/\/api.w.org\/{rel}","templated":true}]}}