 {"id":2387,"date":"2022-10-24T15:01:40","date_gmt":"2022-10-24T20:01:40","guid":{"rendered":"https:\/\/www.feyalegria.org\/paraguay\/?page_id=2387"},"modified":"2023-02-07T15:10:30","modified_gmt":"2023-02-07T20:10:30","slug":"escuela-san-ramon","status":"publish","type":"page","link":"https:\/\/www.feyalegria.org\/paraguay\/escuela-san-ramon\/","title":{"rendered":"Escuela San Ram\u00f3n"},"content":{"rendered":"<div class=\"wpb-content-wrapper\"><p>[vc_row][vc_column width=\u00bb5\/6&#8243;]<div style=\"background-color:;height: 50px\" class=\"nicdark_section  \"><\/div>[\/vc_column][vc_column width=\u00bb1\/6&#8243;]<a href=\"https:\/\/www.feyalegria.org\/paraguay\/centros-educativos\/\" title=\"Centros educativos\"  data-id=\"mpc_button-369d6a9c10673b\" class=\"mpc-button mpc-init mpc-transition mpc-typography--default \" ><div class=\"mpc-button__content mpc-effect-type--stay mpc-effect-side--left\"><i class=\"mpc-button__icon mpc-transition  mi mi-pin_drop\"><\/i><span class=\"mpc-button__title mpc-transition\">Volver al mapa<\/span><\/div><div class=\"mpc-button__background mpc-transition mpc-effect-type--fade mpc-effect-side--in\"><\/div><\/a>[\/vc_column][\/vc_row][vc_row][vc_column width=\u00bb2\/3&#8243;][vc_column_text]En 1993 a trav\u00e9s del Proyecto de Fe y Alegr\u00eda se consigui\u00f3 la apertura de la\u00a0 Escuela. B\u00e1sica. N\u00ba 4506 San Ram\u00f3n del 1\u00ba al 6\u00ba grado.<br \/>\nLa instituci\u00f3n siempre cuenta con la elaboraci\u00f3n de Proyecto Educativo Institucional (P.E.I) y las actividades se desarrollan en base a\u00a0 ella, los resultados son positivos tanto en el desarrollan\u00a0 de la clase como en el aprendizaje de los alumnos. Los docentes participan en los talleres. Las actividades se realizan en forma cooperativa en la instituci\u00f3n.<br \/>\nLa participaci\u00f3n en la Feria Pedag\u00f3gica los docentes del \u00c1rea Educativa N\u00ba 4 Kamba rembe se vuelven como actividad tradicional as\u00ed mismo este a\u00f1o se cuenta con un Foro sobre Ambiente y Desarrollo con la participaci\u00f3n de la comunidad educativa.<\/p>\n<h5 style=\"text-align: left;\"><strong><span style=\"color: #aa0f16;\">Contactos<\/span><\/strong><\/h5>\n<p><strong>Director<\/strong>: Fredy Rodr\u00edguez.<br \/>\n<strong>Tel\u00e9fono<\/strong>: +59598135678[\/vc_column_text][\/vc_column][vc_column width=\u00bb1\/3&#8243;][vc_gmaps link=\u00bb#E-8_JTNDaWZyYW1lJTIwc3JjJTNEJTIyaHR0cHMlM0ElMkYlMkZ3d3cuZ29vZ2xlLmNvbSUyRm1hcHMlMkZlbWJlZCUzRnBiJTNEJTIxMW0xOCUyMTFtMTIlMjExbTMlMjExZDM2NDIuNjI3OTI5NDM1MTA3JTIxMmQtNTYuMjIyNjM3NCUyMTNkLTI0LjA3OTQwMzclMjEybTMlMjExZjAlMjEyZjAlMjEzZjAlMjEzbTIlMjExaTEwMjQlMjEyaTc2OCUyMTRmMTMuMSUyMTNtMyUyMTFtMiUyMTFzMHg5NDYwZjUzZGIzYWRmMWMzJTI1M0EweGEwMmExMDM1YTAzN2FiYmIlMjEyc0VzY3VlbGElMjUyMEIlMjVDMyUyNUExc2ljYSUyNTIwTiUyNUMyJTI1QkElMjUyMDQ1MDYlMjUyMFNhbiUyNTIwUmFtJTI1QzMlMjVCM24lMjUyMGRlJTI1MjBGZSUyNTIweSUyNTIwQWxlZ3IlMjVDMyUyNUFEYSUyMTVlMCUyMTNtMiUyMTFzZXMtNDE5JTIxMnNweSUyMTR2MTY2NjY0MTQ2NzM4NSUyMTVtMiUyMTFzZXMtNDE5JTIxMnNweSUyMiUyMCUyMHdpZHRoJTNEJTIyNjAwJTIyJTIwaGVpZ2h0JTNEJTIyNDUwJTIyJTIwZnJhbWVib3JkZXIlM0QlMjIwJTIyJTIwc3R5bGUlM0QlMjJib3JkZXIlM0EwJTNCJTIyJTIwYWxsb3dmdWxsc2NyZWVuJTNEJTIyJTIyJTIwYXJpYS1oaWRkZW4lM0QlMjJmYWxzZSUyMiUyMHRhYmluZGV4JTNEJTIyMCUyMiUzRSUzQyUyRmlmcmFtZSUzRQ==\u00bb][\/vc_column][\/vc_row][vc_row][vc_column width=\u00bb1\/4&#8243;][vc_single_image image=\u00bb8420&#8243; img_size=\u00bbmedium\u00bb alignment=\u00bbcenter\u00bb onclick=\u00bbimg_link_large\u00bb][\/vc_column][vc_column width=\u00bb1\/4&#8243;][vc_single_image image=\u00bb8463&#8243; img_size=\u00bbmedium\u00bb alignment=\u00bbcenter\u00bb onclick=\u00bbimg_link_large\u00bb][\/vc_column][vc_column width=\u00bb1\/4&#8243;][vc_single_image image=\u00bb8553&#8243; img_size=\u00bbmedium\u00bb][\/vc_column][vc_column width=\u00bb1\/4&#8243;][vc_single_image image=\u00bb8509&#8243; img_size=\u00bbmedium\u00bb][\/vc_column][\/vc_row]<\/p>\n<\/div>","protected":false},"excerpt":{"rendered":"<p>[vc_row][vc_column width=\u00bb5\/6&#8243;][\/vc_column][vc_column width=\u00bb1\/6&#8243;][\/vc_column][\/vc_row][vc_row][vc_column width=\u00bb2\/3&#8243;][vc_column_text]En 1993 a trav\u00e9s del Proyecto de Fe y Alegr\u00eda se consigui\u00f3 la apertura de la\u00a0 Escuela. B\u00e1sica. N\u00ba 4506 San Ram\u00f3n del 1\u00ba al 6\u00ba grado. La instituci\u00f3n siempre cuenta con la elaboraci\u00f3n de Proyecto Educativo Institucional (P.E.I) y las actividades se desarrollan en base a\u00a0 ella, los resultados son positivos<\/p>\n","protected":false},"author":2,"featured_media":0,"parent":0,"menu_order":0,"comment_status":"closed","ping_status":"closed","template":"","meta":{"_acf_changed":false,"footnotes":""},"folder":[],"class_list":["post-2387","page","type-page","status-publish","hentry"],"acf":[],"yoast_head":"<!-- This site is optimized with the Yoast SEO plugin v27.2 - https:\/\/yoast.com\/product\/yoast-seo-wordpress\/ -->\n<title>Escuela San Ram\u00f3n - #SomosFeyAlegria en Paraguay<\/title>\n<meta name=\"robots\" content=\"index, follow, max-snippet:-1, max-image-preview:large, max-video-preview:-1\" \/>\n<link rel=\"canonical\" href=\"https:\/\/www.feyalegria.org\/paraguay\/escuela-san-ramon\/\" \/>\n<meta property=\"og:locale\" content=\"es_ES\" \/>\n<meta property=\"og:type\" content=\"article\" \/>\n<meta property=\"og:title\" content=\"Escuela San Ram\u00f3n - #SomosFeyAlegria en Paraguay\" \/>\n<meta property=\"og:description\" content=\"[vc_row][vc_column width=\u00bb5\/6&#8243;][\/vc_column][vc_column width=\u00bb1\/6&#8243;][\/vc_column][\/vc_row][vc_row][vc_column width=\u00bb2\/3&#8243;][vc_column_text]En 1993 a trav\u00e9s del Proyecto de Fe y Alegr\u00eda se consigui\u00f3 la apertura de la\u00a0 Escuela. B\u00e1sica. N\u00ba 4506 San Ram\u00f3n del 1\u00ba al 6\u00ba grado. La instituci\u00f3n siempre cuenta con la elaboraci\u00f3n de Proyecto Educativo Institucional (P.E.I) y las actividades se desarrollan en base a\u00a0 ella, los resultados son positivos\" \/>\n<meta property=\"og:url\" content=\"https:\/\/www.feyalegria.org\/paraguay\/escuela-san-ramon\/\" \/>\n<meta property=\"og:site_name\" content=\"#SomosFeyAlegria en Paraguay\" \/>\n<meta property=\"article:modified_time\" content=\"2023-02-07T20:10:30+00:00\" \/>\n<meta name=\"twitter:card\" content=\"summary_large_image\" \/>\n<meta name=\"twitter:label1\" content=\"Tiempo de lectura\" \/>\n\t<meta name=\"twitter:data1\" content=\"2 minutos\" \/>\n<script type=\"application\/ld+json\" class=\"yoast-schema-graph\">{\"@context\":\"https:\/\/schema.org\",\"@graph\":[{\"@type\":\"WebPage\",\"@id\":\"https:\/\/www.feyalegria.org\/paraguay\/escuela-san-ramon\/\",\"url\":\"https:\/\/www.feyalegria.org\/paraguay\/escuela-san-ramon\/\",\"name\":\"Escuela San Ram\u00f3n - #SomosFeyAlegria en Paraguay\",\"isPartOf\":{\"@id\":\"https:\/\/www.feyalegria.org\/paraguay\/#website\"},\"datePublished\":\"2022-10-24T20:01:40+00:00\",\"dateModified\":\"2023-02-07T20:10:30+00:00\",\"breadcrumb\":{\"@id\":\"https:\/\/www.feyalegria.org\/paraguay\/escuela-san-ramon\/#breadcrumb\"},\"inLanguage\":\"es\",\"potentialAction\":[{\"@type\":\"ReadAction\",\"target\":[\"https:\/\/www.feyalegria.org\/paraguay\/escuela-san-ramon\/\"]}]},{\"@type\":\"BreadcrumbList\",\"@id\":\"https:\/\/www.feyalegria.org\/paraguay\/escuela-san-ramon\/#breadcrumb\",\"itemListElement\":[{\"@type\":\"ListItem\",\"position\":1,\"name\":\"Home\",\"item\":\"https:\/\/www.feyalegria.org\/paraguay\/\"},{\"@type\":\"ListItem\",\"position\":2,\"name\":\"Escuela San Ram\u00f3n\"}]},{\"@type\":\"WebSite\",\"@id\":\"https:\/\/www.feyalegria.org\/paraguay\/#website\",\"url\":\"https:\/\/www.feyalegria.org\/paraguay\/\",\"name\":\"#SomosFeyAlegria en Paraguay\",\"description\":\"Movimiento de Educaci\u00f3n Popular y Promoci\u00f3n Social\",\"potentialAction\":[{\"@type\":\"SearchAction\",\"target\":{\"@type\":\"EntryPoint\",\"urlTemplate\":\"https:\/\/www.feyalegria.org\/paraguay\/?s={search_term_string}\"},\"query-input\":{\"@type\":\"PropertyValueSpecification\",\"valueRequired\":true,\"valueName\":\"search_term_string\"}}],\"inLanguage\":\"es\"}]}<\/script>\n<!-- \/ Yoast SEO plugin. -->","yoast_head_json":{"title":"Escuela San Ram\u00f3n - #SomosFeyAlegria en Paraguay","robots":{"index":"index","follow":"follow","max-snippet":"max-snippet:-1","max-image-preview":"max-image-preview:large","max-video-preview":"max-video-preview:-1"},"canonical":"https:\/\/www.feyalegria.org\/paraguay\/escuela-san-ramon\/","og_locale":"es_ES","og_type":"article","og_title":"Escuela San Ram\u00f3n - #SomosFeyAlegria en Paraguay","og_description":"[vc_row][vc_column width=\u00bb5\/6&#8243;][\/vc_column][vc_column width=\u00bb1\/6&#8243;][\/vc_column][\/vc_row][vc_row][vc_column width=\u00bb2\/3&#8243;][vc_column_text]En 1993 a trav\u00e9s del Proyecto de Fe y Alegr\u00eda se consigui\u00f3 la apertura de la\u00a0 Escuela. B\u00e1sica. N\u00ba 4506 San Ram\u00f3n del 1\u00ba al 6\u00ba grado. La instituci\u00f3n siempre cuenta con la elaboraci\u00f3n de Proyecto Educativo Institucional (P.E.I) y las actividades se desarrollan en base a\u00a0 ella, los resultados son positivos","og_url":"https:\/\/www.feyalegria.org\/paraguay\/escuela-san-ramon\/","og_site_name":"#SomosFeyAlegria en Paraguay","article_modified_time":"2023-02-07T20:10:30+00:00","twitter_card":"summary_large_image","twitter_misc":{"Tiempo de lectura":"2 minutos"},"schema":{"@context":"https:\/\/schema.org","@graph":[{"@type":"WebPage","@id":"https:\/\/www.feyalegria.org\/paraguay\/escuela-san-ramon\/","url":"https:\/\/www.feyalegria.org\/paraguay\/escuela-san-ramon\/","name":"Escuela San Ram\u00f3n - #SomosFeyAlegria en Paraguay","isPartOf":{"@id":"https:\/\/www.feyalegria.org\/paraguay\/#website"},"datePublished":"2022-10-24T20:01:40+00:00","dateModified":"2023-02-07T20:10:30+00:00","breadcrumb":{"@id":"https:\/\/www.feyalegria.org\/paraguay\/escuela-san-ramon\/#breadcrumb"},"inLanguage":"es","potentialAction":[{"@type":"ReadAction","target":["https:\/\/www.feyalegria.org\/paraguay\/escuela-san-ramon\/"]}]},{"@type":"BreadcrumbList","@id":"https:\/\/www.feyalegria.org\/paraguay\/escuela-san-ramon\/#breadcrumb","itemListElement":[{"@type":"ListItem","position":1,"name":"Home","item":"https:\/\/www.feyalegria.org\/paraguay\/"},{"@type":"ListItem","position":2,"name":"Escuela San Ram\u00f3n"}]},{"@type":"WebSite","@id":"https:\/\/www.feyalegria.org\/paraguay\/#website","url":"https:\/\/www.feyalegria.org\/paraguay\/","name":"#SomosFeyAlegria en Paraguay","description":"Movimiento de Educaci\u00f3n Popular y Promoci\u00f3n Social","potentialAction":[{"@type":"SearchAction","target":{"@type":"EntryPoint","urlTemplate":"https:\/\/www.feyalegria.org\/paraguay\/?s={search_term_string}"},"query-input":{"@type":"PropertyValueSpecification","valueRequired":true,"valueName":"search_term_string"}}],"inLanguage":"es"}]}},"_links":{"self":[{"href":"https:\/\/www.feyalegria.org\/paraguay\/wp-json\/wp\/v2\/pages\/2387","targetHints":{"allow":["GET"]}}],"collection":[{"href":"https:\/\/www.feyalegria.org\/paraguay\/wp-json\/wp\/v2\/pages"}],"about":[{"href":"https:\/\/www.feyalegria.org\/paraguay\/wp-json\/wp\/v2\/types\/page"}],"author":[{"embeddable":true,"href":"https:\/\/www.feyalegria.org\/paraguay\/wp-json\/wp\/v2\/users\/2"}],"replies":[{"embeddable":true,"href":"https:\/\/www.feyalegria.org\/paraguay\/wp-json\/wp\/v2\/comments?post=2387"}],"version-history":[{"count":0,"href":"https:\/\/www.feyalegria.org\/paraguay\/wp-json\/wp\/v2\/pages\/2387\/revisions"}],"wp:attachment":[{"href":"https:\/\/www.feyalegria.org\/paraguay\/wp-json\/wp\/v2\/media?parent=2387"}],"wp:term":[{"taxonomy":"folder","embeddable":true,"href":"https:\/\/www.feyalegria.org\/paraguay\/wp-json\/wp\/v2\/folder?post=2387"}],"curies":[{"name":"wp","href":"https:\/\/api.w.org\/{rel}","templated":true}]}}