 {"id":2409,"date":"2022-10-25T13:48:32","date_gmt":"2022-10-25T18:48:32","guid":{"rendered":"https:\/\/www.feyalegria.org\/paraguay\/?page_id=2409"},"modified":"2025-02-13T08:13:25","modified_gmt":"2025-02-13T13:13:25","slug":"escuela-nino-salvador-del-mundo-de-fe-y-alegria","status":"publish","type":"page","link":"https:\/\/www.feyalegria.org\/paraguay\/escuela-nino-salvador-del-mundo-de-fe-y-alegria\/","title":{"rendered":"Escuela Ni\u00f1o Salvador del Mundo de Fe y Alegr\u00eda"},"content":{"rendered":"<div class=\"wpb-content-wrapper\"><p>[vc_row][vc_column width=\u00bb5\/6&#8243;]<div style=\"background-color:;height: 50px\" class=\"nicdark_section  \"><\/div>[\/vc_column][vc_column width=\u00bb1\/6&#8243;]<a href=\"https:\/\/www.feyalegria.org\/paraguay\/centros-educativos\/\" title=\"Centros educativos\"  data-id=\"mpc_button-5069d6a9720c88a\" class=\"mpc-button mpc-init mpc-transition mpc-typography--default \" ><div class=\"mpc-button__content mpc-effect-type--stay mpc-effect-side--left\"><i class=\"mpc-button__icon mpc-transition  mi mi-pin_drop\"><\/i><span class=\"mpc-button__title mpc-transition\">Volver al mapa<\/span><\/div><div class=\"mpc-button__background mpc-transition mpc-effect-type--fade mpc-effect-side--in\"><\/div><\/a>[\/vc_column][\/vc_row][vc_row][vc_column width=\u00bb2\/3&#8243;][vc_column_text]La Escuela Ni\u00f1o Salvador del Mundo se sit\u00faa en Villa Salvador de la compa\u00f1\u00eda de Caacupemi, en la ciudad de Aregu\u00e1.<br \/>\nFue creada por resoluci\u00f3n ministerial N\u00b0 67 en fecha 24 de mayo de 1991, con un grupo de 20 ni\u00f1os, ni\u00f1as y una docente.<br \/>\nEn el a\u00f1o 1992 se incorpora en Fe y Alegr\u00eda, Movimiento de Educaci\u00f3n Popular Integral y promoci\u00f3n Social, impulsada por los sacerdotes Jesuitas, que tiene como objetivo primordial <strong>contribuir al logro de la transformaci\u00f3n social<\/strong> por medio de la <strong>educaci\u00f3n popular integral<\/strong>.<br \/>\nActualmente la instituci\u00f3n cuenta con 609 estudiantes y 18 docentes desde el nivel inicial hasta el 9\u00b0grado en ambos turnos y dos administrativos.<br \/>\nPosee una sala de clase, una sala para profesores, una biblioteca, un sal\u00f3n multiuso y\u00a0 un amplio patio para la libre recreaci\u00f3n.<br \/>\nEn el local escolar asisten ni\u00f1os, ni\u00f1as y j\u00f3venes de la comunidad misma y de los asentamientos ale\u00f1ados, cuyos padres en su mayor\u00eda son trabajadores informales que pasan muchas horas fuera de la casa, por ende los ni\u00f1os y j\u00f3venes quedan solos, realizando tareas de la casa que corresponden a los padres.<br \/>\nLos j\u00f3venes del tercer ciclo trabajan con el Proyecto de \u201cVeedur\u00eda Ciudadana\u201d.<\/p>\n<h5 style=\"text-align: left;\"><strong><span style=\"color: #aa0f16;\">Contactos<\/span><\/strong><\/h5>\n<p><strong>Directora<\/strong>: Juana Paola Esp\u00ednola de Molinas<br \/>\n<strong>Tel\u00e9fono<\/strong>: +595994444426[\/vc_column_text][\/vc_column][vc_column width=\u00bb1\/3&#8243;][vc_gmaps link=\u00bb#E-8_JTNDaWZyYW1lJTIwc3JjJTNEJTIyaHR0cHMlM0ElMkYlMkZ3d3cuZ29vZ2xlLmNvbSUyRm1hcHMlMkZlbWJlZCUzRnBiJTNEJTIxMW0xNyUyMTFtMTIlMjExbTMlMjExZDM2MDYuODcyOTM2NjcyNzg3NSUyMTJkLTU3LjQxNTM4NTMyNDYxNDU1JTIxM2QtMjUuMzA4NDcyNzc3NjM5NTQ0JTIxMm0zJTIxMWYwJTIxMmYwJTIxM2YwJTIxM20yJTIxMWkxMDI0JTIxMmk3NjglMjE0ZjEzLjElMjEzbTIlMjExbTElMjEyek1qWENzREU0SnpNd0xqVWlVeUExTjhLd01qUW5ORFl1TVNKWCUyMTVlMCUyMTNtMiUyMTFzZXMlMjEyc3B5JTIxNHYxNzM5NDUxMTYxOTY5JTIxNW0yJTIxMXNlcyUyMTJzcHklMjIlMjB3aWR0aCUzRCUyMjYwMCUyMiUyMGhlaWdodCUzRCUyMjQ1MCUyMiUyMHN0eWxlJTNEJTIyYm9yZGVyJTNBMCUzQiUyMiUyMGFsbG93ZnVsbHNjcmVlbiUzRCUyMiUyMiUyMGxvYWRpbmclM0QlMjJsYXp5JTIyJTIwcmVmZXJyZXJwb2xpY3klM0QlMjJuby1yZWZlcnJlci13aGVuLWRvd25ncmFkZSUyMiUzRSUzQyUyRmlmcmFtZSUzRQ==\u00bb css=\u00bb\u00bb][\/vc_column][\/vc_row][vc_row][vc_column width=\u00bb1\/4&#8243;][vc_single_image image=\u00bb8423&#8243; img_size=\u00bbmedium\u00bb alignment=\u00bbcenter\u00bb onclick=\u00bbimg_link_large\u00bb][\/vc_column][vc_column width=\u00bb1\/4&#8243;][vc_single_image image=\u00bb8466&#8243; img_size=\u00bbmedium\u00bb alignment=\u00bbcenter\u00bb onclick=\u00bbimg_link_large\u00bb][\/vc_column][vc_column width=\u00bb1\/4&#8243;][vc_single_image image=\u00bb8512&#8243; img_size=\u00bbmedium\u00bb][\/vc_column][vc_column width=\u00bb1\/4&#8243;][vc_single_image image=\u00bb8556&#8243; img_size=\u00bbmedium\u00bb][\/vc_column][\/vc_row]<\/p>\n<\/div>","protected":false},"excerpt":{"rendered":"<p>[vc_row][vc_column width=\u00bb5\/6&#8243;][\/vc_column][vc_column width=\u00bb1\/6&#8243;][\/vc_column][\/vc_row][vc_row][vc_column width=\u00bb2\/3&#8243;][vc_column_text]La Escuela Ni\u00f1o Salvador del Mundo se sit\u00faa en Villa Salvador de la compa\u00f1\u00eda de Caacupemi, en la ciudad de Aregu\u00e1. Fue creada por resoluci\u00f3n ministerial N\u00b0 67 en fecha 24 de mayo de 1991, con un grupo de 20 ni\u00f1os, ni\u00f1as y una docente. En el a\u00f1o 1992 se incorpora en<\/p>\n","protected":false},"author":2,"featured_media":0,"parent":0,"menu_order":0,"comment_status":"closed","ping_status":"closed","template":"","meta":{"_acf_changed":false,"footnotes":""},"folder":[],"class_list":["post-2409","page","type-page","status-publish","hentry"],"acf":[],"yoast_head":"<!-- This site is optimized with the Yoast SEO plugin v27.2 - https:\/\/yoast.com\/product\/yoast-seo-wordpress\/ -->\n<title>Escuela Ni\u00f1o Salvador del Mundo de Fe y Alegr\u00eda - #SomosFeyAlegria en Paraguay<\/title>\n<meta name=\"robots\" content=\"index, follow, max-snippet:-1, max-image-preview:large, max-video-preview:-1\" \/>\n<link rel=\"canonical\" href=\"https:\/\/www.feyalegria.org\/paraguay\/escuela-nino-salvador-del-mundo-de-fe-y-alegria\/\" \/>\n<meta property=\"og:locale\" content=\"es_ES\" \/>\n<meta property=\"og:type\" content=\"article\" \/>\n<meta property=\"og:title\" content=\"Escuela Ni\u00f1o Salvador del Mundo de Fe y Alegr\u00eda - #SomosFeyAlegria en Paraguay\" \/>\n<meta property=\"og:description\" content=\"[vc_row][vc_column width=\u00bb5\/6&#8243;][\/vc_column][vc_column width=\u00bb1\/6&#8243;][\/vc_column][\/vc_row][vc_row][vc_column width=\u00bb2\/3&#8243;][vc_column_text]La Escuela Ni\u00f1o Salvador del Mundo se sit\u00faa en Villa Salvador de la compa\u00f1\u00eda de Caacupemi, en la ciudad de Aregu\u00e1. Fue creada por resoluci\u00f3n ministerial N\u00b0 67 en fecha 24 de mayo de 1991, con un grupo de 20 ni\u00f1os, ni\u00f1as y una docente. En el a\u00f1o 1992 se incorpora en\" \/>\n<meta property=\"og:url\" content=\"https:\/\/www.feyalegria.org\/paraguay\/escuela-nino-salvador-del-mundo-de-fe-y-alegria\/\" \/>\n<meta property=\"og:site_name\" content=\"#SomosFeyAlegria en Paraguay\" \/>\n<meta property=\"article:modified_time\" content=\"2025-02-13T13:13:25+00:00\" \/>\n<meta name=\"twitter:card\" content=\"summary_large_image\" \/>\n<meta name=\"twitter:label1\" content=\"Tiempo de lectura\" \/>\n\t<meta name=\"twitter:data1\" content=\"2 minutos\" \/>\n<script type=\"application\/ld+json\" class=\"yoast-schema-graph\">{\"@context\":\"https:\/\/schema.org\",\"@graph\":[{\"@type\":\"WebPage\",\"@id\":\"https:\/\/www.feyalegria.org\/paraguay\/escuela-nino-salvador-del-mundo-de-fe-y-alegria\/\",\"url\":\"https:\/\/www.feyalegria.org\/paraguay\/escuela-nino-salvador-del-mundo-de-fe-y-alegria\/\",\"name\":\"Escuela Ni\u00f1o Salvador del Mundo de Fe y Alegr\u00eda - #SomosFeyAlegria en Paraguay\",\"isPartOf\":{\"@id\":\"https:\/\/www.feyalegria.org\/paraguay\/#website\"},\"datePublished\":\"2022-10-25T18:48:32+00:00\",\"dateModified\":\"2025-02-13T13:13:25+00:00\",\"breadcrumb\":{\"@id\":\"https:\/\/www.feyalegria.org\/paraguay\/escuela-nino-salvador-del-mundo-de-fe-y-alegria\/#breadcrumb\"},\"inLanguage\":\"es\",\"potentialAction\":[{\"@type\":\"ReadAction\",\"target\":[\"https:\/\/www.feyalegria.org\/paraguay\/escuela-nino-salvador-del-mundo-de-fe-y-alegria\/\"]}]},{\"@type\":\"BreadcrumbList\",\"@id\":\"https:\/\/www.feyalegria.org\/paraguay\/escuela-nino-salvador-del-mundo-de-fe-y-alegria\/#breadcrumb\",\"itemListElement\":[{\"@type\":\"ListItem\",\"position\":1,\"name\":\"Home\",\"item\":\"https:\/\/www.feyalegria.org\/paraguay\/\"},{\"@type\":\"ListItem\",\"position\":2,\"name\":\"Escuela Ni\u00f1o Salvador del Mundo de Fe y Alegr\u00eda\"}]},{\"@type\":\"WebSite\",\"@id\":\"https:\/\/www.feyalegria.org\/paraguay\/#website\",\"url\":\"https:\/\/www.feyalegria.org\/paraguay\/\",\"name\":\"#SomosFeyAlegria en Paraguay\",\"description\":\"Movimiento de Educaci\u00f3n Popular y Promoci\u00f3n Social\",\"potentialAction\":[{\"@type\":\"SearchAction\",\"target\":{\"@type\":\"EntryPoint\",\"urlTemplate\":\"https:\/\/www.feyalegria.org\/paraguay\/?s={search_term_string}\"},\"query-input\":{\"@type\":\"PropertyValueSpecification\",\"valueRequired\":true,\"valueName\":\"search_term_string\"}}],\"inLanguage\":\"es\"}]}<\/script>\n<!-- \/ Yoast SEO plugin. -->","yoast_head_json":{"title":"Escuela Ni\u00f1o Salvador del Mundo de Fe y Alegr\u00eda - #SomosFeyAlegria en Paraguay","robots":{"index":"index","follow":"follow","max-snippet":"max-snippet:-1","max-image-preview":"max-image-preview:large","max-video-preview":"max-video-preview:-1"},"canonical":"https:\/\/www.feyalegria.org\/paraguay\/escuela-nino-salvador-del-mundo-de-fe-y-alegria\/","og_locale":"es_ES","og_type":"article","og_title":"Escuela Ni\u00f1o Salvador del Mundo de Fe y Alegr\u00eda - #SomosFeyAlegria en Paraguay","og_description":"[vc_row][vc_column width=\u00bb5\/6&#8243;][\/vc_column][vc_column width=\u00bb1\/6&#8243;][\/vc_column][\/vc_row][vc_row][vc_column width=\u00bb2\/3&#8243;][vc_column_text]La Escuela Ni\u00f1o Salvador del Mundo se sit\u00faa en Villa Salvador de la compa\u00f1\u00eda de Caacupemi, en la ciudad de Aregu\u00e1. Fue creada por resoluci\u00f3n ministerial N\u00b0 67 en fecha 24 de mayo de 1991, con un grupo de 20 ni\u00f1os, ni\u00f1as y una docente. En el a\u00f1o 1992 se incorpora en","og_url":"https:\/\/www.feyalegria.org\/paraguay\/escuela-nino-salvador-del-mundo-de-fe-y-alegria\/","og_site_name":"#SomosFeyAlegria en Paraguay","article_modified_time":"2025-02-13T13:13:25+00:00","twitter_card":"summary_large_image","twitter_misc":{"Tiempo de lectura":"2 minutos"},"schema":{"@context":"https:\/\/schema.org","@graph":[{"@type":"WebPage","@id":"https:\/\/www.feyalegria.org\/paraguay\/escuela-nino-salvador-del-mundo-de-fe-y-alegria\/","url":"https:\/\/www.feyalegria.org\/paraguay\/escuela-nino-salvador-del-mundo-de-fe-y-alegria\/","name":"Escuela Ni\u00f1o Salvador del Mundo de Fe y Alegr\u00eda - #SomosFeyAlegria en Paraguay","isPartOf":{"@id":"https:\/\/www.feyalegria.org\/paraguay\/#website"},"datePublished":"2022-10-25T18:48:32+00:00","dateModified":"2025-02-13T13:13:25+00:00","breadcrumb":{"@id":"https:\/\/www.feyalegria.org\/paraguay\/escuela-nino-salvador-del-mundo-de-fe-y-alegria\/#breadcrumb"},"inLanguage":"es","potentialAction":[{"@type":"ReadAction","target":["https:\/\/www.feyalegria.org\/paraguay\/escuela-nino-salvador-del-mundo-de-fe-y-alegria\/"]}]},{"@type":"BreadcrumbList","@id":"https:\/\/www.feyalegria.org\/paraguay\/escuela-nino-salvador-del-mundo-de-fe-y-alegria\/#breadcrumb","itemListElement":[{"@type":"ListItem","position":1,"name":"Home","item":"https:\/\/www.feyalegria.org\/paraguay\/"},{"@type":"ListItem","position":2,"name":"Escuela Ni\u00f1o Salvador del Mundo de Fe y Alegr\u00eda"}]},{"@type":"WebSite","@id":"https:\/\/www.feyalegria.org\/paraguay\/#website","url":"https:\/\/www.feyalegria.org\/paraguay\/","name":"#SomosFeyAlegria en Paraguay","description":"Movimiento de Educaci\u00f3n Popular y Promoci\u00f3n Social","potentialAction":[{"@type":"SearchAction","target":{"@type":"EntryPoint","urlTemplate":"https:\/\/www.feyalegria.org\/paraguay\/?s={search_term_string}"},"query-input":{"@type":"PropertyValueSpecification","valueRequired":true,"valueName":"search_term_string"}}],"inLanguage":"es"}]}},"_links":{"self":[{"href":"https:\/\/www.feyalegria.org\/paraguay\/wp-json\/wp\/v2\/pages\/2409","targetHints":{"allow":["GET"]}}],"collection":[{"href":"https:\/\/www.feyalegria.org\/paraguay\/wp-json\/wp\/v2\/pages"}],"about":[{"href":"https:\/\/www.feyalegria.org\/paraguay\/wp-json\/wp\/v2\/types\/page"}],"author":[{"embeddable":true,"href":"https:\/\/www.feyalegria.org\/paraguay\/wp-json\/wp\/v2\/users\/2"}],"replies":[{"embeddable":true,"href":"https:\/\/www.feyalegria.org\/paraguay\/wp-json\/wp\/v2\/comments?post=2409"}],"version-history":[{"count":0,"href":"https:\/\/www.feyalegria.org\/paraguay\/wp-json\/wp\/v2\/pages\/2409\/revisions"}],"wp:attachment":[{"href":"https:\/\/www.feyalegria.org\/paraguay\/wp-json\/wp\/v2\/media?parent=2409"}],"wp:term":[{"taxonomy":"folder","embeddable":true,"href":"https:\/\/www.feyalegria.org\/paraguay\/wp-json\/wp\/v2\/folder?post=2409"}],"curies":[{"name":"wp","href":"https:\/\/api.w.org\/{rel}","templated":true}]}}