 {"id":2421,"date":"2022-10-26T13:05:24","date_gmt":"2022-10-26T18:05:24","guid":{"rendered":"https:\/\/www.feyalegria.org\/paraguay\/?page_id=2421"},"modified":"2023-02-03T08:25:03","modified_gmt":"2023-02-03T13:25:03","slug":"proyecto-educativo-del-barrio-san-francisco","status":"publish","type":"page","link":"https:\/\/www.feyalegria.org\/paraguay\/proyecto-educativo-del-barrio-san-francisco\/","title":{"rendered":"Proyecto Educativo del Barrio San Francisco"},"content":{"rendered":"<div class=\"wpb-content-wrapper\"><p>[vc_row][vc_column][vc_column_text]<\/p>\n<section class=\"elementor-section elementor-inner-section elementor-element elementor-element-33d4b120 elementor-section-boxed elementor-section-height-default elementor-section-height-default\" data-id=\"33d4b120\">\n<div class=\"elementor-container elementor-column-gap-default\">\n<div class=\"elementor-row\">\n<div class=\"elementor-column elementor-col-100 elementor-inner-column elementor-element elementor-element-63345202\" data-id=\"63345202\">\n<div class=\"elementor-column-wrap elementor-element-populated\">\n<div class=\"elementor-widget-wrap\">\n<div class=\"elementor-element elementor-element-700b250f elementor-widget elementor-widget-heading\" data-id=\"700b250f\">\n<div class=\"elementor-widget-container\"><span style=\"font-size: 18pt; color: #ab0909;\"><strong>Proyecto educativo del barrio San Francisco<\/strong><\/span><\/div>\n<\/div>\n<\/div>\n<\/div>\n<\/div>\n<\/div>\n<\/div>\n<\/section>\n<p>[\/vc_column_text][vc_column_text]Por medio del convenio con la Itaip\u00fa Binacional, y en el marco de cooperaci\u00f3n con el Ministerio de Educaci\u00f3n y Ciencias, Fe y Alegr\u00eda adopta desde el 2019 al Colegio T\u00e9cnico San Francisco en orden a contribuir a trav\u00e9s de sus experiencias y buenas pr\u00e1cticas educativas de inserci\u00f3n en los sectores vulnerables permitiendo as\u00ed la concreci\u00f3n de los objetivos y metas de programas de educaci\u00f3n del Colegio.\u00a0 Cabe indicar que el Colegio T\u00e9cnico San Francisco tiene un car\u00e1cter de instituci\u00f3n p\u00fablica confiada a Fe y Alegr\u00eda. El Proyecto Educativo cuenta con tres modalidades:<\/p>\n<ol>\n<li>Bachillerato T\u00e9cnico en las especialidades de Inform\u00e1tica con \u00e9nfasis en rob\u00f3tica, Electricidad con \u00e9nfasis en dom\u00f3tica y Confecci\u00f3n Industrial. Desde un enfoque STEAM (ciencia, tecnolog\u00eda, ingenier\u00eda, artes y matem\u00e1tica).<\/li>\n<\/ol>\n<p>Adem\u00e1s, el colegio cuenta con un Plan diferenciado, que incluye las siguientes asignaturas:<br \/>\n-Educaci\u00f3n para las Artes con teatro, danza, comunicaci\u00f3n radial y m\u00fasica que cuenta con la Orquesta Sinf\u00f3nica del Colegio T\u00e9cnico San Francisco.<br \/>\n-Formaci\u00f3n para el trabajo<br \/>\n-Espiritualidad y liderazgo social.<br \/>\n-Innovaciones Tecnol\u00f3gicas (inform\u00e1tica y electricidad)<br \/>\n-Bordado Artesanal (confecci\u00f3n industrial)<\/p>\n<ol start=\"2\">\n<li>Educaci\u00f3n Media para Personas J\u00f3venes y Adultas. Para mayores de 18 a\u00f1os que desean terminar su formaci\u00f3n de educaci\u00f3n media.<\/li>\n<li>Instituto T\u00e9cnico Superior en las carreras de Inform\u00e1tica, Electricidad y Confecci\u00f3n Industrial.<\/li>\n<\/ol>\n<p><strong>Zona de intervenci\u00f3n:<\/strong> Barrio San Francisco, Zeballos Cu\u00e9, Asunci\u00f3n.<br \/>\n[\/vc_column_text][vc_column_text]<\/p>\n<div class=\"elementor-element elementor-element-39892042 elementor-widget elementor-widget-heading\" data-id=\"39892042\">\n<div class=\"elementor-widget-container\">\n<h3 class=\"elementor-heading-title elementor-size-default\">Financiadora<\/h3>\n<\/div>\n<\/div>\n<p>[\/vc_column_text][vc_single_image image=\u00bb8863&#8243; img_size=\u00bbmedium\u00bb alignment=\u00bbcenter\u00bb][vc_column_text]<\/p>\n<div class=\"elementor-element elementor-element-39892042 elementor-widget elementor-widget-heading\" data-id=\"39892042\">\n<div class=\"elementor-widget-container\">\n<h3 class=\"elementor-heading-title elementor-size-default\">Fotos del Proyecto<\/h3>\n<\/div>\n<\/div>\n<p>[\/vc_column_text][\/vc_column][\/vc_row][vc_row][vc_column alignment=\u00bbcenter\u00bb]<div class=\"mpc-carousel__wrapper mpc-waypoint\"><div id=\"mpc_carousel_image-4469e27b30cffc8\" class=\"mpc-carousel-image mpc-init mpc-layout--classic mpc-effect--none \"  data-mpcslick='{\"infinite\":true,\"autoplay\":true,\"slidesToShow\":4,\"slidesToScroll\":1,\"centerMode\":false,\"initialSlide\":0,\"autoplaySpeed\":3500,\"speed\":500}' data-slick-cols=\"4\"><div target=\"\"class=\"mpc-carousel__item-wrapper\" data-height=\"300\"><div onclick=\"\" class=\"mpc-item mpc-transition\"><div class=\"mpc-border\"><\/div><img loading=\"lazy\" decoding=\"async\" width=\"300\" height=\"300\" src=\"https:\/\/d3pugrm67vf9n7.cloudfront.net\/wp-content\/uploads\/sites\/33\/2023\/02\/02095856\/17-11-300x300.png\" class=\"mpc-transition attachment-medium\" alt=\"\" title=\"17-11\" srcset=\"https:\/\/d3pugrm67vf9n7.cloudfront.net\/wp-content\/uploads\/sites\/33\/2023\/02\/02095856\/17-11.png 300w, https:\/\/d3pugrm67vf9n7.cloudfront.net\/wp-content\/uploads\/sites\/33\/2023\/02\/02095856\/17-11-150x150.png 150w\" sizes=\"auto, (max-width: 300px) 100vw, 300px\" \/><\/div><\/div><div target=\"\"class=\"mpc-carousel__item-wrapper\" data-height=\"300\"><div onclick=\"\" class=\"mpc-item mpc-transition\"><div class=\"mpc-border\"><\/div><img loading=\"lazy\" decoding=\"async\" width=\"300\" height=\"300\" src=\"https:\/\/d3pugrm67vf9n7.cloudfront.net\/wp-content\/uploads\/sites\/33\/2023\/02\/02100049\/27-11-300x300.png\" class=\"mpc-transition attachment-medium\" alt=\"\" title=\"27-11\" srcset=\"https:\/\/d3pugrm67vf9n7.cloudfront.net\/wp-content\/uploads\/sites\/33\/2023\/02\/02100049\/27-11.png 300w, https:\/\/d3pugrm67vf9n7.cloudfront.net\/wp-content\/uploads\/sites\/33\/2023\/02\/02100049\/27-11-150x150.png 150w\" sizes=\"auto, (max-width: 300px) 100vw, 300px\" \/><\/div><\/div><div target=\"\"class=\"mpc-carousel__item-wrapper\" data-height=\"300\"><div onclick=\"\" class=\"mpc-item mpc-transition\"><div class=\"mpc-border\"><\/div><img loading=\"lazy\" decoding=\"async\" width=\"300\" height=\"300\" src=\"https:\/\/d3pugrm67vf9n7.cloudfront.net\/wp-content\/uploads\/sites\/33\/2023\/02\/02100300\/35-11-300x300.png\" class=\"mpc-transition attachment-medium\" alt=\"\" title=\"35-11\" srcset=\"https:\/\/d3pugrm67vf9n7.cloudfront.net\/wp-content\/uploads\/sites\/33\/2023\/02\/02100300\/35-11.png 300w, https:\/\/d3pugrm67vf9n7.cloudfront.net\/wp-content\/uploads\/sites\/33\/2023\/02\/02100300\/35-11-150x150.png 150w\" sizes=\"auto, (max-width: 300px) 100vw, 300px\" \/><\/div><\/div><div target=\"\"class=\"mpc-carousel__item-wrapper\" data-height=\"300\"><div onclick=\"\" class=\"mpc-item mpc-transition\"><div class=\"mpc-border\"><\/div><img loading=\"lazy\" decoding=\"async\" width=\"300\" height=\"300\" src=\"https:\/\/d3pugrm67vf9n7.cloudfront.net\/wp-content\/uploads\/sites\/33\/2023\/02\/02100455\/45-10-300x300.png\" class=\"mpc-transition attachment-medium\" alt=\"\" title=\"45-10\" srcset=\"https:\/\/d3pugrm67vf9n7.cloudfront.net\/wp-content\/uploads\/sites\/33\/2023\/02\/02100455\/45-10.png 300w, https:\/\/d3pugrm67vf9n7.cloudfront.net\/wp-content\/uploads\/sites\/33\/2023\/02\/02100455\/45-10-150x150.png 150w\" sizes=\"auto, (max-width: 300px) 100vw, 300px\" \/><\/div><\/div><div target=\"\"class=\"mpc-carousel__item-wrapper\" data-height=\"300\"><div onclick=\"\" class=\"mpc-item mpc-transition\"><div class=\"mpc-border\"><\/div><img loading=\"lazy\" decoding=\"async\" width=\"300\" height=\"300\" src=\"https:\/\/d3pugrm67vf9n7.cloudfront.net\/wp-content\/uploads\/sites\/33\/2023\/02\/02100527\/52-4-300x300.png\" class=\"mpc-transition attachment-medium\" alt=\"\" title=\"52-4\" srcset=\"https:\/\/d3pugrm67vf9n7.cloudfront.net\/wp-content\/uploads\/sites\/33\/2023\/02\/02100527\/52-4.png 300w, https:\/\/d3pugrm67vf9n7.cloudfront.net\/wp-content\/uploads\/sites\/33\/2023\/02\/02100527\/52-4-150x150.png 150w\" sizes=\"auto, (max-width: 300px) 100vw, 300px\" \/><\/div><\/div><div target=\"\"class=\"mpc-carousel__item-wrapper\" data-height=\"300\"><div onclick=\"\" class=\"mpc-item mpc-transition\"><div class=\"mpc-border\"><\/div><img loading=\"lazy\" decoding=\"async\" width=\"300\" height=\"300\" src=\"https:\/\/d3pugrm67vf9n7.cloudfront.net\/wp-content\/uploads\/sites\/33\/2023\/02\/02103748\/6-4-300x300.png\" class=\"mpc-transition attachment-medium\" alt=\"\" title=\"6-4\" srcset=\"https:\/\/d3pugrm67vf9n7.cloudfront.net\/wp-content\/uploads\/sites\/33\/2023\/02\/02103748\/6-4.png 300w, https:\/\/d3pugrm67vf9n7.cloudfront.net\/wp-content\/uploads\/sites\/33\/2023\/02\/02103748\/6-4-150x150.png 150w\" sizes=\"auto, (max-width: 300px) 100vw, 300px\" \/><\/div><\/div><\/div><div class=\"mpc-navigation mpc-init mpc-align--center mpc-navigation--style_5  mpc-nav-preset--default\" data-mpcslider=\"mpc_carousel_image-4469e27b30cffc8\"><div class=\"mpc-nav__arrow mpcslick-prev\"><div class=\"mpc-nav__icon mpc-transition\"><i class=\" eti eti_arrow_carrot-left\"><div class=\"mpc-nav__background mpc-transition mpc-effect-type--slide mpc-effect-side--top\"><\/div><\/i><\/div><\/div><\/div><div class=\"mpc-navigation mpc-init mpc-align--center mpc-navigation--style_5  mpc-nav-preset--default\" data-mpcslider=\"mpc_carousel_image-4469e27b30cffc8\"><div class=\"mpc-nav__arrow mpcslick-next\"><div class=\"mpc-nav__icon mpc-transition\"><i class=\" eti eti_arrow_carrot-right\"><div class=\"mpc-nav__background mpc-transition mpc-effect-type--slide mpc-effect-side--top\"><\/div><\/i><\/div><\/div><\/div><\/div>[\/vc_column][\/vc_row]<\/p>\n<\/div>","protected":false},"excerpt":{"rendered":"<p>[vc_row][vc_column][vc_column_text] Proyecto educativo del barrio San Francisco [\/vc_column_text][vc_column_text]Por medio del convenio con la Itaip\u00fa Binacional, y en el marco de cooperaci\u00f3n con el Ministerio de Educaci\u00f3n y Ciencias, Fe y Alegr\u00eda adopta desde el 2019 al Colegio T\u00e9cnico San Francisco en orden a contribuir a trav\u00e9s de sus experiencias y buenas pr\u00e1cticas educativas de inserci\u00f3n<\/p>\n","protected":false},"author":2,"featured_media":0,"parent":0,"menu_order":0,"comment_status":"closed","ping_status":"closed","template":"","meta":{"_acf_changed":false,"footnotes":""},"folder":[],"class_list":["post-2421","page","type-page","status-publish","hentry"],"acf":[],"yoast_head":"<!-- This site is optimized with the Yoast SEO plugin v27.2 - https:\/\/yoast.com\/product\/yoast-seo-wordpress\/ -->\n<title>Proyecto Educativo del Barrio San Francisco - #SomosFeyAlegria en Paraguay<\/title>\n<meta name=\"robots\" content=\"index, follow, max-snippet:-1, max-image-preview:large, max-video-preview:-1\" \/>\n<link rel=\"canonical\" href=\"https:\/\/www.feyalegria.org\/paraguay\/proyecto-educativo-del-barrio-san-francisco\/\" \/>\n<meta property=\"og:locale\" content=\"es_ES\" \/>\n<meta property=\"og:type\" content=\"article\" \/>\n<meta property=\"og:title\" content=\"Proyecto Educativo del Barrio San Francisco - #SomosFeyAlegria en Paraguay\" \/>\n<meta property=\"og:description\" content=\"[vc_row][vc_column][vc_column_text] Proyecto educativo del barrio San Francisco [\/vc_column_text][vc_column_text]Por medio del convenio con la Itaip\u00fa Binacional, y en el marco de cooperaci\u00f3n con el Ministerio de Educaci\u00f3n y Ciencias, Fe y Alegr\u00eda adopta desde el 2019 al Colegio T\u00e9cnico San Francisco en orden a contribuir a trav\u00e9s de sus experiencias y buenas pr\u00e1cticas educativas de inserci\u00f3n\" \/>\n<meta property=\"og:url\" content=\"https:\/\/www.feyalegria.org\/paraguay\/proyecto-educativo-del-barrio-san-francisco\/\" \/>\n<meta property=\"og:site_name\" content=\"#SomosFeyAlegria en Paraguay\" \/>\n<meta property=\"article:modified_time\" content=\"2023-02-03T13:25:03+00:00\" \/>\n<meta name=\"twitter:card\" content=\"summary_large_image\" \/>\n<meta name=\"twitter:label1\" content=\"Tiempo de lectura\" \/>\n\t<meta name=\"twitter:data1\" content=\"2 minutos\" \/>\n<script type=\"application\/ld+json\" class=\"yoast-schema-graph\">{\"@context\":\"https:\/\/schema.org\",\"@graph\":[{\"@type\":\"WebPage\",\"@id\":\"https:\/\/www.feyalegria.org\/paraguay\/proyecto-educativo-del-barrio-san-francisco\/\",\"url\":\"https:\/\/www.feyalegria.org\/paraguay\/proyecto-educativo-del-barrio-san-francisco\/\",\"name\":\"Proyecto Educativo del Barrio San Francisco - #SomosFeyAlegria en Paraguay\",\"isPartOf\":{\"@id\":\"https:\/\/www.feyalegria.org\/paraguay\/#website\"},\"datePublished\":\"2022-10-26T18:05:24+00:00\",\"dateModified\":\"2023-02-03T13:25:03+00:00\",\"breadcrumb\":{\"@id\":\"https:\/\/www.feyalegria.org\/paraguay\/proyecto-educativo-del-barrio-san-francisco\/#breadcrumb\"},\"inLanguage\":\"es\",\"potentialAction\":[{\"@type\":\"ReadAction\",\"target\":[\"https:\/\/www.feyalegria.org\/paraguay\/proyecto-educativo-del-barrio-san-francisco\/\"]}]},{\"@type\":\"BreadcrumbList\",\"@id\":\"https:\/\/www.feyalegria.org\/paraguay\/proyecto-educativo-del-barrio-san-francisco\/#breadcrumb\",\"itemListElement\":[{\"@type\":\"ListItem\",\"position\":1,\"name\":\"Home\",\"item\":\"https:\/\/www.feyalegria.org\/paraguay\/\"},{\"@type\":\"ListItem\",\"position\":2,\"name\":\"Proyecto Educativo del Barrio San Francisco\"}]},{\"@type\":\"WebSite\",\"@id\":\"https:\/\/www.feyalegria.org\/paraguay\/#website\",\"url\":\"https:\/\/www.feyalegria.org\/paraguay\/\",\"name\":\"#SomosFeyAlegria en Paraguay\",\"description\":\"Movimiento de Educaci\u00f3n Popular y Promoci\u00f3n Social\",\"potentialAction\":[{\"@type\":\"SearchAction\",\"target\":{\"@type\":\"EntryPoint\",\"urlTemplate\":\"https:\/\/www.feyalegria.org\/paraguay\/?s={search_term_string}\"},\"query-input\":{\"@type\":\"PropertyValueSpecification\",\"valueRequired\":true,\"valueName\":\"search_term_string\"}}],\"inLanguage\":\"es\"}]}<\/script>\n<!-- \/ Yoast SEO plugin. -->","yoast_head_json":{"title":"Proyecto Educativo del Barrio San Francisco - #SomosFeyAlegria en Paraguay","robots":{"index":"index","follow":"follow","max-snippet":"max-snippet:-1","max-image-preview":"max-image-preview:large","max-video-preview":"max-video-preview:-1"},"canonical":"https:\/\/www.feyalegria.org\/paraguay\/proyecto-educativo-del-barrio-san-francisco\/","og_locale":"es_ES","og_type":"article","og_title":"Proyecto Educativo del Barrio San Francisco - #SomosFeyAlegria en Paraguay","og_description":"[vc_row][vc_column][vc_column_text] Proyecto educativo del barrio San Francisco [\/vc_column_text][vc_column_text]Por medio del convenio con la Itaip\u00fa Binacional, y en el marco de cooperaci\u00f3n con el Ministerio de Educaci\u00f3n y Ciencias, Fe y Alegr\u00eda adopta desde el 2019 al Colegio T\u00e9cnico San Francisco en orden a contribuir a trav\u00e9s de sus experiencias y buenas pr\u00e1cticas educativas de inserci\u00f3n","og_url":"https:\/\/www.feyalegria.org\/paraguay\/proyecto-educativo-del-barrio-san-francisco\/","og_site_name":"#SomosFeyAlegria en Paraguay","article_modified_time":"2023-02-03T13:25:03+00:00","twitter_card":"summary_large_image","twitter_misc":{"Tiempo de lectura":"2 minutos"},"schema":{"@context":"https:\/\/schema.org","@graph":[{"@type":"WebPage","@id":"https:\/\/www.feyalegria.org\/paraguay\/proyecto-educativo-del-barrio-san-francisco\/","url":"https:\/\/www.feyalegria.org\/paraguay\/proyecto-educativo-del-barrio-san-francisco\/","name":"Proyecto Educativo del Barrio San Francisco - #SomosFeyAlegria en Paraguay","isPartOf":{"@id":"https:\/\/www.feyalegria.org\/paraguay\/#website"},"datePublished":"2022-10-26T18:05:24+00:00","dateModified":"2023-02-03T13:25:03+00:00","breadcrumb":{"@id":"https:\/\/www.feyalegria.org\/paraguay\/proyecto-educativo-del-barrio-san-francisco\/#breadcrumb"},"inLanguage":"es","potentialAction":[{"@type":"ReadAction","target":["https:\/\/www.feyalegria.org\/paraguay\/proyecto-educativo-del-barrio-san-francisco\/"]}]},{"@type":"BreadcrumbList","@id":"https:\/\/www.feyalegria.org\/paraguay\/proyecto-educativo-del-barrio-san-francisco\/#breadcrumb","itemListElement":[{"@type":"ListItem","position":1,"name":"Home","item":"https:\/\/www.feyalegria.org\/paraguay\/"},{"@type":"ListItem","position":2,"name":"Proyecto Educativo del Barrio San Francisco"}]},{"@type":"WebSite","@id":"https:\/\/www.feyalegria.org\/paraguay\/#website","url":"https:\/\/www.feyalegria.org\/paraguay\/","name":"#SomosFeyAlegria en Paraguay","description":"Movimiento de Educaci\u00f3n Popular y Promoci\u00f3n Social","potentialAction":[{"@type":"SearchAction","target":{"@type":"EntryPoint","urlTemplate":"https:\/\/www.feyalegria.org\/paraguay\/?s={search_term_string}"},"query-input":{"@type":"PropertyValueSpecification","valueRequired":true,"valueName":"search_term_string"}}],"inLanguage":"es"}]}},"_links":{"self":[{"href":"https:\/\/www.feyalegria.org\/paraguay\/wp-json\/wp\/v2\/pages\/2421","targetHints":{"allow":["GET"]}}],"collection":[{"href":"https:\/\/www.feyalegria.org\/paraguay\/wp-json\/wp\/v2\/pages"}],"about":[{"href":"https:\/\/www.feyalegria.org\/paraguay\/wp-json\/wp\/v2\/types\/page"}],"author":[{"embeddable":true,"href":"https:\/\/www.feyalegria.org\/paraguay\/wp-json\/wp\/v2\/users\/2"}],"replies":[{"embeddable":true,"href":"https:\/\/www.feyalegria.org\/paraguay\/wp-json\/wp\/v2\/comments?post=2421"}],"version-history":[{"count":0,"href":"https:\/\/www.feyalegria.org\/paraguay\/wp-json\/wp\/v2\/pages\/2421\/revisions"}],"wp:attachment":[{"href":"https:\/\/www.feyalegria.org\/paraguay\/wp-json\/wp\/v2\/media?parent=2421"}],"wp:term":[{"taxonomy":"folder","embeddable":true,"href":"https:\/\/www.feyalegria.org\/paraguay\/wp-json\/wp\/v2\/folder?post=2421"}],"curies":[{"name":"wp","href":"https:\/\/api.w.org\/{rel}","templated":true}]}}