 {"id":2422,"date":"2022-10-26T10:06:04","date_gmt":"2022-10-26T15:06:04","guid":{"rendered":"https:\/\/www.feyalegria.org\/paraguay\/?page_id=2422"},"modified":"2023-02-06T17:31:13","modified_gmt":"2023-02-06T22:31:13","slug":"pai-puku-centro-de-formacion-integral-maria-medianera-de-todas-las-gracias-de-fe-y-alegria","status":"publish","type":"page","link":"https:\/\/www.feyalegria.org\/paraguay\/pai-puku-centro-de-formacion-integral-maria-medianera-de-todas-las-gracias-de-fe-y-alegria\/","title":{"rendered":"Pa&#8217;i Puku &#8211; Centro de Formaci\u00f3n Integral Mar\u00eda Medianera de Todas las Gracias de Fe y Alegr\u00eda"},"content":{"rendered":"<div class=\"wpb-content-wrapper\"><p>[vc_row][vc_column width=\u00bb5\/6&#8243;]<div style=\"background-color:;height: 50px\" class=\"nicdark_section  \"><\/div>[\/vc_column][vc_column width=\u00bb1\/6&#8243;]<a href=\"https:\/\/www.feyalegria.org\/paraguay\/centros-educativos\/\" title=\"Centros educativos\"  data-id=\"mpc_button-9869d6a9c43270b\" class=\"mpc-button mpc-init mpc-transition mpc-typography--default \" ><div class=\"mpc-button__content mpc-effect-type--stay mpc-effect-side--left\"><i class=\"mpc-button__icon mpc-transition  mi mi-pin_drop\"><\/i><span class=\"mpc-button__title mpc-transition\">Volver al mapa<\/span><\/div><div class=\"mpc-button__background mpc-transition mpc-effect-type--fade mpc-effect-side--in\"><\/div><\/a>[\/vc_column][\/vc_row][vc_row][vc_column width=\u00bb2\/3&#8243;][vc_column_text]<\/p>\n<p align=\"justify\">Somos un centro que recibe, acoge, forma y capacita a ni\u00f1as, ni\u00f1os, adolescentes y j\u00f3venes del Chaco; a trav\u00e9s de una formaci\u00f3n integral e inclusiva mediante propuestas pedag\u00f3gicas y t\u00e9cnicas innovadoras que permite, como persona y profesionales competentes, una convivencia digna y comprometida con su comunidad y con la sociedad, respetando y cuidando el medio ambiente.<\/p>\n<p align=\"justify\">Tenemos una trayectoria en la educaci\u00f3n de calidad por <strong>m\u00e1s de 50 a\u00f1os.<\/strong><\/p>\n<p align=\"justify\"><strong>Modalidad:<\/strong> Entidad Educativa Residencial, ubicada en el departamento de Presidente Hayes, distrito de Benjam\u00edn Aceval, sitio km 156 RPY 9.<\/p>\n<p align=\"justify\">Los estudiantes que residen aqu\u00ed son de familias cuyos padres trabajan en las estancias y, debido a las condiciones del contexto, no tienen acceso a la educaci\u00f3n. Este centro subsiste gracias al trabajo colaborativo de empresas, instituciones del estado y organizaciones de la sociedad civil.<\/p>\n<p>Dentro de la misma funcionan los siguientes <strong>niveles:<\/strong><\/p>\n<ol>\n<li>Escuela B\u00e1sica N\u00b0 1151 Parroquial Subvencionada Mar\u00eda Medianera de Todas las Gracias: nivel inicial, 1\u00b0 y 2\u00b0 ciclo.<\/li>\n<li>Colegio Privado Subvencionado Monse\u00f1or Pedro Shaw: 3\u00b0 ciclo y nivel medio.<\/li>\n<li>Escuela T\u00e9cnica Vocacional Pa&#8217;i Puku: carpinter\u00eda, plomer\u00eda electricidad.<\/li>\n<li>Centro de Formaci\u00f3n y Capacitaci\u00f3n Laboral Mar\u00eda Medianera: corte y confecci\u00f3n, peluquer\u00eda, manualidad, cocina.<\/li>\n<\/ol>\n<p>Actualmente contamos con 289 estudiantes de los cuales 214 viven en la residencia y 75 son externos, es decir que retornan a sus hogares.<br \/>\nLos <strong>valores<\/strong> que inculcamos son: compromiso, espiritualidad, respeto, inclusi\u00f3n, cooperaci\u00f3n, solidaridad, libertad, calidad, innovaci\u00f3n y cuidado del medio ambiente.<\/p>\n<h5 style=\"text-align: left;\"><strong><span style=\"color: #aa0f16;\">Contactos<\/span><\/strong><\/h5>\n<p><strong>Directora<\/strong>: Emi P\u00e1ez.<br \/>\n<strong>Tel\u00e9fono<\/strong>: +595986120019[\/vc_column_text][\/vc_column][vc_column width=\u00bb1\/3&#8243;][vc_gmaps link=\u00bb#E-8_JTNDaWZyYW1lJTIwc3JjJTNEJTIyaHR0cHMlM0ElMkYlMkZ3d3cuZ29vZ2xlLmNvbSUyRm1hcHMlMkZlbWJlZCUzRnBiJTNEJTIxMW0xNCUyMTFtOCUyMTFtMyUyMTFkMTQ1NDQuMTk4MDAzNjU4MTg2JTIxMmQtNTguMjI4NzE5MiUyMTNkLTI0LjMwOTkwODQlMjEzbTIlMjExaTEwMjQlMjEyaTc2OCUyMTRmMTMuMSUyMTNtMyUyMTFtMiUyMTFzMHgwJTI1M0EweGUzYmRmYmU0NjkzYjk5Y2UlMjEyc0VzY3VlbGElMjUyMFBhJTI2JTIzMzklM0JpJTI1MjBQdWt1JTI1MjAtJTI1MjBDZW50cm8lMjUyMGRlJTI1MjBGb3JtYWNpJTI1QzMlMjVCM24lMjUyMEludGVncmFsJTI1MjBNYXIlMjVDMyUyNUFEYSUyNTIwTWVkaWFuZXJhJTIxNWUwJTIxM20yJTIxMXNlcy00MTklMjEyc3B5JTIxNHYxNjY2Nzk2NTkxNjk2JTIxNW0yJTIxMXNlcy00MTklMjEyc3B5JTIyJTIwJTIwd2lkdGglM0QlMjI2MDAlMjIlMjBoZWlnaHQlM0QlMjI0NTAlMjIlMjBmcmFtZWJvcmRlciUzRCUyMjAlMjIlMjBzdHlsZSUzRCUyMmJvcmRlciUzQTAlM0IlMjIlMjBhbGxvd2Z1bGxzY3JlZW4lM0QlMjIlMjIlMjBhcmlhLWhpZGRlbiUzRCUyMmZhbHNlJTIyJTIwdGFiaW5kZXglM0QlMjIwJTIyJTNFJTNDJTJGaWZyYW1lJTNF\u00bb][\/vc_column][\/vc_row][vc_row][vc_column width=\u00bb1\/4&#8243;][vc_single_image image=\u00bb8424&#8243; img_size=\u00bbmedium\u00bb alignment=\u00bbcenter\u00bb onclick=\u00bbimg_link_large\u00bb][\/vc_column][vc_column width=\u00bb1\/4&#8243;][vc_single_image image=\u00bb8557&#8243; img_size=\u00bbmedium\u00bb alignment=\u00bbcenter\u00bb onclick=\u00bbimg_link_large\u00bb][\/vc_column][vc_column width=\u00bb1\/4&#8243;][vc_single_image image=\u00bb8467&#8243; img_size=\u00bbmedium\u00bb][\/vc_column][vc_column width=\u00bb1\/4&#8243;][vc_single_image image=\u00bb8513&#8243; img_size=\u00bbmedium\u00bb][\/vc_column][\/vc_row]<\/p>\n<\/div>","protected":false},"excerpt":{"rendered":"<p>[vc_row][vc_column width=\u00bb5\/6&#8243;][\/vc_column][vc_column width=\u00bb1\/6&#8243;][\/vc_column][\/vc_row][vc_row][vc_column width=\u00bb2\/3&#8243;][vc_column_text] Somos un centro que recibe, acoge, forma y capacita a ni\u00f1as, ni\u00f1os, adolescentes y j\u00f3venes del Chaco; a trav\u00e9s de una formaci\u00f3n integral e inclusiva mediante propuestas pedag\u00f3gicas y t\u00e9cnicas innovadoras que permite, como persona y profesionales competentes, una convivencia digna y comprometida con su comunidad y con la sociedad, respetando<\/p>\n","protected":false},"author":2,"featured_media":0,"parent":0,"menu_order":0,"comment_status":"closed","ping_status":"closed","template":"","meta":{"_acf_changed":false,"footnotes":""},"folder":[],"class_list":["post-2422","page","type-page","status-publish","hentry"],"acf":[],"yoast_head":"<!-- This site is optimized with the Yoast SEO plugin v27.2 - https:\/\/yoast.com\/product\/yoast-seo-wordpress\/ -->\n<title>Pa&#039;i Puku - Centro de Formaci\u00f3n Integral Mar\u00eda Medianera de Todas las Gracias de Fe y Alegr\u00eda - #SomosFeyAlegria en Paraguay<\/title>\n<meta name=\"robots\" content=\"index, follow, max-snippet:-1, max-image-preview:large, max-video-preview:-1\" \/>\n<link rel=\"canonical\" href=\"https:\/\/www.feyalegria.org\/paraguay\/pai-puku-centro-de-formacion-integral-maria-medianera-de-todas-las-gracias-de-fe-y-alegria\/\" \/>\n<meta property=\"og:locale\" content=\"es_ES\" \/>\n<meta property=\"og:type\" content=\"article\" \/>\n<meta property=\"og:title\" content=\"Pa&#039;i Puku - Centro de Formaci\u00f3n Integral Mar\u00eda Medianera de Todas las Gracias de Fe y Alegr\u00eda - #SomosFeyAlegria en Paraguay\" \/>\n<meta property=\"og:description\" content=\"[vc_row][vc_column width=\u00bb5\/6&#8243;][\/vc_column][vc_column width=\u00bb1\/6&#8243;][\/vc_column][\/vc_row][vc_row][vc_column width=\u00bb2\/3&#8243;][vc_column_text] Somos un centro que recibe, acoge, forma y capacita a ni\u00f1as, ni\u00f1os, adolescentes y j\u00f3venes del Chaco; a trav\u00e9s de una formaci\u00f3n integral e inclusiva mediante propuestas pedag\u00f3gicas y t\u00e9cnicas innovadoras que permite, como persona y profesionales competentes, una convivencia digna y comprometida con su comunidad y con la sociedad, respetando\" \/>\n<meta property=\"og:url\" content=\"https:\/\/www.feyalegria.org\/paraguay\/pai-puku-centro-de-formacion-integral-maria-medianera-de-todas-las-gracias-de-fe-y-alegria\/\" \/>\n<meta property=\"og:site_name\" content=\"#SomosFeyAlegria en Paraguay\" \/>\n<meta property=\"article:modified_time\" content=\"2023-02-06T22:31:13+00:00\" \/>\n<meta name=\"twitter:card\" content=\"summary_large_image\" \/>\n<meta name=\"twitter:label1\" content=\"Tiempo de lectura\" \/>\n\t<meta name=\"twitter:data1\" content=\"3 minutos\" \/>\n<script type=\"application\/ld+json\" class=\"yoast-schema-graph\">{\"@context\":\"https:\/\/schema.org\",\"@graph\":[{\"@type\":\"WebPage\",\"@id\":\"https:\/\/www.feyalegria.org\/paraguay\/pai-puku-centro-de-formacion-integral-maria-medianera-de-todas-las-gracias-de-fe-y-alegria\/\",\"url\":\"https:\/\/www.feyalegria.org\/paraguay\/pai-puku-centro-de-formacion-integral-maria-medianera-de-todas-las-gracias-de-fe-y-alegria\/\",\"name\":\"Pa'i Puku - Centro de Formaci\u00f3n Integral Mar\u00eda Medianera de Todas las Gracias de Fe y Alegr\u00eda - #SomosFeyAlegria en Paraguay\",\"isPartOf\":{\"@id\":\"https:\/\/www.feyalegria.org\/paraguay\/#website\"},\"datePublished\":\"2022-10-26T15:06:04+00:00\",\"dateModified\":\"2023-02-06T22:31:13+00:00\",\"breadcrumb\":{\"@id\":\"https:\/\/www.feyalegria.org\/paraguay\/pai-puku-centro-de-formacion-integral-maria-medianera-de-todas-las-gracias-de-fe-y-alegria\/#breadcrumb\"},\"inLanguage\":\"es\",\"potentialAction\":[{\"@type\":\"ReadAction\",\"target\":[\"https:\/\/www.feyalegria.org\/paraguay\/pai-puku-centro-de-formacion-integral-maria-medianera-de-todas-las-gracias-de-fe-y-alegria\/\"]}]},{\"@type\":\"BreadcrumbList\",\"@id\":\"https:\/\/www.feyalegria.org\/paraguay\/pai-puku-centro-de-formacion-integral-maria-medianera-de-todas-las-gracias-de-fe-y-alegria\/#breadcrumb\",\"itemListElement\":[{\"@type\":\"ListItem\",\"position\":1,\"name\":\"Home\",\"item\":\"https:\/\/www.feyalegria.org\/paraguay\/\"},{\"@type\":\"ListItem\",\"position\":2,\"name\":\"Pa&#8217;i Puku &#8211; Centro de Formaci\u00f3n Integral Mar\u00eda Medianera de Todas las Gracias de Fe y Alegr\u00eda\"}]},{\"@type\":\"WebSite\",\"@id\":\"https:\/\/www.feyalegria.org\/paraguay\/#website\",\"url\":\"https:\/\/www.feyalegria.org\/paraguay\/\",\"name\":\"#SomosFeyAlegria en Paraguay\",\"description\":\"Movimiento de Educaci\u00f3n Popular y Promoci\u00f3n Social\",\"potentialAction\":[{\"@type\":\"SearchAction\",\"target\":{\"@type\":\"EntryPoint\",\"urlTemplate\":\"https:\/\/www.feyalegria.org\/paraguay\/?s={search_term_string}\"},\"query-input\":{\"@type\":\"PropertyValueSpecification\",\"valueRequired\":true,\"valueName\":\"search_term_string\"}}],\"inLanguage\":\"es\"}]}<\/script>\n<!-- \/ Yoast SEO plugin. -->","yoast_head_json":{"title":"Pa'i Puku - Centro de Formaci\u00f3n Integral Mar\u00eda Medianera de Todas las Gracias de Fe y Alegr\u00eda - #SomosFeyAlegria en Paraguay","robots":{"index":"index","follow":"follow","max-snippet":"max-snippet:-1","max-image-preview":"max-image-preview:large","max-video-preview":"max-video-preview:-1"},"canonical":"https:\/\/www.feyalegria.org\/paraguay\/pai-puku-centro-de-formacion-integral-maria-medianera-de-todas-las-gracias-de-fe-y-alegria\/","og_locale":"es_ES","og_type":"article","og_title":"Pa'i Puku - Centro de Formaci\u00f3n Integral Mar\u00eda Medianera de Todas las Gracias de Fe y Alegr\u00eda - #SomosFeyAlegria en Paraguay","og_description":"[vc_row][vc_column width=\u00bb5\/6&#8243;][\/vc_column][vc_column width=\u00bb1\/6&#8243;][\/vc_column][\/vc_row][vc_row][vc_column width=\u00bb2\/3&#8243;][vc_column_text] Somos un centro que recibe, acoge, forma y capacita a ni\u00f1as, ni\u00f1os, adolescentes y j\u00f3venes del Chaco; a trav\u00e9s de una formaci\u00f3n integral e inclusiva mediante propuestas pedag\u00f3gicas y t\u00e9cnicas innovadoras que permite, como persona y profesionales competentes, una convivencia digna y comprometida con su comunidad y con la sociedad, respetando","og_url":"https:\/\/www.feyalegria.org\/paraguay\/pai-puku-centro-de-formacion-integral-maria-medianera-de-todas-las-gracias-de-fe-y-alegria\/","og_site_name":"#SomosFeyAlegria en Paraguay","article_modified_time":"2023-02-06T22:31:13+00:00","twitter_card":"summary_large_image","twitter_misc":{"Tiempo de lectura":"3 minutos"},"schema":{"@context":"https:\/\/schema.org","@graph":[{"@type":"WebPage","@id":"https:\/\/www.feyalegria.org\/paraguay\/pai-puku-centro-de-formacion-integral-maria-medianera-de-todas-las-gracias-de-fe-y-alegria\/","url":"https:\/\/www.feyalegria.org\/paraguay\/pai-puku-centro-de-formacion-integral-maria-medianera-de-todas-las-gracias-de-fe-y-alegria\/","name":"Pa'i Puku - Centro de Formaci\u00f3n Integral Mar\u00eda Medianera de Todas las Gracias de Fe y Alegr\u00eda - #SomosFeyAlegria en Paraguay","isPartOf":{"@id":"https:\/\/www.feyalegria.org\/paraguay\/#website"},"datePublished":"2022-10-26T15:06:04+00:00","dateModified":"2023-02-06T22:31:13+00:00","breadcrumb":{"@id":"https:\/\/www.feyalegria.org\/paraguay\/pai-puku-centro-de-formacion-integral-maria-medianera-de-todas-las-gracias-de-fe-y-alegria\/#breadcrumb"},"inLanguage":"es","potentialAction":[{"@type":"ReadAction","target":["https:\/\/www.feyalegria.org\/paraguay\/pai-puku-centro-de-formacion-integral-maria-medianera-de-todas-las-gracias-de-fe-y-alegria\/"]}]},{"@type":"BreadcrumbList","@id":"https:\/\/www.feyalegria.org\/paraguay\/pai-puku-centro-de-formacion-integral-maria-medianera-de-todas-las-gracias-de-fe-y-alegria\/#breadcrumb","itemListElement":[{"@type":"ListItem","position":1,"name":"Home","item":"https:\/\/www.feyalegria.org\/paraguay\/"},{"@type":"ListItem","position":2,"name":"Pa&#8217;i Puku &#8211; Centro de Formaci\u00f3n Integral Mar\u00eda Medianera de Todas las Gracias de Fe y Alegr\u00eda"}]},{"@type":"WebSite","@id":"https:\/\/www.feyalegria.org\/paraguay\/#website","url":"https:\/\/www.feyalegria.org\/paraguay\/","name":"#SomosFeyAlegria en Paraguay","description":"Movimiento de Educaci\u00f3n Popular y Promoci\u00f3n Social","potentialAction":[{"@type":"SearchAction","target":{"@type":"EntryPoint","urlTemplate":"https:\/\/www.feyalegria.org\/paraguay\/?s={search_term_string}"},"query-input":{"@type":"PropertyValueSpecification","valueRequired":true,"valueName":"search_term_string"}}],"inLanguage":"es"}]}},"_links":{"self":[{"href":"https:\/\/www.feyalegria.org\/paraguay\/wp-json\/wp\/v2\/pages\/2422","targetHints":{"allow":["GET"]}}],"collection":[{"href":"https:\/\/www.feyalegria.org\/paraguay\/wp-json\/wp\/v2\/pages"}],"about":[{"href":"https:\/\/www.feyalegria.org\/paraguay\/wp-json\/wp\/v2\/types\/page"}],"author":[{"embeddable":true,"href":"https:\/\/www.feyalegria.org\/paraguay\/wp-json\/wp\/v2\/users\/2"}],"replies":[{"embeddable":true,"href":"https:\/\/www.feyalegria.org\/paraguay\/wp-json\/wp\/v2\/comments?post=2422"}],"version-history":[{"count":0,"href":"https:\/\/www.feyalegria.org\/paraguay\/wp-json\/wp\/v2\/pages\/2422\/revisions"}],"wp:attachment":[{"href":"https:\/\/www.feyalegria.org\/paraguay\/wp-json\/wp\/v2\/media?parent=2422"}],"wp:term":[{"taxonomy":"folder","embeddable":true,"href":"https:\/\/www.feyalegria.org\/paraguay\/wp-json\/wp\/v2\/folder?post=2422"}],"curies":[{"name":"wp","href":"https:\/\/api.w.org\/{rel}","templated":true}]}}