 {"id":2429,"date":"2022-10-26T12:30:38","date_gmt":"2022-10-26T17:30:38","guid":{"rendered":"https:\/\/www.feyalegria.org\/paraguay\/?page_id=2429"},"modified":"2025-02-12T09:34:13","modified_gmt":"2025-02-12T14:34:13","slug":"escuela-virgen-de-caacupe-de-fe-y-alegria-luque","status":"publish","type":"page","link":"https:\/\/www.feyalegria.org\/paraguay\/escuela-virgen-de-caacupe-de-fe-y-alegria-luque\/","title":{"rendered":"Escuela Virgen de Caacup\u00e9 de Fe y Alegr\u00eda &#8211; Luque"},"content":{"rendered":"<div class=\"wpb-content-wrapper\"><p>[vc_row][vc_column width=\u00bb5\/6&#8243;]<div style=\"background-color:;height: 50px\" class=\"nicdark_section  \"><\/div>[\/vc_column][vc_column width=\u00bb1\/6&#8243;]<a href=\"https:\/\/www.feyalegria.org\/paraguay\/centros-educativos\/\" title=\"Centros educativos\"  data-id=\"mpc_button-7469d6aa45d81f7\" class=\"mpc-button mpc-init mpc-transition mpc-typography--default \" ><div class=\"mpc-button__content mpc-effect-type--stay mpc-effect-side--left\"><i class=\"mpc-button__icon mpc-transition  mi mi-pin_drop\"><\/i><span class=\"mpc-button__title mpc-transition\">Volver al mapa<\/span><\/div><div class=\"mpc-button__background mpc-transition mpc-effect-type--fade mpc-effect-side--in\"><\/div><\/a>[\/vc_column][\/vc_row][vc_row][vc_column width=\u00bb2\/3&#8243;][vc_column_text css=\u00bb\u00bb]La escuela tiene su origen el 9\u00a0 marzo del 2009. Fue creada para atender a la poblaci\u00f3n vulnerable del asentamiento virgen de Caacup\u00e9 de la ciudad de Luque. El 21 de abril del mismo a\u00f1o obtiene la habilitaci\u00f3n con la resoluci\u00f3n N\u00ba 621 Escuela B\u00e1sica N\u00ba 7573 Virgen de Caacup\u00e9 de Fe y Alegr\u00eda.<br \/>\nSin contar con aulas y sin otro cobijo m\u00e1s que los \u00e1rboles de la plaza, alberg\u00f3 a un total de 54 ni\u00f1os desde el preescolar hasta el tercer grado.<br \/>\nLos maestros fundadores fueron la Profesora Matilde Estigarribia, el profesor Juan Joel Riveros N\u00fa\u00f1ez y la Profesora Cynthia Mabel Gim\u00e9nez Chuchi.<br \/>\nActualmente cuenta con un edificio acorde a las necesidades, un terreno de dos hect\u00e1reas, plantel de docentes calificados y un total de 222 estudiantes desde el jard\u00edn hasta el sexto grado, adem\u00e1s del octavo grado en Iniciaci\u00f3n Profesional Agropecuaria.<br \/>\nLa instituci\u00f3n ofrece una educaci\u00f3n de calidad enmarcada dentro del Sistema de Mejora de la Calidad Educativa desde Fe y Alegr\u00eda.<\/p>\n<blockquote><p><b>\u00abUna educaci\u00f3n para los pobres no debe ser una pobre educaci\u00f3n\u00bb.<\/b><br \/>\n<b> \u2014 Padre Jos\u00e9\u00a0Mar\u00eda Velaz, fundador de Fe y Alegr\u00eda.<\/b><\/p><\/blockquote>\n<p>Ofrecemos educaci\u00f3n en valores, trabajos acad\u00e9micos por niveles seg\u00fan las necesidades de los estudiantes, proyectos institucionales que apuntan a elevar el nivel de aprendizaje de los estudiantes y, sobre todo, la importancia de la persona del ni\u00f1o, buscando despertar el deseo de superaci\u00f3n, el empoderamiento personal y social.<br \/>\nLa escuela trabaja para lograr por medio de la educaci\u00f3n la formaci\u00f3n de l\u00edderes que contribuyan a la formaci\u00f3n de una sociedad m\u00e1s justa y solidaria.<\/p>\n<h5 style=\"text-align: left;\"><strong><span style=\"color: #aa0f16;\">Contactos<\/span><\/strong><\/h5>\n<p><strong>Director<\/strong>: Ricardo Ag\u00fcero.<br \/>\n<strong>Tel\u00e9fono<\/strong>: +595992291240[\/vc_column_text][\/vc_column][vc_column width=\u00bb1\/3&#8243;][vc_gmaps link=\u00bb#E-8_JTNDaWZyYW1lJTIwc3JjJTNEJTIyaHR0cHMlM0ElMkYlMkZ3d3cuZ29vZ2xlLmNvbSUyRm1hcHMlMkZlbWJlZCUzRnBiJTNEJTIxMW0xOCUyMTFtMTIlMjExbTMlMjExZDQzMjEuNTQxMzA2MDUwMzA4JTIxMmQtNTcuNDQ1NTk2NzE3Njg3MTQ1JTIxM2QtMjUuMjc2NDc3Mzc2NjcyMTclMjEybTMlMjExZjAlMjEyZjAlMjEzZjAlMjEzbTIlMjExaTEwMjQlMjEyaTc2OCUyMTRmMTMuMSUyMTNtMyUyMTFtMiUyMTFzMHgwJTI1M0EweGExMjg3NzE0ZDZiYTM2OWQlMjEyc0VzY3VlbGElMjUyMEIlMjVDMyUyNUExc2ljYSUyNTIwTiUyNUMyJTI1QjAlMjUyMDc1NTMlMjUyMFByaXYuJTI1MjBTdWJ2LiUyNTIwVmlyZ2VuJTI1MjBkZSUyNTIwQ2FhY3VwJTI1QzMlMjVBOSUyNTIwZGUlMjUyMEZlJTI1MjB5JTI1MjBBbGVnciUyNUMzJTI1QURhJTIxNWUwJTIxM20yJTIxMXNlcy00MTklMjEyc3B5JTIxNHYxNjY2ODA1MzU4ODQxJTIxNW0yJTIxMXNlcy00MTklMjEyc3B5JTIyJTIwJTIwd2lkdGglM0QlMjI2MDAlMjIlMjBoZWlnaHQlM0QlMjI0NTAlMjIlMjBmcmFtZWJvcmRlciUzRCUyMjAlMjIlMjBzdHlsZSUzRCUyMmJvcmRlciUzQTAlM0IlMjIlMjBhbGxvd2Z1bGxzY3JlZW4lM0QlMjIlMjIlMjBhcmlhLWhpZGRlbiUzRCUyMmZhbHNlJTIyJTIwdGFiaW5kZXglM0QlMjIwJTIyJTNFJTNDJTJGaWZyYW1lJTNF\u00bb][\/vc_column][\/vc_row][vc_row][vc_column width=\u00bb1\/4&#8243;][vc_single_image image=\u00bb8425&#8243; img_size=\u00bbmedium\u00bb alignment=\u00bbcenter\u00bb onclick=\u00bbimg_link_large\u00bb][\/vc_column][vc_column width=\u00bb1\/4&#8243;][vc_single_image image=\u00bb8468&#8243; img_size=\u00bbmedium\u00bb alignment=\u00bbcenter\u00bb onclick=\u00bbimg_link_large\u00bb][\/vc_column][vc_column width=\u00bb1\/4&#8243;][vc_single_image image=\u00bb8514&#8243; img_size=\u00bbmedium\u00bb][\/vc_column][vc_column width=\u00bb1\/4&#8243;][vc_single_image image=\u00bb8558&#8243; img_size=\u00bbmedium\u00bb][\/vc_column][\/vc_row]<\/p>\n<\/div>","protected":false},"excerpt":{"rendered":"<p>[vc_row][vc_column width=\u00bb5\/6&#8243;][\/vc_column][vc_column width=\u00bb1\/6&#8243;][\/vc_column][\/vc_row][vc_row][vc_column width=\u00bb2\/3&#8243;][vc_column_text css=\u00bb\u00bb]La escuela tiene su origen el 9\u00a0 marzo del 2009. Fue creada para atender a la poblaci\u00f3n vulnerable del asentamiento virgen de Caacup\u00e9 de la ciudad de Luque. El 21 de abril del mismo a\u00f1o obtiene la habilitaci\u00f3n con la resoluci\u00f3n N\u00ba 621 Escuela B\u00e1sica N\u00ba 7573 Virgen de Caacup\u00e9 de<\/p>\n","protected":false},"author":2,"featured_media":0,"parent":0,"menu_order":0,"comment_status":"closed","ping_status":"closed","template":"","meta":{"_acf_changed":false,"footnotes":""},"folder":[],"class_list":["post-2429","page","type-page","status-publish","hentry"],"acf":[],"yoast_head":"<!-- This site is optimized with the Yoast SEO plugin v27.2 - https:\/\/yoast.com\/product\/yoast-seo-wordpress\/ -->\n<title>Escuela Virgen de Caacup\u00e9 de Fe y Alegr\u00eda - Luque - #SomosFeyAlegria en Paraguay<\/title>\n<meta name=\"robots\" content=\"index, follow, max-snippet:-1, max-image-preview:large, max-video-preview:-1\" \/>\n<link rel=\"canonical\" href=\"https:\/\/www.feyalegria.org\/paraguay\/escuela-virgen-de-caacupe-de-fe-y-alegria-luque\/\" \/>\n<meta property=\"og:locale\" content=\"es_ES\" \/>\n<meta property=\"og:type\" content=\"article\" \/>\n<meta property=\"og:title\" content=\"Escuela Virgen de Caacup\u00e9 de Fe y Alegr\u00eda - Luque - #SomosFeyAlegria en Paraguay\" \/>\n<meta property=\"og:description\" content=\"[vc_row][vc_column width=\u00bb5\/6&#8243;][\/vc_column][vc_column width=\u00bb1\/6&#8243;][\/vc_column][\/vc_row][vc_row][vc_column width=\u00bb2\/3&#8243;][vc_column_text css=\u00bb\u00bb]La escuela tiene su origen el 9\u00a0 marzo del 2009. Fue creada para atender a la poblaci\u00f3n vulnerable del asentamiento virgen de Caacup\u00e9 de la ciudad de Luque. El 21 de abril del mismo a\u00f1o obtiene la habilitaci\u00f3n con la resoluci\u00f3n N\u00ba 621 Escuela B\u00e1sica N\u00ba 7573 Virgen de Caacup\u00e9 de\" \/>\n<meta property=\"og:url\" content=\"https:\/\/www.feyalegria.org\/paraguay\/escuela-virgen-de-caacupe-de-fe-y-alegria-luque\/\" \/>\n<meta property=\"og:site_name\" content=\"#SomosFeyAlegria en Paraguay\" \/>\n<meta property=\"article:modified_time\" content=\"2025-02-12T14:34:13+00:00\" \/>\n<meta name=\"twitter:card\" content=\"summary_large_image\" \/>\n<meta name=\"twitter:label1\" content=\"Tiempo de lectura\" \/>\n\t<meta name=\"twitter:data1\" content=\"2 minutos\" \/>\n<script type=\"application\/ld+json\" class=\"yoast-schema-graph\">{\"@context\":\"https:\/\/schema.org\",\"@graph\":[{\"@type\":\"WebPage\",\"@id\":\"https:\/\/www.feyalegria.org\/paraguay\/escuela-virgen-de-caacupe-de-fe-y-alegria-luque\/\",\"url\":\"https:\/\/www.feyalegria.org\/paraguay\/escuela-virgen-de-caacupe-de-fe-y-alegria-luque\/\",\"name\":\"Escuela Virgen de Caacup\u00e9 de Fe y Alegr\u00eda - Luque - #SomosFeyAlegria en Paraguay\",\"isPartOf\":{\"@id\":\"https:\/\/www.feyalegria.org\/paraguay\/#website\"},\"datePublished\":\"2022-10-26T17:30:38+00:00\",\"dateModified\":\"2025-02-12T14:34:13+00:00\",\"breadcrumb\":{\"@id\":\"https:\/\/www.feyalegria.org\/paraguay\/escuela-virgen-de-caacupe-de-fe-y-alegria-luque\/#breadcrumb\"},\"inLanguage\":\"es\",\"potentialAction\":[{\"@type\":\"ReadAction\",\"target\":[\"https:\/\/www.feyalegria.org\/paraguay\/escuela-virgen-de-caacupe-de-fe-y-alegria-luque\/\"]}]},{\"@type\":\"BreadcrumbList\",\"@id\":\"https:\/\/www.feyalegria.org\/paraguay\/escuela-virgen-de-caacupe-de-fe-y-alegria-luque\/#breadcrumb\",\"itemListElement\":[{\"@type\":\"ListItem\",\"position\":1,\"name\":\"Home\",\"item\":\"https:\/\/www.feyalegria.org\/paraguay\/\"},{\"@type\":\"ListItem\",\"position\":2,\"name\":\"Escuela Virgen de Caacup\u00e9 de Fe y Alegr\u00eda &#8211; Luque\"}]},{\"@type\":\"WebSite\",\"@id\":\"https:\/\/www.feyalegria.org\/paraguay\/#website\",\"url\":\"https:\/\/www.feyalegria.org\/paraguay\/\",\"name\":\"#SomosFeyAlegria en Paraguay\",\"description\":\"Movimiento de Educaci\u00f3n Popular y Promoci\u00f3n Social\",\"potentialAction\":[{\"@type\":\"SearchAction\",\"target\":{\"@type\":\"EntryPoint\",\"urlTemplate\":\"https:\/\/www.feyalegria.org\/paraguay\/?s={search_term_string}\"},\"query-input\":{\"@type\":\"PropertyValueSpecification\",\"valueRequired\":true,\"valueName\":\"search_term_string\"}}],\"inLanguage\":\"es\"}]}<\/script>\n<!-- \/ Yoast SEO plugin. -->","yoast_head_json":{"title":"Escuela Virgen de Caacup\u00e9 de Fe y Alegr\u00eda - Luque - #SomosFeyAlegria en Paraguay","robots":{"index":"index","follow":"follow","max-snippet":"max-snippet:-1","max-image-preview":"max-image-preview:large","max-video-preview":"max-video-preview:-1"},"canonical":"https:\/\/www.feyalegria.org\/paraguay\/escuela-virgen-de-caacupe-de-fe-y-alegria-luque\/","og_locale":"es_ES","og_type":"article","og_title":"Escuela Virgen de Caacup\u00e9 de Fe y Alegr\u00eda - Luque - #SomosFeyAlegria en Paraguay","og_description":"[vc_row][vc_column width=\u00bb5\/6&#8243;][\/vc_column][vc_column width=\u00bb1\/6&#8243;][\/vc_column][\/vc_row][vc_row][vc_column width=\u00bb2\/3&#8243;][vc_column_text css=\u00bb\u00bb]La escuela tiene su origen el 9\u00a0 marzo del 2009. Fue creada para atender a la poblaci\u00f3n vulnerable del asentamiento virgen de Caacup\u00e9 de la ciudad de Luque. El 21 de abril del mismo a\u00f1o obtiene la habilitaci\u00f3n con la resoluci\u00f3n N\u00ba 621 Escuela B\u00e1sica N\u00ba 7573 Virgen de Caacup\u00e9 de","og_url":"https:\/\/www.feyalegria.org\/paraguay\/escuela-virgen-de-caacupe-de-fe-y-alegria-luque\/","og_site_name":"#SomosFeyAlegria en Paraguay","article_modified_time":"2025-02-12T14:34:13+00:00","twitter_card":"summary_large_image","twitter_misc":{"Tiempo de lectura":"2 minutos"},"schema":{"@context":"https:\/\/schema.org","@graph":[{"@type":"WebPage","@id":"https:\/\/www.feyalegria.org\/paraguay\/escuela-virgen-de-caacupe-de-fe-y-alegria-luque\/","url":"https:\/\/www.feyalegria.org\/paraguay\/escuela-virgen-de-caacupe-de-fe-y-alegria-luque\/","name":"Escuela Virgen de Caacup\u00e9 de Fe y Alegr\u00eda - Luque - #SomosFeyAlegria en Paraguay","isPartOf":{"@id":"https:\/\/www.feyalegria.org\/paraguay\/#website"},"datePublished":"2022-10-26T17:30:38+00:00","dateModified":"2025-02-12T14:34:13+00:00","breadcrumb":{"@id":"https:\/\/www.feyalegria.org\/paraguay\/escuela-virgen-de-caacupe-de-fe-y-alegria-luque\/#breadcrumb"},"inLanguage":"es","potentialAction":[{"@type":"ReadAction","target":["https:\/\/www.feyalegria.org\/paraguay\/escuela-virgen-de-caacupe-de-fe-y-alegria-luque\/"]}]},{"@type":"BreadcrumbList","@id":"https:\/\/www.feyalegria.org\/paraguay\/escuela-virgen-de-caacupe-de-fe-y-alegria-luque\/#breadcrumb","itemListElement":[{"@type":"ListItem","position":1,"name":"Home","item":"https:\/\/www.feyalegria.org\/paraguay\/"},{"@type":"ListItem","position":2,"name":"Escuela Virgen de Caacup\u00e9 de Fe y Alegr\u00eda &#8211; Luque"}]},{"@type":"WebSite","@id":"https:\/\/www.feyalegria.org\/paraguay\/#website","url":"https:\/\/www.feyalegria.org\/paraguay\/","name":"#SomosFeyAlegria en Paraguay","description":"Movimiento de Educaci\u00f3n Popular y Promoci\u00f3n Social","potentialAction":[{"@type":"SearchAction","target":{"@type":"EntryPoint","urlTemplate":"https:\/\/www.feyalegria.org\/paraguay\/?s={search_term_string}"},"query-input":{"@type":"PropertyValueSpecification","valueRequired":true,"valueName":"search_term_string"}}],"inLanguage":"es"}]}},"_links":{"self":[{"href":"https:\/\/www.feyalegria.org\/paraguay\/wp-json\/wp\/v2\/pages\/2429","targetHints":{"allow":["GET"]}}],"collection":[{"href":"https:\/\/www.feyalegria.org\/paraguay\/wp-json\/wp\/v2\/pages"}],"about":[{"href":"https:\/\/www.feyalegria.org\/paraguay\/wp-json\/wp\/v2\/types\/page"}],"author":[{"embeddable":true,"href":"https:\/\/www.feyalegria.org\/paraguay\/wp-json\/wp\/v2\/users\/2"}],"replies":[{"embeddable":true,"href":"https:\/\/www.feyalegria.org\/paraguay\/wp-json\/wp\/v2\/comments?post=2429"}],"version-history":[{"count":0,"href":"https:\/\/www.feyalegria.org\/paraguay\/wp-json\/wp\/v2\/pages\/2429\/revisions"}],"wp:attachment":[{"href":"https:\/\/www.feyalegria.org\/paraguay\/wp-json\/wp\/v2\/media?parent=2429"}],"wp:term":[{"taxonomy":"folder","embeddable":true,"href":"https:\/\/www.feyalegria.org\/paraguay\/wp-json\/wp\/v2\/folder?post=2429"}],"curies":[{"name":"wp","href":"https:\/\/api.w.org\/{rel}","templated":true}]}}