 {"id":2436,"date":"2022-10-26T12:55:42","date_gmt":"2022-10-26T17:55:42","guid":{"rendered":"https:\/\/www.feyalegria.org\/paraguay\/?page_id=2436"},"modified":"2023-02-07T17:28:08","modified_gmt":"2023-02-07T22:28:08","slug":"escuela-despertar-de-fe-y-alegria","status":"publish","type":"page","link":"https:\/\/www.feyalegria.org\/paraguay\/escuela-despertar-de-fe-y-alegria\/","title":{"rendered":"Escuela Despertar de Fe y Alegr\u00eda"},"content":{"rendered":"<div class=\"wpb-content-wrapper\"><p>[vc_row][vc_column width=\u00bb5\/6&#8243;]<div style=\"background-color:;height: 50px\" class=\"nicdark_section  \"><\/div>[\/vc_column][vc_column width=\u00bb1\/6&#8243;]<a href=\"https:\/\/www.feyalegria.org\/paraguay\/centros-educativos\/\" title=\"Centros educativos\"  data-id=\"mpc_button-7569d6aa266eac1\" class=\"mpc-button mpc-init mpc-transition mpc-typography--default \" ><div class=\"mpc-button__content mpc-effect-type--stay mpc-effect-side--left\"><i class=\"mpc-button__icon mpc-transition  mi mi-pin_drop\"><\/i><span class=\"mpc-button__title mpc-transition\">Volver al mapa<\/span><\/div><div class=\"mpc-button__background mpc-transition mpc-effect-type--fade mpc-effect-side--in\"><\/div><\/a>[\/vc_column][\/vc_row][vc_row][vc_column width=\u00bb2\/3&#8243;][vc_column_text]La escuela Despertar se encuentra ubicada en el barrio San Luis de Francia, fracci\u00f3n la Querencia, de la ciudad Mariano Roque Alonso, Departamento Central, a 15 km de Asunci\u00f3n, en la direcci\u00f3n Calle 3 de febrero y Juana Mar\u00eda de Lara.<br \/>\nSu origen se dio a partir de la necesidad de contar en la comunidad con un centro educativo que congregue a ni\u00f1os en edad escolar que no estaban en el sistema educativo y a otros que asist\u00edan a escuelas muy lejanas de sus hogares. Ante esta realidad, la profesora Mirtha R\u00edos, una pobladora de la comunidad muy comprometida con la causa de las necesidades del barrio San Luis, gestion\u00f3, con el apoyo de las familias, en el a\u00f1o 1992 la capilla \u201cTupasy\u00a0 Asunci\u00f3n\u201d y luego la creaci\u00f3n de la escuela junto con el Movimiento de Fe y Alegr\u00eda. Al a\u00f1o siguiente, el 14 de junio de 1993, con treinta ni\u00f1os\u00a0 y tres educadores comienzan sus primeras clases en la Escuela Despertar.<br \/>\nFue inaugurada el 15 de junio de 1993 con la denominaci\u00f3n \u201cEsc. Gda. N\u00ba 14.008 Despertar de Fe y Alegr\u00eda.<br \/>\nEl 30 de diciembre de 1993, la Asociaci\u00f3n Fe y Alegr\u00eda adquiere el terreno donde actualmente se encuentra la instituci\u00f3n, desde entonces comienzan a construirse las primeras aulas con el apoyo econ\u00f3mico de la AECID (Agencia Espa\u00f1ola de Cooperaci\u00f3n Internacional para el Desarrollo), siendo la directora fundadora la Prof. Mirtha Antonia R\u00edos Arguello.<br \/>\nLa instituci\u00f3n denominada en la actualidad es; Escuela B\u00e1sica N\u00a0 \u00ba4.731 Privada Subvencionada Despertar de Fe y Alegr\u00eda<br \/>\nActualmente cuenta con 278 estudiantes en la modalidad jornada extendida, con un plantel de 18 docentes y un equipo directivo conformado por una directora y una coordinadora pedag\u00f3gica a tiempo completo de 07:00 a 15:00 horas de forma continua. Atiende a estudiantes desde el nivel inicial al 9\u00ba grado de la educaci\u00f3n escolar b\u00e1sica.<br \/>\nLa Escuela Despertar de Fe y Alegr\u00eda tiene como visi\u00f3n implementar una educaci\u00f3n popular inclusiva de calidad con propuestas innovadoras, a trav\u00e9s de talleres interdisciplinarias, las cuales incide en pol\u00edticas p\u00fablicas, que contribuyen a la formaci\u00f3n de personas cr\u00edticas y solidarias, que, al partir de su compromiso humano cristiano, participan de manera organizada en procesos de trasformaci\u00f3n social.<br \/>\n<strong>Valores<\/strong>: Responsabilidad \u2013 Respeto \u2013 Solidaridad \u2013 Honestidad \u2013 Empat\u00eda \u2013 Compromiso -Servicio- Resiliencia.<\/p>\n<h5 style=\"text-align: left;\"><strong><span style=\"color: #aa0f16;\">Contactos<\/span><\/strong><\/h5>\n<p><strong>Directora<\/strong>: Prof. Sara Amarilla Wunderli.<br \/>\n<strong>Tel\u00e9fono<\/strong>: +595981203984[\/vc_column_text][\/vc_column][vc_column width=\u00bb1\/3&#8243;][vc_gmaps link=\u00bb#E-8_JTNDaWZyYW1lJTIwc3JjJTNEJTIyaHR0cHMlM0ElMkYlMkZ3d3cuZ29vZ2xlLmNvbSUyRm1hcHMlMkZlbWJlZCUzRnBiJTNEJTIxMW0xOCUyMTFtMTIlMjExbTMlMjExZDM2MDkuMzQ1NjI4MzgzOTQ4NyUyMTJkLTU3LjUyNDAwOSUyMTNkLTI1LjIyNTI4MTE5OTk5OTk5OCUyMTJtMyUyMTFmMCUyMTJmMCUyMTNmMCUyMTNtMiUyMTFpMTAyNCUyMTJpNzY4JTIxNGYxMy4xJTIxM20zJTIxMW0yJTIxMXMweDAlMjUzQTB4ZTJjZDBkODEyMTg2YTQ5OSUyMTJzRXNjdWVsYSUyNTIwQiUyNUMzJTI1QTFzaWNhLiUyNTIwTiUyNUMyJTI1QjAlMjUyMDQ3MzElMjUyMERlc3BlcnRhciUyNTIwZGUlMjUyMEZlJTI1MjB5JTI1MjBBbGVnciUyNUMzJTI1QURhJTIxNWUwJTIxM20yJTIxMXNlcy00MTklMjEyc3B5JTIxNHYxNjY2ODA2NjU3ODIxJTIxNW0yJTIxMXNlcy00MTklMjEyc3B5JTIyJTIwd2lkdGglM0QlMjI2MDAlMjIlMjBoZWlnaHQlM0QlMjI0NTAlMjIlMjBmcmFtZWJvcmRlciUzRCUyMjAlMjIlMjBzdHlsZSUzRCUyMmJvcmRlciUzQTAlM0IlMjIlMjBhbGxvd2Z1bGxzY3JlZW4lM0QlMjIlMjIlMjBhcmlhLWhpZGRlbiUzRCUyMmZhbHNlJTIyJTIwdGFiaW5kZXglM0QlMjIwJTIyJTNFJTNDJTJGaWZyYW1lJTNF\u00bb][\/vc_column][\/vc_row][vc_row][vc_column width=\u00bb1\/4&#8243;][vc_single_image image=\u00bb8426&#8243; img_size=\u00bbmedium\u00bb alignment=\u00bbcenter\u00bb onclick=\u00bbimg_link_large\u00bb][\/vc_column][vc_column width=\u00bb1\/4&#8243;][vc_single_image image=\u00bb8469&#8243; img_size=\u00bbmedium\u00bb alignment=\u00bbcenter\u00bb onclick=\u00bbimg_link_large\u00bb][\/vc_column][vc_column width=\u00bb1\/4&#8243;][vc_single_image image=\u00bb8559&#8243; img_size=\u00bbmedium\u00bb alignment=\u00bbcenter\u00bb onclick=\u00bbimg_link_large\u00bb][\/vc_column][vc_column width=\u00bb1\/4&#8243;][vc_single_image image=\u00bb8515&#8243; img_size=\u00bbmedium\u00bb alignment=\u00bbcenter\u00bb onclick=\u00bbimg_link_large\u00bb][\/vc_column][\/vc_row]<\/p>\n<\/div>","protected":false},"excerpt":{"rendered":"<p>[vc_row][vc_column width=\u00bb5\/6&#8243;][\/vc_column][vc_column width=\u00bb1\/6&#8243;][\/vc_column][\/vc_row][vc_row][vc_column width=\u00bb2\/3&#8243;][vc_column_text]La escuela Despertar se encuentra ubicada en el barrio San Luis de Francia, fracci\u00f3n la Querencia, de la ciudad Mariano Roque Alonso, Departamento Central, a 15 km de Asunci\u00f3n, en la direcci\u00f3n Calle 3 de febrero y Juana Mar\u00eda de Lara. Su origen se dio a partir de la necesidad de contar<\/p>\n","protected":false},"author":2,"featured_media":0,"parent":0,"menu_order":0,"comment_status":"closed","ping_status":"closed","template":"","meta":{"_acf_changed":false,"footnotes":""},"folder":[],"class_list":["post-2436","page","type-page","status-publish","hentry"],"acf":[],"yoast_head":"<!-- This site is optimized with the Yoast SEO plugin v27.2 - https:\/\/yoast.com\/product\/yoast-seo-wordpress\/ -->\n<title>Escuela Despertar de Fe y Alegr\u00eda - #SomosFeyAlegria en Paraguay<\/title>\n<meta name=\"robots\" content=\"index, follow, max-snippet:-1, max-image-preview:large, max-video-preview:-1\" \/>\n<link rel=\"canonical\" href=\"https:\/\/www.feyalegria.org\/paraguay\/escuela-despertar-de-fe-y-alegria\/\" \/>\n<meta property=\"og:locale\" content=\"es_ES\" \/>\n<meta property=\"og:type\" content=\"article\" \/>\n<meta property=\"og:title\" content=\"Escuela Despertar de Fe y Alegr\u00eda - #SomosFeyAlegria en Paraguay\" \/>\n<meta property=\"og:description\" content=\"[vc_row][vc_column width=\u00bb5\/6&#8243;][\/vc_column][vc_column width=\u00bb1\/6&#8243;][\/vc_column][\/vc_row][vc_row][vc_column width=\u00bb2\/3&#8243;][vc_column_text]La escuela Despertar se encuentra ubicada en el barrio San Luis de Francia, fracci\u00f3n la Querencia, de la ciudad Mariano Roque Alonso, Departamento Central, a 15 km de Asunci\u00f3n, en la direcci\u00f3n Calle 3 de febrero y Juana Mar\u00eda de Lara. Su origen se dio a partir de la necesidad de contar\" \/>\n<meta property=\"og:url\" content=\"https:\/\/www.feyalegria.org\/paraguay\/escuela-despertar-de-fe-y-alegria\/\" \/>\n<meta property=\"og:site_name\" content=\"#SomosFeyAlegria en Paraguay\" \/>\n<meta property=\"article:modified_time\" content=\"2023-02-07T22:28:08+00:00\" \/>\n<meta name=\"twitter:card\" content=\"summary_large_image\" \/>\n<meta name=\"twitter:label1\" content=\"Tiempo de lectura\" \/>\n\t<meta name=\"twitter:data1\" content=\"3 minutos\" \/>\n<script type=\"application\/ld+json\" class=\"yoast-schema-graph\">{\"@context\":\"https:\/\/schema.org\",\"@graph\":[{\"@type\":\"WebPage\",\"@id\":\"https:\/\/www.feyalegria.org\/paraguay\/escuela-despertar-de-fe-y-alegria\/\",\"url\":\"https:\/\/www.feyalegria.org\/paraguay\/escuela-despertar-de-fe-y-alegria\/\",\"name\":\"Escuela Despertar de Fe y Alegr\u00eda - #SomosFeyAlegria en Paraguay\",\"isPartOf\":{\"@id\":\"https:\/\/www.feyalegria.org\/paraguay\/#website\"},\"datePublished\":\"2022-10-26T17:55:42+00:00\",\"dateModified\":\"2023-02-07T22:28:08+00:00\",\"breadcrumb\":{\"@id\":\"https:\/\/www.feyalegria.org\/paraguay\/escuela-despertar-de-fe-y-alegria\/#breadcrumb\"},\"inLanguage\":\"es\",\"potentialAction\":[{\"@type\":\"ReadAction\",\"target\":[\"https:\/\/www.feyalegria.org\/paraguay\/escuela-despertar-de-fe-y-alegria\/\"]}]},{\"@type\":\"BreadcrumbList\",\"@id\":\"https:\/\/www.feyalegria.org\/paraguay\/escuela-despertar-de-fe-y-alegria\/#breadcrumb\",\"itemListElement\":[{\"@type\":\"ListItem\",\"position\":1,\"name\":\"Home\",\"item\":\"https:\/\/www.feyalegria.org\/paraguay\/\"},{\"@type\":\"ListItem\",\"position\":2,\"name\":\"Escuela Despertar de Fe y Alegr\u00eda\"}]},{\"@type\":\"WebSite\",\"@id\":\"https:\/\/www.feyalegria.org\/paraguay\/#website\",\"url\":\"https:\/\/www.feyalegria.org\/paraguay\/\",\"name\":\"#SomosFeyAlegria en Paraguay\",\"description\":\"Movimiento de Educaci\u00f3n Popular y Promoci\u00f3n Social\",\"potentialAction\":[{\"@type\":\"SearchAction\",\"target\":{\"@type\":\"EntryPoint\",\"urlTemplate\":\"https:\/\/www.feyalegria.org\/paraguay\/?s={search_term_string}\"},\"query-input\":{\"@type\":\"PropertyValueSpecification\",\"valueRequired\":true,\"valueName\":\"search_term_string\"}}],\"inLanguage\":\"es\"}]}<\/script>\n<!-- \/ Yoast SEO plugin. -->","yoast_head_json":{"title":"Escuela Despertar de Fe y Alegr\u00eda - #SomosFeyAlegria en Paraguay","robots":{"index":"index","follow":"follow","max-snippet":"max-snippet:-1","max-image-preview":"max-image-preview:large","max-video-preview":"max-video-preview:-1"},"canonical":"https:\/\/www.feyalegria.org\/paraguay\/escuela-despertar-de-fe-y-alegria\/","og_locale":"es_ES","og_type":"article","og_title":"Escuela Despertar de Fe y Alegr\u00eda - #SomosFeyAlegria en Paraguay","og_description":"[vc_row][vc_column width=\u00bb5\/6&#8243;][\/vc_column][vc_column width=\u00bb1\/6&#8243;][\/vc_column][\/vc_row][vc_row][vc_column width=\u00bb2\/3&#8243;][vc_column_text]La escuela Despertar se encuentra ubicada en el barrio San Luis de Francia, fracci\u00f3n la Querencia, de la ciudad Mariano Roque Alonso, Departamento Central, a 15 km de Asunci\u00f3n, en la direcci\u00f3n Calle 3 de febrero y Juana Mar\u00eda de Lara. Su origen se dio a partir de la necesidad de contar","og_url":"https:\/\/www.feyalegria.org\/paraguay\/escuela-despertar-de-fe-y-alegria\/","og_site_name":"#SomosFeyAlegria en Paraguay","article_modified_time":"2023-02-07T22:28:08+00:00","twitter_card":"summary_large_image","twitter_misc":{"Tiempo de lectura":"3 minutos"},"schema":{"@context":"https:\/\/schema.org","@graph":[{"@type":"WebPage","@id":"https:\/\/www.feyalegria.org\/paraguay\/escuela-despertar-de-fe-y-alegria\/","url":"https:\/\/www.feyalegria.org\/paraguay\/escuela-despertar-de-fe-y-alegria\/","name":"Escuela Despertar de Fe y Alegr\u00eda - #SomosFeyAlegria en Paraguay","isPartOf":{"@id":"https:\/\/www.feyalegria.org\/paraguay\/#website"},"datePublished":"2022-10-26T17:55:42+00:00","dateModified":"2023-02-07T22:28:08+00:00","breadcrumb":{"@id":"https:\/\/www.feyalegria.org\/paraguay\/escuela-despertar-de-fe-y-alegria\/#breadcrumb"},"inLanguage":"es","potentialAction":[{"@type":"ReadAction","target":["https:\/\/www.feyalegria.org\/paraguay\/escuela-despertar-de-fe-y-alegria\/"]}]},{"@type":"BreadcrumbList","@id":"https:\/\/www.feyalegria.org\/paraguay\/escuela-despertar-de-fe-y-alegria\/#breadcrumb","itemListElement":[{"@type":"ListItem","position":1,"name":"Home","item":"https:\/\/www.feyalegria.org\/paraguay\/"},{"@type":"ListItem","position":2,"name":"Escuela Despertar de Fe y Alegr\u00eda"}]},{"@type":"WebSite","@id":"https:\/\/www.feyalegria.org\/paraguay\/#website","url":"https:\/\/www.feyalegria.org\/paraguay\/","name":"#SomosFeyAlegria en Paraguay","description":"Movimiento de Educaci\u00f3n Popular y Promoci\u00f3n Social","potentialAction":[{"@type":"SearchAction","target":{"@type":"EntryPoint","urlTemplate":"https:\/\/www.feyalegria.org\/paraguay\/?s={search_term_string}"},"query-input":{"@type":"PropertyValueSpecification","valueRequired":true,"valueName":"search_term_string"}}],"inLanguage":"es"}]}},"_links":{"self":[{"href":"https:\/\/www.feyalegria.org\/paraguay\/wp-json\/wp\/v2\/pages\/2436","targetHints":{"allow":["GET"]}}],"collection":[{"href":"https:\/\/www.feyalegria.org\/paraguay\/wp-json\/wp\/v2\/pages"}],"about":[{"href":"https:\/\/www.feyalegria.org\/paraguay\/wp-json\/wp\/v2\/types\/page"}],"author":[{"embeddable":true,"href":"https:\/\/www.feyalegria.org\/paraguay\/wp-json\/wp\/v2\/users\/2"}],"replies":[{"embeddable":true,"href":"https:\/\/www.feyalegria.org\/paraguay\/wp-json\/wp\/v2\/comments?post=2436"}],"version-history":[{"count":0,"href":"https:\/\/www.feyalegria.org\/paraguay\/wp-json\/wp\/v2\/pages\/2436\/revisions"}],"wp:attachment":[{"href":"https:\/\/www.feyalegria.org\/paraguay\/wp-json\/wp\/v2\/media?parent=2436"}],"wp:term":[{"taxonomy":"folder","embeddable":true,"href":"https:\/\/www.feyalegria.org\/paraguay\/wp-json\/wp\/v2\/folder?post=2436"}],"curies":[{"name":"wp","href":"https:\/\/api.w.org\/{rel}","templated":true}]}}