 {"id":2446,"date":"2022-10-26T13:15:38","date_gmt":"2022-10-26T18:15:38","guid":{"rendered":"https:\/\/www.feyalegria.org\/paraguay\/?page_id=2446"},"modified":"2023-02-07T17:30:34","modified_gmt":"2023-02-07T22:30:34","slug":"escuela-y-colegio-hogar-de-jesus-de-fe-y-alegria","status":"publish","type":"page","link":"https:\/\/www.feyalegria.org\/paraguay\/escuela-y-colegio-hogar-de-jesus-de-fe-y-alegria\/","title":{"rendered":"Escuela y Colegio Hogar de Jes\u00fas de Fe y Alegr\u00eda"},"content":{"rendered":"<div class=\"wpb-content-wrapper\"><p>[vc_row][vc_column width=\u00bb5\/6&#8243;]<div style=\"background-color:;height: 50px\" class=\"nicdark_section  \"><\/div>[\/vc_column][vc_column width=\u00bb1\/6&#8243;]<a href=\"https:\/\/www.feyalegria.org\/paraguay\/centros-educativos\/\" title=\"Centros educativos\"  data-id=\"mpc_button-9669d6aa11ccbc5\" class=\"mpc-button mpc-init mpc-transition mpc-typography--default \" ><div class=\"mpc-button__content mpc-effect-type--stay mpc-effect-side--left\"><i class=\"mpc-button__icon mpc-transition  mi mi-pin_drop\"><\/i><span class=\"mpc-button__title mpc-transition\">Volver al mapa<\/span><\/div><div class=\"mpc-button__background mpc-transition mpc-effect-type--fade mpc-effect-side--in\"><\/div><\/a>[\/vc_column][\/vc_row][vc_row][vc_column width=\u00bb2\/3&#8243;][vc_column_text]La instituci\u00f3n se inici\u00f3 en el a\u00f1o 1992. Est\u00e1 situada en el Barrio Universo de la ciudad de Mariano Roque Alonso, siendo Fundadora y Directora la Hermana Gabriela Anicia Ort\u00edz Ayala, Religiosa de la congregaci\u00f3n \u201cSiervas de Jes\u00fas Sacramentado\u201d.<br \/>\nSe habilit\u00f3 con el nivel inicial y el primer grado de la Educaci\u00f3n Escolar B\u00e1sica en car\u00e1cter Privado Subvencionado. M\u00e1s tarde, en el a\u00f1o 2004, se autoriz\u00f3 la apertura del Colegio Privado Subvencionado \u201cHogar de Jes\u00fas de Fe y Alegr\u00eda\u201d con el Primer Curso de la Educaci\u00f3n Media del Bachillerato Cient\u00edfico.<br \/>\nEn la actualidad, se est\u00e1 celebrando los <strong>30 a\u00f1os de la fundaci\u00f3n institucional<\/strong> con 945 alumnos, distribuidos en ambos turnos, desde el Jard\u00edn de Infantes hasta el tercer a\u00f1o de la Educaci\u00f3n Media, bajo la direcci\u00f3n del Lic. Jos\u00e9 Gim\u00e9nez Gonz\u00e1lez y el Profesor Albino Nery G\u00f3mez, como Vicedirector y Coordinador Acad\u00e9mico. El cuerpo docente est\u00e1 compuesto por 22 profesores en los diferentes niveles acad\u00e9micos.<br \/>\nCon los estudiantes del tercer curso de la educaci\u00f3n media, se est\u00e1 llevando adelante un trabajo de investigaci\u00f3n sobre el impacto de la labor educativa de la Instituci\u00f3n en la vida de los exalumnos de las diferentes promociones que han terminado sus estudios en Hogar de Jes\u00fas.<\/p>\n<h5 style=\"text-align: left;\"><strong><span style=\"color: #aa0f16;\">Contactos<\/span><\/strong><\/h5>\n<p><strong>Directora<\/strong>: Jos\u00e9 Gim\u00e9nez.<br \/>\n<strong>Tel\u00e9fono<\/strong>: +595984601213[\/vc_column_text][\/vc_column][vc_column width=\u00bb1\/3&#8243;][vc_gmaps link=\u00bb#E-8_JTNDaWZyYW1lJTIwc3JjJTNEJTIyaHR0cHMlM0ElMkYlMkZ3d3cuZ29vZ2xlLmNvbSUyRm1hcHMlMkZlbWJlZCUzRnBiJTNEJTIxMW0xOCUyMTFtMTIlMjExbTMlMjExZDM2MTAuNTE1MTg5MTI4MTM2JTIxMmQtNTcuNTI3MTU2NiUyMTNkLTI1LjE4NTg0Mjg5OTk5OTk5NyUyMTJtMyUyMTFmMCUyMTJmMCUyMTNmMCUyMTNtMiUyMTFpMTAyNCUyMTJpNzY4JTIxNGYxMy4xJTIxM20zJTIxMW0yJTIxMXMweDAlMjUzQTB4NGViNWI5OTNkNjg2YjdkMSUyMTJzQ29sZWdpbyUyNTIweSUyNTIwRXNjdWVsYSUyNTIwQiUyNUMzJTI1QTFzaWNhJTI1MjBOJTI1QzIlMjVCMCUyNTIwNDczMCUyNTIwSG9nYXIlMjUyMGRlJTI1MjBKZXMlMjVDMyUyNUJBcyUyNTIwZGUlMjUyMEZlJTI1MjB5JTI1MjBBbGVnciUyNUMzJTI1QURhJTIxNWUwJTIxM20yJTIxMXNlcy00MTklMjEyc3B5JTIxNHYxNjY2ODA3NTQxODk2JTIxNW0yJTIxMXNlcy00MTklMjEyc3B5JTIyJTIwJTIwd2lkdGglM0QlMjI2MDAlMjIlMjBoZWlnaHQlM0QlMjI0NTAlMjIlMjBmcmFtZWJvcmRlciUzRCUyMjAlMjIlMjBzdHlsZSUzRCUyMmJvcmRlciUzQTAlM0IlMjIlMjBhbGxvd2Z1bGxzY3JlZW4lM0QlMjIlMjIlMjBhcmlhLWhpZGRlbiUzRCUyMmZhbHNlJTIyJTIwdGFiaW5kZXglM0QlMjIwJTIyJTNFJTNDJTJGaWZyYW1lJTNF\u00bb][\/vc_column][\/vc_row][vc_row][vc_column width=\u00bb1\/4&#8243;][vc_single_image image=\u00bb8427&#8243; img_size=\u00bbmedium\u00bb alignment=\u00bbcenter\u00bb onclick=\u00bbimg_link_large\u00bb][\/vc_column][vc_column width=\u00bb1\/4&#8243;][vc_single_image image=\u00bb8516&#8243; img_size=\u00bbmedium\u00bb alignment=\u00bbcenter\u00bb onclick=\u00bbimg_link_large\u00bb][\/vc_column][vc_column width=\u00bb1\/4&#8243;][vc_single_image image=\u00bb8560&#8243; img_size=\u00bbmedium\u00bb][\/vc_column][vc_column width=\u00bb1\/4&#8243;][vc_single_image image=\u00bb8719&#8243; img_size=\u00bbmedium\u00bb add_caption=\u00bbyes\u00bb][\/vc_column][\/vc_row]<\/p>\n<\/div>","protected":false},"excerpt":{"rendered":"<p>[vc_row][vc_column width=\u00bb5\/6&#8243;][\/vc_column][vc_column width=\u00bb1\/6&#8243;][\/vc_column][\/vc_row][vc_row][vc_column width=\u00bb2\/3&#8243;][vc_column_text]La instituci\u00f3n se inici\u00f3 en el a\u00f1o 1992. Est\u00e1 situada en el Barrio Universo de la ciudad de Mariano Roque Alonso, siendo Fundadora y Directora la Hermana Gabriela Anicia Ort\u00edz Ayala, Religiosa de la congregaci\u00f3n \u201cSiervas de Jes\u00fas Sacramentado\u201d. Se habilit\u00f3 con el nivel inicial y el primer grado de la Educaci\u00f3n<\/p>\n","protected":false},"author":2,"featured_media":0,"parent":0,"menu_order":0,"comment_status":"closed","ping_status":"closed","template":"","meta":{"_acf_changed":false,"footnotes":""},"folder":[],"class_list":["post-2446","page","type-page","status-publish","hentry"],"acf":[],"yoast_head":"<!-- This site is optimized with the Yoast SEO plugin v27.2 - https:\/\/yoast.com\/product\/yoast-seo-wordpress\/ -->\n<title>Escuela y Colegio Hogar de Jes\u00fas de Fe y Alegr\u00eda - #SomosFeyAlegria en Paraguay<\/title>\n<meta name=\"robots\" content=\"index, follow, max-snippet:-1, max-image-preview:large, max-video-preview:-1\" \/>\n<link rel=\"canonical\" href=\"https:\/\/www.feyalegria.org\/paraguay\/escuela-y-colegio-hogar-de-jesus-de-fe-y-alegria\/\" \/>\n<meta property=\"og:locale\" content=\"es_ES\" \/>\n<meta property=\"og:type\" content=\"article\" \/>\n<meta property=\"og:title\" content=\"Escuela y Colegio Hogar de Jes\u00fas de Fe y Alegr\u00eda - #SomosFeyAlegria en Paraguay\" \/>\n<meta property=\"og:description\" content=\"[vc_row][vc_column width=\u00bb5\/6&#8243;][\/vc_column][vc_column width=\u00bb1\/6&#8243;][\/vc_column][\/vc_row][vc_row][vc_column width=\u00bb2\/3&#8243;][vc_column_text]La instituci\u00f3n se inici\u00f3 en el a\u00f1o 1992. Est\u00e1 situada en el Barrio Universo de la ciudad de Mariano Roque Alonso, siendo Fundadora y Directora la Hermana Gabriela Anicia Ort\u00edz Ayala, Religiosa de la congregaci\u00f3n \u201cSiervas de Jes\u00fas Sacramentado\u201d. Se habilit\u00f3 con el nivel inicial y el primer grado de la Educaci\u00f3n\" \/>\n<meta property=\"og:url\" content=\"https:\/\/www.feyalegria.org\/paraguay\/escuela-y-colegio-hogar-de-jesus-de-fe-y-alegria\/\" \/>\n<meta property=\"og:site_name\" content=\"#SomosFeyAlegria en Paraguay\" \/>\n<meta property=\"article:modified_time\" content=\"2023-02-07T22:30:34+00:00\" \/>\n<meta name=\"twitter:card\" content=\"summary_large_image\" \/>\n<meta name=\"twitter:label1\" content=\"Tiempo de lectura\" \/>\n\t<meta name=\"twitter:data1\" content=\"2 minutos\" \/>\n<script type=\"application\/ld+json\" class=\"yoast-schema-graph\">{\"@context\":\"https:\/\/schema.org\",\"@graph\":[{\"@type\":\"WebPage\",\"@id\":\"https:\/\/www.feyalegria.org\/paraguay\/escuela-y-colegio-hogar-de-jesus-de-fe-y-alegria\/\",\"url\":\"https:\/\/www.feyalegria.org\/paraguay\/escuela-y-colegio-hogar-de-jesus-de-fe-y-alegria\/\",\"name\":\"Escuela y Colegio Hogar de Jes\u00fas de Fe y Alegr\u00eda - #SomosFeyAlegria en Paraguay\",\"isPartOf\":{\"@id\":\"https:\/\/www.feyalegria.org\/paraguay\/#website\"},\"datePublished\":\"2022-10-26T18:15:38+00:00\",\"dateModified\":\"2023-02-07T22:30:34+00:00\",\"breadcrumb\":{\"@id\":\"https:\/\/www.feyalegria.org\/paraguay\/escuela-y-colegio-hogar-de-jesus-de-fe-y-alegria\/#breadcrumb\"},\"inLanguage\":\"es\",\"potentialAction\":[{\"@type\":\"ReadAction\",\"target\":[\"https:\/\/www.feyalegria.org\/paraguay\/escuela-y-colegio-hogar-de-jesus-de-fe-y-alegria\/\"]}]},{\"@type\":\"BreadcrumbList\",\"@id\":\"https:\/\/www.feyalegria.org\/paraguay\/escuela-y-colegio-hogar-de-jesus-de-fe-y-alegria\/#breadcrumb\",\"itemListElement\":[{\"@type\":\"ListItem\",\"position\":1,\"name\":\"Home\",\"item\":\"https:\/\/www.feyalegria.org\/paraguay\/\"},{\"@type\":\"ListItem\",\"position\":2,\"name\":\"Escuela y Colegio Hogar de Jes\u00fas de Fe y Alegr\u00eda\"}]},{\"@type\":\"WebSite\",\"@id\":\"https:\/\/www.feyalegria.org\/paraguay\/#website\",\"url\":\"https:\/\/www.feyalegria.org\/paraguay\/\",\"name\":\"#SomosFeyAlegria en Paraguay\",\"description\":\"Movimiento de Educaci\u00f3n Popular y Promoci\u00f3n Social\",\"potentialAction\":[{\"@type\":\"SearchAction\",\"target\":{\"@type\":\"EntryPoint\",\"urlTemplate\":\"https:\/\/www.feyalegria.org\/paraguay\/?s={search_term_string}\"},\"query-input\":{\"@type\":\"PropertyValueSpecification\",\"valueRequired\":true,\"valueName\":\"search_term_string\"}}],\"inLanguage\":\"es\"}]}<\/script>\n<!-- \/ Yoast SEO plugin. -->","yoast_head_json":{"title":"Escuela y Colegio Hogar de Jes\u00fas de Fe y Alegr\u00eda - #SomosFeyAlegria en Paraguay","robots":{"index":"index","follow":"follow","max-snippet":"max-snippet:-1","max-image-preview":"max-image-preview:large","max-video-preview":"max-video-preview:-1"},"canonical":"https:\/\/www.feyalegria.org\/paraguay\/escuela-y-colegio-hogar-de-jesus-de-fe-y-alegria\/","og_locale":"es_ES","og_type":"article","og_title":"Escuela y Colegio Hogar de Jes\u00fas de Fe y Alegr\u00eda - #SomosFeyAlegria en Paraguay","og_description":"[vc_row][vc_column width=\u00bb5\/6&#8243;][\/vc_column][vc_column width=\u00bb1\/6&#8243;][\/vc_column][\/vc_row][vc_row][vc_column width=\u00bb2\/3&#8243;][vc_column_text]La instituci\u00f3n se inici\u00f3 en el a\u00f1o 1992. Est\u00e1 situada en el Barrio Universo de la ciudad de Mariano Roque Alonso, siendo Fundadora y Directora la Hermana Gabriela Anicia Ort\u00edz Ayala, Religiosa de la congregaci\u00f3n \u201cSiervas de Jes\u00fas Sacramentado\u201d. Se habilit\u00f3 con el nivel inicial y el primer grado de la Educaci\u00f3n","og_url":"https:\/\/www.feyalegria.org\/paraguay\/escuela-y-colegio-hogar-de-jesus-de-fe-y-alegria\/","og_site_name":"#SomosFeyAlegria en Paraguay","article_modified_time":"2023-02-07T22:30:34+00:00","twitter_card":"summary_large_image","twitter_misc":{"Tiempo de lectura":"2 minutos"},"schema":{"@context":"https:\/\/schema.org","@graph":[{"@type":"WebPage","@id":"https:\/\/www.feyalegria.org\/paraguay\/escuela-y-colegio-hogar-de-jesus-de-fe-y-alegria\/","url":"https:\/\/www.feyalegria.org\/paraguay\/escuela-y-colegio-hogar-de-jesus-de-fe-y-alegria\/","name":"Escuela y Colegio Hogar de Jes\u00fas de Fe y Alegr\u00eda - #SomosFeyAlegria en Paraguay","isPartOf":{"@id":"https:\/\/www.feyalegria.org\/paraguay\/#website"},"datePublished":"2022-10-26T18:15:38+00:00","dateModified":"2023-02-07T22:30:34+00:00","breadcrumb":{"@id":"https:\/\/www.feyalegria.org\/paraguay\/escuela-y-colegio-hogar-de-jesus-de-fe-y-alegria\/#breadcrumb"},"inLanguage":"es","potentialAction":[{"@type":"ReadAction","target":["https:\/\/www.feyalegria.org\/paraguay\/escuela-y-colegio-hogar-de-jesus-de-fe-y-alegria\/"]}]},{"@type":"BreadcrumbList","@id":"https:\/\/www.feyalegria.org\/paraguay\/escuela-y-colegio-hogar-de-jesus-de-fe-y-alegria\/#breadcrumb","itemListElement":[{"@type":"ListItem","position":1,"name":"Home","item":"https:\/\/www.feyalegria.org\/paraguay\/"},{"@type":"ListItem","position":2,"name":"Escuela y Colegio Hogar de Jes\u00fas de Fe y Alegr\u00eda"}]},{"@type":"WebSite","@id":"https:\/\/www.feyalegria.org\/paraguay\/#website","url":"https:\/\/www.feyalegria.org\/paraguay\/","name":"#SomosFeyAlegria en Paraguay","description":"Movimiento de Educaci\u00f3n Popular y Promoci\u00f3n Social","potentialAction":[{"@type":"SearchAction","target":{"@type":"EntryPoint","urlTemplate":"https:\/\/www.feyalegria.org\/paraguay\/?s={search_term_string}"},"query-input":{"@type":"PropertyValueSpecification","valueRequired":true,"valueName":"search_term_string"}}],"inLanguage":"es"}]}},"_links":{"self":[{"href":"https:\/\/www.feyalegria.org\/paraguay\/wp-json\/wp\/v2\/pages\/2446","targetHints":{"allow":["GET"]}}],"collection":[{"href":"https:\/\/www.feyalegria.org\/paraguay\/wp-json\/wp\/v2\/pages"}],"about":[{"href":"https:\/\/www.feyalegria.org\/paraguay\/wp-json\/wp\/v2\/types\/page"}],"author":[{"embeddable":true,"href":"https:\/\/www.feyalegria.org\/paraguay\/wp-json\/wp\/v2\/users\/2"}],"replies":[{"embeddable":true,"href":"https:\/\/www.feyalegria.org\/paraguay\/wp-json\/wp\/v2\/comments?post=2446"}],"version-history":[{"count":0,"href":"https:\/\/www.feyalegria.org\/paraguay\/wp-json\/wp\/v2\/pages\/2446\/revisions"}],"wp:attachment":[{"href":"https:\/\/www.feyalegria.org\/paraguay\/wp-json\/wp\/v2\/media?parent=2446"}],"wp:term":[{"taxonomy":"folder","embeddable":true,"href":"https:\/\/www.feyalegria.org\/paraguay\/wp-json\/wp\/v2\/folder?post=2446"}],"curies":[{"name":"wp","href":"https:\/\/api.w.org\/{rel}","templated":true}]}}