 {"id":2458,"date":"2022-10-26T13:15:19","date_gmt":"2022-10-26T18:15:19","guid":{"rendered":"https:\/\/www.feyalegria.org\/paraguay\/?page_id=2458"},"modified":"2023-02-03T08:31:30","modified_gmt":"2023-02-03T13:31:30","slug":"mejora-de-las-condiciones-de-vida-de-jovenes-y-adultos-privados-de-libertad-mediante-el-acceso-a-la-educacion-basica-formacion-para-el-trabajo-y-a-la-educacion-media-tecnica","status":"publish","type":"page","link":"https:\/\/www.feyalegria.org\/paraguay\/mejora-de-las-condiciones-de-vida-de-jovenes-y-adultos-privados-de-libertad-mediante-el-acceso-a-la-educacion-basica-formacion-para-el-trabajo-y-a-la-educacion-media-tecnica\/","title":{"rendered":"Mejora de las condiciones de vida de j\u00f3venes y adultos privados de libertad mediante el acceso a la educaci\u00f3n b\u00e1sica, formaci\u00f3n para el trabajo y a la educaci\u00f3n media t\u00e9cnica"},"content":{"rendered":"<div class=\"wpb-content-wrapper\"><p>[vc_row][vc_column][vc_column_text]<\/p>\n<section class=\"elementor-section elementor-inner-section elementor-element elementor-element-33d4b120 elementor-section-boxed elementor-section-height-default elementor-section-height-default\" data-id=\"33d4b120\">\n<div class=\"elementor-container elementor-column-gap-default\">\n<div class=\"elementor-row\">\n<div class=\"elementor-column elementor-col-100 elementor-inner-column elementor-element elementor-element-63345202\" data-id=\"63345202\">\n<div class=\"elementor-column-wrap elementor-element-populated\">\n<div class=\"elementor-widget-wrap\">\n<div class=\"elementor-element elementor-element-700b250f elementor-widget elementor-widget-heading\" data-id=\"700b250f\">\n<div class=\"elementor-widget-container\">\n<h3><span style=\"font-size: 18pt;\"><strong>Mejora de las condiciones de vida de j\u00f3venes y adultos privados de libertad mediante el acceso a la educaci\u00f3n b\u00e1sica, formaci\u00f3n para el trabajo y a la educaci\u00f3n media t\u00e9cnica<\/strong><\/span><\/h3>\n<\/div>\n<\/div>\n<\/div>\n<\/div>\n<\/div>\n<\/div>\n<\/div>\n<\/section>\n<p>[\/vc_column_text][vc_column_text]El proyecto contribuir\u00e1 a que personas privadas de libertad, puedan acceder a la Educaci\u00f3n B\u00e1sica, Formaci\u00f3n para el trabajo y la Educaci\u00f3n Media T\u00e9cnica, en 7 penitenciar\u00edas del pa\u00eds. En este sentido, el objetivo es brindar una mayor cobertura y eficacia para la inclusi\u00f3n de las personas privadas de libertad y un adecuado retorno al medio libre, favoreciendo el intercambio de experiencias e iniciativas. Se presta especial atenci\u00f3n a la formaci\u00f3n laboral, al trabajo en privaci\u00f3n de libertad y el acceso al trabajo en medio libre.<br \/>\nEl hecho de contar con un plan de formaci\u00f3n para las personas en contexto de encierro para que puedan culminar su formaci\u00f3n acad\u00e9mica y conseguir trabajo m\u00e1s f\u00e1cilmente a su salida, o de profesionalizarles en un trabajo que realizan durante su tiempo de encarcelaci\u00f3n, es una garant\u00eda esencial para que, a la salida, est\u00e9n en condiciones de poder insertarse en la sociedad. Adem\u00e1s, el \u00e9xito de estos procesos de reinserci\u00f3n es una condici\u00f3n indispensable para evitar que estas personas reincidan. De este modo, el desarrollo de programas eficaces en materia de educaci\u00f3n y capacitaci\u00f3n t\u00e9cnica va m\u00e1s all\u00e1 y tiene un impacto directo en la limitaci\u00f3n de los fen\u00f3menos delictivos y criminales.<br \/>\nTeniendo en cuenta esta propuesta, Fe y Alegr\u00eda Paraguay, a trav\u00e9s de su programa de educaci\u00f3n semipresencial para j\u00f3venes y adultos, se presenta como un modelo de educaci\u00f3n alternativa para las personas en situaci\u00f3n de encierro de las diferentes penitenciar\u00edas del pa\u00eds.<br \/>\n<strong>Zona de Intervenci\u00f3n: <\/strong>Asunci\u00f3n, Alto Paran\u00e1 (Ciudad del Este), Caaguaz\u00fa (Coronel Oviedo), Cordillera (Emboscada), Guair\u00e1 (Villarrica) y Misiones (San\u00a0 Ignacio).<br \/>\n<strong>Financiador<\/strong>: Entreculturas\/Fundaci\u00f3n Mar\u00eda Francisca de Roviralta[\/vc_column_text][vc_column_text]<\/p>\n<div class=\"elementor-element elementor-element-39892042 elementor-widget elementor-widget-heading\" data-id=\"39892042\">\n<div class=\"elementor-widget-container\">\n<h3 class=\"elementor-heading-title elementor-size-default\">Financiadora<\/h3>\n<\/div>\n<\/div>\n<p>[\/vc_column_text][vc_single_image image=\u00bb8810&#8243; img_size=\u00bbmedium\u00bb alignment=\u00bbcenter\u00bb][vc_column_text]<\/p>\n<div class=\"elementor-element elementor-element-39892042 elementor-widget elementor-widget-heading\" data-id=\"39892042\">\n<div class=\"elementor-widget-container\">\n<h3 class=\"elementor-heading-title elementor-size-default\">Fotos del Proyecto<\/h3>\n<\/div>\n<\/div>\n<p>[\/vc_column_text][\/vc_column][\/vc_row][vc_row][vc_column alignment=\u00bbcenter\u00bb]<div class=\"mpc-carousel__wrapper mpc-waypoint\"><div id=\"mpc_carousel_image-8069e27f661a0ad\" class=\"mpc-carousel-image mpc-init mpc-layout--classic mpc-effect--none \"  data-mpcslick='{\"infinite\":true,\"autoplay\":true,\"slidesToShow\":4,\"slidesToScroll\":1,\"centerMode\":false,\"initialSlide\":0,\"autoplaySpeed\":3500,\"speed\":500}' data-slick-cols=\"4\"><div target=\"\"class=\"mpc-carousel__item-wrapper\" data-height=\"300\"><div onclick=\"\" class=\"mpc-item mpc-transition\"><div class=\"mpc-border\"><\/div><img loading=\"lazy\" decoding=\"async\" width=\"300\" height=\"300\" src=\"https:\/\/d3pugrm67vf9n7.cloudfront.net\/wp-content\/uploads\/sites\/33\/2023\/02\/02095901\/17-13-300x300.png\" class=\"mpc-transition attachment-medium\" alt=\"\" title=\"17-13\" srcset=\"https:\/\/d3pugrm67vf9n7.cloudfront.net\/wp-content\/uploads\/sites\/33\/2023\/02\/02095901\/17-13.png 300w, https:\/\/d3pugrm67vf9n7.cloudfront.net\/wp-content\/uploads\/sites\/33\/2023\/02\/02095901\/17-13-150x150.png 150w\" sizes=\"auto, (max-width: 300px) 100vw, 300px\" \/><\/div><\/div><div target=\"\"class=\"mpc-carousel__item-wrapper\" data-height=\"300\"><div onclick=\"\" class=\"mpc-item mpc-transition\"><div class=\"mpc-border\"><\/div><img loading=\"lazy\" decoding=\"async\" width=\"300\" height=\"300\" src=\"https:\/\/d3pugrm67vf9n7.cloudfront.net\/wp-content\/uploads\/sites\/33\/2023\/02\/02100054\/27-13-300x300.png\" class=\"mpc-transition attachment-medium\" alt=\"\" title=\"27-13\" srcset=\"https:\/\/d3pugrm67vf9n7.cloudfront.net\/wp-content\/uploads\/sites\/33\/2023\/02\/02100054\/27-13.png 300w, https:\/\/d3pugrm67vf9n7.cloudfront.net\/wp-content\/uploads\/sites\/33\/2023\/02\/02100054\/27-13-150x150.png 150w\" sizes=\"auto, (max-width: 300px) 100vw, 300px\" \/><\/div><\/div><div target=\"\"class=\"mpc-carousel__item-wrapper\" data-height=\"300\"><div onclick=\"\" class=\"mpc-item mpc-transition\"><div class=\"mpc-border\"><\/div><img loading=\"lazy\" decoding=\"async\" width=\"300\" height=\"300\" src=\"https:\/\/d3pugrm67vf9n7.cloudfront.net\/wp-content\/uploads\/sites\/33\/2023\/02\/02100305\/35-13-300x300.png\" class=\"mpc-transition attachment-medium\" alt=\"\" title=\"35-13\" srcset=\"https:\/\/d3pugrm67vf9n7.cloudfront.net\/wp-content\/uploads\/sites\/33\/2023\/02\/02100305\/35-13.png 300w, https:\/\/d3pugrm67vf9n7.cloudfront.net\/wp-content\/uploads\/sites\/33\/2023\/02\/02100305\/35-13-150x150.png 150w\" sizes=\"auto, (max-width: 300px) 100vw, 300px\" \/><\/div><\/div><div target=\"\"class=\"mpc-carousel__item-wrapper\" data-height=\"300\"><div onclick=\"\" class=\"mpc-item mpc-transition\"><div class=\"mpc-border\"><\/div><img loading=\"lazy\" decoding=\"async\" width=\"300\" height=\"300\" src=\"https:\/\/d3pugrm67vf9n7.cloudfront.net\/wp-content\/uploads\/sites\/33\/2023\/02\/02100500\/45-12-300x300.png\" class=\"mpc-transition attachment-medium\" alt=\"\" title=\"45-12\" srcset=\"https:\/\/d3pugrm67vf9n7.cloudfront.net\/wp-content\/uploads\/sites\/33\/2023\/02\/02100500\/45-12.png 300w, https:\/\/d3pugrm67vf9n7.cloudfront.net\/wp-content\/uploads\/sites\/33\/2023\/02\/02100500\/45-12-150x150.png 150w\" sizes=\"auto, (max-width: 300px) 100vw, 300px\" \/><\/div><\/div><div target=\"\"class=\"mpc-carousel__item-wrapper\" data-height=\"300\"><div onclick=\"\" class=\"mpc-item mpc-transition\"><div class=\"mpc-border\"><\/div><img loading=\"lazy\" decoding=\"async\" width=\"300\" height=\"300\" src=\"https:\/\/d3pugrm67vf9n7.cloudfront.net\/wp-content\/uploads\/sites\/33\/2023\/02\/02100533\/52-6-300x300.png\" class=\"mpc-transition attachment-medium\" alt=\"\" title=\"52-6\" srcset=\"https:\/\/d3pugrm67vf9n7.cloudfront.net\/wp-content\/uploads\/sites\/33\/2023\/02\/02100533\/52-6.png 300w, https:\/\/d3pugrm67vf9n7.cloudfront.net\/wp-content\/uploads\/sites\/33\/2023\/02\/02100533\/52-6-150x150.png 150w\" sizes=\"auto, (max-width: 300px) 100vw, 300px\" \/><\/div><\/div><\/div><div class=\"mpc-navigation mpc-init mpc-align--center mpc-navigation--style_5  mpc-nav-preset--default\" data-mpcslider=\"mpc_carousel_image-8069e27f661a0ad\"><div class=\"mpc-nav__arrow mpcslick-prev\"><div class=\"mpc-nav__icon mpc-transition\"><i class=\" eti eti_arrow_carrot-left\"><div class=\"mpc-nav__background mpc-transition mpc-effect-type--slide mpc-effect-side--top\"><\/div><\/i><\/div><\/div><\/div><div class=\"mpc-navigation mpc-init mpc-align--center mpc-navigation--style_5  mpc-nav-preset--default\" data-mpcslider=\"mpc_carousel_image-8069e27f661a0ad\"><div class=\"mpc-nav__arrow mpcslick-next\"><div class=\"mpc-nav__icon mpc-transition\"><i class=\" eti eti_arrow_carrot-right\"><div class=\"mpc-nav__background mpc-transition mpc-effect-type--slide mpc-effect-side--top\"><\/div><\/i><\/div><\/div><\/div><\/div>[\/vc_column][\/vc_row]<\/p>\n<\/div>","protected":false},"excerpt":{"rendered":"<p>[vc_row][vc_column][vc_column_text] Mejora de las condiciones de vida de j\u00f3venes y adultos privados de libertad mediante el acceso a la educaci\u00f3n b\u00e1sica, formaci\u00f3n para el trabajo y a la educaci\u00f3n media t\u00e9cnica [\/vc_column_text][vc_column_text]El proyecto contribuir\u00e1 a que personas privadas de libertad, puedan acceder a la Educaci\u00f3n B\u00e1sica, Formaci\u00f3n para el trabajo y la Educaci\u00f3n Media T\u00e9cnica,<\/p>\n","protected":false},"author":2,"featured_media":0,"parent":0,"menu_order":0,"comment_status":"closed","ping_status":"closed","template":"","meta":{"_acf_changed":false,"footnotes":""},"folder":[],"class_list":["post-2458","page","type-page","status-publish","hentry"],"acf":[],"yoast_head":"<!-- This site is optimized with the Yoast SEO plugin v27.2 - https:\/\/yoast.com\/product\/yoast-seo-wordpress\/ -->\n<title>Mejora de las condiciones de vida de j\u00f3venes y adultos privados de libertad mediante el acceso a la educaci\u00f3n b\u00e1sica, formaci\u00f3n para el trabajo y a la educaci\u00f3n media t\u00e9cnica - #SomosFeyAlegria en Paraguay<\/title>\n<meta name=\"robots\" content=\"index, follow, max-snippet:-1, max-image-preview:large, max-video-preview:-1\" \/>\n<link rel=\"canonical\" href=\"https:\/\/www.feyalegria.org\/paraguay\/mejora-de-las-condiciones-de-vida-de-jovenes-y-adultos-privados-de-libertad-mediante-el-acceso-a-la-educacion-basica-formacion-para-el-trabajo-y-a-la-educacion-media-tecnica\/\" \/>\n<meta property=\"og:locale\" content=\"es_ES\" \/>\n<meta property=\"og:type\" content=\"article\" \/>\n<meta property=\"og:title\" content=\"Mejora de las condiciones de vida de j\u00f3venes y adultos privados de libertad mediante el acceso a la educaci\u00f3n b\u00e1sica, formaci\u00f3n para el trabajo y a la educaci\u00f3n media t\u00e9cnica - #SomosFeyAlegria en Paraguay\" \/>\n<meta property=\"og:description\" content=\"[vc_row][vc_column][vc_column_text] Mejora de las condiciones de vida de j\u00f3venes y adultos privados de libertad mediante el acceso a la educaci\u00f3n b\u00e1sica, formaci\u00f3n para el trabajo y a la educaci\u00f3n media t\u00e9cnica [\/vc_column_text][vc_column_text]El proyecto contribuir\u00e1 a que personas privadas de libertad, puedan acceder a la Educaci\u00f3n B\u00e1sica, Formaci\u00f3n para el trabajo y la Educaci\u00f3n Media T\u00e9cnica,\" \/>\n<meta property=\"og:url\" content=\"https:\/\/www.feyalegria.org\/paraguay\/mejora-de-las-condiciones-de-vida-de-jovenes-y-adultos-privados-de-libertad-mediante-el-acceso-a-la-educacion-basica-formacion-para-el-trabajo-y-a-la-educacion-media-tecnica\/\" \/>\n<meta property=\"og:site_name\" content=\"#SomosFeyAlegria en Paraguay\" \/>\n<meta property=\"article:modified_time\" content=\"2023-02-03T13:31:30+00:00\" \/>\n<meta name=\"twitter:card\" content=\"summary_large_image\" \/>\n<meta name=\"twitter:label1\" content=\"Tiempo de lectura\" \/>\n\t<meta name=\"twitter:data1\" content=\"2 minutos\" \/>\n<script type=\"application\/ld+json\" class=\"yoast-schema-graph\">{\"@context\":\"https:\/\/schema.org\",\"@graph\":[{\"@type\":\"WebPage\",\"@id\":\"https:\/\/www.feyalegria.org\/paraguay\/mejora-de-las-condiciones-de-vida-de-jovenes-y-adultos-privados-de-libertad-mediante-el-acceso-a-la-educacion-basica-formacion-para-el-trabajo-y-a-la-educacion-media-tecnica\/\",\"url\":\"https:\/\/www.feyalegria.org\/paraguay\/mejora-de-las-condiciones-de-vida-de-jovenes-y-adultos-privados-de-libertad-mediante-el-acceso-a-la-educacion-basica-formacion-para-el-trabajo-y-a-la-educacion-media-tecnica\/\",\"name\":\"Mejora de las condiciones de vida de j\u00f3venes y adultos privados de libertad mediante el acceso a la educaci\u00f3n b\u00e1sica, formaci\u00f3n para el trabajo y a la educaci\u00f3n media t\u00e9cnica - #SomosFeyAlegria en Paraguay\",\"isPartOf\":{\"@id\":\"https:\/\/www.feyalegria.org\/paraguay\/#website\"},\"datePublished\":\"2022-10-26T18:15:19+00:00\",\"dateModified\":\"2023-02-03T13:31:30+00:00\",\"breadcrumb\":{\"@id\":\"https:\/\/www.feyalegria.org\/paraguay\/mejora-de-las-condiciones-de-vida-de-jovenes-y-adultos-privados-de-libertad-mediante-el-acceso-a-la-educacion-basica-formacion-para-el-trabajo-y-a-la-educacion-media-tecnica\/#breadcrumb\"},\"inLanguage\":\"es\",\"potentialAction\":[{\"@type\":\"ReadAction\",\"target\":[\"https:\/\/www.feyalegria.org\/paraguay\/mejora-de-las-condiciones-de-vida-de-jovenes-y-adultos-privados-de-libertad-mediante-el-acceso-a-la-educacion-basica-formacion-para-el-trabajo-y-a-la-educacion-media-tecnica\/\"]}]},{\"@type\":\"BreadcrumbList\",\"@id\":\"https:\/\/www.feyalegria.org\/paraguay\/mejora-de-las-condiciones-de-vida-de-jovenes-y-adultos-privados-de-libertad-mediante-el-acceso-a-la-educacion-basica-formacion-para-el-trabajo-y-a-la-educacion-media-tecnica\/#breadcrumb\",\"itemListElement\":[{\"@type\":\"ListItem\",\"position\":1,\"name\":\"Home\",\"item\":\"https:\/\/www.feyalegria.org\/paraguay\/\"},{\"@type\":\"ListItem\",\"position\":2,\"name\":\"Mejora de las condiciones de vida de j\u00f3venes y adultos privados de libertad mediante el acceso a la educaci\u00f3n b\u00e1sica, formaci\u00f3n para el trabajo y a la educaci\u00f3n media t\u00e9cnica\"}]},{\"@type\":\"WebSite\",\"@id\":\"https:\/\/www.feyalegria.org\/paraguay\/#website\",\"url\":\"https:\/\/www.feyalegria.org\/paraguay\/\",\"name\":\"#SomosFeyAlegria en Paraguay\",\"description\":\"Movimiento de Educaci\u00f3n Popular y Promoci\u00f3n Social\",\"potentialAction\":[{\"@type\":\"SearchAction\",\"target\":{\"@type\":\"EntryPoint\",\"urlTemplate\":\"https:\/\/www.feyalegria.org\/paraguay\/?s={search_term_string}\"},\"query-input\":{\"@type\":\"PropertyValueSpecification\",\"valueRequired\":true,\"valueName\":\"search_term_string\"}}],\"inLanguage\":\"es\"}]}<\/script>\n<!-- \/ Yoast SEO plugin. -->","yoast_head_json":{"title":"Mejora de las condiciones de vida de j\u00f3venes y adultos privados de libertad mediante el acceso a la educaci\u00f3n b\u00e1sica, formaci\u00f3n para el trabajo y a la educaci\u00f3n media t\u00e9cnica - #SomosFeyAlegria en Paraguay","robots":{"index":"index","follow":"follow","max-snippet":"max-snippet:-1","max-image-preview":"max-image-preview:large","max-video-preview":"max-video-preview:-1"},"canonical":"https:\/\/www.feyalegria.org\/paraguay\/mejora-de-las-condiciones-de-vida-de-jovenes-y-adultos-privados-de-libertad-mediante-el-acceso-a-la-educacion-basica-formacion-para-el-trabajo-y-a-la-educacion-media-tecnica\/","og_locale":"es_ES","og_type":"article","og_title":"Mejora de las condiciones de vida de j\u00f3venes y adultos privados de libertad mediante el acceso a la educaci\u00f3n b\u00e1sica, formaci\u00f3n para el trabajo y a la educaci\u00f3n media t\u00e9cnica - #SomosFeyAlegria en Paraguay","og_description":"[vc_row][vc_column][vc_column_text] Mejora de las condiciones de vida de j\u00f3venes y adultos privados de libertad mediante el acceso a la educaci\u00f3n b\u00e1sica, formaci\u00f3n para el trabajo y a la educaci\u00f3n media t\u00e9cnica [\/vc_column_text][vc_column_text]El proyecto contribuir\u00e1 a que personas privadas de libertad, puedan acceder a la Educaci\u00f3n B\u00e1sica, Formaci\u00f3n para el trabajo y la Educaci\u00f3n Media T\u00e9cnica,","og_url":"https:\/\/www.feyalegria.org\/paraguay\/mejora-de-las-condiciones-de-vida-de-jovenes-y-adultos-privados-de-libertad-mediante-el-acceso-a-la-educacion-basica-formacion-para-el-trabajo-y-a-la-educacion-media-tecnica\/","og_site_name":"#SomosFeyAlegria en Paraguay","article_modified_time":"2023-02-03T13:31:30+00:00","twitter_card":"summary_large_image","twitter_misc":{"Tiempo de lectura":"2 minutos"},"schema":{"@context":"https:\/\/schema.org","@graph":[{"@type":"WebPage","@id":"https:\/\/www.feyalegria.org\/paraguay\/mejora-de-las-condiciones-de-vida-de-jovenes-y-adultos-privados-de-libertad-mediante-el-acceso-a-la-educacion-basica-formacion-para-el-trabajo-y-a-la-educacion-media-tecnica\/","url":"https:\/\/www.feyalegria.org\/paraguay\/mejora-de-las-condiciones-de-vida-de-jovenes-y-adultos-privados-de-libertad-mediante-el-acceso-a-la-educacion-basica-formacion-para-el-trabajo-y-a-la-educacion-media-tecnica\/","name":"Mejora de las condiciones de vida de j\u00f3venes y adultos privados de libertad mediante el acceso a la educaci\u00f3n b\u00e1sica, formaci\u00f3n para el trabajo y a la educaci\u00f3n media t\u00e9cnica - #SomosFeyAlegria en Paraguay","isPartOf":{"@id":"https:\/\/www.feyalegria.org\/paraguay\/#website"},"datePublished":"2022-10-26T18:15:19+00:00","dateModified":"2023-02-03T13:31:30+00:00","breadcrumb":{"@id":"https:\/\/www.feyalegria.org\/paraguay\/mejora-de-las-condiciones-de-vida-de-jovenes-y-adultos-privados-de-libertad-mediante-el-acceso-a-la-educacion-basica-formacion-para-el-trabajo-y-a-la-educacion-media-tecnica\/#breadcrumb"},"inLanguage":"es","potentialAction":[{"@type":"ReadAction","target":["https:\/\/www.feyalegria.org\/paraguay\/mejora-de-las-condiciones-de-vida-de-jovenes-y-adultos-privados-de-libertad-mediante-el-acceso-a-la-educacion-basica-formacion-para-el-trabajo-y-a-la-educacion-media-tecnica\/"]}]},{"@type":"BreadcrumbList","@id":"https:\/\/www.feyalegria.org\/paraguay\/mejora-de-las-condiciones-de-vida-de-jovenes-y-adultos-privados-de-libertad-mediante-el-acceso-a-la-educacion-basica-formacion-para-el-trabajo-y-a-la-educacion-media-tecnica\/#breadcrumb","itemListElement":[{"@type":"ListItem","position":1,"name":"Home","item":"https:\/\/www.feyalegria.org\/paraguay\/"},{"@type":"ListItem","position":2,"name":"Mejora de las condiciones de vida de j\u00f3venes y adultos privados de libertad mediante el acceso a la educaci\u00f3n b\u00e1sica, formaci\u00f3n para el trabajo y a la educaci\u00f3n media t\u00e9cnica"}]},{"@type":"WebSite","@id":"https:\/\/www.feyalegria.org\/paraguay\/#website","url":"https:\/\/www.feyalegria.org\/paraguay\/","name":"#SomosFeyAlegria en Paraguay","description":"Movimiento de Educaci\u00f3n Popular y Promoci\u00f3n Social","potentialAction":[{"@type":"SearchAction","target":{"@type":"EntryPoint","urlTemplate":"https:\/\/www.feyalegria.org\/paraguay\/?s={search_term_string}"},"query-input":{"@type":"PropertyValueSpecification","valueRequired":true,"valueName":"search_term_string"}}],"inLanguage":"es"}]}},"_links":{"self":[{"href":"https:\/\/www.feyalegria.org\/paraguay\/wp-json\/wp\/v2\/pages\/2458","targetHints":{"allow":["GET"]}}],"collection":[{"href":"https:\/\/www.feyalegria.org\/paraguay\/wp-json\/wp\/v2\/pages"}],"about":[{"href":"https:\/\/www.feyalegria.org\/paraguay\/wp-json\/wp\/v2\/types\/page"}],"author":[{"embeddable":true,"href":"https:\/\/www.feyalegria.org\/paraguay\/wp-json\/wp\/v2\/users\/2"}],"replies":[{"embeddable":true,"href":"https:\/\/www.feyalegria.org\/paraguay\/wp-json\/wp\/v2\/comments?post=2458"}],"version-history":[{"count":0,"href":"https:\/\/www.feyalegria.org\/paraguay\/wp-json\/wp\/v2\/pages\/2458\/revisions"}],"wp:attachment":[{"href":"https:\/\/www.feyalegria.org\/paraguay\/wp-json\/wp\/v2\/media?parent=2458"}],"wp:term":[{"taxonomy":"folder","embeddable":true,"href":"https:\/\/www.feyalegria.org\/paraguay\/wp-json\/wp\/v2\/folder?post=2458"}],"curies":[{"name":"wp","href":"https:\/\/api.w.org\/{rel}","templated":true}]}}