 {"id":2463,"date":"2022-10-26T13:29:55","date_gmt":"2022-10-26T18:29:55","guid":{"rendered":"https:\/\/www.feyalegria.org\/paraguay\/?page_id=2463"},"modified":"2023-02-07T16:18:24","modified_gmt":"2023-02-07T21:18:24","slug":"escuela-y-colegio-maria-auxiliadora-de-fe-y-alegria","status":"publish","type":"page","link":"https:\/\/www.feyalegria.org\/paraguay\/escuela-y-colegio-maria-auxiliadora-de-fe-y-alegria\/","title":{"rendered":"Escuela y Colegio Mar\u00eda Auxiliadora de Fe y Alegr\u00eda"},"content":{"rendered":"<div class=\"wpb-content-wrapper\"><p>[vc_row][vc_column width=\u00bb5\/6&#8243;]<div style=\"background-color:;height: 50px\" class=\"nicdark_section  \"><\/div>[\/vc_column][vc_column width=\u00bb1\/6&#8243;]<a href=\"https:\/\/www.feyalegria.org\/paraguay\/centros-educativos\/\" title=\"Centros educativos\"  data-id=\"mpc_button-8969d0df77d3215\" class=\"mpc-button mpc-init mpc-transition mpc-typography--default \" ><div class=\"mpc-button__content mpc-effect-type--stay mpc-effect-side--left\"><i class=\"mpc-button__icon mpc-transition  mi mi-pin_drop\"><\/i><span class=\"mpc-button__title mpc-transition\">Volver al mapa<\/span><\/div><div class=\"mpc-button__background mpc-transition mpc-effect-type--fade mpc-effect-side--in\"><\/div><\/a>[\/vc_column][\/vc_row][vc_row][vc_column width=\u00bb2\/3&#8243;][vc_column_text]El Centro Educativo se encuentra asentado en la localidad de Caacupem\u00ed, en la ciudad de Aregu\u00e1, en el barrio Mar\u00eda Auxiliadora.<br \/>\nLa apertura oficial se llev\u00f3 a cabo en marzo de 1995, fecha en que empezaron las clases en esta Instituci\u00f3n. La misma fue fundada por un grupo de padres de la comunidad. Su primera Directora fue la Profesora Mar\u00eda Virginia Hermosilla de Garc\u00eda.<br \/>\nLa escuela se cre\u00f3 primeramente como escuela oficial con el N\u00ba 14.531, por Resoluci\u00f3n 166 el 4 de octubre de 1995 y luego pas\u00f3 a car\u00e1cter de Escuela Privada Subvencionada con el N\u00ba 3885 Mar\u00eda Auxiliadora el 24 de noviembre del 1997.<br \/>\nActualmente est\u00e1 bajo la Direcci\u00f3n de la Lic. Myriam Soledad Franco de Leguizam\u00f3n. Cuenta con un total de 651 alumnos y 400 familias. Ofrece servicios desde el Jard\u00edn hasta el 9\u00ba Grado de la Educaci\u00f3n Escolar B\u00e1sica y del Primer al Tercer a\u00f1o de la Educaci\u00f3n Media con \u00c9nfasis en Ciencias B\u00e1sicas. La instituci\u00f3n cuenta con un plantel administrativo, t\u00e9cnico pedag\u00f3gico y docente capacitado y en permanente formaci\u00f3n en la educaci\u00f3n popular.<br \/>\nEsta instituci\u00f3n se caracteriza por acoger a estudiantes de escasos recursos econ\u00f3micos, siendo un movimiento de Educaci\u00f3n Popular Integral y de Promoci\u00f3n Social, comprometido con la poblaci\u00f3n menos favorecida que promueve el desarrollo personal y comunitario basado en valores cristianos para la construcci\u00f3n de una sociedad justa, solidaria y participativa, cumpliendo ya 27 a\u00f1os en la comunidad.<br \/>\nLa Instituci\u00f3n Educativa busca desarrollar en los hombres y mujeres actitudes cr\u00edticas, solidarias, participativas y justas en toda su dimensi\u00f3n para trasformar el contexto.<br \/>\n<strong>Nuestros valores:<\/strong><br \/>\n<strong>JUSTICIA\u00a0\u00a0\u00a0\u00a0\u00a0\u00a0\u00a0\u00a0\u00a0\u00a0 PARTICIPACI\u00d3N\u00a0\u00a0\u00a0\u00a0\u00a0\u00a0\u00a0\u00a0\u00a0\u00a0\u00a0\u00a0\u00a0\u00a0\u00a0\u00a0\u00a0 SOLIDARIDAD<\/strong><br \/>\n<strong>\u00a0<\/strong><\/p>\n<h5 style=\"text-align: left;\"><strong><span style=\"color: #aa0f16;\">Contactos<\/span><\/strong><\/h5>\n<p><strong>Directora<\/strong>: Soledad Franco.<br \/>\n<strong>Tel\u00e9fono<\/strong>: +595981214684[\/vc_column_text][\/vc_column][vc_column width=\u00bb1\/3&#8243;][vc_gmaps link=\u00bb#E-8_JTNDaWZyYW1lJTIwc3JjJTNEJTIyaHR0cHMlM0ElMkYlMkZ3d3cuZ29vZ2xlLmNvbSUyRm1hcHMlMkZlbWJlZCUzRnBiJTNEJTIxMW0xOCUyMTFtMTIlMjExbTMlMjExZDM2MDcuMzc1NDY2MzY2MzU4NSUyMTJkLTU3LjQxMDc3OCUyMTNkLTI1LjI5MTU4NjMlMjEybTMlMjExZjAlMjEyZjAlMjEzZjAlMjEzbTIlMjExaTEwMjQlMjEyaTc2OCUyMTRmMTMuMSUyMTNtMyUyMTFtMiUyMTFzMHgwJTI1M0EweGEyZDA4ZDdkN2RkYTU3MjklMjEyc0VzYy4lMjUyMEIlMjVDMyUyNUExc2ljYSUyNTIwTiUyNUMyJTI1QkEzODg1JTI1MjBQcml2YWRhJTI1MjBTdWIuJTI1MjBNYXIlMjVDMyUyNUFEYSUyNTIwQXV4aWxpYWRvcmElMjUyMGRlJTI1MjBGZSUyNTIweSUyNTIwQWxlZ3IlMjVDMyUyNUFEYSUyMTVlMCUyMTNtMiUyMTFzZXMtNDE5JTIxMnNweSUyMTR2MTY2NjgwODUxNzcxNCUyMTVtMiUyMTFzZXMtNDE5JTIxMnNweSUyMiUyMHdpZHRoJTNEJTIyNjAwJTIyJTIwaGVpZ2h0JTNEJTIyNDUwJTIyJTIwZnJhbWVib3JkZXIlM0QlMjIwJTIyJTIwc3R5bGUlM0QlMjJib3JkZXIlM0EwJTNCJTIyJTIwYWxsb3dmdWxsc2NyZWVuJTNEJTIyJTIyJTIwYXJpYS1oaWRkZW4lM0QlMjJmYWxzZSUyMiUyMHRhYmluZGV4JTNEJTIyMCUyMiUzRSUzQyUyRmlmcmFtZSUzRQ==\u00bb][\/vc_column][\/vc_row][vc_row][vc_column width=\u00bb1\/4&#8243;][vc_single_image image=\u00bb8428&#8243; img_size=\u00bbmedium\u00bb alignment=\u00bbcenter\u00bb onclick=\u00bbimg_link_large\u00bb][\/vc_column][vc_column width=\u00bb1\/4&#8243;][vc_single_image image=\u00bb8517&#8243; img_size=\u00bbmedium\u00bb alignment=\u00bbcenter\u00bb onclick=\u00bbimg_link_large\u00bb][\/vc_column][vc_column width=\u00bb1\/4&#8243;][vc_single_image image=\u00bb8561&#8243; img_size=\u00bbmedium\u00bb alignment=\u00bbcenter\u00bb onclick=\u00bbimg_link_large\u00bb][\/vc_column][vc_column width=\u00bb1\/4&#8243;][vc_single_image image=\u00bb8471&#8243; img_size=\u00bbmedium\u00bb alignment=\u00bbcenter\u00bb onclick=\u00bbimg_link_large\u00bb][\/vc_column][\/vc_row]<\/p>\n<\/div>","protected":false},"excerpt":{"rendered":"<p>[vc_row][vc_column width=\u00bb5\/6&#8243;][\/vc_column][vc_column width=\u00bb1\/6&#8243;][\/vc_column][\/vc_row][vc_row][vc_column width=\u00bb2\/3&#8243;][vc_column_text]El Centro Educativo se encuentra asentado en la localidad de Caacupem\u00ed, en la ciudad de Aregu\u00e1, en el barrio Mar\u00eda Auxiliadora. La apertura oficial se llev\u00f3 a cabo en marzo de 1995, fecha en que empezaron las clases en esta Instituci\u00f3n. La misma fue fundada por un grupo de padres de la<\/p>\n","protected":false},"author":2,"featured_media":0,"parent":0,"menu_order":0,"comment_status":"closed","ping_status":"closed","template":"","meta":{"_acf_changed":false,"footnotes":""},"folder":[],"class_list":["post-2463","page","type-page","status-publish","hentry"],"acf":[],"yoast_head":"<!-- This site is optimized with the Yoast SEO plugin v27.2 - https:\/\/yoast.com\/product\/yoast-seo-wordpress\/ -->\n<title>Escuela y Colegio Mar\u00eda Auxiliadora de Fe y Alegr\u00eda - #SomosFeyAlegria en Paraguay<\/title>\n<meta name=\"robots\" content=\"index, follow, max-snippet:-1, max-image-preview:large, max-video-preview:-1\" \/>\n<link rel=\"canonical\" href=\"https:\/\/www.feyalegria.org\/paraguay\/escuela-y-colegio-maria-auxiliadora-de-fe-y-alegria\/\" \/>\n<meta property=\"og:locale\" content=\"es_ES\" \/>\n<meta property=\"og:type\" content=\"article\" \/>\n<meta property=\"og:title\" content=\"Escuela y Colegio Mar\u00eda Auxiliadora de Fe y Alegr\u00eda - #SomosFeyAlegria en Paraguay\" \/>\n<meta property=\"og:description\" content=\"[vc_row][vc_column width=\u00bb5\/6&#8243;][\/vc_column][vc_column width=\u00bb1\/6&#8243;][\/vc_column][\/vc_row][vc_row][vc_column width=\u00bb2\/3&#8243;][vc_column_text]El Centro Educativo se encuentra asentado en la localidad de Caacupem\u00ed, en la ciudad de Aregu\u00e1, en el barrio Mar\u00eda Auxiliadora. La apertura oficial se llev\u00f3 a cabo en marzo de 1995, fecha en que empezaron las clases en esta Instituci\u00f3n. La misma fue fundada por un grupo de padres de la\" \/>\n<meta property=\"og:url\" content=\"https:\/\/www.feyalegria.org\/paraguay\/escuela-y-colegio-maria-auxiliadora-de-fe-y-alegria\/\" \/>\n<meta property=\"og:site_name\" content=\"#SomosFeyAlegria en Paraguay\" \/>\n<meta property=\"article:modified_time\" content=\"2023-02-07T21:18:24+00:00\" \/>\n<meta name=\"twitter:card\" content=\"summary_large_image\" \/>\n<meta name=\"twitter:label1\" content=\"Tiempo de lectura\" \/>\n\t<meta name=\"twitter:data1\" content=\"3 minutos\" \/>\n<script type=\"application\/ld+json\" class=\"yoast-schema-graph\">{\"@context\":\"https:\/\/schema.org\",\"@graph\":[{\"@type\":\"WebPage\",\"@id\":\"https:\/\/www.feyalegria.org\/paraguay\/escuela-y-colegio-maria-auxiliadora-de-fe-y-alegria\/\",\"url\":\"https:\/\/www.feyalegria.org\/paraguay\/escuela-y-colegio-maria-auxiliadora-de-fe-y-alegria\/\",\"name\":\"Escuela y Colegio Mar\u00eda Auxiliadora de Fe y Alegr\u00eda - #SomosFeyAlegria en Paraguay\",\"isPartOf\":{\"@id\":\"https:\/\/www.feyalegria.org\/paraguay\/#website\"},\"datePublished\":\"2022-10-26T18:29:55+00:00\",\"dateModified\":\"2023-02-07T21:18:24+00:00\",\"breadcrumb\":{\"@id\":\"https:\/\/www.feyalegria.org\/paraguay\/escuela-y-colegio-maria-auxiliadora-de-fe-y-alegria\/#breadcrumb\"},\"inLanguage\":\"es\",\"potentialAction\":[{\"@type\":\"ReadAction\",\"target\":[\"https:\/\/www.feyalegria.org\/paraguay\/escuela-y-colegio-maria-auxiliadora-de-fe-y-alegria\/\"]}]},{\"@type\":\"BreadcrumbList\",\"@id\":\"https:\/\/www.feyalegria.org\/paraguay\/escuela-y-colegio-maria-auxiliadora-de-fe-y-alegria\/#breadcrumb\",\"itemListElement\":[{\"@type\":\"ListItem\",\"position\":1,\"name\":\"Home\",\"item\":\"https:\/\/www.feyalegria.org\/paraguay\/\"},{\"@type\":\"ListItem\",\"position\":2,\"name\":\"Escuela y Colegio Mar\u00eda Auxiliadora de Fe y Alegr\u00eda\"}]},{\"@type\":\"WebSite\",\"@id\":\"https:\/\/www.feyalegria.org\/paraguay\/#website\",\"url\":\"https:\/\/www.feyalegria.org\/paraguay\/\",\"name\":\"#SomosFeyAlegria en Paraguay\",\"description\":\"Movimiento de Educaci\u00f3n Popular y Promoci\u00f3n Social\",\"potentialAction\":[{\"@type\":\"SearchAction\",\"target\":{\"@type\":\"EntryPoint\",\"urlTemplate\":\"https:\/\/www.feyalegria.org\/paraguay\/?s={search_term_string}\"},\"query-input\":{\"@type\":\"PropertyValueSpecification\",\"valueRequired\":true,\"valueName\":\"search_term_string\"}}],\"inLanguage\":\"es\"}]}<\/script>\n<!-- \/ Yoast SEO plugin. -->","yoast_head_json":{"title":"Escuela y Colegio Mar\u00eda Auxiliadora de Fe y Alegr\u00eda - #SomosFeyAlegria en Paraguay","robots":{"index":"index","follow":"follow","max-snippet":"max-snippet:-1","max-image-preview":"max-image-preview:large","max-video-preview":"max-video-preview:-1"},"canonical":"https:\/\/www.feyalegria.org\/paraguay\/escuela-y-colegio-maria-auxiliadora-de-fe-y-alegria\/","og_locale":"es_ES","og_type":"article","og_title":"Escuela y Colegio Mar\u00eda Auxiliadora de Fe y Alegr\u00eda - #SomosFeyAlegria en Paraguay","og_description":"[vc_row][vc_column width=\u00bb5\/6&#8243;][\/vc_column][vc_column width=\u00bb1\/6&#8243;][\/vc_column][\/vc_row][vc_row][vc_column width=\u00bb2\/3&#8243;][vc_column_text]El Centro Educativo se encuentra asentado en la localidad de Caacupem\u00ed, en la ciudad de Aregu\u00e1, en el barrio Mar\u00eda Auxiliadora. La apertura oficial se llev\u00f3 a cabo en marzo de 1995, fecha en que empezaron las clases en esta Instituci\u00f3n. La misma fue fundada por un grupo de padres de la","og_url":"https:\/\/www.feyalegria.org\/paraguay\/escuela-y-colegio-maria-auxiliadora-de-fe-y-alegria\/","og_site_name":"#SomosFeyAlegria en Paraguay","article_modified_time":"2023-02-07T21:18:24+00:00","twitter_card":"summary_large_image","twitter_misc":{"Tiempo de lectura":"3 minutos"},"schema":{"@context":"https:\/\/schema.org","@graph":[{"@type":"WebPage","@id":"https:\/\/www.feyalegria.org\/paraguay\/escuela-y-colegio-maria-auxiliadora-de-fe-y-alegria\/","url":"https:\/\/www.feyalegria.org\/paraguay\/escuela-y-colegio-maria-auxiliadora-de-fe-y-alegria\/","name":"Escuela y Colegio Mar\u00eda Auxiliadora de Fe y Alegr\u00eda - #SomosFeyAlegria en Paraguay","isPartOf":{"@id":"https:\/\/www.feyalegria.org\/paraguay\/#website"},"datePublished":"2022-10-26T18:29:55+00:00","dateModified":"2023-02-07T21:18:24+00:00","breadcrumb":{"@id":"https:\/\/www.feyalegria.org\/paraguay\/escuela-y-colegio-maria-auxiliadora-de-fe-y-alegria\/#breadcrumb"},"inLanguage":"es","potentialAction":[{"@type":"ReadAction","target":["https:\/\/www.feyalegria.org\/paraguay\/escuela-y-colegio-maria-auxiliadora-de-fe-y-alegria\/"]}]},{"@type":"BreadcrumbList","@id":"https:\/\/www.feyalegria.org\/paraguay\/escuela-y-colegio-maria-auxiliadora-de-fe-y-alegria\/#breadcrumb","itemListElement":[{"@type":"ListItem","position":1,"name":"Home","item":"https:\/\/www.feyalegria.org\/paraguay\/"},{"@type":"ListItem","position":2,"name":"Escuela y Colegio Mar\u00eda Auxiliadora de Fe y Alegr\u00eda"}]},{"@type":"WebSite","@id":"https:\/\/www.feyalegria.org\/paraguay\/#website","url":"https:\/\/www.feyalegria.org\/paraguay\/","name":"#SomosFeyAlegria en Paraguay","description":"Movimiento de Educaci\u00f3n Popular y Promoci\u00f3n Social","potentialAction":[{"@type":"SearchAction","target":{"@type":"EntryPoint","urlTemplate":"https:\/\/www.feyalegria.org\/paraguay\/?s={search_term_string}"},"query-input":{"@type":"PropertyValueSpecification","valueRequired":true,"valueName":"search_term_string"}}],"inLanguage":"es"}]}},"_links":{"self":[{"href":"https:\/\/www.feyalegria.org\/paraguay\/wp-json\/wp\/v2\/pages\/2463","targetHints":{"allow":["GET"]}}],"collection":[{"href":"https:\/\/www.feyalegria.org\/paraguay\/wp-json\/wp\/v2\/pages"}],"about":[{"href":"https:\/\/www.feyalegria.org\/paraguay\/wp-json\/wp\/v2\/types\/page"}],"author":[{"embeddable":true,"href":"https:\/\/www.feyalegria.org\/paraguay\/wp-json\/wp\/v2\/users\/2"}],"replies":[{"embeddable":true,"href":"https:\/\/www.feyalegria.org\/paraguay\/wp-json\/wp\/v2\/comments?post=2463"}],"version-history":[{"count":0,"href":"https:\/\/www.feyalegria.org\/paraguay\/wp-json\/wp\/v2\/pages\/2463\/revisions"}],"wp:attachment":[{"href":"https:\/\/www.feyalegria.org\/paraguay\/wp-json\/wp\/v2\/media?parent=2463"}],"wp:term":[{"taxonomy":"folder","embeddable":true,"href":"https:\/\/www.feyalegria.org\/paraguay\/wp-json\/wp\/v2\/folder?post=2463"}],"curies":[{"name":"wp","href":"https:\/\/api.w.org\/{rel}","templated":true}]}}