 {"id":2479,"date":"2022-10-26T13:51:13","date_gmt":"2022-10-26T18:51:13","guid":{"rendered":"https:\/\/www.feyalegria.org\/paraguay\/?page_id=2479"},"modified":"2023-02-07T17:18:36","modified_gmt":"2023-02-07T22:18:36","slug":"escuela-la-victoria-de-fe-y-alegria","status":"publish","type":"page","link":"https:\/\/www.feyalegria.org\/paraguay\/escuela-la-victoria-de-fe-y-alegria\/","title":{"rendered":"Escuela La Victoria de Fe y Alegr\u00eda"},"content":{"rendered":"<div class=\"wpb-content-wrapper\"><p>[vc_row][vc_column width=\u00bb5\/6&#8243;]<div style=\"background-color:;height: 50px\" class=\"nicdark_section  \"><\/div>[\/vc_column][vc_column width=\u00bb1\/6&#8243;]<a href=\"https:\/\/www.feyalegria.org\/paraguay\/centros-educativos\/\" title=\"Centros educativos\"  data-id=\"mpc_button-5569d6a9c02785f\" class=\"mpc-button mpc-init mpc-transition mpc-typography--default \" ><div class=\"mpc-button__content mpc-effect-type--stay mpc-effect-side--left\"><i class=\"mpc-button__icon mpc-transition  mi mi-pin_drop\"><\/i><span class=\"mpc-button__title mpc-transition\">Volver al mapa<\/span><\/div><div class=\"mpc-button__background mpc-transition mpc-effect-type--fade mpc-effect-side--in\"><\/div><\/a>[\/vc_column][\/vc_row][vc_row][vc_column width=\u00bb2\/3&#8243;][vc_column_text]El asentamiento Virgen de Caacup\u00e9, de la ciudad de Ypan\u00e9, se origina con familias procedentes del Ba\u00f1ado Sur y otras regiones del pa\u00eds. Los mismos solicitaron al Movimiento de Educaci\u00f3n Popular y Promoci\u00f3n Social Fe y Alegr\u00eda la apertura de una escuela para dicho asentamiento.<br \/>\nLos padres y madres se reunieron e iniciaron el proceso de formaci\u00f3n del centro educativo. Este empez\u00f3 a funcionar en el terreno de la futura capilla con aulas de madera, tres salas de clase y un ba\u00f1o.<br \/>\nSe fund\u00f3 el 6 de enero del 2008, contando con 150 estudiantes en los turnos ma\u00f1ana y tarde.<br \/>\nDurante el a\u00f1o lectivo 2008 la escuela funcion\u00f3 sin apertura y habilitaci\u00f3n del Ministerio de Educaci\u00f3n y Ciencias. Luego de recoger los requisitos correspondientes, en noviembre del mismo a\u00f1o, se obtuvo la resoluci\u00f3n de apertura.<br \/>\nA partir del 2011 con la compra del terreno para la escuela y la construcci\u00f3n de cinco aulas, ba\u00f1os sexados y un patio, la misma se traslada a su local actual.<br \/>\nBrinda la posibilidad de educaci\u00f3n desde el nivel inicial hasta el noveno grado.<br \/>\nActualmente se cuenta con 210 estudiantes, 180 familias y 20 docentes.<\/p>\n<ul>\n<li>Oferta Educativa: Jard\u00edn al 9\u00ba Grado.<\/li>\n<li>Modalidad: Doble Turno.<\/li>\n<li>Cantidad: 210 alumnos\/as.<\/li>\n<li>Familias: 180.<\/li>\n<\/ul>\n<h5 style=\"text-align: left;\"><strong><span style=\"color: #aa0f16;\">Contactos<\/span><\/strong><\/h5>\n<p><strong>Director<\/strong>: Toribio Quintana Sanabria.<br \/>\n<strong>Tel\u00e9fono<\/strong>: +595982368795[\/vc_column_text][\/vc_column][vc_column width=\u00bb1\/3&#8243;][vc_gmaps link=\u00bb#E-8_JTNDaWZyYW1lJTIwc3JjJTNEJTIyaHR0cHMlM0ElMkYlMkZ3d3cuZ29vZ2xlLmNvbSUyRm1hcHMlMkZlbWJlZCUzRnBiJTNEJTIxMW0xOCUyMTFtMTIlMjExbTMlMjExZDM2MDEuNTg0MDUzMzAwMDA5JTIxMmQtNTcuNDkzOTU3OTAwMDAwMDA1JTIxM2QtMjUuNDg1NTYxJTIxMm0zJTIxMWYwJTIxMmYwJTIxM2YwJTIxM20yJTIxMWkxMDI0JTIxMmk3NjglMjE0ZjEzLjElMjEzbTMlMjExbTIlMjExczB4OTQ1YzUzNjQ3M2MzNzY3NSUyNTNBMHg5MWUxNTU4NjA1NThkMGJmJTIxMnNFc2N1ZWxhJTI1MjBMYSUyNTIwVmljdG9yaWElMjUyMGRlJTI1MjBGZSUyNTIweSUyNTIwQWxlZ3IlMjVDMyUyNUFEYSUyMTVlMCUyMTNtMiUyMTFzZXMtNDE5JTIxMnNweSUyMTR2MTY2NjgwOTkyMTA3MSUyMTVtMiUyMTFzZXMtNDE5JTIxMnNweSUyMiUyMCUyMHdpZHRoJTNEJTIyNjAwJTIyJTIwaGVpZ2h0JTNEJTIyNDUwJTIyJTIwZnJhbWVib3JkZXIlM0QlMjIwJTIyJTIwc3R5bGUlM0QlMjJib3JkZXIlM0EwJTNCJTIyJTIwYWxsb3dmdWxsc2NyZWVuJTNEJTIyJTIyJTIwYXJpYS1oaWRkZW4lM0QlMjJmYWxzZSUyMiUyMHRhYmluZGV4JTNEJTIyMCUyMiUzRSUzQyUyRmlmcmFtZSUzRQ==\u00bb][\/vc_column][\/vc_row][vc_row][vc_column width=\u00bb1\/4&#8243;][vc_single_image image=\u00bb8429&#8243; img_size=\u00bbmedium\u00bb alignment=\u00bbcenter\u00bb onclick=\u00bbimg_link_large\u00bb][\/vc_column][vc_column width=\u00bb1\/4&#8243;][vc_single_image image=\u00bb8472&#8243; img_size=\u00bbmedium\u00bb alignment=\u00bbcenter\u00bb onclick=\u00bbimg_link_large\u00bb][\/vc_column][vc_column width=\u00bb1\/4&#8243;][vc_single_image image=\u00bb8872&#8243; img_size=\u00bbmedium\u00bb][\/vc_column][vc_column width=\u00bb1\/4&#8243;][vc_single_image image=\u00bb8562&#8243; img_size=\u00bbmedium\u00bb][\/vc_column][\/vc_row]<\/p>\n<\/div>","protected":false},"excerpt":{"rendered":"<p>[vc_row][vc_column width=\u00bb5\/6&#8243;][\/vc_column][vc_column width=\u00bb1\/6&#8243;][\/vc_column][\/vc_row][vc_row][vc_column width=\u00bb2\/3&#8243;][vc_column_text]El asentamiento Virgen de Caacup\u00e9, de la ciudad de Ypan\u00e9, se origina con familias procedentes del Ba\u00f1ado Sur y otras regiones del pa\u00eds. Los mismos solicitaron al Movimiento de Educaci\u00f3n Popular y Promoci\u00f3n Social Fe y Alegr\u00eda la apertura de una escuela para dicho asentamiento. Los padres y madres se reunieron e<\/p>\n","protected":false},"author":2,"featured_media":0,"parent":0,"menu_order":0,"comment_status":"closed","ping_status":"closed","template":"","meta":{"_acf_changed":false,"footnotes":""},"folder":[],"class_list":["post-2479","page","type-page","status-publish","hentry"],"acf":[],"yoast_head":"<!-- This site is optimized with the Yoast SEO plugin v27.2 - https:\/\/yoast.com\/product\/yoast-seo-wordpress\/ -->\n<title>Escuela La Victoria de Fe y Alegr\u00eda - #SomosFeyAlegria en Paraguay<\/title>\n<meta name=\"robots\" content=\"index, follow, max-snippet:-1, max-image-preview:large, max-video-preview:-1\" \/>\n<link rel=\"canonical\" href=\"https:\/\/www.feyalegria.org\/paraguay\/escuela-la-victoria-de-fe-y-alegria\/\" \/>\n<meta property=\"og:locale\" content=\"es_ES\" \/>\n<meta property=\"og:type\" content=\"article\" \/>\n<meta property=\"og:title\" content=\"Escuela La Victoria de Fe y Alegr\u00eda - #SomosFeyAlegria en Paraguay\" \/>\n<meta property=\"og:description\" content=\"[vc_row][vc_column width=\u00bb5\/6&#8243;][\/vc_column][vc_column width=\u00bb1\/6&#8243;][\/vc_column][\/vc_row][vc_row][vc_column width=\u00bb2\/3&#8243;][vc_column_text]El asentamiento Virgen de Caacup\u00e9, de la ciudad de Ypan\u00e9, se origina con familias procedentes del Ba\u00f1ado Sur y otras regiones del pa\u00eds. Los mismos solicitaron al Movimiento de Educaci\u00f3n Popular y Promoci\u00f3n Social Fe y Alegr\u00eda la apertura de una escuela para dicho asentamiento. Los padres y madres se reunieron e\" \/>\n<meta property=\"og:url\" content=\"https:\/\/www.feyalegria.org\/paraguay\/escuela-la-victoria-de-fe-y-alegria\/\" \/>\n<meta property=\"og:site_name\" content=\"#SomosFeyAlegria en Paraguay\" \/>\n<meta property=\"article:modified_time\" content=\"2023-02-07T22:18:36+00:00\" \/>\n<meta name=\"twitter:card\" content=\"summary_large_image\" \/>\n<meta name=\"twitter:label1\" content=\"Tiempo de lectura\" \/>\n\t<meta name=\"twitter:data1\" content=\"2 minutos\" \/>\n<script type=\"application\/ld+json\" class=\"yoast-schema-graph\">{\"@context\":\"https:\/\/schema.org\",\"@graph\":[{\"@type\":\"WebPage\",\"@id\":\"https:\/\/www.feyalegria.org\/paraguay\/escuela-la-victoria-de-fe-y-alegria\/\",\"url\":\"https:\/\/www.feyalegria.org\/paraguay\/escuela-la-victoria-de-fe-y-alegria\/\",\"name\":\"Escuela La Victoria de Fe y Alegr\u00eda - #SomosFeyAlegria en Paraguay\",\"isPartOf\":{\"@id\":\"https:\/\/www.feyalegria.org\/paraguay\/#website\"},\"datePublished\":\"2022-10-26T18:51:13+00:00\",\"dateModified\":\"2023-02-07T22:18:36+00:00\",\"breadcrumb\":{\"@id\":\"https:\/\/www.feyalegria.org\/paraguay\/escuela-la-victoria-de-fe-y-alegria\/#breadcrumb\"},\"inLanguage\":\"es\",\"potentialAction\":[{\"@type\":\"ReadAction\",\"target\":[\"https:\/\/www.feyalegria.org\/paraguay\/escuela-la-victoria-de-fe-y-alegria\/\"]}]},{\"@type\":\"BreadcrumbList\",\"@id\":\"https:\/\/www.feyalegria.org\/paraguay\/escuela-la-victoria-de-fe-y-alegria\/#breadcrumb\",\"itemListElement\":[{\"@type\":\"ListItem\",\"position\":1,\"name\":\"Home\",\"item\":\"https:\/\/www.feyalegria.org\/paraguay\/\"},{\"@type\":\"ListItem\",\"position\":2,\"name\":\"Escuela La Victoria de Fe y Alegr\u00eda\"}]},{\"@type\":\"WebSite\",\"@id\":\"https:\/\/www.feyalegria.org\/paraguay\/#website\",\"url\":\"https:\/\/www.feyalegria.org\/paraguay\/\",\"name\":\"#SomosFeyAlegria en Paraguay\",\"description\":\"Movimiento de Educaci\u00f3n Popular y Promoci\u00f3n Social\",\"potentialAction\":[{\"@type\":\"SearchAction\",\"target\":{\"@type\":\"EntryPoint\",\"urlTemplate\":\"https:\/\/www.feyalegria.org\/paraguay\/?s={search_term_string}\"},\"query-input\":{\"@type\":\"PropertyValueSpecification\",\"valueRequired\":true,\"valueName\":\"search_term_string\"}}],\"inLanguage\":\"es\"}]}<\/script>\n<!-- \/ Yoast SEO plugin. -->","yoast_head_json":{"title":"Escuela La Victoria de Fe y Alegr\u00eda - #SomosFeyAlegria en Paraguay","robots":{"index":"index","follow":"follow","max-snippet":"max-snippet:-1","max-image-preview":"max-image-preview:large","max-video-preview":"max-video-preview:-1"},"canonical":"https:\/\/www.feyalegria.org\/paraguay\/escuela-la-victoria-de-fe-y-alegria\/","og_locale":"es_ES","og_type":"article","og_title":"Escuela La Victoria de Fe y Alegr\u00eda - #SomosFeyAlegria en Paraguay","og_description":"[vc_row][vc_column width=\u00bb5\/6&#8243;][\/vc_column][vc_column width=\u00bb1\/6&#8243;][\/vc_column][\/vc_row][vc_row][vc_column width=\u00bb2\/3&#8243;][vc_column_text]El asentamiento Virgen de Caacup\u00e9, de la ciudad de Ypan\u00e9, se origina con familias procedentes del Ba\u00f1ado Sur y otras regiones del pa\u00eds. Los mismos solicitaron al Movimiento de Educaci\u00f3n Popular y Promoci\u00f3n Social Fe y Alegr\u00eda la apertura de una escuela para dicho asentamiento. Los padres y madres se reunieron e","og_url":"https:\/\/www.feyalegria.org\/paraguay\/escuela-la-victoria-de-fe-y-alegria\/","og_site_name":"#SomosFeyAlegria en Paraguay","article_modified_time":"2023-02-07T22:18:36+00:00","twitter_card":"summary_large_image","twitter_misc":{"Tiempo de lectura":"2 minutos"},"schema":{"@context":"https:\/\/schema.org","@graph":[{"@type":"WebPage","@id":"https:\/\/www.feyalegria.org\/paraguay\/escuela-la-victoria-de-fe-y-alegria\/","url":"https:\/\/www.feyalegria.org\/paraguay\/escuela-la-victoria-de-fe-y-alegria\/","name":"Escuela La Victoria de Fe y Alegr\u00eda - #SomosFeyAlegria en Paraguay","isPartOf":{"@id":"https:\/\/www.feyalegria.org\/paraguay\/#website"},"datePublished":"2022-10-26T18:51:13+00:00","dateModified":"2023-02-07T22:18:36+00:00","breadcrumb":{"@id":"https:\/\/www.feyalegria.org\/paraguay\/escuela-la-victoria-de-fe-y-alegria\/#breadcrumb"},"inLanguage":"es","potentialAction":[{"@type":"ReadAction","target":["https:\/\/www.feyalegria.org\/paraguay\/escuela-la-victoria-de-fe-y-alegria\/"]}]},{"@type":"BreadcrumbList","@id":"https:\/\/www.feyalegria.org\/paraguay\/escuela-la-victoria-de-fe-y-alegria\/#breadcrumb","itemListElement":[{"@type":"ListItem","position":1,"name":"Home","item":"https:\/\/www.feyalegria.org\/paraguay\/"},{"@type":"ListItem","position":2,"name":"Escuela La Victoria de Fe y Alegr\u00eda"}]},{"@type":"WebSite","@id":"https:\/\/www.feyalegria.org\/paraguay\/#website","url":"https:\/\/www.feyalegria.org\/paraguay\/","name":"#SomosFeyAlegria en Paraguay","description":"Movimiento de Educaci\u00f3n Popular y Promoci\u00f3n Social","potentialAction":[{"@type":"SearchAction","target":{"@type":"EntryPoint","urlTemplate":"https:\/\/www.feyalegria.org\/paraguay\/?s={search_term_string}"},"query-input":{"@type":"PropertyValueSpecification","valueRequired":true,"valueName":"search_term_string"}}],"inLanguage":"es"}]}},"_links":{"self":[{"href":"https:\/\/www.feyalegria.org\/paraguay\/wp-json\/wp\/v2\/pages\/2479","targetHints":{"allow":["GET"]}}],"collection":[{"href":"https:\/\/www.feyalegria.org\/paraguay\/wp-json\/wp\/v2\/pages"}],"about":[{"href":"https:\/\/www.feyalegria.org\/paraguay\/wp-json\/wp\/v2\/types\/page"}],"author":[{"embeddable":true,"href":"https:\/\/www.feyalegria.org\/paraguay\/wp-json\/wp\/v2\/users\/2"}],"replies":[{"embeddable":true,"href":"https:\/\/www.feyalegria.org\/paraguay\/wp-json\/wp\/v2\/comments?post=2479"}],"version-history":[{"count":0,"href":"https:\/\/www.feyalegria.org\/paraguay\/wp-json\/wp\/v2\/pages\/2479\/revisions"}],"wp:attachment":[{"href":"https:\/\/www.feyalegria.org\/paraguay\/wp-json\/wp\/v2\/media?parent=2479"}],"wp:term":[{"taxonomy":"folder","embeddable":true,"href":"https:\/\/www.feyalegria.org\/paraguay\/wp-json\/wp\/v2\/folder?post=2479"}],"curies":[{"name":"wp","href":"https:\/\/api.w.org\/{rel}","templated":true}]}}