 {"id":2500,"date":"2022-10-26T14:27:47","date_gmt":"2022-10-26T19:27:47","guid":{"rendered":"https:\/\/www.feyalegria.org\/paraguay\/?page_id=2500"},"modified":"2023-02-07T17:59:12","modified_gmt":"2023-02-07T22:59:12","slug":"escuela-padre-jose-maria-velaz","status":"publish","type":"page","link":"https:\/\/www.feyalegria.org\/paraguay\/escuela-padre-jose-maria-velaz\/","title":{"rendered":"Escuela Padre Jos\u00e9 Mar\u00eda V\u00e9laz"},"content":{"rendered":"<div class=\"wpb-content-wrapper\"><p>[vc_row][vc_column width=\u00bb5\/6&#8243;]<div style=\"background-color:;height: 50px\" class=\"nicdark_section  \"><\/div>[\/vc_column][vc_column width=\u00bb1\/6&#8243;]<a href=\"https:\/\/www.feyalegria.org\/paraguay\/centros-educativos\/\" title=\"Centros educativos\"  data-id=\"mpc_button-9569d6a9736a21c\" class=\"mpc-button mpc-init mpc-transition mpc-typography--default \" ><div class=\"mpc-button__content mpc-effect-type--stay mpc-effect-side--left\"><i class=\"mpc-button__icon mpc-transition  mi mi-pin_drop\"><\/i><span class=\"mpc-button__title mpc-transition\">Volver al mapa<\/span><\/div><div class=\"mpc-button__background mpc-transition mpc-effect-type--fade mpc-effect-side--in\"><\/div><\/a>[\/vc_column][\/vc_row][vc_row][vc_column width=\u00bb2\/3&#8243;][vc_column_text]En la ciudad de Asunci\u00f3n, en el distrito de Sant\u00edsima Trinidad, barrio Mar\u00eda Auxiliadora, sobre la Avenida Primer Presidente y Dr. Carlos Fiebrig, se encuentra ubicada la Escuela B\u00e1sica N\u00b0 7269 Privada Subvencionada Padre Jos\u00e9 Mar\u00eda V\u00e9laz de Fe y Alegr\u00eda.<br \/>\nEl barrio est\u00e1 integrado por unas 250 familias de un contexto socio- econ\u00f3mico- cultural de extrema pobreza.<br \/>\nLa idea de construir una escuela en este sector surgi\u00f3 a mediados del a\u00f1o 2003. Integrantes de la Junta de vecinos del lugar se acercaron a Fe y Alegr\u00eda solicitando la construcci\u00f3n de una escuela en esta comunidad, ya que no se contaba con ning\u00fan Centro Educativo cercano al barrio y muchos ni\u00f1os en edad escolar no estaban siendo escolarizados.<br \/>\nDespu\u00e9s de varias reuniones entre el equipo representante de la comisi\u00f3n vecinal Mar\u00eda Auxiliadora y el Padre Oscar Mart\u00edn SJ, en ese entonces Director Nacional de Fe y Alegr\u00eda Paraguay, se fue concretizando el convenio para la fundaci\u00f3n entre la junta de vecinos del barrio y el Movimiento de Educaci\u00f3n Popular y Promoci\u00f3n Social Fe y Alegr\u00eda.<br \/>\nLa instituci\u00f3n est\u00e1 subvencionada por el Ministerio de Educaci\u00f3n y Ciencias en cuanto a rubros para docentes desde el pre escolar hasta el noveno grado, adem\u00e1s de los kits escolares, merienda y almuerzo escolar.<br \/>\nLa direcci\u00f3n del Centro educativo est\u00e1 a cargo de la Profesora Carmen Carolina S\u00e1nchez de Le\u00f3n, quien dirige la instituci\u00f3n desde el a\u00f1o 2008 hasta la fecha. A trav\u00e9s de su gesti\u00f3n se consiguieron los nombramientos de todas las docentes que prestaban servicio en forma voluntaria, adem\u00e1s el crecimiento natural lleg\u00f3 hasta el noveno grado contando todas\/os las\/os docentes con rubro del estado.<br \/>\nA medida que la escuela iba creciendo en cantidad de alumnos y cobertura de grados se consiguieron importantes donativos en cuanto a la construcci\u00f3n a trav\u00e9s del Sudameris Bank que permiti\u00f3 habilitar en la planta alta tres aulas y una sala de inform\u00e1tica totalmente equipada.<br \/>\nEste centro presta un importante servicio a una comunidad abandonada por el estado ya que el barrio ni siquiera aparece en mapas municipales como zona habitada, actualmente la escuela presta servicios educativos a 8 comunidades.<br \/>\nCantidad total:<\/p>\n<ul>\n<li>Docentes: 18<\/li>\n<li>Administrativo: 1<\/li>\n<li>Familias: 250<\/li>\n<li>Alumnos\/as: 345<\/li>\n<li>Modalidad: Educaci\u00f3n Inicial y Educaci\u00f3n Escolar B\u00e1sica.<\/li>\n<\/ul>\n<h5 style=\"text-align: left;\"><strong><span style=\"color: #aa0f16;\">Contactos<\/span><\/strong><\/h5>\n<p><strong>Directora<\/strong>: Carmen Carolina S\u00e1nchez.<br \/>\n<strong>Tel\u00e9fono<\/strong>: +595982228550[\/vc_column_text][\/vc_column][vc_column width=\u00bb1\/3&#8243;][vc_gmaps link=\u00bb#E-8_JTNDaWZyYW1lJTIwc3JjJTNEJTIyaHR0cHMlM0ElMkYlMkZ3d3cuZ29vZ2xlLmNvbSUyRm1hcHMlMkZlbWJlZCUzRnBiJTNEJTIxMW0xOCUyMTFtMTIlMjExbTMlMjExZDM2MDguNjAwNTY3MDk3MjkzNiUyMTJkLTU3LjU4MDY4ODM5OTk5OTk5JTIxM2QtMjUuMjUwMzc1MTAwMDAwMDAzJTIxMm0zJTIxMWYwJTIxMmYwJTIxM2YwJTIxM20yJTIxMWkxMDI0JTIxMmk3NjglMjE0ZjEzLjElMjEzbTMlMjExbTIlMjExczB4MCUyNTNBMHgzOWY4ZDA3MTI4MmY3OTIwJTIxMnpSWE5qZFdWc1lTQkN3NkZ6YVdOaExpQk93ckFnTnpJMk9TQlFZV1J5WlNCS2IzUERxU0JOWVhMRHJXRWdWc09wYkdGNklHUmxJRVpsSUhrZ1FXeGxaM0xEcldFJTIxNWUwJTIxM20yJTIxMXNlcy00MTklMjEyc3B5JTIxNHYxNjY2ODEyMTUzNzA4JTIxNW0yJTIxMXNlcy00MTklMjEyc3B5JTIyJTIwJTIwd2lkdGglM0QlMjI2MDAlMjIlMjBoZWlnaHQlM0QlMjI0NTAlMjIlMjBmcmFtZWJvcmRlciUzRCUyMjAlMjIlMjBzdHlsZSUzRCUyMmJvcmRlciUzQTAlM0IlMjIlMjBhbGxvd2Z1bGxzY3JlZW4lM0QlMjIlMjIlMjBhcmlhLWhpZGRlbiUzRCUyMmZhbHNlJTIyJTIwdGFiaW5kZXglM0QlMjIwJTIyJTNFJTNDJTJGaWZyYW1lJTNF\u00bb][\/vc_column][\/vc_row][vc_row][vc_column width=\u00bb1\/4&#8243;][vc_single_image image=\u00bb8431&#8243; img_size=\u00bbmedium\u00bb alignment=\u00bbcenter\u00bb onclick=\u00bbimg_link_large\u00bb][\/vc_column][vc_column width=\u00bb1\/4&#8243;][vc_single_image image=\u00bb8474&#8243; img_size=\u00bbmedium\u00bb alignment=\u00bbcenter\u00bb onclick=\u00bbimg_link_large\u00bb][\/vc_column][vc_column width=\u00bb1\/4&#8243;][vc_single_image image=\u00bb8520&#8243; img_size=\u00bbmedium\u00bb][\/vc_column][vc_column width=\u00bb1\/4&#8243;][vc_single_image image=\u00bb8564&#8243; img_size=\u00bbmedium\u00bb][\/vc_column][\/vc_row]<\/p>\n<\/div>","protected":false},"excerpt":{"rendered":"<p>[vc_row][vc_column width=\u00bb5\/6&#8243;][\/vc_column][vc_column width=\u00bb1\/6&#8243;][\/vc_column][\/vc_row][vc_row][vc_column width=\u00bb2\/3&#8243;][vc_column_text]En la ciudad de Asunci\u00f3n, en el distrito de Sant\u00edsima Trinidad, barrio Mar\u00eda Auxiliadora, sobre la Avenida Primer Presidente y Dr. Carlos Fiebrig, se encuentra ubicada la Escuela B\u00e1sica N\u00b0 7269 Privada Subvencionada Padre Jos\u00e9 Mar\u00eda V\u00e9laz de Fe y Alegr\u00eda. El barrio est\u00e1 integrado por unas 250 familias de un contexto<\/p>\n","protected":false},"author":2,"featured_media":0,"parent":0,"menu_order":0,"comment_status":"closed","ping_status":"closed","template":"","meta":{"_acf_changed":false,"footnotes":""},"folder":[],"class_list":["post-2500","page","type-page","status-publish","hentry"],"acf":[],"yoast_head":"<!-- This site is optimized with the Yoast SEO plugin v27.2 - https:\/\/yoast.com\/product\/yoast-seo-wordpress\/ -->\n<title>Escuela Padre Jos\u00e9 Mar\u00eda V\u00e9laz - #SomosFeyAlegria en Paraguay<\/title>\n<meta name=\"robots\" content=\"index, follow, max-snippet:-1, max-image-preview:large, max-video-preview:-1\" \/>\n<link rel=\"canonical\" href=\"https:\/\/www.feyalegria.org\/paraguay\/escuela-padre-jose-maria-velaz\/\" \/>\n<meta property=\"og:locale\" content=\"es_ES\" \/>\n<meta property=\"og:type\" content=\"article\" \/>\n<meta property=\"og:title\" content=\"Escuela Padre Jos\u00e9 Mar\u00eda V\u00e9laz - #SomosFeyAlegria en Paraguay\" \/>\n<meta property=\"og:description\" content=\"[vc_row][vc_column width=\u00bb5\/6&#8243;][\/vc_column][vc_column width=\u00bb1\/6&#8243;][\/vc_column][\/vc_row][vc_row][vc_column width=\u00bb2\/3&#8243;][vc_column_text]En la ciudad de Asunci\u00f3n, en el distrito de Sant\u00edsima Trinidad, barrio Mar\u00eda Auxiliadora, sobre la Avenida Primer Presidente y Dr. Carlos Fiebrig, se encuentra ubicada la Escuela B\u00e1sica N\u00b0 7269 Privada Subvencionada Padre Jos\u00e9 Mar\u00eda V\u00e9laz de Fe y Alegr\u00eda. El barrio est\u00e1 integrado por unas 250 familias de un contexto\" \/>\n<meta property=\"og:url\" content=\"https:\/\/www.feyalegria.org\/paraguay\/escuela-padre-jose-maria-velaz\/\" \/>\n<meta property=\"og:site_name\" content=\"#SomosFeyAlegria en Paraguay\" \/>\n<meta property=\"article:modified_time\" content=\"2023-02-07T22:59:12+00:00\" \/>\n<meta name=\"twitter:card\" content=\"summary_large_image\" \/>\n<meta name=\"twitter:label1\" content=\"Tiempo de lectura\" \/>\n\t<meta name=\"twitter:data1\" content=\"3 minutos\" \/>\n<script type=\"application\/ld+json\" class=\"yoast-schema-graph\">{\"@context\":\"https:\/\/schema.org\",\"@graph\":[{\"@type\":\"WebPage\",\"@id\":\"https:\/\/www.feyalegria.org\/paraguay\/escuela-padre-jose-maria-velaz\/\",\"url\":\"https:\/\/www.feyalegria.org\/paraguay\/escuela-padre-jose-maria-velaz\/\",\"name\":\"Escuela Padre Jos\u00e9 Mar\u00eda V\u00e9laz - #SomosFeyAlegria en Paraguay\",\"isPartOf\":{\"@id\":\"https:\/\/www.feyalegria.org\/paraguay\/#website\"},\"datePublished\":\"2022-10-26T19:27:47+00:00\",\"dateModified\":\"2023-02-07T22:59:12+00:00\",\"breadcrumb\":{\"@id\":\"https:\/\/www.feyalegria.org\/paraguay\/escuela-padre-jose-maria-velaz\/#breadcrumb\"},\"inLanguage\":\"es\",\"potentialAction\":[{\"@type\":\"ReadAction\",\"target\":[\"https:\/\/www.feyalegria.org\/paraguay\/escuela-padre-jose-maria-velaz\/\"]}]},{\"@type\":\"BreadcrumbList\",\"@id\":\"https:\/\/www.feyalegria.org\/paraguay\/escuela-padre-jose-maria-velaz\/#breadcrumb\",\"itemListElement\":[{\"@type\":\"ListItem\",\"position\":1,\"name\":\"Home\",\"item\":\"https:\/\/www.feyalegria.org\/paraguay\/\"},{\"@type\":\"ListItem\",\"position\":2,\"name\":\"Escuela Padre Jos\u00e9 Mar\u00eda V\u00e9laz\"}]},{\"@type\":\"WebSite\",\"@id\":\"https:\/\/www.feyalegria.org\/paraguay\/#website\",\"url\":\"https:\/\/www.feyalegria.org\/paraguay\/\",\"name\":\"#SomosFeyAlegria en Paraguay\",\"description\":\"Movimiento de Educaci\u00f3n Popular y Promoci\u00f3n Social\",\"potentialAction\":[{\"@type\":\"SearchAction\",\"target\":{\"@type\":\"EntryPoint\",\"urlTemplate\":\"https:\/\/www.feyalegria.org\/paraguay\/?s={search_term_string}\"},\"query-input\":{\"@type\":\"PropertyValueSpecification\",\"valueRequired\":true,\"valueName\":\"search_term_string\"}}],\"inLanguage\":\"es\"}]}<\/script>\n<!-- \/ Yoast SEO plugin. -->","yoast_head_json":{"title":"Escuela Padre Jos\u00e9 Mar\u00eda V\u00e9laz - #SomosFeyAlegria en Paraguay","robots":{"index":"index","follow":"follow","max-snippet":"max-snippet:-1","max-image-preview":"max-image-preview:large","max-video-preview":"max-video-preview:-1"},"canonical":"https:\/\/www.feyalegria.org\/paraguay\/escuela-padre-jose-maria-velaz\/","og_locale":"es_ES","og_type":"article","og_title":"Escuela Padre Jos\u00e9 Mar\u00eda V\u00e9laz - #SomosFeyAlegria en Paraguay","og_description":"[vc_row][vc_column width=\u00bb5\/6&#8243;][\/vc_column][vc_column width=\u00bb1\/6&#8243;][\/vc_column][\/vc_row][vc_row][vc_column width=\u00bb2\/3&#8243;][vc_column_text]En la ciudad de Asunci\u00f3n, en el distrito de Sant\u00edsima Trinidad, barrio Mar\u00eda Auxiliadora, sobre la Avenida Primer Presidente y Dr. Carlos Fiebrig, se encuentra ubicada la Escuela B\u00e1sica N\u00b0 7269 Privada Subvencionada Padre Jos\u00e9 Mar\u00eda V\u00e9laz de Fe y Alegr\u00eda. El barrio est\u00e1 integrado por unas 250 familias de un contexto","og_url":"https:\/\/www.feyalegria.org\/paraguay\/escuela-padre-jose-maria-velaz\/","og_site_name":"#SomosFeyAlegria en Paraguay","article_modified_time":"2023-02-07T22:59:12+00:00","twitter_card":"summary_large_image","twitter_misc":{"Tiempo de lectura":"3 minutos"},"schema":{"@context":"https:\/\/schema.org","@graph":[{"@type":"WebPage","@id":"https:\/\/www.feyalegria.org\/paraguay\/escuela-padre-jose-maria-velaz\/","url":"https:\/\/www.feyalegria.org\/paraguay\/escuela-padre-jose-maria-velaz\/","name":"Escuela Padre Jos\u00e9 Mar\u00eda V\u00e9laz - #SomosFeyAlegria en Paraguay","isPartOf":{"@id":"https:\/\/www.feyalegria.org\/paraguay\/#website"},"datePublished":"2022-10-26T19:27:47+00:00","dateModified":"2023-02-07T22:59:12+00:00","breadcrumb":{"@id":"https:\/\/www.feyalegria.org\/paraguay\/escuela-padre-jose-maria-velaz\/#breadcrumb"},"inLanguage":"es","potentialAction":[{"@type":"ReadAction","target":["https:\/\/www.feyalegria.org\/paraguay\/escuela-padre-jose-maria-velaz\/"]}]},{"@type":"BreadcrumbList","@id":"https:\/\/www.feyalegria.org\/paraguay\/escuela-padre-jose-maria-velaz\/#breadcrumb","itemListElement":[{"@type":"ListItem","position":1,"name":"Home","item":"https:\/\/www.feyalegria.org\/paraguay\/"},{"@type":"ListItem","position":2,"name":"Escuela Padre Jos\u00e9 Mar\u00eda V\u00e9laz"}]},{"@type":"WebSite","@id":"https:\/\/www.feyalegria.org\/paraguay\/#website","url":"https:\/\/www.feyalegria.org\/paraguay\/","name":"#SomosFeyAlegria en Paraguay","description":"Movimiento de Educaci\u00f3n Popular y Promoci\u00f3n Social","potentialAction":[{"@type":"SearchAction","target":{"@type":"EntryPoint","urlTemplate":"https:\/\/www.feyalegria.org\/paraguay\/?s={search_term_string}"},"query-input":{"@type":"PropertyValueSpecification","valueRequired":true,"valueName":"search_term_string"}}],"inLanguage":"es"}]}},"_links":{"self":[{"href":"https:\/\/www.feyalegria.org\/paraguay\/wp-json\/wp\/v2\/pages\/2500","targetHints":{"allow":["GET"]}}],"collection":[{"href":"https:\/\/www.feyalegria.org\/paraguay\/wp-json\/wp\/v2\/pages"}],"about":[{"href":"https:\/\/www.feyalegria.org\/paraguay\/wp-json\/wp\/v2\/types\/page"}],"author":[{"embeddable":true,"href":"https:\/\/www.feyalegria.org\/paraguay\/wp-json\/wp\/v2\/users\/2"}],"replies":[{"embeddable":true,"href":"https:\/\/www.feyalegria.org\/paraguay\/wp-json\/wp\/v2\/comments?post=2500"}],"version-history":[{"count":0,"href":"https:\/\/www.feyalegria.org\/paraguay\/wp-json\/wp\/v2\/pages\/2500\/revisions"}],"wp:attachment":[{"href":"https:\/\/www.feyalegria.org\/paraguay\/wp-json\/wp\/v2\/media?parent=2500"}],"wp:term":[{"taxonomy":"folder","embeddable":true,"href":"https:\/\/www.feyalegria.org\/paraguay\/wp-json\/wp\/v2\/folder?post=2500"}],"curies":[{"name":"wp","href":"https:\/\/api.w.org\/{rel}","templated":true}]}}