 {"id":2507,"date":"2022-10-26T14:55:36","date_gmt":"2022-10-26T19:55:36","guid":{"rendered":"https:\/\/www.feyalegria.org\/paraguay\/?page_id=2507"},"modified":"2023-02-07T17:24:31","modified_gmt":"2023-02-07T22:24:31","slug":"escuela-y-colegio-san-antonio-de-fe-y-alegria","status":"publish","type":"page","link":"https:\/\/www.feyalegria.org\/paraguay\/escuela-y-colegio-san-antonio-de-fe-y-alegria\/","title":{"rendered":"Escuela y Colegio San Antonio de Fe y Alegr\u00eda"},"content":{"rendered":"<div class=\"wpb-content-wrapper\"><p>[vc_row][vc_column width=\u00bb5\/6&#8243;]<div style=\"background-color:;height: 50px\" class=\"nicdark_section  \"><\/div>[\/vc_column][vc_column width=\u00bb1\/6&#8243;]<a href=\"https:\/\/www.feyalegria.org\/paraguay\/centros-educativos\/\" title=\"Centros educativos\"  data-id=\"mpc_button-9869d6aa84a96d1\" class=\"mpc-button mpc-init mpc-transition mpc-typography--default \" ><div class=\"mpc-button__content mpc-effect-type--stay mpc-effect-side--left\"><i class=\"mpc-button__icon mpc-transition  mi mi-pin_drop\"><\/i><span class=\"mpc-button__title mpc-transition\">Volver al mapa<\/span><\/div><div class=\"mpc-button__background mpc-transition mpc-effect-type--fade mpc-effect-side--in\"><\/div><\/a>[\/vc_column][\/vc_row][vc_row][vc_column width=\u00bb2\/3&#8243;][vc_column_text]En el a\u00f1o 1992 un grupo de parroquianos de la Capilla \u00abSan Antonio\u201d vieron la necesidad de una escuela en el barrio. Debido a la falta de una instituci\u00f3n escolar cercana, se inicia la construcci\u00f3n de la escuela con la colaboraci\u00f3n de las familias de la comunidad en el terreno de la Capilla.<br \/>\nAl a\u00f1o siguiente se contacta con el Movimiento de Educaci\u00f3n Popular y Promoci\u00f3n Social Fe y Alegr\u00eda. Despu\u00e9s de los tr\u00e1mites administrativos pasa a formar parte del mismo quedando a cargo de la las Hermanas de la Congregaci\u00f3n de la Inmaculada Concepci\u00f3n (Hermanas Azules).<br \/>\nLas clases iniciaron en el a\u00f1o 1993 con el Preescolar, 1\u00ba y 2\u00ba grado en el predio de la capilla y casa parroquial.<br \/>\nEl 14 de agosto de 1993 se inaugura la escuela con dos aulas habilitadas con la asistencia del Director General de Fe y Alegr\u00eda, en ese entonces el Padre Jos\u00e9 Mar\u00eda Blanch, SJ; el supervisor Lic. Carlos Ant\u00fanez; padres de familia; la Directora de la Escuela, Hna. Catalina y profesoras Agripina Delgado y Mercedes Zavala.<br \/>\nAl siguiente a\u00f1o asume la direcci\u00f3n de la escuela la Hna. Idalina, ese a\u00f1o se construye la Direcci\u00f3n, la Secretar\u00eda y los sanitarios del pabell\u00f3n. Ese mismo a\u00f1o se form\u00f3 el grupo de j\u00f3venes voluntarios quienes apoyaron much\u00edsimo el trabajo de la escuela. Con el voluntariado se realiz\u00f3 la colonia de vacaciones donde participaron cientos de ni\u00f1os de la comunidad.<br \/>\nEn el grupo de voluntarios estuvieron las profesoras Carolina Villar y Luc\u00eda Ruiz D\u00edaz las mismas se desempe\u00f1an actualmente hoy como profesora y Directora respectivamente.<br \/>\nEn el a\u00f1o 1996 asume la direcci\u00f3n de la escuela la Hna. Francisca, se ampl\u00eda la escuela se construye el pabell\u00f3n de enfrente con dos aulas, la cocina, sala y ba\u00f1o de profesores. Ese mismo a\u00f1o fue nombrada como Vicedirectora la Prof. Mercedes Zavala.<br \/>\nCon la gesti\u00f3n de la Hna. Francisca se compra los muebles de la cocina, la direcci\u00f3n y secretar\u00eda. Tambi\u00e9n se compran mesas y sillas para los grados.<br \/>\nSe afianza y se consolida el trabajo comunitario de los padres los d\u00edas domingos con el objetivo de asumir la limpieza, la construcci\u00f3n y organizaci\u00f3n de actividades lucrativas a beneficio de la escuela o cualquier otra necesidad de la instituci\u00f3n.<br \/>\nEn el a\u00f1o 2000 asume la Direcci\u00f3n la Profesora Mar\u00eda Luc\u00eda Ruiz D\u00edaz, se construye el pabell\u00f3n del Inicial y tercer ciclo con sus respectivos sanitarios.<br \/>\nAl a\u00f1o siguiente a iniciativa de los docentes y autogesti\u00f3n de la escuela, con ayuda de los padres se construye el escenario para las actividades culturales y pedag\u00f3gicas.<br \/>\nActualmente contamos con 350 familias, 739 alumnos\/as de entre 5 a 18 a\u00f1os y 32 docentes.<br \/>\nLa Escuela B\u00e1sica N\u00b0 4178 Y Colegio Priv. Subv. \u201cSan Antonio\u201d perteneciente al Movimiento de Educaci\u00f3n Popular y Promoci\u00f3n Social Fe y Alegr\u00eda est\u00e1 situada en la ciudad de San Lorenzo, en la localidad de Reducto, sobre la calle Santos casi Avenida de La Victoria. Dicha instituci\u00f3n funciona en los turnos ma\u00f1ana y tarde en la modalidad presencial, cuenta con los siguientes niveles:<\/p>\n<ul>\n<li>Nivel Inicial: Jard\u00edn y Pre Escolar.<\/li>\n<li>E.E.B: 1\u00baGrado al 9\u00ba Grado<\/li>\n<li>Nivel Medio B.C.C.S: 1\u00baCurso al 3\u00ba Curso.<\/li>\n<\/ul>\n<p>Todos los niveles trabajan con proyectos educativos interdisciplinarios, en el Tercer Ciclo y Nivel Medio, se trabajan con Microempresas y Conferencias Educativas en donde los mismos alumnos pasan por la experiencia de transmitir a los dem\u00e1s sus conocimientos cient\u00edficos-t\u00e9cnicos de una manera significativa.<br \/>\nEl relacionamiento entre la comunidad educativa se caracterizan por la camarader\u00eda, compa\u00f1erismo y cooperaci\u00f3n.<br \/>\nEl trabajo cooperativo, la corresponsabilidad, la amistad, la solidaridad y la alegr\u00eda son propios de la relaci\u00f3n entre los docentes de la instituci\u00f3n.<br \/>\nEl equipo directivo posee mucha apertura y apoya constantemente a todos los emprendimientos de los alumnos, los docentes y los padres de familia.<\/p>\n<h5 style=\"text-align: left;\"><strong><span style=\"color: #aa0f16;\">Contactos<\/span><\/strong><\/h5>\n<p><strong>Directora<\/strong>: Mar\u00eda Luc\u00eda Arce.<br \/>\n<strong>Tel\u00e9fono<\/strong>: +595981229192[\/vc_column_text][\/vc_column][vc_column width=\u00bb1\/3&#8243;][vc_gmaps link=\u00bb#E-8_JTNDaWZyYW1lJTIwc3JjJTNEJTIyaHR0cHMlM0ElMkYlMkZ3d3cuZ29vZ2xlLmNvbSUyRm1hcHMlMkZlbWJlZCUzRnBiJTNEJTIxMW0xOCUyMTFtMTIlMjExbTMlMjExZDM2MDQuNjg4NzkzMjQ1NTU4JTIxMmQtNTcuNDkyMDU0MTAwMDAwMDA0JTIxM2QtMjUuMzgxNzQ0NTAwMDAwMDAzJTIxMm0zJTIxMWYwJTIxMmYwJTIxM2YwJTIxM20yJTIxMWkxMDI0JTIxMmk3NjglMjE0ZjEzLjElMjEzbTMlMjExbTIlMjExczB4MCUyNTNBMHg1MDZjOGFhMTAxYjY5NzNlJTIxMnNFc2N1ZWxhJTI1MjBCYXNpY2ElMjUyMFNhbiUyNTIwQW50b25pbyUyNTIwZGUlMjUyMEZlJTI1MjB5JTI1MjBBbGVncmlhJTIxNWUwJTIxM20yJTIxMXNlcy00MTklMjEyc3B5JTIxNHYxNjY2ODEzMjM2NzkyJTIxNW0yJTIxMXNlcy00MTklMjEyc3B5JTIyJTIwJTIwd2lkdGglM0QlMjI2MDAlMjIlMjBoZWlnaHQlM0QlMjI0NTAlMjIlMjBmcmFtZWJvcmRlciUzRCUyMjAlMjIlMjBzdHlsZSUzRCUyMmJvcmRlciUzQTAlM0IlMjIlMjBhbGxvd2Z1bGxzY3JlZW4lM0QlMjIlMjIlMjBhcmlhLWhpZGRlbiUzRCUyMmZhbHNlJTIyJTIwdGFiaW5kZXglM0QlMjIwJTIyJTNFJTNDJTJGaWZyYW1lJTNF\u00bb][\/vc_column][\/vc_row][vc_row][vc_column width=\u00bb1\/4&#8243;][vc_single_image image=\u00bb8521&#8243; img_size=\u00bbmedium\u00bb alignment=\u00bbcenter\u00bb onclick=\u00bbimg_link_large\u00bb][\/vc_column][vc_column width=\u00bb1\/4&#8243;][vc_single_image image=\u00bb8475&#8243; img_size=\u00bbmedium\u00bb alignment=\u00bbcenter\u00bb onclick=\u00bbimg_link_large\u00bb][\/vc_column][vc_column width=\u00bb1\/4&#8243;][vc_single_image image=\u00bb8565&#8243; img_size=\u00bbmedium\u00bb][\/vc_column][vc_column width=\u00bb1\/4&#8243;][vc_single_image image=\u00bb8432&#8243; img_size=\u00bbmedium\u00bb][\/vc_column][\/vc_row]<\/p>\n<\/div>","protected":false},"excerpt":{"rendered":"<p>[vc_row][vc_column width=\u00bb5\/6&#8243;][\/vc_column][vc_column width=\u00bb1\/6&#8243;][\/vc_column][\/vc_row][vc_row][vc_column width=\u00bb2\/3&#8243;][vc_column_text]En el a\u00f1o 1992 un grupo de parroquianos de la Capilla \u00abSan Antonio\u201d vieron la necesidad de una escuela en el barrio. Debido a la falta de una instituci\u00f3n escolar cercana, se inicia la construcci\u00f3n de la escuela con la colaboraci\u00f3n de las familias de la comunidad en el terreno de la<\/p>\n","protected":false},"author":2,"featured_media":0,"parent":0,"menu_order":0,"comment_status":"closed","ping_status":"closed","template":"","meta":{"_acf_changed":false,"footnotes":""},"folder":[],"class_list":["post-2507","page","type-page","status-publish","hentry"],"acf":[],"yoast_head":"<!-- This site is optimized with the Yoast SEO plugin v27.2 - https:\/\/yoast.com\/product\/yoast-seo-wordpress\/ -->\n<title>Escuela y Colegio San Antonio de Fe y Alegr\u00eda - #SomosFeyAlegria en Paraguay<\/title>\n<meta name=\"robots\" content=\"index, follow, max-snippet:-1, max-image-preview:large, max-video-preview:-1\" \/>\n<link rel=\"canonical\" href=\"https:\/\/www.feyalegria.org\/paraguay\/escuela-y-colegio-san-antonio-de-fe-y-alegria\/\" \/>\n<meta property=\"og:locale\" content=\"es_ES\" \/>\n<meta property=\"og:type\" content=\"article\" \/>\n<meta property=\"og:title\" content=\"Escuela y Colegio San Antonio de Fe y Alegr\u00eda - #SomosFeyAlegria en Paraguay\" \/>\n<meta property=\"og:description\" content=\"[vc_row][vc_column width=\u00bb5\/6&#8243;][\/vc_column][vc_column width=\u00bb1\/6&#8243;][\/vc_column][\/vc_row][vc_row][vc_column width=\u00bb2\/3&#8243;][vc_column_text]En el a\u00f1o 1992 un grupo de parroquianos de la Capilla \u00abSan Antonio\u201d vieron la necesidad de una escuela en el barrio. Debido a la falta de una instituci\u00f3n escolar cercana, se inicia la construcci\u00f3n de la escuela con la colaboraci\u00f3n de las familias de la comunidad en el terreno de la\" \/>\n<meta property=\"og:url\" content=\"https:\/\/www.feyalegria.org\/paraguay\/escuela-y-colegio-san-antonio-de-fe-y-alegria\/\" \/>\n<meta property=\"og:site_name\" content=\"#SomosFeyAlegria en Paraguay\" \/>\n<meta property=\"article:modified_time\" content=\"2023-02-07T22:24:31+00:00\" \/>\n<meta name=\"twitter:card\" content=\"summary_large_image\" \/>\n<meta name=\"twitter:label1\" content=\"Tiempo de lectura\" \/>\n\t<meta name=\"twitter:data1\" content=\"5 minutos\" \/>\n<script type=\"application\/ld+json\" class=\"yoast-schema-graph\">{\"@context\":\"https:\/\/schema.org\",\"@graph\":[{\"@type\":\"WebPage\",\"@id\":\"https:\/\/www.feyalegria.org\/paraguay\/escuela-y-colegio-san-antonio-de-fe-y-alegria\/\",\"url\":\"https:\/\/www.feyalegria.org\/paraguay\/escuela-y-colegio-san-antonio-de-fe-y-alegria\/\",\"name\":\"Escuela y Colegio San Antonio de Fe y Alegr\u00eda - #SomosFeyAlegria en Paraguay\",\"isPartOf\":{\"@id\":\"https:\/\/www.feyalegria.org\/paraguay\/#website\"},\"datePublished\":\"2022-10-26T19:55:36+00:00\",\"dateModified\":\"2023-02-07T22:24:31+00:00\",\"breadcrumb\":{\"@id\":\"https:\/\/www.feyalegria.org\/paraguay\/escuela-y-colegio-san-antonio-de-fe-y-alegria\/#breadcrumb\"},\"inLanguage\":\"es\",\"potentialAction\":[{\"@type\":\"ReadAction\",\"target\":[\"https:\/\/www.feyalegria.org\/paraguay\/escuela-y-colegio-san-antonio-de-fe-y-alegria\/\"]}]},{\"@type\":\"BreadcrumbList\",\"@id\":\"https:\/\/www.feyalegria.org\/paraguay\/escuela-y-colegio-san-antonio-de-fe-y-alegria\/#breadcrumb\",\"itemListElement\":[{\"@type\":\"ListItem\",\"position\":1,\"name\":\"Home\",\"item\":\"https:\/\/www.feyalegria.org\/paraguay\/\"},{\"@type\":\"ListItem\",\"position\":2,\"name\":\"Escuela y Colegio San Antonio de Fe y Alegr\u00eda\"}]},{\"@type\":\"WebSite\",\"@id\":\"https:\/\/www.feyalegria.org\/paraguay\/#website\",\"url\":\"https:\/\/www.feyalegria.org\/paraguay\/\",\"name\":\"#SomosFeyAlegria en Paraguay\",\"description\":\"Movimiento de Educaci\u00f3n Popular y Promoci\u00f3n Social\",\"potentialAction\":[{\"@type\":\"SearchAction\",\"target\":{\"@type\":\"EntryPoint\",\"urlTemplate\":\"https:\/\/www.feyalegria.org\/paraguay\/?s={search_term_string}\"},\"query-input\":{\"@type\":\"PropertyValueSpecification\",\"valueRequired\":true,\"valueName\":\"search_term_string\"}}],\"inLanguage\":\"es\"}]}<\/script>\n<!-- \/ Yoast SEO plugin. -->","yoast_head_json":{"title":"Escuela y Colegio San Antonio de Fe y Alegr\u00eda - #SomosFeyAlegria en Paraguay","robots":{"index":"index","follow":"follow","max-snippet":"max-snippet:-1","max-image-preview":"max-image-preview:large","max-video-preview":"max-video-preview:-1"},"canonical":"https:\/\/www.feyalegria.org\/paraguay\/escuela-y-colegio-san-antonio-de-fe-y-alegria\/","og_locale":"es_ES","og_type":"article","og_title":"Escuela y Colegio San Antonio de Fe y Alegr\u00eda - #SomosFeyAlegria en Paraguay","og_description":"[vc_row][vc_column width=\u00bb5\/6&#8243;][\/vc_column][vc_column width=\u00bb1\/6&#8243;][\/vc_column][\/vc_row][vc_row][vc_column width=\u00bb2\/3&#8243;][vc_column_text]En el a\u00f1o 1992 un grupo de parroquianos de la Capilla \u00abSan Antonio\u201d vieron la necesidad de una escuela en el barrio. Debido a la falta de una instituci\u00f3n escolar cercana, se inicia la construcci\u00f3n de la escuela con la colaboraci\u00f3n de las familias de la comunidad en el terreno de la","og_url":"https:\/\/www.feyalegria.org\/paraguay\/escuela-y-colegio-san-antonio-de-fe-y-alegria\/","og_site_name":"#SomosFeyAlegria en Paraguay","article_modified_time":"2023-02-07T22:24:31+00:00","twitter_card":"summary_large_image","twitter_misc":{"Tiempo de lectura":"5 minutos"},"schema":{"@context":"https:\/\/schema.org","@graph":[{"@type":"WebPage","@id":"https:\/\/www.feyalegria.org\/paraguay\/escuela-y-colegio-san-antonio-de-fe-y-alegria\/","url":"https:\/\/www.feyalegria.org\/paraguay\/escuela-y-colegio-san-antonio-de-fe-y-alegria\/","name":"Escuela y Colegio San Antonio de Fe y Alegr\u00eda - #SomosFeyAlegria en Paraguay","isPartOf":{"@id":"https:\/\/www.feyalegria.org\/paraguay\/#website"},"datePublished":"2022-10-26T19:55:36+00:00","dateModified":"2023-02-07T22:24:31+00:00","breadcrumb":{"@id":"https:\/\/www.feyalegria.org\/paraguay\/escuela-y-colegio-san-antonio-de-fe-y-alegria\/#breadcrumb"},"inLanguage":"es","potentialAction":[{"@type":"ReadAction","target":["https:\/\/www.feyalegria.org\/paraguay\/escuela-y-colegio-san-antonio-de-fe-y-alegria\/"]}]},{"@type":"BreadcrumbList","@id":"https:\/\/www.feyalegria.org\/paraguay\/escuela-y-colegio-san-antonio-de-fe-y-alegria\/#breadcrumb","itemListElement":[{"@type":"ListItem","position":1,"name":"Home","item":"https:\/\/www.feyalegria.org\/paraguay\/"},{"@type":"ListItem","position":2,"name":"Escuela y Colegio San Antonio de Fe y Alegr\u00eda"}]},{"@type":"WebSite","@id":"https:\/\/www.feyalegria.org\/paraguay\/#website","url":"https:\/\/www.feyalegria.org\/paraguay\/","name":"#SomosFeyAlegria en Paraguay","description":"Movimiento de Educaci\u00f3n Popular y Promoci\u00f3n Social","potentialAction":[{"@type":"SearchAction","target":{"@type":"EntryPoint","urlTemplate":"https:\/\/www.feyalegria.org\/paraguay\/?s={search_term_string}"},"query-input":{"@type":"PropertyValueSpecification","valueRequired":true,"valueName":"search_term_string"}}],"inLanguage":"es"}]}},"_links":{"self":[{"href":"https:\/\/www.feyalegria.org\/paraguay\/wp-json\/wp\/v2\/pages\/2507","targetHints":{"allow":["GET"]}}],"collection":[{"href":"https:\/\/www.feyalegria.org\/paraguay\/wp-json\/wp\/v2\/pages"}],"about":[{"href":"https:\/\/www.feyalegria.org\/paraguay\/wp-json\/wp\/v2\/types\/page"}],"author":[{"embeddable":true,"href":"https:\/\/www.feyalegria.org\/paraguay\/wp-json\/wp\/v2\/users\/2"}],"replies":[{"embeddable":true,"href":"https:\/\/www.feyalegria.org\/paraguay\/wp-json\/wp\/v2\/comments?post=2507"}],"version-history":[{"count":0,"href":"https:\/\/www.feyalegria.org\/paraguay\/wp-json\/wp\/v2\/pages\/2507\/revisions"}],"wp:attachment":[{"href":"https:\/\/www.feyalegria.org\/paraguay\/wp-json\/wp\/v2\/media?parent=2507"}],"wp:term":[{"taxonomy":"folder","embeddable":true,"href":"https:\/\/www.feyalegria.org\/paraguay\/wp-json\/wp\/v2\/folder?post=2507"}],"curies":[{"name":"wp","href":"https:\/\/api.w.org\/{rel}","templated":true}]}}