{"id":2508,"date":"2022-10-26T14:49:59","date_gmt":"2022-10-26T19:49:59","guid":{"rendered":"https:\/\/www.feyalegria.org\/paraguay\/?page_id=2508"},"modified":"2023-02-03T08:41:02","modified_gmt":"2023-02-03T13:41:02","slug":"bachilleres-tecnicos-agropecuarios-competentes-e-innovadores-capaces-de-aumentar-la-productividad-agropecuaria","status":"publish","type":"page","link":"https:\/\/www.feyalegria.org\/paraguay\/bachilleres-tecnicos-agropecuarios-competentes-e-innovadores-capaces-de-aumentar-la-productividad-agropecuaria\/","title":{"rendered":"Bachilleres t\u00e9cnicos agropecuarios competentes e innovadores capaces de aumentar la productividad agropecuaria"},"content":{"rendered":"<div class=\"wpb-content-wrapper\"><p>[vc_row][vc_column][vc_column_text]<\/p>\n<section class=\"elementor-section elementor-inner-section elementor-element elementor-element-33d4b120 elementor-section-boxed elementor-section-height-default elementor-section-height-default\" data-id=\"33d4b120\">\n<div class=\"elementor-container elementor-column-gap-default\">\n<div class=\"elementor-row\">\n<div class=\"elementor-column elementor-col-100 elementor-inner-column elementor-element elementor-element-63345202\" data-id=\"63345202\">\n<div class=\"elementor-column-wrap elementor-element-populated\">\n<div class=\"elementor-widget-wrap\">\n<div class=\"elementor-element elementor-element-700b250f elementor-widget elementor-widget-heading\" data-id=\"700b250f\">\n<div class=\"elementor-widget-container\">\n<h2><strong><span style=\"font-size: 18pt; color: #ad0707;\">Bachilleres t\u00e9cnicos agropecuarios competentes e innovadores capaces de aumentar la productividad agropecuaria<\/span><\/strong><\/h2>\n<\/div>\n<\/div>\n<\/div>\n<\/div>\n<\/div>\n<\/div>\n<\/div>\n<\/section>\n<p>[\/vc_column_text][vc_column_text]El proyecto busca dar continuidad a la formaci\u00f3n de los estudiantes que cursan el bachillerato t\u00e9cnico agropecuario de los tres centros agropecuarios, que cuenta actualmente la Asociaci\u00f3n de Fe y Alegr\u00eda, con la finalidad, de desarrollar capacidades\/habilidades del alumnado al uso de los medios de producci\u00f3n y el incremento de la productividad, de tal manera, que se logre el avance del sector agropecuario seg\u00fan contexto y situaciones que se presenten.<br \/>\nFe y Alegr\u00eda concibe la educaci\u00f3n como un proceso que es inherente a la persona humana y un proceso social mediante el cual se vivencian experiencias de aprendizaje que contribuyen al desarrollo de las capacidades para la mejora de la calidad de vida.<br \/>\nEn coherencia con los objetivos y la concepci\u00f3n de educaci\u00f3n, se plantea la Formaci\u00f3n de Bachilleres T\u00e9cnicos Agropecuarios de sectores empobrecidos. Con esta propuesta, se pretende potenciar el desarrollo personal integral y profesional del participante.<br \/>\nSeg\u00fan el Plan de Prioridades de Fe y Alegr\u00eda 2021-2023 manifiesta que: \u00abPor ello esta Iniciativa se proyecta como un campo tem\u00e1tico transversal a la propuesta educativa, de promoci\u00f3n social y de incidencia de Fe y Alegr\u00eda, desde el cual fortalecer la conciencia ecol\u00f3gica integral y promover una cultura de respeto por la diversidad y cuidado de la Casa Com\u00fan en todas aquellas personas que conforman al Movimiento\u00bb.<br \/>\nSe busca propiciar el manejo sustentable de los recursos, procurando que los futuros t\u00e9cnicos desarrollen cadenas agropecuarias productivas apropiadas al medio ambiente, utilizando nuevas tecnolog\u00edas en el proceso de producci\u00f3n hasta la comercializaci\u00f3n de los productos. Esta labor implica una estrategia educativa competitiva e innovadora que permita aumentar la calidad de la educaci\u00f3n.<br \/>\n<strong>Zonas de intervenci\u00f3n: <\/strong>San Joaqu\u00edn, Caaguaz\u00fa (Colegio T\u00e9cnico Agropecuario Santa Mar\u00eda de la Providencia); Arroyito, Concepci\u00f3n (Colegio T\u00e9cnico Agropecuario Augusto Roa Bastos); San Vicente Pancholo, San Pedro (Colegio T\u00e9cnico Agropecuario Kamba Rembe)<br \/>\n[\/vc_column_text][vc_column_text]<\/p>\n<div class=\"elementor-element elementor-element-39892042 elementor-widget elementor-widget-heading\" data-id=\"39892042\">\n<div class=\"elementor-widget-container\">\n<h3 class=\"elementor-heading-title elementor-size-default\">Financiadora<\/h3>\n<\/div>\n<\/div>\n<p>[\/vc_column_text][vc_single_image image=\u00bb8902&#8243; img_size=\u00bbmedium\u00bb alignment=\u00bbcenter\u00bb][vc_column_text]<\/p>\n<div class=\"elementor-element elementor-element-39892042 elementor-widget elementor-widget-heading\" data-id=\"39892042\">\n<div class=\"elementor-widget-container\">\n<h3 class=\"elementor-heading-title elementor-size-default\">Fotos del Proyecto<\/h3>\n<\/div>\n<\/div>\n<p>[\/vc_column_text][\/vc_column][\/vc_row][vc_row][vc_column alignment=\u00bbcenter\u00bb]<div class=\"mpc-carousel__wrapper mpc-waypoint\"><div id=\"mpc_carousel_image-569fb8501c7588\" class=\"mpc-carousel-image mpc-init mpc-layout--classic mpc-effect--none \"  data-mpcslick='{\"infinite\":true,\"autoplay\":true,\"slidesToShow\":4,\"slidesToScroll\":1,\"centerMode\":false,\"initialSlide\":0,\"autoplaySpeed\":3500,\"speed\":500}' data-slick-cols=\"4\"><div target=\"\"class=\"mpc-carousel__item-wrapper\" data-height=\"300\"><div onclick=\"\" class=\"mpc-item mpc-transition\"><div class=\"mpc-border\"><\/div><img loading=\"lazy\" decoding=\"async\" width=\"300\" height=\"300\" src=\"https:\/\/d3pugrm67vf9n7.cloudfront.net\/wp-content\/uploads\/sites\/33\/2023\/02\/02100839\/agro1-300x300.png\" class=\"mpc-transition attachment-medium\" alt=\"\" title=\"agro1\" srcset=\"https:\/\/d3pugrm67vf9n7.cloudfront.net\/wp-content\/uploads\/sites\/33\/2023\/02\/02100839\/agro1.png 300w, https:\/\/d3pugrm67vf9n7.cloudfront.net\/wp-content\/uploads\/sites\/33\/2023\/02\/02100839\/agro1-150x150.png 150w\" sizes=\"auto, (max-width: 300px) 100vw, 300px\" \/><\/div><\/div><div target=\"\"class=\"mpc-carousel__item-wrapper\" data-height=\"300\"><div onclick=\"\" class=\"mpc-item mpc-transition\"><div class=\"mpc-border\"><\/div><img loading=\"lazy\" decoding=\"async\" width=\"300\" height=\"300\" src=\"https:\/\/d3pugrm67vf9n7.cloudfront.net\/wp-content\/uploads\/sites\/33\/2023\/02\/02100842\/agro2-300x300.png\" class=\"mpc-transition attachment-medium\" alt=\"\" title=\"agro2\" srcset=\"https:\/\/d3pugrm67vf9n7.cloudfront.net\/wp-content\/uploads\/sites\/33\/2023\/02\/02100842\/agro2.png 300w, https:\/\/d3pugrm67vf9n7.cloudfront.net\/wp-content\/uploads\/sites\/33\/2023\/02\/02100842\/agro2-150x150.png 150w\" sizes=\"auto, (max-width: 300px) 100vw, 300px\" \/><\/div><\/div><div target=\"\"class=\"mpc-carousel__item-wrapper\" data-height=\"300\"><div onclick=\"\" class=\"mpc-item mpc-transition\"><div class=\"mpc-border\"><\/div><img loading=\"lazy\" decoding=\"async\" width=\"300\" height=\"300\" src=\"https:\/\/d3pugrm67vf9n7.cloudfront.net\/wp-content\/uploads\/sites\/33\/2023\/02\/02100844\/agro3-300x300.png\" class=\"mpc-transition attachment-medium\" alt=\"\" title=\"agro3\" srcset=\"https:\/\/d3pugrm67vf9n7.cloudfront.net\/wp-content\/uploads\/sites\/33\/2023\/02\/02100844\/agro3.png 300w, https:\/\/d3pugrm67vf9n7.cloudfront.net\/wp-content\/uploads\/sites\/33\/2023\/02\/02100844\/agro3-150x150.png 150w\" sizes=\"auto, (max-width: 300px) 100vw, 300px\" \/><\/div><\/div><div target=\"\"class=\"mpc-carousel__item-wrapper\" data-height=\"300\"><div onclick=\"\" class=\"mpc-item mpc-transition\"><div class=\"mpc-border\"><\/div><img loading=\"lazy\" decoding=\"async\" width=\"300\" height=\"300\" src=\"https:\/\/d3pugrm67vf9n7.cloudfront.net\/wp-content\/uploads\/sites\/33\/2023\/02\/02100855\/agro7-300x300.png\" class=\"mpc-transition attachment-medium\" alt=\"\" title=\"agro7\" srcset=\"https:\/\/d3pugrm67vf9n7.cloudfront.net\/wp-content\/uploads\/sites\/33\/2023\/02\/02100855\/agro7.png 300w, https:\/\/d3pugrm67vf9n7.cloudfront.net\/wp-content\/uploads\/sites\/33\/2023\/02\/02100855\/agro7-150x150.png 150w\" sizes=\"auto, (max-width: 300px) 100vw, 300px\" \/><\/div><\/div><div target=\"\"class=\"mpc-carousel__item-wrapper\" data-height=\"300\"><div onclick=\"\" class=\"mpc-item mpc-transition\"><div class=\"mpc-border\"><\/div><img loading=\"lazy\" decoding=\"async\" width=\"300\" height=\"300\" src=\"https:\/\/d3pugrm67vf9n7.cloudfront.net\/wp-content\/uploads\/sites\/33\/2023\/02\/02100847\/agro4-300x300.png\" class=\"mpc-transition attachment-medium\" alt=\"\" title=\"agro4\" srcset=\"https:\/\/d3pugrm67vf9n7.cloudfront.net\/wp-content\/uploads\/sites\/33\/2023\/02\/02100847\/agro4.png 300w, https:\/\/d3pugrm67vf9n7.cloudfront.net\/wp-content\/uploads\/sites\/33\/2023\/02\/02100847\/agro4-150x150.png 150w\" sizes=\"auto, (max-width: 300px) 100vw, 300px\" \/><\/div><\/div><div target=\"\"class=\"mpc-carousel__item-wrapper\" data-height=\"300\"><div onclick=\"\" class=\"mpc-item mpc-transition\"><div class=\"mpc-border\"><\/div><img loading=\"lazy\" decoding=\"async\" width=\"300\" height=\"300\" src=\"https:\/\/d3pugrm67vf9n7.cloudfront.net\/wp-content\/uploads\/sites\/33\/2023\/02\/02100852\/agro6-300x300.png\" class=\"mpc-transition attachment-medium\" alt=\"\" title=\"agro6\" srcset=\"https:\/\/d3pugrm67vf9n7.cloudfront.net\/wp-content\/uploads\/sites\/33\/2023\/02\/02100852\/agro6.png 300w, https:\/\/d3pugrm67vf9n7.cloudfront.net\/wp-content\/uploads\/sites\/33\/2023\/02\/02100852\/agro6-150x150.png 150w\" sizes=\"auto, (max-width: 300px) 100vw, 300px\" \/><\/div><\/div><div target=\"\"class=\"mpc-carousel__item-wrapper\" data-height=\"300\"><div onclick=\"\" class=\"mpc-item mpc-transition\"><div class=\"mpc-border\"><\/div><img loading=\"lazy\" decoding=\"async\" width=\"300\" height=\"300\" src=\"https:\/\/d3pugrm67vf9n7.cloudfront.net\/wp-content\/uploads\/sites\/33\/2023\/02\/02100850\/agro5-300x300.png\" class=\"mpc-transition attachment-medium\" alt=\"\" title=\"agro5\" srcset=\"https:\/\/d3pugrm67vf9n7.cloudfront.net\/wp-content\/uploads\/sites\/33\/2023\/02\/02100850\/agro5.png 300w, https:\/\/d3pugrm67vf9n7.cloudfront.net\/wp-content\/uploads\/sites\/33\/2023\/02\/02100850\/agro5-150x150.png 150w\" sizes=\"auto, (max-width: 300px) 100vw, 300px\" \/><\/div><\/div><\/div><div class=\"mpc-navigation mpc-init mpc-align--center mpc-navigation--style_5  mpc-nav-preset--default\" data-mpcslider=\"mpc_carousel_image-569fb8501c7588\"><div class=\"mpc-nav__arrow mpcslick-prev\"><div class=\"mpc-nav__icon mpc-transition\"><i class=\" eti eti_arrow_carrot-left\"><div class=\"mpc-nav__background mpc-transition mpc-effect-type--slide mpc-effect-side--top\"><\/div><\/i><\/div><\/div><\/div><div class=\"mpc-navigation mpc-init mpc-align--center mpc-navigation--style_5  mpc-nav-preset--default\" data-mpcslider=\"mpc_carousel_image-569fb8501c7588\"><div class=\"mpc-nav__arrow mpcslick-next\"><div class=\"mpc-nav__icon mpc-transition\"><i class=\" eti eti_arrow_carrot-right\"><div class=\"mpc-nav__background mpc-transition mpc-effect-type--slide mpc-effect-side--top\"><\/div><\/i><\/div><\/div><\/div><\/div>[\/vc_column][\/vc_row]<\/p>\n<\/div>","protected":false},"excerpt":{"rendered":"<p>[vc_row][vc_column][vc_column_text] Bachilleres t\u00e9cnicos agropecuarios competentes e innovadores capaces de aumentar la productividad agropecuaria [\/vc_column_text][vc_column_text]El proyecto busca dar continuidad a la formaci\u00f3n de los estudiantes que cursan el bachillerato t\u00e9cnico agropecuario de los tres centros agropecuarios, que cuenta actualmente la Asociaci\u00f3n de Fe y Alegr\u00eda, con la finalidad, de desarrollar capacidades\/habilidades del alumnado al uso de<\/p>\n","protected":false},"author":2,"featured_media":0,"parent":0,"menu_order":0,"comment_status":"closed","ping_status":"closed","template":"","meta":{"_acf_changed":false,"footnotes":""},"folder":[],"class_list":["post-2508","page","type-page","status-publish","hentry"],"acf":[],"yoast_head":"<!-- This site is optimized with the Yoast SEO plugin v27.5 - https:\/\/yoast.com\/product\/yoast-seo-wordpress\/ -->\n<title>Bachilleres t\u00e9cnicos agropecuarios competentes e innovadores capaces de aumentar la productividad agropecuaria - #SomosFeyAlegria en Paraguay<\/title>\n<meta name=\"robots\" content=\"index, follow, max-snippet:-1, max-image-preview:large, max-video-preview:-1\" \/>\n<link rel=\"canonical\" href=\"https:\/\/www.feyalegria.org\/paraguay\/bachilleres-tecnicos-agropecuarios-competentes-e-innovadores-capaces-de-aumentar-la-productividad-agropecuaria\/\" \/>\n<meta property=\"og:locale\" content=\"es_ES\" \/>\n<meta property=\"og:type\" content=\"article\" \/>\n<meta property=\"og:title\" content=\"Bachilleres t\u00e9cnicos agropecuarios competentes e innovadores capaces de aumentar la productividad agropecuaria - #SomosFeyAlegria en Paraguay\" \/>\n<meta property=\"og:description\" content=\"[vc_row][vc_column][vc_column_text] Bachilleres t\u00e9cnicos agropecuarios competentes e innovadores capaces de aumentar la productividad agropecuaria [\/vc_column_text][vc_column_text]El proyecto busca dar continuidad a la formaci\u00f3n de los estudiantes que cursan el bachillerato t\u00e9cnico agropecuario de los tres centros agropecuarios, que cuenta actualmente la Asociaci\u00f3n de Fe y Alegr\u00eda, con la finalidad, de desarrollar capacidades\/habilidades del alumnado al uso de\" \/>\n<meta property=\"og:url\" content=\"https:\/\/www.feyalegria.org\/paraguay\/bachilleres-tecnicos-agropecuarios-competentes-e-innovadores-capaces-de-aumentar-la-productividad-agropecuaria\/\" \/>\n<meta property=\"og:site_name\" content=\"#SomosFeyAlegria en Paraguay\" \/>\n<meta property=\"article:modified_time\" content=\"2023-02-03T13:41:02+00:00\" \/>\n<meta name=\"twitter:card\" content=\"summary_large_image\" \/>\n<meta name=\"twitter:label1\" content=\"Tiempo de lectura\" \/>\n\t<meta name=\"twitter:data1\" content=\"2 minutos\" \/>\n<script type=\"application\/ld+json\" class=\"yoast-schema-graph\">{\"@context\":\"https:\\\/\\\/schema.org\",\"@graph\":[{\"@type\":\"WebPage\",\"@id\":\"https:\\\/\\\/www.feyalegria.org\\\/paraguay\\\/bachilleres-tecnicos-agropecuarios-competentes-e-innovadores-capaces-de-aumentar-la-productividad-agropecuaria\\\/\",\"url\":\"https:\\\/\\\/www.feyalegria.org\\\/paraguay\\\/bachilleres-tecnicos-agropecuarios-competentes-e-innovadores-capaces-de-aumentar-la-productividad-agropecuaria\\\/\",\"name\":\"Bachilleres t\u00e9cnicos agropecuarios competentes e innovadores capaces de aumentar la productividad agropecuaria - #SomosFeyAlegria en Paraguay\",\"isPartOf\":{\"@id\":\"https:\\\/\\\/www.feyalegria.org\\\/paraguay\\\/#website\"},\"datePublished\":\"2022-10-26T19:49:59+00:00\",\"dateModified\":\"2023-02-03T13:41:02+00:00\",\"breadcrumb\":{\"@id\":\"https:\\\/\\\/www.feyalegria.org\\\/paraguay\\\/bachilleres-tecnicos-agropecuarios-competentes-e-innovadores-capaces-de-aumentar-la-productividad-agropecuaria\\\/#breadcrumb\"},\"inLanguage\":\"es\",\"potentialAction\":[{\"@type\":\"ReadAction\",\"target\":[\"https:\\\/\\\/www.feyalegria.org\\\/paraguay\\\/bachilleres-tecnicos-agropecuarios-competentes-e-innovadores-capaces-de-aumentar-la-productividad-agropecuaria\\\/\"]}]},{\"@type\":\"BreadcrumbList\",\"@id\":\"https:\\\/\\\/www.feyalegria.org\\\/paraguay\\\/bachilleres-tecnicos-agropecuarios-competentes-e-innovadores-capaces-de-aumentar-la-productividad-agropecuaria\\\/#breadcrumb\",\"itemListElement\":[{\"@type\":\"ListItem\",\"position\":1,\"name\":\"Home\",\"item\":\"https:\\\/\\\/www.feyalegria.org\\\/paraguay\\\/\"},{\"@type\":\"ListItem\",\"position\":2,\"name\":\"Bachilleres t\u00e9cnicos agropecuarios competentes e innovadores capaces de aumentar la productividad agropecuaria\"}]},{\"@type\":\"WebSite\",\"@id\":\"https:\\\/\\\/www.feyalegria.org\\\/paraguay\\\/#website\",\"url\":\"https:\\\/\\\/www.feyalegria.org\\\/paraguay\\\/\",\"name\":\"#SomosFeyAlegria en Paraguay\",\"description\":\"Movimiento de Educaci\u00f3n Popular y Promoci\u00f3n Social\",\"potentialAction\":[{\"@type\":\"SearchAction\",\"target\":{\"@type\":\"EntryPoint\",\"urlTemplate\":\"https:\\\/\\\/www.feyalegria.org\\\/paraguay\\\/?s={search_term_string}\"},\"query-input\":{\"@type\":\"PropertyValueSpecification\",\"valueRequired\":true,\"valueName\":\"search_term_string\"}}],\"inLanguage\":\"es\"}]}<\/script>\n<!-- \/ Yoast SEO plugin. -->","yoast_head_json":{"title":"Bachilleres t\u00e9cnicos agropecuarios competentes e innovadores capaces de aumentar la productividad agropecuaria - #SomosFeyAlegria en Paraguay","robots":{"index":"index","follow":"follow","max-snippet":"max-snippet:-1","max-image-preview":"max-image-preview:large","max-video-preview":"max-video-preview:-1"},"canonical":"https:\/\/www.feyalegria.org\/paraguay\/bachilleres-tecnicos-agropecuarios-competentes-e-innovadores-capaces-de-aumentar-la-productividad-agropecuaria\/","og_locale":"es_ES","og_type":"article","og_title":"Bachilleres t\u00e9cnicos agropecuarios competentes e innovadores capaces de aumentar la productividad agropecuaria - #SomosFeyAlegria en Paraguay","og_description":"[vc_row][vc_column][vc_column_text] Bachilleres t\u00e9cnicos agropecuarios competentes e innovadores capaces de aumentar la productividad agropecuaria [\/vc_column_text][vc_column_text]El proyecto busca dar continuidad a la formaci\u00f3n de los estudiantes que cursan el bachillerato t\u00e9cnico agropecuario de los tres centros agropecuarios, que cuenta actualmente la Asociaci\u00f3n de Fe y Alegr\u00eda, con la finalidad, de desarrollar capacidades\/habilidades del alumnado al uso de","og_url":"https:\/\/www.feyalegria.org\/paraguay\/bachilleres-tecnicos-agropecuarios-competentes-e-innovadores-capaces-de-aumentar-la-productividad-agropecuaria\/","og_site_name":"#SomosFeyAlegria en Paraguay","article_modified_time":"2023-02-03T13:41:02+00:00","twitter_card":"summary_large_image","twitter_misc":{"Tiempo de lectura":"2 minutos"},"schema":{"@context":"https:\/\/schema.org","@graph":[{"@type":"WebPage","@id":"https:\/\/www.feyalegria.org\/paraguay\/bachilleres-tecnicos-agropecuarios-competentes-e-innovadores-capaces-de-aumentar-la-productividad-agropecuaria\/","url":"https:\/\/www.feyalegria.org\/paraguay\/bachilleres-tecnicos-agropecuarios-competentes-e-innovadores-capaces-de-aumentar-la-productividad-agropecuaria\/","name":"Bachilleres t\u00e9cnicos agropecuarios competentes e innovadores capaces de aumentar la productividad agropecuaria - #SomosFeyAlegria en Paraguay","isPartOf":{"@id":"https:\/\/www.feyalegria.org\/paraguay\/#website"},"datePublished":"2022-10-26T19:49:59+00:00","dateModified":"2023-02-03T13:41:02+00:00","breadcrumb":{"@id":"https:\/\/www.feyalegria.org\/paraguay\/bachilleres-tecnicos-agropecuarios-competentes-e-innovadores-capaces-de-aumentar-la-productividad-agropecuaria\/#breadcrumb"},"inLanguage":"es","potentialAction":[{"@type":"ReadAction","target":["https:\/\/www.feyalegria.org\/paraguay\/bachilleres-tecnicos-agropecuarios-competentes-e-innovadores-capaces-de-aumentar-la-productividad-agropecuaria\/"]}]},{"@type":"BreadcrumbList","@id":"https:\/\/www.feyalegria.org\/paraguay\/bachilleres-tecnicos-agropecuarios-competentes-e-innovadores-capaces-de-aumentar-la-productividad-agropecuaria\/#breadcrumb","itemListElement":[{"@type":"ListItem","position":1,"name":"Home","item":"https:\/\/www.feyalegria.org\/paraguay\/"},{"@type":"ListItem","position":2,"name":"Bachilleres t\u00e9cnicos agropecuarios competentes e innovadores capaces de aumentar la productividad agropecuaria"}]},{"@type":"WebSite","@id":"https:\/\/www.feyalegria.org\/paraguay\/#website","url":"https:\/\/www.feyalegria.org\/paraguay\/","name":"#SomosFeyAlegria en Paraguay","description":"Movimiento de Educaci\u00f3n Popular y Promoci\u00f3n Social","potentialAction":[{"@type":"SearchAction","target":{"@type":"EntryPoint","urlTemplate":"https:\/\/www.feyalegria.org\/paraguay\/?s={search_term_string}"},"query-input":{"@type":"PropertyValueSpecification","valueRequired":true,"valueName":"search_term_string"}}],"inLanguage":"es"}]}},"_links":{"self":[{"href":"https:\/\/www.feyalegria.org\/paraguay\/wp-json\/wp\/v2\/pages\/2508","targetHints":{"allow":["GET"]}}],"collection":[{"href":"https:\/\/www.feyalegria.org\/paraguay\/wp-json\/wp\/v2\/pages"}],"about":[{"href":"https:\/\/www.feyalegria.org\/paraguay\/wp-json\/wp\/v2\/types\/page"}],"author":[{"embeddable":true,"href":"https:\/\/www.feyalegria.org\/paraguay\/wp-json\/wp\/v2\/users\/2"}],"replies":[{"embeddable":true,"href":"https:\/\/www.feyalegria.org\/paraguay\/wp-json\/wp\/v2\/comments?post=2508"}],"version-history":[{"count":0,"href":"https:\/\/www.feyalegria.org\/paraguay\/wp-json\/wp\/v2\/pages\/2508\/revisions"}],"wp:attachment":[{"href":"https:\/\/www.feyalegria.org\/paraguay\/wp-json\/wp\/v2\/media?parent=2508"}],"wp:term":[{"taxonomy":"folder","embeddable":true,"href":"https:\/\/www.feyalegria.org\/paraguay\/wp-json\/wp\/v2\/folder?post=2508"}],"curies":[{"name":"wp","href":"https:\/\/api.w.org\/{rel}","templated":true}]}}